{"id":740,"date":"2023-09-01T06:43:31","date_gmt":"2023-09-01T06:43:31","guid":{"rendered":"https:\/\/exceladvisor.org\/pt\/erro-de-automacao-440\/"},"modified":"2023-12-06T11:36:29","modified_gmt":"2023-12-06T11:36:29","slug":"erro-de-automacao-440","status":"publish","type":"page","link":"https:\/\/exceladvisor.org\/pt\/erro-de-automacao-440\/","title":{"rendered":"Como corrigir erro de automa\u00e7\u00e3o vba?"},"content":{"rendered":"<div class=\"excel-before-content-2\" id=\"excel-369435693\"><script type=\"text\/javascript\">\r\n\tatOptions = {\r\n\t\t'key' : 'c1158f160081d6540a8409e6925dab94',\r\n\t\t'format' : 'iframe',\r\n\t\t'height' : 250,\r\n\t\t'width' : 300,\r\n\t\t'params' : {}\r\n\t};\r\n<\/script>\r\n<script type=\"text\/javascript\" src=\"\/\/www.highperformanceformat.com\/c1158f160081d6540a8409e6925dab94\/invoke.js\"><\/script><\/div><div class=\"excel-before-content\" id=\"excel-3181245281\"><script type=\"text\/javascript\">\r\n\tatOptions = {\r\n\t\t'key' : 'c1158f160081d6540a8409e6925dab94',\r\n\t\t'format' : 'iframe',\r\n\t\t'height' : 250,\r\n\t\t'width' : 300,\r\n\t\t'params' : {}\r\n\t};\r\n<\/script>\r\n<script type=\"text\/javascript\" src=\"\/\/www.highperformanceformat.com\/c1158f160081d6540a8409e6925dab94\/invoke.js\"><\/script><\/div> <p>No VBA, o erro de automa\u00e7\u00e3o (440) ocorre quando voc\u00ea tenta acessar objetos de automa\u00e7\u00e3o (objetos usados por outros aplicativos ou ferramentas de programa\u00e7\u00e3o). Este \u00e9 um erro de tempo de execu\u00e7\u00e3o que pode ocorrer durante a execu\u00e7\u00e3o do c\u00f3digo. Como diz a Microsoft, pode haver os seguintes motivos que podem causar a ocorr\u00eancia desse erro:<\/p><ol type=\"1\"><li> Quando voc\u00ea permite que um aplicativo acesse um objeto do Excel ou cria um objeto que pode ser usado com o Excel ao usar um m\u00e9todo ou propriedade com esse objeto, esse erro pode ocorrer.<\/li><li> Ou voc\u00ea est\u00e1 tentando usar um erro que foi bloqueado ou desabilitado pelo administrador do sistema.<\/li><\/ol><h2 class=\"wp-block-heading\"> <strong>Como lidar com um erro de automa\u00e7\u00e3o<\/strong><\/h2><p> A melhor maneira de lidar com o erro de automa\u00e7\u00e3o \u00e9 usar a instru\u00e7\u00e3o &#8220;On Error Resume Next&#8221;, que passa para a pr\u00f3xima linha de c\u00f3digo, independentemente do erro. Voc\u00ea tamb\u00e9m pode usar o objeto Err para obter informa\u00e7\u00f5es sobre a origem e a natureza do erro.<\/p><div class=\"gb-container gb-container-4db6181c gb-container-mt\"> <a class=\"gb-button gb-button-c5897111 gb-button-text gb-button-mt-button\" href=\"https:\/\/exceladvisor.org\/pt\/vba\/\">O que \u00e9 VBA<\/a><h2 class=\"gb-headline gb-headline-665e5f6b gb-headline-text gb-headline-mt-heading\"> Tutoriais relacionados <\/h2><div class=\"gb-grid-wrapper gb-grid-wrapper-a20baf7c gb-grid-wrapper-mt-grid\"><div class=\"gb-grid-column gb-grid-column-65ddf67e\"><div class=\"gb-container gb-container-65ddf67e\"><ul><li> <a href=\"https:\/\/exceladvisor.org\/pt\/erro-de-automacao-440\/\">Erro de automa\u00e7\u00e3o VBA (Erro 440)<\/a><\/li><li> <a href=\"https:\/\/exceladvisor.org\/pt\/erro-400\/\">Erro VBA 400<\/a><\/li><li> <a href=\"https:\/\/exceladvisor.org\/pt\/chamada-de-procedimento-invalida-ou-erro-de-argumento-5\/\">Chamada de procedimento VBA inv\u00e1lida ou erro de argumento (Erro 5)<\/a><\/li><li> <a href=\"https:\/\/exceladvisor.org\/pt\/objeto-nao-suporta-esta-propriedade-ou-metodo-erro-438\/\">O objeto VBA n\u00e3o suporta esta propriedade ou erro de m\u00e9todo (Erro 438)<\/a><\/li><li> <a href=\"https:\/\/exceladvisor.org\/pt\/objeto-necessario-erro-424\/\">Erro obrigat\u00f3rio de objeto VBA (Erro 424)<\/a> <\/li><\/ul><\/div><\/div><div class=\"gb-grid-column gb-grid-column-50067b57\"><div class=\"gb-container gb-container-50067b57\"><\/div><\/div><\/div><\/div>","protected":false},"excerpt":{"rendered":"","protected":false},"author":1,"featured_media":0,"parent":0,"menu_order":0,"comment_status":"open","ping_status":"closed","template":"","meta":{"ub_ctt_via":"","footnotes":""},"class_list":["post-740","page","type-page","status-publish","hentry"],"featured_image_src":null,"yoast_head":"<!-- This site is optimized with the Yoast SEO plugin v25.4 - https:\/\/yoast.com\/wordpress\/plugins\/seo\/ -->\n<title>\u25b7 Como corrigir erro de automa\u00e7\u00e3o VBA (Erro 440)?<\/title>\n<meta name=\"description\" content=\"Neste tutorial, voc\u00ea aprender\u00e1 por que ocorre o erro de automa\u00e7\u00e3o (erro 440) e como lidar com ele ao escrever um\" \/>\n<meta name=\"robots\" content=\"index, follow, max-snippet:-1, max-image-preview:large, max-video-preview:-1\" \/>\n<link rel=\"canonical\" href=\"https:\/\/exceladvisor.org\/pt\/erro-de-automacao-440\/\" \/>\n<meta property=\"og:locale\" content=\"pt_PT\" \/>\n<meta property=\"og:type\" content=\"article\" \/>\n<meta property=\"og:title\" content=\"\u25b7 Como corrigir erro de automa\u00e7\u00e3o VBA (Erro 440)?\" \/>\n<meta property=\"og:description\" content=\"Neste tutorial, voc\u00ea aprender\u00e1 por que ocorre o erro de automa\u00e7\u00e3o (erro 440) e como lidar com ele ao escrever um\" \/>\n<meta property=\"og:url\" content=\"https:\/\/exceladvisor.org\/pt\/erro-de-automacao-440\/\" \/>\n<meta property=\"og:site_name\" content=\"Excel Advisor\" \/>\n<meta property=\"article:modified_time\" content=\"2023-12-06T11:36:29+00:00\" \/>\n<meta name=\"twitter:card\" content=\"summary_large_image\" \/>\n<meta name=\"twitter:label1\" content=\"Tempo estimado de leitura\" \/>\n\t<meta name=\"twitter:data1\" content=\"1 minuto\" \/>\n<script type=\"application\/ld+json\" class=\"yoast-schema-graph\">{\"@context\":\"https:\/\/schema.org\",\"@graph\":[{\"@type\":\"WebPage\",\"@id\":\"https:\/\/exceladvisor.org\/pt\/erro-de-automacao-440\/\",\"url\":\"https:\/\/exceladvisor.org\/pt\/erro-de-automacao-440\/\",\"name\":\"\u25b7 Como corrigir erro de automa\u00e7\u00e3o VBA (Erro 440)?\",\"isPartOf\":{\"@id\":\"https:\/\/exceladvisor.org\/pt\/#website\"},\"datePublished\":\"2023-09-01T06:43:31+00:00\",\"dateModified\":\"2023-12-06T11:36:29+00:00\",\"description\":\"Neste tutorial, voc\u00ea aprender\u00e1 por que ocorre o erro de automa\u00e7\u00e3o (erro 440) e como lidar com ele ao escrever um\",\"breadcrumb\":{\"@id\":\"https:\/\/exceladvisor.org\/pt\/erro-de-automacao-440\/#breadcrumb\"},\"inLanguage\":\"pt-PT\",\"potentialAction\":[{\"@type\":\"ReadAction\",\"target\":[\"https:\/\/exceladvisor.org\/pt\/erro-de-automacao-440\/\"]}]},{\"@type\":\"BreadcrumbList\",\"@id\":\"https:\/\/exceladvisor.org\/pt\/erro-de-automacao-440\/#breadcrumb\",\"itemListElement\":[{\"@type\":\"ListItem\",\"position\":1,\"name\":\"Lar\",\"item\":\"https:\/\/exceladvisor.org\/pt\/\"},{\"@type\":\"ListItem\",\"position\":2,\"name\":\"Como corrigir erro de automa\u00e7\u00e3o vba?\"}]},{\"@type\":\"WebSite\",\"@id\":\"https:\/\/exceladvisor.org\/pt\/#website\",\"url\":\"https:\/\/exceladvisor.org\/pt\/\",\"name\":\"Excel Advisor\",\"description\":\"O seu guia definitivo para dominar os dados!\",\"publisher\":{\"@id\":\"https:\/\/exceladvisor.org\/pt\/#organization\"},\"potentialAction\":[{\"@type\":\"SearchAction\",\"target\":{\"@type\":\"EntryPoint\",\"urlTemplate\":\"https:\/\/exceladvisor.org\/pt\/?s={search_term_string}\"},\"query-input\":{\"@type\":\"PropertyValueSpecification\",\"valueRequired\":true,\"valueName\":\"search_term_string\"}}],\"inLanguage\":\"pt-PT\"},{\"@type\":\"Organization\",\"@id\":\"https:\/\/exceladvisor.org\/pt\/#organization\",\"name\":\"Excel Advisor\",\"url\":\"https:\/\/exceladvisor.org\/pt\/\",\"logo\":{\"@type\":\"ImageObject\",\"inLanguage\":\"pt-PT\",\"@id\":\"https:\/\/exceladvisor.org\/pt\/#\/schema\/logo\/image\/\",\"url\":\"https:\/\/exceladvisor.org\/pt\/wp-content\/uploads\/2023\/12\/exceladvisor.org_.png\",\"contentUrl\":\"https:\/\/exceladvisor.org\/pt\/wp-content\/uploads\/2023\/12\/exceladvisor.org_.png\",\"width\":105,\"height\":36,\"caption\":\"Excel Advisor\"},\"image\":{\"@id\":\"https:\/\/exceladvisor.org\/pt\/#\/schema\/logo\/image\/\"}}]}<\/script>\n<!-- \/ Yoast SEO plugin. -->","yoast_head_json":{"title":"\u25b7 Como corrigir erro de automa\u00e7\u00e3o VBA (Erro 440)?","description":"Neste tutorial, voc\u00ea aprender\u00e1 por que ocorre o erro de automa\u00e7\u00e3o (erro 440) e como lidar com ele ao escrever um","robots":{"index":"index","follow":"follow","max-snippet":"max-snippet:-1","max-image-preview":"max-image-preview:large","max-video-preview":"max-video-preview:-1"},"canonical":"https:\/\/exceladvisor.org\/pt\/erro-de-automacao-440\/","og_locale":"pt_PT","og_type":"article","og_title":"\u25b7 Como corrigir erro de automa\u00e7\u00e3o VBA (Erro 440)?","og_description":"Neste tutorial, voc\u00ea aprender\u00e1 por que ocorre o erro de automa\u00e7\u00e3o (erro 440) e como lidar com ele ao escrever um","og_url":"https:\/\/exceladvisor.org\/pt\/erro-de-automacao-440\/","og_site_name":"Excel Advisor","article_modified_time":"2023-12-06T11:36:29+00:00","twitter_card":"summary_large_image","twitter_misc":{"Tempo estimado de leitura":"1 minuto"},"schema":{"@context":"https:\/\/schema.org","@graph":[{"@type":"WebPage","@id":"https:\/\/exceladvisor.org\/pt\/erro-de-automacao-440\/","url":"https:\/\/exceladvisor.org\/pt\/erro-de-automacao-440\/","name":"\u25b7 Como corrigir erro de automa\u00e7\u00e3o VBA (Erro 440)?","isPartOf":{"@id":"https:\/\/exceladvisor.org\/pt\/#website"},"datePublished":"2023-09-01T06:43:31+00:00","dateModified":"2023-12-06T11:36:29+00:00","description":"Neste tutorial, voc\u00ea aprender\u00e1 por que ocorre o erro de automa\u00e7\u00e3o (erro 440) e como lidar com ele ao escrever um","breadcrumb":{"@id":"https:\/\/exceladvisor.org\/pt\/erro-de-automacao-440\/#breadcrumb"},"inLanguage":"pt-PT","potentialAction":[{"@type":"ReadAction","target":["https:\/\/exceladvisor.org\/pt\/erro-de-automacao-440\/"]}]},{"@type":"BreadcrumbList","@id":"https:\/\/exceladvisor.org\/pt\/erro-de-automacao-440\/#breadcrumb","itemListElement":[{"@type":"ListItem","position":1,"name":"Lar","item":"https:\/\/exceladvisor.org\/pt\/"},{"@type":"ListItem","position":2,"name":"Como corrigir erro de automa\u00e7\u00e3o vba?"}]},{"@type":"WebSite","@id":"https:\/\/exceladvisor.org\/pt\/#website","url":"https:\/\/exceladvisor.org\/pt\/","name":"Excel Advisor","description":"O seu guia definitivo para dominar os dados!","publisher":{"@id":"https:\/\/exceladvisor.org\/pt\/#organization"},"potentialAction":[{"@type":"SearchAction","target":{"@type":"EntryPoint","urlTemplate":"https:\/\/exceladvisor.org\/pt\/?s={search_term_string}"},"query-input":{"@type":"PropertyValueSpecification","valueRequired":true,"valueName":"search_term_string"}}],"inLanguage":"pt-PT"},{"@type":"Organization","@id":"https:\/\/exceladvisor.org\/pt\/#organization","name":"Excel Advisor","url":"https:\/\/exceladvisor.org\/pt\/","logo":{"@type":"ImageObject","inLanguage":"pt-PT","@id":"https:\/\/exceladvisor.org\/pt\/#\/schema\/logo\/image\/","url":"https:\/\/exceladvisor.org\/pt\/wp-content\/uploads\/2023\/12\/exceladvisor.org_.png","contentUrl":"https:\/\/exceladvisor.org\/pt\/wp-content\/uploads\/2023\/12\/exceladvisor.org_.png","width":105,"height":36,"caption":"Excel Advisor"},"image":{"@id":"https:\/\/exceladvisor.org\/pt\/#\/schema\/logo\/image\/"}}]}},"yoast_meta":{"yoast_wpseo_title":"","yoast_wpseo_metadesc":"","yoast_wpseo_canonical":""},"_links":{"self":[{"href":"https:\/\/exceladvisor.org\/pt\/wp-json\/wp\/v2\/pages\/740","targetHints":{"allow":["GET"]}}],"collection":[{"href":"https:\/\/exceladvisor.org\/pt\/wp-json\/wp\/v2\/pages"}],"about":[{"href":"https:\/\/exceladvisor.org\/pt\/wp-json\/wp\/v2\/types\/page"}],"author":[{"embeddable":true,"href":"https:\/\/exceladvisor.org\/pt\/wp-json\/wp\/v2\/users\/1"}],"replies":[{"embeddable":true,"href":"https:\/\/exceladvisor.org\/pt\/wp-json\/wp\/v2\/comments?post=740"}],"version-history":[{"count":1,"href":"https:\/\/exceladvisor.org\/pt\/wp-json\/wp\/v2\/pages\/740\/revisions"}],"predecessor-version":[{"id":960,"href":"https:\/\/exceladvisor.org\/pt\/wp-json\/wp\/v2\/pages\/740\/revisions\/960"}],"wp:attachment":[{"href":"https:\/\/exceladvisor.org\/pt\/wp-json\/wp\/v2\/media?parent=740"}],"curies":[{"name":"wp","href":"https:\/\/api.w.org\/{rel}","templated":true}]}}