{"id":741,"date":"2023-09-01T06:37:58","date_gmt":"2023-09-01T06:37:58","guid":{"rendered":"https:\/\/exceladvisor.org\/pt\/objeto-necessario-erro-424\/"},"modified":"2023-12-06T11:36:38","modified_gmt":"2023-12-06T11:36:38","slug":"objeto-necessario-erro-424","status":"publish","type":"page","link":"https:\/\/exceladvisor.org\/pt\/objeto-necessario-erro-424\/","title":{"rendered":"Como corrigir o erro necess\u00e1rio do objeto vba?"},"content":{"rendered":"<div class=\"excel-before-content-2\" id=\"excel-2161780708\"><script type=\"text\/javascript\">\r\n\tatOptions = {\r\n\t\t'key' : 'c1158f160081d6540a8409e6925dab94',\r\n\t\t'format' : 'iframe',\r\n\t\t'height' : 250,\r\n\t\t'width' : 300,\r\n\t\t'params' : {}\r\n\t};\r\n<\/script>\r\n<script type=\"text\/javascript\" src=\"\/\/www.highperformanceformat.com\/c1158f160081d6540a8409e6925dab94\/invoke.js\"><\/script><\/div><div class=\"excel-before-content\" id=\"excel-398233204\"><script type=\"text\/javascript\">\r\n\tatOptions = {\r\n\t\t'key' : 'c1158f160081d6540a8409e6925dab94',\r\n\t\t'format' : 'iframe',\r\n\t\t'height' : 250,\r\n\t\t'width' : 300,\r\n\t\t'params' : {}\r\n\t};\r\n<\/script>\r\n<script type=\"text\/javascript\" src=\"\/\/www.highperformanceformat.com\/c1158f160081d6540a8409e6925dab94\/invoke.js\"><\/script><\/div> <p>Quando o VBA n\u00e3o consegue reconhecer o objeto ao qual voc\u00ea est\u00e1 se referindo \u00e0 propriedade ou m\u00e9todo, ele exibe o erro Objeto Requerido. Em palavras simples, se voc\u00ea se refere a um objeto, mas o nome desse objeto n\u00e3o est\u00e1 correto (esse objeto n\u00e3o est\u00e1 na hierarquia de objetos do VBA), mostra o erro 424, como segue. <\/p><div class=\"wp-block-image\"><figure class=\"aligncenter size-large is-resized\"><img loading=\"lazy\" decoding=\"async\" class=\"wp-image-57075\" src=\"https:\/\/exceladvisor.org\/wp-content\/uploads\/2023\/08\/1-erreur-dobjet-vba-requise.png\" sizes=\"auto, \" srcset=\"\" alt=\"erro necess\u00e1rio do objeto vba\" width=\"593\" height=\"408\"><\/figure><\/div><p> No c\u00f3digo acima, como voc\u00ea pode ver, escrevi incorretamente o objeto da c\u00e9lula ativa e, quando o VBA executa esta linha de c\u00f3digo, esse objeto n\u00e3o pode ser usado porque n\u00e3o h\u00e1 nenhum objeto com esse nome (como escrevi incorretamente).<\/p><p class=\"qt-tip\"> <strong>Nota<\/strong> : Se voc\u00ea usou a instru\u00e7\u00e3o Option Explicit no m\u00f3dulo, receber\u00e1 um erro diferente (veja a imagem abaixo). <\/p><div class=\"wp-block-image\"><figure class=\"aligncenter size-large is-resized\"><img loading=\"lazy\" decoding=\"async\" class=\"wp-image-57076\" src=\"https:\/\/exceladvisor.org\/wp-content\/uploads\/2023\/08\/2-variables-non-definies.png\" sizes=\"auto, \" srcset=\"\" alt=\"\" width=\"481\" height=\"421\"><\/figure><\/div><h2 class=\"wp-block-heading\"> Usando a palavra-chave \u201cSet\u201d para uma vari\u00e1vel n\u00e3o-objeto<\/h2><p> Ao usar uma vari\u00e1vel para atribuir um objeto a ela, voc\u00ea deve usar a palavra-chave \u201cSet\u201d. No exemplo a seguir, voc\u00ea tem myWKS para a planilha e iVal para o valor na c\u00e9lula A1. <\/p><div class=\"wp-block-image\"><figure class=\"aligncenter size-large is-resized\"><img loading=\"lazy\" decoding=\"async\" class=\"wp-image-57077\" src=\"https:\/\/exceladvisor.org\/wp-content\/uploads\/2023\/08\/3-mot-cle-set-utilise-pour-une-variable-non-objet.png\" sizes=\"auto, \" srcset=\"\" alt=\"\" width=\"554\" height=\"485\"><\/figure><\/div><p> Como voc\u00ea pode ver, no c\u00f3digo acima voc\u00ea tem vari\u00e1veis, uma das quais \u00e9 declarada como um objeto de planilha e a segunda como uma string. Mas na hora de atribuir o valor, utilizamos a palavra-chave \u201cSet\u201d para a vari\u00e1vel \u201ciVal\u201d que n\u00e3o \u00e9 declarada como um objeto e sim como uma string.<\/p><h2 class=\"wp-block-heading\"> Como corrigir o objeto necess\u00e1rio (erro 424) no VBA<\/h2><ol type=\"1\"><li> V\u00e1 para o menu Debug do seu editor Visual Basic.<\/li><li> Use a etapa para executar todo o c\u00f3digo passo a passo.<\/li><li> No momento em que voc\u00ea chegar \u00e0 linha onde ocorreu um erro, o VBA mostrar\u00e1 um erro.<\/li><li> Corrija esta linha de c\u00f3digo. <\/li><\/ol><div class=\"wp-block-image\"><figure class=\"aligncenter size-large is-resized\"><img loading=\"lazy\" decoding=\"async\" class=\"wp-image-57078\" src=\"https:\/\/exceladvisor.org\/wp-content\/uploads\/2023\/08\/4-comment-reparer-object_required.png\" sizes=\"auto, \" srcset=\"\" alt=\"\" width=\"589\" height=\"338\"><\/figure><\/div><p> A outra maneira poderia ser percorrer o c\u00f3digo linha por linha, lendo-o para ter certeza de que voc\u00ea est\u00e1 se referindo aos objetos corretos e usando o nome correto de vari\u00e1veis e objetos.<\/p><p> Voc\u00ea tamb\u00e9m pode usar a instru\u00e7\u00e3o GOTO para superar um erro ou exibir uma mensagem aos usu\u00e1rios ap\u00f3s a ocorr\u00eancia de um erro.<\/p><div class=\"gb-container gb-container-4db6181c gb-container-mt\"> <a class=\"gb-button gb-button-c5897111 gb-button-text gb-button-mt-button\" href=\"https:\/\/exceladvisor.org\/pt\/vba\/\">O que \u00e9 VBA<\/a><h2 class=\"gb-headline gb-headline-665e5f6b gb-headline-text gb-headline-mt-heading\"> Tutoriais relacionados <\/h2><div class=\"gb-grid-wrapper gb-grid-wrapper-a20baf7c gb-grid-wrapper-mt-grid\"><div class=\"gb-grid-column gb-grid-column-65ddf67e\"><div class=\"gb-container gb-container-65ddf67e\"><ul><li> <a href=\"https:\/\/exceladvisor.org\/pt\/manipulacao-de-erros\/\">Tratamento de erros VBA<\/a><\/li><li> <a href=\"https:\/\/exceladvisor.org\/pt\/erro-de-automacao-440\/\">Erro de automa\u00e7\u00e3o VBA (Erro 440)<\/a><\/li><li> <a href=\"https:\/\/exceladvisor.org\/pt\/erro-400\/\">Erro VBA 400<\/a><\/li><li> <a href=\"https:\/\/exceladvisor.org\/pt\/chamada-de-procedimento-invalida-ou-erro-de-argumento-5\/\">Chamada de procedimento VBA inv\u00e1lida ou erro de argumento (Erro 5)<\/a><\/li><li> <a href=\"https:\/\/exceladvisor.org\/pt\/objeto-nao-suporta-esta-propriedade-ou-metodo-erro-438\/\">O objeto VBA n\u00e3o suporta esta propriedade ou erro de m\u00e9todo (Erro 438)<\/a> <\/li><\/ul><\/div><\/div><div class=\"gb-grid-column gb-grid-column-50067b57\"><div class=\"gb-container gb-container-50067b57\"><\/div><\/div><\/div><\/div>","protected":false},"excerpt":{"rendered":"","protected":false},"author":1,"featured_media":0,"parent":0,"menu_order":0,"comment_status":"open","ping_status":"closed","template":"","meta":{"ub_ctt_via":"","footnotes":""},"class_list":["post-741","page","type-page","status-publish","hentry"],"featured_image_src":null,"yoast_head":"<!-- This site is optimized with the Yoast SEO plugin v25.4 - https:\/\/yoast.com\/wordpress\/plugins\/seo\/ -->\n<title>Como corrigir o erro necess\u00e1rio do objeto VBA? (Erro 424)<\/title>\n<meta name=\"description\" content=\"Neste tutorial, voc\u00ea aprender\u00e1 por que o objeto necess\u00e1rio (erro 424) ocorre e como lidar com ele ao escrever c\u00f3digo VBA.\" \/>\n<meta name=\"robots\" content=\"index, follow, max-snippet:-1, max-image-preview:large, max-video-preview:-1\" \/>\n<link rel=\"canonical\" href=\"https:\/\/exceladvisor.org\/pt\/objeto-necessario-erro-424\/\" \/>\n<meta property=\"og:locale\" content=\"pt_PT\" \/>\n<meta property=\"og:type\" content=\"article\" \/>\n<meta property=\"og:title\" content=\"Como corrigir o erro necess\u00e1rio do objeto VBA? (Erro 424)\" \/>\n<meta property=\"og:description\" content=\"Neste tutorial, voc\u00ea aprender\u00e1 por que o objeto necess\u00e1rio (erro 424) ocorre e como lidar com ele ao escrever c\u00f3digo VBA.\" \/>\n<meta property=\"og:url\" content=\"https:\/\/exceladvisor.org\/pt\/objeto-necessario-erro-424\/\" \/>\n<meta property=\"og:site_name\" content=\"Excel Advisor\" \/>\n<meta property=\"article:modified_time\" content=\"2023-12-06T11:36:38+00:00\" \/>\n<meta property=\"og:image\" content=\"https:\/\/exceladvisor.org\/wp-content\/uploads\/2023\/08\/1-erreur-dobjet-vba-requise.png\" \/>\n<meta name=\"twitter:card\" content=\"summary_large_image\" \/>\n<meta name=\"twitter:label1\" content=\"Tempo estimado de leitura\" \/>\n\t<meta name=\"twitter:data1\" content=\"2 minutos\" \/>\n<script type=\"application\/ld+json\" class=\"yoast-schema-graph\">{\"@context\":\"https:\/\/schema.org\",\"@graph\":[{\"@type\":\"WebPage\",\"@id\":\"https:\/\/exceladvisor.org\/pt\/objeto-necessario-erro-424\/\",\"url\":\"https:\/\/exceladvisor.org\/pt\/objeto-necessario-erro-424\/\",\"name\":\"Como corrigir o erro necess\u00e1rio do objeto VBA? (Erro 424)\",\"isPartOf\":{\"@id\":\"https:\/\/exceladvisor.org\/pt\/#website\"},\"primaryImageOfPage\":{\"@id\":\"https:\/\/exceladvisor.org\/pt\/objeto-necessario-erro-424\/#primaryimage\"},\"image\":{\"@id\":\"https:\/\/exceladvisor.org\/pt\/objeto-necessario-erro-424\/#primaryimage\"},\"thumbnailUrl\":\"https:\/\/exceladvisor.org\/wp-content\/uploads\/2023\/08\/1-erreur-dobjet-vba-requise.png\",\"datePublished\":\"2023-09-01T06:37:58+00:00\",\"dateModified\":\"2023-12-06T11:36:38+00:00\",\"description\":\"Neste tutorial, voc\u00ea aprender\u00e1 por que o objeto necess\u00e1rio (erro 424) ocorre e como lidar com ele ao escrever c\u00f3digo VBA.\",\"breadcrumb\":{\"@id\":\"https:\/\/exceladvisor.org\/pt\/objeto-necessario-erro-424\/#breadcrumb\"},\"inLanguage\":\"pt-PT\",\"potentialAction\":[{\"@type\":\"ReadAction\",\"target\":[\"https:\/\/exceladvisor.org\/pt\/objeto-necessario-erro-424\/\"]}]},{\"@type\":\"ImageObject\",\"inLanguage\":\"pt-PT\",\"@id\":\"https:\/\/exceladvisor.org\/pt\/objeto-necessario-erro-424\/#primaryimage\",\"url\":\"https:\/\/exceladvisor.org\/wp-content\/uploads\/2023\/08\/1-erreur-dobjet-vba-requise.png\",\"contentUrl\":\"https:\/\/exceladvisor.org\/wp-content\/uploads\/2023\/08\/1-erreur-dobjet-vba-requise.png\"},{\"@type\":\"BreadcrumbList\",\"@id\":\"https:\/\/exceladvisor.org\/pt\/objeto-necessario-erro-424\/#breadcrumb\",\"itemListElement\":[{\"@type\":\"ListItem\",\"position\":1,\"name\":\"Lar\",\"item\":\"https:\/\/exceladvisor.org\/pt\/\"},{\"@type\":\"ListItem\",\"position\":2,\"name\":\"Como corrigir o erro necess\u00e1rio do objeto vba?\"}]},{\"@type\":\"WebSite\",\"@id\":\"https:\/\/exceladvisor.org\/pt\/#website\",\"url\":\"https:\/\/exceladvisor.org\/pt\/\",\"name\":\"Excel Advisor\",\"description\":\"O seu guia definitivo para dominar os dados!\",\"publisher\":{\"@id\":\"https:\/\/exceladvisor.org\/pt\/#organization\"},\"potentialAction\":[{\"@type\":\"SearchAction\",\"target\":{\"@type\":\"EntryPoint\",\"urlTemplate\":\"https:\/\/exceladvisor.org\/pt\/?s={search_term_string}\"},\"query-input\":{\"@type\":\"PropertyValueSpecification\",\"valueRequired\":true,\"valueName\":\"search_term_string\"}}],\"inLanguage\":\"pt-PT\"},{\"@type\":\"Organization\",\"@id\":\"https:\/\/exceladvisor.org\/pt\/#organization\",\"name\":\"Excel Advisor\",\"url\":\"https:\/\/exceladvisor.org\/pt\/\",\"logo\":{\"@type\":\"ImageObject\",\"inLanguage\":\"pt-PT\",\"@id\":\"https:\/\/exceladvisor.org\/pt\/#\/schema\/logo\/image\/\",\"url\":\"https:\/\/exceladvisor.org\/pt\/wp-content\/uploads\/2023\/12\/exceladvisor.org_.png\",\"contentUrl\":\"https:\/\/exceladvisor.org\/pt\/wp-content\/uploads\/2023\/12\/exceladvisor.org_.png\",\"width\":105,\"height\":36,\"caption\":\"Excel Advisor\"},\"image\":{\"@id\":\"https:\/\/exceladvisor.org\/pt\/#\/schema\/logo\/image\/\"}}]}<\/script>\n<!-- \/ Yoast SEO plugin. -->","yoast_head_json":{"title":"Como corrigir o erro necess\u00e1rio do objeto VBA? (Erro 424)","description":"Neste tutorial, voc\u00ea aprender\u00e1 por que o objeto necess\u00e1rio (erro 424) ocorre e como lidar com ele ao escrever c\u00f3digo VBA.","robots":{"index":"index","follow":"follow","max-snippet":"max-snippet:-1","max-image-preview":"max-image-preview:large","max-video-preview":"max-video-preview:-1"},"canonical":"https:\/\/exceladvisor.org\/pt\/objeto-necessario-erro-424\/","og_locale":"pt_PT","og_type":"article","og_title":"Como corrigir o erro necess\u00e1rio do objeto VBA? (Erro 424)","og_description":"Neste tutorial, voc\u00ea aprender\u00e1 por que o objeto necess\u00e1rio (erro 424) ocorre e como lidar com ele ao escrever c\u00f3digo VBA.","og_url":"https:\/\/exceladvisor.org\/pt\/objeto-necessario-erro-424\/","og_site_name":"Excel Advisor","article_modified_time":"2023-12-06T11:36:38+00:00","og_image":[{"url":"https:\/\/exceladvisor.org\/wp-content\/uploads\/2023\/08\/1-erreur-dobjet-vba-requise.png","type":"","width":"","height":""}],"twitter_card":"summary_large_image","twitter_misc":{"Tempo estimado de leitura":"2 minutos"},"schema":{"@context":"https:\/\/schema.org","@graph":[{"@type":"WebPage","@id":"https:\/\/exceladvisor.org\/pt\/objeto-necessario-erro-424\/","url":"https:\/\/exceladvisor.org\/pt\/objeto-necessario-erro-424\/","name":"Como corrigir o erro necess\u00e1rio do objeto VBA? (Erro 424)","isPartOf":{"@id":"https:\/\/exceladvisor.org\/pt\/#website"},"primaryImageOfPage":{"@id":"https:\/\/exceladvisor.org\/pt\/objeto-necessario-erro-424\/#primaryimage"},"image":{"@id":"https:\/\/exceladvisor.org\/pt\/objeto-necessario-erro-424\/#primaryimage"},"thumbnailUrl":"https:\/\/exceladvisor.org\/wp-content\/uploads\/2023\/08\/1-erreur-dobjet-vba-requise.png","datePublished":"2023-09-01T06:37:58+00:00","dateModified":"2023-12-06T11:36:38+00:00","description":"Neste tutorial, voc\u00ea aprender\u00e1 por que o objeto necess\u00e1rio (erro 424) ocorre e como lidar com ele ao escrever c\u00f3digo VBA.","breadcrumb":{"@id":"https:\/\/exceladvisor.org\/pt\/objeto-necessario-erro-424\/#breadcrumb"},"inLanguage":"pt-PT","potentialAction":[{"@type":"ReadAction","target":["https:\/\/exceladvisor.org\/pt\/objeto-necessario-erro-424\/"]}]},{"@type":"ImageObject","inLanguage":"pt-PT","@id":"https:\/\/exceladvisor.org\/pt\/objeto-necessario-erro-424\/#primaryimage","url":"https:\/\/exceladvisor.org\/wp-content\/uploads\/2023\/08\/1-erreur-dobjet-vba-requise.png","contentUrl":"https:\/\/exceladvisor.org\/wp-content\/uploads\/2023\/08\/1-erreur-dobjet-vba-requise.png"},{"@type":"BreadcrumbList","@id":"https:\/\/exceladvisor.org\/pt\/objeto-necessario-erro-424\/#breadcrumb","itemListElement":[{"@type":"ListItem","position":1,"name":"Lar","item":"https:\/\/exceladvisor.org\/pt\/"},{"@type":"ListItem","position":2,"name":"Como corrigir o erro necess\u00e1rio do objeto vba?"}]},{"@type":"WebSite","@id":"https:\/\/exceladvisor.org\/pt\/#website","url":"https:\/\/exceladvisor.org\/pt\/","name":"Excel Advisor","description":"O seu guia definitivo para dominar os dados!","publisher":{"@id":"https:\/\/exceladvisor.org\/pt\/#organization"},"potentialAction":[{"@type":"SearchAction","target":{"@type":"EntryPoint","urlTemplate":"https:\/\/exceladvisor.org\/pt\/?s={search_term_string}"},"query-input":{"@type":"PropertyValueSpecification","valueRequired":true,"valueName":"search_term_string"}}],"inLanguage":"pt-PT"},{"@type":"Organization","@id":"https:\/\/exceladvisor.org\/pt\/#organization","name":"Excel Advisor","url":"https:\/\/exceladvisor.org\/pt\/","logo":{"@type":"ImageObject","inLanguage":"pt-PT","@id":"https:\/\/exceladvisor.org\/pt\/#\/schema\/logo\/image\/","url":"https:\/\/exceladvisor.org\/pt\/wp-content\/uploads\/2023\/12\/exceladvisor.org_.png","contentUrl":"https:\/\/exceladvisor.org\/pt\/wp-content\/uploads\/2023\/12\/exceladvisor.org_.png","width":105,"height":36,"caption":"Excel Advisor"},"image":{"@id":"https:\/\/exceladvisor.org\/pt\/#\/schema\/logo\/image\/"}}]}},"yoast_meta":{"yoast_wpseo_title":"","yoast_wpseo_metadesc":"","yoast_wpseo_canonical":""},"_links":{"self":[{"href":"https:\/\/exceladvisor.org\/pt\/wp-json\/wp\/v2\/pages\/741","targetHints":{"allow":["GET"]}}],"collection":[{"href":"https:\/\/exceladvisor.org\/pt\/wp-json\/wp\/v2\/pages"}],"about":[{"href":"https:\/\/exceladvisor.org\/pt\/wp-json\/wp\/v2\/types\/page"}],"author":[{"embeddable":true,"href":"https:\/\/exceladvisor.org\/pt\/wp-json\/wp\/v2\/users\/1"}],"replies":[{"embeddable":true,"href":"https:\/\/exceladvisor.org\/pt\/wp-json\/wp\/v2\/comments?post=741"}],"version-history":[{"count":1,"href":"https:\/\/exceladvisor.org\/pt\/wp-json\/wp\/v2\/pages\/741\/revisions"}],"predecessor-version":[{"id":973,"href":"https:\/\/exceladvisor.org\/pt\/wp-json\/wp\/v2\/pages\/741\/revisions\/973"}],"wp:attachment":[{"href":"https:\/\/exceladvisor.org\/pt\/wp-json\/wp\/v2\/media?parent=741"}],"curies":[{"name":"wp","href":"https:\/\/api.w.org\/{rel}","templated":true}]}}