{"id":742,"date":"2023-09-01T06:13:21","date_gmt":"2023-09-01T06:13:21","guid":{"rendered":"https:\/\/exceladvisor.org\/pt\/erro-de-falta-de-memoria-7\/"},"modified":"2023-12-06T11:36:31","modified_gmt":"2023-12-06T11:36:31","slug":"erro-de-falta-de-memoria-7","status":"publish","type":"page","link":"https:\/\/exceladvisor.org\/pt\/erro-de-falta-de-memoria-7\/","title":{"rendered":"Como corrigir erro de falta de mem\u00f3ria do vba?"},"content":{"rendered":"<div class=\"excel-before-content-2\" id=\"excel-2085888036\"><script type=\"text\/javascript\">\r\n\tatOptions = {\r\n\t\t'key' : 'c1158f160081d6540a8409e6925dab94',\r\n\t\t'format' : 'iframe',\r\n\t\t'height' : 250,\r\n\t\t'width' : 300,\r\n\t\t'params' : {}\r\n\t};\r\n<\/script>\r\n<script type=\"text\/javascript\" src=\"\/\/www.highperformanceformat.com\/c1158f160081d6540a8409e6925dab94\/invoke.js\"><\/script><\/div><div class=\"excel-before-content\" id=\"excel-113887096\"><script type=\"text\/javascript\">\r\n\tatOptions = {\r\n\t\t'key' : 'c1158f160081d6540a8409e6925dab94',\r\n\t\t'format' : 'iframe',\r\n\t\t'height' : 250,\r\n\t\t'width' : 300,\r\n\t\t'params' : {}\r\n\t};\r\n<\/script>\r\n<script type=\"text\/javascript\" src=\"\/\/www.highperformanceformat.com\/c1158f160081d6540a8409e6925dab94\/invoke.js\"><\/script><\/div> <p>O erro 7 do VBA (falta de mem\u00f3ria) ocorre quando o sistema fica sem recursos para salvar o Excel para executar a macro. Quando voc\u00ea abre um aplicativo em seu sistema que consome parte dos recursos e voc\u00ea tem que tentar executar uma macro e o recurso que voc\u00ea possui n\u00e3o \u00e9 suficiente, voc\u00ea obt\u00e9m o erro 7.<\/p><p> Al\u00e9m disso, h\u00e1 algumas coisas que voc\u00ea precisa verificar ao encontrar esse erro (falta de mem\u00f3ria).<\/p><ol type=\"1\"><li> Como eu disse, voc\u00ea pode ter muitos aplicativos em execu\u00e7\u00e3o, fazendo com que o sistema funcione na mem\u00f3ria. Voc\u00ea pode fechar todos os aplicativos desnecess\u00e1rios.<\/li><li> Voc\u00ea tem muitos c\u00f3digos longos no mesmo m\u00f3dulo. Voc\u00ea pode tentar usar m\u00f3dulos diferentes para todos esses c\u00f3digos.<\/li><li> O Windows est\u00e1 ficando sem mem\u00f3ria virtual.<\/li><\/ol><p> Abaixo, compartilhei alguns links que podem ajud\u00e1-lo a lidar com esse erro.<\/p><ul><li> <a href=\"https:\/\/stackoverflow.com\/questions\/18277514\/run-time-error-7-out-of-memory\" target=\"_blank\" rel=\"noreferrer noopener nofollow\">StackOverflow<\/a><\/li><li> <a href=\"https:\/\/www.mrexcel.com\/board\/threads\/excel-vba-run-time-error-7-out-of-memory.999073\/\" target=\"_blank\" rel=\"noreferrer noopener nofollow\">Senhor Excel<\/a><\/li><li> <a href=\"https:\/\/stackoverflow.com\/questions\/14396998\/how-to-clear-memory-to-prevent-out-of-memory-error-in-excel-vba\" target=\"_blank\" rel=\"noreferrer noopener nofollow\">Limpar mem\u00f3ria<\/a><\/li><\/ul><div class=\"gb-container gb-container-4db6181c gb-container-mt\"> <a class=\"gb-button gb-button-c5897111 gb-button-text gb-button-mt-button\" href=\"https:\/\/exceladvisor.org\/pt\/vba\/\">O que \u00e9 VBA<\/a><h2 class=\"gb-headline gb-headline-665e5f6b gb-headline-text gb-headline-mt-heading\"> Tutoriais relacionados <\/h2><div class=\"gb-grid-wrapper gb-grid-wrapper-a20baf7c gb-grid-wrapper-mt-grid\"><div class=\"gb-grid-column gb-grid-column-65ddf67e\"><div class=\"gb-container gb-container-65ddf67e\"><ul><li> <a href=\"https:\/\/exceladvisor.org\/pt\/manipulacao-de-erros\/\">Tratamento de erros VBA<\/a><\/li><li> <a href=\"https:\/\/exceladvisor.org\/pt\/erro-de-automacao-440\/\">Erro de automa\u00e7\u00e3o VBA (Erro 440)<\/a><\/li><li> <a href=\"https:\/\/exceladvisor.org\/pt\/erro-400\/\">Erro VBA 400<\/a><\/li><li> <a href=\"https:\/\/exceladvisor.org\/pt\/chamada-de-procedimento-invalida-ou-erro-de-argumento-5\/\">Chamada de procedimento VBA inv\u00e1lida ou erro de argumento (Erro 5)<\/a><\/li><li> <a href=\"https:\/\/exceladvisor.org\/pt\/objeto-nao-suporta-esta-propriedade-ou-metodo-erro-438\/\">O objeto VBA n\u00e3o suporta esta propriedade ou erro de m\u00e9todo (Erro 438)<\/a> <\/li><\/ul><\/div><\/div><div class=\"gb-grid-column gb-grid-column-50067b57\"><div class=\"gb-container gb-container-50067b57\"><\/div><\/div><\/div><\/div>","protected":false},"excerpt":{"rendered":"","protected":false},"author":1,"featured_media":0,"parent":0,"menu_order":0,"comment_status":"open","ping_status":"closed","template":"","meta":{"ub_ctt_via":"","footnotes":""},"class_list":["post-742","page","type-page","status-publish","hentry"],"featured_image_src":null,"yoast_head":"<!-- This site is optimized with the Yoast SEO plugin v25.4 - https:\/\/yoast.com\/wordpress\/plugins\/seo\/ -->\n<title>Como corrigir erro de falta de mem\u00f3ria do VBA?<\/title>\n<meta name=\"description\" content=\"Neste tutorial voc\u00ea aprender\u00e1 por que ocorre falta de mem\u00f3ria (erro 7) e como lidar com isso enquanto escreve\" \/>\n<meta name=\"robots\" content=\"index, follow, max-snippet:-1, max-image-preview:large, max-video-preview:-1\" \/>\n<link rel=\"canonical\" href=\"https:\/\/exceladvisor.org\/pt\/erro-de-falta-de-memoria-7\/\" \/>\n<meta property=\"og:locale\" content=\"pt_PT\" \/>\n<meta property=\"og:type\" content=\"article\" \/>\n<meta property=\"og:title\" content=\"Como corrigir erro de falta de mem\u00f3ria do VBA?\" \/>\n<meta property=\"og:description\" content=\"Neste tutorial voc\u00ea aprender\u00e1 por que ocorre falta de mem\u00f3ria (erro 7) e como lidar com isso enquanto escreve\" \/>\n<meta property=\"og:url\" content=\"https:\/\/exceladvisor.org\/pt\/erro-de-falta-de-memoria-7\/\" \/>\n<meta property=\"og:site_name\" content=\"Excel Advisor\" \/>\n<meta property=\"article:modified_time\" content=\"2023-12-06T11:36:31+00:00\" \/>\n<meta name=\"twitter:card\" content=\"summary_large_image\" \/>\n<meta name=\"twitter:label1\" content=\"Tempo estimado de leitura\" \/>\n\t<meta name=\"twitter:data1\" content=\"1 minuto\" \/>\n<script type=\"application\/ld+json\" class=\"yoast-schema-graph\">{\"@context\":\"https:\/\/schema.org\",\"@graph\":[{\"@type\":\"WebPage\",\"@id\":\"https:\/\/exceladvisor.org\/pt\/erro-de-falta-de-memoria-7\/\",\"url\":\"https:\/\/exceladvisor.org\/pt\/erro-de-falta-de-memoria-7\/\",\"name\":\"Como corrigir erro de falta de mem\u00f3ria do VBA?\",\"isPartOf\":{\"@id\":\"https:\/\/exceladvisor.org\/pt\/#website\"},\"datePublished\":\"2023-09-01T06:13:21+00:00\",\"dateModified\":\"2023-12-06T11:36:31+00:00\",\"description\":\"Neste tutorial voc\u00ea aprender\u00e1 por que ocorre falta de mem\u00f3ria (erro 7) e como lidar com isso enquanto escreve\",\"breadcrumb\":{\"@id\":\"https:\/\/exceladvisor.org\/pt\/erro-de-falta-de-memoria-7\/#breadcrumb\"},\"inLanguage\":\"pt-PT\",\"potentialAction\":[{\"@type\":\"ReadAction\",\"target\":[\"https:\/\/exceladvisor.org\/pt\/erro-de-falta-de-memoria-7\/\"]}]},{\"@type\":\"BreadcrumbList\",\"@id\":\"https:\/\/exceladvisor.org\/pt\/erro-de-falta-de-memoria-7\/#breadcrumb\",\"itemListElement\":[{\"@type\":\"ListItem\",\"position\":1,\"name\":\"Lar\",\"item\":\"https:\/\/exceladvisor.org\/pt\/\"},{\"@type\":\"ListItem\",\"position\":2,\"name\":\"Como corrigir erro de falta de mem\u00f3ria do vba?\"}]},{\"@type\":\"WebSite\",\"@id\":\"https:\/\/exceladvisor.org\/pt\/#website\",\"url\":\"https:\/\/exceladvisor.org\/pt\/\",\"name\":\"Excel Advisor\",\"description\":\"O seu guia definitivo para dominar os dados!\",\"publisher\":{\"@id\":\"https:\/\/exceladvisor.org\/pt\/#organization\"},\"potentialAction\":[{\"@type\":\"SearchAction\",\"target\":{\"@type\":\"EntryPoint\",\"urlTemplate\":\"https:\/\/exceladvisor.org\/pt\/?s={search_term_string}\"},\"query-input\":{\"@type\":\"PropertyValueSpecification\",\"valueRequired\":true,\"valueName\":\"search_term_string\"}}],\"inLanguage\":\"pt-PT\"},{\"@type\":\"Organization\",\"@id\":\"https:\/\/exceladvisor.org\/pt\/#organization\",\"name\":\"Excel Advisor\",\"url\":\"https:\/\/exceladvisor.org\/pt\/\",\"logo\":{\"@type\":\"ImageObject\",\"inLanguage\":\"pt-PT\",\"@id\":\"https:\/\/exceladvisor.org\/pt\/#\/schema\/logo\/image\/\",\"url\":\"https:\/\/exceladvisor.org\/pt\/wp-content\/uploads\/2023\/12\/exceladvisor.org_.png\",\"contentUrl\":\"https:\/\/exceladvisor.org\/pt\/wp-content\/uploads\/2023\/12\/exceladvisor.org_.png\",\"width\":105,\"height\":36,\"caption\":\"Excel Advisor\"},\"image\":{\"@id\":\"https:\/\/exceladvisor.org\/pt\/#\/schema\/logo\/image\/\"}}]}<\/script>\n<!-- \/ Yoast SEO plugin. -->","yoast_head_json":{"title":"Como corrigir erro de falta de mem\u00f3ria do VBA?","description":"Neste tutorial voc\u00ea aprender\u00e1 por que ocorre falta de mem\u00f3ria (erro 7) e como lidar com isso enquanto escreve","robots":{"index":"index","follow":"follow","max-snippet":"max-snippet:-1","max-image-preview":"max-image-preview:large","max-video-preview":"max-video-preview:-1"},"canonical":"https:\/\/exceladvisor.org\/pt\/erro-de-falta-de-memoria-7\/","og_locale":"pt_PT","og_type":"article","og_title":"Como corrigir erro de falta de mem\u00f3ria do VBA?","og_description":"Neste tutorial voc\u00ea aprender\u00e1 por que ocorre falta de mem\u00f3ria (erro 7) e como lidar com isso enquanto escreve","og_url":"https:\/\/exceladvisor.org\/pt\/erro-de-falta-de-memoria-7\/","og_site_name":"Excel Advisor","article_modified_time":"2023-12-06T11:36:31+00:00","twitter_card":"summary_large_image","twitter_misc":{"Tempo estimado de leitura":"1 minuto"},"schema":{"@context":"https:\/\/schema.org","@graph":[{"@type":"WebPage","@id":"https:\/\/exceladvisor.org\/pt\/erro-de-falta-de-memoria-7\/","url":"https:\/\/exceladvisor.org\/pt\/erro-de-falta-de-memoria-7\/","name":"Como corrigir erro de falta de mem\u00f3ria do VBA?","isPartOf":{"@id":"https:\/\/exceladvisor.org\/pt\/#website"},"datePublished":"2023-09-01T06:13:21+00:00","dateModified":"2023-12-06T11:36:31+00:00","description":"Neste tutorial voc\u00ea aprender\u00e1 por que ocorre falta de mem\u00f3ria (erro 7) e como lidar com isso enquanto escreve","breadcrumb":{"@id":"https:\/\/exceladvisor.org\/pt\/erro-de-falta-de-memoria-7\/#breadcrumb"},"inLanguage":"pt-PT","potentialAction":[{"@type":"ReadAction","target":["https:\/\/exceladvisor.org\/pt\/erro-de-falta-de-memoria-7\/"]}]},{"@type":"BreadcrumbList","@id":"https:\/\/exceladvisor.org\/pt\/erro-de-falta-de-memoria-7\/#breadcrumb","itemListElement":[{"@type":"ListItem","position":1,"name":"Lar","item":"https:\/\/exceladvisor.org\/pt\/"},{"@type":"ListItem","position":2,"name":"Como corrigir erro de falta de mem\u00f3ria do vba?"}]},{"@type":"WebSite","@id":"https:\/\/exceladvisor.org\/pt\/#website","url":"https:\/\/exceladvisor.org\/pt\/","name":"Excel Advisor","description":"O seu guia definitivo para dominar os dados!","publisher":{"@id":"https:\/\/exceladvisor.org\/pt\/#organization"},"potentialAction":[{"@type":"SearchAction","target":{"@type":"EntryPoint","urlTemplate":"https:\/\/exceladvisor.org\/pt\/?s={search_term_string}"},"query-input":{"@type":"PropertyValueSpecification","valueRequired":true,"valueName":"search_term_string"}}],"inLanguage":"pt-PT"},{"@type":"Organization","@id":"https:\/\/exceladvisor.org\/pt\/#organization","name":"Excel Advisor","url":"https:\/\/exceladvisor.org\/pt\/","logo":{"@type":"ImageObject","inLanguage":"pt-PT","@id":"https:\/\/exceladvisor.org\/pt\/#\/schema\/logo\/image\/","url":"https:\/\/exceladvisor.org\/pt\/wp-content\/uploads\/2023\/12\/exceladvisor.org_.png","contentUrl":"https:\/\/exceladvisor.org\/pt\/wp-content\/uploads\/2023\/12\/exceladvisor.org_.png","width":105,"height":36,"caption":"Excel Advisor"},"image":{"@id":"https:\/\/exceladvisor.org\/pt\/#\/schema\/logo\/image\/"}}]}},"yoast_meta":{"yoast_wpseo_title":"","yoast_wpseo_metadesc":"","yoast_wpseo_canonical":""},"_links":{"self":[{"href":"https:\/\/exceladvisor.org\/pt\/wp-json\/wp\/v2\/pages\/742","targetHints":{"allow":["GET"]}}],"collection":[{"href":"https:\/\/exceladvisor.org\/pt\/wp-json\/wp\/v2\/pages"}],"about":[{"href":"https:\/\/exceladvisor.org\/pt\/wp-json\/wp\/v2\/types\/page"}],"author":[{"embeddable":true,"href":"https:\/\/exceladvisor.org\/pt\/wp-json\/wp\/v2\/users\/1"}],"replies":[{"embeddable":true,"href":"https:\/\/exceladvisor.org\/pt\/wp-json\/wp\/v2\/comments?post=742"}],"version-history":[{"count":1,"href":"https:\/\/exceladvisor.org\/pt\/wp-json\/wp\/v2\/pages\/742\/revisions"}],"predecessor-version":[{"id":963,"href":"https:\/\/exceladvisor.org\/pt\/wp-json\/wp\/v2\/pages\/742\/revisions\/963"}],"wp:attachment":[{"href":"https:\/\/exceladvisor.org\/pt\/wp-json\/wp\/v2\/media?parent=742"}],"curies":[{"name":"wp","href":"https:\/\/api.w.org\/{rel}","templated":true}]}}