{"id":743,"date":"2023-08-29T13:47:44","date_gmt":"2023-08-29T13:47:44","guid":{"rendered":"https:\/\/exceladvisor.org\/pt\/politica-de-privacidade\/"},"modified":"2023-12-06T11:52:55","modified_gmt":"2023-12-06T11:52:55","slug":"politica-de-privacidade","status":"publish","type":"page","link":"https:\/\/exceladvisor.org\/pt\/politica-de-privacidade\/","title":{"rendered":"Pol\u00edtica de privacidade"},"content":{"rendered":"<div class=\"excel-before-content-2\" id=\"excel-446747981\"><script type=\"text\/javascript\">\r\n\tatOptions = {\r\n\t\t'key' : 'c1158f160081d6540a8409e6925dab94',\r\n\t\t'format' : 'iframe',\r\n\t\t'height' : 250,\r\n\t\t'width' : 300,\r\n\t\t'params' : {}\r\n\t};\r\n<\/script>\r\n<script type=\"text\/javascript\" src=\"\/\/www.highperformanceformat.com\/c1158f160081d6540a8409e6925dab94\/invoke.js\"><\/script><\/div><div class=\"excel-before-content\" id=\"excel-3755811627\"><script type=\"text\/javascript\">\r\n\tatOptions = {\r\n\t\t'key' : 'c1158f160081d6540a8409e6925dab94',\r\n\t\t'format' : 'iframe',\r\n\t\t'height' : 250,\r\n\t\t'width' : 300,\r\n\t\t'params' : {}\r\n\t};\r\n<\/script>\r\n<script type=\"text\/javascript\" src=\"\/\/www.highperformanceformat.com\/c1158f160081d6540a8409e6925dab94\/invoke.js\"><\/script><\/div> Esta Pol\u00edtica de Privacidade rege a maneira pela qual <a href=\"https:\/\/exceladvisor.org\/pt\/sobre\/\">o Excel Advisor<\/a> coleta, usa, mant\u00e9m e divulga informa\u00e7\u00f5es coletadas de usu\u00e1rios (cada um, um \u201cUsu\u00e1rio\u201d) do site https:\/\/exceladvisor.org (\u201cSite\u201d).\n<h2><strong>Informa\u00e7\u00e3o pessoalmente identific\u00e1vel<\/strong><\/h2>\nPodemos coletar informa\u00e7\u00f5es de identifica\u00e7\u00e3o pessoal dos Usu\u00e1rios de diversas maneiras, incluindo, entre outras, quando os Usu\u00e1rios visitam nosso Site, se registram no Site, fazem um pedido, preenchem um formul\u00e1rio e na parte de outras atividades, servi\u00e7os, funcionalidades ou recursos que disponibilizamos em nosso site.\n\nPoder\u00e1 ser solicitado aos utilizadores, quando aplic\u00e1vel, o seu nome, endere\u00e7o de correio eletr\u00f3nico e endere\u00e7o postal. Os usu\u00e1rios podem, no entanto, visitar nosso Site anonimamente. Coletaremos informa\u00e7\u00f5es de identifica\u00e7\u00e3o pessoal dos usu\u00e1rios somente se eles nos enviarem tais informa\u00e7\u00f5es voluntariamente. Os usu\u00e1rios sempre podem recusar-se a fornecer informa\u00e7\u00f5es de identifica\u00e7\u00e3o pessoal, exceto que isso possa impedi-los de se envolver em determinadas atividades relacionadas ao Site.\n<h2><strong>Informa\u00e7\u00f5es de identifica\u00e7\u00e3o n\u00e3o pessoal<\/strong><\/h2>\nPoderemos coletar informa\u00e7\u00f5es de identifica\u00e7\u00e3o n\u00e3o pessoais sobre os usu\u00e1rios sempre que eles interagirem com nosso site. As informa\u00e7\u00f5es de identifica\u00e7\u00e3o n\u00e3o pessoal podem incluir o nome do navegador, o tipo de computador e informa\u00e7\u00f5es t\u00e9cnicas sobre os meios de conex\u00e3o dos usu\u00e1rios aos nossos Sites, como o sistema operacional e os provedores de servi\u00e7os de Internet usados e outras informa\u00e7\u00f5es semelhantes.\n<h2><strong>Cookies do navegador da Web<\/strong><\/h2>\nNosso site pode usar \u201ccookies\u201d para melhorar a experi\u00eancia do usu\u00e1rio. O navegador de um usu\u00e1rio coloca cookies em seu disco r\u00edgido para fins de manuten\u00e7\u00e3o de registros e, \u00e0s vezes, para rastrear informa\u00e7\u00f5es sobre eles. O usu\u00e1rio pode optar por configurar seu navegador para recusar cookies ou para alert\u00e1-lo quando cookies estiverem sendo enviados. Se o fizerem, observe que algumas partes do Site podem n\u00e3o funcionar corretamente.\n<h2><strong>Como usamos as informa\u00e7\u00f5es coletadas<\/strong><\/h2>\nO Excel Advisor pode coletar e usar informa\u00e7\u00f5es pessoais dos usu\u00e1rios para os seguintes fins:\n<ul>\n \t<li><span style=\"text-decoration: underline;\">Para gerenciar e operar nosso site<\/span>\nPodemos precisar de suas informa\u00e7\u00f5es para exibir corretamente o conte\u00fado do Site.<\/li>\n \t<li><span style=\"text-decoration: underline;\">Para melhorar o atendimento ao cliente<\/span>\nAs informa\u00e7\u00f5es que voc\u00ea fornece nos ajudam a responder de forma mais eficaz \u00e0s suas solicita\u00e7\u00f5es de atendimento ao cliente e necessidades de suporte.<\/li>\n \t<li><span style=\"text-decoration: underline;\">Para personalizar a experi\u00eancia do usu\u00e1rio<\/span>\nPoderemos usar as informa\u00e7\u00f5es de forma agregada para entender como nossos usu\u00e1rios, como grupo, utilizam os servi\u00e7os e recursos fornecidos em nosso site.<\/li>\n \t<li><span style=\"text-decoration: underline;\">Para melhorar nosso site<\/span>\nPodemos usar o feedback que voc\u00ea fornece para melhorar nossos produtos e servi\u00e7os.<\/li>\n<\/ul>\n<h3><strong>Como protegemos suas informa\u00e7\u00f5es<\/strong><\/h3>\nAdotamos pr\u00e1ticas adequadas de coleta, armazenamento e processamento de dados e medidas de seguran\u00e7a para proteger contra acesso n\u00e3o autorizado, altera\u00e7\u00e3o, divulga\u00e7\u00e3o ou destrui\u00e7\u00e3o de suas informa\u00e7\u00f5es pessoais, nome de usu\u00e1rio, senhas, informa\u00e7\u00f5es de transa\u00e7\u00f5es e dados armazenados em nosso site.\n<h3><strong>Compartilhe suas informa\u00e7\u00f5es pessoais<\/strong><\/h3>\nN\u00e3o vendemos, comercializamos ou alugamos informa\u00e7\u00f5es de identifica\u00e7\u00e3o pessoal dos usu\u00e1rios a terceiros. Poderemos compartilhar informa\u00e7\u00f5es demogr\u00e1ficas gen\u00e9ricas agregadas n\u00e3o vinculadas a informa\u00e7\u00f5es de identifica\u00e7\u00e3o pessoal sobre visitantes e usu\u00e1rios com nossos parceiros de neg\u00f3cios, afiliados confi\u00e1veis e anunciantes para os fins descritos acima.\n<h2><strong>Sites de terceiros<\/strong><\/h2>\nOs usu\u00e1rios podem encontrar publicidade ou outro conte\u00fado em nosso site com links para sites e servi\u00e7os de nossos parceiros, fornecedores, anunciantes, patrocinadores, licenciantes e outros terceiros. N\u00e3o controlamos o conte\u00fado ou links que aparecem nesses sites e n\u00e3o somos respons\u00e1veis pelas pr\u00e1ticas empregadas pelos sites vinculados ao nosso Site ou a partir dele.\n\nAl\u00e9m disso, esses sites ou servi\u00e7os, incluindo o seu conte\u00fado e links, podem evoluir continuamente. Esses sites e servi\u00e7os podem ter suas pr\u00f3prias pol\u00edticas de privacidade e pol\u00edticas de atendimento ao cliente. A navega\u00e7\u00e3o e intera\u00e7\u00e3o em qualquer outro site, incluindo sites vinculados ao nosso Site, est\u00e3o sujeitas aos termos e pol\u00edticas desse site.\n<h2><strong>An\u00fancio<\/strong><\/h2>\nOs an\u00fancios exibidos em nosso site podem ser entregues aos usu\u00e1rios por parceiros publicit\u00e1rios, que podem definir cookies. Esses cookies permitem que o servidor de an\u00fancios reconhe\u00e7a o seu computador sempre que lhe enviar um an\u00fancio on-line para compilar informa\u00e7\u00f5es de identifica\u00e7\u00e3o n\u00e3o pessoal sobre voc\u00ea ou outras pessoas que usam o seu computador.\n\nEssas informa\u00e7\u00f5es permitem que as redes de an\u00fancios, entre outras coisas, forne\u00e7am an\u00fancios direcionados que acreditam ser do maior interesse para voc\u00ea. Esta pol\u00edtica de privacidade n\u00e3o cobre o uso de cookies por anunciantes.\n<h2><strong>An\u00fancios do Google<\/strong><\/h2>\nAlguns an\u00fancios podem ser veiculados pelo Google. O uso do cookie DART pelo Google permite veicular an\u00fancios aos usu\u00e1rios com base em suas visitas ao nosso site e a outros sites na Internet. O DART usa \u201cinforma\u00e7\u00f5es n\u00e3o pessoalmente identific\u00e1veis\u201d e N\u00c3O rastreia informa\u00e7\u00f5es pessoais sobre voc\u00ea, como nome, endere\u00e7o de e-mail, endere\u00e7o f\u00edsico, etc.\n\nVoc\u00ea pode cancelar o uso do cookie DART visitando o an\u00fancio do Google e a pol\u00edtica de privacidade da rede de conte\u00fado.\n<h2><strong>Altera\u00e7\u00f5es nesta pol\u00edtica de privacidade<\/strong><\/h2>\nO Excel Advisor tem o poder de atualizar esta pol\u00edtica de privacidade a qualquer momento. Quando o fizermos, publicaremos uma notifica\u00e7\u00e3o na p\u00e1gina principal do nosso site. Encorajamos os usu\u00e1rios a verificar frequentemente esta p\u00e1gina para verificar quaisquer altera\u00e7\u00f5es, para se manterem informados sobre como estamos ajudando a proteger as informa\u00e7\u00f5es pessoais que coletamos.\n\nVoc\u00ea reconhece e concorda que \u00e9 sua responsabilidade revisar esta Pol\u00edtica de Privacidade periodicamente e tomar conhecimento de quaisquer modifica\u00e7\u00f5es.\n<h3><strong>Sua aceita\u00e7\u00e3o destes termos<\/strong><\/h3>\nAo utilizar este site, voc\u00ea indica que aceita esta pol\u00edtica. Se voc\u00ea n\u00e3o concorda com esta pol\u00edtica, por favor n\u00e3o utilize nosso site. O uso continuado do Site ap\u00f3s a publica\u00e7\u00e3o de altera\u00e7\u00f5es nesta pol\u00edtica ser\u00e1 considerado como constituindo sua aceita\u00e7\u00e3o dessas altera\u00e7\u00f5es.\n<h2><strong>Contate-nos<\/strong><\/h2>\nSe voc\u00ea tiver alguma d\u00favida sobre esta Pol\u00edtica de Privacidade, as pr\u00e1ticas deste site ou suas rela\u00e7\u00f5es com este site, entre <a href=\"https:\/\/exceladvisor.org\/pt\/contate-nos\/\">em contato conosco<\/a> .","protected":false},"excerpt":{"rendered":"","protected":false},"author":1,"featured_media":0,"parent":0,"menu_order":0,"comment_status":"closed","ping_status":"closed","template":"","meta":{"ub_ctt_via":"","footnotes":""},"class_list":["post-743","page","type-page","status-publish","hentry"],"featured_image_src":null,"yoast_head":"<!-- This site is optimized with the Yoast SEO plugin v25.4 - https:\/\/yoast.com\/wordpress\/plugins\/seo\/ -->\n<title>Pol\u00edtica de Privacidade - Excel Advisor<\/title>\n<meta name=\"robots\" content=\"noindex, nofollow\" \/>\n<meta property=\"og:locale\" content=\"pt_PT\" \/>\n<meta property=\"og:type\" content=\"article\" \/>\n<meta property=\"og:title\" content=\"Pol\u00edtica de Privacidade - Excel Advisor\" \/>\n<meta property=\"og:url\" content=\"https:\/\/exceladvisor.org\/pt\/politica-de-privacidade\/\" \/>\n<meta property=\"og:site_name\" content=\"Excel Advisor\" \/>\n<meta property=\"article:modified_time\" content=\"2023-12-06T11:52:55+00:00\" \/>\n<meta name=\"twitter:card\" content=\"summary_large_image\" \/>\n<meta name=\"twitter:label1\" content=\"Tempo estimado de leitura\" \/>\n\t<meta name=\"twitter:data1\" content=\"5 minutos\" \/>\n<script type=\"application\/ld+json\" class=\"yoast-schema-graph\">{\"@context\":\"https:\/\/schema.org\",\"@graph\":[{\"@type\":\"WebPage\",\"@id\":\"https:\/\/exceladvisor.org\/pt\/politica-de-privacidade\/\",\"url\":\"https:\/\/exceladvisor.org\/pt\/politica-de-privacidade\/\",\"name\":\"Pol\u00edtica de Privacidade - Excel Advisor\",\"isPartOf\":{\"@id\":\"https:\/\/exceladvisor.org\/pt\/#website\"},\"datePublished\":\"2023-08-29T13:47:44+00:00\",\"dateModified\":\"2023-12-06T11:52:55+00:00\",\"breadcrumb\":{\"@id\":\"https:\/\/exceladvisor.org\/pt\/politica-de-privacidade\/#breadcrumb\"},\"inLanguage\":\"pt-PT\",\"potentialAction\":[{\"@type\":\"ReadAction\",\"target\":[\"https:\/\/exceladvisor.org\/pt\/politica-de-privacidade\/\"]}]},{\"@type\":\"BreadcrumbList\",\"@id\":\"https:\/\/exceladvisor.org\/pt\/politica-de-privacidade\/#breadcrumb\",\"itemListElement\":[{\"@type\":\"ListItem\",\"position\":1,\"name\":\"Lar\",\"item\":\"https:\/\/exceladvisor.org\/pt\/\"},{\"@type\":\"ListItem\",\"position\":2,\"name\":\"Pol\u00edtica de privacidade\"}]},{\"@type\":\"WebSite\",\"@id\":\"https:\/\/exceladvisor.org\/pt\/#website\",\"url\":\"https:\/\/exceladvisor.org\/pt\/\",\"name\":\"Excel Advisor\",\"description\":\"O seu guia definitivo para dominar os dados!\",\"publisher\":{\"@id\":\"https:\/\/exceladvisor.org\/pt\/#organization\"},\"potentialAction\":[{\"@type\":\"SearchAction\",\"target\":{\"@type\":\"EntryPoint\",\"urlTemplate\":\"https:\/\/exceladvisor.org\/pt\/?s={search_term_string}\"},\"query-input\":{\"@type\":\"PropertyValueSpecification\",\"valueRequired\":true,\"valueName\":\"search_term_string\"}}],\"inLanguage\":\"pt-PT\"},{\"@type\":\"Organization\",\"@id\":\"https:\/\/exceladvisor.org\/pt\/#organization\",\"name\":\"Excel Advisor\",\"url\":\"https:\/\/exceladvisor.org\/pt\/\",\"logo\":{\"@type\":\"ImageObject\",\"inLanguage\":\"pt-PT\",\"@id\":\"https:\/\/exceladvisor.org\/pt\/#\/schema\/logo\/image\/\",\"url\":\"https:\/\/exceladvisor.org\/pt\/wp-content\/uploads\/2023\/12\/exceladvisor.org_.png\",\"contentUrl\":\"https:\/\/exceladvisor.org\/pt\/wp-content\/uploads\/2023\/12\/exceladvisor.org_.png\",\"width\":105,\"height\":36,\"caption\":\"Excel Advisor\"},\"image\":{\"@id\":\"https:\/\/exceladvisor.org\/pt\/#\/schema\/logo\/image\/\"}}]}<\/script>\n<!-- \/ Yoast SEO plugin. -->","yoast_head_json":{"title":"Pol\u00edtica de Privacidade - Excel Advisor","robots":{"index":"noindex","follow":"nofollow"},"og_locale":"pt_PT","og_type":"article","og_title":"Pol\u00edtica de Privacidade - Excel Advisor","og_url":"https:\/\/exceladvisor.org\/pt\/politica-de-privacidade\/","og_site_name":"Excel Advisor","article_modified_time":"2023-12-06T11:52:55+00:00","twitter_card":"summary_large_image","twitter_misc":{"Tempo estimado de leitura":"5 minutos"},"schema":{"@context":"https:\/\/schema.org","@graph":[{"@type":"WebPage","@id":"https:\/\/exceladvisor.org\/pt\/politica-de-privacidade\/","url":"https:\/\/exceladvisor.org\/pt\/politica-de-privacidade\/","name":"Pol\u00edtica de Privacidade - Excel Advisor","isPartOf":{"@id":"https:\/\/exceladvisor.org\/pt\/#website"},"datePublished":"2023-08-29T13:47:44+00:00","dateModified":"2023-12-06T11:52:55+00:00","breadcrumb":{"@id":"https:\/\/exceladvisor.org\/pt\/politica-de-privacidade\/#breadcrumb"},"inLanguage":"pt-PT","potentialAction":[{"@type":"ReadAction","target":["https:\/\/exceladvisor.org\/pt\/politica-de-privacidade\/"]}]},{"@type":"BreadcrumbList","@id":"https:\/\/exceladvisor.org\/pt\/politica-de-privacidade\/#breadcrumb","itemListElement":[{"@type":"ListItem","position":1,"name":"Lar","item":"https:\/\/exceladvisor.org\/pt\/"},{"@type":"ListItem","position":2,"name":"Pol\u00edtica de privacidade"}]},{"@type":"WebSite","@id":"https:\/\/exceladvisor.org\/pt\/#website","url":"https:\/\/exceladvisor.org\/pt\/","name":"Excel Advisor","description":"O seu guia definitivo para dominar os dados!","publisher":{"@id":"https:\/\/exceladvisor.org\/pt\/#organization"},"potentialAction":[{"@type":"SearchAction","target":{"@type":"EntryPoint","urlTemplate":"https:\/\/exceladvisor.org\/pt\/?s={search_term_string}"},"query-input":{"@type":"PropertyValueSpecification","valueRequired":true,"valueName":"search_term_string"}}],"inLanguage":"pt-PT"},{"@type":"Organization","@id":"https:\/\/exceladvisor.org\/pt\/#organization","name":"Excel Advisor","url":"https:\/\/exceladvisor.org\/pt\/","logo":{"@type":"ImageObject","inLanguage":"pt-PT","@id":"https:\/\/exceladvisor.org\/pt\/#\/schema\/logo\/image\/","url":"https:\/\/exceladvisor.org\/pt\/wp-content\/uploads\/2023\/12\/exceladvisor.org_.png","contentUrl":"https:\/\/exceladvisor.org\/pt\/wp-content\/uploads\/2023\/12\/exceladvisor.org_.png","width":105,"height":36,"caption":"Excel Advisor"},"image":{"@id":"https:\/\/exceladvisor.org\/pt\/#\/schema\/logo\/image\/"}}]}},"yoast_meta":{"yoast_wpseo_title":"","yoast_wpseo_metadesc":"","yoast_wpseo_canonical":""},"_links":{"self":[{"href":"https:\/\/exceladvisor.org\/pt\/wp-json\/wp\/v2\/pages\/743","targetHints":{"allow":["GET"]}}],"collection":[{"href":"https:\/\/exceladvisor.org\/pt\/wp-json\/wp\/v2\/pages"}],"about":[{"href":"https:\/\/exceladvisor.org\/pt\/wp-json\/wp\/v2\/types\/page"}],"author":[{"embeddable":true,"href":"https:\/\/exceladvisor.org\/pt\/wp-json\/wp\/v2\/users\/1"}],"replies":[{"embeddable":true,"href":"https:\/\/exceladvisor.org\/pt\/wp-json\/wp\/v2\/comments?post=743"}],"version-history":[{"count":1,"href":"https:\/\/exceladvisor.org\/pt\/wp-json\/wp\/v2\/pages\/743\/revisions"}],"predecessor-version":[{"id":1274,"href":"https:\/\/exceladvisor.org\/pt\/wp-json\/wp\/v2\/pages\/743\/revisions\/1274"}],"wp:attachment":[{"href":"https:\/\/exceladvisor.org\/pt\/wp-json\/wp\/v2\/media?parent=743"}],"curies":[{"name":"wp","href":"https:\/\/api.w.org\/{rel}","templated":true}]}}