{"id":744,"date":"2023-08-29T13:31:33","date_gmt":"2023-08-29T13:31:33","guid":{"rendered":"https:\/\/exceladvisor.org\/pt\/contate-nos\/"},"modified":"2023-12-06T11:51:13","modified_gmt":"2023-12-06T11:51:13","slug":"contate-nos","status":"publish","type":"page","link":"https:\/\/exceladvisor.org\/pt\/contate-nos\/","title":{"rendered":"Contate-nos"},"content":{"rendered":"<div class=\"excel-before-content-2\" id=\"excel-3419788488\"><script type=\"text\/javascript\">\r\n\tatOptions = {\r\n\t\t'key' : 'c1158f160081d6540a8409e6925dab94',\r\n\t\t'format' : 'iframe',\r\n\t\t'height' : 250,\r\n\t\t'width' : 300,\r\n\t\t'params' : {}\r\n\t};\r\n<\/script>\r\n<script type=\"text\/javascript\" src=\"\/\/www.highperformanceformat.com\/c1158f160081d6540a8409e6925dab94\/invoke.js\"><\/script><\/div><div class=\"excel-before-content\" id=\"excel-756303424\"><script type=\"text\/javascript\">\r\n\tatOptions = {\r\n\t\t'key' : 'c1158f160081d6540a8409e6925dab94',\r\n\t\t'format' : 'iframe',\r\n\t\t'height' : 250,\r\n\t\t'width' : 300,\r\n\t\t'params' : {}\r\n\t};\r\n<\/script>\r\n<script type=\"text\/javascript\" src=\"\/\/www.highperformanceformat.com\/c1158f160081d6540a8409e6925dab94\/invoke.js\"><\/script><\/div> Estamos muito satisfeitos por voc\u00ea estar interessado em entrar em contato conosco no Excel Advisor. Quer voc\u00ea tenha d\u00favidas, coment\u00e1rios, propostas de colabora\u00e7\u00e3o ou simplesmente queira dizer ol\u00e1, estamos aqui para ouvir. Seus pensamentos s\u00e3o importantes para n\u00f3s e estamos empenhados em fornecer-lhe a melhor assist\u00eancia poss\u00edvel.\n\nSe voc\u00ea tiver alguma d\u00favida ou t\u00f3pico espec\u00edfico que gostaria que abord\u00e1ssemos, informe-nos. Valorizamos sua opini\u00e3o e nos esfor\u00e7amos para criar conte\u00fado que realmente atenda \u00e0s suas necessidades e interesses. Nossa equipe de especialistas est\u00e1 sempre pronta para ajud\u00e1-lo com suas d\u00favidas relacionadas ao Excel e ao Planilhas Google.\n\nPara isso, basta preencher o seguinte formul\u00e1rio de contato e um membro da nossa equipe ir\u00e1 at\u00e9 voc\u00ea.\n\n<iframe loading=\"lazy\" src=\"https:\/\/docs.google.com\/forms\/d\/e\/1FAIpQLScFpAXRUJjKUTWFpuHc_ak9vSc56f1UN5teAOfUCJWcDlEEpA\/viewform?embedded=true\" width=\"640\" height=\"791\" frameborder=\"0\" marginwidth=\"0\" marginheight=\"0\">Loading\u2026<\/iframe>","protected":false},"excerpt":{"rendered":"","protected":false},"author":1,"featured_media":0,"parent":0,"menu_order":0,"comment_status":"closed","ping_status":"closed","template":"","meta":{"ub_ctt_via":"","footnotes":""},"class_list":["post-744","page","type-page","status-publish","hentry"],"featured_image_src":null,"yoast_head":"<!-- This site is optimized with the Yoast SEO plugin v25.4 - https:\/\/yoast.com\/wordpress\/plugins\/seo\/ -->\n<title>Contate-nos | Excel Advisor<\/title>\n<meta name=\"description\" content=\"Quer voc\u00ea tenha d\u00favidas, coment\u00e1rios, propostas de colabora\u00e7\u00e3o ou simplesmente queira dizer ol\u00e1, estamos aqui\" \/>\n<meta name=\"robots\" content=\"index, follow, max-snippet:-1, max-image-preview:large, max-video-preview:-1\" \/>\n<link rel=\"canonical\" href=\"https:\/\/exceladvisor.org\/pt\/contate-nos\/\" \/>\n<meta property=\"og:locale\" content=\"pt_PT\" \/>\n<meta property=\"og:type\" content=\"article\" \/>\n<meta property=\"og:title\" content=\"Contate-nos | Excel Advisor\" \/>\n<meta property=\"og:description\" content=\"Quer voc\u00ea tenha d\u00favidas, coment\u00e1rios, propostas de colabora\u00e7\u00e3o ou simplesmente queira dizer ol\u00e1, estamos aqui\" \/>\n<meta property=\"og:url\" content=\"https:\/\/exceladvisor.org\/pt\/contate-nos\/\" \/>\n<meta property=\"og:site_name\" content=\"Excel Advisor\" \/>\n<meta property=\"article:modified_time\" content=\"2023-12-06T11:51:13+00:00\" \/>\n<meta name=\"twitter:card\" content=\"summary_large_image\" \/>\n<meta name=\"twitter:label1\" content=\"Tempo estimado de leitura\" \/>\n\t<meta name=\"twitter:data1\" content=\"1 minuto\" \/>\n<script type=\"application\/ld+json\" class=\"yoast-schema-graph\">{\"@context\":\"https:\/\/schema.org\",\"@graph\":[{\"@type\":\"WebPage\",\"@id\":\"https:\/\/exceladvisor.org\/pt\/contate-nos\/\",\"url\":\"https:\/\/exceladvisor.org\/pt\/contate-nos\/\",\"name\":\"Contate-nos | Excel Advisor\",\"isPartOf\":{\"@id\":\"https:\/\/exceladvisor.org\/pt\/#website\"},\"datePublished\":\"2023-08-29T13:31:33+00:00\",\"dateModified\":\"2023-12-06T11:51:13+00:00\",\"description\":\"Quer voc\u00ea tenha d\u00favidas, coment\u00e1rios, propostas de colabora\u00e7\u00e3o ou simplesmente queira dizer ol\u00e1, estamos aqui\",\"breadcrumb\":{\"@id\":\"https:\/\/exceladvisor.org\/pt\/contate-nos\/#breadcrumb\"},\"inLanguage\":\"pt-PT\",\"potentialAction\":[{\"@type\":\"ReadAction\",\"target\":[\"https:\/\/exceladvisor.org\/pt\/contate-nos\/\"]}]},{\"@type\":\"BreadcrumbList\",\"@id\":\"https:\/\/exceladvisor.org\/pt\/contate-nos\/#breadcrumb\",\"itemListElement\":[{\"@type\":\"ListItem\",\"position\":1,\"name\":\"Lar\",\"item\":\"https:\/\/exceladvisor.org\/pt\/\"},{\"@type\":\"ListItem\",\"position\":2,\"name\":\"Contate-nos\"}]},{\"@type\":\"WebSite\",\"@id\":\"https:\/\/exceladvisor.org\/pt\/#website\",\"url\":\"https:\/\/exceladvisor.org\/pt\/\",\"name\":\"Excel Advisor\",\"description\":\"O seu guia definitivo para dominar os dados!\",\"publisher\":{\"@id\":\"https:\/\/exceladvisor.org\/pt\/#organization\"},\"potentialAction\":[{\"@type\":\"SearchAction\",\"target\":{\"@type\":\"EntryPoint\",\"urlTemplate\":\"https:\/\/exceladvisor.org\/pt\/?s={search_term_string}\"},\"query-input\":{\"@type\":\"PropertyValueSpecification\",\"valueRequired\":true,\"valueName\":\"search_term_string\"}}],\"inLanguage\":\"pt-PT\"},{\"@type\":\"Organization\",\"@id\":\"https:\/\/exceladvisor.org\/pt\/#organization\",\"name\":\"Excel Advisor\",\"url\":\"https:\/\/exceladvisor.org\/pt\/\",\"logo\":{\"@type\":\"ImageObject\",\"inLanguage\":\"pt-PT\",\"@id\":\"https:\/\/exceladvisor.org\/pt\/#\/schema\/logo\/image\/\",\"url\":\"https:\/\/exceladvisor.org\/pt\/wp-content\/uploads\/2023\/12\/exceladvisor.org_.png\",\"contentUrl\":\"https:\/\/exceladvisor.org\/pt\/wp-content\/uploads\/2023\/12\/exceladvisor.org_.png\",\"width\":105,\"height\":36,\"caption\":\"Excel Advisor\"},\"image\":{\"@id\":\"https:\/\/exceladvisor.org\/pt\/#\/schema\/logo\/image\/\"}}]}<\/script>\n<!-- \/ Yoast SEO plugin. -->","yoast_head_json":{"title":"Contate-nos | Excel Advisor","description":"Quer voc\u00ea tenha d\u00favidas, coment\u00e1rios, propostas de colabora\u00e7\u00e3o ou simplesmente queira dizer ol\u00e1, estamos aqui","robots":{"index":"index","follow":"follow","max-snippet":"max-snippet:-1","max-image-preview":"max-image-preview:large","max-video-preview":"max-video-preview:-1"},"canonical":"https:\/\/exceladvisor.org\/pt\/contate-nos\/","og_locale":"pt_PT","og_type":"article","og_title":"Contate-nos | Excel Advisor","og_description":"Quer voc\u00ea tenha d\u00favidas, coment\u00e1rios, propostas de colabora\u00e7\u00e3o ou simplesmente queira dizer ol\u00e1, estamos aqui","og_url":"https:\/\/exceladvisor.org\/pt\/contate-nos\/","og_site_name":"Excel Advisor","article_modified_time":"2023-12-06T11:51:13+00:00","twitter_card":"summary_large_image","twitter_misc":{"Tempo estimado de leitura":"1 minuto"},"schema":{"@context":"https:\/\/schema.org","@graph":[{"@type":"WebPage","@id":"https:\/\/exceladvisor.org\/pt\/contate-nos\/","url":"https:\/\/exceladvisor.org\/pt\/contate-nos\/","name":"Contate-nos | Excel Advisor","isPartOf":{"@id":"https:\/\/exceladvisor.org\/pt\/#website"},"datePublished":"2023-08-29T13:31:33+00:00","dateModified":"2023-12-06T11:51:13+00:00","description":"Quer voc\u00ea tenha d\u00favidas, coment\u00e1rios, propostas de colabora\u00e7\u00e3o ou simplesmente queira dizer ol\u00e1, estamos aqui","breadcrumb":{"@id":"https:\/\/exceladvisor.org\/pt\/contate-nos\/#breadcrumb"},"inLanguage":"pt-PT","potentialAction":[{"@type":"ReadAction","target":["https:\/\/exceladvisor.org\/pt\/contate-nos\/"]}]},{"@type":"BreadcrumbList","@id":"https:\/\/exceladvisor.org\/pt\/contate-nos\/#breadcrumb","itemListElement":[{"@type":"ListItem","position":1,"name":"Lar","item":"https:\/\/exceladvisor.org\/pt\/"},{"@type":"ListItem","position":2,"name":"Contate-nos"}]},{"@type":"WebSite","@id":"https:\/\/exceladvisor.org\/pt\/#website","url":"https:\/\/exceladvisor.org\/pt\/","name":"Excel Advisor","description":"O seu guia definitivo para dominar os dados!","publisher":{"@id":"https:\/\/exceladvisor.org\/pt\/#organization"},"potentialAction":[{"@type":"SearchAction","target":{"@type":"EntryPoint","urlTemplate":"https:\/\/exceladvisor.org\/pt\/?s={search_term_string}"},"query-input":{"@type":"PropertyValueSpecification","valueRequired":true,"valueName":"search_term_string"}}],"inLanguage":"pt-PT"},{"@type":"Organization","@id":"https:\/\/exceladvisor.org\/pt\/#organization","name":"Excel Advisor","url":"https:\/\/exceladvisor.org\/pt\/","logo":{"@type":"ImageObject","inLanguage":"pt-PT","@id":"https:\/\/exceladvisor.org\/pt\/#\/schema\/logo\/image\/","url":"https:\/\/exceladvisor.org\/pt\/wp-content\/uploads\/2023\/12\/exceladvisor.org_.png","contentUrl":"https:\/\/exceladvisor.org\/pt\/wp-content\/uploads\/2023\/12\/exceladvisor.org_.png","width":105,"height":36,"caption":"Excel Advisor"},"image":{"@id":"https:\/\/exceladvisor.org\/pt\/#\/schema\/logo\/image\/"}}]}},"yoast_meta":{"yoast_wpseo_title":"","yoast_wpseo_metadesc":"","yoast_wpseo_canonical":""},"_links":{"self":[{"href":"https:\/\/exceladvisor.org\/pt\/wp-json\/wp\/v2\/pages\/744","targetHints":{"allow":["GET"]}}],"collection":[{"href":"https:\/\/exceladvisor.org\/pt\/wp-json\/wp\/v2\/pages"}],"about":[{"href":"https:\/\/exceladvisor.org\/pt\/wp-json\/wp\/v2\/types\/page"}],"author":[{"embeddable":true,"href":"https:\/\/exceladvisor.org\/pt\/wp-json\/wp\/v2\/users\/1"}],"replies":[{"embeddable":true,"href":"https:\/\/exceladvisor.org\/pt\/wp-json\/wp\/v2\/comments?post=744"}],"version-history":[{"count":1,"href":"https:\/\/exceladvisor.org\/pt\/wp-json\/wp\/v2\/pages\/744\/revisions"}],"predecessor-version":[{"id":1360,"href":"https:\/\/exceladvisor.org\/pt\/wp-json\/wp\/v2\/pages\/744\/revisions\/1360"}],"wp:attachment":[{"href":"https:\/\/exceladvisor.org\/pt\/wp-json\/wp\/v2\/media?parent=744"}],"curies":[{"name":"wp","href":"https:\/\/api.w.org\/{rel}","templated":true}]}}