{"id":75,"date":"2023-11-17T09:38:55","date_gmt":"2023-11-17T09:38:55","guid":{"rendered":"https:\/\/exceladvisor.org\/pt\/faixa-usada\/"},"modified":"2023-12-06T11:44:01","modified_gmt":"2023-12-06T11:44:01","slug":"faixa-usada","status":"publish","type":"page","link":"https:\/\/exceladvisor.org\/pt\/faixa-usada\/","title":{"rendered":"Como usar a propriedade usedrange no vba?"},"content":{"rendered":"<div class=\"excel-before-content-2\" id=\"excel-3351824167\"><script type=\"text\/javascript\">\r\n\tatOptions = {\r\n\t\t'key' : 'c1158f160081d6540a8409e6925dab94',\r\n\t\t'format' : 'iframe',\r\n\t\t'height' : 250,\r\n\t\t'width' : 300,\r\n\t\t'params' : {}\r\n\t};\r\n<\/script>\r\n<script type=\"text\/javascript\" src=\"\/\/www.highperformanceformat.com\/c1158f160081d6540a8409e6925dab94\/invoke.js\"><\/script><\/div><div class=\"excel-before-content\" id=\"excel-1242049679\"><script type=\"text\/javascript\">\r\n\tatOptions = {\r\n\t\t'key' : 'c1158f160081d6540a8409e6925dab94',\r\n\t\t'format' : 'iframe',\r\n\t\t'height' : 250,\r\n\t\t'width' : 300,\r\n\t\t'params' : {}\r\n\t};\r\n<\/script>\r\n<script type=\"text\/javascript\" src=\"\/\/www.highperformanceformat.com\/c1158f160081d6540a8409e6925dab94\/invoke.js\"><\/script><\/div> <p>No VBA, a propriedade UsedRange representa o intervalo de uma planilha contendo dados. O intervalo usado come\u00e7a na primeira c\u00e9lula da planilha onde voc\u00ea tem um valor at\u00e9 a \u00faltima c\u00e9lula onde voc\u00ea tem um valor. Assim como no exemplo a seguir, onde voc\u00ea usou o intervalo de A1 a C11. <\/p><div class=\"wp-block-image\"><figure class=\"aligncenter size-large is-resized\"><img loading=\"lazy\" decoding=\"async\" class=\"wp-image-53428\" src=\"https:\/\/exceladvisor.org\/wp-content\/uploads\/2023\/08\/1-propriete-usedrange.png\" sizes=\"auto, \" srcset=\"\" alt=\"propriedade de intervalo usada\" width=\"521\" height=\"295\"><\/figure><\/div><p class=\"qt-tip\"> <strong>Nota: A propriedade UsedRange \u00e9 uma propriedade somente leitura<\/strong> .<\/p><h2 class=\"wp-block-heading\"> Escreva c\u00f3digo com UsedRange<\/h2><p> Use o c\u00f3digo a seguir.<\/p><ol type=\"1\"><li> Primeiro, voc\u00ea precisa especificar a planilha.<\/li><li> Em seguida, insira um ponto final (.) e digite \u201cUsedRange\u201d.<\/li><li> Depois disso, use a propriedade ou m\u00e9todo que deseja usar.<\/li><li> No final, execute o c\u00f3digo.<\/li><\/ol><pre class=\"wp-block-code\"> <code class=\"language-visual-basic\" lang=\"visual-basic\">Sub vba_used_range() ActiveSheet.UsedRange.Clear End Sub<\/code><\/pre><p> O c\u00f3digo acima limpa tudo do intervalo usado da planilha ativa.<\/p><h2 class=\"wp-block-heading\"> Copie o intervalo usado<\/h2><p> Use o c\u00f3digo a seguir para copiar todo o UsedRange. <\/p><div class=\"wp-block-image\"><figure class=\"aligncenter size-large is-resized\"><img loading=\"lazy\" decoding=\"async\" class=\"wp-image-53429\" src=\"https:\/\/exceladvisor.org\/wp-content\/uploads\/2023\/08\/2-copier-toute-la-plage-utilisee.png\" sizes=\"auto, \" srcset=\"\" alt=\"copie todo o intervalo usado\" width=\"551\" height=\"410\"><\/figure><\/div><pre class=\"wp-block-code\"> <code class=\"language-visual-basic\" lang=\"visual-basic\">Sub vba_used_range() ActiveSheet.UsedRange.Copy End Sub<\/code><\/pre><h2 class=\"wp-block-heading\"> Contar linhas e colunas no intervalo usado<\/h2><p> Existe uma propriedade count que voc\u00ea pode usar para contar as linhas e colunas do intervalo usado.<\/p><pre class=\"wp-block-code\"> <code class=\"language-visual-basic\" lang=\"visual-basic\">MsgBox ActiveSheet.UsedRange.Rows.Count MsgBox ActiveSheet.UsedRange.Columns.Count<\/code><\/pre><p> As duas linhas de c\u00f3digo acima exibem uma caixa de mensagem com o n\u00famero de linhas e colunas que voc\u00ea possui no intervalo usado.<\/p><h2 class=\"wp-block-heading\"> Ative a \u00faltima c\u00e9lula do intervalo usado<\/h2><p> Voc\u00ea tamb\u00e9m pode habilitar a \u00faltima c\u00e9lula do intervalo utilizado (esta seria a \u00faltima c\u00e9lula utilizada na planilha). Considere o seguinte c\u00f3digo. <\/p><div class=\"wp-block-image\"><figure class=\"aligncenter size-large is-resized\"><img loading=\"lazy\" decoding=\"async\" class=\"wp-image-53430\" src=\"https:\/\/exceladvisor.org\/wp-content\/uploads\/2023\/08\/3-dernieres-cellules-actives-de-la-plage-utilisee.png\" sizes=\"auto, \" srcset=\"\" alt=\"\u00faltima c\u00e9lula ativa do intervalo usado\" width=\"641\" height=\"403\"><\/figure><\/div><pre class=\"wp-block-code\"> <code class=\"language-visual-basic\" lang=\"visual-basic\">Sub vba_used_range() Dim iCol As Long Dim iRow As Long iRow = ActiveSheet.UsedRange.Rows.Count iCol = ActiveSheet.UsedRange.Columns.Count ActiveSheet.UsedRange.Select Selection.Cells(iRow, iCol).Select End Sub<\/code><\/pre><p> Este c\u00f3digo pega o n\u00famero de linhas e colunas usando a propriedade UsedRange e depois usa esses n\u00fameros para selecionar a \u00faltima c\u00e9lula no intervalo usado.<\/p><h2 class=\"wp-block-heading\"> Consulte UsedRange em outra planilha<\/h2><p> Se voc\u00ea tentar consultar o intervalo usado em uma planilha diferente da planilha ativa, o VBA mostrar\u00e1 um erro como este. <\/p><div class=\"wp-block-image\"><figure class=\"aligncenter size-large is-resized\"><img loading=\"lazy\" decoding=\"async\" class=\"wp-image-53431\" src=\"https:\/\/exceladvisor.org\/wp-content\/uploads\/2023\/08\/4-plage-utilisee-dans-une-autre-feuille-de-calcul.png\" sizes=\"auto, \" srcset=\"\" alt=\"intervalo usado em outra planilha\" width=\"465\" height=\"331\"><\/figure><\/div><p> Portanto a planilha a que voc\u00ea se refere deve estar ativada (s\u00f3 ent\u00e3o voc\u00ea poder\u00e1 utilizar a propriedade UsedRange).<\/p><pre class=\"wp-block-code\"> <code class=\"language-visual-basic\" lang=\"visual-basic\">Sub vba_used_range() Worksheets(\"Sheet4\").Activate Worksheets(\"Sheet4\").UsedRange.Select End Sub<\/code><\/pre><p> Isso significa que voc\u00ea n\u00e3o pode fazer refer\u00eancia ao intervalo usado em uma pasta de trabalho fechada. Mas voc\u00ea pode abrir uma pasta de trabalho primeiro e depois habilitar a planilha para usar a propriedade UsedRange.<\/p><h2 class=\"wp-block-heading\"> Obtenha o endere\u00e7o do intervalo usado<\/h2><p> Use a seguinte linha de c\u00f3digo para obter o endere\u00e7o do intervalo usado.<\/p><pre class=\"wp-block-code\"> <code class=\"language-visual-basic\" lang=\"visual-basic\">Sub vba_used_range() MsgBox ActiveSheet.UsedRange.Address End Sub<\/code><\/pre><h2 class=\"wp-block-heading\"> Contar c\u00e9lulas vazias no intervalo usado<\/h2><p> O c\u00f3digo a seguir usa <a href=\"https:\/\/exceladvisor.org\/pt\/para-o-circuito\/\">loops FOR (For Each)<\/a> e percorre todas as c\u00e9lulas do intervalo usado e conta as c\u00e9lulas vazias.<\/p><pre class=\"wp-block-code\"> <code class=\"language-visual-basic\" lang=\"visual-basic\">Sub vba_used_range() Dim iCell As Range Dim iRange As Range Dim c As Long Dim i As Long Set iRange = ActiveSheet.UsedRange For Each iCell In ActiveSheet.UsedRange c = c + 1 If IsEmpty(iCell) = True Then i = i + 1 End If Next iCell MsgBox \"There are total \" &amp; c &amp; _ \" cell(s) in the range, and out of those \" &amp; _ i &amp; \" cell(s) are empty.\" End Sub<\/code><\/pre><p> Ao executar este c\u00f3digo, ele exibe uma <a href=\"https:\/\/exceladvisor.org\/pt\/caixa-de-mensagens-vba\/\">caixa de mensagem<\/a> com o n\u00famero total de c\u00e9lulas e o n\u00famero de c\u00e9lulas vazias.<\/p><div class=\"gb-container gb-container-4db6181c gb-container-mt\"> <a class=\"gb-button gb-button-c5897111 gb-button-text gb-button-mt-button\" href=\"https:\/\/exceladvisor.org\/pt\/vba\/\">O que \u00e9 VBA<\/a><h2 class=\"gb-headline gb-headline-665e5f6b gb-headline-text gb-headline-mt-heading\"> Tutoriais relacionados <\/h2><div class=\"gb-grid-wrapper gb-grid-wrapper-a20baf7c gb-grid-wrapper-mt-grid\"><div class=\"gb-grid-column gb-grid-column-65ddf67e\"><div class=\"gb-container gb-container-65ddf67e\"><ul><li> <a href=\"https:\/\/exceladvisor.org\/pt\/numero-de-linhas\/\">Contar linhas usando VBA no Excel<\/a><\/li><li> <a href=\"https:\/\/exceladvisor.org\/pt\/fonte-de-caracteres\/\">Fonte Excel VBA (cor, tamanho, tipo e negrito)<\/a><\/li><li> <a href=\"https:\/\/exceladvisor.org\/pt\/ocultar-mostrar-linha-da-coluna\/\">Excel VBA Ocultar e mostrar uma coluna ou linha<\/a><\/li><li> <a href=\"https:\/\/exceladvisor.org\/pt\/intervalo-1\/\">Intervalo VBA do Excel \u2013 Trabalhando com intervalo e c\u00e9lulas<\/a><\/li><li> <a href=\"https:\/\/exceladvisor.org\/pt\/fronteiras\/\">Aplicar bordas a uma c\u00e9lula usando VBA no Excel<\/a> <\/li><\/ul><\/div><\/div><div class=\"gb-grid-column gb-grid-column-50067b57\"><div class=\"gb-container gb-container-50067b57\"><\/div><\/div><\/div><\/div>","protected":false},"excerpt":{"rendered":"","protected":false},"author":1,"featured_media":0,"parent":0,"menu_order":0,"comment_status":"open","ping_status":"closed","template":"","meta":{"ub_ctt_via":"","footnotes":""},"class_list":["post-75","page","type-page","status-publish","hentry"],"featured_image_src":null,"yoast_head":"<!-- This site is optimized with the Yoast SEO plugin v25.4 - https:\/\/yoast.com\/wordpress\/plugins\/seo\/ -->\n<title>Como usar a propriedade UsedRange em VBA no Excel?<\/title>\n<meta name=\"description\" content=\"A propriedade UsedRange representa o intervalo de uma planilha que cont\u00e9m dados. Come\u00e7a com a primeira c\u00e9lula onde voc\u00ea tem um valor e\" \/>\n<meta name=\"robots\" content=\"index, follow, max-snippet:-1, max-image-preview:large, max-video-preview:-1\" \/>\n<link rel=\"canonical\" href=\"https:\/\/exceladvisor.org\/pt\/faixa-usada\/\" \/>\n<meta property=\"og:locale\" content=\"pt_PT\" \/>\n<meta property=\"og:type\" content=\"article\" \/>\n<meta property=\"og:title\" content=\"Como usar a propriedade UsedRange em VBA no Excel?\" \/>\n<meta property=\"og:description\" content=\"A propriedade UsedRange representa o intervalo de uma planilha que cont\u00e9m dados. Come\u00e7a com a primeira c\u00e9lula onde voc\u00ea tem um valor e\" \/>\n<meta property=\"og:url\" content=\"https:\/\/exceladvisor.org\/pt\/faixa-usada\/\" \/>\n<meta property=\"og:site_name\" content=\"Excel Advisor\" \/>\n<meta property=\"article:modified_time\" content=\"2023-12-06T11:44:01+00:00\" \/>\n<meta property=\"og:image\" content=\"https:\/\/exceladvisor.org\/wp-content\/uploads\/2023\/08\/1-propriete-usedrange.png\" \/>\n<meta name=\"twitter:card\" content=\"summary_large_image\" \/>\n<meta name=\"twitter:label1\" content=\"Tempo estimado de leitura\" \/>\n\t<meta name=\"twitter:data1\" content=\"3 minutos\" \/>\n<script type=\"application\/ld+json\" class=\"yoast-schema-graph\">{\"@context\":\"https:\/\/schema.org\",\"@graph\":[{\"@type\":\"WebPage\",\"@id\":\"https:\/\/exceladvisor.org\/pt\/faixa-usada\/\",\"url\":\"https:\/\/exceladvisor.org\/pt\/faixa-usada\/\",\"name\":\"Como usar a propriedade UsedRange em VBA no Excel?\",\"isPartOf\":{\"@id\":\"https:\/\/exceladvisor.org\/pt\/#website\"},\"primaryImageOfPage\":{\"@id\":\"https:\/\/exceladvisor.org\/pt\/faixa-usada\/#primaryimage\"},\"image\":{\"@id\":\"https:\/\/exceladvisor.org\/pt\/faixa-usada\/#primaryimage\"},\"thumbnailUrl\":\"https:\/\/exceladvisor.org\/wp-content\/uploads\/2023\/08\/1-propriete-usedrange.png\",\"datePublished\":\"2023-11-17T09:38:55+00:00\",\"dateModified\":\"2023-12-06T11:44:01+00:00\",\"description\":\"A propriedade UsedRange representa o intervalo de uma planilha que cont\u00e9m dados. Come\u00e7a com a primeira c\u00e9lula onde voc\u00ea tem um valor e\",\"breadcrumb\":{\"@id\":\"https:\/\/exceladvisor.org\/pt\/faixa-usada\/#breadcrumb\"},\"inLanguage\":\"pt-PT\",\"potentialAction\":[{\"@type\":\"ReadAction\",\"target\":[\"https:\/\/exceladvisor.org\/pt\/faixa-usada\/\"]}]},{\"@type\":\"ImageObject\",\"inLanguage\":\"pt-PT\",\"@id\":\"https:\/\/exceladvisor.org\/pt\/faixa-usada\/#primaryimage\",\"url\":\"https:\/\/exceladvisor.org\/wp-content\/uploads\/2023\/08\/1-propriete-usedrange.png\",\"contentUrl\":\"https:\/\/exceladvisor.org\/wp-content\/uploads\/2023\/08\/1-propriete-usedrange.png\"},{\"@type\":\"BreadcrumbList\",\"@id\":\"https:\/\/exceladvisor.org\/pt\/faixa-usada\/#breadcrumb\",\"itemListElement\":[{\"@type\":\"ListItem\",\"position\":1,\"name\":\"Lar\",\"item\":\"https:\/\/exceladvisor.org\/pt\/\"},{\"@type\":\"ListItem\",\"position\":2,\"name\":\"Como usar a propriedade usedrange no vba?\"}]},{\"@type\":\"WebSite\",\"@id\":\"https:\/\/exceladvisor.org\/pt\/#website\",\"url\":\"https:\/\/exceladvisor.org\/pt\/\",\"name\":\"Excel Advisor\",\"description\":\"O seu guia definitivo para dominar os dados!\",\"publisher\":{\"@id\":\"https:\/\/exceladvisor.org\/pt\/#organization\"},\"potentialAction\":[{\"@type\":\"SearchAction\",\"target\":{\"@type\":\"EntryPoint\",\"urlTemplate\":\"https:\/\/exceladvisor.org\/pt\/?s={search_term_string}\"},\"query-input\":{\"@type\":\"PropertyValueSpecification\",\"valueRequired\":true,\"valueName\":\"search_term_string\"}}],\"inLanguage\":\"pt-PT\"},{\"@type\":\"Organization\",\"@id\":\"https:\/\/exceladvisor.org\/pt\/#organization\",\"name\":\"Excel Advisor\",\"url\":\"https:\/\/exceladvisor.org\/pt\/\",\"logo\":{\"@type\":\"ImageObject\",\"inLanguage\":\"pt-PT\",\"@id\":\"https:\/\/exceladvisor.org\/pt\/#\/schema\/logo\/image\/\",\"url\":\"https:\/\/exceladvisor.org\/pt\/wp-content\/uploads\/2023\/12\/exceladvisor.org_.png\",\"contentUrl\":\"https:\/\/exceladvisor.org\/pt\/wp-content\/uploads\/2023\/12\/exceladvisor.org_.png\",\"width\":105,\"height\":36,\"caption\":\"Excel Advisor\"},\"image\":{\"@id\":\"https:\/\/exceladvisor.org\/pt\/#\/schema\/logo\/image\/\"}}]}<\/script>\n<!-- \/ Yoast SEO plugin. -->","yoast_head_json":{"title":"Como usar a propriedade UsedRange em VBA no Excel?","description":"A propriedade UsedRange representa o intervalo de uma planilha que cont\u00e9m dados. Come\u00e7a com a primeira c\u00e9lula onde voc\u00ea tem um valor e","robots":{"index":"index","follow":"follow","max-snippet":"max-snippet:-1","max-image-preview":"max-image-preview:large","max-video-preview":"max-video-preview:-1"},"canonical":"https:\/\/exceladvisor.org\/pt\/faixa-usada\/","og_locale":"pt_PT","og_type":"article","og_title":"Como usar a propriedade UsedRange em VBA no Excel?","og_description":"A propriedade UsedRange representa o intervalo de uma planilha que cont\u00e9m dados. Come\u00e7a com a primeira c\u00e9lula onde voc\u00ea tem um valor e","og_url":"https:\/\/exceladvisor.org\/pt\/faixa-usada\/","og_site_name":"Excel Advisor","article_modified_time":"2023-12-06T11:44:01+00:00","og_image":[{"url":"https:\/\/exceladvisor.org\/wp-content\/uploads\/2023\/08\/1-propriete-usedrange.png","type":"","width":"","height":""}],"twitter_card":"summary_large_image","twitter_misc":{"Tempo estimado de leitura":"3 minutos"},"schema":{"@context":"https:\/\/schema.org","@graph":[{"@type":"WebPage","@id":"https:\/\/exceladvisor.org\/pt\/faixa-usada\/","url":"https:\/\/exceladvisor.org\/pt\/faixa-usada\/","name":"Como usar a propriedade UsedRange em VBA no Excel?","isPartOf":{"@id":"https:\/\/exceladvisor.org\/pt\/#website"},"primaryImageOfPage":{"@id":"https:\/\/exceladvisor.org\/pt\/faixa-usada\/#primaryimage"},"image":{"@id":"https:\/\/exceladvisor.org\/pt\/faixa-usada\/#primaryimage"},"thumbnailUrl":"https:\/\/exceladvisor.org\/wp-content\/uploads\/2023\/08\/1-propriete-usedrange.png","datePublished":"2023-11-17T09:38:55+00:00","dateModified":"2023-12-06T11:44:01+00:00","description":"A propriedade UsedRange representa o intervalo de uma planilha que cont\u00e9m dados. Come\u00e7a com a primeira c\u00e9lula onde voc\u00ea tem um valor e","breadcrumb":{"@id":"https:\/\/exceladvisor.org\/pt\/faixa-usada\/#breadcrumb"},"inLanguage":"pt-PT","potentialAction":[{"@type":"ReadAction","target":["https:\/\/exceladvisor.org\/pt\/faixa-usada\/"]}]},{"@type":"ImageObject","inLanguage":"pt-PT","@id":"https:\/\/exceladvisor.org\/pt\/faixa-usada\/#primaryimage","url":"https:\/\/exceladvisor.org\/wp-content\/uploads\/2023\/08\/1-propriete-usedrange.png","contentUrl":"https:\/\/exceladvisor.org\/wp-content\/uploads\/2023\/08\/1-propriete-usedrange.png"},{"@type":"BreadcrumbList","@id":"https:\/\/exceladvisor.org\/pt\/faixa-usada\/#breadcrumb","itemListElement":[{"@type":"ListItem","position":1,"name":"Lar","item":"https:\/\/exceladvisor.org\/pt\/"},{"@type":"ListItem","position":2,"name":"Como usar a propriedade usedrange no vba?"}]},{"@type":"WebSite","@id":"https:\/\/exceladvisor.org\/pt\/#website","url":"https:\/\/exceladvisor.org\/pt\/","name":"Excel Advisor","description":"O seu guia definitivo para dominar os dados!","publisher":{"@id":"https:\/\/exceladvisor.org\/pt\/#organization"},"potentialAction":[{"@type":"SearchAction","target":{"@type":"EntryPoint","urlTemplate":"https:\/\/exceladvisor.org\/pt\/?s={search_term_string}"},"query-input":{"@type":"PropertyValueSpecification","valueRequired":true,"valueName":"search_term_string"}}],"inLanguage":"pt-PT"},{"@type":"Organization","@id":"https:\/\/exceladvisor.org\/pt\/#organization","name":"Excel Advisor","url":"https:\/\/exceladvisor.org\/pt\/","logo":{"@type":"ImageObject","inLanguage":"pt-PT","@id":"https:\/\/exceladvisor.org\/pt\/#\/schema\/logo\/image\/","url":"https:\/\/exceladvisor.org\/pt\/wp-content\/uploads\/2023\/12\/exceladvisor.org_.png","contentUrl":"https:\/\/exceladvisor.org\/pt\/wp-content\/uploads\/2023\/12\/exceladvisor.org_.png","width":105,"height":36,"caption":"Excel Advisor"},"image":{"@id":"https:\/\/exceladvisor.org\/pt\/#\/schema\/logo\/image\/"}}]}},"yoast_meta":{"yoast_wpseo_title":"","yoast_wpseo_metadesc":"","yoast_wpseo_canonical":""},"_links":{"self":[{"href":"https:\/\/exceladvisor.org\/pt\/wp-json\/wp\/v2\/pages\/75","targetHints":{"allow":["GET"]}}],"collection":[{"href":"https:\/\/exceladvisor.org\/pt\/wp-json\/wp\/v2\/pages"}],"about":[{"href":"https:\/\/exceladvisor.org\/pt\/wp-json\/wp\/v2\/types\/page"}],"author":[{"embeddable":true,"href":"https:\/\/exceladvisor.org\/pt\/wp-json\/wp\/v2\/users\/1"}],"replies":[{"embeddable":true,"href":"https:\/\/exceladvisor.org\/pt\/wp-json\/wp\/v2\/comments?post=75"}],"version-history":[{"count":1,"href":"https:\/\/exceladvisor.org\/pt\/wp-json\/wp\/v2\/pages\/75\/revisions"}],"predecessor-version":[{"id":1339,"href":"https:\/\/exceladvisor.org\/pt\/wp-json\/wp\/v2\/pages\/75\/revisions\/1339"}],"wp:attachment":[{"href":"https:\/\/exceladvisor.org\/pt\/wp-json\/wp\/v2\/media?parent=75"}],"curies":[{"name":"wp","href":"https:\/\/api.w.org\/{rel}","templated":true}]}}