{"id":76,"date":"2023-11-17T09:32:12","date_gmt":"2023-11-17T09:32:12","guid":{"rendered":"https:\/\/exceladvisor.org\/pt\/faixa-variavel\/"},"modified":"2023-12-06T11:50:21","modified_gmt":"2023-12-06T11:50:21","slug":"faixa-variavel","status":"publish","type":"page","link":"https:\/\/exceladvisor.org\/pt\/faixa-variavel\/","title":{"rendered":"Como usar uma c\u00e9lula como vari\u00e1vel no vba?"},"content":{"rendered":"<div class=\"excel-before-content-2\" id=\"excel-3191732697\"><script type=\"text\/javascript\">\r\n\tatOptions = {\r\n\t\t'key' : 'c1158f160081d6540a8409e6925dab94',\r\n\t\t'format' : 'iframe',\r\n\t\t'height' : 250,\r\n\t\t'width' : 300,\r\n\t\t'params' : {}\r\n\t};\r\n<\/script>\r\n<script type=\"text\/javascript\" src=\"\/\/www.highperformanceformat.com\/c1158f160081d6540a8409e6925dab94\/invoke.js\"><\/script><\/div><div class=\"excel-before-content\" id=\"excel-2154694832\"><script type=\"text\/javascript\">\r\n\tatOptions = {\r\n\t\t'key' : 'c1158f160081d6540a8409e6925dab94',\r\n\t\t'format' : 'iframe',\r\n\t\t'height' : 250,\r\n\t\t'width' : 300,\r\n\t\t'params' : {}\r\n\t};\r\n<\/script>\r\n<script type=\"text\/javascript\" src=\"\/\/www.highperformanceformat.com\/c1158f160081d6540a8409e6925dab94\/invoke.js\"><\/script><\/div> <p>Para usar um intervalo ou uma \u00fanica c\u00e9lula como vari\u00e1vel, voc\u00ea deve primeiro declarar essa vari\u00e1vel com o tipo de dados intervalo. Depois de fazer isso, voc\u00ea precisa especificar um intervalo de uma c\u00e9lula para esta vari\u00e1vel usando o objeto range. Isso tamb\u00e9m lhe d\u00e1 acesso a todas as propriedades e m\u00e9todos que voc\u00ea pode usar com um intervalo.<\/p><ol type=\"1\"><li> Use a palavra-chave \u201cDim\u201d e insira o nome da vari\u00e1vel.<\/li><li> Declare a palavra-chave como <a href=\"https:\/\/exceladvisor.org\/pt\/intervalo-1\/\">Range<\/a> .<\/li><li> Digite o nome da vari\u00e1vel.<\/li><li> Especifique o intervalo que deseja atribuir \u00e0 vari\u00e1vel. <\/li><\/ol><div class=\"wp-block-image\"><figure class=\"aligncenter size-large is-resized\"><img loading=\"lazy\" decoding=\"async\" class=\"wp-image-53824\" src=\"https:\/\/exceladvisor.org\/wp-content\/uploads\/2023\/08\/1-utiliser-le-mot-cle-dim.png\" sizes=\"auto, \" srcset=\"\" alt=\"use a palavra-chave dim\" width=\"355\" height=\"264\"><\/figure><\/div><h2 class=\"wp-block-heading\"> Definir sele\u00e7\u00e3o para vari\u00e1vel de intervalo<\/h2><p> Voc\u00ea tamb\u00e9m pode usar o intervalo selecionado para uma vari\u00e1vel e depois usar essa vari\u00e1vel para acessar propriedades e m\u00e9todos. Considere o seguinte c\u00f3digo.<\/p><pre class=\"wp-block-code\"> <code class=\"language-visual-basic\" lang=\"visual-basic\">Sub vba_range_variable() Dim rng As Range Set rng = Selection Selection.Clear End Sub<\/code><\/pre><p> Mas h\u00e1 uma coisa que voc\u00ea precisa ter cuidado: ao <a href=\"https:\/\/exceladvisor.org\/pt\/objetos\/\">selecionar um objeto<\/a> diferente de um intervalo, o VBA mostrar\u00e1 um erro. <\/p><div class=\"wp-block-image\"><figure class=\"aligncenter size-large is-resized\"><img loading=\"lazy\" decoding=\"async\" class=\"wp-image-53825\" src=\"https:\/\/exceladvisor.org\/wp-content\/uploads\/2023\/08\/2-selection-dun-objet-autre-que-la-plage.png\" sizes=\"auto, \" srcset=\"\" alt=\"selecionando um objeto diferente do intervalo\" width=\"580\" height=\"384\"><\/figure><\/div><p> Mas tamb\u00e9m \u00e9 um m\u00e9todo din\u00e2mico onde voc\u00ea n\u00e3o precisa alterar o intervalo repetidamente.<\/p><h2 class=\"wp-block-heading\"> Copie um intervalo usando uma vari\u00e1vel<\/h2><p> Depois de <a href=\"https:\/\/exceladvisor.org\/pt\/variaveis\/\">declarar uma vari\u00e1vel<\/a> como um intervalo, voc\u00ea tamb\u00e9m pode copiar esse intervalo usando o nome da vari\u00e1vel. Suponha que voc\u00ea tenha declarado o intervalo A1:A10 como vari\u00e1vel rng (exemplo acima), voc\u00ea pode copi\u00e1-lo usando o c\u00f3digo a seguir. <\/p><div class=\"wp-block-image\"><figure class=\"aligncenter size-large is-resized\"><img loading=\"lazy\" decoding=\"async\" class=\"wp-image-53826\" src=\"https:\/\/exceladvisor.org\/wp-content\/uploads\/2023\/08\/3-copier-la-plage-en-utilisant-la-variable.png\" sizes=\"auto, \" srcset=\"\" alt=\"copiar organizar usando uma vari\u00e1vel\" width=\"567\" height=\"309\"><\/figure><\/div><pre class=\"wp-block-code\"> <code class=\"language-visual-basic\" lang=\"visual-basic\">Sub vba_range_variable() Dim rng As Range Set rng = Range(\"A1:A10\") rng.Copy End Sub<\/code><\/pre><h2 class=\"wp-block-heading\"> Usando a vari\u00e1vel de intervalo em uma fun\u00e7\u00e3o<\/h2><p> Voc\u00ea tamb\u00e9m pode usar uma vari\u00e1vel de intervalo para se referir a um intervalo em uma fun\u00e7\u00e3o ao escrever uma macro. Considere o seguinte c\u00f3digo. <\/p><pre class=\"wp-block-code\"> <code class=\"language-visual-basic\" lang=\"visual-basic\">Sub vba_range_variable() Dim iNames As Variant Dim rng As Range Set rng = Range(\"A1:A10\") Range(\"B1\") = WorksheetFunction.Max(rng) End Sub<\/code><\/pre><div class=\"wp-block-image\"><figure class=\"aligncenter size-large is-resized\"><img loading=\"lazy\" decoding=\"async\" class=\"wp-image-53827\" src=\"https:\/\/exceladvisor.org\/wp-content\/uploads\/2023\/08\/4-plage-dutilisation-disponible-dans-une-fonction.png\" sizes=\"auto, \" srcset=\"\" alt=\"usar uma vari\u00e1vel de intervalo em uma fun\u00e7\u00e3o\" width=\"546\" height=\"312\"><\/figure><\/div><p> Leva valores no intervalo A1:A10 e como \u00e9 necess\u00e1rio usar a vari\u00e1vel \u201crng\u201d, usamos a vari\u00e1vel no valor m\u00e1ximo para produzi-lo.<\/p><p> <strong>Relacionado:<\/strong> <a href=\"https:\/\/exceladvisor.org\/pt\/funcao-de-planilha\/\">Como usar WorksheetFunction em VBA<\/a><\/p><h2 class=\"wp-block-heading\"> Conte o n\u00famero de linhas e colunas<\/h2><p> Como eu disse antes, depois de especificar uma vari\u00e1vel como um intervalo, voc\u00ea tamb\u00e9m obter\u00e1 todas as propriedades e m\u00e9todos de acesso. Imagine se voc\u00ea quiser contar linhas e colunas. Aqui est\u00e1 o c\u00f3digo que pode ser usado. <\/p><pre class=\"wp-block-code\"> <code class=\"language-visual-basic\" lang=\"visual-basic\">Sub vba_range_variable() Dim rng As Range Set rng = Range(\"A1:A10\") MsgBox \"This range has \" &amp; _ rng.Rows.Count &amp; \" row(s) and \" &amp; _ rng.Columns.Count &amp; \" coulmn(s).\" End Sub<\/code><\/pre><div class=\"wp-block-image\"><figure class=\"aligncenter size-large is-resized\"><img loading=\"lazy\" decoding=\"async\" class=\"wp-image-53828\" src=\"https:\/\/exceladvisor.org\/wp-content\/uploads\/2023\/08\/5-compter-le-nombre-de-lignes-et-de-colonnes.png\" sizes=\"auto, \" srcset=\"\" alt=\"contar o n\u00famero de linhas e colunas\" width=\"464\" height=\"388\"><\/figure><\/div><p> Ao executar esse c\u00f3digo, ele <a href=\"https:\/\/exceladvisor.org\/pt\/caixa-de-mensagens-vba\/\">exibe uma mensagem<\/a> com o n\u00famero de linhas e colunas no intervalo especificado na vari\u00e1vel.<\/p><h2 class=\"wp-block-heading\"> Defini\u00e7\u00e3o de planilha com intervalo<\/h2><p> Em todos os exemplos acima, utilizamos o intervalo sem citar a planilha, portanto, ao executar esse c\u00f3digo, o VBA sempre far\u00e1 refer\u00eancia ao intervalo da planilha ativa. Mas se quiser fazer refer\u00eancia a uma planilha espec\u00edfica, voc\u00ea precisa usar o <a href=\"https:\/\/exceladvisor.org\/pt\/planilha-1\/\">objeto planilha<\/a> com o intervalo.<\/p><pre class=\"wp-block-code\"> <code class=\"language-visual-basic\" lang=\"visual-basic\">Dim rng As Range Set rng = Worksheets(\"Sheet1\").Range(\"A1:A10\")<\/code><\/pre><div class=\"gb-container gb-container-4db6181c gb-container-mt\"> <a class=\"gb-button gb-button-c5897111 gb-button-text gb-button-mt-button\" href=\"https:\/\/exceladvisor.org\/pt\/vba\/\">O que \u00e9 VBA<\/a><h2 class=\"gb-headline gb-headline-665e5f6b gb-headline-text gb-headline-mt-heading\"> Tutoriais relacionados <\/h2><div class=\"gb-grid-wrapper gb-grid-wrapper-a20baf7c gb-grid-wrapper-mt-grid\"><div class=\"gb-grid-column gb-grid-column-65ddf67e\"><div class=\"gb-container gb-container-65ddf67e\"><ul><li> <a href=\"https:\/\/exceladvisor.org\/pt\/variavel-global\/\">Declare uma vari\u00e1vel global (p\u00fablica) em VBA<\/a><\/li><li> <a href=\"https:\/\/exceladvisor.org\/pt\/opcao-explicita-2\/\">Declara\u00e7\u00e3o de op\u00e7\u00e3o expl\u00edcita em VBA<\/a><\/li><li> <a href=\"https:\/\/exceladvisor.org\/pt\/caixa-de-mensagem-variavel\/\">Vari\u00e1vel em uma caixa de mensagem<\/a><\/li><li> <a href=\"https:\/\/exceladvisor.org\/pt\/constantes\/\">VBA constante<\/a><\/li><li> <a href=\"https:\/\/exceladvisor.org\/pt\/fraco\/\">Instru\u00e7\u00e3o Dim VBA<\/a><\/li><li> <a href=\"https:\/\/exceladvisor.org\/pt\/variaveis\/\">Vari\u00e1veis VBA (declara\u00e7\u00e3o, tipos de dados e escopo)<\/a> <\/li><\/ul><\/div><\/div><div class=\"gb-grid-column gb-grid-column-50067b57\"><div class=\"gb-container gb-container-50067b57\"><\/div><\/div><\/div><\/div>","protected":false},"excerpt":{"rendered":"","protected":false},"author":1,"featured_media":0,"parent":0,"menu_order":0,"comment_status":"open","ping_status":"closed","template":"","meta":{"ub_ctt_via":"","footnotes":""},"class_list":["post-76","page","type-page","status-publish","hentry"],"featured_image_src":null,"yoast_head":"<!-- This site is optimized with the Yoast SEO plugin v25.4 - https:\/\/yoast.com\/wordpress\/plugins\/seo\/ -->\n<title>Como usar uma c\u00e9lula como vari\u00e1vel no VBA?<\/title>\n<meta name=\"description\" content=\"Para usar um intervalo ou c\u00e9lula como vari\u00e1vel, voc\u00ea deve primeiro declarar essa vari\u00e1vel como um intervalo. Uma vez que voc\u00ea\" \/>\n<meta name=\"robots\" content=\"index, follow, max-snippet:-1, max-image-preview:large, max-video-preview:-1\" \/>\n<link rel=\"canonical\" href=\"https:\/\/exceladvisor.org\/pt\/faixa-variavel\/\" \/>\n<meta property=\"og:locale\" content=\"pt_PT\" \/>\n<meta property=\"og:type\" content=\"article\" \/>\n<meta property=\"og:title\" content=\"Como usar uma c\u00e9lula como vari\u00e1vel no VBA?\" \/>\n<meta property=\"og:description\" content=\"Para usar um intervalo ou c\u00e9lula como vari\u00e1vel, voc\u00ea deve primeiro declarar essa vari\u00e1vel como um intervalo. Uma vez que voc\u00ea\" \/>\n<meta property=\"og:url\" content=\"https:\/\/exceladvisor.org\/pt\/faixa-variavel\/\" \/>\n<meta property=\"og:site_name\" content=\"Excel Advisor\" \/>\n<meta property=\"article:modified_time\" content=\"2023-12-06T11:50:21+00:00\" \/>\n<meta property=\"og:image\" content=\"https:\/\/exceladvisor.org\/wp-content\/uploads\/2023\/08\/1-utiliser-le-mot-cle-dim.png\" \/>\n<meta name=\"twitter:card\" content=\"summary_large_image\" \/>\n<meta name=\"twitter:label1\" content=\"Tempo estimado de leitura\" \/>\n\t<meta name=\"twitter:data1\" content=\"3 minutos\" \/>\n<script type=\"application\/ld+json\" class=\"yoast-schema-graph\">{\"@context\":\"https:\/\/schema.org\",\"@graph\":[{\"@type\":\"WebPage\",\"@id\":\"https:\/\/exceladvisor.org\/pt\/faixa-variavel\/\",\"url\":\"https:\/\/exceladvisor.org\/pt\/faixa-variavel\/\",\"name\":\"Como usar uma c\u00e9lula como vari\u00e1vel no VBA?\",\"isPartOf\":{\"@id\":\"https:\/\/exceladvisor.org\/pt\/#website\"},\"primaryImageOfPage\":{\"@id\":\"https:\/\/exceladvisor.org\/pt\/faixa-variavel\/#primaryimage\"},\"image\":{\"@id\":\"https:\/\/exceladvisor.org\/pt\/faixa-variavel\/#primaryimage\"},\"thumbnailUrl\":\"https:\/\/exceladvisor.org\/wp-content\/uploads\/2023\/08\/1-utiliser-le-mot-cle-dim.png\",\"datePublished\":\"2023-11-17T09:32:12+00:00\",\"dateModified\":\"2023-12-06T11:50:21+00:00\",\"description\":\"Para usar um intervalo ou c\u00e9lula como vari\u00e1vel, voc\u00ea deve primeiro declarar essa vari\u00e1vel como um intervalo. Uma vez que voc\u00ea\",\"breadcrumb\":{\"@id\":\"https:\/\/exceladvisor.org\/pt\/faixa-variavel\/#breadcrumb\"},\"inLanguage\":\"pt-PT\",\"potentialAction\":[{\"@type\":\"ReadAction\",\"target\":[\"https:\/\/exceladvisor.org\/pt\/faixa-variavel\/\"]}]},{\"@type\":\"ImageObject\",\"inLanguage\":\"pt-PT\",\"@id\":\"https:\/\/exceladvisor.org\/pt\/faixa-variavel\/#primaryimage\",\"url\":\"https:\/\/exceladvisor.org\/wp-content\/uploads\/2023\/08\/1-utiliser-le-mot-cle-dim.png\",\"contentUrl\":\"https:\/\/exceladvisor.org\/wp-content\/uploads\/2023\/08\/1-utiliser-le-mot-cle-dim.png\"},{\"@type\":\"BreadcrumbList\",\"@id\":\"https:\/\/exceladvisor.org\/pt\/faixa-variavel\/#breadcrumb\",\"itemListElement\":[{\"@type\":\"ListItem\",\"position\":1,\"name\":\"Lar\",\"item\":\"https:\/\/exceladvisor.org\/pt\/\"},{\"@type\":\"ListItem\",\"position\":2,\"name\":\"Como usar uma c\u00e9lula como vari\u00e1vel no vba?\"}]},{\"@type\":\"WebSite\",\"@id\":\"https:\/\/exceladvisor.org\/pt\/#website\",\"url\":\"https:\/\/exceladvisor.org\/pt\/\",\"name\":\"Excel Advisor\",\"description\":\"O seu guia definitivo para dominar os dados!\",\"publisher\":{\"@id\":\"https:\/\/exceladvisor.org\/pt\/#organization\"},\"potentialAction\":[{\"@type\":\"SearchAction\",\"target\":{\"@type\":\"EntryPoint\",\"urlTemplate\":\"https:\/\/exceladvisor.org\/pt\/?s={search_term_string}\"},\"query-input\":{\"@type\":\"PropertyValueSpecification\",\"valueRequired\":true,\"valueName\":\"search_term_string\"}}],\"inLanguage\":\"pt-PT\"},{\"@type\":\"Organization\",\"@id\":\"https:\/\/exceladvisor.org\/pt\/#organization\",\"name\":\"Excel Advisor\",\"url\":\"https:\/\/exceladvisor.org\/pt\/\",\"logo\":{\"@type\":\"ImageObject\",\"inLanguage\":\"pt-PT\",\"@id\":\"https:\/\/exceladvisor.org\/pt\/#\/schema\/logo\/image\/\",\"url\":\"https:\/\/exceladvisor.org\/pt\/wp-content\/uploads\/2023\/12\/exceladvisor.org_.png\",\"contentUrl\":\"https:\/\/exceladvisor.org\/pt\/wp-content\/uploads\/2023\/12\/exceladvisor.org_.png\",\"width\":105,\"height\":36,\"caption\":\"Excel Advisor\"},\"image\":{\"@id\":\"https:\/\/exceladvisor.org\/pt\/#\/schema\/logo\/image\/\"}}]}<\/script>\n<!-- \/ Yoast SEO plugin. -->","yoast_head_json":{"title":"Como usar uma c\u00e9lula como vari\u00e1vel no VBA?","description":"Para usar um intervalo ou c\u00e9lula como vari\u00e1vel, voc\u00ea deve primeiro declarar essa vari\u00e1vel como um intervalo. Uma vez que voc\u00ea","robots":{"index":"index","follow":"follow","max-snippet":"max-snippet:-1","max-image-preview":"max-image-preview:large","max-video-preview":"max-video-preview:-1"},"canonical":"https:\/\/exceladvisor.org\/pt\/faixa-variavel\/","og_locale":"pt_PT","og_type":"article","og_title":"Como usar uma c\u00e9lula como vari\u00e1vel no VBA?","og_description":"Para usar um intervalo ou c\u00e9lula como vari\u00e1vel, voc\u00ea deve primeiro declarar essa vari\u00e1vel como um intervalo. Uma vez que voc\u00ea","og_url":"https:\/\/exceladvisor.org\/pt\/faixa-variavel\/","og_site_name":"Excel Advisor","article_modified_time":"2023-12-06T11:50:21+00:00","og_image":[{"url":"https:\/\/exceladvisor.org\/wp-content\/uploads\/2023\/08\/1-utiliser-le-mot-cle-dim.png","type":"","width":"","height":""}],"twitter_card":"summary_large_image","twitter_misc":{"Tempo estimado de leitura":"3 minutos"},"schema":{"@context":"https:\/\/schema.org","@graph":[{"@type":"WebPage","@id":"https:\/\/exceladvisor.org\/pt\/faixa-variavel\/","url":"https:\/\/exceladvisor.org\/pt\/faixa-variavel\/","name":"Como usar uma c\u00e9lula como vari\u00e1vel no VBA?","isPartOf":{"@id":"https:\/\/exceladvisor.org\/pt\/#website"},"primaryImageOfPage":{"@id":"https:\/\/exceladvisor.org\/pt\/faixa-variavel\/#primaryimage"},"image":{"@id":"https:\/\/exceladvisor.org\/pt\/faixa-variavel\/#primaryimage"},"thumbnailUrl":"https:\/\/exceladvisor.org\/wp-content\/uploads\/2023\/08\/1-utiliser-le-mot-cle-dim.png","datePublished":"2023-11-17T09:32:12+00:00","dateModified":"2023-12-06T11:50:21+00:00","description":"Para usar um intervalo ou c\u00e9lula como vari\u00e1vel, voc\u00ea deve primeiro declarar essa vari\u00e1vel como um intervalo. Uma vez que voc\u00ea","breadcrumb":{"@id":"https:\/\/exceladvisor.org\/pt\/faixa-variavel\/#breadcrumb"},"inLanguage":"pt-PT","potentialAction":[{"@type":"ReadAction","target":["https:\/\/exceladvisor.org\/pt\/faixa-variavel\/"]}]},{"@type":"ImageObject","inLanguage":"pt-PT","@id":"https:\/\/exceladvisor.org\/pt\/faixa-variavel\/#primaryimage","url":"https:\/\/exceladvisor.org\/wp-content\/uploads\/2023\/08\/1-utiliser-le-mot-cle-dim.png","contentUrl":"https:\/\/exceladvisor.org\/wp-content\/uploads\/2023\/08\/1-utiliser-le-mot-cle-dim.png"},{"@type":"BreadcrumbList","@id":"https:\/\/exceladvisor.org\/pt\/faixa-variavel\/#breadcrumb","itemListElement":[{"@type":"ListItem","position":1,"name":"Lar","item":"https:\/\/exceladvisor.org\/pt\/"},{"@type":"ListItem","position":2,"name":"Como usar uma c\u00e9lula como vari\u00e1vel no vba?"}]},{"@type":"WebSite","@id":"https:\/\/exceladvisor.org\/pt\/#website","url":"https:\/\/exceladvisor.org\/pt\/","name":"Excel Advisor","description":"O seu guia definitivo para dominar os dados!","publisher":{"@id":"https:\/\/exceladvisor.org\/pt\/#organization"},"potentialAction":[{"@type":"SearchAction","target":{"@type":"EntryPoint","urlTemplate":"https:\/\/exceladvisor.org\/pt\/?s={search_term_string}"},"query-input":{"@type":"PropertyValueSpecification","valueRequired":true,"valueName":"search_term_string"}}],"inLanguage":"pt-PT"},{"@type":"Organization","@id":"https:\/\/exceladvisor.org\/pt\/#organization","name":"Excel Advisor","url":"https:\/\/exceladvisor.org\/pt\/","logo":{"@type":"ImageObject","inLanguage":"pt-PT","@id":"https:\/\/exceladvisor.org\/pt\/#\/schema\/logo\/image\/","url":"https:\/\/exceladvisor.org\/pt\/wp-content\/uploads\/2023\/12\/exceladvisor.org_.png","contentUrl":"https:\/\/exceladvisor.org\/pt\/wp-content\/uploads\/2023\/12\/exceladvisor.org_.png","width":105,"height":36,"caption":"Excel Advisor"},"image":{"@id":"https:\/\/exceladvisor.org\/pt\/#\/schema\/logo\/image\/"}}]}},"yoast_meta":{"yoast_wpseo_title":"","yoast_wpseo_metadesc":"","yoast_wpseo_canonical":""},"_links":{"self":[{"href":"https:\/\/exceladvisor.org\/pt\/wp-json\/wp\/v2\/pages\/76","targetHints":{"allow":["GET"]}}],"collection":[{"href":"https:\/\/exceladvisor.org\/pt\/wp-json\/wp\/v2\/pages"}],"about":[{"href":"https:\/\/exceladvisor.org\/pt\/wp-json\/wp\/v2\/types\/page"}],"author":[{"embeddable":true,"href":"https:\/\/exceladvisor.org\/pt\/wp-json\/wp\/v2\/users\/1"}],"replies":[{"embeddable":true,"href":"https:\/\/exceladvisor.org\/pt\/wp-json\/wp\/v2\/comments?post=76"}],"version-history":[{"count":1,"href":"https:\/\/exceladvisor.org\/pt\/wp-json\/wp\/v2\/pages\/76\/revisions"}],"predecessor-version":[{"id":1384,"href":"https:\/\/exceladvisor.org\/pt\/wp-json\/wp\/v2\/pages\/76\/revisions\/1384"}],"wp:attachment":[{"href":"https:\/\/exceladvisor.org\/pt\/wp-json\/wp\/v2\/media?parent=76"}],"curies":[{"name":"wp","href":"https:\/\/api.w.org\/{rel}","templated":true}]}}