{"id":77,"date":"2023-11-17T08:33:05","date_gmt":"2023-11-17T08:33:05","guid":{"rendered":"https:\/\/exceladvisor.org\/pt\/verifique-a-celula-vazia\/"},"modified":"2023-12-06T11:50:30","modified_gmt":"2023-12-06T11:50:30","slug":"verifique-a-celula-vazia","status":"publish","type":"page","link":"https:\/\/exceladvisor.org\/pt\/verifique-a-celula-vazia\/","title":{"rendered":"Como verificar se uma c\u00e9lula est\u00e1 vazia via vba?"},"content":{"rendered":"<div class=\"excel-before-content-2\" id=\"excel-1876319671\"><script type=\"text\/javascript\">\r\n\tatOptions = {\r\n\t\t'key' : 'c1158f160081d6540a8409e6925dab94',\r\n\t\t'format' : 'iframe',\r\n\t\t'height' : 250,\r\n\t\t'width' : 300,\r\n\t\t'params' : {}\r\n\t};\r\n<\/script>\r\n<script type=\"text\/javascript\" src=\"\/\/www.highperformanceformat.com\/c1158f160081d6540a8409e6925dab94\/invoke.js\"><\/script><\/div><div class=\"excel-before-content\" id=\"excel-2686649142\"><script type=\"text\/javascript\">\r\n\tatOptions = {\r\n\t\t'key' : 'c1158f160081d6540a8409e6925dab94',\r\n\t\t'format' : 'iframe',\r\n\t\t'height' : 250,\r\n\t\t'width' : 300,\r\n\t\t'params' : {}\r\n\t};\r\n<\/script>\r\n<script type=\"text\/javascript\" src=\"\/\/www.highperformanceformat.com\/c1158f160081d6540a8409e6925dab94\/invoke.js\"><\/script><\/div> <p>Para verificar se uma c\u00e9lula est\u00e1 vazia, voc\u00ea pode usar <a href=\"https:\/\/exceladvisor.org\/pt\/esta-vazia\/\">a fun\u00e7\u00e3o ISEMPTY do VBA<\/a> . Nesta fun\u00e7\u00e3o, voc\u00ea precisa usar o objeto range para especificar a c\u00e9lula que deseja verificar e retorna verdadeiro se a c\u00e9lula estiver vazia, caso contr\u00e1rio, falso. Voc\u00ea pode usar uma caixa de mensagem ou uma c\u00e9lula para obter o resultado.<\/p><h2 class=\"wp-block-heading\"> Use VBA para verificar se uma c\u00e9lula est\u00e1 vazia<\/h2><ol type=\"1\"><li> Comece com o nome da fun\u00e7\u00e3o \u201cIsEmpty\u201d.<\/li><li> Especifique a c\u00e9lula que deseja verificar.<\/li><li> Use uma caixa de mensagem ou c\u00e9lula para obter o valor do resultado.<\/li><li> No final, execute o c\u00f3digo. <\/li><\/ol><pre class=\"wp-block-code\"> <code class=\"language-visual-basic\" lang=\"visual-basic\">MsgBox IsEmpty(Range(\"A1\"))<\/code><\/pre><div class=\"wp-block-image\"><figure class=\"aligncenter size-large is-resized\"><img loading=\"lazy\" decoding=\"async\" class=\"wp-image-54527\" src=\"https:\/\/exceladvisor.org\/wp-content\/uploads\/2023\/08\/1-utiliser-vba-pour-verifier-si-une-cellule-est-vide.png\" sizes=\"auto, \" srcset=\"\" alt=\"use vba para verificar se uma c\u00e9lula est\u00e1 vazia\" width=\"584\" height=\"472\"><\/figure><\/div><h2 class=\"wp-block-heading\"> Verifique se v\u00e1rias c\u00e9lulas est\u00e3o vazias<\/h2><p> Se voc\u00ea deseja verificar e contar c\u00e9lulas vazias em um intervalo quando precisar iterar em cada c\u00e9lula do intervalo.<\/p><pre class=\"wp-block-code\"> <code class=\"language-visual-basic\" lang=\"visual-basic\">Sub vba_check_empty_cells() Dim i As Long Dim c As Long Dim myRange As Range Dim myCell As Range Set myRange = Range(\"A1:A10\") For Each myCell In myRange c = c + 1 If IsEmpty(myCell) Then i = i + 1 End If Next myCell MsgBox _ \"There are total \" &amp; i &amp; \" empty cell(s) out of \" &amp; c &amp; \".\" End Sub<\/code><\/pre><p> O c\u00f3digo acima passa por cada c\u00e9lula do intervalo A1:A10 e verifica cada c\u00e9lula, uma por uma, usando a fun\u00e7\u00e3o ISEMPTY, esteja ela vazia ou n\u00e3o.<\/p><p> E para cada c\u00e9lula vazia \u00e9 feita uma contagem e, ao final, exibe uma caixa de mensagem com o n\u00famero total de c\u00e9lulas e c\u00e9lulas vazias.<\/p><p> Use o c\u00f3digo a seguir se tamb\u00e9m quiser destacar c\u00e9lulas vazias.<\/p><pre class=\"wp-block-code\"> <code class=\"language-visual-basic\" lang=\"visual-basic\">Dim i As Long Dim c As Long Dim myRange As Range Dim myCell As Range Set myRange = Range(\"A1:A10\") For Each myCell In myRange ' c = c + 1 If IsEmpty(myCell) Then myCell.Interior.Color = RGB(255, 87, 87) i = i + 1 End If Next myCell MsgBox _ \"There are total \" &amp; i &amp; \" empty cell(s) out of \" &amp; c &amp; \".\"<\/code><\/pre><div class=\"gb-container gb-container-4db6181c gb-container-mt\"> <a class=\"gb-button gb-button-c5897111 gb-button-text gb-button-mt-button\" href=\"https:\/\/exceladvisor.org\/pt\/vba\/\">O que \u00e9 VBA<\/a><h2 class=\"gb-headline gb-headline-665e5f6b gb-headline-text gb-headline-mt-heading\"> Tutoriais relacionados <\/h2><div class=\"gb-grid-wrapper gb-grid-wrapper-a20baf7c gb-grid-wrapper-mt-grid\"><div class=\"gb-grid-column gb-grid-column-65ddf67e\"><div class=\"gb-container gb-container-65ddf67e\"><ul><li> <a href=\"https:\/\/exceladvisor.org\/pt\/numero-de-linhas\/\">Contar linhas usando VBA no Excel<\/a><\/li><li> <a href=\"https:\/\/exceladvisor.org\/pt\/fonte-de-caracteres\/\">Fonte Excel VBA (cor, tamanho, tipo e negrito)<\/a><\/li><li> <a href=\"https:\/\/exceladvisor.org\/pt\/ocultar-mostrar-linha-da-coluna\/\">Excel VBA Ocultar e mostrar uma coluna ou linha<\/a><\/li><li> <a href=\"https:\/\/exceladvisor.org\/pt\/intervalo-1\/\">Intervalo VBA do Excel \u2013 Trabalhando com intervalo e c\u00e9lulas<\/a><\/li><li> <a href=\"https:\/\/exceladvisor.org\/pt\/fronteiras\/\">Aplicar bordas a uma c\u00e9lula usando VBA no Excel<\/a> <\/li><\/ul><\/div><\/div><div class=\"gb-grid-column gb-grid-column-50067b57\"><div class=\"gb-container gb-container-50067b57\"><\/div><\/div><\/div><\/div>","protected":false},"excerpt":{"rendered":"","protected":false},"author":1,"featured_media":0,"parent":0,"menu_order":0,"comment_status":"open","ping_status":"closed","template":"","meta":{"ub_ctt_via":"","footnotes":""},"class_list":["post-77","page","type-page","status-publish","hentry"],"featured_image_src":null,"yoast_head":"<!-- This site is optimized with the Yoast SEO plugin v25.4 - https:\/\/yoast.com\/wordpress\/plugins\/seo\/ -->\n<title>Como verificar se uma c\u00e9lula est\u00e1 vazia via VBA? (Tutorial 2023)<\/title>\n<meta name=\"description\" content=\"Este tutorial mostra como usar VBA para verificar se uma c\u00e9lula ou intervalo est\u00e1 vazio ou n\u00e3o usando a fun\u00e7\u00e3o\" \/>\n<meta name=\"robots\" content=\"index, follow, max-snippet:-1, max-image-preview:large, max-video-preview:-1\" \/>\n<link rel=\"canonical\" href=\"https:\/\/exceladvisor.org\/pt\/verifique-a-celula-vazia\/\" \/>\n<meta property=\"og:locale\" content=\"pt_PT\" \/>\n<meta property=\"og:type\" content=\"article\" \/>\n<meta property=\"og:title\" content=\"Como verificar se uma c\u00e9lula est\u00e1 vazia via VBA? (Tutorial 2023)\" \/>\n<meta property=\"og:description\" content=\"Este tutorial mostra como usar VBA para verificar se uma c\u00e9lula ou intervalo est\u00e1 vazio ou n\u00e3o usando a fun\u00e7\u00e3o\" \/>\n<meta property=\"og:url\" content=\"https:\/\/exceladvisor.org\/pt\/verifique-a-celula-vazia\/\" \/>\n<meta property=\"og:site_name\" content=\"Excel Advisor\" \/>\n<meta property=\"article:modified_time\" content=\"2023-12-06T11:50:30+00:00\" \/>\n<meta property=\"og:image\" content=\"https:\/\/exceladvisor.org\/wp-content\/uploads\/2023\/08\/1-utiliser-vba-pour-verifier-si-une-cellule-est-vide.png\" \/>\n<meta name=\"twitter:card\" content=\"summary_large_image\" \/>\n<meta name=\"twitter:label1\" content=\"Tempo estimado de leitura\" \/>\n\t<meta name=\"twitter:data1\" content=\"2 minutos\" \/>\n<script type=\"application\/ld+json\" class=\"yoast-schema-graph\">{\"@context\":\"https:\/\/schema.org\",\"@graph\":[{\"@type\":\"WebPage\",\"@id\":\"https:\/\/exceladvisor.org\/pt\/verifique-a-celula-vazia\/\",\"url\":\"https:\/\/exceladvisor.org\/pt\/verifique-a-celula-vazia\/\",\"name\":\"Como verificar se uma c\u00e9lula est\u00e1 vazia via VBA? (Tutorial 2023)\",\"isPartOf\":{\"@id\":\"https:\/\/exceladvisor.org\/pt\/#website\"},\"primaryImageOfPage\":{\"@id\":\"https:\/\/exceladvisor.org\/pt\/verifique-a-celula-vazia\/#primaryimage\"},\"image\":{\"@id\":\"https:\/\/exceladvisor.org\/pt\/verifique-a-celula-vazia\/#primaryimage\"},\"thumbnailUrl\":\"https:\/\/exceladvisor.org\/wp-content\/uploads\/2023\/08\/1-utiliser-vba-pour-verifier-si-une-cellule-est-vide.png\",\"datePublished\":\"2023-11-17T08:33:05+00:00\",\"dateModified\":\"2023-12-06T11:50:30+00:00\",\"description\":\"Este tutorial mostra como usar VBA para verificar se uma c\u00e9lula ou intervalo est\u00e1 vazio ou n\u00e3o usando a fun\u00e7\u00e3o\",\"breadcrumb\":{\"@id\":\"https:\/\/exceladvisor.org\/pt\/verifique-a-celula-vazia\/#breadcrumb\"},\"inLanguage\":\"pt-PT\",\"potentialAction\":[{\"@type\":\"ReadAction\",\"target\":[\"https:\/\/exceladvisor.org\/pt\/verifique-a-celula-vazia\/\"]}]},{\"@type\":\"ImageObject\",\"inLanguage\":\"pt-PT\",\"@id\":\"https:\/\/exceladvisor.org\/pt\/verifique-a-celula-vazia\/#primaryimage\",\"url\":\"https:\/\/exceladvisor.org\/wp-content\/uploads\/2023\/08\/1-utiliser-vba-pour-verifier-si-une-cellule-est-vide.png\",\"contentUrl\":\"https:\/\/exceladvisor.org\/wp-content\/uploads\/2023\/08\/1-utiliser-vba-pour-verifier-si-une-cellule-est-vide.png\"},{\"@type\":\"BreadcrumbList\",\"@id\":\"https:\/\/exceladvisor.org\/pt\/verifique-a-celula-vazia\/#breadcrumb\",\"itemListElement\":[{\"@type\":\"ListItem\",\"position\":1,\"name\":\"Lar\",\"item\":\"https:\/\/exceladvisor.org\/pt\/\"},{\"@type\":\"ListItem\",\"position\":2,\"name\":\"Como verificar se uma c\u00e9lula est\u00e1 vazia via vba?\"}]},{\"@type\":\"WebSite\",\"@id\":\"https:\/\/exceladvisor.org\/pt\/#website\",\"url\":\"https:\/\/exceladvisor.org\/pt\/\",\"name\":\"Excel Advisor\",\"description\":\"O seu guia definitivo para dominar os dados!\",\"publisher\":{\"@id\":\"https:\/\/exceladvisor.org\/pt\/#organization\"},\"potentialAction\":[{\"@type\":\"SearchAction\",\"target\":{\"@type\":\"EntryPoint\",\"urlTemplate\":\"https:\/\/exceladvisor.org\/pt\/?s={search_term_string}\"},\"query-input\":{\"@type\":\"PropertyValueSpecification\",\"valueRequired\":true,\"valueName\":\"search_term_string\"}}],\"inLanguage\":\"pt-PT\"},{\"@type\":\"Organization\",\"@id\":\"https:\/\/exceladvisor.org\/pt\/#organization\",\"name\":\"Excel Advisor\",\"url\":\"https:\/\/exceladvisor.org\/pt\/\",\"logo\":{\"@type\":\"ImageObject\",\"inLanguage\":\"pt-PT\",\"@id\":\"https:\/\/exceladvisor.org\/pt\/#\/schema\/logo\/image\/\",\"url\":\"https:\/\/exceladvisor.org\/pt\/wp-content\/uploads\/2023\/12\/exceladvisor.org_.png\",\"contentUrl\":\"https:\/\/exceladvisor.org\/pt\/wp-content\/uploads\/2023\/12\/exceladvisor.org_.png\",\"width\":105,\"height\":36,\"caption\":\"Excel Advisor\"},\"image\":{\"@id\":\"https:\/\/exceladvisor.org\/pt\/#\/schema\/logo\/image\/\"}}]}<\/script>\n<!-- \/ Yoast SEO plugin. -->","yoast_head_json":{"title":"Como verificar se uma c\u00e9lula est\u00e1 vazia via VBA? (Tutorial 2023)","description":"Este tutorial mostra como usar VBA para verificar se uma c\u00e9lula ou intervalo est\u00e1 vazio ou n\u00e3o usando a fun\u00e7\u00e3o","robots":{"index":"index","follow":"follow","max-snippet":"max-snippet:-1","max-image-preview":"max-image-preview:large","max-video-preview":"max-video-preview:-1"},"canonical":"https:\/\/exceladvisor.org\/pt\/verifique-a-celula-vazia\/","og_locale":"pt_PT","og_type":"article","og_title":"Como verificar se uma c\u00e9lula est\u00e1 vazia via VBA? (Tutorial 2023)","og_description":"Este tutorial mostra como usar VBA para verificar se uma c\u00e9lula ou intervalo est\u00e1 vazio ou n\u00e3o usando a fun\u00e7\u00e3o","og_url":"https:\/\/exceladvisor.org\/pt\/verifique-a-celula-vazia\/","og_site_name":"Excel Advisor","article_modified_time":"2023-12-06T11:50:30+00:00","og_image":[{"url":"https:\/\/exceladvisor.org\/wp-content\/uploads\/2023\/08\/1-utiliser-vba-pour-verifier-si-une-cellule-est-vide.png","type":"","width":"","height":""}],"twitter_card":"summary_large_image","twitter_misc":{"Tempo estimado de leitura":"2 minutos"},"schema":{"@context":"https:\/\/schema.org","@graph":[{"@type":"WebPage","@id":"https:\/\/exceladvisor.org\/pt\/verifique-a-celula-vazia\/","url":"https:\/\/exceladvisor.org\/pt\/verifique-a-celula-vazia\/","name":"Como verificar se uma c\u00e9lula est\u00e1 vazia via VBA? (Tutorial 2023)","isPartOf":{"@id":"https:\/\/exceladvisor.org\/pt\/#website"},"primaryImageOfPage":{"@id":"https:\/\/exceladvisor.org\/pt\/verifique-a-celula-vazia\/#primaryimage"},"image":{"@id":"https:\/\/exceladvisor.org\/pt\/verifique-a-celula-vazia\/#primaryimage"},"thumbnailUrl":"https:\/\/exceladvisor.org\/wp-content\/uploads\/2023\/08\/1-utiliser-vba-pour-verifier-si-une-cellule-est-vide.png","datePublished":"2023-11-17T08:33:05+00:00","dateModified":"2023-12-06T11:50:30+00:00","description":"Este tutorial mostra como usar VBA para verificar se uma c\u00e9lula ou intervalo est\u00e1 vazio ou n\u00e3o usando a fun\u00e7\u00e3o","breadcrumb":{"@id":"https:\/\/exceladvisor.org\/pt\/verifique-a-celula-vazia\/#breadcrumb"},"inLanguage":"pt-PT","potentialAction":[{"@type":"ReadAction","target":["https:\/\/exceladvisor.org\/pt\/verifique-a-celula-vazia\/"]}]},{"@type":"ImageObject","inLanguage":"pt-PT","@id":"https:\/\/exceladvisor.org\/pt\/verifique-a-celula-vazia\/#primaryimage","url":"https:\/\/exceladvisor.org\/wp-content\/uploads\/2023\/08\/1-utiliser-vba-pour-verifier-si-une-cellule-est-vide.png","contentUrl":"https:\/\/exceladvisor.org\/wp-content\/uploads\/2023\/08\/1-utiliser-vba-pour-verifier-si-une-cellule-est-vide.png"},{"@type":"BreadcrumbList","@id":"https:\/\/exceladvisor.org\/pt\/verifique-a-celula-vazia\/#breadcrumb","itemListElement":[{"@type":"ListItem","position":1,"name":"Lar","item":"https:\/\/exceladvisor.org\/pt\/"},{"@type":"ListItem","position":2,"name":"Como verificar se uma c\u00e9lula est\u00e1 vazia via vba?"}]},{"@type":"WebSite","@id":"https:\/\/exceladvisor.org\/pt\/#website","url":"https:\/\/exceladvisor.org\/pt\/","name":"Excel Advisor","description":"O seu guia definitivo para dominar os dados!","publisher":{"@id":"https:\/\/exceladvisor.org\/pt\/#organization"},"potentialAction":[{"@type":"SearchAction","target":{"@type":"EntryPoint","urlTemplate":"https:\/\/exceladvisor.org\/pt\/?s={search_term_string}"},"query-input":{"@type":"PropertyValueSpecification","valueRequired":true,"valueName":"search_term_string"}}],"inLanguage":"pt-PT"},{"@type":"Organization","@id":"https:\/\/exceladvisor.org\/pt\/#organization","name":"Excel Advisor","url":"https:\/\/exceladvisor.org\/pt\/","logo":{"@type":"ImageObject","inLanguage":"pt-PT","@id":"https:\/\/exceladvisor.org\/pt\/#\/schema\/logo\/image\/","url":"https:\/\/exceladvisor.org\/pt\/wp-content\/uploads\/2023\/12\/exceladvisor.org_.png","contentUrl":"https:\/\/exceladvisor.org\/pt\/wp-content\/uploads\/2023\/12\/exceladvisor.org_.png","width":105,"height":36,"caption":"Excel Advisor"},"image":{"@id":"https:\/\/exceladvisor.org\/pt\/#\/schema\/logo\/image\/"}}]}},"yoast_meta":{"yoast_wpseo_title":"","yoast_wpseo_metadesc":"","yoast_wpseo_canonical":""},"_links":{"self":[{"href":"https:\/\/exceladvisor.org\/pt\/wp-json\/wp\/v2\/pages\/77","targetHints":{"allow":["GET"]}}],"collection":[{"href":"https:\/\/exceladvisor.org\/pt\/wp-json\/wp\/v2\/pages"}],"about":[{"href":"https:\/\/exceladvisor.org\/pt\/wp-json\/wp\/v2\/types\/page"}],"author":[{"embeddable":true,"href":"https:\/\/exceladvisor.org\/pt\/wp-json\/wp\/v2\/users\/1"}],"replies":[{"embeddable":true,"href":"https:\/\/exceladvisor.org\/pt\/wp-json\/wp\/v2\/comments?post=77"}],"version-history":[{"count":1,"href":"https:\/\/exceladvisor.org\/pt\/wp-json\/wp\/v2\/pages\/77\/revisions"}],"predecessor-version":[{"id":1397,"href":"https:\/\/exceladvisor.org\/pt\/wp-json\/wp\/v2\/pages\/77\/revisions\/1397"}],"wp:attachment":[{"href":"https:\/\/exceladvisor.org\/pt\/wp-json\/wp\/v2\/media?parent=77"}],"curies":[{"name":"wp","href":"https:\/\/api.w.org\/{rel}","templated":true}]}}