{"id":78,"date":"2023-11-17T07:57:05","date_gmt":"2023-11-17T07:57:05","guid":{"rendered":"https:\/\/exceladvisor.org\/pt\/contar-caracteres-especificos\/"},"modified":"2023-12-06T11:35:32","modified_gmt":"2023-12-06T11:35:32","slug":"contar-caracteres-especificos","status":"publish","type":"page","link":"https:\/\/exceladvisor.org\/pt\/contar-caracteres-especificos\/","title":{"rendered":"Como contar caracteres espec\u00edficos?"},"content":{"rendered":"<div class=\"excel-before-content-2\" id=\"excel-2448208863\"><script type=\"text\/javascript\">\r\n\tatOptions = {\r\n\t\t'key' : 'c1158f160081d6540a8409e6925dab94',\r\n\t\t'format' : 'iframe',\r\n\t\t'height' : 250,\r\n\t\t'width' : 300,\r\n\t\t'params' : {}\r\n\t};\r\n<\/script>\r\n<script type=\"text\/javascript\" src=\"\/\/www.highperformanceformat.com\/c1158f160081d6540a8409e6925dab94\/invoke.js\"><\/script><\/div><div class=\"excel-before-content\" id=\"excel-1533934312\"><script type=\"text\/javascript\">\r\n\tatOptions = {\r\n\t\t'key' : 'c1158f160081d6540a8409e6925dab94',\r\n\t\t'format' : 'iframe',\r\n\t\t'height' : 250,\r\n\t\t'width' : 300,\r\n\t\t'params' : {}\r\n\t};\r\n<\/script>\r\n<script type=\"text\/javascript\" src=\"\/\/www.highperformanceformat.com\/c1158f160081d6540a8409e6925dab94\/invoke.js\"><\/script><\/div> <p>No Excel, para contar um caractere espec\u00edfico, voc\u00ea deve usar uma combina\u00e7\u00e3o das fun\u00e7\u00f5es SUBSTITUTE e LEN.<\/p><p> LEN conta o n\u00famero total de caracteres e, em seguida, a fun\u00e7\u00e3o de substitui\u00e7\u00e3o remove o caractere que voc\u00ea deseja contar do valor principal.<\/p><p> Depois disso, voc\u00ea pode contar novamente o n\u00famero total de caracteres e compar\u00e1-los com a contagem original para obter a contagem desse caractere espec\u00edfico.<\/p><p> No exemplo a seguir, voc\u00ea tem uma frase longa na c\u00e9lula A1 e agora, a partir da frase, precisa contar quantas vezes a letra \u201ce\u201d ocorreu. Escreveremos esta f\u00f3rmula na c\u00e9lula B1. <\/p><div class=\"wp-block-image\"><figure class=\"aligncenter size-full is-resized\"><img loading=\"lazy\" decoding=\"async\" class=\"wp-image-67133\" src=\"https:\/\/exceladvisor.org\/wp-content\/uploads\/2023\/08\/1-cellule-avec-longue-phrase.png\" sizes=\"auto, \" srcset=\"\" alt=\"c\u00e9lula com frase longa\" width=\"479\" height=\"290\"><\/figure><\/div><p> Voc\u00ea pode usar as seguintes etapas para escrever esta f\u00f3rmula:<\/p><ol type=\"1\"><li> Primeiro, na c\u00e9lula B1, insira a fun\u00e7\u00e3o LEN e consulte a c\u00e9lula A1.<\/li><li> Depois disso, insira um sinal de menos e entre na fun\u00e7\u00e3o LEN novamente.<\/li><li> Em seguida, voc\u00ea precisa inserir a fun\u00e7\u00e3o SUBSTITUTE na fun\u00e7\u00e3o LEN.<\/li><li> Agora insira a fun\u00e7\u00e3o de substitui\u00e7\u00e3o e consulte a c\u00e9lula A1 novamente.<\/li><li> A partir daqui voc\u00ea precisa especificar o caractere que deseja substituir no segundo argumento<\/li><li> E ent\u00e3o um caractere em branco no terceiro argumento da fun\u00e7\u00e3o SUBSTITUTE.<\/li><li> Ao final, pressione Enter entre os par\u00eanteses de fechamento e pressione Enter. <\/li><\/ol><div class=\"wp-block-image\"><figure class=\"aligncenter size-full is-resized\"><img loading=\"lazy\" decoding=\"async\" class=\"wp-image-67134\" src=\"https:\/\/exceladvisor.org\/wp-content\/uploads\/2023\/08\/2-len-et-formule-de-substitution.png\" sizes=\"auto, \" srcset=\"\" alt=\"f\u00f3rmula Len-and-Substitute\" width=\"665\" height=\"188\"><\/figure><\/div><p> E no momento em que voc\u00ea pressiona enter, ele retorna o caractere de contagem \u201ce\u201d no resultado que \u00e9 vinte e quatro. <\/p><pre class=\"wp-block-code\"> <code class=\"language-excel-formula\" lang=\"excel-formula\">=LEN(A1)-LEN(SUBSTITUTE(A1,\"e\",\"\"))<\/code><\/pre><div class=\"wp-block-image\"><figure class=\"aligncenter size-full is-resized\"><img loading=\"lazy\" decoding=\"async\" class=\"wp-image-67135\" src=\"https:\/\/exceladvisor.org\/wp-content\/uploads\/2023\/08\/Valeur-resultante-de-3-caracteres-speciaux.png\" sizes=\"auto, \" srcset=\"\" alt=\"valor de resultado de caractere especial\" width=\"639\" height=\"196\"><\/figure><\/div><p> Para verificar esta f\u00f3rmula, usei o c\u00f3digo a seguir para percorrer todos os caracteres na c\u00e9lula A1.<\/p><pre class=\"wp-block-code\"> <code class=\"language-visual-basic\" lang=\"visual-basic\">Sub LoopString() Dim Counter As Integer Dim MyString As String Dim i As Integer MyString = Range(\"A1\").Value For Counter = 1 To Len(MyString) If Mid(MyString, Counter, 1) = \"e\" Then i = i + 1 End If Next MsgBox i End Sub<\/code><\/pre><h2 class=\"wp-block-heading\"> Como funciona essa f\u00f3rmula?<\/h2><p> Agora \u00e9 hora de entender como funciona essa f\u00f3rmula, e para isso precisamos dividir essa f\u00f3rmula em tr\u00eas partes. <\/p><div class=\"wp-block-image\"><figure class=\"aligncenter size-full is-resized\"><img loading=\"lazy\" decoding=\"async\" class=\"wp-image-67136\" src=\"https:\/\/exceladvisor.org\/wp-content\/uploads\/2023\/08\/4-comprendre-la-formule-len-et-substitut.png\" sizes=\"auto, \" srcset=\"\" alt=\"entenda a f\u00f3rmula len e substitua\" width=\"613\" height=\"144\"><\/figure><\/div><ol type=\"1\"><li> Na primeira parte temos a fun\u00e7\u00e3o LEN que conta o n\u00famero total de caracteres da c\u00e9lula A1 e retorna 199 no resultado.<\/li><li> Na segunda parte, usamos uma fun\u00e7\u00e3o de substitui\u00e7\u00e3o para substituir \u201ce\u201d por valor zero.<\/li><li> Na terceira parte, executamos um rap na fun\u00e7\u00e3o de substitui\u00e7\u00e3o para contar os caracteres do valor for onde o caractere \u201ce\u201d n\u00e3o est\u00e1 l\u00e1. <\/li><\/ol><div class=\"wp-block-image\"><figure class=\"aligncenter size-full is-resized\"><img loading=\"lazy\" decoding=\"async\" class=\"wp-image-67137\" src=\"https:\/\/exceladvisor.org\/wp-content\/uploads\/2023\/08\/5-comprendre-la-combinaison-len-et-substitut.png\" sizes=\"auto, \" srcset=\"\" alt=\"entender a combina\u00e7\u00e3o len-e-substituir\" width=\"611\" height=\"184\"><\/figure><\/div><div class=\"gb-container gb-container-52dfcee1 gb-container-sample-file\"><h2 class=\"gb-headline gb-headline-e289c143 gb-headline-text gb-headline-4f7959c2\"> Obtenha o arquivo Excel<\/h2> <a href=\"https:\/\/exceladvisor.org\/wp-content\/uploads\/2023\/11\/compter-les-caracteres-2.xlsx\">Download<\/a><\/div><div class=\"gb-container gb-container-0df56012 gb-container-mt\"> <a class=\"gb-button gb-button-f9f432f4 gb-button-text gb-button-mt-button\" href=\"https:\/\/exceladvisor.org\/pt\/formulas\/\">Lista de f\u00f3rmulas do Excel<\/a><h2 class=\"gb-headline gb-headline-233444e8 gb-headline-text gb-headline-mt-heading\"> F\u00f3rmulas relacionadas <\/h2><div class=\"gb-grid-wrapper gb-grid-wrapper-a16fa65c gb-grid-wrapper-mt-grid\"><div class=\"gb-grid-column gb-grid-column-50d07e0d\"><div class=\"gb-container gb-container-50d07e0d\"><ul><li> <a href=\"https:\/\/exceladvisor.org\/pt\/contar-celulas-com-texto\/\">Conte c\u00e9lulas com texto no Excel<\/a><\/li><li> <a href=\"https:\/\/exceladvisor.org\/pt\/contar-o-numero-total-de-celulas\/\">Conte o n\u00famero total de c\u00e9lulas em um intervalo no Excel<\/a><\/li><li> <a href=\"https:\/\/exceladvisor.org\/pt\/contar-valores-unicos-1\/\">Conte valores \u00fanicos no Excel<\/a><\/li><li> <a href=\"https:\/\/exceladvisor.org\/pt\/conte-as-palavras\/\">Conte palavras no Excel<\/a><\/li><li> <a href=\"https:\/\/exceladvisor.org\/pt\/contar-linhas-filtradas\/\">Contar linhas filtradas no Excel<\/a> <\/li><\/ul><\/div><\/div><div class=\"gb-grid-column gb-grid-column-5b4a0cf9\"><div class=\"gb-container gb-container-5b4a0cf9\"><\/div><\/div><\/div><\/div>","protected":false},"excerpt":{"rendered":"","protected":false},"author":1,"featured_media":0,"parent":0,"menu_order":0,"comment_status":"open","ping_status":"closed","template":"","meta":{"ub_ctt_via":"","footnotes":""},"class_list":["post-78","page","type-page","status-publish","hentry"],"featured_image_src":null,"yoast_head":"<!-- This site is optimized with the Yoast SEO plugin v25.4 - https:\/\/yoast.com\/wordpress\/plugins\/seo\/ -->\n<title>\u25b7 Como contar caracteres espec\u00edficos no Excel?<\/title>\n<meta name=\"description\" content=\"Neste tutorial, voc\u00ea aprender\u00e1 diferentes maneiras de contar caracteres espec\u00edficos no Excel usando uma f\u00f3rmula f\u00e1cil de usar.\" \/>\n<meta name=\"robots\" content=\"index, follow, max-snippet:-1, max-image-preview:large, max-video-preview:-1\" \/>\n<link rel=\"canonical\" href=\"https:\/\/exceladvisor.org\/pt\/contar-caracteres-especificos\/\" \/>\n<meta property=\"og:locale\" content=\"pt_PT\" \/>\n<meta property=\"og:type\" content=\"article\" \/>\n<meta property=\"og:title\" content=\"\u25b7 Como contar caracteres espec\u00edficos no Excel?\" \/>\n<meta property=\"og:description\" content=\"Neste tutorial, voc\u00ea aprender\u00e1 diferentes maneiras de contar caracteres espec\u00edficos no Excel usando uma f\u00f3rmula f\u00e1cil de usar.\" \/>\n<meta property=\"og:url\" content=\"https:\/\/exceladvisor.org\/pt\/contar-caracteres-especificos\/\" \/>\n<meta property=\"og:site_name\" content=\"Excel Advisor\" \/>\n<meta property=\"article:modified_time\" content=\"2023-12-06T11:35:32+00:00\" \/>\n<meta property=\"og:image\" content=\"https:\/\/exceladvisor.org\/wp-content\/uploads\/2023\/08\/1-cellule-avec-longue-phrase.png\" \/>\n<meta name=\"twitter:card\" content=\"summary_large_image\" \/>\n<meta name=\"twitter:label1\" content=\"Tempo estimado de leitura\" \/>\n\t<meta name=\"twitter:data1\" content=\"2 minutos\" \/>\n<script type=\"application\/ld+json\" class=\"yoast-schema-graph\">{\"@context\":\"https:\/\/schema.org\",\"@graph\":[{\"@type\":\"WebPage\",\"@id\":\"https:\/\/exceladvisor.org\/pt\/contar-caracteres-especificos\/\",\"url\":\"https:\/\/exceladvisor.org\/pt\/contar-caracteres-especificos\/\",\"name\":\"\u25b7 Como contar caracteres espec\u00edficos no Excel?\",\"isPartOf\":{\"@id\":\"https:\/\/exceladvisor.org\/pt\/#website\"},\"primaryImageOfPage\":{\"@id\":\"https:\/\/exceladvisor.org\/pt\/contar-caracteres-especificos\/#primaryimage\"},\"image\":{\"@id\":\"https:\/\/exceladvisor.org\/pt\/contar-caracteres-especificos\/#primaryimage\"},\"thumbnailUrl\":\"https:\/\/exceladvisor.org\/wp-content\/uploads\/2023\/08\/1-cellule-avec-longue-phrase.png\",\"datePublished\":\"2023-11-17T07:57:05+00:00\",\"dateModified\":\"2023-12-06T11:35:32+00:00\",\"description\":\"Neste tutorial, voc\u00ea aprender\u00e1 diferentes maneiras de contar caracteres espec\u00edficos no Excel usando uma f\u00f3rmula f\u00e1cil de usar.\",\"breadcrumb\":{\"@id\":\"https:\/\/exceladvisor.org\/pt\/contar-caracteres-especificos\/#breadcrumb\"},\"inLanguage\":\"pt-PT\",\"potentialAction\":[{\"@type\":\"ReadAction\",\"target\":[\"https:\/\/exceladvisor.org\/pt\/contar-caracteres-especificos\/\"]}]},{\"@type\":\"ImageObject\",\"inLanguage\":\"pt-PT\",\"@id\":\"https:\/\/exceladvisor.org\/pt\/contar-caracteres-especificos\/#primaryimage\",\"url\":\"https:\/\/exceladvisor.org\/wp-content\/uploads\/2023\/08\/1-cellule-avec-longue-phrase.png\",\"contentUrl\":\"https:\/\/exceladvisor.org\/wp-content\/uploads\/2023\/08\/1-cellule-avec-longue-phrase.png\"},{\"@type\":\"BreadcrumbList\",\"@id\":\"https:\/\/exceladvisor.org\/pt\/contar-caracteres-especificos\/#breadcrumb\",\"itemListElement\":[{\"@type\":\"ListItem\",\"position\":1,\"name\":\"Lar\",\"item\":\"https:\/\/exceladvisor.org\/pt\/\"},{\"@type\":\"ListItem\",\"position\":2,\"name\":\"Como contar caracteres espec\u00edficos?\"}]},{\"@type\":\"WebSite\",\"@id\":\"https:\/\/exceladvisor.org\/pt\/#website\",\"url\":\"https:\/\/exceladvisor.org\/pt\/\",\"name\":\"Excel Advisor\",\"description\":\"O seu guia definitivo para dominar os dados!\",\"publisher\":{\"@id\":\"https:\/\/exceladvisor.org\/pt\/#organization\"},\"potentialAction\":[{\"@type\":\"SearchAction\",\"target\":{\"@type\":\"EntryPoint\",\"urlTemplate\":\"https:\/\/exceladvisor.org\/pt\/?s={search_term_string}\"},\"query-input\":{\"@type\":\"PropertyValueSpecification\",\"valueRequired\":true,\"valueName\":\"search_term_string\"}}],\"inLanguage\":\"pt-PT\"},{\"@type\":\"Organization\",\"@id\":\"https:\/\/exceladvisor.org\/pt\/#organization\",\"name\":\"Excel Advisor\",\"url\":\"https:\/\/exceladvisor.org\/pt\/\",\"logo\":{\"@type\":\"ImageObject\",\"inLanguage\":\"pt-PT\",\"@id\":\"https:\/\/exceladvisor.org\/pt\/#\/schema\/logo\/image\/\",\"url\":\"https:\/\/exceladvisor.org\/pt\/wp-content\/uploads\/2023\/12\/exceladvisor.org_.png\",\"contentUrl\":\"https:\/\/exceladvisor.org\/pt\/wp-content\/uploads\/2023\/12\/exceladvisor.org_.png\",\"width\":105,\"height\":36,\"caption\":\"Excel Advisor\"},\"image\":{\"@id\":\"https:\/\/exceladvisor.org\/pt\/#\/schema\/logo\/image\/\"}}]}<\/script>\n<!-- \/ Yoast SEO plugin. -->","yoast_head_json":{"title":"\u25b7 Como contar caracteres espec\u00edficos no Excel?","description":"Neste tutorial, voc\u00ea aprender\u00e1 diferentes maneiras de contar caracteres espec\u00edficos no Excel usando uma f\u00f3rmula f\u00e1cil de usar.","robots":{"index":"index","follow":"follow","max-snippet":"max-snippet:-1","max-image-preview":"max-image-preview:large","max-video-preview":"max-video-preview:-1"},"canonical":"https:\/\/exceladvisor.org\/pt\/contar-caracteres-especificos\/","og_locale":"pt_PT","og_type":"article","og_title":"\u25b7 Como contar caracteres espec\u00edficos no Excel?","og_description":"Neste tutorial, voc\u00ea aprender\u00e1 diferentes maneiras de contar caracteres espec\u00edficos no Excel usando uma f\u00f3rmula f\u00e1cil de usar.","og_url":"https:\/\/exceladvisor.org\/pt\/contar-caracteres-especificos\/","og_site_name":"Excel Advisor","article_modified_time":"2023-12-06T11:35:32+00:00","og_image":[{"url":"https:\/\/exceladvisor.org\/wp-content\/uploads\/2023\/08\/1-cellule-avec-longue-phrase.png","type":"","width":"","height":""}],"twitter_card":"summary_large_image","twitter_misc":{"Tempo estimado de leitura":"2 minutos"},"schema":{"@context":"https:\/\/schema.org","@graph":[{"@type":"WebPage","@id":"https:\/\/exceladvisor.org\/pt\/contar-caracteres-especificos\/","url":"https:\/\/exceladvisor.org\/pt\/contar-caracteres-especificos\/","name":"\u25b7 Como contar caracteres espec\u00edficos no Excel?","isPartOf":{"@id":"https:\/\/exceladvisor.org\/pt\/#website"},"primaryImageOfPage":{"@id":"https:\/\/exceladvisor.org\/pt\/contar-caracteres-especificos\/#primaryimage"},"image":{"@id":"https:\/\/exceladvisor.org\/pt\/contar-caracteres-especificos\/#primaryimage"},"thumbnailUrl":"https:\/\/exceladvisor.org\/wp-content\/uploads\/2023\/08\/1-cellule-avec-longue-phrase.png","datePublished":"2023-11-17T07:57:05+00:00","dateModified":"2023-12-06T11:35:32+00:00","description":"Neste tutorial, voc\u00ea aprender\u00e1 diferentes maneiras de contar caracteres espec\u00edficos no Excel usando uma f\u00f3rmula f\u00e1cil de usar.","breadcrumb":{"@id":"https:\/\/exceladvisor.org\/pt\/contar-caracteres-especificos\/#breadcrumb"},"inLanguage":"pt-PT","potentialAction":[{"@type":"ReadAction","target":["https:\/\/exceladvisor.org\/pt\/contar-caracteres-especificos\/"]}]},{"@type":"ImageObject","inLanguage":"pt-PT","@id":"https:\/\/exceladvisor.org\/pt\/contar-caracteres-especificos\/#primaryimage","url":"https:\/\/exceladvisor.org\/wp-content\/uploads\/2023\/08\/1-cellule-avec-longue-phrase.png","contentUrl":"https:\/\/exceladvisor.org\/wp-content\/uploads\/2023\/08\/1-cellule-avec-longue-phrase.png"},{"@type":"BreadcrumbList","@id":"https:\/\/exceladvisor.org\/pt\/contar-caracteres-especificos\/#breadcrumb","itemListElement":[{"@type":"ListItem","position":1,"name":"Lar","item":"https:\/\/exceladvisor.org\/pt\/"},{"@type":"ListItem","position":2,"name":"Como contar caracteres espec\u00edficos?"}]},{"@type":"WebSite","@id":"https:\/\/exceladvisor.org\/pt\/#website","url":"https:\/\/exceladvisor.org\/pt\/","name":"Excel Advisor","description":"O seu guia definitivo para dominar os dados!","publisher":{"@id":"https:\/\/exceladvisor.org\/pt\/#organization"},"potentialAction":[{"@type":"SearchAction","target":{"@type":"EntryPoint","urlTemplate":"https:\/\/exceladvisor.org\/pt\/?s={search_term_string}"},"query-input":{"@type":"PropertyValueSpecification","valueRequired":true,"valueName":"search_term_string"}}],"inLanguage":"pt-PT"},{"@type":"Organization","@id":"https:\/\/exceladvisor.org\/pt\/#organization","name":"Excel Advisor","url":"https:\/\/exceladvisor.org\/pt\/","logo":{"@type":"ImageObject","inLanguage":"pt-PT","@id":"https:\/\/exceladvisor.org\/pt\/#\/schema\/logo\/image\/","url":"https:\/\/exceladvisor.org\/pt\/wp-content\/uploads\/2023\/12\/exceladvisor.org_.png","contentUrl":"https:\/\/exceladvisor.org\/pt\/wp-content\/uploads\/2023\/12\/exceladvisor.org_.png","width":105,"height":36,"caption":"Excel Advisor"},"image":{"@id":"https:\/\/exceladvisor.org\/pt\/#\/schema\/logo\/image\/"}}]}},"yoast_meta":{"yoast_wpseo_title":"","yoast_wpseo_metadesc":"","yoast_wpseo_canonical":""},"_links":{"self":[{"href":"https:\/\/exceladvisor.org\/pt\/wp-json\/wp\/v2\/pages\/78","targetHints":{"allow":["GET"]}}],"collection":[{"href":"https:\/\/exceladvisor.org\/pt\/wp-json\/wp\/v2\/pages"}],"about":[{"href":"https:\/\/exceladvisor.org\/pt\/wp-json\/wp\/v2\/types\/page"}],"author":[{"embeddable":true,"href":"https:\/\/exceladvisor.org\/pt\/wp-json\/wp\/v2\/users\/1"}],"replies":[{"embeddable":true,"href":"https:\/\/exceladvisor.org\/pt\/wp-json\/wp\/v2\/comments?post=78"}],"version-history":[{"count":1,"href":"https:\/\/exceladvisor.org\/pt\/wp-json\/wp\/v2\/pages\/78\/revisions"}],"predecessor-version":[{"id":915,"href":"https:\/\/exceladvisor.org\/pt\/wp-json\/wp\/v2\/pages\/78\/revisions\/915"}],"wp:attachment":[{"href":"https:\/\/exceladvisor.org\/pt\/wp-json\/wp\/v2\/media?parent=78"}],"curies":[{"name":"wp","href":"https:\/\/api.w.org\/{rel}","templated":true}]}}