{"id":79,"date":"2023-11-17T07:52:04","date_gmt":"2023-11-17T07:52:04","guid":{"rendered":"https:\/\/exceladvisor.org\/pt\/copiar-celula-para-nova-planilha\/"},"modified":"2023-12-06T11:51:01","modified_gmt":"2023-12-06T11:51:01","slug":"copiar-celula-para-nova-planilha","status":"publish","type":"page","link":"https:\/\/exceladvisor.org\/pt\/copiar-celula-para-nova-planilha\/","title":{"rendered":"Intervalo de c\u00f3pia do vba para outra planilha + pasta de trabalho"},"content":{"rendered":"<div class=\"excel-before-content-2\" id=\"excel-1881747954\"><script type=\"text\/javascript\">\r\n\tatOptions = {\r\n\t\t'key' : 'c1158f160081d6540a8409e6925dab94',\r\n\t\t'format' : 'iframe',\r\n\t\t'height' : 250,\r\n\t\t'width' : 300,\r\n\t\t'params' : {}\r\n\t};\r\n<\/script>\r\n<script type=\"text\/javascript\" src=\"\/\/www.highperformanceformat.com\/c1158f160081d6540a8409e6925dab94\/invoke.js\"><\/script><\/div><div class=\"excel-before-content\" id=\"excel-1611774240\"><script type=\"text\/javascript\">\r\n\tatOptions = {\r\n\t\t'key' : 'c1158f160081d6540a8409e6925dab94',\r\n\t\t'format' : 'iframe',\r\n\t\t'height' : 250,\r\n\t\t'width' : 300,\r\n\t\t'params' : {}\r\n\t};\r\n<\/script>\r\n<script type=\"text\/javascript\" src=\"\/\/www.highperformanceformat.com\/c1158f160081d6540a8409e6925dab94\/invoke.js\"><\/script><\/div> <p>Para copiar uma c\u00e9lula ou intervalo de c\u00e9lulas para outra planilha, voc\u00ea deve usar o m\u00e9todo \u201cCopiar\u201d do VBA. Neste m\u00e9todo, voc\u00ea precisa definir o intervalo ou c\u00e9lula usando o objeto de intervalo que deseja copiar e, em seguida, definir outra planilha com o intervalo no qual deseja col\u00e1-lo.<\/p><h2 class=\"wp-block-heading\"> Copie uma c\u00e9lula ou organize em outra planilha<\/h2><pre class=\"wp-block-code\"> <code class=\"language-visual-basic\" lang=\"visual-basic\">Range(\"A1\").Copy Worksheets(\"Sheet2\").Range(\"A1\")<\/code><\/pre><ol><li> Primeiro, defina o intervalo ou c\u00e9lula que deseja copiar. <br><img loading=\"lazy\" decoding=\"async\" title=\"1 conjunto de intervalo ou c\u00e9lula\" src=\"https:\/\/exceladvisor.org\/wp-content\/uploads\/2023\/08\/1-definir-la-plage-ou-la-cellule.png\" sizes=\"auto, \" srcset=\"\" alt=\"define the range or cell\" width=\"373\" height=\"210\"><\/li><li> Em seguida, digite um ponto final (.) e selecione o m\u00e9todo de c\u00f3pia na lista de propriedades e m\u00e9todos. <br><img loading=\"lazy\" decoding=\"async\" title=\"M\u00e9todo de 2 tipos de per\u00edodo e sele\u00e7\u00e3o de c\u00f3pia\" src=\"https:\/\/exceladvisor.org\/wp-content\/uploads\/2023\/08\/2-tapez-un-point-et-selectionnez-la-methode-de-copie.png\" sizes=\"auto, \" srcset=\"\" alt=\"type a dot and select the copy method\" width=\"362\" height=\"244\"><\/li><li> Aqui voc\u00ea obter\u00e1 um intellisense para definir o destino da c\u00e9lula copiada. <br><img loading=\"lazy\" decoding=\"async\" title=\"3-definir-destino-da-c\u00e9lula-copiada\" src=\"https:\/\/exceladvisor.org\/wp-content\/uploads\/2023\/08\/3-definir-la-destination-de-la-cellule-copiee.png\" sizes=\"auto, \" srcset=\"\" alt=\"define the destination of the copied cell\" width=\"366\" height=\"208\"><\/li><li> A partir daqui voc\u00ea precisa definir a planilha e depois o intervalo de destino. <br><img loading=\"lazy\" decoding=\"async\" title=\"4-defina-a-planilha-e-o-intervalo-de-destino\" src=\"https:\/\/exceladvisor.org\/wp-content\/uploads\/2023\/08\/4-definir-la-feuille-de-calcul-et-la-plage-de-destination.png\" sizes=\"auto, \" srcset=\"\" alt=\"define the worksheet and than destination range\" width=\"368\" height=\"164\"><\/li><\/ol><p> Agora, quando voc\u00ea executa este c\u00f3digo, ele copia a c\u00e9lula A1 da <a href=\"https:\/\/exceladvisor.org\/pt\/ativar-planilha\/\">planilha ativa<\/a> para \u201cPlanilha2\u201d. Uma coisa que voc\u00ea precisa ter certeza \u00e9 que, ao copiar uma c\u00e9lula e col\u00e1-la em um destino, a formata\u00e7\u00e3o tamb\u00e9m ser\u00e1 colada l\u00e1.<\/p><p> Mas se voc\u00ea deseja apenas copiar o valor de uma c\u00e9lula e col\u00e1-lo em diferentes planilhas, considere o c\u00f3digo a seguir.<\/p><pre class=\"wp-block-code\"> <code class=\"language-visual-basic\" lang=\"visual-basic\">Worksheets(\"Sheet2\").Range(\"A1\") = Range(\"A1\").Value<\/code><\/pre><p> Este m\u00e9todo n\u00e3o usa o m\u00e9todo copy, mas simplesmente adiciona valor \u00e0 planilha de destino usando um sinal de igual e usando a propriedade value com a c\u00e9lula de origem.<\/p><h2 class=\"wp-block-heading\"> Copiar c\u00e9lula de outra planilha<\/h2><p> Agora suponha que voc\u00ea queira copiar uma c\u00e9lula de uma planilha que n\u00e3o est\u00e1 ativa no momento. Neste caso, voc\u00ea precisa definir a planilha com a c\u00e9lula de origem. Assim como o c\u00f3digo a seguir.<\/p><pre class=\"wp-block-code\"> <code class=\"language-visual-basic\" lang=\"visual-basic\">Worksheets(\"sheet1\").Range(\"A1\").Copy Worksheets(\"Sheet2\").Range(\"A1\")<\/code><\/pre><h2 class=\"wp-block-heading\"> Copiar um intervalo de c\u00e9lulas<\/h2><pre class=\"wp-block-code\"> <code class=\"language-visual-basic\" lang=\"visual-basic\">Range(\"A1:A10\").Copy Worksheets(\"Sheet2\").Range(\"A1:A10\") Range(\"A1:A10\").Copy Worksheets(\"Sheet2\").Range(\"A1\")<\/code><\/pre><h2 class=\"wp-block-heading\"> Copiar uma c\u00e9lula de uma planilha para outra pasta de trabalho<\/h2><p> Quando <a href=\"https:\/\/exceladvisor.org\/pt\/verifique-a-pasta-de-trabalho-aberta\/\">as pastas de trabalho s\u00e3o abertas<\/a> , mas ainda n\u00e3o foram salvas.<\/p><pre class=\"wp-block-code\"> <code class=\"language-visual-basic\" lang=\"visual-basic\">Workbooks(\"Book1\").Worksheets(\"Sheet1\").Range(\"A1\").Copy _ Workbooks(\"Book2\").Worksheets(\"Sheet1\").Range(\"A1\")<\/code><\/pre><p> Quando <a href=\"https:\/\/exceladvisor.org\/pt\/arquivo-aberto\/\">as pastas de trabalho s\u00e3o abertas<\/a> e salvas.<\/p><pre class=\"wp-block-code\"> <code class=\"language-visual-basic\" lang=\"visual-basic\">Workbooks(\"Book1.xlsx\").Worksheets(\"Sheet1\").Range(\"A1\").Copy _ Workbooks(\"Book2.xlsx\").Worksheets(\"Sheet1\").Range(\"A1\")<\/code><\/pre><h2 class=\"wp-block-heading\"> Copiar uma c\u00e9lula de uma planilha para outra pasta de trabalho fechada<\/h2><pre class=\"wp-block-code\"> <code class=\"language-visual-basic\" lang=\"visual-basic\">'to open the workbook that is saved in a folder on your system _ change the path according to the location you have in your _ system Workbooks.Open \"C:UsersDellDesktopmyFile.xlsx\" 'copies cell from the book1 workbook and copy and paste _ it to the workbook myFile Workbooks(\"Book1\").Worksheets(\"Sheet1\").Range(\"A1\").Copy _ Workbooks(\"myFile\").Worksheets(\"Sheet1\").Range(\"A1\") 'close the workbook and after saving Workbooks(\"myFile\").Close SaveChanges:=True<\/code><\/pre><p> Relacionado: <a href=\"https:\/\/exceladvisor.org\/pt\/arquivo-aberto\/\">Como abrir uma pasta de trabalho usando VBA no Excel<\/a><\/p><div class=\"gb-container gb-container-4db6181c gb-container-mt\"> <a class=\"gb-button gb-button-c5897111 gb-button-text gb-button-mt-button\" href=\"https:\/\/exceladvisor.org\/pt\/vba\/\">O que \u00e9 VBA<\/a><h2 class=\"gb-headline gb-headline-665e5f6b gb-headline-text gb-headline-mt-heading\"> Tutoriais relacionados <\/h2><div class=\"gb-grid-wrapper gb-grid-wrapper-a20baf7c gb-grid-wrapper-mt-grid\"><div class=\"gb-grid-column gb-grid-column-65ddf67e\"><div class=\"gb-container gb-container-65ddf67e\"><ul><li> <a href=\"https:\/\/exceladvisor.org\/pt\/numero-de-linhas\/\">Contar linhas usando VBA no Excel<\/a><\/li><li> <a href=\"https:\/\/exceladvisor.org\/pt\/fonte-de-caracteres\/\">Fonte Excel VBA (cor, tamanho, tipo e negrito)<\/a><\/li><li> <a href=\"https:\/\/exceladvisor.org\/pt\/ocultar-mostrar-linha-da-coluna\/\">Excel VBA Ocultar e mostrar uma coluna ou linha<\/a><\/li><li> <a href=\"https:\/\/exceladvisor.org\/pt\/intervalo-1\/\">Intervalo Excel VBA \u2013 Trabalhando com intervalo e c\u00e9lulas<\/a><\/li><li> <a href=\"https:\/\/exceladvisor.org\/pt\/fronteiras\/\">Aplicar bordas a uma c\u00e9lula usando VBA no Excel<\/a><\/li><\/ul><\/div><\/div><\/div><\/div>","protected":false},"excerpt":{"rendered":"","protected":false},"author":1,"featured_media":0,"parent":0,"menu_order":0,"comment_status":"open","ping_status":"closed","template":"","meta":{"ub_ctt_via":"","footnotes":""},"class_list":["post-79","page","type-page","status-publish","hentry"],"featured_image_src":null,"yoast_head":"<!-- This site is optimized with the Yoast SEO plugin v25.4 - https:\/\/yoast.com\/wordpress\/plugins\/seo\/ -->\n<title>Intervalo de c\u00f3pia do VBA para outra planilha + pasta de trabalho<\/title>\n<meta name=\"description\" content=\"Este tutorial mostra como usar o VBA para copiar uma c\u00e9lula ou organiz\u00e1-la em outra planilha na mesma pasta de trabalho ou em uma pasta de trabalho diferente.\" \/>\n<meta name=\"robots\" content=\"index, follow, max-snippet:-1, max-image-preview:large, max-video-preview:-1\" \/>\n<link rel=\"canonical\" href=\"https:\/\/exceladvisor.org\/pt\/copiar-celula-para-nova-planilha\/\" \/>\n<meta property=\"og:locale\" content=\"pt_PT\" \/>\n<meta property=\"og:type\" content=\"article\" \/>\n<meta property=\"og:title\" content=\"Intervalo de c\u00f3pia do VBA para outra planilha + pasta de trabalho\" \/>\n<meta property=\"og:description\" content=\"Este tutorial mostra como usar o VBA para copiar uma c\u00e9lula ou organiz\u00e1-la em outra planilha na mesma pasta de trabalho ou em uma pasta de trabalho diferente.\" \/>\n<meta property=\"og:url\" content=\"https:\/\/exceladvisor.org\/pt\/copiar-celula-para-nova-planilha\/\" \/>\n<meta property=\"og:site_name\" content=\"Excel Advisor\" \/>\n<meta property=\"article:modified_time\" content=\"2023-12-06T11:51:01+00:00\" \/>\n<meta property=\"og:image\" content=\"https:\/\/exceladvisor.org\/wp-content\/uploads\/2023\/08\/1-definir-la-plage-ou-la-cellule.png\" \/>\n<meta name=\"twitter:card\" content=\"summary_large_image\" \/>\n<meta name=\"twitter:label1\" content=\"Tempo estimado de leitura\" \/>\n\t<meta name=\"twitter:data1\" content=\"3 minutos\" \/>\n<script type=\"application\/ld+json\" class=\"yoast-schema-graph\">{\"@context\":\"https:\/\/schema.org\",\"@graph\":[{\"@type\":\"WebPage\",\"@id\":\"https:\/\/exceladvisor.org\/pt\/copiar-celula-para-nova-planilha\/\",\"url\":\"https:\/\/exceladvisor.org\/pt\/copiar-celula-para-nova-planilha\/\",\"name\":\"Intervalo de c\u00f3pia do VBA para outra planilha + pasta de trabalho\",\"isPartOf\":{\"@id\":\"https:\/\/exceladvisor.org\/pt\/#website\"},\"primaryImageOfPage\":{\"@id\":\"https:\/\/exceladvisor.org\/pt\/copiar-celula-para-nova-planilha\/#primaryimage\"},\"image\":{\"@id\":\"https:\/\/exceladvisor.org\/pt\/copiar-celula-para-nova-planilha\/#primaryimage\"},\"thumbnailUrl\":\"https:\/\/exceladvisor.org\/wp-content\/uploads\/2023\/08\/1-definir-la-plage-ou-la-cellule.png\",\"datePublished\":\"2023-11-17T07:52:04+00:00\",\"dateModified\":\"2023-12-06T11:51:01+00:00\",\"description\":\"Este tutorial mostra como usar o VBA para copiar uma c\u00e9lula ou organiz\u00e1-la em outra planilha na mesma pasta de trabalho ou em uma pasta de trabalho diferente.\",\"breadcrumb\":{\"@id\":\"https:\/\/exceladvisor.org\/pt\/copiar-celula-para-nova-planilha\/#breadcrumb\"},\"inLanguage\":\"pt-PT\",\"potentialAction\":[{\"@type\":\"ReadAction\",\"target\":[\"https:\/\/exceladvisor.org\/pt\/copiar-celula-para-nova-planilha\/\"]}]},{\"@type\":\"ImageObject\",\"inLanguage\":\"pt-PT\",\"@id\":\"https:\/\/exceladvisor.org\/pt\/copiar-celula-para-nova-planilha\/#primaryimage\",\"url\":\"https:\/\/exceladvisor.org\/wp-content\/uploads\/2023\/08\/1-definir-la-plage-ou-la-cellule.png\",\"contentUrl\":\"https:\/\/exceladvisor.org\/wp-content\/uploads\/2023\/08\/1-definir-la-plage-ou-la-cellule.png\"},{\"@type\":\"BreadcrumbList\",\"@id\":\"https:\/\/exceladvisor.org\/pt\/copiar-celula-para-nova-planilha\/#breadcrumb\",\"itemListElement\":[{\"@type\":\"ListItem\",\"position\":1,\"name\":\"Lar\",\"item\":\"https:\/\/exceladvisor.org\/pt\/\"},{\"@type\":\"ListItem\",\"position\":2,\"name\":\"Intervalo de c\u00f3pia do vba para outra planilha + pasta de trabalho\"}]},{\"@type\":\"WebSite\",\"@id\":\"https:\/\/exceladvisor.org\/pt\/#website\",\"url\":\"https:\/\/exceladvisor.org\/pt\/\",\"name\":\"Excel Advisor\",\"description\":\"O seu guia definitivo para dominar os dados!\",\"publisher\":{\"@id\":\"https:\/\/exceladvisor.org\/pt\/#organization\"},\"potentialAction\":[{\"@type\":\"SearchAction\",\"target\":{\"@type\":\"EntryPoint\",\"urlTemplate\":\"https:\/\/exceladvisor.org\/pt\/?s={search_term_string}\"},\"query-input\":{\"@type\":\"PropertyValueSpecification\",\"valueRequired\":true,\"valueName\":\"search_term_string\"}}],\"inLanguage\":\"pt-PT\"},{\"@type\":\"Organization\",\"@id\":\"https:\/\/exceladvisor.org\/pt\/#organization\",\"name\":\"Excel Advisor\",\"url\":\"https:\/\/exceladvisor.org\/pt\/\",\"logo\":{\"@type\":\"ImageObject\",\"inLanguage\":\"pt-PT\",\"@id\":\"https:\/\/exceladvisor.org\/pt\/#\/schema\/logo\/image\/\",\"url\":\"https:\/\/exceladvisor.org\/pt\/wp-content\/uploads\/2023\/12\/exceladvisor.org_.png\",\"contentUrl\":\"https:\/\/exceladvisor.org\/pt\/wp-content\/uploads\/2023\/12\/exceladvisor.org_.png\",\"width\":105,\"height\":36,\"caption\":\"Excel Advisor\"},\"image\":{\"@id\":\"https:\/\/exceladvisor.org\/pt\/#\/schema\/logo\/image\/\"}}]}<\/script>\n<!-- \/ Yoast SEO plugin. -->","yoast_head_json":{"title":"Intervalo de c\u00f3pia do VBA para outra planilha + pasta de trabalho","description":"Este tutorial mostra como usar o VBA para copiar uma c\u00e9lula ou organiz\u00e1-la em outra planilha na mesma pasta de trabalho ou em uma pasta de trabalho diferente.","robots":{"index":"index","follow":"follow","max-snippet":"max-snippet:-1","max-image-preview":"max-image-preview:large","max-video-preview":"max-video-preview:-1"},"canonical":"https:\/\/exceladvisor.org\/pt\/copiar-celula-para-nova-planilha\/","og_locale":"pt_PT","og_type":"article","og_title":"Intervalo de c\u00f3pia do VBA para outra planilha + pasta de trabalho","og_description":"Este tutorial mostra como usar o VBA para copiar uma c\u00e9lula ou organiz\u00e1-la em outra planilha na mesma pasta de trabalho ou em uma pasta de trabalho diferente.","og_url":"https:\/\/exceladvisor.org\/pt\/copiar-celula-para-nova-planilha\/","og_site_name":"Excel Advisor","article_modified_time":"2023-12-06T11:51:01+00:00","og_image":[{"url":"https:\/\/exceladvisor.org\/wp-content\/uploads\/2023\/08\/1-definir-la-plage-ou-la-cellule.png","type":"","width":"","height":""}],"twitter_card":"summary_large_image","twitter_misc":{"Tempo estimado de leitura":"3 minutos"},"schema":{"@context":"https:\/\/schema.org","@graph":[{"@type":"WebPage","@id":"https:\/\/exceladvisor.org\/pt\/copiar-celula-para-nova-planilha\/","url":"https:\/\/exceladvisor.org\/pt\/copiar-celula-para-nova-planilha\/","name":"Intervalo de c\u00f3pia do VBA para outra planilha + pasta de trabalho","isPartOf":{"@id":"https:\/\/exceladvisor.org\/pt\/#website"},"primaryImageOfPage":{"@id":"https:\/\/exceladvisor.org\/pt\/copiar-celula-para-nova-planilha\/#primaryimage"},"image":{"@id":"https:\/\/exceladvisor.org\/pt\/copiar-celula-para-nova-planilha\/#primaryimage"},"thumbnailUrl":"https:\/\/exceladvisor.org\/wp-content\/uploads\/2023\/08\/1-definir-la-plage-ou-la-cellule.png","datePublished":"2023-11-17T07:52:04+00:00","dateModified":"2023-12-06T11:51:01+00:00","description":"Este tutorial mostra como usar o VBA para copiar uma c\u00e9lula ou organiz\u00e1-la em outra planilha na mesma pasta de trabalho ou em uma pasta de trabalho diferente.","breadcrumb":{"@id":"https:\/\/exceladvisor.org\/pt\/copiar-celula-para-nova-planilha\/#breadcrumb"},"inLanguage":"pt-PT","potentialAction":[{"@type":"ReadAction","target":["https:\/\/exceladvisor.org\/pt\/copiar-celula-para-nova-planilha\/"]}]},{"@type":"ImageObject","inLanguage":"pt-PT","@id":"https:\/\/exceladvisor.org\/pt\/copiar-celula-para-nova-planilha\/#primaryimage","url":"https:\/\/exceladvisor.org\/wp-content\/uploads\/2023\/08\/1-definir-la-plage-ou-la-cellule.png","contentUrl":"https:\/\/exceladvisor.org\/wp-content\/uploads\/2023\/08\/1-definir-la-plage-ou-la-cellule.png"},{"@type":"BreadcrumbList","@id":"https:\/\/exceladvisor.org\/pt\/copiar-celula-para-nova-planilha\/#breadcrumb","itemListElement":[{"@type":"ListItem","position":1,"name":"Lar","item":"https:\/\/exceladvisor.org\/pt\/"},{"@type":"ListItem","position":2,"name":"Intervalo de c\u00f3pia do vba para outra planilha + pasta de trabalho"}]},{"@type":"WebSite","@id":"https:\/\/exceladvisor.org\/pt\/#website","url":"https:\/\/exceladvisor.org\/pt\/","name":"Excel Advisor","description":"O seu guia definitivo para dominar os dados!","publisher":{"@id":"https:\/\/exceladvisor.org\/pt\/#organization"},"potentialAction":[{"@type":"SearchAction","target":{"@type":"EntryPoint","urlTemplate":"https:\/\/exceladvisor.org\/pt\/?s={search_term_string}"},"query-input":{"@type":"PropertyValueSpecification","valueRequired":true,"valueName":"search_term_string"}}],"inLanguage":"pt-PT"},{"@type":"Organization","@id":"https:\/\/exceladvisor.org\/pt\/#organization","name":"Excel Advisor","url":"https:\/\/exceladvisor.org\/pt\/","logo":{"@type":"ImageObject","inLanguage":"pt-PT","@id":"https:\/\/exceladvisor.org\/pt\/#\/schema\/logo\/image\/","url":"https:\/\/exceladvisor.org\/pt\/wp-content\/uploads\/2023\/12\/exceladvisor.org_.png","contentUrl":"https:\/\/exceladvisor.org\/pt\/wp-content\/uploads\/2023\/12\/exceladvisor.org_.png","width":105,"height":36,"caption":"Excel Advisor"},"image":{"@id":"https:\/\/exceladvisor.org\/pt\/#\/schema\/logo\/image\/"}}]}},"yoast_meta":{"yoast_wpseo_title":"","yoast_wpseo_metadesc":"","yoast_wpseo_canonical":""},"_links":{"self":[{"href":"https:\/\/exceladvisor.org\/pt\/wp-json\/wp\/v2\/pages\/79","targetHints":{"allow":["GET"]}}],"collection":[{"href":"https:\/\/exceladvisor.org\/pt\/wp-json\/wp\/v2\/pages"}],"about":[{"href":"https:\/\/exceladvisor.org\/pt\/wp-json\/wp\/v2\/types\/page"}],"author":[{"embeddable":true,"href":"https:\/\/exceladvisor.org\/pt\/wp-json\/wp\/v2\/users\/1"}],"replies":[{"embeddable":true,"href":"https:\/\/exceladvisor.org\/pt\/wp-json\/wp\/v2\/comments?post=79"}],"version-history":[{"count":1,"href":"https:\/\/exceladvisor.org\/pt\/wp-json\/wp\/v2\/pages\/79\/revisions"}],"predecessor-version":[{"id":1439,"href":"https:\/\/exceladvisor.org\/pt\/wp-json\/wp\/v2\/pages\/79\/revisions\/1439"}],"wp:attachment":[{"href":"https:\/\/exceladvisor.org\/pt\/wp-json\/wp\/v2\/media?parent=79"}],"curies":[{"name":"wp","href":"https:\/\/api.w.org\/{rel}","templated":true}]}}