{"id":81,"date":"2023-11-17T07:33:43","date_gmt":"2023-11-17T07:33:43","guid":{"rendered":"https:\/\/exceladvisor.org\/pt\/numero-de-celulas-vazias\/"},"modified":"2023-12-06T11:35:35","modified_gmt":"2023-12-06T11:35:35","slug":"numero-de-celulas-vazias","status":"publish","type":"page","link":"https:\/\/exceladvisor.org\/pt\/numero-de-celulas-vazias\/","title":{"rendered":"Como contar c\u00e9lulas em branco no excel?"},"content":{"rendered":"<div class=\"excel-before-content-2\" id=\"excel-2793386899\"><script type=\"text\/javascript\">\r\n\tatOptions = {\r\n\t\t'key' : 'c1158f160081d6540a8409e6925dab94',\r\n\t\t'format' : 'iframe',\r\n\t\t'height' : 250,\r\n\t\t'width' : 300,\r\n\t\t'params' : {}\r\n\t};\r\n<\/script>\r\n<script type=\"text\/javascript\" src=\"\/\/www.highperformanceformat.com\/c1158f160081d6540a8409e6925dab94\/invoke.js\"><\/script><\/div><div class=\"excel-before-content\" id=\"excel-2170562478\"><script type=\"text\/javascript\">\r\n\tatOptions = {\r\n\t\t'key' : 'c1158f160081d6540a8409e6925dab94',\r\n\t\t'format' : 'iframe',\r\n\t\t'height' : 250,\r\n\t\t'width' : 300,\r\n\t\t'params' : {}\r\n\t};\r\n<\/script>\r\n<script type=\"text\/javascript\" src=\"\/\/www.highperformanceformat.com\/c1158f160081d6540a8409e6925dab94\/invoke.js\"><\/script><\/div> <p>Se quiser contar c\u00e9lulas em branco no Excel, voc\u00ea pode usar a fun\u00e7\u00e3o COUNTBLANK que foi especialmente projetada para contar c\u00e9lulas em branco (sem nenhum valor). Na fun\u00e7\u00e3o COUNTBLANK, voc\u00ea s\u00f3 precisa se referir ao intervalo a partir do qual deseja contar as c\u00e9lulas em branco.<\/p><h2 class=\"wp-block-heading\"> Use a fun\u00e7\u00e3o CONTAR EM BRANCO<\/h2><p> No exemplo a seguir, voc\u00ea tem alguns valores no intervalo A1:A10, mas algumas c\u00e9lulas est\u00e3o vazias. E agora voc\u00ea precisa contar as c\u00e9lulas que n\u00e3o cont\u00eam nenhum valor. <\/p><div class=\"wp-block-image\"><figure class=\"aligncenter size-full is-resized\"><img loading=\"lazy\" decoding=\"async\" class=\"wp-image-67105\" src=\"https:\/\/exceladvisor.org\/wp-content\/uploads\/2023\/08\/1-plage-avec-des-cellules-vides.png\" sizes=\"auto, \" srcset=\"\" alt=\"praia com c\u00e9lulas vazias\" width=\"354\" height=\"315\"><\/figure><\/div><p> Voc\u00ea pode usar as seguintes etapas para escrever esta f\u00f3rmula:<\/p><ol><li> Primeiro, na c\u00e9lula B1, comece a digitar a fun\u00e7\u00e3o COUNTBLANK (=COUNTBLANK).<\/li><li> Depois disso, digite os par\u00eanteses iniciais.<\/li><li> Agora consulte o intervalo A1:A10 na fun\u00e7\u00e3o.<\/li><li> No final, digite um par\u00eantese de fechamento e pressione Enter. <\/li><\/ol><div class=\"wp-block-image\"><figure class=\"aligncenter size-full is-resized\"><img loading=\"lazy\" decoding=\"async\" class=\"wp-image-67106\" src=\"https:\/\/exceladvisor.org\/wp-content\/uploads\/2023\/08\/formule-a-2-chiffres.png\" sizes=\"auto, \" srcset=\"\" alt=\"f\u00f3rmula de contagem em branco\" width=\"410\" height=\"314\"><\/figure><\/div><pre class=\"wp-block-code\"> <code class=\"language-excel-formula\" lang=\"excel-formula\">=COUNTBLANK(A1:A10)<\/code><\/pre><p> Depois de pressionar Enter, ele retorna o n\u00famero de c\u00e9lulas vazias no intervalo especificado. <\/p><div class=\"wp-block-image\"><figure class=\"aligncenter size-full is-resized\"><img loading=\"lazy\" decoding=\"async\" class=\"wp-image-67107\" src=\"https:\/\/exceladvisor.org\/wp-content\/uploads\/2023\/08\/3-valeur-de-resultat-a-blanc.png\" sizes=\"auto, \" srcset=\"\" alt=\"valor-resultado em branco\" width=\"424\" height=\"320\"><\/figure><\/div><h2 class=\"wp-block-heading\"> Usando COUNTIF para contar c\u00e9lulas vazias<\/h2><p> Voc\u00ea tamb\u00e9m pode usar CONT.SE e criar uma condi\u00e7\u00e3o para contar c\u00e9lulas vazias. Usando o mesmo exemplo, voc\u00ea pode seguir as etapas abaixo para escrever esta f\u00f3rmula:<\/p><ol type=\"1\"><li> Primeiro, na c\u00e9lula B1, comece a digitar a fun\u00e7\u00e3o CONT.SE (=CONT.SE) e insira um par\u00eantese inicial.<\/li><li> Agora consulte o intervalo A1:A10 de onde voc\u00ea deseja contar c\u00e9lulas sem valores.<\/li><li> Ent\u00e3o, no argumento de crit\u00e9rios, digite \u201c=\u201d. Este operador igual diz ao Excel para contar c\u00e9lulas onde voc\u00ea n\u00e3o tem valor porque com o operador = voc\u00ea n\u00e3o especificou nada.<\/li><li> Depois disso, digite os par\u00eanteses de fechamento e pressione Enter. <\/li><\/ol><div class=\"wp-block-image\"><figure class=\"aligncenter size-full is-resized\"><img loading=\"lazy\" decoding=\"async\" class=\"wp-image-67108\" src=\"https:\/\/exceladvisor.org\/wp-content\/uploads\/2023\/08\/4-countif-pour-compter-les-cellules-vides.png\" sizes=\"auto, \" srcset=\"\" alt=\"contar se para contar c\u00e9lulas vazias\" width=\"436\" height=\"312\"><\/figure><\/div><p> E no momento em que voc\u00ea pressiona enter, ele retorna o n\u00famero de c\u00e9lulas vazias. <\/p><div class=\"wp-block-image\"><figure class=\"aligncenter size-full is-resized\"><img loading=\"lazy\" decoding=\"async\" class=\"wp-image-67109\" src=\"https:\/\/exceladvisor.org\/wp-content\/uploads\/2023\/08\/5-comptes-pour-les-cellules-vides.png\" sizes=\"auto, \" srcset=\"\" alt=\"contagem de c\u00e9lulas vazias\" width=\"466\" height=\"328\"><\/figure><\/div><p> Voc\u00ea tamb\u00e9m pode usar uma f\u00f3rmula como esta com os crit\u00e9rios \u201c=\u201d&amp;\u201d\u201d. Ao us\u00e1-lo, ele tamb\u00e9m informa ao Excel para contar apenas c\u00e9lulas sem valores. <\/p><div class=\"wp-block-image\"><figure class=\"aligncenter size-full is-resized\"><img loading=\"lazy\" decoding=\"async\" class=\"wp-image-67110\" src=\"https:\/\/exceladvisor.org\/wp-content\/uploads\/2023\/08\/6-criteres-de-comptage-pour-les-cellules-vides.png\" sizes=\"auto, \" srcset=\"\" alt=\"n\u00famero de crit\u00e9rios para c\u00e9lulas vazias\" width=\"478\" height=\"321\"><\/figure><\/div><div class=\"gb-container gb-container-52dfcee1 gb-container-sample-file\"><h2 class=\"gb-headline gb-headline-e289c143 gb-headline-text gb-headline-4f7959c2\"> Obtenha o arquivo Excel<\/h2> <a class=\"gb-button gb-button-e88d6bee gb-button-text gb-button-button1\" href=\"https:\/\/exceladvisor.org\/wp-content\/uploads\/2023\/08\/countif-cellules-vides-2.xlsx\" rel=\"nofollow\">Download<\/a><\/div><div class=\"gb-container gb-container-0df56012 gb-container-mt\"> <a class=\"gb-button gb-button-f9f432f4 gb-button-text gb-button-mt-button\" href=\"https:\/\/exceladvisor.org\/pt\/formulas\/\">Lista de f\u00f3rmulas do Excel<\/a><h2 class=\"gb-headline gb-headline-233444e8 gb-headline-text gb-headline-mt-heading\"> F\u00f3rmulas relacionadas <\/h2><div class=\"gb-grid-wrapper gb-grid-wrapper-a16fa65c gb-grid-wrapper-mt-grid\"><div class=\"gb-grid-column gb-grid-column-50d07e0d\"><div class=\"gb-container gb-container-50d07e0d\"><ul><li> <a href=\"https:\/\/exceladvisor.org\/pt\/contar-entre-dois-numeros\/\">Conte entre dois n\u00fameros (COUNTIFS) no Excel<\/a><\/li><li> <a href=\"https:\/\/exceladvisor.org\/pt\/conte-se-for-menor-que\/\">Contar c\u00e9lulas menores que um valor espec\u00edfico (CONT.SE) no Excel<\/a><\/li><li> <a href=\"https:\/\/exceladvisor.org\/pt\/contar-celulas-diferentes-de\/\">Contar c\u00e9lulas diferentes do Excel (COUNTIF)<\/a><\/li><li> <a href=\"https:\/\/exceladvisor.org\/pt\/contar-celulas-nao-vazias\/\">Contar c\u00e9lulas que n\u00e3o est\u00e3o vazias no Excel<\/a><\/li><li> <a href=\"https:\/\/exceladvisor.org\/pt\/conta-maior-que-zero\/\">Contagem maior que 0 (CONT.SE) no Excel<\/a> <\/li><\/ul><\/div><\/div><div class=\"gb-grid-column gb-grid-column-5b4a0cf9\"><div class=\"gb-container gb-container-5b4a0cf9\"><\/div><\/div><\/div><\/div>","protected":false},"excerpt":{"rendered":"","protected":false},"author":1,"featured_media":0,"parent":0,"menu_order":0,"comment_status":"open","ping_status":"closed","template":"","meta":{"ub_ctt_via":"","footnotes":""},"class_list":["post-81","page","type-page","status-publish","hentry"],"featured_image_src":null,"yoast_head":"<!-- This site is optimized with the Yoast SEO plugin v25.4 - https:\/\/yoast.com\/wordpress\/plugins\/seo\/ -->\n<title>Como contar c\u00e9lulas em branco no Excel? - Consultor Excel<\/title>\n<meta name=\"description\" content=\"Neste tutorial, voc\u00ea aprender\u00e1 diferentes maneiras de contar c\u00e9lulas em branco no Excel usando diferentes f\u00f3rmulas f\u00e1ceis de usar.\" \/>\n<meta name=\"robots\" content=\"index, follow, max-snippet:-1, max-image-preview:large, max-video-preview:-1\" \/>\n<link rel=\"canonical\" href=\"https:\/\/exceladvisor.org\/pt\/numero-de-celulas-vazias\/\" \/>\n<meta property=\"og:locale\" content=\"pt_PT\" \/>\n<meta property=\"og:type\" content=\"article\" \/>\n<meta property=\"og:title\" content=\"Como contar c\u00e9lulas em branco no Excel? - Consultor Excel\" \/>\n<meta property=\"og:description\" content=\"Neste tutorial, voc\u00ea aprender\u00e1 diferentes maneiras de contar c\u00e9lulas em branco no Excel usando diferentes f\u00f3rmulas f\u00e1ceis de usar.\" \/>\n<meta property=\"og:url\" content=\"https:\/\/exceladvisor.org\/pt\/numero-de-celulas-vazias\/\" \/>\n<meta property=\"og:site_name\" content=\"Excel Advisor\" \/>\n<meta property=\"article:modified_time\" content=\"2023-12-06T11:35:35+00:00\" \/>\n<meta property=\"og:image\" content=\"https:\/\/exceladvisor.org\/wp-content\/uploads\/2023\/08\/1-plage-avec-des-cellules-vides.png\" \/>\n<meta name=\"twitter:card\" content=\"summary_large_image\" \/>\n<meta name=\"twitter:label1\" content=\"Tempo estimado de leitura\" \/>\n\t<meta name=\"twitter:data1\" content=\"2 minutos\" \/>\n<script type=\"application\/ld+json\" class=\"yoast-schema-graph\">{\"@context\":\"https:\/\/schema.org\",\"@graph\":[{\"@type\":\"WebPage\",\"@id\":\"https:\/\/exceladvisor.org\/pt\/numero-de-celulas-vazias\/\",\"url\":\"https:\/\/exceladvisor.org\/pt\/numero-de-celulas-vazias\/\",\"name\":\"Como contar c\u00e9lulas em branco no Excel? - Consultor Excel\",\"isPartOf\":{\"@id\":\"https:\/\/exceladvisor.org\/pt\/#website\"},\"primaryImageOfPage\":{\"@id\":\"https:\/\/exceladvisor.org\/pt\/numero-de-celulas-vazias\/#primaryimage\"},\"image\":{\"@id\":\"https:\/\/exceladvisor.org\/pt\/numero-de-celulas-vazias\/#primaryimage\"},\"thumbnailUrl\":\"https:\/\/exceladvisor.org\/wp-content\/uploads\/2023\/08\/1-plage-avec-des-cellules-vides.png\",\"datePublished\":\"2023-11-17T07:33:43+00:00\",\"dateModified\":\"2023-12-06T11:35:35+00:00\",\"description\":\"Neste tutorial, voc\u00ea aprender\u00e1 diferentes maneiras de contar c\u00e9lulas em branco no Excel usando diferentes f\u00f3rmulas f\u00e1ceis de usar.\",\"breadcrumb\":{\"@id\":\"https:\/\/exceladvisor.org\/pt\/numero-de-celulas-vazias\/#breadcrumb\"},\"inLanguage\":\"pt-PT\",\"potentialAction\":[{\"@type\":\"ReadAction\",\"target\":[\"https:\/\/exceladvisor.org\/pt\/numero-de-celulas-vazias\/\"]}]},{\"@type\":\"ImageObject\",\"inLanguage\":\"pt-PT\",\"@id\":\"https:\/\/exceladvisor.org\/pt\/numero-de-celulas-vazias\/#primaryimage\",\"url\":\"https:\/\/exceladvisor.org\/wp-content\/uploads\/2023\/08\/1-plage-avec-des-cellules-vides.png\",\"contentUrl\":\"https:\/\/exceladvisor.org\/wp-content\/uploads\/2023\/08\/1-plage-avec-des-cellules-vides.png\"},{\"@type\":\"BreadcrumbList\",\"@id\":\"https:\/\/exceladvisor.org\/pt\/numero-de-celulas-vazias\/#breadcrumb\",\"itemListElement\":[{\"@type\":\"ListItem\",\"position\":1,\"name\":\"Lar\",\"item\":\"https:\/\/exceladvisor.org\/pt\/\"},{\"@type\":\"ListItem\",\"position\":2,\"name\":\"Como contar c\u00e9lulas em branco no excel?\"}]},{\"@type\":\"WebSite\",\"@id\":\"https:\/\/exceladvisor.org\/pt\/#website\",\"url\":\"https:\/\/exceladvisor.org\/pt\/\",\"name\":\"Excel Advisor\",\"description\":\"O seu guia definitivo para dominar os dados!\",\"publisher\":{\"@id\":\"https:\/\/exceladvisor.org\/pt\/#organization\"},\"potentialAction\":[{\"@type\":\"SearchAction\",\"target\":{\"@type\":\"EntryPoint\",\"urlTemplate\":\"https:\/\/exceladvisor.org\/pt\/?s={search_term_string}\"},\"query-input\":{\"@type\":\"PropertyValueSpecification\",\"valueRequired\":true,\"valueName\":\"search_term_string\"}}],\"inLanguage\":\"pt-PT\"},{\"@type\":\"Organization\",\"@id\":\"https:\/\/exceladvisor.org\/pt\/#organization\",\"name\":\"Excel Advisor\",\"url\":\"https:\/\/exceladvisor.org\/pt\/\",\"logo\":{\"@type\":\"ImageObject\",\"inLanguage\":\"pt-PT\",\"@id\":\"https:\/\/exceladvisor.org\/pt\/#\/schema\/logo\/image\/\",\"url\":\"https:\/\/exceladvisor.org\/pt\/wp-content\/uploads\/2023\/12\/exceladvisor.org_.png\",\"contentUrl\":\"https:\/\/exceladvisor.org\/pt\/wp-content\/uploads\/2023\/12\/exceladvisor.org_.png\",\"width\":105,\"height\":36,\"caption\":\"Excel Advisor\"},\"image\":{\"@id\":\"https:\/\/exceladvisor.org\/pt\/#\/schema\/logo\/image\/\"}}]}<\/script>\n<!-- \/ Yoast SEO plugin. -->","yoast_head_json":{"title":"Como contar c\u00e9lulas em branco no Excel? - Consultor Excel","description":"Neste tutorial, voc\u00ea aprender\u00e1 diferentes maneiras de contar c\u00e9lulas em branco no Excel usando diferentes f\u00f3rmulas f\u00e1ceis de usar.","robots":{"index":"index","follow":"follow","max-snippet":"max-snippet:-1","max-image-preview":"max-image-preview:large","max-video-preview":"max-video-preview:-1"},"canonical":"https:\/\/exceladvisor.org\/pt\/numero-de-celulas-vazias\/","og_locale":"pt_PT","og_type":"article","og_title":"Como contar c\u00e9lulas em branco no Excel? - Consultor Excel","og_description":"Neste tutorial, voc\u00ea aprender\u00e1 diferentes maneiras de contar c\u00e9lulas em branco no Excel usando diferentes f\u00f3rmulas f\u00e1ceis de usar.","og_url":"https:\/\/exceladvisor.org\/pt\/numero-de-celulas-vazias\/","og_site_name":"Excel Advisor","article_modified_time":"2023-12-06T11:35:35+00:00","og_image":[{"url":"https:\/\/exceladvisor.org\/wp-content\/uploads\/2023\/08\/1-plage-avec-des-cellules-vides.png","type":"","width":"","height":""}],"twitter_card":"summary_large_image","twitter_misc":{"Tempo estimado de leitura":"2 minutos"},"schema":{"@context":"https:\/\/schema.org","@graph":[{"@type":"WebPage","@id":"https:\/\/exceladvisor.org\/pt\/numero-de-celulas-vazias\/","url":"https:\/\/exceladvisor.org\/pt\/numero-de-celulas-vazias\/","name":"Como contar c\u00e9lulas em branco no Excel? - Consultor Excel","isPartOf":{"@id":"https:\/\/exceladvisor.org\/pt\/#website"},"primaryImageOfPage":{"@id":"https:\/\/exceladvisor.org\/pt\/numero-de-celulas-vazias\/#primaryimage"},"image":{"@id":"https:\/\/exceladvisor.org\/pt\/numero-de-celulas-vazias\/#primaryimage"},"thumbnailUrl":"https:\/\/exceladvisor.org\/wp-content\/uploads\/2023\/08\/1-plage-avec-des-cellules-vides.png","datePublished":"2023-11-17T07:33:43+00:00","dateModified":"2023-12-06T11:35:35+00:00","description":"Neste tutorial, voc\u00ea aprender\u00e1 diferentes maneiras de contar c\u00e9lulas em branco no Excel usando diferentes f\u00f3rmulas f\u00e1ceis de usar.","breadcrumb":{"@id":"https:\/\/exceladvisor.org\/pt\/numero-de-celulas-vazias\/#breadcrumb"},"inLanguage":"pt-PT","potentialAction":[{"@type":"ReadAction","target":["https:\/\/exceladvisor.org\/pt\/numero-de-celulas-vazias\/"]}]},{"@type":"ImageObject","inLanguage":"pt-PT","@id":"https:\/\/exceladvisor.org\/pt\/numero-de-celulas-vazias\/#primaryimage","url":"https:\/\/exceladvisor.org\/wp-content\/uploads\/2023\/08\/1-plage-avec-des-cellules-vides.png","contentUrl":"https:\/\/exceladvisor.org\/wp-content\/uploads\/2023\/08\/1-plage-avec-des-cellules-vides.png"},{"@type":"BreadcrumbList","@id":"https:\/\/exceladvisor.org\/pt\/numero-de-celulas-vazias\/#breadcrumb","itemListElement":[{"@type":"ListItem","position":1,"name":"Lar","item":"https:\/\/exceladvisor.org\/pt\/"},{"@type":"ListItem","position":2,"name":"Como contar c\u00e9lulas em branco no excel?"}]},{"@type":"WebSite","@id":"https:\/\/exceladvisor.org\/pt\/#website","url":"https:\/\/exceladvisor.org\/pt\/","name":"Excel Advisor","description":"O seu guia definitivo para dominar os dados!","publisher":{"@id":"https:\/\/exceladvisor.org\/pt\/#organization"},"potentialAction":[{"@type":"SearchAction","target":{"@type":"EntryPoint","urlTemplate":"https:\/\/exceladvisor.org\/pt\/?s={search_term_string}"},"query-input":{"@type":"PropertyValueSpecification","valueRequired":true,"valueName":"search_term_string"}}],"inLanguage":"pt-PT"},{"@type":"Organization","@id":"https:\/\/exceladvisor.org\/pt\/#organization","name":"Excel Advisor","url":"https:\/\/exceladvisor.org\/pt\/","logo":{"@type":"ImageObject","inLanguage":"pt-PT","@id":"https:\/\/exceladvisor.org\/pt\/#\/schema\/logo\/image\/","url":"https:\/\/exceladvisor.org\/pt\/wp-content\/uploads\/2023\/12\/exceladvisor.org_.png","contentUrl":"https:\/\/exceladvisor.org\/pt\/wp-content\/uploads\/2023\/12\/exceladvisor.org_.png","width":105,"height":36,"caption":"Excel Advisor"},"image":{"@id":"https:\/\/exceladvisor.org\/pt\/#\/schema\/logo\/image\/"}}]}},"yoast_meta":{"yoast_wpseo_title":"","yoast_wpseo_metadesc":"","yoast_wpseo_canonical":""},"_links":{"self":[{"href":"https:\/\/exceladvisor.org\/pt\/wp-json\/wp\/v2\/pages\/81","targetHints":{"allow":["GET"]}}],"collection":[{"href":"https:\/\/exceladvisor.org\/pt\/wp-json\/wp\/v2\/pages"}],"about":[{"href":"https:\/\/exceladvisor.org\/pt\/wp-json\/wp\/v2\/types\/page"}],"author":[{"embeddable":true,"href":"https:\/\/exceladvisor.org\/pt\/wp-json\/wp\/v2\/users\/1"}],"replies":[{"embeddable":true,"href":"https:\/\/exceladvisor.org\/pt\/wp-json\/wp\/v2\/comments?post=81"}],"version-history":[{"count":1,"href":"https:\/\/exceladvisor.org\/pt\/wp-json\/wp\/v2\/pages\/81\/revisions"}],"predecessor-version":[{"id":919,"href":"https:\/\/exceladvisor.org\/pt\/wp-json\/wp\/v2\/pages\/81\/revisions\/919"}],"wp:attachment":[{"href":"https:\/\/exceladvisor.org\/pt\/wp-json\/wp\/v2\/media?parent=81"}],"curies":[{"name":"wp","href":"https:\/\/api.w.org\/{rel}","templated":true}]}}