{"id":82,"date":"2023-11-17T07:16:19","date_gmt":"2023-11-17T07:16:19","guid":{"rendered":"https:\/\/exceladvisor.org\/pt\/obter-o-nome-do-arquivo\/"},"modified":"2023-12-06T11:38:40","modified_gmt":"2023-12-06T11:38:40","slug":"obter-o-nome-do-arquivo","status":"publish","type":"page","link":"https:\/\/exceladvisor.org\/pt\/obter-o-nome-do-arquivo\/","title":{"rendered":"Como obter o nome do arquivo no excel?"},"content":{"rendered":"<div class=\"excel-before-content-2\" id=\"excel-45451622\"><script type=\"text\/javascript\">\r\n\tatOptions = {\r\n\t\t'key' : 'c1158f160081d6540a8409e6925dab94',\r\n\t\t'format' : 'iframe',\r\n\t\t'height' : 250,\r\n\t\t'width' : 300,\r\n\t\t'params' : {}\r\n\t};\r\n<\/script>\r\n<script type=\"text\/javascript\" src=\"\/\/www.highperformanceformat.com\/c1158f160081d6540a8409e6925dab94\/invoke.js\"><\/script><\/div><div class=\"excel-before-content\" id=\"excel-2383010161\"><script type=\"text\/javascript\">\r\n\tatOptions = {\r\n\t\t'key' : 'c1158f160081d6540a8409e6925dab94',\r\n\t\t'format' : 'iframe',\r\n\t\t'height' : 250,\r\n\t\t'width' : 300,\r\n\t\t'params' : {}\r\n\t};\r\n<\/script>\r\n<script type=\"text\/javascript\" src=\"\/\/www.highperformanceformat.com\/c1158f160081d6540a8409e6925dab94\/invoke.js\"><\/script><\/div> <p>No Excel, n\u00e3o existe uma fun\u00e7\u00e3o direta para obter o nome do arquivo, mas voc\u00ea pode usar a fun\u00e7\u00e3o CELL para obter o caminho do arquivo, ent\u00e3o podemos usar a fun\u00e7\u00e3o MID para extrair o nome do arquivo dele.<\/p><p> Voc\u00ea pode usar as seguintes etapas:<\/p><ol type=\"1\"><li> Primeiro, voc\u00ea precisa inserir a fun\u00e7\u00e3o CELL em uma c\u00e9lula.<\/li><li> Depois disso, voc\u00ea precisa especificar o \u201cnome do arquivo\u201d no argumento.<\/li><li> Em seguida, insira os par\u00eanteses de fechamento<\/li><li> No final, pressione Enter.<\/li><\/ol><pre class=\"wp-block-code\"> <code class=\"language-excel-formula\" lang=\"excel-formula\">=CELL(\"filename\")<\/code><\/pre><p> Neste ponto voc\u00ea tem o caminho para o endere\u00e7o do arquivo. Voc\u00ea pode ver no exemplo a seguir que tenho o endere\u00e7o do caminho na c\u00e9lula D1. <\/p><div class=\"wp-block-image\"><figure class=\"aligncenter size-full is-resized\"><img loading=\"lazy\" decoding=\"async\" class=\"wp-image-66806\" src=\"https:\/\/exceladvisor.org\/wp-content\/uploads\/2023\/08\/1-obtenir-le-nom-du-fichier.png\" sizes=\"auto, \" srcset=\"\" alt=\"obter nome do arquivo\" width=\"565\" height=\"298\"><\/figure><\/div><p> Agora o pr\u00f3ximo passo \u00e9 obter o nome do arquivo deste endere\u00e7o, e para isso usaremos as fun\u00e7\u00f5es MID + SEARCH.<\/p><p> H\u00e1 uma coisa que voc\u00ea deve observar: o nome do arquivo est\u00e1 entre colchetes.<\/p><p> Ent\u00e3o, vamos criar uma f\u00f3rmula para obter o nome do arquivo.<\/p><ol><li> Primeiro, use a fun\u00e7\u00e3o SEARCH para descobrir a posi\u00e7\u00e3o do gancho inicial usando a fun\u00e7\u00e3o de pesquisa. <br><img loading=\"lazy\" decoding=\"async\" title=\"2-fun\u00e7\u00e3o-de-pesquisa-para-saber-a-posi\u00e7\u00e3o\" src=\"https:\/\/exceladvisor.org\/wp-content\/uploads\/2023\/08\/2-fonction-de-recherche-pour-connaitre-la-position.png\" sizes=\"auto, \" srcset=\"\" alt=\"search-function-to-know-the-position\" width=\"535\" height=\"163\"><\/li><li> Em seguida, voc\u00ea precisa encontrar a posi\u00e7\u00e3o dos colchetes finais. <br><img loading=\"lazy\" decoding=\"async\" title=\"Ganchos de acabamento de 3 posi\u00e7\u00f5es\" src=\"https:\/\/exceladvisor.org\/wp-content\/uploads\/2023\/08\/3-position-des-crochets-de-fin.png\" sizes=\"auto, \" srcset=\"\" alt=\"position-of-ending-square-brackets\" width=\"533\" height=\"157\"><\/li><li> Depois disso, voc\u00ea precisa usar a fun\u00e7\u00e3o MID para obter o nome final do caminho completo.<\/li><li> E para isso precisamos usar a seguinte f\u00f3rmula na qual voc\u00ea precisa usar os valores que obteve na fun\u00e7\u00e3o de pesquisa. <br><img loading=\"lazy\" decoding=\"async\" title=\"4-fun\u00e7\u00e3o intermedi\u00e1ria para obter o nome do arquivo\" src=\"https:\/\/exceladvisor.org\/wp-content\/uploads\/2023\/08\/4-fonction-mediane-pour-obtenir-le-nom-du-fichier.png\" sizes=\"auto, \" srcset=\"\" alt=\"mid-function-to-get-file-name\" width=\"532\" height=\"173\"><\/li><\/ol><p> Agora vamos entender esta f\u00f3rmula que escrevemos com a fun\u00e7\u00e3o MID. Na fun\u00e7\u00e3o MID:<\/p><ol type=\"1\"><li> No primeiro argumento voc\u00ea se referiu \u00e0 c\u00e9lula onde temos o caminho completo do arquivo.<\/li><li> No segundo argumento, voc\u00ea usou a posi\u00e7\u00e3o inicial do colchete obtida na fun\u00e7\u00e3o SEARCH e adicionou 1 a ela.<\/li><li> No terceiro argumento, voc\u00ea usou a posi\u00e7\u00e3o final do colchete e deduziu a posi\u00e7\u00e3o inicial do colchete e, em seguida, deduziu 1. Isso fornece o n\u00famero exato de caracteres a serem obtidos.<\/li><\/ol><p> Aqui inseri todas as fun\u00e7\u00f5es em uma \u00fanica f\u00f3rmula para obter o resultado em uma \u00fanica c\u00e9lula.<\/p><pre class=\"wp-block-code\"> <code class=\"language-excel-formula\" lang=\"excel-formula\">=MID(CELL(\"filename\"),SEARCH(\"[\",CELL(\"filename\"))+1,SEARCH(\"]\",CELL(\"filename\"))-SEARCH(\"[\",CELL(\"filename\"))-1)<\/code><\/pre><div class=\"gb-container gb-container-0df56012 gb-container-mt\"> <a class=\"gb-button gb-button-f9f432f4 gb-button-text gb-button-mt-button\" href=\"https:\/\/exceladvisor.org\/pt\/formulas\/\">Lista de f\u00f3rmulas do Excel<\/a><h2 class=\"gb-headline gb-headline-233444e8 gb-headline-text gb-headline-mt-heading\"> F\u00f3rmulas relacionadas <\/h2><div class=\"gb-grid-wrapper gb-grid-wrapper-a16fa65c gb-grid-wrapper-mt-grid\"><div class=\"gb-grid-column gb-grid-column-50d07e0d\"><div class=\"gb-container gb-container-50d07e0d\"><ul><li> <a href=\"https:\/\/exceladvisor.org\/pt\/filtro-horizontal\/\">Crie um filtro horizontal no Excel<\/a><\/li><li> <a href=\"https:\/\/exceladvisor.org\/pt\/classificacao-por-estrelas\/\">Crie um modelo de classifica\u00e7\u00e3o por estrelas no Excel<\/a><\/li><li> <a href=\"https:\/\/exceladvisor.org\/pt\/obter-o-nome-da-planilha\/\">Obtenha o nome da planilha no Excel<\/a><\/li><li> <a href=\"https:\/\/exceladvisor.org\/pt\/gerar-letras-aleatorias\/\">Gere letras aleat\u00f3rias rapidamente no Excel<\/a><\/li><li> <a href=\"https:\/\/exceladvisor.org\/pt\/randomizar-a-lista\/\">Randomizar uma lista (classifica\u00e7\u00e3o aleat\u00f3ria) no Excel<\/a> <\/li><\/ul><\/div><\/div><div class=\"gb-grid-column gb-grid-column-5b4a0cf9\"><div class=\"gb-container gb-container-5b4a0cf9\"><\/div><\/div><\/div><\/div>","protected":false},"excerpt":{"rendered":"","protected":false},"author":1,"featured_media":0,"parent":0,"menu_order":0,"comment_status":"open","ping_status":"closed","template":"","meta":{"ub_ctt_via":"","footnotes":""},"class_list":["post-82","page","type-page","status-publish","hentry"],"featured_image_src":null,"yoast_head":"<!-- This site is optimized with the Yoast SEO plugin v25.4 - https:\/\/yoast.com\/wordpress\/plugins\/seo\/ -->\n<title>Como obter o nome do arquivo no Excel? - Consultor Excel<\/title>\n<meta name=\"description\" content=\"Neste tutorial, voc\u00ea aprender\u00e1 diferentes maneiras de obter um nome de arquivo no Excel usando f\u00f3rmulas f\u00e1ceis de usar\" \/>\n<meta name=\"robots\" content=\"index, follow, max-snippet:-1, max-image-preview:large, max-video-preview:-1\" \/>\n<link rel=\"canonical\" href=\"https:\/\/exceladvisor.org\/pt\/obter-o-nome-do-arquivo\/\" \/>\n<meta property=\"og:locale\" content=\"pt_PT\" \/>\n<meta property=\"og:type\" content=\"article\" \/>\n<meta property=\"og:title\" content=\"Como obter o nome do arquivo no Excel? - Consultor Excel\" \/>\n<meta property=\"og:description\" content=\"Neste tutorial, voc\u00ea aprender\u00e1 diferentes maneiras de obter um nome de arquivo no Excel usando f\u00f3rmulas f\u00e1ceis de usar\" \/>\n<meta property=\"og:url\" content=\"https:\/\/exceladvisor.org\/pt\/obter-o-nome-do-arquivo\/\" \/>\n<meta property=\"og:site_name\" content=\"Excel Advisor\" \/>\n<meta property=\"article:modified_time\" content=\"2023-12-06T11:38:40+00:00\" \/>\n<meta property=\"og:image\" content=\"https:\/\/exceladvisor.org\/wp-content\/uploads\/2023\/08\/1-obtenir-le-nom-du-fichier.png\" \/>\n<meta name=\"twitter:card\" content=\"summary_large_image\" \/>\n<meta name=\"twitter:label1\" content=\"Tempo estimado de leitura\" \/>\n\t<meta name=\"twitter:data1\" content=\"2 minutos\" \/>\n<script type=\"application\/ld+json\" class=\"yoast-schema-graph\">{\"@context\":\"https:\/\/schema.org\",\"@graph\":[{\"@type\":\"WebPage\",\"@id\":\"https:\/\/exceladvisor.org\/pt\/obter-o-nome-do-arquivo\/\",\"url\":\"https:\/\/exceladvisor.org\/pt\/obter-o-nome-do-arquivo\/\",\"name\":\"Como obter o nome do arquivo no Excel? - Consultor Excel\",\"isPartOf\":{\"@id\":\"https:\/\/exceladvisor.org\/pt\/#website\"},\"primaryImageOfPage\":{\"@id\":\"https:\/\/exceladvisor.org\/pt\/obter-o-nome-do-arquivo\/#primaryimage\"},\"image\":{\"@id\":\"https:\/\/exceladvisor.org\/pt\/obter-o-nome-do-arquivo\/#primaryimage\"},\"thumbnailUrl\":\"https:\/\/exceladvisor.org\/wp-content\/uploads\/2023\/08\/1-obtenir-le-nom-du-fichier.png\",\"datePublished\":\"2023-11-17T07:16:19+00:00\",\"dateModified\":\"2023-12-06T11:38:40+00:00\",\"description\":\"Neste tutorial, voc\u00ea aprender\u00e1 diferentes maneiras de obter um nome de arquivo no Excel usando f\u00f3rmulas f\u00e1ceis de usar\",\"breadcrumb\":{\"@id\":\"https:\/\/exceladvisor.org\/pt\/obter-o-nome-do-arquivo\/#breadcrumb\"},\"inLanguage\":\"pt-PT\",\"potentialAction\":[{\"@type\":\"ReadAction\",\"target\":[\"https:\/\/exceladvisor.org\/pt\/obter-o-nome-do-arquivo\/\"]}]},{\"@type\":\"ImageObject\",\"inLanguage\":\"pt-PT\",\"@id\":\"https:\/\/exceladvisor.org\/pt\/obter-o-nome-do-arquivo\/#primaryimage\",\"url\":\"https:\/\/exceladvisor.org\/wp-content\/uploads\/2023\/08\/1-obtenir-le-nom-du-fichier.png\",\"contentUrl\":\"https:\/\/exceladvisor.org\/wp-content\/uploads\/2023\/08\/1-obtenir-le-nom-du-fichier.png\"},{\"@type\":\"BreadcrumbList\",\"@id\":\"https:\/\/exceladvisor.org\/pt\/obter-o-nome-do-arquivo\/#breadcrumb\",\"itemListElement\":[{\"@type\":\"ListItem\",\"position\":1,\"name\":\"Lar\",\"item\":\"https:\/\/exceladvisor.org\/pt\/\"},{\"@type\":\"ListItem\",\"position\":2,\"name\":\"Como obter o nome do arquivo no excel?\"}]},{\"@type\":\"WebSite\",\"@id\":\"https:\/\/exceladvisor.org\/pt\/#website\",\"url\":\"https:\/\/exceladvisor.org\/pt\/\",\"name\":\"Excel Advisor\",\"description\":\"O seu guia definitivo para dominar os dados!\",\"publisher\":{\"@id\":\"https:\/\/exceladvisor.org\/pt\/#organization\"},\"potentialAction\":[{\"@type\":\"SearchAction\",\"target\":{\"@type\":\"EntryPoint\",\"urlTemplate\":\"https:\/\/exceladvisor.org\/pt\/?s={search_term_string}\"},\"query-input\":{\"@type\":\"PropertyValueSpecification\",\"valueRequired\":true,\"valueName\":\"search_term_string\"}}],\"inLanguage\":\"pt-PT\"},{\"@type\":\"Organization\",\"@id\":\"https:\/\/exceladvisor.org\/pt\/#organization\",\"name\":\"Excel Advisor\",\"url\":\"https:\/\/exceladvisor.org\/pt\/\",\"logo\":{\"@type\":\"ImageObject\",\"inLanguage\":\"pt-PT\",\"@id\":\"https:\/\/exceladvisor.org\/pt\/#\/schema\/logo\/image\/\",\"url\":\"https:\/\/exceladvisor.org\/pt\/wp-content\/uploads\/2023\/12\/exceladvisor.org_.png\",\"contentUrl\":\"https:\/\/exceladvisor.org\/pt\/wp-content\/uploads\/2023\/12\/exceladvisor.org_.png\",\"width\":105,\"height\":36,\"caption\":\"Excel Advisor\"},\"image\":{\"@id\":\"https:\/\/exceladvisor.org\/pt\/#\/schema\/logo\/image\/\"}}]}<\/script>\n<!-- \/ Yoast SEO plugin. -->","yoast_head_json":{"title":"Como obter o nome do arquivo no Excel? - Consultor Excel","description":"Neste tutorial, voc\u00ea aprender\u00e1 diferentes maneiras de obter um nome de arquivo no Excel usando f\u00f3rmulas f\u00e1ceis de usar","robots":{"index":"index","follow":"follow","max-snippet":"max-snippet:-1","max-image-preview":"max-image-preview:large","max-video-preview":"max-video-preview:-1"},"canonical":"https:\/\/exceladvisor.org\/pt\/obter-o-nome-do-arquivo\/","og_locale":"pt_PT","og_type":"article","og_title":"Como obter o nome do arquivo no Excel? - Consultor Excel","og_description":"Neste tutorial, voc\u00ea aprender\u00e1 diferentes maneiras de obter um nome de arquivo no Excel usando f\u00f3rmulas f\u00e1ceis de usar","og_url":"https:\/\/exceladvisor.org\/pt\/obter-o-nome-do-arquivo\/","og_site_name":"Excel Advisor","article_modified_time":"2023-12-06T11:38:40+00:00","og_image":[{"url":"https:\/\/exceladvisor.org\/wp-content\/uploads\/2023\/08\/1-obtenir-le-nom-du-fichier.png","type":"","width":"","height":""}],"twitter_card":"summary_large_image","twitter_misc":{"Tempo estimado de leitura":"2 minutos"},"schema":{"@context":"https:\/\/schema.org","@graph":[{"@type":"WebPage","@id":"https:\/\/exceladvisor.org\/pt\/obter-o-nome-do-arquivo\/","url":"https:\/\/exceladvisor.org\/pt\/obter-o-nome-do-arquivo\/","name":"Como obter o nome do arquivo no Excel? - Consultor Excel","isPartOf":{"@id":"https:\/\/exceladvisor.org\/pt\/#website"},"primaryImageOfPage":{"@id":"https:\/\/exceladvisor.org\/pt\/obter-o-nome-do-arquivo\/#primaryimage"},"image":{"@id":"https:\/\/exceladvisor.org\/pt\/obter-o-nome-do-arquivo\/#primaryimage"},"thumbnailUrl":"https:\/\/exceladvisor.org\/wp-content\/uploads\/2023\/08\/1-obtenir-le-nom-du-fichier.png","datePublished":"2023-11-17T07:16:19+00:00","dateModified":"2023-12-06T11:38:40+00:00","description":"Neste tutorial, voc\u00ea aprender\u00e1 diferentes maneiras de obter um nome de arquivo no Excel usando f\u00f3rmulas f\u00e1ceis de usar","breadcrumb":{"@id":"https:\/\/exceladvisor.org\/pt\/obter-o-nome-do-arquivo\/#breadcrumb"},"inLanguage":"pt-PT","potentialAction":[{"@type":"ReadAction","target":["https:\/\/exceladvisor.org\/pt\/obter-o-nome-do-arquivo\/"]}]},{"@type":"ImageObject","inLanguage":"pt-PT","@id":"https:\/\/exceladvisor.org\/pt\/obter-o-nome-do-arquivo\/#primaryimage","url":"https:\/\/exceladvisor.org\/wp-content\/uploads\/2023\/08\/1-obtenir-le-nom-du-fichier.png","contentUrl":"https:\/\/exceladvisor.org\/wp-content\/uploads\/2023\/08\/1-obtenir-le-nom-du-fichier.png"},{"@type":"BreadcrumbList","@id":"https:\/\/exceladvisor.org\/pt\/obter-o-nome-do-arquivo\/#breadcrumb","itemListElement":[{"@type":"ListItem","position":1,"name":"Lar","item":"https:\/\/exceladvisor.org\/pt\/"},{"@type":"ListItem","position":2,"name":"Como obter o nome do arquivo no excel?"}]},{"@type":"WebSite","@id":"https:\/\/exceladvisor.org\/pt\/#website","url":"https:\/\/exceladvisor.org\/pt\/","name":"Excel Advisor","description":"O seu guia definitivo para dominar os dados!","publisher":{"@id":"https:\/\/exceladvisor.org\/pt\/#organization"},"potentialAction":[{"@type":"SearchAction","target":{"@type":"EntryPoint","urlTemplate":"https:\/\/exceladvisor.org\/pt\/?s={search_term_string}"},"query-input":{"@type":"PropertyValueSpecification","valueRequired":true,"valueName":"search_term_string"}}],"inLanguage":"pt-PT"},{"@type":"Organization","@id":"https:\/\/exceladvisor.org\/pt\/#organization","name":"Excel Advisor","url":"https:\/\/exceladvisor.org\/pt\/","logo":{"@type":"ImageObject","inLanguage":"pt-PT","@id":"https:\/\/exceladvisor.org\/pt\/#\/schema\/logo\/image\/","url":"https:\/\/exceladvisor.org\/pt\/wp-content\/uploads\/2023\/12\/exceladvisor.org_.png","contentUrl":"https:\/\/exceladvisor.org\/pt\/wp-content\/uploads\/2023\/12\/exceladvisor.org_.png","width":105,"height":36,"caption":"Excel Advisor"},"image":{"@id":"https:\/\/exceladvisor.org\/pt\/#\/schema\/logo\/image\/"}}]}},"yoast_meta":{"yoast_wpseo_title":"","yoast_wpseo_metadesc":"","yoast_wpseo_canonical":""},"_links":{"self":[{"href":"https:\/\/exceladvisor.org\/pt\/wp-json\/wp\/v2\/pages\/82","targetHints":{"allow":["GET"]}}],"collection":[{"href":"https:\/\/exceladvisor.org\/pt\/wp-json\/wp\/v2\/pages"}],"about":[{"href":"https:\/\/exceladvisor.org\/pt\/wp-json\/wp\/v2\/types\/page"}],"author":[{"embeddable":true,"href":"https:\/\/exceladvisor.org\/pt\/wp-json\/wp\/v2\/users\/1"}],"replies":[{"embeddable":true,"href":"https:\/\/exceladvisor.org\/pt\/wp-json\/wp\/v2\/comments?post=82"}],"version-history":[{"count":1,"href":"https:\/\/exceladvisor.org\/pt\/wp-json\/wp\/v2\/pages\/82\/revisions"}],"predecessor-version":[{"id":1142,"href":"https:\/\/exceladvisor.org\/pt\/wp-json\/wp\/v2\/pages\/82\/revisions\/1142"}],"wp:attachment":[{"href":"https:\/\/exceladvisor.org\/pt\/wp-json\/wp\/v2\/media?parent=82"}],"curies":[{"name":"wp","href":"https:\/\/api.w.org\/{rel}","templated":true}]}}