{"id":83,"date":"2023-11-17T07:02:42","date_gmt":"2023-11-17T07:02:42","guid":{"rendered":"https:\/\/exceladvisor.org\/pt\/contar-o-numero-total-de-celulas\/"},"modified":"2023-12-06T11:35:39","modified_gmt":"2023-12-06T11:35:39","slug":"contar-o-numero-total-de-celulas","status":"publish","type":"page","link":"https:\/\/exceladvisor.org\/pt\/contar-o-numero-total-de-celulas\/","title":{"rendered":"Como contar o n\u00famero total de c\u00e9lulas em um intervalo?"},"content":{"rendered":"<div class=\"excel-before-content-2\" id=\"excel-1554613461\"><script type=\"text\/javascript\">\r\n\tatOptions = {\r\n\t\t'key' : 'c1158f160081d6540a8409e6925dab94',\r\n\t\t'format' : 'iframe',\r\n\t\t'height' : 250,\r\n\t\t'width' : 300,\r\n\t\t'params' : {}\r\n\t};\r\n<\/script>\r\n<script type=\"text\/javascript\" src=\"\/\/www.highperformanceformat.com\/c1158f160081d6540a8409e6925dab94\/invoke.js\"><\/script><\/div><div class=\"excel-before-content\" id=\"excel-2282448529\"><script type=\"text\/javascript\">\r\n\tatOptions = {\r\n\t\t'key' : 'c1158f160081d6540a8409e6925dab94',\r\n\t\t'format' : 'iframe',\r\n\t\t'height' : 250,\r\n\t\t'width' : 300,\r\n\t\t'params' : {}\r\n\t};\r\n<\/script>\r\n<script type=\"text\/javascript\" src=\"\/\/www.highperformanceformat.com\/c1158f160081d6540a8409e6925dab94\/invoke.js\"><\/script><\/div> <p>No Excel, voc\u00ea pode usar duas f\u00f3rmulas diferentes se quiser contar o n\u00famero de c\u00e9lulas em um intervalo (c\u00e9lulas em branco e n\u00e3o em branco). Neste tutorial, veremos ambas as f\u00f3rmulas.<\/p><h2 class=\"wp-block-heading\"> Conte o n\u00famero de c\u00e9lulas (M\u00e9todo 1)<\/h2><p> No exemplo a seguir, temos alguns valores na coluna A e voc\u00ea precisa contar as c\u00e9lulas no intervalo A1:B10. E para isso vamos utilizar as fun\u00e7\u00f5es ROWS e COLUMNS.<\/p><p> Passos para escrever a f\u00f3rmula:<\/p><ol type=\"1\"><li> Primeiro, na c\u00e9lula D1, insira \u201c <code>=ROWS (A1:B10)<\/code> \u201d.<\/li><li> Em seguida, digite o sinal de asterisco (*) para multiplicar os valores.<\/li><li> Depois disso, \u00e9 necess\u00e1rio inserir a fun\u00e7\u00e3o COLUMN referente ao mesmo intervalo (COLUMNS(A1:B10).<\/li><li> Ao final, pressione o bot\u00e3o Enter para exibir o resultado na c\u00e9lula. <\/li><\/ol><div class=\"wp-block-image\"><figure class=\"aligncenter size-full is-resized\"><img loading=\"lazy\" decoding=\"async\" class=\"wp-image-66794\" src=\"https:\/\/exceladvisor.org\/wp-content\/uploads\/2023\/08\/1-fonction-lignes-et-colonnes.png\" sizes=\"auto, \" srcset=\"\" alt=\"fun\u00e7\u00e3o de linhas e colunas\" width=\"445\" height=\"273\"><\/figure><\/div><p> Agora, como voc\u00ea pode ver, quando voc\u00ea pressiona Enter, ele retorna 20 no resultado porque voc\u00ea tem um total de 20 c\u00e9lulas no intervalo especificado. <\/p><div class=\"wp-block-image\"><figure class=\"aligncenter size-full is-resized\"><img loading=\"lazy\" decoding=\"async\" class=\"wp-image-66795\" src=\"https:\/\/exceladvisor.org\/wp-content\/uploads\/2023\/08\/Resultat-de-comptage-de-2-cellules.png\" sizes=\"auto, \" srcset=\"\" alt=\"resultado da contagem de c\u00e9lulas\" width=\"496\" height=\"303\"><\/figure><\/div><p> Agora vamos tentar entender a f\u00f3rmula que usamos aqui. Na primeira parte, usamos a fun\u00e7\u00e3o ROWS que retorna o n\u00famero de linhas que voc\u00ea possui em um intervalo. Aqui ele retorna 10 porque voc\u00ea tem dez linhas no intervalo A1 a B10. <\/p><div class=\"wp-block-image\"><figure class=\"aligncenter size-full is-resized\"><img loading=\"lazy\" decoding=\"async\" class=\"wp-image-66796\" src=\"https:\/\/exceladvisor.org\/wp-content\/uploads\/2023\/08\/Formule-3-lignes.png\" sizes=\"auto, \" srcset=\"\" alt=\"f\u00f3rmula de linhas\" width=\"471\" height=\"332\"><\/figure><\/div><p> Agora, da pr\u00f3xima vez, voc\u00ea ter\u00e1 a fun\u00e7\u00e3o COLUMNS, que retorna o n\u00famero de colunas que voc\u00ea possui em um intervalo. Aqui ele retorna 2 porque voc\u00ea tem duas colunas no intervalo A1 a B10. <\/p><div class=\"wp-block-image\"><figure class=\"aligncenter size-full is-resized\"><img loading=\"lazy\" decoding=\"async\" class=\"wp-image-66797\" src=\"https:\/\/exceladvisor.org\/wp-content\/uploads\/2023\/08\/Formule-4-colonnes.png\" sizes=\"auto, \" srcset=\"\" alt=\"colunas de f\u00f3rmula\" width=\"421\" height=\"286\"><\/figure><\/div><p> No final das contas voc\u00ea tem um asterisco entre os dois valores para multiplicar as linhas e colunas para obter o n\u00famero total de c\u00e9lulas no intervalo.<\/p><h2 class=\"wp-block-heading\"> Combina COUNTA \u2013 COUNTBLANK para contar c\u00e9lulas em um intervalo<\/h2><p> O segundo m\u00e9todo requer que voc\u00ea combine as fun\u00e7\u00f5es COUNTA e COUNTBLANK. Ao combinar as duas fun\u00e7\u00f5es, voc\u00ea pode contar todas as c\u00e9lulas n\u00e3o vazias e todas as c\u00e9lulas vazias em um intervalo. Abaixo temos o mesmo exemplo que usamos no primeiro exemplo.<\/p><p> Na c\u00e9lula D1, voc\u00ea pode inserir a seguinte f\u00f3rmula: <\/p><pre class=\"wp-block-code\"> <code class=\"language-excel-formula\" lang=\"excel-formula\">=COUNTA(A1:B10)+COUNTBLANK(A1:B10)<\/code><\/pre><div class=\"wp-block-image\"><figure class=\"aligncenter size-full is-resized\"><img loading=\"lazy\" decoding=\"async\" class=\"wp-image-66798\" src=\"https:\/\/exceladvisor.org\/wp-content\/uploads\/2023\/08\/5-counta-countblank-formule.png\" sizes=\"auto, \" srcset=\"\" alt=\"f\u00f3rmula de contagem-contagem em branco\" width=\"546\" height=\"280\"><\/figure><\/div><p> Como eu disse, esta f\u00f3rmula funciona em duas partes:<\/p><ol type=\"1\"><li> A fun\u00e7\u00e3o COUNTA conta as c\u00e9lulas onde voc\u00ea possui valores.<\/li><li> A fun\u00e7\u00e3o COUNTBLANK conta c\u00e9lulas onde voc\u00ea n\u00e3o possui valores.<\/li><\/ol><p> No final das contas, voc\u00ea tem um \u201csinal +\u201d que soma os dois n\u00fameros e retorna o n\u00famero total de c\u00e9lulas no intervalo especificado. <\/p><div class=\"gb-container gb-container-52dfcee1 gb-container-sample-file\"><h2 class=\"gb-headline gb-headline-e289c143 gb-headline-text gb-headline-4f7959c2\"> Obtenha o arquivo Excel<\/h2> <a class=\"gb-button gb-button-e88d6bee gb-button-text gb-button-button1\" href=\"https:\/\/exceladvisor.org\/wp-content\/uploads\/2023\/08\/compter-les-cellules-dune-plage.xlsx\" rel=\"nofollow\">Download<\/a><\/div><div class=\"gb-container gb-container-0df56012 gb-container-mt\"> <a class=\"gb-button gb-button-f9f432f4 gb-button-text gb-button-mt-button\" href=\"https:\/\/exceladvisor.org\/pt\/formulas\/\">Lista de f\u00f3rmulas do Excel<\/a><h2 class=\"gb-headline gb-headline-233444e8 gb-headline-text gb-headline-mt-heading\"> F\u00f3rmulas relacionadas <\/h2><div class=\"gb-grid-wrapper gb-grid-wrapper-a16fa65c gb-grid-wrapper-mt-grid\"><div class=\"gb-grid-column gb-grid-column-50d07e0d\"><div class=\"gb-container gb-container-50d07e0d\"><ul><li> <a href=\"https:\/\/exceladvisor.org\/pt\/contar-celulas-com-texto\/\">Conte c\u00e9lulas com texto no Excel<\/a><\/li><li> <a href=\"https:\/\/exceladvisor.org\/pt\/contar-caracteres-especificos\/\">Conte caracteres espec\u00edficos no Excel<\/a><\/li><li> <a href=\"https:\/\/exceladvisor.org\/pt\/contar-valores-unicos-1\/\">Conte valores \u00fanicos no Excel<\/a><\/li><li> <a href=\"https:\/\/exceladvisor.org\/pt\/contar-contra-contar\/\">CONTAGEM versus CONTAGEM<\/a><\/li><li> <a href=\"https:\/\/exceladvisor.org\/pt\/conte-as-palavras\/\">Conte palavras no Excel<\/a> <\/li><\/ul><\/div><\/div><div class=\"gb-grid-column gb-grid-column-5b4a0cf9\"><div class=\"gb-container gb-container-5b4a0cf9\"><\/div><\/div><\/div><\/div>","protected":false},"excerpt":{"rendered":"","protected":false},"author":1,"featured_media":0,"parent":0,"menu_order":0,"comment_status":"open","ping_status":"closed","template":"","meta":{"ub_ctt_via":"","footnotes":""},"class_list":["post-83","page","type-page","status-publish","hentry"],"featured_image_src":null,"yoast_head":"<!-- This site is optimized with the Yoast SEO plugin v25.4 - https:\/\/yoast.com\/wordpress\/plugins\/seo\/ -->\n<title>\u25b7 Como contar o n\u00famero total de c\u00e9lulas em um intervalo?<\/title>\n<meta name=\"description\" content=\"Neste tutorial, voc\u00ea aprender\u00e1 diferentes maneiras de contar o n\u00famero total de c\u00e9lulas em um intervalo no Excel usando\" \/>\n<meta name=\"robots\" content=\"index, follow, max-snippet:-1, max-image-preview:large, max-video-preview:-1\" \/>\n<link rel=\"canonical\" href=\"https:\/\/exceladvisor.org\/pt\/contar-o-numero-total-de-celulas\/\" \/>\n<meta property=\"og:locale\" content=\"pt_PT\" \/>\n<meta property=\"og:type\" content=\"article\" \/>\n<meta property=\"og:title\" content=\"\u25b7 Como contar o n\u00famero total de c\u00e9lulas em um intervalo?\" \/>\n<meta property=\"og:description\" content=\"Neste tutorial, voc\u00ea aprender\u00e1 diferentes maneiras de contar o n\u00famero total de c\u00e9lulas em um intervalo no Excel usando\" \/>\n<meta property=\"og:url\" content=\"https:\/\/exceladvisor.org\/pt\/contar-o-numero-total-de-celulas\/\" \/>\n<meta property=\"og:site_name\" content=\"Excel Advisor\" \/>\n<meta property=\"article:modified_time\" content=\"2023-12-06T11:35:39+00:00\" \/>\n<meta property=\"og:image\" content=\"https:\/\/exceladvisor.org\/wp-content\/uploads\/2023\/08\/1-fonction-lignes-et-colonnes.png\" \/>\n<meta name=\"twitter:card\" content=\"summary_large_image\" \/>\n<meta name=\"twitter:label1\" content=\"Tempo estimado de leitura\" \/>\n\t<meta name=\"twitter:data1\" content=\"2 minutos\" \/>\n<script type=\"application\/ld+json\" class=\"yoast-schema-graph\">{\"@context\":\"https:\/\/schema.org\",\"@graph\":[{\"@type\":\"WebPage\",\"@id\":\"https:\/\/exceladvisor.org\/pt\/contar-o-numero-total-de-celulas\/\",\"url\":\"https:\/\/exceladvisor.org\/pt\/contar-o-numero-total-de-celulas\/\",\"name\":\"\u25b7 Como contar o n\u00famero total de c\u00e9lulas em um intervalo?\",\"isPartOf\":{\"@id\":\"https:\/\/exceladvisor.org\/pt\/#website\"},\"primaryImageOfPage\":{\"@id\":\"https:\/\/exceladvisor.org\/pt\/contar-o-numero-total-de-celulas\/#primaryimage\"},\"image\":{\"@id\":\"https:\/\/exceladvisor.org\/pt\/contar-o-numero-total-de-celulas\/#primaryimage\"},\"thumbnailUrl\":\"https:\/\/exceladvisor.org\/wp-content\/uploads\/2023\/08\/1-fonction-lignes-et-colonnes.png\",\"datePublished\":\"2023-11-17T07:02:42+00:00\",\"dateModified\":\"2023-12-06T11:35:39+00:00\",\"description\":\"Neste tutorial, voc\u00ea aprender\u00e1 diferentes maneiras de contar o n\u00famero total de c\u00e9lulas em um intervalo no Excel usando\",\"breadcrumb\":{\"@id\":\"https:\/\/exceladvisor.org\/pt\/contar-o-numero-total-de-celulas\/#breadcrumb\"},\"inLanguage\":\"pt-PT\",\"potentialAction\":[{\"@type\":\"ReadAction\",\"target\":[\"https:\/\/exceladvisor.org\/pt\/contar-o-numero-total-de-celulas\/\"]}]},{\"@type\":\"ImageObject\",\"inLanguage\":\"pt-PT\",\"@id\":\"https:\/\/exceladvisor.org\/pt\/contar-o-numero-total-de-celulas\/#primaryimage\",\"url\":\"https:\/\/exceladvisor.org\/wp-content\/uploads\/2023\/08\/1-fonction-lignes-et-colonnes.png\",\"contentUrl\":\"https:\/\/exceladvisor.org\/wp-content\/uploads\/2023\/08\/1-fonction-lignes-et-colonnes.png\"},{\"@type\":\"BreadcrumbList\",\"@id\":\"https:\/\/exceladvisor.org\/pt\/contar-o-numero-total-de-celulas\/#breadcrumb\",\"itemListElement\":[{\"@type\":\"ListItem\",\"position\":1,\"name\":\"Lar\",\"item\":\"https:\/\/exceladvisor.org\/pt\/\"},{\"@type\":\"ListItem\",\"position\":2,\"name\":\"Como contar o n\u00famero total de c\u00e9lulas em um intervalo?\"}]},{\"@type\":\"WebSite\",\"@id\":\"https:\/\/exceladvisor.org\/pt\/#website\",\"url\":\"https:\/\/exceladvisor.org\/pt\/\",\"name\":\"Excel Advisor\",\"description\":\"O seu guia definitivo para dominar os dados!\",\"publisher\":{\"@id\":\"https:\/\/exceladvisor.org\/pt\/#organization\"},\"potentialAction\":[{\"@type\":\"SearchAction\",\"target\":{\"@type\":\"EntryPoint\",\"urlTemplate\":\"https:\/\/exceladvisor.org\/pt\/?s={search_term_string}\"},\"query-input\":{\"@type\":\"PropertyValueSpecification\",\"valueRequired\":true,\"valueName\":\"search_term_string\"}}],\"inLanguage\":\"pt-PT\"},{\"@type\":\"Organization\",\"@id\":\"https:\/\/exceladvisor.org\/pt\/#organization\",\"name\":\"Excel Advisor\",\"url\":\"https:\/\/exceladvisor.org\/pt\/\",\"logo\":{\"@type\":\"ImageObject\",\"inLanguage\":\"pt-PT\",\"@id\":\"https:\/\/exceladvisor.org\/pt\/#\/schema\/logo\/image\/\",\"url\":\"https:\/\/exceladvisor.org\/pt\/wp-content\/uploads\/2023\/12\/exceladvisor.org_.png\",\"contentUrl\":\"https:\/\/exceladvisor.org\/pt\/wp-content\/uploads\/2023\/12\/exceladvisor.org_.png\",\"width\":105,\"height\":36,\"caption\":\"Excel Advisor\"},\"image\":{\"@id\":\"https:\/\/exceladvisor.org\/pt\/#\/schema\/logo\/image\/\"}}]}<\/script>\n<!-- \/ Yoast SEO plugin. -->","yoast_head_json":{"title":"\u25b7 Como contar o n\u00famero total de c\u00e9lulas em um intervalo?","description":"Neste tutorial, voc\u00ea aprender\u00e1 diferentes maneiras de contar o n\u00famero total de c\u00e9lulas em um intervalo no Excel usando","robots":{"index":"index","follow":"follow","max-snippet":"max-snippet:-1","max-image-preview":"max-image-preview:large","max-video-preview":"max-video-preview:-1"},"canonical":"https:\/\/exceladvisor.org\/pt\/contar-o-numero-total-de-celulas\/","og_locale":"pt_PT","og_type":"article","og_title":"\u25b7 Como contar o n\u00famero total de c\u00e9lulas em um intervalo?","og_description":"Neste tutorial, voc\u00ea aprender\u00e1 diferentes maneiras de contar o n\u00famero total de c\u00e9lulas em um intervalo no Excel usando","og_url":"https:\/\/exceladvisor.org\/pt\/contar-o-numero-total-de-celulas\/","og_site_name":"Excel Advisor","article_modified_time":"2023-12-06T11:35:39+00:00","og_image":[{"url":"https:\/\/exceladvisor.org\/wp-content\/uploads\/2023\/08\/1-fonction-lignes-et-colonnes.png","type":"","width":"","height":""}],"twitter_card":"summary_large_image","twitter_misc":{"Tempo estimado de leitura":"2 minutos"},"schema":{"@context":"https:\/\/schema.org","@graph":[{"@type":"WebPage","@id":"https:\/\/exceladvisor.org\/pt\/contar-o-numero-total-de-celulas\/","url":"https:\/\/exceladvisor.org\/pt\/contar-o-numero-total-de-celulas\/","name":"\u25b7 Como contar o n\u00famero total de c\u00e9lulas em um intervalo?","isPartOf":{"@id":"https:\/\/exceladvisor.org\/pt\/#website"},"primaryImageOfPage":{"@id":"https:\/\/exceladvisor.org\/pt\/contar-o-numero-total-de-celulas\/#primaryimage"},"image":{"@id":"https:\/\/exceladvisor.org\/pt\/contar-o-numero-total-de-celulas\/#primaryimage"},"thumbnailUrl":"https:\/\/exceladvisor.org\/wp-content\/uploads\/2023\/08\/1-fonction-lignes-et-colonnes.png","datePublished":"2023-11-17T07:02:42+00:00","dateModified":"2023-12-06T11:35:39+00:00","description":"Neste tutorial, voc\u00ea aprender\u00e1 diferentes maneiras de contar o n\u00famero total de c\u00e9lulas em um intervalo no Excel usando","breadcrumb":{"@id":"https:\/\/exceladvisor.org\/pt\/contar-o-numero-total-de-celulas\/#breadcrumb"},"inLanguage":"pt-PT","potentialAction":[{"@type":"ReadAction","target":["https:\/\/exceladvisor.org\/pt\/contar-o-numero-total-de-celulas\/"]}]},{"@type":"ImageObject","inLanguage":"pt-PT","@id":"https:\/\/exceladvisor.org\/pt\/contar-o-numero-total-de-celulas\/#primaryimage","url":"https:\/\/exceladvisor.org\/wp-content\/uploads\/2023\/08\/1-fonction-lignes-et-colonnes.png","contentUrl":"https:\/\/exceladvisor.org\/wp-content\/uploads\/2023\/08\/1-fonction-lignes-et-colonnes.png"},{"@type":"BreadcrumbList","@id":"https:\/\/exceladvisor.org\/pt\/contar-o-numero-total-de-celulas\/#breadcrumb","itemListElement":[{"@type":"ListItem","position":1,"name":"Lar","item":"https:\/\/exceladvisor.org\/pt\/"},{"@type":"ListItem","position":2,"name":"Como contar o n\u00famero total de c\u00e9lulas em um intervalo?"}]},{"@type":"WebSite","@id":"https:\/\/exceladvisor.org\/pt\/#website","url":"https:\/\/exceladvisor.org\/pt\/","name":"Excel Advisor","description":"O seu guia definitivo para dominar os dados!","publisher":{"@id":"https:\/\/exceladvisor.org\/pt\/#organization"},"potentialAction":[{"@type":"SearchAction","target":{"@type":"EntryPoint","urlTemplate":"https:\/\/exceladvisor.org\/pt\/?s={search_term_string}"},"query-input":{"@type":"PropertyValueSpecification","valueRequired":true,"valueName":"search_term_string"}}],"inLanguage":"pt-PT"},{"@type":"Organization","@id":"https:\/\/exceladvisor.org\/pt\/#organization","name":"Excel Advisor","url":"https:\/\/exceladvisor.org\/pt\/","logo":{"@type":"ImageObject","inLanguage":"pt-PT","@id":"https:\/\/exceladvisor.org\/pt\/#\/schema\/logo\/image\/","url":"https:\/\/exceladvisor.org\/pt\/wp-content\/uploads\/2023\/12\/exceladvisor.org_.png","contentUrl":"https:\/\/exceladvisor.org\/pt\/wp-content\/uploads\/2023\/12\/exceladvisor.org_.png","width":105,"height":36,"caption":"Excel Advisor"},"image":{"@id":"https:\/\/exceladvisor.org\/pt\/#\/schema\/logo\/image\/"}}]}},"yoast_meta":{"yoast_wpseo_title":"","yoast_wpseo_metadesc":"","yoast_wpseo_canonical":""},"_links":{"self":[{"href":"https:\/\/exceladvisor.org\/pt\/wp-json\/wp\/v2\/pages\/83","targetHints":{"allow":["GET"]}}],"collection":[{"href":"https:\/\/exceladvisor.org\/pt\/wp-json\/wp\/v2\/pages"}],"about":[{"href":"https:\/\/exceladvisor.org\/pt\/wp-json\/wp\/v2\/types\/page"}],"author":[{"embeddable":true,"href":"https:\/\/exceladvisor.org\/pt\/wp-json\/wp\/v2\/users\/1"}],"replies":[{"embeddable":true,"href":"https:\/\/exceladvisor.org\/pt\/wp-json\/wp\/v2\/comments?post=83"}],"version-history":[{"count":1,"href":"https:\/\/exceladvisor.org\/pt\/wp-json\/wp\/v2\/pages\/83\/revisions"}],"predecessor-version":[{"id":926,"href":"https:\/\/exceladvisor.org\/pt\/wp-json\/wp\/v2\/pages\/83\/revisions\/926"}],"wp:attachment":[{"href":"https:\/\/exceladvisor.org\/pt\/wp-json\/wp\/v2\/media?parent=83"}],"curies":[{"name":"wp","href":"https:\/\/api.w.org\/{rel}","templated":true}]}}