{"id":85,"date":"2023-11-17T06:37:57","date_gmt":"2023-11-17T06:37:57","guid":{"rendered":"https:\/\/exceladvisor.org\/pt\/soma-se-for-maior-que\/"},"modified":"2023-12-06T11:42:21","modified_gmt":"2023-12-06T11:42:21","slug":"soma-se-for-maior-que","status":"publish","type":"page","link":"https:\/\/exceladvisor.org\/pt\/soma-se-for-maior-que\/","title":{"rendered":"Como somar valores maiores que via sumif?"},"content":{"rendered":"<div class=\"excel-before-content-2\" id=\"excel-1760800099\"><script type=\"text\/javascript\">\r\n\tatOptions = {\r\n\t\t'key' : 'c1158f160081d6540a8409e6925dab94',\r\n\t\t'format' : 'iframe',\r\n\t\t'height' : 250,\r\n\t\t'width' : 300,\r\n\t\t'params' : {}\r\n\t};\r\n<\/script>\r\n<script type=\"text\/javascript\" src=\"\/\/www.highperformanceformat.com\/c1158f160081d6540a8409e6925dab94\/invoke.js\"><\/script><\/div><div class=\"excel-before-content\" id=\"excel-3879985976\"><script type=\"text\/javascript\">\r\n\tatOptions = {\r\n\t\t'key' : 'c1158f160081d6540a8409e6925dab94',\r\n\t\t'format' : 'iframe',\r\n\t\t'height' : 250,\r\n\t\t'width' : 300,\r\n\t\t'params' : {}\r\n\t};\r\n<\/script>\r\n<script type=\"text\/javascript\" src=\"\/\/www.highperformanceformat.com\/c1158f160081d6540a8409e6925dab94\/invoke.js\"><\/script><\/div> <p>No Excel, voc\u00ea pode usar SUMIF para adicionar valores maiores que um valor espec\u00edfico (que voc\u00ea especifica). Nos tutoriais, veremos diferentes exemplos para entender.<\/p><h2 class=\"wp-block-heading\"> SOMASE maior que<\/h2><p> No exemplo a seguir, temos uma lista de valores dos quais precisamos somar os valores maiores que 25. Vamos ver como escrever uma f\u00f3rmula para isso. <\/p><div class=\"wp-block-image\"><figure class=\"aligncenter size-full is-resized\"><img loading=\"lazy\" decoding=\"async\" class=\"wp-image-66827\" src=\"https:\/\/exceladvisor.org\/wp-content\/uploads\/2023\/08\/1-somme-si-superieur-a.png\" sizes=\"auto, \" srcset=\"\" alt=\"sumif-maior-que\" width=\"156\" height=\"281\"><\/figure><\/div><p> Siga esses passos:<\/p><ol type=\"1\"><li> Primeiro, insira \u201c=SUMIF(\u201d na c\u00e9lula C1 para executar a fun\u00e7\u00e3o.<\/li><li> Depois disso, consulte o intervalo a partir do qual deseja verificar a condi\u00e7\u00e3o.<\/li><li> Agora insira os crit\u00e9rios com sinal de maior e igual.<\/li><li> Em seguida, selecione o intervalo A2:A13 novamente para obter os valores a serem somados. <\/li><\/ol><div class=\"wp-block-image\"><figure class=\"aligncenter size-full is-resized\"><img loading=\"lazy\" decoding=\"async\" class=\"wp-image-66828\" src=\"https:\/\/exceladvisor.org\/wp-content\/uploads\/2023\/08\/Formule-2-sumif-avec-plage.png\" sizes=\"auto, \" srcset=\"\" alt=\"f\u00f3rmula sumif com intervalo\" width=\"446\" height=\"333\"><\/figure><\/div><pre class=\"wp-block-code\"> <code class=\"language-excel-formula\" lang=\"excel-formula\">= <a href=\"https:\/\/exceladvisor.org\/somme-4\/\">SUMIF<\/a> (A2:A13,\"&gt;=25\",A2:A13)<\/code><\/pre><p> Voc\u00ea pode inserir a f\u00f3rmula acima na c\u00e9lula C1 para obter a soma dos valores maiores que 25.<\/p><p class=\"qt-tip\"> <strong>Observa\u00e7\u00e3o:<\/strong> como o intervalo de soma e o intervalo de crit\u00e9rios s\u00e3o iguais, voc\u00ea pode ignorar a especifica\u00e7\u00e3o do intervalo de soma. E sempre retornar\u00e1 a soma de todos os valores maiores e iguais a 25. <\/p><div class=\"wp-block-image\"><figure class=\"aligncenter size-full is-resized\"><img loading=\"lazy\" decoding=\"async\" class=\"wp-image-66829\" src=\"https:\/\/exceladvisor.org\/wp-content\/uploads\/2023\/08\/Formule-3-sumif-avec-des-criteres-specifies.png\" sizes=\"auto, \" srcset=\"\" alt=\"f\u00f3rmula de soma com crit\u00e9rios especificados\" width=\"368\" height=\"327\"><\/figure><\/div><p> Voc\u00ea tamb\u00e9m pode usar uma refer\u00eancia de c\u00e9lula para especificar os crit\u00e9rios na fun\u00e7\u00e3o. <\/p><div class=\"wp-block-image\"><figure class=\"aligncenter size-full is-resized\"><img loading=\"lazy\" decoding=\"async\" class=\"wp-image-66830\" src=\"https:\/\/exceladvisor.org\/wp-content\/uploads\/2023\/08\/Reference-de-4-cellules-pour-specifier-les-criteres.png\" sizes=\"auto, \" srcset=\"\" alt=\"crit\u00e9rios de refer\u00eancia de c\u00e9lula para especificar\" width=\"430\" height=\"327\"><\/figure><\/div><p> No exemplo acima, usamos os mesmos crit\u00e9rios, mas nos referimos a uma c\u00e9lula que possui um n\u00famero e queremos criar crit\u00e9rios maiores com esse n\u00famero.<\/p><p> Portanto, na c\u00e9lula temos esse n\u00famero, e no argumento_crit\u00e9rio combinamos esse n\u00famero com o operador maior e igual.<\/p><p> Voc\u00ea sabe que a melhor parte de usar esse m\u00e9todo \u00e9 que voc\u00ea pode alterar o n\u00famero da c\u00e9lula e n\u00e3o precisa alterar a f\u00f3rmula real.<\/p><p> H\u00e1 mais uma coisa que voc\u00ea pode alterar na f\u00f3rmula: voc\u00ea pode usar uma refer\u00eancia absoluta na refer\u00eancia ao intervalo de crit\u00e9rios.<\/p><p> Para fazer isso, basta adicionar cifr\u00f5es antes da refer\u00eancia da c\u00e9lula, como fizemos no exemplo a seguir. <\/p><div class=\"wp-block-image\"><figure class=\"aligncenter size-full is-resized\"><img loading=\"lazy\" decoding=\"async\" class=\"wp-image-66831\" src=\"https:\/\/exceladvisor.org\/wp-content\/uploads\/2023\/08\/Formule-5-sumif-avec-reference-absolue.png\" sizes=\"auto, \" srcset=\"\" alt=\"f\u00f3rmula de soma com refer\u00eancia absoluta\" width=\"403\" height=\"326\"><\/figure><\/div><div class=\"gb-container gb-container-52dfcee1 gb-container-sample-file\"><h2 class=\"gb-headline gb-headline-e289c143 gb-headline-text gb-headline-4f7959c2\"> Obtenha o arquivo Excel<\/h2><p> <a class=\"gb-button gb-button-e88d6bee gb-button-text gb-button-button1\" href=\"https:\/\/exceladvisor.org\/wp-content\/uploads\/2023\/08\/somme-si-superieure-a-2.xlsx\" rel=\"nofollow\">Download<\/a><\/p><\/div><div class=\"gb-container gb-container-0df56012 gb-container-mt\"> <a class=\"gb-button gb-button-f9f432f4 gb-button-text gb-button-mt-button\" href=\"https:\/\/exceladvisor.org\/pt\/formulas\/\">Lista de f\u00f3rmulas do Excel<\/a><h2 class=\"gb-headline gb-headline-233444e8 gb-headline-text gb-headline-mt-heading\"> F\u00f3rmulas relacionadas <\/h2><div class=\"gb-grid-wrapper gb-grid-wrapper-a16fa65c gb-grid-wrapper-mt-grid\"><div class=\"gb-grid-column gb-grid-column-50d07e0d\"><div class=\"gb-container gb-container-50d07e0d\"><ul><li> <a href=\"https:\/\/exceladvisor.org\/pt\/sumivos-nao-sao-iguais\/\">Soma de valores diferentes (SUMIFS) no Excel<\/a><\/li><li> <a href=\"https:\/\/exceladvisor.org\/pt\/sumif-sumifs-ou-logica\/\">SUMIF\/SUMIFS com l\u00f3gica OR no Excel<\/a><\/li><li> <a href=\"https:\/\/exceladvisor.org\/pt\/sumif-com-curingas\/\">SUMIF com curingas no Excel<\/a><\/li><li> <a href=\"https:\/\/exceladvisor.org\/pt\/soma-dos-valores-entre-duas-datas\/\">Intervalo de datas SUMIFS (soma dos valores entre duas matrizes de datas)<\/a><\/li><li> <a href=\"https:\/\/exceladvisor.org\/pt\/sumif-vlookup\/\">Combine PROCV com SUMIF<\/a> <\/li><\/ul><\/div><\/div><div class=\"gb-grid-column gb-grid-column-5b4a0cf9\"><div class=\"gb-container gb-container-5b4a0cf9\"><\/div><\/div><\/div><\/div>","protected":false},"excerpt":{"rendered":"","protected":false},"author":1,"featured_media":0,"parent":0,"menu_order":0,"comment_status":"open","ping_status":"closed","template":"","meta":{"ub_ctt_via":"","footnotes":""},"class_list":["post-85","page","type-page","status-publish","hentry"],"featured_image_src":null,"yoast_head":"<!-- This site is optimized with the Yoast SEO plugin v25.4 - https:\/\/yoast.com\/wordpress\/plugins\/seo\/ -->\n<title>\u25b7 Como somar valores maiores que via SUMIF?<\/title>\n<meta name=\"description\" content=\"Neste tutorial, voc\u00ea aprender\u00e1 diferentes maneiras de adicionar valores maiores usando a fun\u00e7\u00e3o sumif do Excel.\" \/>\n<meta name=\"robots\" content=\"index, follow, max-snippet:-1, max-image-preview:large, max-video-preview:-1\" \/>\n<link rel=\"canonical\" href=\"https:\/\/exceladvisor.org\/pt\/soma-se-for-maior-que\/\" \/>\n<meta property=\"og:locale\" content=\"pt_PT\" \/>\n<meta property=\"og:type\" content=\"article\" \/>\n<meta property=\"og:title\" content=\"\u25b7 Como somar valores maiores que via SUMIF?\" \/>\n<meta property=\"og:description\" content=\"Neste tutorial, voc\u00ea aprender\u00e1 diferentes maneiras de adicionar valores maiores usando a fun\u00e7\u00e3o sumif do Excel.\" \/>\n<meta property=\"og:url\" content=\"https:\/\/exceladvisor.org\/pt\/soma-se-for-maior-que\/\" \/>\n<meta property=\"og:site_name\" content=\"Excel Advisor\" \/>\n<meta property=\"article:modified_time\" content=\"2023-12-06T11:42:21+00:00\" \/>\n<meta property=\"og:image\" content=\"https:\/\/exceladvisor.org\/wp-content\/uploads\/2023\/08\/1-somme-si-superieur-a.png\" \/>\n<meta name=\"twitter:card\" content=\"summary_large_image\" \/>\n<meta name=\"twitter:label1\" content=\"Tempo estimado de leitura\" \/>\n\t<meta name=\"twitter:data1\" content=\"2 minutos\" \/>\n<script type=\"application\/ld+json\" class=\"yoast-schema-graph\">{\"@context\":\"https:\/\/schema.org\",\"@graph\":[{\"@type\":\"WebPage\",\"@id\":\"https:\/\/exceladvisor.org\/pt\/soma-se-for-maior-que\/\",\"url\":\"https:\/\/exceladvisor.org\/pt\/soma-se-for-maior-que\/\",\"name\":\"\u25b7 Como somar valores maiores que via SUMIF?\",\"isPartOf\":{\"@id\":\"https:\/\/exceladvisor.org\/pt\/#website\"},\"primaryImageOfPage\":{\"@id\":\"https:\/\/exceladvisor.org\/pt\/soma-se-for-maior-que\/#primaryimage\"},\"image\":{\"@id\":\"https:\/\/exceladvisor.org\/pt\/soma-se-for-maior-que\/#primaryimage\"},\"thumbnailUrl\":\"https:\/\/exceladvisor.org\/wp-content\/uploads\/2023\/08\/1-somme-si-superieur-a.png\",\"datePublished\":\"2023-11-17T06:37:57+00:00\",\"dateModified\":\"2023-12-06T11:42:21+00:00\",\"description\":\"Neste tutorial, voc\u00ea aprender\u00e1 diferentes maneiras de adicionar valores maiores usando a fun\u00e7\u00e3o sumif do Excel.\",\"breadcrumb\":{\"@id\":\"https:\/\/exceladvisor.org\/pt\/soma-se-for-maior-que\/#breadcrumb\"},\"inLanguage\":\"pt-PT\",\"potentialAction\":[{\"@type\":\"ReadAction\",\"target\":[\"https:\/\/exceladvisor.org\/pt\/soma-se-for-maior-que\/\"]}]},{\"@type\":\"ImageObject\",\"inLanguage\":\"pt-PT\",\"@id\":\"https:\/\/exceladvisor.org\/pt\/soma-se-for-maior-que\/#primaryimage\",\"url\":\"https:\/\/exceladvisor.org\/wp-content\/uploads\/2023\/08\/1-somme-si-superieur-a.png\",\"contentUrl\":\"https:\/\/exceladvisor.org\/wp-content\/uploads\/2023\/08\/1-somme-si-superieur-a.png\"},{\"@type\":\"BreadcrumbList\",\"@id\":\"https:\/\/exceladvisor.org\/pt\/soma-se-for-maior-que\/#breadcrumb\",\"itemListElement\":[{\"@type\":\"ListItem\",\"position\":1,\"name\":\"Lar\",\"item\":\"https:\/\/exceladvisor.org\/pt\/\"},{\"@type\":\"ListItem\",\"position\":2,\"name\":\"Como somar valores maiores que via sumif?\"}]},{\"@type\":\"WebSite\",\"@id\":\"https:\/\/exceladvisor.org\/pt\/#website\",\"url\":\"https:\/\/exceladvisor.org\/pt\/\",\"name\":\"Excel Advisor\",\"description\":\"O seu guia definitivo para dominar os dados!\",\"publisher\":{\"@id\":\"https:\/\/exceladvisor.org\/pt\/#organization\"},\"potentialAction\":[{\"@type\":\"SearchAction\",\"target\":{\"@type\":\"EntryPoint\",\"urlTemplate\":\"https:\/\/exceladvisor.org\/pt\/?s={search_term_string}\"},\"query-input\":{\"@type\":\"PropertyValueSpecification\",\"valueRequired\":true,\"valueName\":\"search_term_string\"}}],\"inLanguage\":\"pt-PT\"},{\"@type\":\"Organization\",\"@id\":\"https:\/\/exceladvisor.org\/pt\/#organization\",\"name\":\"Excel Advisor\",\"url\":\"https:\/\/exceladvisor.org\/pt\/\",\"logo\":{\"@type\":\"ImageObject\",\"inLanguage\":\"pt-PT\",\"@id\":\"https:\/\/exceladvisor.org\/pt\/#\/schema\/logo\/image\/\",\"url\":\"https:\/\/exceladvisor.org\/pt\/wp-content\/uploads\/2023\/12\/exceladvisor.org_.png\",\"contentUrl\":\"https:\/\/exceladvisor.org\/pt\/wp-content\/uploads\/2023\/12\/exceladvisor.org_.png\",\"width\":105,\"height\":36,\"caption\":\"Excel Advisor\"},\"image\":{\"@id\":\"https:\/\/exceladvisor.org\/pt\/#\/schema\/logo\/image\/\"}}]}<\/script>\n<!-- \/ Yoast SEO plugin. -->","yoast_head_json":{"title":"\u25b7 Como somar valores maiores que via SUMIF?","description":"Neste tutorial, voc\u00ea aprender\u00e1 diferentes maneiras de adicionar valores maiores usando a fun\u00e7\u00e3o sumif do Excel.","robots":{"index":"index","follow":"follow","max-snippet":"max-snippet:-1","max-image-preview":"max-image-preview:large","max-video-preview":"max-video-preview:-1"},"canonical":"https:\/\/exceladvisor.org\/pt\/soma-se-for-maior-que\/","og_locale":"pt_PT","og_type":"article","og_title":"\u25b7 Como somar valores maiores que via SUMIF?","og_description":"Neste tutorial, voc\u00ea aprender\u00e1 diferentes maneiras de adicionar valores maiores usando a fun\u00e7\u00e3o sumif do Excel.","og_url":"https:\/\/exceladvisor.org\/pt\/soma-se-for-maior-que\/","og_site_name":"Excel Advisor","article_modified_time":"2023-12-06T11:42:21+00:00","og_image":[{"url":"https:\/\/exceladvisor.org\/wp-content\/uploads\/2023\/08\/1-somme-si-superieur-a.png","type":"","width":"","height":""}],"twitter_card":"summary_large_image","twitter_misc":{"Tempo estimado de leitura":"2 minutos"},"schema":{"@context":"https:\/\/schema.org","@graph":[{"@type":"WebPage","@id":"https:\/\/exceladvisor.org\/pt\/soma-se-for-maior-que\/","url":"https:\/\/exceladvisor.org\/pt\/soma-se-for-maior-que\/","name":"\u25b7 Como somar valores maiores que via SUMIF?","isPartOf":{"@id":"https:\/\/exceladvisor.org\/pt\/#website"},"primaryImageOfPage":{"@id":"https:\/\/exceladvisor.org\/pt\/soma-se-for-maior-que\/#primaryimage"},"image":{"@id":"https:\/\/exceladvisor.org\/pt\/soma-se-for-maior-que\/#primaryimage"},"thumbnailUrl":"https:\/\/exceladvisor.org\/wp-content\/uploads\/2023\/08\/1-somme-si-superieur-a.png","datePublished":"2023-11-17T06:37:57+00:00","dateModified":"2023-12-06T11:42:21+00:00","description":"Neste tutorial, voc\u00ea aprender\u00e1 diferentes maneiras de adicionar valores maiores usando a fun\u00e7\u00e3o sumif do Excel.","breadcrumb":{"@id":"https:\/\/exceladvisor.org\/pt\/soma-se-for-maior-que\/#breadcrumb"},"inLanguage":"pt-PT","potentialAction":[{"@type":"ReadAction","target":["https:\/\/exceladvisor.org\/pt\/soma-se-for-maior-que\/"]}]},{"@type":"ImageObject","inLanguage":"pt-PT","@id":"https:\/\/exceladvisor.org\/pt\/soma-se-for-maior-que\/#primaryimage","url":"https:\/\/exceladvisor.org\/wp-content\/uploads\/2023\/08\/1-somme-si-superieur-a.png","contentUrl":"https:\/\/exceladvisor.org\/wp-content\/uploads\/2023\/08\/1-somme-si-superieur-a.png"},{"@type":"BreadcrumbList","@id":"https:\/\/exceladvisor.org\/pt\/soma-se-for-maior-que\/#breadcrumb","itemListElement":[{"@type":"ListItem","position":1,"name":"Lar","item":"https:\/\/exceladvisor.org\/pt\/"},{"@type":"ListItem","position":2,"name":"Como somar valores maiores que via sumif?"}]},{"@type":"WebSite","@id":"https:\/\/exceladvisor.org\/pt\/#website","url":"https:\/\/exceladvisor.org\/pt\/","name":"Excel Advisor","description":"O seu guia definitivo para dominar os dados!","publisher":{"@id":"https:\/\/exceladvisor.org\/pt\/#organization"},"potentialAction":[{"@type":"SearchAction","target":{"@type":"EntryPoint","urlTemplate":"https:\/\/exceladvisor.org\/pt\/?s={search_term_string}"},"query-input":{"@type":"PropertyValueSpecification","valueRequired":true,"valueName":"search_term_string"}}],"inLanguage":"pt-PT"},{"@type":"Organization","@id":"https:\/\/exceladvisor.org\/pt\/#organization","name":"Excel Advisor","url":"https:\/\/exceladvisor.org\/pt\/","logo":{"@type":"ImageObject","inLanguage":"pt-PT","@id":"https:\/\/exceladvisor.org\/pt\/#\/schema\/logo\/image\/","url":"https:\/\/exceladvisor.org\/pt\/wp-content\/uploads\/2023\/12\/exceladvisor.org_.png","contentUrl":"https:\/\/exceladvisor.org\/pt\/wp-content\/uploads\/2023\/12\/exceladvisor.org_.png","width":105,"height":36,"caption":"Excel Advisor"},"image":{"@id":"https:\/\/exceladvisor.org\/pt\/#\/schema\/logo\/image\/"}}]}},"yoast_meta":{"yoast_wpseo_title":"","yoast_wpseo_metadesc":"","yoast_wpseo_canonical":""},"_links":{"self":[{"href":"https:\/\/exceladvisor.org\/pt\/wp-json\/wp\/v2\/pages\/85","targetHints":{"allow":["GET"]}}],"collection":[{"href":"https:\/\/exceladvisor.org\/pt\/wp-json\/wp\/v2\/pages"}],"about":[{"href":"https:\/\/exceladvisor.org\/pt\/wp-json\/wp\/v2\/types\/page"}],"author":[{"embeddable":true,"href":"https:\/\/exceladvisor.org\/pt\/wp-json\/wp\/v2\/users\/1"}],"replies":[{"embeddable":true,"href":"https:\/\/exceladvisor.org\/pt\/wp-json\/wp\/v2\/comments?post=85"}],"version-history":[{"count":1,"href":"https:\/\/exceladvisor.org\/pt\/wp-json\/wp\/v2\/pages\/85\/revisions"}],"predecessor-version":[{"id":1202,"href":"https:\/\/exceladvisor.org\/pt\/wp-json\/wp\/v2\/pages\/85\/revisions\/1202"}],"wp:attachment":[{"href":"https:\/\/exceladvisor.org\/pt\/wp-json\/wp\/v2\/media?parent=85"}],"curies":[{"name":"wp","href":"https:\/\/api.w.org\/{rel}","templated":true}]}}