{"id":87,"date":"2023-11-17T05:14:11","date_gmt":"2023-11-17T05:14:11","guid":{"rendered":"https:\/\/exceladvisor.org\/pt\/adicione-horas-no-tempo\/"},"modified":"2023-12-06T11:33:55","modified_gmt":"2023-12-06T11:33:55","slug":"adicione-horas-no-tempo","status":"publish","type":"page","link":"https:\/\/exceladvisor.org\/pt\/adicione-horas-no-tempo\/","title":{"rendered":"Como adicionar horas no tempo?"},"content":{"rendered":"<div class=\"excel-before-content-2\" id=\"excel-2543864492\"><script type=\"text\/javascript\">\r\n\tatOptions = {\r\n\t\t'key' : 'c1158f160081d6540a8409e6925dab94',\r\n\t\t'format' : 'iframe',\r\n\t\t'height' : 250,\r\n\t\t'width' : 300,\r\n\t\t'params' : {}\r\n\t};\r\n<\/script>\r\n<script type=\"text\/javascript\" src=\"\/\/www.highperformanceformat.com\/c1158f160081d6540a8409e6925dab94\/invoke.js\"><\/script><\/div><div class=\"excel-before-content\" id=\"excel-1292240331\"><script type=\"text\/javascript\">\r\n\tatOptions = {\r\n\t\t'key' : 'c1158f160081d6540a8409e6925dab94',\r\n\t\t'format' : 'iframe',\r\n\t\t'height' : 250,\r\n\t\t'width' : 300,\r\n\t\t'params' : {}\r\n\t};\r\n<\/script>\r\n<script type=\"text\/javascript\" src=\"\/\/www.highperformanceformat.com\/c1158f160081d6540a8409e6925dab94\/invoke.js\"><\/script><\/div> <p>Para adicionar um valor de tempo a um valor de tempo no Excel, voc\u00ea pode usar uma f\u00f3rmula simples e curta na qual voc\u00ea precisa especificar o tempo original de uma c\u00e9lula e o(s) valor(es) de tempo que deseja adicionar ap\u00f3s dividi-lo por 24 (que s\u00e3o o total de horas que temos em um dia).<\/p><p> No exemplo a seguir, temos um valor de tempo na c\u00e9lula A1 (00:01). E aqui voc\u00ea precisa adicionar 3 horas <\/p><div class=\"wp-block-image\"><figure class=\"aligncenter size-full is-resized\"><img loading=\"lazy\" decoding=\"async\" class=\"wp-image-67588\" src=\"https:\/\/exceladvisor.org\/wp-content\/uploads\/2023\/08\/1-cellule-avec-valeur-de-temps.png\" sizes=\"auto, \" srcset=\"\" alt=\"c\u00e9lula com valor de tempo\" width=\"353\" height=\"327\"><\/figure><\/div><h2 class=\"wp-block-heading\"> F\u00f3rmula para adicionar horas a um hor\u00e1rio<\/h2><p> Siga as etapas que voc\u00ea pode usar para adicionar um hor\u00e1rio em uma hora:<\/p><ol type=\"1\"><li> Primeiro, consulte a c\u00e9lula onde voc\u00ea tem o valor do tempo (este \u00e9 A1, nosso exemplo).<\/li><li> Depois disso, insira o operador soma e digite os par\u00eanteses iniciais.<\/li><li> Em seguida, insira o valor de tempo que deseja adicionar ao tempo original.<\/li><li> Agora insira um operador de divis\u00e3o e digite 24, que \u00e9 o n\u00famero total de horas que voc\u00ea tem em um dia.<\/li><li> No final, digite par\u00eanteses de fechamento e pressione Enter para obter o valor do resultado. <\/li><\/ol><div class=\"wp-block-image\"><figure class=\"aligncenter size-full is-resized\"><img loading=\"lazy\" decoding=\"async\" class=\"wp-image-67589\" src=\"https:\/\/exceladvisor.org\/wp-content\/uploads\/2023\/08\/2-formules-pour-ajouter-des-heures.png\" sizes=\"auto, \" srcset=\"\" alt=\"f\u00f3rmula para somar horas\" width=\"355\" height=\"312\"><\/figure><\/div><pre class=\"wp-block-code\"> <code class=\"language-excel-formula\" lang=\"excel-formula\">=A1+(3\/24)<\/code><\/pre><p> A f\u00f3rmula \u00e9 bastante simples. Voc\u00ea s\u00f3 precisa especificar o valor do tempo original (dividir por 24).<\/p><h2 class=\"wp-block-heading\"> Use a fun\u00e7\u00e3o de tempo para adicionar tempo<\/h2><p> Voc\u00ea tamb\u00e9m pode usar a fun\u00e7\u00e3o time para adicionar uma hora a um valor de tempo. Voc\u00ea pode ver isso na f\u00f3rmula a seguir. <\/p><div class=\"wp-block-image\"><figure class=\"aligncenter size-full is-resized\"><img loading=\"lazy\" decoding=\"async\" class=\"wp-image-67590\" src=\"https:\/\/exceladvisor.org\/wp-content\/uploads\/2023\/08\/Fonction-3-temps-pour-ajouter-du-temps-2.png\" sizes=\"auto, \" srcset=\"\" alt=\"fun\u00e7\u00e3o de tempo para adicionar tempo\" width=\"462\" height=\"116\"><\/figure><\/div><p> Voc\u00ea precisa especificar a hora original, usar a fun\u00e7\u00e3o time e especificar apenas o argumento time com os hor\u00e1rios que deseja adicionar. <\/p><div class=\"wp-block-image\"><figure class=\"aligncenter size-full is-resized\"><img loading=\"lazy\" decoding=\"async\" class=\"wp-image-67591\" src=\"https:\/\/exceladvisor.org\/wp-content\/uploads\/2023\/08\/4-fonction-de-temps-avec-argument-heure.png\" sizes=\"auto, \" srcset=\"\" alt=\"fun\u00e7\u00e3o de tempo com argumento de tempo\" width=\"398\" height=\"133\"><\/figure><\/div><pre class=\"wp-block-code\"> <code class=\"language-excel-formula\" lang=\"excel-formula\">=A1+TIME(3,0,0)<\/code><\/pre><div class=\"gb-container gb-container-52dfcee1 gb-container-sample-file\"><h2 class=\"gb-headline gb-headline-e289c143 gb-headline-text gb-headline-4f7959c2\"> Obtenha o arquivo Excel<\/h2><p> <a class=\"gb-button gb-button-e88d6bee gb-button-text gb-button-button1\" href=\"https:\/\/exceladvisor.org\/wp-content\/uploads\/2023\/11\/ajouter-des-heures-dans-le-temps-3.xlsx\" rel=\"nofollow\">Download<\/a> <\/p><\/div><div class=\"wp-block-group more-tutorials is-layout-flow\"><div class=\"wp-block-group__inner-container\"><h2 class=\"wp-block-heading\"> Mais f\u00f3rmulas <\/h2><div class=\"wp-block-columns is-layout-flex wp-container-67\"><div class=\"wp-block-column is-layout-flow\"><ul><li> <a href=\"https:\/\/exceladvisor.org\/pt\/adicione-minutos-ao-tempo\/\">Adicione minutos ao tempo no Excel<\/a><\/li><li> <a href=\"https:\/\/exceladvisor.org\/pt\/calcular-diferenca-horaria\/\">Diferen\u00e7a entre dois tempos no Excel<\/a><\/li><li> <a href=\"https:\/\/exceladvisor.org\/pt\/alterar-formato-de-hora\/\">Alterar o formato da hora no Excel<\/a><\/li><li> <a href=\"https:\/\/exceladvisor.org\/pt\/tempo-militar\/\">Hor\u00e1rio militar (obter e subtrair) no Excel<\/a><\/li><li> <a href=\"https:\/\/exceladvisor.org\/pt\/data-e-hora-separadas-2\/\">Data e hora separadas no Excel<\/a><\/li><\/ul><\/div><\/div><\/div><\/div>","protected":false},"excerpt":{"rendered":"","protected":false},"author":1,"featured_media":0,"parent":0,"menu_order":0,"comment_status":"open","ping_status":"closed","template":"","meta":{"ub_ctt_via":"","footnotes":""},"class_list":["post-87","page","type-page","status-publish","hentry"],"featured_image_src":null,"yoast_head":"<!-- This site is optimized with the Yoast SEO plugin v25.4 - https:\/\/yoast.com\/wordpress\/plugins\/seo\/ -->\n<title>Como adicionar horas no tempo? - Consultor Excel<\/title>\n<meta name=\"description\" content=\"Neste tutorial aprenderemos como adicionar horas a um valor de tempo que temos em uma c\u00e9lula do Excel. Vamos\" \/>\n<meta name=\"robots\" content=\"index, follow, max-snippet:-1, max-image-preview:large, max-video-preview:-1\" \/>\n<link rel=\"canonical\" href=\"https:\/\/exceladvisor.org\/pt\/adicione-horas-no-tempo\/\" \/>\n<meta property=\"og:locale\" content=\"pt_PT\" \/>\n<meta property=\"og:type\" content=\"article\" \/>\n<meta property=\"og:title\" content=\"Como adicionar horas no tempo? - Consultor Excel\" \/>\n<meta property=\"og:description\" content=\"Neste tutorial aprenderemos como adicionar horas a um valor de tempo que temos em uma c\u00e9lula do Excel. Vamos\" \/>\n<meta property=\"og:url\" content=\"https:\/\/exceladvisor.org\/pt\/adicione-horas-no-tempo\/\" \/>\n<meta property=\"og:site_name\" content=\"Excel Advisor\" \/>\n<meta property=\"article:modified_time\" content=\"2023-12-06T11:33:55+00:00\" \/>\n<meta property=\"og:image\" content=\"https:\/\/exceladvisor.org\/wp-content\/uploads\/2023\/08\/1-cellule-avec-valeur-de-temps.png\" \/>\n<meta name=\"twitter:card\" content=\"summary_large_image\" \/>\n<meta name=\"twitter:label1\" content=\"Tempo estimado de leitura\" \/>\n\t<meta name=\"twitter:data1\" content=\"2 minutos\" \/>\n<script type=\"application\/ld+json\" class=\"yoast-schema-graph\">{\"@context\":\"https:\/\/schema.org\",\"@graph\":[{\"@type\":\"WebPage\",\"@id\":\"https:\/\/exceladvisor.org\/pt\/adicione-horas-no-tempo\/\",\"url\":\"https:\/\/exceladvisor.org\/pt\/adicione-horas-no-tempo\/\",\"name\":\"Como adicionar horas no tempo? - Consultor Excel\",\"isPartOf\":{\"@id\":\"https:\/\/exceladvisor.org\/pt\/#website\"},\"primaryImageOfPage\":{\"@id\":\"https:\/\/exceladvisor.org\/pt\/adicione-horas-no-tempo\/#primaryimage\"},\"image\":{\"@id\":\"https:\/\/exceladvisor.org\/pt\/adicione-horas-no-tempo\/#primaryimage\"},\"thumbnailUrl\":\"https:\/\/exceladvisor.org\/wp-content\/uploads\/2023\/08\/1-cellule-avec-valeur-de-temps.png\",\"datePublished\":\"2023-11-17T05:14:11+00:00\",\"dateModified\":\"2023-12-06T11:33:55+00:00\",\"description\":\"Neste tutorial aprenderemos como adicionar horas a um valor de tempo que temos em uma c\u00e9lula do Excel. Vamos\",\"breadcrumb\":{\"@id\":\"https:\/\/exceladvisor.org\/pt\/adicione-horas-no-tempo\/#breadcrumb\"},\"inLanguage\":\"pt-PT\",\"potentialAction\":[{\"@type\":\"ReadAction\",\"target\":[\"https:\/\/exceladvisor.org\/pt\/adicione-horas-no-tempo\/\"]}]},{\"@type\":\"ImageObject\",\"inLanguage\":\"pt-PT\",\"@id\":\"https:\/\/exceladvisor.org\/pt\/adicione-horas-no-tempo\/#primaryimage\",\"url\":\"https:\/\/exceladvisor.org\/wp-content\/uploads\/2023\/08\/1-cellule-avec-valeur-de-temps.png\",\"contentUrl\":\"https:\/\/exceladvisor.org\/wp-content\/uploads\/2023\/08\/1-cellule-avec-valeur-de-temps.png\"},{\"@type\":\"BreadcrumbList\",\"@id\":\"https:\/\/exceladvisor.org\/pt\/adicione-horas-no-tempo\/#breadcrumb\",\"itemListElement\":[{\"@type\":\"ListItem\",\"position\":1,\"name\":\"Lar\",\"item\":\"https:\/\/exceladvisor.org\/pt\/\"},{\"@type\":\"ListItem\",\"position\":2,\"name\":\"Como adicionar horas no tempo?\"}]},{\"@type\":\"WebSite\",\"@id\":\"https:\/\/exceladvisor.org\/pt\/#website\",\"url\":\"https:\/\/exceladvisor.org\/pt\/\",\"name\":\"Excel Advisor\",\"description\":\"O seu guia definitivo para dominar os dados!\",\"publisher\":{\"@id\":\"https:\/\/exceladvisor.org\/pt\/#organization\"},\"potentialAction\":[{\"@type\":\"SearchAction\",\"target\":{\"@type\":\"EntryPoint\",\"urlTemplate\":\"https:\/\/exceladvisor.org\/pt\/?s={search_term_string}\"},\"query-input\":{\"@type\":\"PropertyValueSpecification\",\"valueRequired\":true,\"valueName\":\"search_term_string\"}}],\"inLanguage\":\"pt-PT\"},{\"@type\":\"Organization\",\"@id\":\"https:\/\/exceladvisor.org\/pt\/#organization\",\"name\":\"Excel Advisor\",\"url\":\"https:\/\/exceladvisor.org\/pt\/\",\"logo\":{\"@type\":\"ImageObject\",\"inLanguage\":\"pt-PT\",\"@id\":\"https:\/\/exceladvisor.org\/pt\/#\/schema\/logo\/image\/\",\"url\":\"https:\/\/exceladvisor.org\/pt\/wp-content\/uploads\/2023\/12\/exceladvisor.org_.png\",\"contentUrl\":\"https:\/\/exceladvisor.org\/pt\/wp-content\/uploads\/2023\/12\/exceladvisor.org_.png\",\"width\":105,\"height\":36,\"caption\":\"Excel Advisor\"},\"image\":{\"@id\":\"https:\/\/exceladvisor.org\/pt\/#\/schema\/logo\/image\/\"}}]}<\/script>\n<!-- \/ Yoast SEO plugin. -->","yoast_head_json":{"title":"Como adicionar horas no tempo? - Consultor Excel","description":"Neste tutorial aprenderemos como adicionar horas a um valor de tempo que temos em uma c\u00e9lula do Excel. Vamos","robots":{"index":"index","follow":"follow","max-snippet":"max-snippet:-1","max-image-preview":"max-image-preview:large","max-video-preview":"max-video-preview:-1"},"canonical":"https:\/\/exceladvisor.org\/pt\/adicione-horas-no-tempo\/","og_locale":"pt_PT","og_type":"article","og_title":"Como adicionar horas no tempo? - Consultor Excel","og_description":"Neste tutorial aprenderemos como adicionar horas a um valor de tempo que temos em uma c\u00e9lula do Excel. Vamos","og_url":"https:\/\/exceladvisor.org\/pt\/adicione-horas-no-tempo\/","og_site_name":"Excel Advisor","article_modified_time":"2023-12-06T11:33:55+00:00","og_image":[{"url":"https:\/\/exceladvisor.org\/wp-content\/uploads\/2023\/08\/1-cellule-avec-valeur-de-temps.png","type":"","width":"","height":""}],"twitter_card":"summary_large_image","twitter_misc":{"Tempo estimado de leitura":"2 minutos"},"schema":{"@context":"https:\/\/schema.org","@graph":[{"@type":"WebPage","@id":"https:\/\/exceladvisor.org\/pt\/adicione-horas-no-tempo\/","url":"https:\/\/exceladvisor.org\/pt\/adicione-horas-no-tempo\/","name":"Como adicionar horas no tempo? - Consultor Excel","isPartOf":{"@id":"https:\/\/exceladvisor.org\/pt\/#website"},"primaryImageOfPage":{"@id":"https:\/\/exceladvisor.org\/pt\/adicione-horas-no-tempo\/#primaryimage"},"image":{"@id":"https:\/\/exceladvisor.org\/pt\/adicione-horas-no-tempo\/#primaryimage"},"thumbnailUrl":"https:\/\/exceladvisor.org\/wp-content\/uploads\/2023\/08\/1-cellule-avec-valeur-de-temps.png","datePublished":"2023-11-17T05:14:11+00:00","dateModified":"2023-12-06T11:33:55+00:00","description":"Neste tutorial aprenderemos como adicionar horas a um valor de tempo que temos em uma c\u00e9lula do Excel. Vamos","breadcrumb":{"@id":"https:\/\/exceladvisor.org\/pt\/adicione-horas-no-tempo\/#breadcrumb"},"inLanguage":"pt-PT","potentialAction":[{"@type":"ReadAction","target":["https:\/\/exceladvisor.org\/pt\/adicione-horas-no-tempo\/"]}]},{"@type":"ImageObject","inLanguage":"pt-PT","@id":"https:\/\/exceladvisor.org\/pt\/adicione-horas-no-tempo\/#primaryimage","url":"https:\/\/exceladvisor.org\/wp-content\/uploads\/2023\/08\/1-cellule-avec-valeur-de-temps.png","contentUrl":"https:\/\/exceladvisor.org\/wp-content\/uploads\/2023\/08\/1-cellule-avec-valeur-de-temps.png"},{"@type":"BreadcrumbList","@id":"https:\/\/exceladvisor.org\/pt\/adicione-horas-no-tempo\/#breadcrumb","itemListElement":[{"@type":"ListItem","position":1,"name":"Lar","item":"https:\/\/exceladvisor.org\/pt\/"},{"@type":"ListItem","position":2,"name":"Como adicionar horas no tempo?"}]},{"@type":"WebSite","@id":"https:\/\/exceladvisor.org\/pt\/#website","url":"https:\/\/exceladvisor.org\/pt\/","name":"Excel Advisor","description":"O seu guia definitivo para dominar os dados!","publisher":{"@id":"https:\/\/exceladvisor.org\/pt\/#organization"},"potentialAction":[{"@type":"SearchAction","target":{"@type":"EntryPoint","urlTemplate":"https:\/\/exceladvisor.org\/pt\/?s={search_term_string}"},"query-input":{"@type":"PropertyValueSpecification","valueRequired":true,"valueName":"search_term_string"}}],"inLanguage":"pt-PT"},{"@type":"Organization","@id":"https:\/\/exceladvisor.org\/pt\/#organization","name":"Excel Advisor","url":"https:\/\/exceladvisor.org\/pt\/","logo":{"@type":"ImageObject","inLanguage":"pt-PT","@id":"https:\/\/exceladvisor.org\/pt\/#\/schema\/logo\/image\/","url":"https:\/\/exceladvisor.org\/pt\/wp-content\/uploads\/2023\/12\/exceladvisor.org_.png","contentUrl":"https:\/\/exceladvisor.org\/pt\/wp-content\/uploads\/2023\/12\/exceladvisor.org_.png","width":105,"height":36,"caption":"Excel Advisor"},"image":{"@id":"https:\/\/exceladvisor.org\/pt\/#\/schema\/logo\/image\/"}}]}},"yoast_meta":{"yoast_wpseo_title":"","yoast_wpseo_metadesc":"","yoast_wpseo_canonical":""},"_links":{"self":[{"href":"https:\/\/exceladvisor.org\/pt\/wp-json\/wp\/v2\/pages\/87","targetHints":{"allow":["GET"]}}],"collection":[{"href":"https:\/\/exceladvisor.org\/pt\/wp-json\/wp\/v2\/pages"}],"about":[{"href":"https:\/\/exceladvisor.org\/pt\/wp-json\/wp\/v2\/types\/page"}],"author":[{"embeddable":true,"href":"https:\/\/exceladvisor.org\/pt\/wp-json\/wp\/v2\/users\/1"}],"replies":[{"embeddable":true,"href":"https:\/\/exceladvisor.org\/pt\/wp-json\/wp\/v2\/comments?post=87"}],"version-history":[{"count":1,"href":"https:\/\/exceladvisor.org\/pt\/wp-json\/wp\/v2\/pages\/87\/revisions"}],"predecessor-version":[{"id":783,"href":"https:\/\/exceladvisor.org\/pt\/wp-json\/wp\/v2\/pages\/87\/revisions\/783"}],"wp:attachment":[{"href":"https:\/\/exceladvisor.org\/pt\/wp-json\/wp\/v2\/media?parent=87"}],"curies":[{"name":"wp","href":"https:\/\/api.w.org\/{rel}","templated":true}]}}