{"id":88,"date":"2023-11-17T05:02:27","date_gmt":"2023-11-17T05:02:27","guid":{"rendered":"https:\/\/exceladvisor.org\/pt\/primeiro-dia-do-mes-2\/"},"modified":"2023-12-06T11:35:15","modified_gmt":"2023-12-06T11:35:15","slug":"primeiro-dia-do-mes-2","status":"publish","type":"page","link":"https:\/\/exceladvisor.org\/pt\/primeiro-dia-do-mes-2\/","title":{"rendered":"Como chegar no primeiro dia do m\u00eas?"},"content":{"rendered":"<div class=\"excel-before-content-2\" id=\"excel-3932329853\"><script type=\"text\/javascript\">\r\n\tatOptions = {\r\n\t\t'key' : 'c1158f160081d6540a8409e6925dab94',\r\n\t\t'format' : 'iframe',\r\n\t\t'height' : 250,\r\n\t\t'width' : 300,\r\n\t\t'params' : {}\r\n\t};\r\n<\/script>\r\n<script type=\"text\/javascript\" src=\"\/\/www.highperformanceformat.com\/c1158f160081d6540a8409e6925dab94\/invoke.js\"><\/script><\/div><div class=\"excel-before-content\" id=\"excel-1207978179\"><script type=\"text\/javascript\">\r\n\tatOptions = {\r\n\t\t'key' : 'c1158f160081d6540a8409e6925dab94',\r\n\t\t'format' : 'iframe',\r\n\t\t'height' : 250,\r\n\t\t'width' : 300,\r\n\t\t'params' : {}\r\n\t};\r\n<\/script>\r\n<script type=\"text\/javascript\" src=\"\/\/www.highperformanceformat.com\/c1158f160081d6540a8409e6925dab94\/invoke.js\"><\/script><\/div> <p>No Excel, para obter o primeiro dia do m\u00eas, voc\u00ea pode usar uma f\u00f3rmula. Por exemplo, se voc\u00ea tem <sup>16 de janeiro de<\/sup> 2022 e deseja obter <sup>1\u00ba<\/sup> de janeiro, pode subtrair dias dele e ir para o \u00faltimo dia ou m\u00eas anterior e, em seguida, adicionar um para obter o primeiro dia. do m\u00eas atual.<\/p><p> No exemplo a seguir, temos uma data na c\u00e9lula A1 e para isso precisamos obter o primeiro dia do m\u00eas. <\/p><div class=\"wp-block-image is-style-default\"><figure class=\"aligncenter size-full is-resized\"><img loading=\"lazy\" decoding=\"async\" class=\"wp-image-67596\" src=\"https:\/\/exceladvisor.org\/wp-content\/uploads\/2023\/08\/1-valeur-de-date-dans-la-cellule.png\" sizes=\"auto, \" srcset=\"\" alt=\"data-valor-na-c\u00e9lula\" width=\"423\" height=\"324\"><\/figure><\/div><h2 class=\"wp-block-heading\"> F\u00f3rmula para obter a data de in\u00edcio do m\u00eas<\/h2><ol type=\"1\"><li> Primeiro, insira o sinal de igual na c\u00e9lula B1.<\/li><li> Depois disso, consulte a c\u00e9lula A1 onde voc\u00ea tem a data real e insira o operador soma.<\/li><li> Agora use a fun\u00e7\u00e3o DAY e consulte a c\u00e9lula A1.<\/li><li> Em seguida, feche a fun\u00e7\u00e3o DAY e insira o operador menos.<\/li><li> No final, digite \u201c1\u201d e pressione Enter para obter o resultado. <\/li><\/ol><pre class=\"wp-block-code\"> <code class=\"language-excel-formula\" lang=\"excel-formula\">=A1-DAY(A1)+1<\/code><\/pre><div class=\"wp-block-image\"><figure class=\"aligncenter size-full is-resized\"><img loading=\"lazy\" decoding=\"async\" class=\"wp-image-67597\" src=\"https:\/\/exceladvisor.org\/wp-content\/uploads\/2023\/08\/2-formules-pour-obtenir-la-date-du-debut-du-mois.png\" sizes=\"auto, \" srcset=\"\" alt=\"f\u00f3rmula-para-come\u00e7ar-o-m\u00eas\" width=\"453\" height=\"370\"><\/figure><\/div><p> Para entender esta f\u00f3rmula, \u00e9 necess\u00e1rio dividi-la em tr\u00eas partes: <\/p><div class=\"wp-block-image\"><figure class=\"aligncenter size-full is-resized\"><img loading=\"lazy\" decoding=\"async\" class=\"wp-image-67598\" src=\"https:\/\/exceladvisor.org\/wp-content\/uploads\/2023\/08\/3-formules-reparties.png\" sizes=\"auto, \" srcset=\"\" alt=\"divis\u00e3o de f\u00f3rmula\" width=\"448\" height=\"112\"><\/figure><\/div><ol type=\"1\"><li> Na primeira parte utilizamos a data que temos na c\u00e9lula A1.<\/li><li> Depois disso, na segunda parte, utilizamos a fun\u00e7\u00e3o DIA e obtivemos o n\u00famero do dia (retorna 16 para 16 de janeiro) da data original. E removemos esse n\u00famero da data original. Ao fazer isso (data \u2013 n\u00famero do dia), voc\u00ea obt\u00e9m a data de t\u00e9rmino do m\u00eas passado.<\/li><li> Agora na terceira parte adicionamos 1 \u00e0 data do m\u00eas passado (obtivemos na segunda parte) para obter o primeiro dia deste m\u00eas.<\/li><\/ol><h2 class=\"wp-block-heading\"> Use EOMONTH para obter a data de in\u00edcio do m\u00eas<\/h2><p> Voc\u00ea tamb\u00e9m pode usar EOMONTH para obter o primeiro dia do m\u00eas. EOMONTH pega uma data e ajuda voc\u00ea a obter a \u00faltima data de um m\u00eas, e voc\u00ea pode adicionar 1 a ela para obter o primeiro dia do m\u00eas.<\/p><pre class=\"wp-block-code\"> <code class=\"language-excel-formula\" lang=\"excel-formula\">=EOMONTH(A1,-1)+1<\/code><\/pre><h2 class=\"wp-block-heading\"> Usando o nome do m\u00eas para obter o primeiro dia do m\u00eas<\/h2><p> Se quiser ter uma primeira consulta para um m\u00eas e quiser usar o nome de um m\u00eas, voc\u00ea pode usar a seguinte f\u00f3rmula. <\/p><div class=\"wp-block-image\"><figure class=\"aligncenter size-full is-resized\"><img loading=\"lazy\" decoding=\"async\" class=\"wp-image-67599\" src=\"https:\/\/exceladvisor.org\/wp-content\/uploads\/2023\/08\/Nom-de-4-mois-pour-obtenir-le-premier-jour.png\" sizes=\"auto, \" srcset=\"\" alt=\"nome-do-m\u00eas-para-obter-primeiro-dia\" width=\"438\" height=\"317\"><\/figure><\/div><p> Esta f\u00f3rmula cria uma data combinando o dia, m\u00eas e ano e convertendo-a em uma data real. Para o dia j\u00e1 usamos 1, para o m\u00eas usamos o nome do m\u00eas da c\u00e9lula A3 e para o ano usamos o valor da c\u00e9lula A4. <\/p><div class=\"wp-block-image\"><figure class=\"aligncenter size-full is-resized\"><img loading=\"lazy\" decoding=\"async\" class=\"wp-image-67600\" src=\"https:\/\/exceladvisor.org\/wp-content\/uploads\/2023\/08\/5-formule-de-valeur-de-date.png\" sizes=\"auto, \" srcset=\"\" alt=\"f\u00f3rmula data-valor\" width=\"506\" height=\"304\"><\/figure><\/div><pre class=\"wp-block-code\"> <code class=\"language-excel-formula\" lang=\"excel-formula\">=DATEVALUE(\"1\"&amp;\"-\"&amp;A3&amp;\"-\"&amp;A4)<\/code><\/pre><div class=\"gb-container gb-container-52dfcee1 gb-container-sample-file\"><h2 class=\"gb-headline gb-headline-e289c143 gb-headline-text gb-headline-4f7959c2\"> Obtenha o arquivo Excel<\/h2><p> <a class=\"gb-button gb-button-e88d6bee gb-button-text gb-button-button1\" href=\"https:\/\/exceladvisor.org\/wp-content\/uploads\/2023\/08\/premier-jour-du-mois.xlsx\" rel=\"nofollow\">Download<\/a><\/p><\/div><div class=\"gb-container gb-container-0df56012 gb-container-mt\"> <a class=\"gb-button gb-button-f9f432f4 gb-button-text gb-button-mt-button\" href=\"https:\/\/exceladvisor.org\/pt\/formulas\/\">Lista de f\u00f3rmulas do Excel<\/a><h2 class=\"gb-headline gb-headline-233444e8 gb-headline-text gb-headline-mt-heading\"> F\u00f3rmulas relacionadas <\/h2><div class=\"gb-grid-wrapper gb-grid-wrapper-a16fa65c gb-grid-wrapper-mt-grid\"><div class=\"gb-grid-column gb-grid-column-50d07e0d\"><div class=\"gb-container gb-container-50d07e0d\"><ul><li> <a href=\"https:\/\/exceladvisor.org\/pt\/adicione-um-mes-a-uma-data-2\/\">Adicione um m\u00eas a uma data no Excel<\/a><\/li><li> <a href=\"https:\/\/exceladvisor.org\/pt\/fim-do-mes\/\">Obtenha a data de t\u00e9rmino do m\u00eas no Excel<\/a><\/li><li> <a href=\"https:\/\/exceladvisor.org\/pt\/nome-do-mes\/\">Obtenha o m\u00eas a partir de uma data no Excel (trecho)<\/a><\/li><li> <a href=\"https:\/\/exceladvisor.org\/pt\/trimestre\/\">Obtenha um trimestre a partir de uma data [Fiscal + Calend\u00e1rio] no Excel<\/a><\/li><li> <a href=\"https:\/\/exceladvisor.org\/pt\/mes-entre-duas-datas\/\">N\u00famero de meses entre duas datas no Excel<\/a> <\/li><\/ul><\/div><\/div><div class=\"gb-grid-column gb-grid-column-5b4a0cf9\"><div class=\"gb-container gb-container-5b4a0cf9\"><\/div><\/div><\/div><\/div>","protected":false},"excerpt":{"rendered":"","protected":false},"author":1,"featured_media":0,"parent":0,"menu_order":0,"comment_status":"open","ping_status":"closed","template":"","meta":{"ub_ctt_via":"","footnotes":""},"class_list":["post-88","page","type-page","status-publish","hentry"],"featured_image_src":null,"yoast_head":"<!-- This site is optimized with the Yoast SEO plugin v25.4 - https:\/\/yoast.com\/wordpress\/plugins\/seo\/ -->\n<title>\u25b7 Como chegar no primeiro dia do m\u00eas? - Consultor Excel<\/title>\n<meta name=\"description\" content=\"Neste tutorial de f\u00f3rmula, aprenderemos como obter o primeiro dia (data) de um m\u00eas usando dois m\u00e9todos diferentes.\" \/>\n<meta name=\"robots\" content=\"index, follow, max-snippet:-1, max-image-preview:large, max-video-preview:-1\" \/>\n<link rel=\"canonical\" href=\"https:\/\/exceladvisor.org\/pt\/primeiro-dia-do-mes-2\/\" \/>\n<meta property=\"og:locale\" content=\"pt_PT\" \/>\n<meta property=\"og:type\" content=\"article\" \/>\n<meta property=\"og:title\" content=\"\u25b7 Como chegar no primeiro dia do m\u00eas? - Consultor Excel\" \/>\n<meta property=\"og:description\" content=\"Neste tutorial de f\u00f3rmula, aprenderemos como obter o primeiro dia (data) de um m\u00eas usando dois m\u00e9todos diferentes.\" \/>\n<meta property=\"og:url\" content=\"https:\/\/exceladvisor.org\/pt\/primeiro-dia-do-mes-2\/\" \/>\n<meta property=\"og:site_name\" content=\"Excel Advisor\" \/>\n<meta property=\"article:modified_time\" content=\"2023-12-06T11:35:15+00:00\" \/>\n<meta property=\"og:image\" content=\"https:\/\/exceladvisor.org\/wp-content\/uploads\/2023\/08\/1-valeur-de-date-dans-la-cellule.png\" \/>\n<meta name=\"twitter:card\" content=\"summary_large_image\" \/>\n<meta name=\"twitter:label1\" content=\"Tempo estimado de leitura\" \/>\n\t<meta name=\"twitter:data1\" content=\"2 minutos\" \/>\n<script type=\"application\/ld+json\" class=\"yoast-schema-graph\">{\"@context\":\"https:\/\/schema.org\",\"@graph\":[{\"@type\":\"WebPage\",\"@id\":\"https:\/\/exceladvisor.org\/pt\/primeiro-dia-do-mes-2\/\",\"url\":\"https:\/\/exceladvisor.org\/pt\/primeiro-dia-do-mes-2\/\",\"name\":\"\u25b7 Como chegar no primeiro dia do m\u00eas? - Consultor Excel\",\"isPartOf\":{\"@id\":\"https:\/\/exceladvisor.org\/pt\/#website\"},\"primaryImageOfPage\":{\"@id\":\"https:\/\/exceladvisor.org\/pt\/primeiro-dia-do-mes-2\/#primaryimage\"},\"image\":{\"@id\":\"https:\/\/exceladvisor.org\/pt\/primeiro-dia-do-mes-2\/#primaryimage\"},\"thumbnailUrl\":\"https:\/\/exceladvisor.org\/wp-content\/uploads\/2023\/08\/1-valeur-de-date-dans-la-cellule.png\",\"datePublished\":\"2023-11-17T05:02:27+00:00\",\"dateModified\":\"2023-12-06T11:35:15+00:00\",\"description\":\"Neste tutorial de f\u00f3rmula, aprenderemos como obter o primeiro dia (data) de um m\u00eas usando dois m\u00e9todos diferentes.\",\"breadcrumb\":{\"@id\":\"https:\/\/exceladvisor.org\/pt\/primeiro-dia-do-mes-2\/#breadcrumb\"},\"inLanguage\":\"pt-PT\",\"potentialAction\":[{\"@type\":\"ReadAction\",\"target\":[\"https:\/\/exceladvisor.org\/pt\/primeiro-dia-do-mes-2\/\"]}]},{\"@type\":\"ImageObject\",\"inLanguage\":\"pt-PT\",\"@id\":\"https:\/\/exceladvisor.org\/pt\/primeiro-dia-do-mes-2\/#primaryimage\",\"url\":\"https:\/\/exceladvisor.org\/wp-content\/uploads\/2023\/08\/1-valeur-de-date-dans-la-cellule.png\",\"contentUrl\":\"https:\/\/exceladvisor.org\/wp-content\/uploads\/2023\/08\/1-valeur-de-date-dans-la-cellule.png\"},{\"@type\":\"BreadcrumbList\",\"@id\":\"https:\/\/exceladvisor.org\/pt\/primeiro-dia-do-mes-2\/#breadcrumb\",\"itemListElement\":[{\"@type\":\"ListItem\",\"position\":1,\"name\":\"Lar\",\"item\":\"https:\/\/exceladvisor.org\/pt\/\"},{\"@type\":\"ListItem\",\"position\":2,\"name\":\"Como chegar no primeiro dia do m\u00eas?\"}]},{\"@type\":\"WebSite\",\"@id\":\"https:\/\/exceladvisor.org\/pt\/#website\",\"url\":\"https:\/\/exceladvisor.org\/pt\/\",\"name\":\"Excel Advisor\",\"description\":\"O seu guia definitivo para dominar os dados!\",\"publisher\":{\"@id\":\"https:\/\/exceladvisor.org\/pt\/#organization\"},\"potentialAction\":[{\"@type\":\"SearchAction\",\"target\":{\"@type\":\"EntryPoint\",\"urlTemplate\":\"https:\/\/exceladvisor.org\/pt\/?s={search_term_string}\"},\"query-input\":{\"@type\":\"PropertyValueSpecification\",\"valueRequired\":true,\"valueName\":\"search_term_string\"}}],\"inLanguage\":\"pt-PT\"},{\"@type\":\"Organization\",\"@id\":\"https:\/\/exceladvisor.org\/pt\/#organization\",\"name\":\"Excel Advisor\",\"url\":\"https:\/\/exceladvisor.org\/pt\/\",\"logo\":{\"@type\":\"ImageObject\",\"inLanguage\":\"pt-PT\",\"@id\":\"https:\/\/exceladvisor.org\/pt\/#\/schema\/logo\/image\/\",\"url\":\"https:\/\/exceladvisor.org\/pt\/wp-content\/uploads\/2023\/12\/exceladvisor.org_.png\",\"contentUrl\":\"https:\/\/exceladvisor.org\/pt\/wp-content\/uploads\/2023\/12\/exceladvisor.org_.png\",\"width\":105,\"height\":36,\"caption\":\"Excel Advisor\"},\"image\":{\"@id\":\"https:\/\/exceladvisor.org\/pt\/#\/schema\/logo\/image\/\"}}]}<\/script>\n<!-- \/ Yoast SEO plugin. -->","yoast_head_json":{"title":"\u25b7 Como chegar no primeiro dia do m\u00eas? - Consultor Excel","description":"Neste tutorial de f\u00f3rmula, aprenderemos como obter o primeiro dia (data) de um m\u00eas usando dois m\u00e9todos diferentes.","robots":{"index":"index","follow":"follow","max-snippet":"max-snippet:-1","max-image-preview":"max-image-preview:large","max-video-preview":"max-video-preview:-1"},"canonical":"https:\/\/exceladvisor.org\/pt\/primeiro-dia-do-mes-2\/","og_locale":"pt_PT","og_type":"article","og_title":"\u25b7 Como chegar no primeiro dia do m\u00eas? - Consultor Excel","og_description":"Neste tutorial de f\u00f3rmula, aprenderemos como obter o primeiro dia (data) de um m\u00eas usando dois m\u00e9todos diferentes.","og_url":"https:\/\/exceladvisor.org\/pt\/primeiro-dia-do-mes-2\/","og_site_name":"Excel Advisor","article_modified_time":"2023-12-06T11:35:15+00:00","og_image":[{"url":"https:\/\/exceladvisor.org\/wp-content\/uploads\/2023\/08\/1-valeur-de-date-dans-la-cellule.png","type":"","width":"","height":""}],"twitter_card":"summary_large_image","twitter_misc":{"Tempo estimado de leitura":"2 minutos"},"schema":{"@context":"https:\/\/schema.org","@graph":[{"@type":"WebPage","@id":"https:\/\/exceladvisor.org\/pt\/primeiro-dia-do-mes-2\/","url":"https:\/\/exceladvisor.org\/pt\/primeiro-dia-do-mes-2\/","name":"\u25b7 Como chegar no primeiro dia do m\u00eas? - Consultor Excel","isPartOf":{"@id":"https:\/\/exceladvisor.org\/pt\/#website"},"primaryImageOfPage":{"@id":"https:\/\/exceladvisor.org\/pt\/primeiro-dia-do-mes-2\/#primaryimage"},"image":{"@id":"https:\/\/exceladvisor.org\/pt\/primeiro-dia-do-mes-2\/#primaryimage"},"thumbnailUrl":"https:\/\/exceladvisor.org\/wp-content\/uploads\/2023\/08\/1-valeur-de-date-dans-la-cellule.png","datePublished":"2023-11-17T05:02:27+00:00","dateModified":"2023-12-06T11:35:15+00:00","description":"Neste tutorial de f\u00f3rmula, aprenderemos como obter o primeiro dia (data) de um m\u00eas usando dois m\u00e9todos diferentes.","breadcrumb":{"@id":"https:\/\/exceladvisor.org\/pt\/primeiro-dia-do-mes-2\/#breadcrumb"},"inLanguage":"pt-PT","potentialAction":[{"@type":"ReadAction","target":["https:\/\/exceladvisor.org\/pt\/primeiro-dia-do-mes-2\/"]}]},{"@type":"ImageObject","inLanguage":"pt-PT","@id":"https:\/\/exceladvisor.org\/pt\/primeiro-dia-do-mes-2\/#primaryimage","url":"https:\/\/exceladvisor.org\/wp-content\/uploads\/2023\/08\/1-valeur-de-date-dans-la-cellule.png","contentUrl":"https:\/\/exceladvisor.org\/wp-content\/uploads\/2023\/08\/1-valeur-de-date-dans-la-cellule.png"},{"@type":"BreadcrumbList","@id":"https:\/\/exceladvisor.org\/pt\/primeiro-dia-do-mes-2\/#breadcrumb","itemListElement":[{"@type":"ListItem","position":1,"name":"Lar","item":"https:\/\/exceladvisor.org\/pt\/"},{"@type":"ListItem","position":2,"name":"Como chegar no primeiro dia do m\u00eas?"}]},{"@type":"WebSite","@id":"https:\/\/exceladvisor.org\/pt\/#website","url":"https:\/\/exceladvisor.org\/pt\/","name":"Excel Advisor","description":"O seu guia definitivo para dominar os dados!","publisher":{"@id":"https:\/\/exceladvisor.org\/pt\/#organization"},"potentialAction":[{"@type":"SearchAction","target":{"@type":"EntryPoint","urlTemplate":"https:\/\/exceladvisor.org\/pt\/?s={search_term_string}"},"query-input":{"@type":"PropertyValueSpecification","valueRequired":true,"valueName":"search_term_string"}}],"inLanguage":"pt-PT"},{"@type":"Organization","@id":"https:\/\/exceladvisor.org\/pt\/#organization","name":"Excel Advisor","url":"https:\/\/exceladvisor.org\/pt\/","logo":{"@type":"ImageObject","inLanguage":"pt-PT","@id":"https:\/\/exceladvisor.org\/pt\/#\/schema\/logo\/image\/","url":"https:\/\/exceladvisor.org\/pt\/wp-content\/uploads\/2023\/12\/exceladvisor.org_.png","contentUrl":"https:\/\/exceladvisor.org\/pt\/wp-content\/uploads\/2023\/12\/exceladvisor.org_.png","width":105,"height":36,"caption":"Excel Advisor"},"image":{"@id":"https:\/\/exceladvisor.org\/pt\/#\/schema\/logo\/image\/"}}]}},"yoast_meta":{"yoast_wpseo_title":"","yoast_wpseo_metadesc":"","yoast_wpseo_canonical":""},"_links":{"self":[{"href":"https:\/\/exceladvisor.org\/pt\/wp-json\/wp\/v2\/pages\/88","targetHints":{"allow":["GET"]}}],"collection":[{"href":"https:\/\/exceladvisor.org\/pt\/wp-json\/wp\/v2\/pages"}],"about":[{"href":"https:\/\/exceladvisor.org\/pt\/wp-json\/wp\/v2\/types\/page"}],"author":[{"embeddable":true,"href":"https:\/\/exceladvisor.org\/pt\/wp-json\/wp\/v2\/users\/1"}],"replies":[{"embeddable":true,"href":"https:\/\/exceladvisor.org\/pt\/wp-json\/wp\/v2\/comments?post=88"}],"version-history":[{"count":1,"href":"https:\/\/exceladvisor.org\/pt\/wp-json\/wp\/v2\/pages\/88\/revisions"}],"predecessor-version":[{"id":890,"href":"https:\/\/exceladvisor.org\/pt\/wp-json\/wp\/v2\/pages\/88\/revisions\/890"}],"wp:attachment":[{"href":"https:\/\/exceladvisor.org\/pt\/wp-json\/wp\/v2\/media?parent=88"}],"curies":[{"name":"wp","href":"https:\/\/api.w.org\/{rel}","templated":true}]}}