{"id":89,"date":"2023-11-17T04:57:31","date_gmt":"2023-11-17T04:57:31","guid":{"rendered":"https:\/\/exceladvisor.org\/pt\/adicionar-celulas-aleatorias\/"},"modified":"2023-12-06T11:33:49","modified_gmt":"2023-12-06T11:33:49","slug":"adicionar-celulas-aleatorias","status":"publish","type":"page","link":"https:\/\/exceladvisor.org\/pt\/adicionar-celulas-aleatorias\/","title":{"rendered":"Como adicionar c\u00e9lulas aleat\u00f3rias no excel?"},"content":{"rendered":"<div class=\"excel-before-content-2\" id=\"excel-1831170216\"><script type=\"text\/javascript\">\r\n\tatOptions = {\r\n\t\t'key' : 'c1158f160081d6540a8409e6925dab94',\r\n\t\t'format' : 'iframe',\r\n\t\t'height' : 250,\r\n\t\t'width' : 300,\r\n\t\t'params' : {}\r\n\t};\r\n<\/script>\r\n<script type=\"text\/javascript\" src=\"\/\/www.highperformanceformat.com\/c1158f160081d6540a8409e6925dab94\/invoke.js\"><\/script><\/div><div class=\"excel-before-content\" id=\"excel-1906911149\"><script type=\"text\/javascript\">\r\n\tatOptions = {\r\n\t\t'key' : 'c1158f160081d6540a8409e6925dab94',\r\n\t\t'format' : 'iframe',\r\n\t\t'height' : 250,\r\n\t\t'width' : 300,\r\n\t\t'params' : {}\r\n\t};\r\n<\/script>\r\n<script type=\"text\/javascript\" src=\"\/\/www.highperformanceformat.com\/c1158f160081d6540a8409e6925dab94\/invoke.js\"><\/script><\/div> <p>Se quiser contar c\u00e9lulas aleat\u00f3rias no Excel, voc\u00ea pode simplesmente usar a fun\u00e7\u00e3o SUM e selecionar todas essas c\u00e9lulas aleat\u00f3rias com o mouse. Dessa forma, a fun\u00e7\u00e3o soma pega todas as c\u00e9lulas que voc\u00ea escolher uma por uma e ao pressionar Enter retorna a soma dos valores dessas c\u00e9lulas. <\/p><div class=\"wp-block-image\"><figure class=\"aligncenter size-full is-resized\"><img loading=\"lazy\" decoding=\"async\" class=\"wp-image-67262\" src=\"https:\/\/exceladvisor.org\/wp-content\/uploads\/2023\/08\/excel-somme-cellules-aleatoires1.gif\" sizes=\"auto, \" srcset=\"\" alt=\"c\u00e9lulas de soma aleat\u00f3ria do Excel\" width=\"434\" height=\"434\"><\/figure><\/div><p> Voc\u00ea pode usar as seguintes etapas para adicionar c\u00e9lulas aleat\u00f3rias:<\/p><ol><li> Selecione a c\u00e9lula onde deseja obter a soma de todas as c\u00e9lulas aleat\u00f3rias.<\/li><li> Depois disso, insira a fun\u00e7\u00e3o SUM nesta c\u00e9lula.<\/li><li> A partir da\u00ed, mantenha pressionada a tecla Ctrl e selecione cada c\u00e9lula aleat\u00f3ria cuja soma deseja calcular, uma por uma.<\/li><li> No final, insira os par\u00eanteses de fechamento e pressione Enter para a soma.<\/li><\/ol><p> Quando voc\u00ea seleciona cada c\u00e9lula pressionando a tecla Ctrl, o Excel adiciona automaticamente uma v\u00edrgula entre cada refer\u00eancia de c\u00e9lula, para que voc\u00ea n\u00e3o precise adicion\u00e1-la manualmente. <\/p><div class=\"gb-container gb-container-52dfcee1 gb-container-sample-file\"><h2 class=\"gb-headline gb-headline-e289c143 gb-headline-text gb-headline-4f7959c2\"> Obtenha o arquivo Excel<\/h2> <a class=\"gb-button gb-button-e88d6bee gb-button-text gb-button-button1\" href=\"https:\/\/exceladvisor.org\/wp-content\/uploads\/2023\/11\/94-cellules-aleatoires-somme.xlsx\" rel=\"nofollow\">Download<\/a><\/div><div class=\"gb-container gb-container-0df56012 gb-container-mt\"> <a class=\"gb-button gb-button-f9f432f4 gb-button-text gb-button-mt-button\" href=\"https:\/\/exceladvisor.org\/pt\/formulas\/\">Lista de f\u00f3rmulas do Excel<\/a><h2 class=\"gb-headline gb-headline-233444e8 gb-headline-text gb-headline-mt-heading\"> F\u00f3rmulas relacionadas <\/h2><div class=\"gb-grid-wrapper gb-grid-wrapper-a16fa65c gb-grid-wrapper-mt-grid\"><div class=\"gb-grid-column gb-grid-column-50d07e0d\"><div class=\"gb-container gb-container-50d07e0d\"><ul><li> <a href=\"https:\/\/exceladvisor.org\/pt\/adicione-a-coluna-inteira\/\">Adicione uma coluna ou linha inteira no Excel<\/a><\/li><li> <a href=\"https:\/\/exceladvisor.org\/pt\/adicione-apenas-celulas-visiveis\/\">Soma apenas c\u00e9lulas vis\u00edveis no Excel<\/a><\/li><li> <a href=\"https:\/\/exceladvisor.org\/pt\/linha-total\/\">Adicione uma linha total no Excel<\/a><\/li><li> <a href=\"https:\/\/exceladvisor.org\/pt\/soma-automatica-1\/\">Use rapidamente o AutoSoma no Excel<\/a> <\/li><\/ul><\/div><\/div><div class=\"gb-grid-column gb-grid-column-5b4a0cf9\"><div class=\"gb-container gb-container-5b4a0cf9\"><\/div><\/div><\/div><\/div>","protected":false},"excerpt":{"rendered":"","protected":false},"author":1,"featured_media":0,"parent":0,"menu_order":0,"comment_status":"open","ping_status":"closed","template":"","meta":{"ub_ctt_via":"","footnotes":""},"class_list":["post-89","page","type-page","status-publish","hentry"],"featured_image_src":null,"yoast_head":"<!-- This site is optimized with the Yoast SEO plugin v25.4 - https:\/\/yoast.com\/wordpress\/plugins\/seo\/ -->\n<title>\u25b7 Como adicionar c\u00e9lulas aleat\u00f3rias no Excel?<\/title>\n<meta name=\"description\" content=\"Neste tutorial de f\u00f3rmulas, aprenderemos como adicionar valores aleat\u00f3rios no Excel usando um m\u00e9todo simples e f\u00e1cil de usar.\" \/>\n<meta name=\"robots\" content=\"index, follow, max-snippet:-1, max-image-preview:large, max-video-preview:-1\" \/>\n<link rel=\"canonical\" href=\"https:\/\/exceladvisor.org\/pt\/adicionar-celulas-aleatorias\/\" \/>\n<meta property=\"og:locale\" content=\"pt_PT\" \/>\n<meta property=\"og:type\" content=\"article\" \/>\n<meta property=\"og:title\" content=\"\u25b7 Como adicionar c\u00e9lulas aleat\u00f3rias no Excel?\" \/>\n<meta property=\"og:description\" content=\"Neste tutorial de f\u00f3rmulas, aprenderemos como adicionar valores aleat\u00f3rios no Excel usando um m\u00e9todo simples e f\u00e1cil de usar.\" \/>\n<meta property=\"og:url\" content=\"https:\/\/exceladvisor.org\/pt\/adicionar-celulas-aleatorias\/\" \/>\n<meta property=\"og:site_name\" content=\"Excel Advisor\" \/>\n<meta property=\"article:modified_time\" content=\"2023-12-06T11:33:49+00:00\" \/>\n<meta property=\"og:image\" content=\"https:\/\/exceladvisor.org\/wp-content\/uploads\/2023\/08\/excel-somme-cellules-aleatoires1.gif\" \/>\n<meta name=\"twitter:card\" content=\"summary_large_image\" \/>\n<meta name=\"twitter:label1\" content=\"Tempo estimado de leitura\" \/>\n\t<meta name=\"twitter:data1\" content=\"1 minuto\" \/>\n<script type=\"application\/ld+json\" class=\"yoast-schema-graph\">{\"@context\":\"https:\/\/schema.org\",\"@graph\":[{\"@type\":\"WebPage\",\"@id\":\"https:\/\/exceladvisor.org\/pt\/adicionar-celulas-aleatorias\/\",\"url\":\"https:\/\/exceladvisor.org\/pt\/adicionar-celulas-aleatorias\/\",\"name\":\"\u25b7 Como adicionar c\u00e9lulas aleat\u00f3rias no Excel?\",\"isPartOf\":{\"@id\":\"https:\/\/exceladvisor.org\/pt\/#website\"},\"primaryImageOfPage\":{\"@id\":\"https:\/\/exceladvisor.org\/pt\/adicionar-celulas-aleatorias\/#primaryimage\"},\"image\":{\"@id\":\"https:\/\/exceladvisor.org\/pt\/adicionar-celulas-aleatorias\/#primaryimage\"},\"thumbnailUrl\":\"https:\/\/exceladvisor.org\/wp-content\/uploads\/2023\/08\/excel-somme-cellules-aleatoires1.gif\",\"datePublished\":\"2023-11-17T04:57:31+00:00\",\"dateModified\":\"2023-12-06T11:33:49+00:00\",\"description\":\"Neste tutorial de f\u00f3rmulas, aprenderemos como adicionar valores aleat\u00f3rios no Excel usando um m\u00e9todo simples e f\u00e1cil de usar.\",\"breadcrumb\":{\"@id\":\"https:\/\/exceladvisor.org\/pt\/adicionar-celulas-aleatorias\/#breadcrumb\"},\"inLanguage\":\"pt-PT\",\"potentialAction\":[{\"@type\":\"ReadAction\",\"target\":[\"https:\/\/exceladvisor.org\/pt\/adicionar-celulas-aleatorias\/\"]}]},{\"@type\":\"ImageObject\",\"inLanguage\":\"pt-PT\",\"@id\":\"https:\/\/exceladvisor.org\/pt\/adicionar-celulas-aleatorias\/#primaryimage\",\"url\":\"https:\/\/exceladvisor.org\/wp-content\/uploads\/2023\/08\/excel-somme-cellules-aleatoires1.gif\",\"contentUrl\":\"https:\/\/exceladvisor.org\/wp-content\/uploads\/2023\/08\/excel-somme-cellules-aleatoires1.gif\"},{\"@type\":\"BreadcrumbList\",\"@id\":\"https:\/\/exceladvisor.org\/pt\/adicionar-celulas-aleatorias\/#breadcrumb\",\"itemListElement\":[{\"@type\":\"ListItem\",\"position\":1,\"name\":\"Lar\",\"item\":\"https:\/\/exceladvisor.org\/pt\/\"},{\"@type\":\"ListItem\",\"position\":2,\"name\":\"Como adicionar c\u00e9lulas aleat\u00f3rias no excel?\"}]},{\"@type\":\"WebSite\",\"@id\":\"https:\/\/exceladvisor.org\/pt\/#website\",\"url\":\"https:\/\/exceladvisor.org\/pt\/\",\"name\":\"Excel Advisor\",\"description\":\"O seu guia definitivo para dominar os dados!\",\"publisher\":{\"@id\":\"https:\/\/exceladvisor.org\/pt\/#organization\"},\"potentialAction\":[{\"@type\":\"SearchAction\",\"target\":{\"@type\":\"EntryPoint\",\"urlTemplate\":\"https:\/\/exceladvisor.org\/pt\/?s={search_term_string}\"},\"query-input\":{\"@type\":\"PropertyValueSpecification\",\"valueRequired\":true,\"valueName\":\"search_term_string\"}}],\"inLanguage\":\"pt-PT\"},{\"@type\":\"Organization\",\"@id\":\"https:\/\/exceladvisor.org\/pt\/#organization\",\"name\":\"Excel Advisor\",\"url\":\"https:\/\/exceladvisor.org\/pt\/\",\"logo\":{\"@type\":\"ImageObject\",\"inLanguage\":\"pt-PT\",\"@id\":\"https:\/\/exceladvisor.org\/pt\/#\/schema\/logo\/image\/\",\"url\":\"https:\/\/exceladvisor.org\/pt\/wp-content\/uploads\/2023\/12\/exceladvisor.org_.png\",\"contentUrl\":\"https:\/\/exceladvisor.org\/pt\/wp-content\/uploads\/2023\/12\/exceladvisor.org_.png\",\"width\":105,\"height\":36,\"caption\":\"Excel Advisor\"},\"image\":{\"@id\":\"https:\/\/exceladvisor.org\/pt\/#\/schema\/logo\/image\/\"}}]}<\/script>\n<!-- \/ Yoast SEO plugin. -->","yoast_head_json":{"title":"\u25b7 Como adicionar c\u00e9lulas aleat\u00f3rias no Excel?","description":"Neste tutorial de f\u00f3rmulas, aprenderemos como adicionar valores aleat\u00f3rios no Excel usando um m\u00e9todo simples e f\u00e1cil de usar.","robots":{"index":"index","follow":"follow","max-snippet":"max-snippet:-1","max-image-preview":"max-image-preview:large","max-video-preview":"max-video-preview:-1"},"canonical":"https:\/\/exceladvisor.org\/pt\/adicionar-celulas-aleatorias\/","og_locale":"pt_PT","og_type":"article","og_title":"\u25b7 Como adicionar c\u00e9lulas aleat\u00f3rias no Excel?","og_description":"Neste tutorial de f\u00f3rmulas, aprenderemos como adicionar valores aleat\u00f3rios no Excel usando um m\u00e9todo simples e f\u00e1cil de usar.","og_url":"https:\/\/exceladvisor.org\/pt\/adicionar-celulas-aleatorias\/","og_site_name":"Excel Advisor","article_modified_time":"2023-12-06T11:33:49+00:00","og_image":[{"url":"https:\/\/exceladvisor.org\/wp-content\/uploads\/2023\/08\/excel-somme-cellules-aleatoires1.gif","type":"","width":"","height":""}],"twitter_card":"summary_large_image","twitter_misc":{"Tempo estimado de leitura":"1 minuto"},"schema":{"@context":"https:\/\/schema.org","@graph":[{"@type":"WebPage","@id":"https:\/\/exceladvisor.org\/pt\/adicionar-celulas-aleatorias\/","url":"https:\/\/exceladvisor.org\/pt\/adicionar-celulas-aleatorias\/","name":"\u25b7 Como adicionar c\u00e9lulas aleat\u00f3rias no Excel?","isPartOf":{"@id":"https:\/\/exceladvisor.org\/pt\/#website"},"primaryImageOfPage":{"@id":"https:\/\/exceladvisor.org\/pt\/adicionar-celulas-aleatorias\/#primaryimage"},"image":{"@id":"https:\/\/exceladvisor.org\/pt\/adicionar-celulas-aleatorias\/#primaryimage"},"thumbnailUrl":"https:\/\/exceladvisor.org\/wp-content\/uploads\/2023\/08\/excel-somme-cellules-aleatoires1.gif","datePublished":"2023-11-17T04:57:31+00:00","dateModified":"2023-12-06T11:33:49+00:00","description":"Neste tutorial de f\u00f3rmulas, aprenderemos como adicionar valores aleat\u00f3rios no Excel usando um m\u00e9todo simples e f\u00e1cil de usar.","breadcrumb":{"@id":"https:\/\/exceladvisor.org\/pt\/adicionar-celulas-aleatorias\/#breadcrumb"},"inLanguage":"pt-PT","potentialAction":[{"@type":"ReadAction","target":["https:\/\/exceladvisor.org\/pt\/adicionar-celulas-aleatorias\/"]}]},{"@type":"ImageObject","inLanguage":"pt-PT","@id":"https:\/\/exceladvisor.org\/pt\/adicionar-celulas-aleatorias\/#primaryimage","url":"https:\/\/exceladvisor.org\/wp-content\/uploads\/2023\/08\/excel-somme-cellules-aleatoires1.gif","contentUrl":"https:\/\/exceladvisor.org\/wp-content\/uploads\/2023\/08\/excel-somme-cellules-aleatoires1.gif"},{"@type":"BreadcrumbList","@id":"https:\/\/exceladvisor.org\/pt\/adicionar-celulas-aleatorias\/#breadcrumb","itemListElement":[{"@type":"ListItem","position":1,"name":"Lar","item":"https:\/\/exceladvisor.org\/pt\/"},{"@type":"ListItem","position":2,"name":"Como adicionar c\u00e9lulas aleat\u00f3rias no excel?"}]},{"@type":"WebSite","@id":"https:\/\/exceladvisor.org\/pt\/#website","url":"https:\/\/exceladvisor.org\/pt\/","name":"Excel Advisor","description":"O seu guia definitivo para dominar os dados!","publisher":{"@id":"https:\/\/exceladvisor.org\/pt\/#organization"},"potentialAction":[{"@type":"SearchAction","target":{"@type":"EntryPoint","urlTemplate":"https:\/\/exceladvisor.org\/pt\/?s={search_term_string}"},"query-input":{"@type":"PropertyValueSpecification","valueRequired":true,"valueName":"search_term_string"}}],"inLanguage":"pt-PT"},{"@type":"Organization","@id":"https:\/\/exceladvisor.org\/pt\/#organization","name":"Excel Advisor","url":"https:\/\/exceladvisor.org\/pt\/","logo":{"@type":"ImageObject","inLanguage":"pt-PT","@id":"https:\/\/exceladvisor.org\/pt\/#\/schema\/logo\/image\/","url":"https:\/\/exceladvisor.org\/pt\/wp-content\/uploads\/2023\/12\/exceladvisor.org_.png","contentUrl":"https:\/\/exceladvisor.org\/pt\/wp-content\/uploads\/2023\/12\/exceladvisor.org_.png","width":105,"height":36,"caption":"Excel Advisor"},"image":{"@id":"https:\/\/exceladvisor.org\/pt\/#\/schema\/logo\/image\/"}}]}},"yoast_meta":{"yoast_wpseo_title":"","yoast_wpseo_metadesc":"","yoast_wpseo_canonical":""},"_links":{"self":[{"href":"https:\/\/exceladvisor.org\/pt\/wp-json\/wp\/v2\/pages\/89","targetHints":{"allow":["GET"]}}],"collection":[{"href":"https:\/\/exceladvisor.org\/pt\/wp-json\/wp\/v2\/pages"}],"about":[{"href":"https:\/\/exceladvisor.org\/pt\/wp-json\/wp\/v2\/types\/page"}],"author":[{"embeddable":true,"href":"https:\/\/exceladvisor.org\/pt\/wp-json\/wp\/v2\/users\/1"}],"replies":[{"embeddable":true,"href":"https:\/\/exceladvisor.org\/pt\/wp-json\/wp\/v2\/comments?post=89"}],"version-history":[{"count":1,"href":"https:\/\/exceladvisor.org\/pt\/wp-json\/wp\/v2\/pages\/89\/revisions"}],"predecessor-version":[{"id":775,"href":"https:\/\/exceladvisor.org\/pt\/wp-json\/wp\/v2\/pages\/89\/revisions\/775"}],"wp:attachment":[{"href":"https:\/\/exceladvisor.org\/pt\/wp-json\/wp\/v2\/media?parent=89"}],"curies":[{"name":"wp","href":"https:\/\/api.w.org\/{rel}","templated":true}]}}