{"id":9,"date":"2023-11-25T01:04:18","date_gmt":"2023-11-25T01:04:18","guid":{"rendered":"https:\/\/exceladvisor.org\/pt\/a\/"},"modified":"2023-12-13T12:43:43","modified_gmt":"2023-12-13T12:43:43","slug":"a","status":"publish","type":"page","link":"https:\/\/exceladvisor.org\/pt\/","title":{"rendered":""},"content":{"rendered":"<div class=\"excel-before-content-2\" id=\"excel-3618574974\"><script type=\"text\/javascript\">\r\n\tatOptions = {\r\n\t\t'key' : 'c1158f160081d6540a8409e6925dab94',\r\n\t\t'format' : 'iframe',\r\n\t\t'height' : 250,\r\n\t\t'width' : 300,\r\n\t\t'params' : {}\r\n\t};\r\n<\/script>\r\n<script type=\"text\/javascript\" src=\"\/\/www.highperformanceformat.com\/c1158f160081d6540a8409e6925dab94\/invoke.js\"><\/script><\/div><div class=\"excel-before-content\" id=\"excel-1338727884\"><script type=\"text\/javascript\">\r\n\tatOptions = {\r\n\t\t'key' : 'c1158f160081d6540a8409e6925dab94',\r\n\t\t'format' : 'iframe',\r\n\t\t'height' : 250,\r\n\t\t'width' : 300,\r\n\t\t'params' : {}\r\n\t};\r\n<\/script>\r\n<script type=\"text\/javascript\" src=\"\/\/www.highperformanceformat.com\/c1158f160081d6540a8409e6925dab94\/invoke.js\"><\/script><\/div>\n<h1>Bem-vindo ao Excel Advisor<\/h1>\n<p style=\"text-align: justify;\">O Microsoft Excel \u00e9 incrivelmente \u00fatil na vida di\u00e1ria para diversas tarefas. \u00c9 uma planilha vers\u00e1til que permite aos indiv\u00edduos organizar e gerenciar dados de forma eficaz.<\/p>\n<p style=\"text-align: justify;\">Desde a cria\u00e7\u00e3o de or\u00e7amentos, acompanhamento de despesas e gerenciamento de finan\u00e7as pessoais at\u00e9 a an\u00e1lise de dados de neg\u00f3cios, gera\u00e7\u00e3o de gr\u00e1ficos e cria\u00e7\u00e3o de cronogramas, o Excel fornece uma plataforma poderosa para organiza\u00e7\u00e3o e an\u00e1lise de dados.<\/p>\n<p style=\"text-align: justify;\">As suas f\u00f3rmulas, fun\u00e7\u00f5es e op\u00e7\u00f5es de formata\u00e7\u00e3o tornam-no numa ferramenta indispens\u00e1vel para profissionais, estudantes e qualquer pessoa que pretenda agilizar as suas tarefas relacionadas com dados, permitindo-lhes tomar decis\u00f5es informadas e melhorar a sua produtividade no dia a dia.<\/p>\n<p style=\"text-align: justify;\">Descubra todos os elementos essenciais para dominar o Microsoft Excel, seja na vida profissional ou pessoal.<\/p>\n\n<h3>COMO USAR O EXCEL<\/h3>\n<div class=\"wp-block-group more-tutorials is-layout-flow\">\n<div class=\"wp-block-group__inner-container\">\n<div class=\"wp-block-columns is-layout-flex wp-container-51\">\n<div class=\"wp-block-column is-layout-flow\">\n<ul>\n \t<li><a href=\"https:\/\/exceladvisor.org\/pt\/carimbo-de-datahora\/\">Insira um carimbo de data\/hora no Excel<\/a><\/li>\n \t<li><a href=\"https:\/\/exceladvisor.org\/pt\/marca-de-verificacao-2\/\">Verifique o s\u00edmbolo no Excel<\/a><\/li>\n \t<li><a href=\"https:\/\/exceladvisor.org\/pt\/vantagens-do-microsoft-excel\/\">Benef\u00edcios do Microsoft Excel<\/a><\/li>\n \t<li><a href=\"https:\/\/exceladvisor.org\/pt\/formato-de-numero-contabil\/\">Formato do n\u00famero cont\u00e1bil<\/a><\/li>\n \t<li><a href=\"https:\/\/exceladvisor.org\/pt\/cor-da-celula\/\">Cor de fundo de uma c\u00e9lula<\/a><\/li>\n \t<li><a href=\"https:\/\/exceladvisor.org\/pt\/escreva-verticalmente\/\">Digite verticalmente no Excel<\/a><\/li>\n \t<li><a href=\"https:\/\/exceladvisor.org\/pt\/trocar-o-celular\/\">Troque rapidamente duas c\u00e9lulas<\/a><\/li>\n \t<li><a href=\"https:\/\/exceladvisor.org\/pt\/crie-o-cabecalho-da-primeira-linha\/\">Crie um cabe\u00e7alho de primeira linha<\/a><\/li>\n<\/ul>\n<\/div>\n<div class=\"wp-block-column is-layout-flow\">\n<ul>\n \t<li><a href=\"https:\/\/exceladvisor.org\/pt\/barra-de-formulas-do-excel\/\">Barra de f\u00f3rmulas no Excel<\/a><\/li>\n \t<li><a href=\"https:\/\/exceladvisor.org\/pt\/barra-de-acesso-rapido\/\">Barra de acesso r\u00e1pido no Excel<\/a><\/li>\n \t<li><a href=\"https:\/\/exceladvisor.org\/pt\/adicione-uma-marca-dagua\/\">Adicione uma marca d&#8217;\u00e1gua no Excel<\/a><\/li>\n \t<li><a href=\"https:\/\/exceladvisor.org\/pt\/adicione-um-numero-de-pagina\/\">Adicione um n\u00famero de p\u00e1gina no Excel<\/a><\/li>\n \t<li><a href=\"https:\/\/exceladvisor.org\/pt\/paragrafo-em-uma-celula\/\">Crie um par\u00e1grafo em uma c\u00e9lula<\/a><\/li>\n \t<li><a href=\"https:\/\/exceladvisor.org\/pt\/fronteira\/\">Adicione uma borda no Excel<\/a><\/li>\n \t<li><a href=\"https:\/\/exceladvisor.org\/pt\/alterar-a-cor-da-borda\/\">Alterar cor da borda<\/a><\/li>\n \t<li><a href=\"https:\/\/exceladvisor.org\/pt\/mesclar-celulas-sem-perder-dados\/\">Mesclar c\u00e9lulas no Excel<\/a><\/li>\n<\/ul>\n<\/div>\n<\/div>\n<\/div>\n<\/div>\n<h3>TUTORIAIS AVAN\u00c7ADOS DE EXCEL<\/h3>\n<div class=\"wp-block-group more-tutorials is-layout-flow\">\n<div class=\"wp-block-group__inner-container\">\n<div class=\"wp-block-columns is-layout-flex wp-container-51\">\n<div class=\"wp-block-column is-layout-flow\">\n<ul>\n \t<li><a href=\"https:\/\/exceladvisor.org\/pt\/adicionar-um-codigo-de-barras\/\">Adicione um c\u00f3digo de barras no Excel<\/a><\/li>\n \t<li><a href=\"https:\/\/exceladvisor.org\/pt\/lista-dinamica\/\">Lista suspensa din\u00e2mica no Excel<\/a><\/li>\n \t<li><a href=\"https:\/\/exceladvisor.org\/pt\/esvaziar-o-cache\/\">Limpar cache no Excel<\/a><\/li>\n \t<li><a href=\"https:\/\/exceladvisor.org\/pt\/aplicar-varios-filtros\/\">Aplicar v\u00e1rios filtros \u00e0s colunas<\/a><\/li>\n \t<li><a href=\"https:\/\/exceladvisor.org\/pt\/filtrar-por-cor\/\">Filtrar por cor no Excel<\/a><\/li>\n \t<li><a href=\"https:\/\/exceladvisor.org\/pt\/encontrar-celulas-mescladas\/\">Encontre c\u00e9lulas mescladas<\/a><\/li>\n \t<li><a href=\"https:\/\/exceladvisor.org\/pt\/remover-hifens\/\">Remover h\u00edfens no Excel<\/a><\/li>\n \t<li><a href=\"https:\/\/exceladvisor.org\/pt\/somente-leitura\/\">Tornar somente leitura no Excel<\/a><\/li>\n<\/ul>\n<\/div>\n<div class=\"wp-block-column is-layout-flow\">\n<ul>\n \t<li><a href=\"https:\/\/exceladvisor.org\/pt\/caixa-de-selecao\/\">Insira uma caixa de sele\u00e7\u00e3o no Excel<\/a><\/li>\n \t<li><a href=\"https:\/\/exceladvisor.org\/pt\/ferramenta-de-analise-rapida\/\">Ferramenta de an\u00e1lise r\u00e1pida no Excel<\/a><\/li>\n \t<li><a href=\"https:\/\/exceladvisor.org\/pt\/imprimir-titulos\/\">Imprimir t\u00edtulos no Excel<\/a><\/li>\n \t<li><a href=\"https:\/\/exceladvisor.org\/pt\/papel-grafico\/\">Imprimir papel milimetrado no Excel<\/a><\/li>\n \t<li><a href=\"https:\/\/exceladvisor.org\/pt\/renomear-a-tabela\/\">Renomear uma tabela no Excel<\/a><\/li>\n \t<li><a href=\"https:\/\/exceladvisor.org\/pt\/celulas-cinzentas\/\">C\u00e9lulas cinza no Excel<\/a><\/li>\n \t<li><a href=\"https:\/\/exceladvisor.org\/pt\/bloquear-celulas-1\/\">Bloquear c\u00e9lulas no Excel<\/a><\/li>\n \t<li><a href=\"https:\/\/exceladvisor.org\/pt\/desabilitar-salvamento-automatico\/\">Desative o salvamento autom\u00e1tico<\/a><\/li>\n<\/ul>\n<\/div>\n<\/div>\n<\/div>\n<\/div>\n<h3>LISTA DE F\u00d3RMULAS EXCEL<\/h3>\n<div class=\"wp-block-group more-tutorials is-layout-flow\">\n<div class=\"wp-block-group__inner-container\">\n<div class=\"wp-block-columns is-layout-flex wp-container-51\">\n<div class=\"wp-block-column is-layout-flow\">\n<ul>\n \t<li><a href=\"https:\/\/exceladvisor.org\/pt\/contantes-countif-ou-logico\/\">L\u00f3gica OR em COUNTIF<\/a><\/li>\n \t<li><a href=\"https:\/\/exceladvisor.org\/pt\/trimestre\/\">Trimestre a partir de uma data no Excel<\/a><\/li>\n \t<li><a href=\"https:\/\/exceladvisor.org\/pt\/contar-entre-dois-numeros\/\">Conte entre dois n\u00fameros<\/a><\/li>\n \t<li><a href=\"https:\/\/exceladvisor.org\/pt\/numero-de-celulas-vazias\/\">Conte c\u00e9lulas vazias no Excel<\/a><\/li>\n \t<li><a href=\"https:\/\/exceladvisor.org\/pt\/adicionar-subtrair-uma-porcentagem-de-um-numero\/\">Altera\u00e7\u00e3o percentual no Excel<\/a><\/li>\n \t<li><a href=\"https:\/\/exceladvisor.org\/pt\/mes-entre-duas-datas\/\">M\u00eas entre duas datas no Excel<\/a><\/li>\n \t<li><a href=\"https:\/\/exceladvisor.org\/pt\/sumif-ano-2\/\">Soma dos valores com base no ano<\/a><\/li>\n \t<li><a href=\"https:\/\/exceladvisor.org\/pt\/conte-as-palavras\/\">Conte palavras no Excel<\/a><\/li>\n<\/ul>\n<\/div>\n<div class=\"wp-block-column is-layout-flow\">\n<ul>\n \t<li><a href=\"https:\/\/exceladvisor.org\/pt\/calcular-diferenca-horaria\/\">Diferen\u00e7a hor\u00e1ria no Excel<\/a><\/li>\n \t<li><a href=\"https:\/\/exceladvisor.org\/pt\/concatenar-uma-quebra-de-linha\/\">Concatena\u00e7\u00e3o Excel com quebra de linha<\/a><\/li>\n \t<li><a href=\"https:\/\/exceladvisor.org\/pt\/carimbo-de-datahora\/\">Insira um carimbo de data\/hora no Excel<\/a><\/li>\n \t<li><a href=\"https:\/\/exceladvisor.org\/pt\/contar-caracteres-especificos\/\">Contar caracteres espec\u00edficos<\/a><\/li>\n \t<li><a href=\"https:\/\/exceladvisor.org\/pt\/comparar-duas-celulas\/\">Compare duas c\u00e9lulas no Excel<\/a><\/li>\n \t<li><a href=\"https:\/\/exceladvisor.org\/pt\/comece-com-2\/\">SE um valor de c\u00e9lula come\u00e7ar com<\/a><\/li>\n \t<li><a href=\"https:\/\/exceladvisor.org\/pt\/xlookup-todas-as-correspondencias-2\/\">Retornar todas as partidas<\/a><\/li>\n \t<li><a href=\"https:\/\/exceladvisor.org\/pt\/nome-do-mes-no-numero-2\/\">Converter o nome do m\u00eas em n\u00famero<\/a><\/li>\n<\/ul>\n<\/div>\n<\/div>\n<\/div>\n<\/div>\n<h3>OPERA\u00c7\u00d5ES MATEM\u00c1TICAS<\/h3>\n<div class=\"wp-block-group more-tutorials is-layout-flow\">\n<div class=\"wp-block-group__inner-container\">\n<div class=\"wp-block-columns is-layout-flex wp-container-51\">\n<div class=\"wp-block-column is-layout-flow\">\n<ul>\n \t<li><a href=\"https:\/\/exceladvisor.org\/pt\/enesima-raiz-2\/\">Calcule a en\u00e9sima raiz<\/a><\/li>\n \t<li><a href=\"https:\/\/exceladvisor.org\/pt\/porcentagem-redonda-2\/\">Porcentagem de valores redondos<\/a><\/li>\n \t<li><a href=\"https:\/\/exceladvisor.org\/pt\/a-media-exclui-zeros-2\/\">N\u00famero m\u00e9dio, mas exclui zeros<\/a><\/li>\n \t<li><a href=\"https:\/\/exceladvisor.org\/pt\/media-ponderada\/\">Calcule a m\u00e9dia ponderada<\/a><\/li>\n \t<li><a href=\"https:\/\/exceladvisor.org\/pt\/relatorio\/\">Calcule rapidamente a propor\u00e7\u00e3o<\/a><\/li>\n \t<li><a href=\"https:\/\/exceladvisor.org\/pt\/raiz-quadrada\/\">Calcular raiz quadrada no Excel<\/a><\/li>\n \t<li><a href=\"https:\/\/exceladvisor.org\/pt\/raiz-quadrada-2\/\">Calcular raiz c\u00fabica no Excel<\/a><\/li>\n<\/ul>\n<\/div>\n<div class=\"wp-block-column is-layout-flow\">\n<ul>\n \t<li><a href=\"https:\/\/exceladvisor.org\/pt\/coeficiente-de-variacao\/\">Calcule o coeficiente de varia\u00e7\u00e3o<\/a><\/li>\n \t<li><a href=\"https:\/\/exceladvisor.org\/pt\/media-de-celulas-nao-vazias-2\/\">M\u00e9dia de c\u00e9lulas n\u00e3o vazias<\/a><\/li>\n \t<li><a href=\"https:\/\/exceladvisor.org\/pt\/tempo-medio-2\/\">M\u00e9dia de valores de tempo<\/a><\/li>\n \t<li><a href=\"https:\/\/exceladvisor.org\/pt\/menor-valor-2\/\">Encontre o menor valor<\/a><\/li>\n \t<li><a href=\"https:\/\/exceladvisor.org\/pt\/numeros-mais-frequentes\/\">Obtenha o n\u00famero mais frequente<\/a><\/li>\n \t<li><a href=\"https:\/\/exceladvisor.org\/pt\/a-media-exclui-zeros-2\/\">N\u00famero m\u00e9dio, mas exclui zeros<\/a><\/li>\n \t<li><a href=\"https:\/\/exceladvisor.org\/pt\/diferenca-percentual\/\">Calcular a varia\u00e7\u00e3o percentual<\/a><\/li>\n<\/ul>\n<\/div>\n<\/div>\n<\/div>\n<\/div>\n<h3>VISUAL B\u00c1SICO PARA OPERA\u00c7\u00d5ES (VBA)<\/h3>\n<div class=\"wp-block-group more-tutorials is-layout-flow\">\n<div class=\"wp-block-group__inner-container\">\n<div class=\"wp-block-columns is-layout-flex wp-container-51\">\n<div class=\"wp-block-column is-layout-flow\">\n<ul>\n \t<li><a href=\"https:\/\/exceladvisor.org\/pt\/variaveis\/\">Vari\u00e1veis VBA<\/a><\/li>\n \t<li><a href=\"https:\/\/exceladvisor.org\/pt\/executar-uma-macro-2\/\">Execute uma macro via VBA<\/a><\/li>\n \t<li><a href=\"https:\/\/exceladvisor.org\/pt\/caixa-de-mensagens-vba\/\">Caixa de mensagem VBA (MsgBox)<\/a><\/li>\n \t<li><a href=\"https:\/\/exceladvisor.org\/pt\/conte-as-folhas\/\">COUNT planilhas usando VBA<\/a><\/li>\n \t<li><a href=\"https:\/\/exceladvisor.org\/pt\/celula-ativa-1\/\">Use ActiveCell em VBA<\/a><\/li>\n \t<li><a href=\"https:\/\/exceladvisor.org\/pt\/constantes\/\">VBA constante<\/a><\/li>\n \t<li><a href=\"https:\/\/exceladvisor.org\/pt\/va-para-1\/\">Declara\u00e7\u00e3o GoTo VBA<\/a><\/li>\n<\/ul>\n<\/div>\n<div class=\"wp-block-column is-layout-flow\">\n<ul>\n \t<li><a href=\"https:\/\/exceladvisor.org\/pt\/funcoes\/\">Principais fun\u00e7\u00f5es do VBA<\/a><\/li>\n \t<li><a href=\"https:\/\/exceladvisor.org\/pt\/gravar-uma-macro\/\">Grave uma macro via VBA<\/a><\/li>\n \t<li><a href=\"https:\/\/exceladvisor.org\/pt\/manipulacao-de-erros\/\">Tratamento de erros VBA<\/a><\/li>\n \t<li><a href=\"https:\/\/exceladvisor.org\/pt\/excluir-uma-planilha-1\/\">EXCLUIR planilhas usando VBA<\/a><\/li>\n \t<li><a href=\"https:\/\/exceladvisor.org\/pt\/faixa-usada\/\">Propriedade UsedRange em VBA<\/a><\/li>\n \t<li><a href=\"https:\/\/exceladvisor.org\/pt\/fraco\/\">Declara\u00e7\u00e3o Dim VBA<\/a><\/li>\n \t<li><a href=\"https:\/\/exceladvisor.org\/pt\/rotacoes\/\">Loops VBA<\/a><\/li>\n<\/ul>\n<\/div>\n<\/div>\n<\/div>\n<\/div>\n<h3>MATERIAIS EXCEL IMPORTANTES<\/h3>\n<div class=\"wp-block-group more-tutorials is-layout-flow\">\n<div class=\"wp-block-group__inner-container\">\n<div class=\"wp-block-columns is-layout-flex wp-container-51\">\n<div class=\"wp-block-column is-layout-flow\">\n<ul>\n \t<li><a href=\"https:\/\/exceladvisor.org\/pt\/atalhos-do-teclado\/\">Atalhos de teclado do Excel<\/a><\/li>\n \t<li><a href=\"https:\/\/exceladvisor.org\/pt\/modelo-de-gerenciamento-de-estoque-formularios-de-usuario-excel-vba\/\">Modelo de gerenciamento de estoque do Excel<\/a><\/li>\n \t<li><a href=\"https:\/\/exceladvisor.org\/pt\/tabela-dinamica-3\/\">Crie uma tabela din\u00e2mica<\/a><\/li>\n \t<li><a href=\"https:\/\/exceladvisor.org\/pt\/graficos-do-excel\/\">Tipos de gr\u00e1ficos no Excel<\/a><\/li>\n \t<li><a href=\"https:\/\/exceladvisor.org\/pt\/excel-para-contadores\/\">Excel para contadores<\/a><\/li>\n \t<li><a href=\"https:\/\/exceladvisor.org\/pt\/conselho\/\">\u00daltimas dicas e truques do Excel<\/a><\/li>\n<\/ul>\n<\/div>\n<div class=\"wp-block-column is-layout-flow\">\n<ul>\n \t<li><a href=\"https:\/\/exceladvisor.org\/pt\/relatorio-de-vendas\/\">Relat\u00f3rio de vendas em Excel<\/a><\/li>\n \t<li><a href=\"https:\/\/exceladvisor.org\/pt\/solicitacao-de-energia\/\">Tutorial de CONSULTA DE POT\u00caNCIA do Excel<\/a><\/li>\n \t<li><a href=\"https:\/\/exceladvisor.org\/pt\/concatenar-um-intervalo-de-celulas\/\">Concatenar um intervalo de c\u00e9lulas<\/a><\/li>\n \t<li><a href=\"https:\/\/exceladvisor.org\/pt\/formatacao-condicional\/\">Formata\u00e7\u00e3o condicional<\/a><\/li>\n \t<li><a href=\"https:\/\/exceladvisor.org\/pt\/adicione-ao-seu-curriculo\/\">Experi\u00eancia em CV em Excel<\/a><\/li>\n \t<li><a href=\"https:\/\/exceladvisor.org\/pt\/funcoes-do-excel\/\">V\u00e1rias fun\u00e7\u00f5es \u00fateis do Excel<\/a><\/li>\n<\/ul>\n<\/div>\n<\/div>\n<\/div>\n<\/div>\n","protected":false},"excerpt":{"rendered":"<p>Bem-vindo ao Excel Advisor O Microsoft Excel \u00e9 incrivelmente \u00fatil na vida di\u00e1ria para diversas tarefas. \u00c9 uma planilha vers\u00e1til que permite aos indiv\u00edduos organizar e gerenciar dados de forma eficaz. Desde a cria\u00e7\u00e3o de or\u00e7amentos, acompanhamento de despesas e gerenciamento de finan\u00e7as pessoais at\u00e9 a an\u00e1lise de dados de neg\u00f3cios, gera\u00e7\u00e3o de gr\u00e1ficos e [&hellip;]<\/p>\n","protected":false},"author":1,"featured_media":0,"parent":0,"menu_order":0,"comment_status":"closed","ping_status":"closed","template":"","meta":{"ub_ctt_via":"","footnotes":""},"class_list":["post-9","page","type-page","status-publish","hentry"],"featured_image_src":null,"yoast_head":"<!-- This site is optimized with the Yoast SEO plugin v25.4 - https:\/\/yoast.com\/wordpress\/plugins\/seo\/ -->\n<title>Excel Advisor - Seu guia para o dom\u00ednio de dados!<\/title>\n<meta name=\"description\" content=\"O Excel Advisor ajuda milhares de usu\u00e1rios a aprender Excel todos os meses usando algumas das dicas e truques mais \u00fateis,\" \/>\n<meta name=\"robots\" content=\"index, follow, max-snippet:-1, max-image-preview:large, max-video-preview:-1\" \/>\n<link rel=\"canonical\" href=\"https:\/\/exceladvisor.org\/pt\/\" \/>\n<meta property=\"og:locale\" content=\"pt_PT\" \/>\n<meta property=\"og:type\" content=\"article\" \/>\n<meta property=\"og:title\" content=\"Excel Advisor - Seu guia para o dom\u00ednio de dados!\" \/>\n<meta property=\"og:description\" content=\"O Excel Advisor ajuda milhares de usu\u00e1rios a aprender Excel todos os meses usando algumas das dicas e truques mais \u00fateis,\" \/>\n<meta property=\"og:url\" content=\"https:\/\/exceladvisor.org\/pt\/\" \/>\n<meta property=\"og:site_name\" content=\"Excel Advisor\" \/>\n<meta property=\"article:modified_time\" content=\"2023-12-13T12:43:43+00:00\" \/>\n<meta name=\"twitter:card\" content=\"summary_large_image\" \/>\n<meta name=\"twitter:label1\" content=\"Tempo estimado de leitura\" \/>\n\t<meta name=\"twitter:data1\" content=\"4 minutos\" \/>\n<script type=\"application\/ld+json\" class=\"yoast-schema-graph\">{\"@context\":\"https:\/\/schema.org\",\"@graph\":[{\"@type\":\"WebPage\",\"@id\":\"https:\/\/exceladvisor.org\/pt\/\",\"url\":\"https:\/\/exceladvisor.org\/pt\/\",\"name\":\"Excel Advisor - Seu guia para o dom\u00ednio de dados!\",\"isPartOf\":{\"@id\":\"https:\/\/exceladvisor.org\/pt\/#website\"},\"datePublished\":\"2023-11-25T01:04:18+00:00\",\"dateModified\":\"2023-12-13T12:43:43+00:00\",\"description\":\"O Excel Advisor ajuda milhares de usu\u00e1rios a aprender Excel todos os meses usando algumas das dicas e truques mais \u00fateis,\",\"inLanguage\":\"pt-PT\",\"potentialAction\":[{\"@type\":\"ReadAction\",\"target\":[\"https:\/\/exceladvisor.org\/pt\/\"]}]},{\"@type\":\"WebSite\",\"@id\":\"https:\/\/exceladvisor.org\/pt\/#website\",\"url\":\"https:\/\/exceladvisor.org\/pt\/\",\"name\":\"Excel Advisor\",\"description\":\"O seu guia definitivo para dominar os dados!\",\"publisher\":{\"@id\":\"https:\/\/exceladvisor.org\/pt\/#organization\"},\"potentialAction\":[{\"@type\":\"SearchAction\",\"target\":{\"@type\":\"EntryPoint\",\"urlTemplate\":\"https:\/\/exceladvisor.org\/pt\/?s={search_term_string}\"},\"query-input\":{\"@type\":\"PropertyValueSpecification\",\"valueRequired\":true,\"valueName\":\"search_term_string\"}}],\"inLanguage\":\"pt-PT\"},{\"@type\":\"Organization\",\"@id\":\"https:\/\/exceladvisor.org\/pt\/#organization\",\"name\":\"Excel Advisor\",\"url\":\"https:\/\/exceladvisor.org\/pt\/\",\"logo\":{\"@type\":\"ImageObject\",\"inLanguage\":\"pt-PT\",\"@id\":\"https:\/\/exceladvisor.org\/pt\/#\/schema\/logo\/image\/\",\"url\":\"https:\/\/exceladvisor.org\/pt\/wp-content\/uploads\/2023\/12\/exceladvisor.org_.png\",\"contentUrl\":\"https:\/\/exceladvisor.org\/pt\/wp-content\/uploads\/2023\/12\/exceladvisor.org_.png\",\"width\":105,\"height\":36,\"caption\":\"Excel Advisor\"},\"image\":{\"@id\":\"https:\/\/exceladvisor.org\/pt\/#\/schema\/logo\/image\/\"}}]}<\/script>\n<!-- \/ Yoast SEO plugin. -->","yoast_head_json":{"title":"Excel Advisor - Seu guia para o dom\u00ednio de dados!","description":"O Excel Advisor ajuda milhares de usu\u00e1rios a aprender Excel todos os meses usando algumas das dicas e truques mais \u00fateis,","robots":{"index":"index","follow":"follow","max-snippet":"max-snippet:-1","max-image-preview":"max-image-preview:large","max-video-preview":"max-video-preview:-1"},"canonical":"https:\/\/exceladvisor.org\/pt\/","og_locale":"pt_PT","og_type":"article","og_title":"Excel Advisor - Seu guia para o dom\u00ednio de dados!","og_description":"O Excel Advisor ajuda milhares de usu\u00e1rios a aprender Excel todos os meses usando algumas das dicas e truques mais \u00fateis,","og_url":"https:\/\/exceladvisor.org\/pt\/","og_site_name":"Excel Advisor","article_modified_time":"2023-12-13T12:43:43+00:00","twitter_card":"summary_large_image","twitter_misc":{"Tempo estimado de leitura":"4 minutos"},"schema":{"@context":"https:\/\/schema.org","@graph":[{"@type":"WebPage","@id":"https:\/\/exceladvisor.org\/pt\/","url":"https:\/\/exceladvisor.org\/pt\/","name":"Excel Advisor - Seu guia para o dom\u00ednio de dados!","isPartOf":{"@id":"https:\/\/exceladvisor.org\/pt\/#website"},"datePublished":"2023-11-25T01:04:18+00:00","dateModified":"2023-12-13T12:43:43+00:00","description":"O Excel Advisor ajuda milhares de usu\u00e1rios a aprender Excel todos os meses usando algumas das dicas e truques mais \u00fateis,","inLanguage":"pt-PT","potentialAction":[{"@type":"ReadAction","target":["https:\/\/exceladvisor.org\/pt\/"]}]},{"@type":"WebSite","@id":"https:\/\/exceladvisor.org\/pt\/#website","url":"https:\/\/exceladvisor.org\/pt\/","name":"Excel Advisor","description":"O seu guia definitivo para dominar os dados!","publisher":{"@id":"https:\/\/exceladvisor.org\/pt\/#organization"},"potentialAction":[{"@type":"SearchAction","target":{"@type":"EntryPoint","urlTemplate":"https:\/\/exceladvisor.org\/pt\/?s={search_term_string}"},"query-input":{"@type":"PropertyValueSpecification","valueRequired":true,"valueName":"search_term_string"}}],"inLanguage":"pt-PT"},{"@type":"Organization","@id":"https:\/\/exceladvisor.org\/pt\/#organization","name":"Excel Advisor","url":"https:\/\/exceladvisor.org\/pt\/","logo":{"@type":"ImageObject","inLanguage":"pt-PT","@id":"https:\/\/exceladvisor.org\/pt\/#\/schema\/logo\/image\/","url":"https:\/\/exceladvisor.org\/pt\/wp-content\/uploads\/2023\/12\/exceladvisor.org_.png","contentUrl":"https:\/\/exceladvisor.org\/pt\/wp-content\/uploads\/2023\/12\/exceladvisor.org_.png","width":105,"height":36,"caption":"Excel Advisor"},"image":{"@id":"https:\/\/exceladvisor.org\/pt\/#\/schema\/logo\/image\/"}}]}},"yoast_meta":{"yoast_wpseo_title":"","yoast_wpseo_metadesc":"","yoast_wpseo_canonical":""},"_links":{"self":[{"href":"https:\/\/exceladvisor.org\/pt\/wp-json\/wp\/v2\/pages\/9","targetHints":{"allow":["GET"]}}],"collection":[{"href":"https:\/\/exceladvisor.org\/pt\/wp-json\/wp\/v2\/pages"}],"about":[{"href":"https:\/\/exceladvisor.org\/pt\/wp-json\/wp\/v2\/types\/page"}],"author":[{"embeddable":true,"href":"https:\/\/exceladvisor.org\/pt\/wp-json\/wp\/v2\/users\/1"}],"replies":[{"embeddable":true,"href":"https:\/\/exceladvisor.org\/pt\/wp-json\/wp\/v2\/comments?post=9"}],"version-history":[{"count":3,"href":"https:\/\/exceladvisor.org\/pt\/wp-json\/wp\/v2\/pages\/9\/revisions"}],"predecessor-version":[{"id":1506,"href":"https:\/\/exceladvisor.org\/pt\/wp-json\/wp\/v2\/pages\/9\/revisions\/1506"}],"wp:attachment":[{"href":"https:\/\/exceladvisor.org\/pt\/wp-json\/wp\/v2\/media?parent=9"}],"curies":[{"name":"wp","href":"https:\/\/api.w.org\/{rel}","templated":true}]}}