{"id":90,"date":"2023-11-17T04:34:59","date_gmt":"2023-11-17T04:34:59","guid":{"rendered":"https:\/\/exceladvisor.org\/pt\/adicione-apenas-celulas-visiveis\/"},"modified":"2023-12-06T11:33:50","modified_gmt":"2023-12-06T11:33:50","slug":"adicione-apenas-celulas-visiveis","status":"publish","type":"page","link":"https:\/\/exceladvisor.org\/pt\/adicione-apenas-celulas-visiveis\/","title":{"rendered":"Como adicionar c\u00e9lulas filtradas no excel?"},"content":{"rendered":"<div class=\"excel-before-content-2\" id=\"excel-2710385114\"><script type=\"text\/javascript\">\r\n\tatOptions = {\r\n\t\t'key' : 'c1158f160081d6540a8409e6925dab94',\r\n\t\t'format' : 'iframe',\r\n\t\t'height' : 250,\r\n\t\t'width' : 300,\r\n\t\t'params' : {}\r\n\t};\r\n<\/script>\r\n<script type=\"text\/javascript\" src=\"\/\/www.highperformanceformat.com\/c1158f160081d6540a8409e6925dab94\/invoke.js\"><\/script><\/div><div class=\"excel-before-content\" id=\"excel-3414551064\"><script type=\"text\/javascript\">\r\n\tatOptions = {\r\n\t\t'key' : 'c1158f160081d6540a8409e6925dab94',\r\n\t\t'format' : 'iframe',\r\n\t\t'height' : 250,\r\n\t\t'width' : 300,\r\n\t\t'params' : {}\r\n\t};\r\n<\/script>\r\n<script type=\"text\/javascript\" src=\"\/\/www.highperformanceformat.com\/c1158f160081d6540a8409e6925dab94\/invoke.js\"><\/script><\/div> <p>Para somar valores apenas de c\u00e9lulas vis\u00edveis no Excel (ou seja, quando voc\u00ea aplicou um filtro), voc\u00ea precisa usar a fun\u00e7\u00e3o SUBTOTAL. Com esta fun\u00e7\u00e3o voc\u00ea pode consultar todo o intervalo, mas assim que voc\u00ea aplica um filtro, ele funciona de forma din\u00e2mica e exibe a soma apenas das c\u00e9lulas vis\u00edveis.<\/p><p> No exemplo a seguir temos uma lista de valores na coluna e quero criar uma f\u00f3rmula que possa me mostrar a soma toda vez que aplico um filtro na coluna. <\/p><div class=\"wp-block-image\"><figure class=\"aligncenter size-full is-resized\"><img loading=\"lazy\" decoding=\"async\" class=\"wp-image-67630\" src=\"https:\/\/exceladvisor.org\/wp-content\/uploads\/2023\/08\/1-liste-de-valeurs-2.png\" sizes=\"auto, \" srcset=\"\" alt=\"lista de valores\" width=\"429\" height=\"404\"><\/figure><\/div><h2 class=\"wp-block-heading\"> Use SUBTOTAL para somar apenas c\u00e9lulas de filtro<\/h2><ol type=\"1\"><li> Primeiro, na c\u00e9lula B1, insira a fun\u00e7\u00e3o SUBTOTAL.<\/li><li> Depois disso, no primeiro argumento digite 9 ou 109.<\/li><li> Ent\u00e3o, no segundo argumento, especifique o intervalo na coluna A, onde voc\u00ea tem o n\u00famero.<\/li><li> Ao final, insira os par\u00eanteses de fechamento e pressione Enter. <\/li><\/ol><div class=\"wp-block-image\"><figure class=\"aligncenter size-full is-resized\"><img loading=\"lazy\" decoding=\"async\" class=\"wp-image-67631\" src=\"https:\/\/exceladvisor.org\/wp-content\/uploads\/2023\/08\/2-sous-total-a-sommer.png\" sizes=\"auto, \" srcset=\"\" alt=\"subtotal para somar\" width=\"871\" height=\"261\"><\/figure><\/div><p> No instant\u00e2neo a seguir, ainda n\u00e3o apliquei o filtro e ele mostra a soma de todos os valores que tenho no intervalo. <\/p><div class=\"wp-block-image\"><figure class=\"aligncenter size-full is-resized\"><img loading=\"lazy\" decoding=\"async\" class=\"wp-image-67632\" src=\"https:\/\/exceladvisor.org\/wp-content\/uploads\/2023\/08\/3-resultat-de-sous-total.png\" sizes=\"auto, \" srcset=\"\" alt=\"resultado subtotal\" width=\"489\" height=\"277\"><\/figure><\/div><p> Agora, para testar esta fun\u00e7\u00e3o, voc\u00ea pode <a href=\"https:\/\/exceladvisor.org\/pt\/filtro-1\/\" data-wpil=\"url\">adicionar um filtro e aplic\u00e1-lo<\/a> . Ent\u00e3o vou selecionar 1, 2 e 3 no filtro. <\/p><div class=\"wp-block-image\"><figure class=\"aligncenter size-full is-resized\"><img loading=\"lazy\" decoding=\"async\" class=\"wp-image-67633\" src=\"https:\/\/exceladvisor.org\/wp-content\/uploads\/2023\/08\/4-ajouter-un-filtre.png\" sizes=\"auto, \" srcset=\"\" alt=\"adicionar filtro\" width=\"519\" height=\"453\"><\/figure><\/div><p> E no momento em que pressiono enter, mostra a soma apenas das c\u00e9lulas filtradas (vis\u00edveis). <\/p><div class=\"wp-block-image\"><figure class=\"aligncenter size-full is-resized\"><img loading=\"lazy\" decoding=\"async\" class=\"wp-image-67634\" src=\"https:\/\/exceladvisor.org\/wp-content\/uploads\/2023\/08\/5-somme-des-valeurs-filtrees.png\" sizes=\"auto, \" srcset=\"\" alt=\"soma dos valores filtrados\" width=\"505\" height=\"252\"><\/figure><\/div><p> Agora esta fun\u00e7\u00e3o \u00e9 din\u00e2mica e assim que voc\u00ea altera o filtro, o valor do resultado muda dependendo das c\u00e9lulas vis\u00edveis. <\/p><div class=\"wp-block-image\"><figure class=\"aligncenter size-full is-resized\"><img loading=\"lazy\" decoding=\"async\" class=\"wp-image-67635\" src=\"https:\/\/exceladvisor.org\/wp-content\/uploads\/2023\/08\/6-fonction-de-sous-total-dynamique.png\" sizes=\"auto, \" srcset=\"\" alt=\"fun\u00e7\u00e3o subtotal din\u00e2mica\" width=\"522\" height=\"355\"><\/figure><\/div><pre class=\"wp-block-code\"> <code class=\"language-excel-formula\" lang=\"excel-formula\">=SUBTOTAL(9,A2:A1001)<\/code><\/pre><div class=\"gb-container gb-container-52dfcee1 gb-container-sample-file\"><h2 class=\"gb-headline gb-headline-e289c143 gb-headline-text gb-headline-4f7959c2\"> Obtenha o arquivo Excel<\/h2> <a class=\"gb-button gb-button-e88d6bee gb-button-text gb-button-button1\" href=\"https:\/\/exceladvisor.org\/wp-content\/uploads\/2023\/11\/additionner-les-cellules-visibles.xlsx\" rel=\"nofollow\">Download<\/a><\/div><div class=\"gb-container gb-container-0df56012 gb-container-mt\"> <a class=\"gb-button gb-button-f9f432f4 gb-button-text gb-button-mt-button\" href=\"https:\/\/exceladvisor.org\/pt\/formulas\/\">Lista de f\u00f3rmulas do Excel<\/a><h2 class=\"gb-headline gb-headline-233444e8 gb-headline-text gb-headline-mt-heading\"> F\u00f3rmulas relacionadas <\/h2><div class=\"gb-grid-wrapper gb-grid-wrapper-a16fa65c gb-grid-wrapper-mt-grid\"><div class=\"gb-grid-column gb-grid-column-50d07e0d\"><div class=\"gb-container gb-container-50d07e0d\"><ul><li> <a href=\"https:\/\/exceladvisor.org\/pt\/adicione-a-coluna-inteira\/\">Adicione uma coluna ou linha inteira no Excel<\/a><\/li><li> <a href=\"https:\/\/exceladvisor.org\/pt\/adicionar-celulas-aleatorias\/\">Soma de c\u00e9lulas aleat\u00f3rias no Excel<\/a><\/li><li> <a href=\"https:\/\/exceladvisor.org\/pt\/linha-total\/\">Adicione uma linha total no Excel<\/a><\/li><li> <a href=\"https:\/\/exceladvisor.org\/pt\/soma-automatica-1\/\">Use rapidamente o AutoSoma no Excel<\/a> <\/li><\/ul><\/div><\/div><div class=\"gb-grid-column gb-grid-column-5b4a0cf9\"><div class=\"gb-container gb-container-5b4a0cf9\"><\/div><\/div><\/div><\/div>","protected":false},"excerpt":{"rendered":"","protected":false},"author":1,"featured_media":0,"parent":0,"menu_order":0,"comment_status":"open","ping_status":"closed","template":"","meta":{"ub_ctt_via":"","footnotes":""},"class_list":["post-90","page","type-page","status-publish","hentry"],"featured_image_src":null,"yoast_head":"<!-- This site is optimized with the Yoast SEO plugin v25.4 - https:\/\/yoast.com\/wordpress\/plugins\/seo\/ -->\n<title>\u25b7 Como adicionar c\u00e9lulas filtradas no Excel?<\/title>\n<meta name=\"description\" content=\"Neste tutorial de f\u00f3rmula aprenderemos como adicionar apenas as c\u00e9lulas vis\u00edveis, ou seja, as c\u00e9lulas filtradas.\" \/>\n<meta name=\"robots\" content=\"index, follow, max-snippet:-1, max-image-preview:large, max-video-preview:-1\" \/>\n<link rel=\"canonical\" href=\"https:\/\/exceladvisor.org\/pt\/adicione-apenas-celulas-visiveis\/\" \/>\n<meta property=\"og:locale\" content=\"pt_PT\" \/>\n<meta property=\"og:type\" content=\"article\" \/>\n<meta property=\"og:title\" content=\"\u25b7 Como adicionar c\u00e9lulas filtradas no Excel?\" \/>\n<meta property=\"og:description\" content=\"Neste tutorial de f\u00f3rmula aprenderemos como adicionar apenas as c\u00e9lulas vis\u00edveis, ou seja, as c\u00e9lulas filtradas.\" \/>\n<meta property=\"og:url\" content=\"https:\/\/exceladvisor.org\/pt\/adicione-apenas-celulas-visiveis\/\" \/>\n<meta property=\"og:site_name\" content=\"Excel Advisor\" \/>\n<meta property=\"article:modified_time\" content=\"2023-12-06T11:33:50+00:00\" \/>\n<meta property=\"og:image\" content=\"https:\/\/exceladvisor.org\/wp-content\/uploads\/2023\/08\/1-liste-de-valeurs-2.png\" \/>\n<meta name=\"twitter:card\" content=\"summary_large_image\" \/>\n<meta name=\"twitter:label1\" content=\"Tempo estimado de leitura\" \/>\n\t<meta name=\"twitter:data1\" content=\"1 minuto\" \/>\n<script type=\"application\/ld+json\" class=\"yoast-schema-graph\">{\"@context\":\"https:\/\/schema.org\",\"@graph\":[{\"@type\":\"WebPage\",\"@id\":\"https:\/\/exceladvisor.org\/pt\/adicione-apenas-celulas-visiveis\/\",\"url\":\"https:\/\/exceladvisor.org\/pt\/adicione-apenas-celulas-visiveis\/\",\"name\":\"\u25b7 Como adicionar c\u00e9lulas filtradas no Excel?\",\"isPartOf\":{\"@id\":\"https:\/\/exceladvisor.org\/pt\/#website\"},\"primaryImageOfPage\":{\"@id\":\"https:\/\/exceladvisor.org\/pt\/adicione-apenas-celulas-visiveis\/#primaryimage\"},\"image\":{\"@id\":\"https:\/\/exceladvisor.org\/pt\/adicione-apenas-celulas-visiveis\/#primaryimage\"},\"thumbnailUrl\":\"https:\/\/exceladvisor.org\/wp-content\/uploads\/2023\/08\/1-liste-de-valeurs-2.png\",\"datePublished\":\"2023-11-17T04:34:59+00:00\",\"dateModified\":\"2023-12-06T11:33:50+00:00\",\"description\":\"Neste tutorial de f\u00f3rmula aprenderemos como adicionar apenas as c\u00e9lulas vis\u00edveis, ou seja, as c\u00e9lulas filtradas.\",\"breadcrumb\":{\"@id\":\"https:\/\/exceladvisor.org\/pt\/adicione-apenas-celulas-visiveis\/#breadcrumb\"},\"inLanguage\":\"pt-PT\",\"potentialAction\":[{\"@type\":\"ReadAction\",\"target\":[\"https:\/\/exceladvisor.org\/pt\/adicione-apenas-celulas-visiveis\/\"]}]},{\"@type\":\"ImageObject\",\"inLanguage\":\"pt-PT\",\"@id\":\"https:\/\/exceladvisor.org\/pt\/adicione-apenas-celulas-visiveis\/#primaryimage\",\"url\":\"https:\/\/exceladvisor.org\/wp-content\/uploads\/2023\/08\/1-liste-de-valeurs-2.png\",\"contentUrl\":\"https:\/\/exceladvisor.org\/wp-content\/uploads\/2023\/08\/1-liste-de-valeurs-2.png\"},{\"@type\":\"BreadcrumbList\",\"@id\":\"https:\/\/exceladvisor.org\/pt\/adicione-apenas-celulas-visiveis\/#breadcrumb\",\"itemListElement\":[{\"@type\":\"ListItem\",\"position\":1,\"name\":\"Lar\",\"item\":\"https:\/\/exceladvisor.org\/pt\/\"},{\"@type\":\"ListItem\",\"position\":2,\"name\":\"Como adicionar c\u00e9lulas filtradas no excel?\"}]},{\"@type\":\"WebSite\",\"@id\":\"https:\/\/exceladvisor.org\/pt\/#website\",\"url\":\"https:\/\/exceladvisor.org\/pt\/\",\"name\":\"Excel Advisor\",\"description\":\"O seu guia definitivo para dominar os dados!\",\"publisher\":{\"@id\":\"https:\/\/exceladvisor.org\/pt\/#organization\"},\"potentialAction\":[{\"@type\":\"SearchAction\",\"target\":{\"@type\":\"EntryPoint\",\"urlTemplate\":\"https:\/\/exceladvisor.org\/pt\/?s={search_term_string}\"},\"query-input\":{\"@type\":\"PropertyValueSpecification\",\"valueRequired\":true,\"valueName\":\"search_term_string\"}}],\"inLanguage\":\"pt-PT\"},{\"@type\":\"Organization\",\"@id\":\"https:\/\/exceladvisor.org\/pt\/#organization\",\"name\":\"Excel Advisor\",\"url\":\"https:\/\/exceladvisor.org\/pt\/\",\"logo\":{\"@type\":\"ImageObject\",\"inLanguage\":\"pt-PT\",\"@id\":\"https:\/\/exceladvisor.org\/pt\/#\/schema\/logo\/image\/\",\"url\":\"https:\/\/exceladvisor.org\/pt\/wp-content\/uploads\/2023\/12\/exceladvisor.org_.png\",\"contentUrl\":\"https:\/\/exceladvisor.org\/pt\/wp-content\/uploads\/2023\/12\/exceladvisor.org_.png\",\"width\":105,\"height\":36,\"caption\":\"Excel Advisor\"},\"image\":{\"@id\":\"https:\/\/exceladvisor.org\/pt\/#\/schema\/logo\/image\/\"}}]}<\/script>\n<!-- \/ Yoast SEO plugin. -->","yoast_head_json":{"title":"\u25b7 Como adicionar c\u00e9lulas filtradas no Excel?","description":"Neste tutorial de f\u00f3rmula aprenderemos como adicionar apenas as c\u00e9lulas vis\u00edveis, ou seja, as c\u00e9lulas filtradas.","robots":{"index":"index","follow":"follow","max-snippet":"max-snippet:-1","max-image-preview":"max-image-preview:large","max-video-preview":"max-video-preview:-1"},"canonical":"https:\/\/exceladvisor.org\/pt\/adicione-apenas-celulas-visiveis\/","og_locale":"pt_PT","og_type":"article","og_title":"\u25b7 Como adicionar c\u00e9lulas filtradas no Excel?","og_description":"Neste tutorial de f\u00f3rmula aprenderemos como adicionar apenas as c\u00e9lulas vis\u00edveis, ou seja, as c\u00e9lulas filtradas.","og_url":"https:\/\/exceladvisor.org\/pt\/adicione-apenas-celulas-visiveis\/","og_site_name":"Excel Advisor","article_modified_time":"2023-12-06T11:33:50+00:00","og_image":[{"url":"https:\/\/exceladvisor.org\/wp-content\/uploads\/2023\/08\/1-liste-de-valeurs-2.png","type":"","width":"","height":""}],"twitter_card":"summary_large_image","twitter_misc":{"Tempo estimado de leitura":"1 minuto"},"schema":{"@context":"https:\/\/schema.org","@graph":[{"@type":"WebPage","@id":"https:\/\/exceladvisor.org\/pt\/adicione-apenas-celulas-visiveis\/","url":"https:\/\/exceladvisor.org\/pt\/adicione-apenas-celulas-visiveis\/","name":"\u25b7 Como adicionar c\u00e9lulas filtradas no Excel?","isPartOf":{"@id":"https:\/\/exceladvisor.org\/pt\/#website"},"primaryImageOfPage":{"@id":"https:\/\/exceladvisor.org\/pt\/adicione-apenas-celulas-visiveis\/#primaryimage"},"image":{"@id":"https:\/\/exceladvisor.org\/pt\/adicione-apenas-celulas-visiveis\/#primaryimage"},"thumbnailUrl":"https:\/\/exceladvisor.org\/wp-content\/uploads\/2023\/08\/1-liste-de-valeurs-2.png","datePublished":"2023-11-17T04:34:59+00:00","dateModified":"2023-12-06T11:33:50+00:00","description":"Neste tutorial de f\u00f3rmula aprenderemos como adicionar apenas as c\u00e9lulas vis\u00edveis, ou seja, as c\u00e9lulas filtradas.","breadcrumb":{"@id":"https:\/\/exceladvisor.org\/pt\/adicione-apenas-celulas-visiveis\/#breadcrumb"},"inLanguage":"pt-PT","potentialAction":[{"@type":"ReadAction","target":["https:\/\/exceladvisor.org\/pt\/adicione-apenas-celulas-visiveis\/"]}]},{"@type":"ImageObject","inLanguage":"pt-PT","@id":"https:\/\/exceladvisor.org\/pt\/adicione-apenas-celulas-visiveis\/#primaryimage","url":"https:\/\/exceladvisor.org\/wp-content\/uploads\/2023\/08\/1-liste-de-valeurs-2.png","contentUrl":"https:\/\/exceladvisor.org\/wp-content\/uploads\/2023\/08\/1-liste-de-valeurs-2.png"},{"@type":"BreadcrumbList","@id":"https:\/\/exceladvisor.org\/pt\/adicione-apenas-celulas-visiveis\/#breadcrumb","itemListElement":[{"@type":"ListItem","position":1,"name":"Lar","item":"https:\/\/exceladvisor.org\/pt\/"},{"@type":"ListItem","position":2,"name":"Como adicionar c\u00e9lulas filtradas no excel?"}]},{"@type":"WebSite","@id":"https:\/\/exceladvisor.org\/pt\/#website","url":"https:\/\/exceladvisor.org\/pt\/","name":"Excel Advisor","description":"O seu guia definitivo para dominar os dados!","publisher":{"@id":"https:\/\/exceladvisor.org\/pt\/#organization"},"potentialAction":[{"@type":"SearchAction","target":{"@type":"EntryPoint","urlTemplate":"https:\/\/exceladvisor.org\/pt\/?s={search_term_string}"},"query-input":{"@type":"PropertyValueSpecification","valueRequired":true,"valueName":"search_term_string"}}],"inLanguage":"pt-PT"},{"@type":"Organization","@id":"https:\/\/exceladvisor.org\/pt\/#organization","name":"Excel Advisor","url":"https:\/\/exceladvisor.org\/pt\/","logo":{"@type":"ImageObject","inLanguage":"pt-PT","@id":"https:\/\/exceladvisor.org\/pt\/#\/schema\/logo\/image\/","url":"https:\/\/exceladvisor.org\/pt\/wp-content\/uploads\/2023\/12\/exceladvisor.org_.png","contentUrl":"https:\/\/exceladvisor.org\/pt\/wp-content\/uploads\/2023\/12\/exceladvisor.org_.png","width":105,"height":36,"caption":"Excel Advisor"},"image":{"@id":"https:\/\/exceladvisor.org\/pt\/#\/schema\/logo\/image\/"}}]}},"yoast_meta":{"yoast_wpseo_title":"","yoast_wpseo_metadesc":"","yoast_wpseo_canonical":""},"_links":{"self":[{"href":"https:\/\/exceladvisor.org\/pt\/wp-json\/wp\/v2\/pages\/90","targetHints":{"allow":["GET"]}}],"collection":[{"href":"https:\/\/exceladvisor.org\/pt\/wp-json\/wp\/v2\/pages"}],"about":[{"href":"https:\/\/exceladvisor.org\/pt\/wp-json\/wp\/v2\/types\/page"}],"author":[{"embeddable":true,"href":"https:\/\/exceladvisor.org\/pt\/wp-json\/wp\/v2\/users\/1"}],"replies":[{"embeddable":true,"href":"https:\/\/exceladvisor.org\/pt\/wp-json\/wp\/v2\/comments?post=90"}],"version-history":[{"count":1,"href":"https:\/\/exceladvisor.org\/pt\/wp-json\/wp\/v2\/pages\/90\/revisions"}],"predecessor-version":[{"id":777,"href":"https:\/\/exceladvisor.org\/pt\/wp-json\/wp\/v2\/pages\/90\/revisions\/777"}],"wp:attachment":[{"href":"https:\/\/exceladvisor.org\/pt\/wp-json\/wp\/v2\/media?parent=90"}],"curies":[{"name":"wp","href":"https:\/\/api.w.org\/{rel}","templated":true}]}}