{"id":91,"date":"2023-11-17T04:23:08","date_gmt":"2023-11-17T04:23:08","guid":{"rendered":"https:\/\/exceladvisor.org\/pt\/numero-quadrado\/"},"modified":"2023-12-06T11:37:30","modified_gmt":"2023-12-06T11:37:30","slug":"numero-quadrado","status":"publish","type":"page","link":"https:\/\/exceladvisor.org\/pt\/numero-quadrado\/","title":{"rendered":"Como elevar ao quadrado um n\u00famero no excel?"},"content":{"rendered":"<div class=\"excel-before-content-2\" id=\"excel-66827911\"><script type=\"text\/javascript\">\r\n\tatOptions = {\r\n\t\t'key' : 'c1158f160081d6540a8409e6925dab94',\r\n\t\t'format' : 'iframe',\r\n\t\t'height' : 250,\r\n\t\t'width' : 300,\r\n\t\t'params' : {}\r\n\t};\r\n<\/script>\r\n<script type=\"text\/javascript\" src=\"\/\/www.highperformanceformat.com\/c1158f160081d6540a8409e6925dab94\/invoke.js\"><\/script><\/div><div class=\"excel-before-content\" id=\"excel-1729477717\"><script type=\"text\/javascript\">\r\n\tatOptions = {\r\n\t\t'key' : 'c1158f160081d6540a8409e6925dab94',\r\n\t\t'format' : 'iframe',\r\n\t\t'height' : 250,\r\n\t\t'width' : 300,\r\n\t\t'params' : {}\r\n\t};\r\n<\/script>\r\n<script type=\"text\/javascript\" src=\"\/\/www.highperformanceformat.com\/c1158f160081d6540a8409e6925dab94\/invoke.js\"><\/script><\/div> <p>Se voc\u00ea deseja elevar ao quadrado um n\u00famero no Excel, existem duas maneiras simples de seguir os m\u00e9todos, e ambos funcionam da mesma forma. Voc\u00ea precisa especificar o n\u00famero para o qual deseja calcular o quadrado e especificar 2 porque deseja calcular o quadrado.<\/p><p> Posteriormente neste tutorial, usaremos um exemplo para entend\u00ea-lo.<\/p><h2 class=\"wp-block-heading\"> Use POWER para calcular o quadrado<\/h2><ol type=\"1\"><li> Insira a fun\u00e7\u00e3o POWER na c\u00e9lula.<\/li><li> Consulte a c\u00e9lula onde voc\u00ea tem o n\u00famero para o qual precisa calcular o quadrado.<\/li><li> No segundo argumento, insira 2 porque voc\u00ea precisa aumentar a pot\u00eancia para 2.<\/li><li> Feche a fun\u00e7\u00e3o e pressione Enter. <\/li><\/ol><div class=\"wp-block-image\"><figure class=\"aligncenter size-full is-resized\"><img loading=\"lazy\" decoding=\"async\" class=\"wp-image-67624\" src=\"https:\/\/exceladvisor.org\/wp-content\/uploads\/2023\/08\/1-puissance-pour-calculer-le-carre.png\" sizes=\"auto, \" srcset=\"\" alt=\"pot\u00eancia para calcular ao quadrado\" width=\"537\" height=\"430\"><\/figure><\/div><p> No momento em que voc\u00ea precisa pressionar Enter, a fun\u00e7\u00e3o retorna o quadrado como voc\u00ea pode ver no exemplo acima.<\/p><h2 class=\"wp-block-heading\"> Usando o operador de pot\u00eancia (^)<\/h2><p> Da mesma forma, voc\u00ea tamb\u00e9m usa o operador de pot\u00eancia (^) para obter o quadrado de um n\u00famero no Excel. E neste m\u00e9todo voc\u00ea n\u00e3o precisa usar nenhuma fun\u00e7\u00e3o. Aqui est\u00e1 o m\u00e9todo:<\/p><ol type=\"1\"><li> Consulte a c\u00e9lula onde voc\u00ea tem um n\u00famero para o qual deseja calcular o quadrado.<\/li><li> Digite um ^ usando o teclado (voc\u00ea pode encontr\u00e1-lo na tecla num\u00e9rica 6).<\/li><li> Tipo 2, que diz ao Excel para aumentar sua pot\u00eancia para 2.<\/li><li> Pressione Enter para obter o resultado. <\/li><\/ol><div class=\"wp-block-image\"><figure class=\"aligncenter size-full is-resized\"><img loading=\"lazy\" decoding=\"async\" class=\"wp-image-67625\" src=\"https:\/\/exceladvisor.org\/wp-content\/uploads\/2023\/08\/2-operateur-de-puissance.png\" sizes=\"auto, \" srcset=\"\" alt=\"operador de energia\" width=\"414\" height=\"329\"><\/figure><\/div><p> Como eu disse, ambas as fun\u00e7\u00f5es funcionam da mesma forma e s\u00e3o bastante f\u00e1ceis de usar. Mas voc\u00ea pode escolher um de acordo com suas necessidades. <\/p><div class=\"gb-container gb-container-52dfcee1 gb-container-sample-file\"><h2 class=\"gb-headline gb-headline-e289c143 gb-headline-text gb-headline-4f7959c2\"> Obtenha o arquivo Excel<\/h2> <a class=\"gb-button gb-button-e88d6bee gb-button-text gb-button-button1\" href=\"https:\/\/exceladvisor.org\/wp-content\/uploads\/2023\/08\/mettre-un-nombre-au-carre.xlsx\" rel=\"nofollow\">Download<\/a><\/div><div class=\"gb-container gb-container-0df56012 gb-container-mt\"> <a class=\"gb-button gb-button-f9f432f4 gb-button-text gb-button-mt-button\" href=\"https:\/\/exceladvisor.org\/pt\/formulas\/\">Lista de f\u00f3rmulas do Excel<\/a><h2 class=\"gb-headline gb-headline-233444e8 gb-headline-text gb-headline-mt-heading\"> F\u00f3rmulas relacionadas <\/h2><div class=\"gb-grid-wrapper gb-grid-wrapper-a16fa65c gb-grid-wrapper-mt-grid\"><div class=\"gb-grid-column gb-grid-column-50d07e0d\"><div class=\"gb-container gb-container-50d07e0d\"><ul><li> Calcular raiz c\u00fabica no Excel<\/li><li> <a href=\"https:\/\/exceladvisor.org\/pt\/diferenca-percentual\/\">Calcule a varia\u00e7\u00e3o percentual (diferen\u00e7a) no Excel<\/a><\/li><li> <a href=\"https:\/\/exceladvisor.org\/pt\/raiz-quadrada\/\">Calcular raiz quadrada no Excel + inserir s\u00edmbolo<\/a><\/li><li> <a href=\"https:\/\/exceladvisor.org\/pt\/nao-e-igual\/\">N\u00e3o \u00e9 igual ao operador no Excel<\/a> <\/li><\/ul><\/div><\/div><div class=\"gb-grid-column gb-grid-column-5b4a0cf9\"><div class=\"gb-container gb-container-5b4a0cf9\"><\/div><\/div><\/div><\/div>","protected":false},"excerpt":{"rendered":"","protected":false},"author":1,"featured_media":0,"parent":0,"menu_order":0,"comment_status":"open","ping_status":"closed","template":"","meta":{"ub_ctt_via":"","footnotes":""},"class_list":["post-91","page","type-page","status-publish","hentry"],"featured_image_src":null,"yoast_head":"<!-- This site is optimized with the Yoast SEO plugin v25.4 - https:\/\/yoast.com\/wordpress\/plugins\/seo\/ -->\n<title>Como elevar ao quadrado um n\u00famero no Excel? - Consultor Excel<\/title>\n<meta name=\"description\" content=\"Neste tutorial de f\u00f3rmula, aprenderemos como elevar ao quadrado um n\u00famero no Excel, usando um m\u00e9todo simples e f\u00e1cil de seguir.\" \/>\n<meta name=\"robots\" content=\"index, follow, max-snippet:-1, max-image-preview:large, max-video-preview:-1\" \/>\n<link rel=\"canonical\" href=\"https:\/\/exceladvisor.org\/pt\/numero-quadrado\/\" \/>\n<meta property=\"og:locale\" content=\"pt_PT\" \/>\n<meta property=\"og:type\" content=\"article\" \/>\n<meta property=\"og:title\" content=\"Como elevar ao quadrado um n\u00famero no Excel? - Consultor Excel\" \/>\n<meta property=\"og:description\" content=\"Neste tutorial de f\u00f3rmula, aprenderemos como elevar ao quadrado um n\u00famero no Excel, usando um m\u00e9todo simples e f\u00e1cil de seguir.\" \/>\n<meta property=\"og:url\" content=\"https:\/\/exceladvisor.org\/pt\/numero-quadrado\/\" \/>\n<meta property=\"og:site_name\" content=\"Excel Advisor\" \/>\n<meta property=\"article:modified_time\" content=\"2023-12-06T11:37:30+00:00\" \/>\n<meta property=\"og:image\" content=\"https:\/\/exceladvisor.org\/wp-content\/uploads\/2023\/08\/1-puissance-pour-calculer-le-carre.png\" \/>\n<meta name=\"twitter:card\" content=\"summary_large_image\" \/>\n<meta name=\"twitter:label1\" content=\"Tempo estimado de leitura\" \/>\n\t<meta name=\"twitter:data1\" content=\"1 minuto\" \/>\n<script type=\"application\/ld+json\" class=\"yoast-schema-graph\">{\"@context\":\"https:\/\/schema.org\",\"@graph\":[{\"@type\":\"WebPage\",\"@id\":\"https:\/\/exceladvisor.org\/pt\/numero-quadrado\/\",\"url\":\"https:\/\/exceladvisor.org\/pt\/numero-quadrado\/\",\"name\":\"Como elevar ao quadrado um n\u00famero no Excel? - Consultor Excel\",\"isPartOf\":{\"@id\":\"https:\/\/exceladvisor.org\/pt\/#website\"},\"primaryImageOfPage\":{\"@id\":\"https:\/\/exceladvisor.org\/pt\/numero-quadrado\/#primaryimage\"},\"image\":{\"@id\":\"https:\/\/exceladvisor.org\/pt\/numero-quadrado\/#primaryimage\"},\"thumbnailUrl\":\"https:\/\/exceladvisor.org\/wp-content\/uploads\/2023\/08\/1-puissance-pour-calculer-le-carre.png\",\"datePublished\":\"2023-11-17T04:23:08+00:00\",\"dateModified\":\"2023-12-06T11:37:30+00:00\",\"description\":\"Neste tutorial de f\u00f3rmula, aprenderemos como elevar ao quadrado um n\u00famero no Excel, usando um m\u00e9todo simples e f\u00e1cil de seguir.\",\"breadcrumb\":{\"@id\":\"https:\/\/exceladvisor.org\/pt\/numero-quadrado\/#breadcrumb\"},\"inLanguage\":\"pt-PT\",\"potentialAction\":[{\"@type\":\"ReadAction\",\"target\":[\"https:\/\/exceladvisor.org\/pt\/numero-quadrado\/\"]}]},{\"@type\":\"ImageObject\",\"inLanguage\":\"pt-PT\",\"@id\":\"https:\/\/exceladvisor.org\/pt\/numero-quadrado\/#primaryimage\",\"url\":\"https:\/\/exceladvisor.org\/wp-content\/uploads\/2023\/08\/1-puissance-pour-calculer-le-carre.png\",\"contentUrl\":\"https:\/\/exceladvisor.org\/wp-content\/uploads\/2023\/08\/1-puissance-pour-calculer-le-carre.png\"},{\"@type\":\"BreadcrumbList\",\"@id\":\"https:\/\/exceladvisor.org\/pt\/numero-quadrado\/#breadcrumb\",\"itemListElement\":[{\"@type\":\"ListItem\",\"position\":1,\"name\":\"Lar\",\"item\":\"https:\/\/exceladvisor.org\/pt\/\"},{\"@type\":\"ListItem\",\"position\":2,\"name\":\"Como elevar ao quadrado um n\u00famero no excel?\"}]},{\"@type\":\"WebSite\",\"@id\":\"https:\/\/exceladvisor.org\/pt\/#website\",\"url\":\"https:\/\/exceladvisor.org\/pt\/\",\"name\":\"Excel Advisor\",\"description\":\"O seu guia definitivo para dominar os dados!\",\"publisher\":{\"@id\":\"https:\/\/exceladvisor.org\/pt\/#organization\"},\"potentialAction\":[{\"@type\":\"SearchAction\",\"target\":{\"@type\":\"EntryPoint\",\"urlTemplate\":\"https:\/\/exceladvisor.org\/pt\/?s={search_term_string}\"},\"query-input\":{\"@type\":\"PropertyValueSpecification\",\"valueRequired\":true,\"valueName\":\"search_term_string\"}}],\"inLanguage\":\"pt-PT\"},{\"@type\":\"Organization\",\"@id\":\"https:\/\/exceladvisor.org\/pt\/#organization\",\"name\":\"Excel Advisor\",\"url\":\"https:\/\/exceladvisor.org\/pt\/\",\"logo\":{\"@type\":\"ImageObject\",\"inLanguage\":\"pt-PT\",\"@id\":\"https:\/\/exceladvisor.org\/pt\/#\/schema\/logo\/image\/\",\"url\":\"https:\/\/exceladvisor.org\/pt\/wp-content\/uploads\/2023\/12\/exceladvisor.org_.png\",\"contentUrl\":\"https:\/\/exceladvisor.org\/pt\/wp-content\/uploads\/2023\/12\/exceladvisor.org_.png\",\"width\":105,\"height\":36,\"caption\":\"Excel Advisor\"},\"image\":{\"@id\":\"https:\/\/exceladvisor.org\/pt\/#\/schema\/logo\/image\/\"}}]}<\/script>\n<!-- \/ Yoast SEO plugin. -->","yoast_head_json":{"title":"Como elevar ao quadrado um n\u00famero no Excel? - Consultor Excel","description":"Neste tutorial de f\u00f3rmula, aprenderemos como elevar ao quadrado um n\u00famero no Excel, usando um m\u00e9todo simples e f\u00e1cil de seguir.","robots":{"index":"index","follow":"follow","max-snippet":"max-snippet:-1","max-image-preview":"max-image-preview:large","max-video-preview":"max-video-preview:-1"},"canonical":"https:\/\/exceladvisor.org\/pt\/numero-quadrado\/","og_locale":"pt_PT","og_type":"article","og_title":"Como elevar ao quadrado um n\u00famero no Excel? - Consultor Excel","og_description":"Neste tutorial de f\u00f3rmula, aprenderemos como elevar ao quadrado um n\u00famero no Excel, usando um m\u00e9todo simples e f\u00e1cil de seguir.","og_url":"https:\/\/exceladvisor.org\/pt\/numero-quadrado\/","og_site_name":"Excel Advisor","article_modified_time":"2023-12-06T11:37:30+00:00","og_image":[{"url":"https:\/\/exceladvisor.org\/wp-content\/uploads\/2023\/08\/1-puissance-pour-calculer-le-carre.png","type":"","width":"","height":""}],"twitter_card":"summary_large_image","twitter_misc":{"Tempo estimado de leitura":"1 minuto"},"schema":{"@context":"https:\/\/schema.org","@graph":[{"@type":"WebPage","@id":"https:\/\/exceladvisor.org\/pt\/numero-quadrado\/","url":"https:\/\/exceladvisor.org\/pt\/numero-quadrado\/","name":"Como elevar ao quadrado um n\u00famero no Excel? - Consultor Excel","isPartOf":{"@id":"https:\/\/exceladvisor.org\/pt\/#website"},"primaryImageOfPage":{"@id":"https:\/\/exceladvisor.org\/pt\/numero-quadrado\/#primaryimage"},"image":{"@id":"https:\/\/exceladvisor.org\/pt\/numero-quadrado\/#primaryimage"},"thumbnailUrl":"https:\/\/exceladvisor.org\/wp-content\/uploads\/2023\/08\/1-puissance-pour-calculer-le-carre.png","datePublished":"2023-11-17T04:23:08+00:00","dateModified":"2023-12-06T11:37:30+00:00","description":"Neste tutorial de f\u00f3rmula, aprenderemos como elevar ao quadrado um n\u00famero no Excel, usando um m\u00e9todo simples e f\u00e1cil de seguir.","breadcrumb":{"@id":"https:\/\/exceladvisor.org\/pt\/numero-quadrado\/#breadcrumb"},"inLanguage":"pt-PT","potentialAction":[{"@type":"ReadAction","target":["https:\/\/exceladvisor.org\/pt\/numero-quadrado\/"]}]},{"@type":"ImageObject","inLanguage":"pt-PT","@id":"https:\/\/exceladvisor.org\/pt\/numero-quadrado\/#primaryimage","url":"https:\/\/exceladvisor.org\/wp-content\/uploads\/2023\/08\/1-puissance-pour-calculer-le-carre.png","contentUrl":"https:\/\/exceladvisor.org\/wp-content\/uploads\/2023\/08\/1-puissance-pour-calculer-le-carre.png"},{"@type":"BreadcrumbList","@id":"https:\/\/exceladvisor.org\/pt\/numero-quadrado\/#breadcrumb","itemListElement":[{"@type":"ListItem","position":1,"name":"Lar","item":"https:\/\/exceladvisor.org\/pt\/"},{"@type":"ListItem","position":2,"name":"Como elevar ao quadrado um n\u00famero no excel?"}]},{"@type":"WebSite","@id":"https:\/\/exceladvisor.org\/pt\/#website","url":"https:\/\/exceladvisor.org\/pt\/","name":"Excel Advisor","description":"O seu guia definitivo para dominar os dados!","publisher":{"@id":"https:\/\/exceladvisor.org\/pt\/#organization"},"potentialAction":[{"@type":"SearchAction","target":{"@type":"EntryPoint","urlTemplate":"https:\/\/exceladvisor.org\/pt\/?s={search_term_string}"},"query-input":{"@type":"PropertyValueSpecification","valueRequired":true,"valueName":"search_term_string"}}],"inLanguage":"pt-PT"},{"@type":"Organization","@id":"https:\/\/exceladvisor.org\/pt\/#organization","name":"Excel Advisor","url":"https:\/\/exceladvisor.org\/pt\/","logo":{"@type":"ImageObject","inLanguage":"pt-PT","@id":"https:\/\/exceladvisor.org\/pt\/#\/schema\/logo\/image\/","url":"https:\/\/exceladvisor.org\/pt\/wp-content\/uploads\/2023\/12\/exceladvisor.org_.png","contentUrl":"https:\/\/exceladvisor.org\/pt\/wp-content\/uploads\/2023\/12\/exceladvisor.org_.png","width":105,"height":36,"caption":"Excel Advisor"},"image":{"@id":"https:\/\/exceladvisor.org\/pt\/#\/schema\/logo\/image\/"}}]}},"yoast_meta":{"yoast_wpseo_title":"","yoast_wpseo_metadesc":"","yoast_wpseo_canonical":""},"_links":{"self":[{"href":"https:\/\/exceladvisor.org\/pt\/wp-json\/wp\/v2\/pages\/91","targetHints":{"allow":["GET"]}}],"collection":[{"href":"https:\/\/exceladvisor.org\/pt\/wp-json\/wp\/v2\/pages"}],"about":[{"href":"https:\/\/exceladvisor.org\/pt\/wp-json\/wp\/v2\/types\/page"}],"author":[{"embeddable":true,"href":"https:\/\/exceladvisor.org\/pt\/wp-json\/wp\/v2\/users\/1"}],"replies":[{"embeddable":true,"href":"https:\/\/exceladvisor.org\/pt\/wp-json\/wp\/v2\/comments?post=91"}],"version-history":[{"count":1,"href":"https:\/\/exceladvisor.org\/pt\/wp-json\/wp\/v2\/pages\/91\/revisions"}],"predecessor-version":[{"id":1044,"href":"https:\/\/exceladvisor.org\/pt\/wp-json\/wp\/v2\/pages\/91\/revisions\/1044"}],"wp:attachment":[{"href":"https:\/\/exceladvisor.org\/pt\/wp-json\/wp\/v2\/media?parent=91"}],"curies":[{"name":"wp","href":"https:\/\/api.w.org\/{rel}","templated":true}]}}