{"id":92,"date":"2023-11-17T04:20:20","date_gmt":"2023-11-17T04:20:20","guid":{"rendered":"https:\/\/exceladvisor.org\/pt\/arquivo-aberto\/"},"modified":"2023-12-06T11:33:46","modified_gmt":"2023-12-06T11:33:46","slug":"arquivo-aberto","status":"publish","type":"page","link":"https:\/\/exceladvisor.org\/pt\/arquivo-aberto\/","title":{"rendered":"Como abrir uma pasta de trabalho em vba?"},"content":{"rendered":"<div class=\"excel-before-content-2\" id=\"excel-741368694\"><script type=\"text\/javascript\">\r\n\tatOptions = {\r\n\t\t'key' : 'c1158f160081d6540a8409e6925dab94',\r\n\t\t'format' : 'iframe',\r\n\t\t'height' : 250,\r\n\t\t'width' : 300,\r\n\t\t'params' : {}\r\n\t};\r\n<\/script>\r\n<script type=\"text\/javascript\" src=\"\/\/www.highperformanceformat.com\/c1158f160081d6540a8409e6925dab94\/invoke.js\"><\/script><\/div><div class=\"excel-before-content\" id=\"excel-3356856457\"><script type=\"text\/javascript\">\r\n\tatOptions = {\r\n\t\t'key' : 'c1158f160081d6540a8409e6925dab94',\r\n\t\t'format' : 'iframe',\r\n\t\t'height' : 250,\r\n\t\t'width' : 300,\r\n\t\t'params' : {}\r\n\t};\r\n<\/script>\r\n<script type=\"text\/javascript\" src=\"\/\/www.highperformanceformat.com\/c1158f160081d6540a8409e6925dab94\/invoke.js\"><\/script><\/div> <p>Para abrir uma pasta de trabalho usando VBA, voc\u00ea precisa usar o m\u00e9todo &#8220;Workbook.Open&#8221; e especificar o caminho do arquivo (certifique-se de especificar o caminho completo da pasta de trabalho com o nome e tipo do arquivo de extens\u00e3o). Este m\u00e9todo possui um total de quinze argumentos opcionais que voc\u00ea pode usar para processar diferentes tipos de arquivo.<\/p><p> Neste tutorial, exploraremos isso em detalhes e veremos um m\u00e9todo alternativo que voc\u00ea pode usar.<\/p><h2 class=\"wp-block-heading\"> Etapas para abrir uma pasta de trabalho usando VBA<\/h2><ol type=\"1\"><li> Para iniciar o c\u00f3digo, use o objeto \u201cWorkbooks\u201d.<\/li><li> Digite um ponto final (.) depois disso e selecione o m\u00e9todo Open na lista.<\/li><li> Especifique o caminho do arquivo no primeiro argumento e coloque-o entre aspas duplas.<\/li><li> No final, execute o c\u00f3digo para abrir a pasta de trabalho. <\/li><\/ol><div class=\"wp-block-image\"><figure class=\"aligncenter size-large is-resized\"><img loading=\"lazy\" decoding=\"async\" class=\"wp-image-53463\" src=\"https:\/\/exceladvisor.org\/wp-content\/uploads\/2023\/08\/ouvrir-un-classeur-avec-vba.png\" sizes=\"auto, \" srcset=\"\" alt=\"abra uma pasta de trabalho com vba\" width=\"586\" height=\"193\"><\/figure><\/div><pre class=\"wp-block-code\"> <code class=\"language-visual-basic\" lang=\"visual-basic\">Sub vba_open_workbook() Workbooks.Open \"C:UsersDellDesktopmyFile.xlsx\" End Sub<\/code><\/pre><p class=\"content-box-grey\"> <em>Links \u00fateis: <a href=\"https:\/\/exceladvisor.org\/pt\/executar-uma-macro-2\/\">Executar uma macro<\/a> \u2013 <a href=\"https:\/\/exceladvisor.org\/pt\/gravar-uma-macro\/\">Gravador de macro<\/a> \u2013 <a href=\"https:\/\/exceladvisor.org\/pt\/editor-visual-basico\/\">Editor Visual Basic<\/a> \u2013 <a href=\"https:\/\/exceladvisor.org\/pt\/caderno-macro-pessoal\/\">Manual pessoal de macros<\/a><\/em><\/p><h2 class=\"wp-block-heading\"> Pasta de trabalho.Sintaxe aberta<\/h2><p> Agora \u00e9 hora de examinar a sintaxe do m\u00e9todo que voc\u00ea acabou de usar no exemplo acima. Como mencionei, existem quinze argumentos que voc\u00ea pode usar:<\/p><pre class=\"wp-block-code\"> <code class=\"language-visual-basic\" lang=\"visual-basic\">expression.Open (FileName, UpdateLinks, _ ReadOnly, Format, Password, WriteResPassword, IgnoreReadOnlyRecommended, Origin, _ Delimiter, Editable, Notify, Converter, AddToMru, Local, CorruptLoad)<\/code><\/pre><p> Voc\u00ea n\u00e3o usar\u00e1 todos esses argumentos. Mas alguns deles s\u00e3o muito importantes e podem ser \u00fateis para voc\u00ea no mundo real.<\/p><h2 class=\"wp-block-heading\"> Abrindo uma pasta de trabalho protegida por senha<\/h2><p> Se quiser abrir uma pasta de trabalho protegida por senha, neste caso voc\u00ea pode especificar a senha com o argumento password.<\/p><p> Aqui tenho uma pasta de trabalho no desktop que possui a senha &#8220;test123&#8221; e agora quero abri-la e desproteg\u00ea-la ao mesmo tempo. Aqui est\u00e1 o c\u00f3digo que preciso usar.<\/p><pre class=\"wp-block-code\"> <code class=\"language-visual-basic\" lang=\"visual-basic\">Workbooks.Open \"C:UsersDellDesktopmyFile.xlsx\", , , Password:=\"test123\"<\/code><\/pre><h2 class=\"wp-block-heading\"> Abra uma pasta de trabalho somente leitura<\/h2><p> Ao abrir uma pasta de trabalho somente leitura, voc\u00ea n\u00e3o poder\u00e1 fazer altera\u00e7\u00f5es na mesma pasta de trabalho, mas dever\u00e1 salvar uma c\u00f3pia dela.<\/p><pre class=\"wp-block-code\"> <code class=\"language-visual-basic\" lang=\"visual-basic\">Workbooks.Open \"C:UsersDellDesktopFolder1.xlsx\", , True<\/code><\/pre><h2 class=\"wp-block-heading\"> Abra todas as pastas de trabalho em uma pasta<\/h2><pre class=\"wp-block-code\"> <code class=\"language-visual-basic\" lang=\"visual-basic\">Sub vba_open_multiple_workbooks_folder() Dim wb As Workbook Dim strFolder As String Dim strFile As String strFolder = \"C:UsersDellDesktopFolder\" strFile = Dir(strFolder &amp; \"*.xls*\") Do While strFile &lt;&gt; \"\" Set wb = Workbooks.Open(strFolder &amp; strFile) strFile = Dir Loop End Sub<\/code><\/pre><p> Para us\u00e1-lo conforme sua necessidade, certifique-se de alterar o caminho da pasta.<\/p><h2 class=\"wp-block-heading\"> Caixa de di\u00e1logo Abrir arquivo da pasta de trabalho<\/h2><pre class=\"wp-block-code\"> <code class=\"language-visual-basic\" lang=\"visual-basic\">Sub vba_open_dialog() Dim strFile As String strFile = Application.GetOpenFilename() Workbooks.Open (strFile) End Sub<\/code><\/pre><div class=\"gb-container gb-container-4db6181c gb-container-mt\"> <a class=\"gb-button gb-button-c5897111 gb-button-text gb-button-mt-button\" href=\"https:\/\/exceladvisor.org\/pt\/vba\/\">O que \u00e9 VBA<\/a><h2 class=\"gb-headline gb-headline-665e5f6b gb-headline-text gb-headline-mt-heading\"> Tutoriais relacionados <\/h2><div class=\"gb-grid-wrapper gb-grid-wrapper-a20baf7c gb-grid-wrapper-mt-grid\"><div class=\"gb-grid-column gb-grid-column-65ddf67e\"><div class=\"gb-container gb-container-65ddf67e\"><ul><li> <a href=\"https:\/\/exceladvisor.org\/pt\/copiar-arquivo-excel\/\">Copie um arquivo Excel (pasta de trabalho) usando VBA<\/a><\/li><li> <a href=\"https:\/\/exceladvisor.org\/pt\/ativar-pasta-de-trabalho\/\">Pasta de trabalho de ativa\u00e7\u00e3o do VBA (arquivo Excel)<\/a><\/li><li> <a href=\"https:\/\/exceladvisor.org\/pt\/feche-a-pasta-de-trabalho\/\">Fechar pasta de trabalho do VBA (arquivo Excel)<\/a><\/li><li> <a href=\"https:\/\/exceladvisor.org\/pt\/combinar-pastas-de-trabalho\/\">Combinar pastas de trabalho VBA (arquivos Excel)<\/a><\/li><li> <a href=\"https:\/\/exceladvisor.org\/pt\/criar-uma-pasta-de-trabalho\/\">VBA Crie uma nova pasta de trabalho (arquivo Excel)<\/a><\/li><\/ul><\/div><\/div><\/div><\/div>","protected":false},"excerpt":{"rendered":"","protected":false},"author":1,"featured_media":0,"parent":0,"menu_order":0,"comment_status":"open","ping_status":"closed","template":"","meta":{"ub_ctt_via":"","footnotes":""},"class_list":["post-92","page","type-page","status-publish","hentry"],"featured_image_src":null,"yoast_head":"<!-- This site is optimized with the Yoast SEO plugin v25.4 - https:\/\/yoast.com\/wordpress\/plugins\/seo\/ -->\n<title>\u25b7 Como abrir uma pasta de trabalho usando VBA no Excel?<\/title>\n<meta name=\"description\" content=\"Este tutorial mostra como abrir um arquivo Excel (pasta de trabalho) salvo em seu sistema em uma pasta espec\u00edfica.\" \/>\n<meta name=\"robots\" content=\"index, follow, max-snippet:-1, max-image-preview:large, max-video-preview:-1\" \/>\n<link rel=\"canonical\" href=\"https:\/\/exceladvisor.org\/pt\/arquivo-aberto\/\" \/>\n<meta property=\"og:locale\" content=\"pt_PT\" \/>\n<meta property=\"og:type\" content=\"article\" \/>\n<meta property=\"og:title\" content=\"\u25b7 Como abrir uma pasta de trabalho usando VBA no Excel?\" \/>\n<meta property=\"og:description\" content=\"Este tutorial mostra como abrir um arquivo Excel (pasta de trabalho) salvo em seu sistema em uma pasta espec\u00edfica.\" \/>\n<meta property=\"og:url\" content=\"https:\/\/exceladvisor.org\/pt\/arquivo-aberto\/\" \/>\n<meta property=\"og:site_name\" content=\"Excel Advisor\" \/>\n<meta property=\"article:modified_time\" content=\"2023-12-06T11:33:46+00:00\" \/>\n<meta property=\"og:image\" content=\"https:\/\/exceladvisor.org\/wp-content\/uploads\/2023\/08\/ouvrir-un-classeur-avec-vba.png\" \/>\n<meta name=\"twitter:card\" content=\"summary_large_image\" \/>\n<meta name=\"twitter:label1\" content=\"Tempo estimado de leitura\" \/>\n\t<meta name=\"twitter:data1\" content=\"2 minutos\" \/>\n<script type=\"application\/ld+json\" class=\"yoast-schema-graph\">{\"@context\":\"https:\/\/schema.org\",\"@graph\":[{\"@type\":\"WebPage\",\"@id\":\"https:\/\/exceladvisor.org\/pt\/arquivo-aberto\/\",\"url\":\"https:\/\/exceladvisor.org\/pt\/arquivo-aberto\/\",\"name\":\"\u25b7 Como abrir uma pasta de trabalho usando VBA no Excel?\",\"isPartOf\":{\"@id\":\"https:\/\/exceladvisor.org\/pt\/#website\"},\"primaryImageOfPage\":{\"@id\":\"https:\/\/exceladvisor.org\/pt\/arquivo-aberto\/#primaryimage\"},\"image\":{\"@id\":\"https:\/\/exceladvisor.org\/pt\/arquivo-aberto\/#primaryimage\"},\"thumbnailUrl\":\"https:\/\/exceladvisor.org\/wp-content\/uploads\/2023\/08\/ouvrir-un-classeur-avec-vba.png\",\"datePublished\":\"2023-11-17T04:20:20+00:00\",\"dateModified\":\"2023-12-06T11:33:46+00:00\",\"description\":\"Este tutorial mostra como abrir um arquivo Excel (pasta de trabalho) salvo em seu sistema em uma pasta espec\u00edfica.\",\"breadcrumb\":{\"@id\":\"https:\/\/exceladvisor.org\/pt\/arquivo-aberto\/#breadcrumb\"},\"inLanguage\":\"pt-PT\",\"potentialAction\":[{\"@type\":\"ReadAction\",\"target\":[\"https:\/\/exceladvisor.org\/pt\/arquivo-aberto\/\"]}]},{\"@type\":\"ImageObject\",\"inLanguage\":\"pt-PT\",\"@id\":\"https:\/\/exceladvisor.org\/pt\/arquivo-aberto\/#primaryimage\",\"url\":\"https:\/\/exceladvisor.org\/wp-content\/uploads\/2023\/08\/ouvrir-un-classeur-avec-vba.png\",\"contentUrl\":\"https:\/\/exceladvisor.org\/wp-content\/uploads\/2023\/08\/ouvrir-un-classeur-avec-vba.png\"},{\"@type\":\"BreadcrumbList\",\"@id\":\"https:\/\/exceladvisor.org\/pt\/arquivo-aberto\/#breadcrumb\",\"itemListElement\":[{\"@type\":\"ListItem\",\"position\":1,\"name\":\"Lar\",\"item\":\"https:\/\/exceladvisor.org\/pt\/\"},{\"@type\":\"ListItem\",\"position\":2,\"name\":\"Como abrir uma pasta de trabalho em vba?\"}]},{\"@type\":\"WebSite\",\"@id\":\"https:\/\/exceladvisor.org\/pt\/#website\",\"url\":\"https:\/\/exceladvisor.org\/pt\/\",\"name\":\"Excel Advisor\",\"description\":\"O seu guia definitivo para dominar os dados!\",\"publisher\":{\"@id\":\"https:\/\/exceladvisor.org\/pt\/#organization\"},\"potentialAction\":[{\"@type\":\"SearchAction\",\"target\":{\"@type\":\"EntryPoint\",\"urlTemplate\":\"https:\/\/exceladvisor.org\/pt\/?s={search_term_string}\"},\"query-input\":{\"@type\":\"PropertyValueSpecification\",\"valueRequired\":true,\"valueName\":\"search_term_string\"}}],\"inLanguage\":\"pt-PT\"},{\"@type\":\"Organization\",\"@id\":\"https:\/\/exceladvisor.org\/pt\/#organization\",\"name\":\"Excel Advisor\",\"url\":\"https:\/\/exceladvisor.org\/pt\/\",\"logo\":{\"@type\":\"ImageObject\",\"inLanguage\":\"pt-PT\",\"@id\":\"https:\/\/exceladvisor.org\/pt\/#\/schema\/logo\/image\/\",\"url\":\"https:\/\/exceladvisor.org\/pt\/wp-content\/uploads\/2023\/12\/exceladvisor.org_.png\",\"contentUrl\":\"https:\/\/exceladvisor.org\/pt\/wp-content\/uploads\/2023\/12\/exceladvisor.org_.png\",\"width\":105,\"height\":36,\"caption\":\"Excel Advisor\"},\"image\":{\"@id\":\"https:\/\/exceladvisor.org\/pt\/#\/schema\/logo\/image\/\"}}]}<\/script>\n<!-- \/ Yoast SEO plugin. -->","yoast_head_json":{"title":"\u25b7 Como abrir uma pasta de trabalho usando VBA no Excel?","description":"Este tutorial mostra como abrir um arquivo Excel (pasta de trabalho) salvo em seu sistema em uma pasta espec\u00edfica.","robots":{"index":"index","follow":"follow","max-snippet":"max-snippet:-1","max-image-preview":"max-image-preview:large","max-video-preview":"max-video-preview:-1"},"canonical":"https:\/\/exceladvisor.org\/pt\/arquivo-aberto\/","og_locale":"pt_PT","og_type":"article","og_title":"\u25b7 Como abrir uma pasta de trabalho usando VBA no Excel?","og_description":"Este tutorial mostra como abrir um arquivo Excel (pasta de trabalho) salvo em seu sistema em uma pasta espec\u00edfica.","og_url":"https:\/\/exceladvisor.org\/pt\/arquivo-aberto\/","og_site_name":"Excel Advisor","article_modified_time":"2023-12-06T11:33:46+00:00","og_image":[{"url":"https:\/\/exceladvisor.org\/wp-content\/uploads\/2023\/08\/ouvrir-un-classeur-avec-vba.png","type":"","width":"","height":""}],"twitter_card":"summary_large_image","twitter_misc":{"Tempo estimado de leitura":"2 minutos"},"schema":{"@context":"https:\/\/schema.org","@graph":[{"@type":"WebPage","@id":"https:\/\/exceladvisor.org\/pt\/arquivo-aberto\/","url":"https:\/\/exceladvisor.org\/pt\/arquivo-aberto\/","name":"\u25b7 Como abrir uma pasta de trabalho usando VBA no Excel?","isPartOf":{"@id":"https:\/\/exceladvisor.org\/pt\/#website"},"primaryImageOfPage":{"@id":"https:\/\/exceladvisor.org\/pt\/arquivo-aberto\/#primaryimage"},"image":{"@id":"https:\/\/exceladvisor.org\/pt\/arquivo-aberto\/#primaryimage"},"thumbnailUrl":"https:\/\/exceladvisor.org\/wp-content\/uploads\/2023\/08\/ouvrir-un-classeur-avec-vba.png","datePublished":"2023-11-17T04:20:20+00:00","dateModified":"2023-12-06T11:33:46+00:00","description":"Este tutorial mostra como abrir um arquivo Excel (pasta de trabalho) salvo em seu sistema em uma pasta espec\u00edfica.","breadcrumb":{"@id":"https:\/\/exceladvisor.org\/pt\/arquivo-aberto\/#breadcrumb"},"inLanguage":"pt-PT","potentialAction":[{"@type":"ReadAction","target":["https:\/\/exceladvisor.org\/pt\/arquivo-aberto\/"]}]},{"@type":"ImageObject","inLanguage":"pt-PT","@id":"https:\/\/exceladvisor.org\/pt\/arquivo-aberto\/#primaryimage","url":"https:\/\/exceladvisor.org\/wp-content\/uploads\/2023\/08\/ouvrir-un-classeur-avec-vba.png","contentUrl":"https:\/\/exceladvisor.org\/wp-content\/uploads\/2023\/08\/ouvrir-un-classeur-avec-vba.png"},{"@type":"BreadcrumbList","@id":"https:\/\/exceladvisor.org\/pt\/arquivo-aberto\/#breadcrumb","itemListElement":[{"@type":"ListItem","position":1,"name":"Lar","item":"https:\/\/exceladvisor.org\/pt\/"},{"@type":"ListItem","position":2,"name":"Como abrir uma pasta de trabalho em vba?"}]},{"@type":"WebSite","@id":"https:\/\/exceladvisor.org\/pt\/#website","url":"https:\/\/exceladvisor.org\/pt\/","name":"Excel Advisor","description":"O seu guia definitivo para dominar os dados!","publisher":{"@id":"https:\/\/exceladvisor.org\/pt\/#organization"},"potentialAction":[{"@type":"SearchAction","target":{"@type":"EntryPoint","urlTemplate":"https:\/\/exceladvisor.org\/pt\/?s={search_term_string}"},"query-input":{"@type":"PropertyValueSpecification","valueRequired":true,"valueName":"search_term_string"}}],"inLanguage":"pt-PT"},{"@type":"Organization","@id":"https:\/\/exceladvisor.org\/pt\/#organization","name":"Excel Advisor","url":"https:\/\/exceladvisor.org\/pt\/","logo":{"@type":"ImageObject","inLanguage":"pt-PT","@id":"https:\/\/exceladvisor.org\/pt\/#\/schema\/logo\/image\/","url":"https:\/\/exceladvisor.org\/pt\/wp-content\/uploads\/2023\/12\/exceladvisor.org_.png","contentUrl":"https:\/\/exceladvisor.org\/pt\/wp-content\/uploads\/2023\/12\/exceladvisor.org_.png","width":105,"height":36,"caption":"Excel Advisor"},"image":{"@id":"https:\/\/exceladvisor.org\/pt\/#\/schema\/logo\/image\/"}}]}},"yoast_meta":{"yoast_wpseo_title":"","yoast_wpseo_metadesc":"","yoast_wpseo_canonical":""},"_links":{"self":[{"href":"https:\/\/exceladvisor.org\/pt\/wp-json\/wp\/v2\/pages\/92","targetHints":{"allow":["GET"]}}],"collection":[{"href":"https:\/\/exceladvisor.org\/pt\/wp-json\/wp\/v2\/pages"}],"about":[{"href":"https:\/\/exceladvisor.org\/pt\/wp-json\/wp\/v2\/types\/page"}],"author":[{"embeddable":true,"href":"https:\/\/exceladvisor.org\/pt\/wp-json\/wp\/v2\/users\/1"}],"replies":[{"embeddable":true,"href":"https:\/\/exceladvisor.org\/pt\/wp-json\/wp\/v2\/comments?post=92"}],"version-history":[{"count":1,"href":"https:\/\/exceladvisor.org\/pt\/wp-json\/wp\/v2\/pages\/92\/revisions"}],"predecessor-version":[{"id":771,"href":"https:\/\/exceladvisor.org\/pt\/wp-json\/wp\/v2\/pages\/92\/revisions\/771"}],"wp:attachment":[{"href":"https:\/\/exceladvisor.org\/pt\/wp-json\/wp\/v2\/media?parent=92"}],"curies":[{"name":"wp","href":"https:\/\/api.w.org\/{rel}","templated":true}]}}