{"id":94,"date":"2023-11-16T16:54:08","date_gmt":"2023-11-16T16:54:08","guid":{"rendered":"https:\/\/exceladvisor.org\/pt\/numeros-negativos-vermelhos\/"},"modified":"2023-12-06T11:37:13","modified_gmt":"2023-12-06T11:37:13","slug":"numeros-negativos-vermelhos","status":"publish","type":"page","link":"https:\/\/exceladvisor.org\/pt\/numeros-negativos-vermelhos\/","title":{"rendered":"Como deixar n\u00fameros negativos vermelhos no excel?"},"content":{"rendered":"<div class=\"excel-before-content-2\" id=\"excel-4027825288\"><script type=\"text\/javascript\">\r\n\tatOptions = {\r\n\t\t'key' : 'c1158f160081d6540a8409e6925dab94',\r\n\t\t'format' : 'iframe',\r\n\t\t'height' : 250,\r\n\t\t'width' : 300,\r\n\t\t'params' : {}\r\n\t};\r\n<\/script>\r\n<script type=\"text\/javascript\" src=\"\/\/www.highperformanceformat.com\/c1158f160081d6540a8409e6925dab94\/invoke.js\"><\/script><\/div><div class=\"excel-before-content\" id=\"excel-1127204766\"><script type=\"text\/javascript\">\r\n\tatOptions = {\r\n\t\t'key' : 'c1158f160081d6540a8409e6925dab94',\r\n\t\t'format' : 'iframe',\r\n\t\t'height' : 250,\r\n\t\t'width' : 300,\r\n\t\t'params' : {}\r\n\t};\r\n<\/script>\r\n<script type=\"text\/javascript\" src=\"\/\/www.highperformanceformat.com\/c1158f160081d6540a8409e6925dab94\/invoke.js\"><\/script><\/div> <p>No Excel, ao trabalhar com grandes conjuntos de dados ou com um longo conjunto de n\u00fameros, torna-se dif\u00edcil para qualquer pessoa encontrar os n\u00fameros negativos com facilidade e rapidez.<\/p><p> Assim, torna-se importante destacar os n\u00fameros negativos em vermelho para que qualquer pessoa possa localiz\u00e1-los e l\u00ea-los com facilidade e rapidez.<\/p><p> O Excel tem a op\u00e7\u00e3o de destacar n\u00fameros negativos em vermelho ou em qualquer outra cor que voc\u00ea desejar e \u00e9 um processo muito r\u00e1pido e leva menos de um ou dois minutos.<\/p><p> Mencionamos algumas etapas r\u00e1pidas e f\u00e1ceis para tornar os n\u00fameros negativos vermelhos no Excel.<\/p><h2 class=\"wp-block-heading\"> Torne os n\u00fameros negativos vermelhos usando formata\u00e7\u00e3o condicional<\/h2><ol><li> Primeiro, selecione as c\u00e9lulas ou intervalo com os n\u00fameros, v\u00e1 para a guia \u201cP\u00e1gina inicial\u201d e clique no \u00edcone suspenso \u201cFormata\u00e7\u00e3o condicional\u201d.<\/li><li> Depois disso, clique na op\u00e7\u00e3o \u201cDestacar regras de c\u00e9lula\u201d e selecione a op\u00e7\u00e3o \u201cMenos que\u201d da lista. <br><img loading=\"lazy\" decoding=\"async\" title=\"1-n\u00fameros vermelhos negativos usando formata\u00e7\u00e3o condicional\" src=\"https:\/\/exceladvisor.org\/wp-content\/uploads\/2023\/08\/1-nombres-negatifs-rouges-en-utilisant-la-mise-en-forme-conditionnelle.png\" sizes=\"auto, \" srcset=\"\" alt=\"negative-numbers-red-using-conditional-formatting\" width=\"648\" height=\"362\"><\/li><li> Depois de selecionar a op\u00e7\u00e3o \u201cMenos que\u201d, a janela \u201cMenos que\u201d ser\u00e1 aberta.<\/li><li> Agora digite 0 (zero) no campo \u201cFormatar c\u00e9lulas menores que\u201d e voc\u00ea obter\u00e1 os n\u00fameros negativos destacados em vermelho.<\/li><li> No final, clique em OK. <br><img loading=\"lazy\" decoding=\"async\" title=\"Formatando 2-menor que valor\" src=\"https:\/\/exceladvisor.org\/wp-content\/uploads\/2023\/08\/2-format-inferieur-a-la-valeur.png\" sizes=\"auto, \" srcset=\"\" alt=\"less-than-value-formatting\" width=\"540\" height=\"317\"><\/li><li> Para alterar a cor da formata\u00e7\u00e3o, selecione o \u00edcone suspenso \u00e0 direita, selecione a cor desejada e clique em OK. <br><img loading=\"lazy\" decoding=\"async\" title=\"3 cores para formata\u00e7\u00e3o condicional\" src=\"https:\/\/exceladvisor.org\/wp-content\/uploads\/2023\/08\/3-couleurs-pour-la-mise-en-forme-conditionnelle.png\" sizes=\"auto, \" srcset=\"\" alt=\"color-for-conditional-formatting\" width=\"559\" height=\"338\"><\/li><\/ol><h2 class=\"wp-block-heading\"> Torne os n\u00fameros negativos vermelhos usando o formato num\u00e9rico<\/h2><ol><li> Primeiro, selecione as c\u00e9lulas ou intervalo com os n\u00fameros e v\u00e1 at\u00e9 a aba \u201cHome\u201d, a seguir clique no inicializador da caixa de di\u00e1logo do grupo \u201cN\u00famero\u201d.<\/li><li> Depois de clicar no iniciador de di\u00e1logo, a janela \u201cFormatar c\u00e9lulas\u201d \u00e9 aberta.<\/li><li> Agora selecione a aba \u201cN\u00famero\u201d e em \u201cCategoria\u201d selecione a op\u00e7\u00e3o \u201cN\u00famero\u201d e a seguir selecione a \u00faltima op\u00e7\u00e3o negativa vermelha.<\/li><li> No final, clique em OK e voc\u00ea ver\u00e1 os n\u00fameros negativos destacados em vermelho. <\/li><\/ol><div class=\"wp-block-image\"><figure class=\"aligncenter size-full is-resized\"><img loading=\"lazy\" decoding=\"async\" class=\"wp-image-65953\" src=\"https:\/\/exceladvisor.org\/wp-content\/uploads\/2023\/08\/4-nombres-negatifs-rouges-en-utilisant-le-format-numerique.png\" sizes=\"auto, \" srcset=\"\" alt=\"n\u00fameros vermelhos negativos usando formato num\u00e9rico\" width=\"576\" height=\"459\"><\/figure><\/div><p> Caso queira os n\u00fameros com duas ou mais casas decimais ou sem valores decimais, clique nas setas suspensas \u201cCasas decimais\u201d na janela \u201cFormatar c\u00e9lulas\u201d para aument\u00e1-lo para dois (2) ou mais valores ou zero (0 ). ) sem valor decimal. <\/p><div class=\"wp-block-image\"><figure class=\"aligncenter size-full is-resized\"><img loading=\"lazy\" decoding=\"async\" class=\"wp-image-65954\" src=\"https:\/\/exceladvisor.org\/wp-content\/uploads\/2023\/08\/5-augmenter-diminuer-les-valeurs-decimales.png\" sizes=\"auto, \" srcset=\"\" alt=\"aumentar-diminuir-valores decimais\" width=\"481\" height=\"263\"><\/figure><\/div><h2 class=\"wp-block-heading\"> Torne os n\u00fameros negativos vermelhos usando um formato personalizado<\/h2><ol><li> Primeiro, selecione as c\u00e9lulas ou intervalo com os n\u00fameros e v\u00e1 at\u00e9 a aba \u201cHome\u201d, a seguir clique no inicializador da caixa de di\u00e1logo do grupo \u201cN\u00famero\u201d.<\/li><li> Depois de clicar no iniciador de di\u00e1logo, a janela \u201cFormatar c\u00e9lulas\u201d \u00e9 aberta.<\/li><li> Depois disso, selecione a aba \u201cN\u00famero\u201d e selecione a op\u00e7\u00e3o \u201cPersonalizado\u201d em \u201cCategoria\u201d.<ul><li> Se voc\u00ea precisar de n\u00fameros com pelo menos duas casas decimais <strong>0,00 ;[Vermelho]-0,00<\/strong><\/li><li> Caso precise de n\u00fameros sem decimais <strong>0;[Vermelho]-0<\/strong> Agora digite ou copie o c\u00f3digo abaixo na coluna \u201cTipo\u201d e clique em OK. <\/li><\/ul><img loading=\"lazy\" decoding=\"async\" title=\"6 n\u00fameros vermelhos negativos usando formata\u00e7\u00e3o personalizada\" src=\"https:\/\/exceladvisor.org\/wp-content\/uploads\/2023\/08\/6-nombres-negatifs-rouges-utilisant-un-formatage-personnalise.png\" sizes=\"auto, \" srcset=\"\" alt=\"negative-numbers-red-using-custom-formatting\" width=\"608\" height=\"531\"><\/li><li> Neste ponto voc\u00ea obter\u00e1 os n\u00fameros negativos destacados em vermelho. <br><img loading=\"lazy\" decoding=\"async\" title=\"7-n\u00fameros-negativos-destacados-vermelho1\" src=\"https:\/\/exceladvisor.org\/wp-content\/uploads\/2023\/08\/7-nombres-negatifs-surlignes-en-rouge1.png\" sizes=\"auto, \" srcset=\"\" alt=\"negative-numbers-highlighted-redative-numbers-highlighted-negative-numbers-highlighted-redighted-red(1)\" width=\"219\" height=\"251\"><\/li><\/ol><p class=\"qt-tip\"> <strong>Nota:<\/strong> Sempre que voc\u00ea altera os n\u00fameros, como alterar n\u00fameros positivos para negativos e n\u00fameros negativos para positivos ap\u00f3s aplicar esta formata\u00e7\u00e3o de cores, o Excel calcula automaticamente essas altera\u00e7\u00f5es e aplica a cor de fundo \u00e0s c\u00e9lulas alteradas de acordo com a formata\u00e7\u00e3o condicional j\u00e1 definida.<\/p><div class=\"gb-container gb-container-4db6181c gb-container-mt\"> <a class=\"gb-button gb-button-c5897111 gb-button-text gb-button-mt-button\" href=\"https:\/\/exceladvisor.org\/pt\/nocoes-basicas-de-excel\/\">No\u00e7\u00f5es b\u00e1sicas do Microsoft Excel (componentes, pe\u00e7as e notas de conhecimento)<\/a><h2 class=\"gb-headline gb-headline-665e5f6b gb-headline-text gb-headline-mt-heading\"> Tutoriais relacionados <\/h2><div class=\"gb-grid-wrapper gb-grid-wrapper-a20baf7c gb-grid-wrapper-mt-grid\"><div class=\"gb-grid-column gb-grid-column-65ddf67e\"><div class=\"gb-container gb-container-65ddf67e\"><ul><li> <a href=\"https:\/\/exceladvisor.org\/pt\/formato-de-numero-contabil\/\">Aplicar formato de n\u00famero cont\u00e1bil no Excel<\/a><\/li><li> <a href=\"https:\/\/exceladvisor.org\/pt\/cor-da-celula\/\">Aplicar cor de fundo a uma c\u00e9lula ou a toda a planilha no Excel<\/a><\/li><li> <a href=\"https:\/\/exceladvisor.org\/pt\/a-grade\/\">Imprimir linhas de grade do Excel (excluir, encurtar e alterar cor)<\/a><\/li><li> <a href=\"https:\/\/exceladvisor.org\/pt\/adicione-um-numero-de-pagina\/\">Adicione um n\u00famero de p\u00e1gina no Excel<\/a> <\/li><\/ul><\/div><\/div><div class=\"gb-grid-column gb-grid-column-50067b57\"><div class=\"gb-container gb-container-50067b57\"><\/div><\/div><\/div><\/div>","protected":false},"excerpt":{"rendered":"","protected":false},"author":1,"featured_media":0,"parent":0,"menu_order":0,"comment_status":"open","ping_status":"closed","template":"","meta":{"ub_ctt_via":"","footnotes":""},"class_list":["post-94","page","type-page","status-publish","hentry"],"featured_image_src":null,"yoast_head":"<!-- This site is optimized with the Yoast SEO plugin v25.4 - https:\/\/yoast.com\/wordpress\/plugins\/seo\/ -->\n<title>Como deixar n\u00fameros negativos vermelhos no Excel?<\/title>\n<meta name=\"description\" content=\"Neste tutorial, voc\u00ea aprender\u00e1 diferentes maneiras de tornar n\u00fameros negativos vermelhos no Excel usando tr\u00eas m\u00e9todos f\u00e1ceis\" \/>\n<meta name=\"robots\" content=\"index, follow, max-snippet:-1, max-image-preview:large, max-video-preview:-1\" \/>\n<link rel=\"canonical\" href=\"https:\/\/exceladvisor.org\/pt\/numeros-negativos-vermelhos\/\" \/>\n<meta property=\"og:locale\" content=\"pt_PT\" \/>\n<meta property=\"og:type\" content=\"article\" \/>\n<meta property=\"og:title\" content=\"Como deixar n\u00fameros negativos vermelhos no Excel?\" \/>\n<meta property=\"og:description\" content=\"Neste tutorial, voc\u00ea aprender\u00e1 diferentes maneiras de tornar n\u00fameros negativos vermelhos no Excel usando tr\u00eas m\u00e9todos f\u00e1ceis\" \/>\n<meta property=\"og:url\" content=\"https:\/\/exceladvisor.org\/pt\/numeros-negativos-vermelhos\/\" \/>\n<meta property=\"og:site_name\" content=\"Excel Advisor\" \/>\n<meta property=\"article:modified_time\" content=\"2023-12-06T11:37:13+00:00\" \/>\n<meta property=\"og:image\" content=\"https:\/\/exceladvisor.org\/wp-content\/uploads\/2023\/08\/1-nombres-negatifs-rouges-en-utilisant-la-mise-en-forme-conditionnelle.png\" \/>\n<meta name=\"twitter:card\" content=\"summary_large_image\" \/>\n<meta name=\"twitter:label1\" content=\"Tempo estimado de leitura\" \/>\n\t<meta name=\"twitter:data1\" content=\"3 minutos\" \/>\n<script type=\"application\/ld+json\" class=\"yoast-schema-graph\">{\"@context\":\"https:\/\/schema.org\",\"@graph\":[{\"@type\":\"WebPage\",\"@id\":\"https:\/\/exceladvisor.org\/pt\/numeros-negativos-vermelhos\/\",\"url\":\"https:\/\/exceladvisor.org\/pt\/numeros-negativos-vermelhos\/\",\"name\":\"Como deixar n\u00fameros negativos vermelhos no Excel?\",\"isPartOf\":{\"@id\":\"https:\/\/exceladvisor.org\/pt\/#website\"},\"primaryImageOfPage\":{\"@id\":\"https:\/\/exceladvisor.org\/pt\/numeros-negativos-vermelhos\/#primaryimage\"},\"image\":{\"@id\":\"https:\/\/exceladvisor.org\/pt\/numeros-negativos-vermelhos\/#primaryimage\"},\"thumbnailUrl\":\"https:\/\/exceladvisor.org\/wp-content\/uploads\/2023\/08\/1-nombres-negatifs-rouges-en-utilisant-la-mise-en-forme-conditionnelle.png\",\"datePublished\":\"2023-11-16T16:54:08+00:00\",\"dateModified\":\"2023-12-06T11:37:13+00:00\",\"description\":\"Neste tutorial, voc\u00ea aprender\u00e1 diferentes maneiras de tornar n\u00fameros negativos vermelhos no Excel usando tr\u00eas m\u00e9todos f\u00e1ceis\",\"breadcrumb\":{\"@id\":\"https:\/\/exceladvisor.org\/pt\/numeros-negativos-vermelhos\/#breadcrumb\"},\"inLanguage\":\"pt-PT\",\"potentialAction\":[{\"@type\":\"ReadAction\",\"target\":[\"https:\/\/exceladvisor.org\/pt\/numeros-negativos-vermelhos\/\"]}]},{\"@type\":\"ImageObject\",\"inLanguage\":\"pt-PT\",\"@id\":\"https:\/\/exceladvisor.org\/pt\/numeros-negativos-vermelhos\/#primaryimage\",\"url\":\"https:\/\/exceladvisor.org\/wp-content\/uploads\/2023\/08\/1-nombres-negatifs-rouges-en-utilisant-la-mise-en-forme-conditionnelle.png\",\"contentUrl\":\"https:\/\/exceladvisor.org\/wp-content\/uploads\/2023\/08\/1-nombres-negatifs-rouges-en-utilisant-la-mise-en-forme-conditionnelle.png\"},{\"@type\":\"BreadcrumbList\",\"@id\":\"https:\/\/exceladvisor.org\/pt\/numeros-negativos-vermelhos\/#breadcrumb\",\"itemListElement\":[{\"@type\":\"ListItem\",\"position\":1,\"name\":\"Lar\",\"item\":\"https:\/\/exceladvisor.org\/pt\/\"},{\"@type\":\"ListItem\",\"position\":2,\"name\":\"Como deixar n\u00fameros negativos vermelhos no excel?\"}]},{\"@type\":\"WebSite\",\"@id\":\"https:\/\/exceladvisor.org\/pt\/#website\",\"url\":\"https:\/\/exceladvisor.org\/pt\/\",\"name\":\"Excel Advisor\",\"description\":\"O seu guia definitivo para dominar os dados!\",\"publisher\":{\"@id\":\"https:\/\/exceladvisor.org\/pt\/#organization\"},\"potentialAction\":[{\"@type\":\"SearchAction\",\"target\":{\"@type\":\"EntryPoint\",\"urlTemplate\":\"https:\/\/exceladvisor.org\/pt\/?s={search_term_string}\"},\"query-input\":{\"@type\":\"PropertyValueSpecification\",\"valueRequired\":true,\"valueName\":\"search_term_string\"}}],\"inLanguage\":\"pt-PT\"},{\"@type\":\"Organization\",\"@id\":\"https:\/\/exceladvisor.org\/pt\/#organization\",\"name\":\"Excel Advisor\",\"url\":\"https:\/\/exceladvisor.org\/pt\/\",\"logo\":{\"@type\":\"ImageObject\",\"inLanguage\":\"pt-PT\",\"@id\":\"https:\/\/exceladvisor.org\/pt\/#\/schema\/logo\/image\/\",\"url\":\"https:\/\/exceladvisor.org\/pt\/wp-content\/uploads\/2023\/12\/exceladvisor.org_.png\",\"contentUrl\":\"https:\/\/exceladvisor.org\/pt\/wp-content\/uploads\/2023\/12\/exceladvisor.org_.png\",\"width\":105,\"height\":36,\"caption\":\"Excel Advisor\"},\"image\":{\"@id\":\"https:\/\/exceladvisor.org\/pt\/#\/schema\/logo\/image\/\"}}]}<\/script>\n<!-- \/ Yoast SEO plugin. -->","yoast_head_json":{"title":"Como deixar n\u00fameros negativos vermelhos no Excel?","description":"Neste tutorial, voc\u00ea aprender\u00e1 diferentes maneiras de tornar n\u00fameros negativos vermelhos no Excel usando tr\u00eas m\u00e9todos f\u00e1ceis","robots":{"index":"index","follow":"follow","max-snippet":"max-snippet:-1","max-image-preview":"max-image-preview:large","max-video-preview":"max-video-preview:-1"},"canonical":"https:\/\/exceladvisor.org\/pt\/numeros-negativos-vermelhos\/","og_locale":"pt_PT","og_type":"article","og_title":"Como deixar n\u00fameros negativos vermelhos no Excel?","og_description":"Neste tutorial, voc\u00ea aprender\u00e1 diferentes maneiras de tornar n\u00fameros negativos vermelhos no Excel usando tr\u00eas m\u00e9todos f\u00e1ceis","og_url":"https:\/\/exceladvisor.org\/pt\/numeros-negativos-vermelhos\/","og_site_name":"Excel Advisor","article_modified_time":"2023-12-06T11:37:13+00:00","og_image":[{"url":"https:\/\/exceladvisor.org\/wp-content\/uploads\/2023\/08\/1-nombres-negatifs-rouges-en-utilisant-la-mise-en-forme-conditionnelle.png","type":"","width":"","height":""}],"twitter_card":"summary_large_image","twitter_misc":{"Tempo estimado de leitura":"3 minutos"},"schema":{"@context":"https:\/\/schema.org","@graph":[{"@type":"WebPage","@id":"https:\/\/exceladvisor.org\/pt\/numeros-negativos-vermelhos\/","url":"https:\/\/exceladvisor.org\/pt\/numeros-negativos-vermelhos\/","name":"Como deixar n\u00fameros negativos vermelhos no Excel?","isPartOf":{"@id":"https:\/\/exceladvisor.org\/pt\/#website"},"primaryImageOfPage":{"@id":"https:\/\/exceladvisor.org\/pt\/numeros-negativos-vermelhos\/#primaryimage"},"image":{"@id":"https:\/\/exceladvisor.org\/pt\/numeros-negativos-vermelhos\/#primaryimage"},"thumbnailUrl":"https:\/\/exceladvisor.org\/wp-content\/uploads\/2023\/08\/1-nombres-negatifs-rouges-en-utilisant-la-mise-en-forme-conditionnelle.png","datePublished":"2023-11-16T16:54:08+00:00","dateModified":"2023-12-06T11:37:13+00:00","description":"Neste tutorial, voc\u00ea aprender\u00e1 diferentes maneiras de tornar n\u00fameros negativos vermelhos no Excel usando tr\u00eas m\u00e9todos f\u00e1ceis","breadcrumb":{"@id":"https:\/\/exceladvisor.org\/pt\/numeros-negativos-vermelhos\/#breadcrumb"},"inLanguage":"pt-PT","potentialAction":[{"@type":"ReadAction","target":["https:\/\/exceladvisor.org\/pt\/numeros-negativos-vermelhos\/"]}]},{"@type":"ImageObject","inLanguage":"pt-PT","@id":"https:\/\/exceladvisor.org\/pt\/numeros-negativos-vermelhos\/#primaryimage","url":"https:\/\/exceladvisor.org\/wp-content\/uploads\/2023\/08\/1-nombres-negatifs-rouges-en-utilisant-la-mise-en-forme-conditionnelle.png","contentUrl":"https:\/\/exceladvisor.org\/wp-content\/uploads\/2023\/08\/1-nombres-negatifs-rouges-en-utilisant-la-mise-en-forme-conditionnelle.png"},{"@type":"BreadcrumbList","@id":"https:\/\/exceladvisor.org\/pt\/numeros-negativos-vermelhos\/#breadcrumb","itemListElement":[{"@type":"ListItem","position":1,"name":"Lar","item":"https:\/\/exceladvisor.org\/pt\/"},{"@type":"ListItem","position":2,"name":"Como deixar n\u00fameros negativos vermelhos no excel?"}]},{"@type":"WebSite","@id":"https:\/\/exceladvisor.org\/pt\/#website","url":"https:\/\/exceladvisor.org\/pt\/","name":"Excel Advisor","description":"O seu guia definitivo para dominar os dados!","publisher":{"@id":"https:\/\/exceladvisor.org\/pt\/#organization"},"potentialAction":[{"@type":"SearchAction","target":{"@type":"EntryPoint","urlTemplate":"https:\/\/exceladvisor.org\/pt\/?s={search_term_string}"},"query-input":{"@type":"PropertyValueSpecification","valueRequired":true,"valueName":"search_term_string"}}],"inLanguage":"pt-PT"},{"@type":"Organization","@id":"https:\/\/exceladvisor.org\/pt\/#organization","name":"Excel Advisor","url":"https:\/\/exceladvisor.org\/pt\/","logo":{"@type":"ImageObject","inLanguage":"pt-PT","@id":"https:\/\/exceladvisor.org\/pt\/#\/schema\/logo\/image\/","url":"https:\/\/exceladvisor.org\/pt\/wp-content\/uploads\/2023\/12\/exceladvisor.org_.png","contentUrl":"https:\/\/exceladvisor.org\/pt\/wp-content\/uploads\/2023\/12\/exceladvisor.org_.png","width":105,"height":36,"caption":"Excel Advisor"},"image":{"@id":"https:\/\/exceladvisor.org\/pt\/#\/schema\/logo\/image\/"}}]}},"yoast_meta":{"yoast_wpseo_title":"","yoast_wpseo_metadesc":"","yoast_wpseo_canonical":""},"_links":{"self":[{"href":"https:\/\/exceladvisor.org\/pt\/wp-json\/wp\/v2\/pages\/94","targetHints":{"allow":["GET"]}}],"collection":[{"href":"https:\/\/exceladvisor.org\/pt\/wp-json\/wp\/v2\/pages"}],"about":[{"href":"https:\/\/exceladvisor.org\/pt\/wp-json\/wp\/v2\/types\/page"}],"author":[{"embeddable":true,"href":"https:\/\/exceladvisor.org\/pt\/wp-json\/wp\/v2\/users\/1"}],"replies":[{"embeddable":true,"href":"https:\/\/exceladvisor.org\/pt\/wp-json\/wp\/v2\/comments?post=94"}],"version-history":[{"count":1,"href":"https:\/\/exceladvisor.org\/pt\/wp-json\/wp\/v2\/pages\/94\/revisions"}],"predecessor-version":[{"id":1021,"href":"https:\/\/exceladvisor.org\/pt\/wp-json\/wp\/v2\/pages\/94\/revisions\/1021"}],"wp:attachment":[{"href":"https:\/\/exceladvisor.org\/pt\/wp-json\/wp\/v2\/media?parent=94"}],"curies":[{"name":"wp","href":"https:\/\/api.w.org\/{rel}","templated":true}]}}