{"id":95,"date":"2023-11-16T15:11:28","date_gmt":"2023-11-16T15:11:28","guid":{"rendered":"https:\/\/exceladvisor.org\/pt\/mudanca-de-alcance\/"},"modified":"2023-12-06T11:50:15","modified_gmt":"2023-12-06T11:50:15","slug":"mudanca-de-alcance","status":"publish","type":"page","link":"https:\/\/exceladvisor.org\/pt\/mudanca-de-alcance\/","title":{"rendered":"Como usar offset com o objeto range no vba?"},"content":{"rendered":"<div class=\"excel-before-content-2\" id=\"excel-326164975\"><script type=\"text\/javascript\">\r\n\tatOptions = {\r\n\t\t'key' : 'c1158f160081d6540a8409e6925dab94',\r\n\t\t'format' : 'iframe',\r\n\t\t'height' : 250,\r\n\t\t'width' : 300,\r\n\t\t'params' : {}\r\n\t};\r\n<\/script>\r\n<script type=\"text\/javascript\" src=\"\/\/www.highperformanceformat.com\/c1158f160081d6540a8409e6925dab94\/invoke.js\"><\/script><\/div><div class=\"excel-before-content\" id=\"excel-1617084790\"><script type=\"text\/javascript\">\r\n\tatOptions = {\r\n\t\t'key' : 'c1158f160081d6540a8409e6925dab94',\r\n\t\t'format' : 'iframe',\r\n\t\t'height' : 250,\r\n\t\t'width' : 300,\r\n\t\t'params' : {}\r\n\t};\r\n<\/script>\r\n<script type=\"text\/javascript\" src=\"\/\/www.highperformanceformat.com\/c1158f160081d6540a8409e6925dab94\/invoke.js\"><\/script><\/div> <p>Usando OFFSET com o objeto de intervalo, voc\u00ea pode navegar de c\u00e9lula em c\u00e9lula na planilha e tamb\u00e9m selecionar uma c\u00e9lula ou intervalo. Ele tamb\u00e9m fornece acesso \u00e0s propriedades e m\u00e9todos que voc\u00ea possui com o objeto de intervalo a ser usado, mas voc\u00ea deve especificar os argumentos no OFFSET para us\u00e1-lo.<\/p><h2 class=\"wp-block-heading\"> Usando OFFSET com o objeto Range<\/h2><ol type=\"1\"><li> Especifique o intervalo a partir do qual deseja come\u00e7ar.<\/li><li> Insira um ponto final (.) para obter uma lista de propriedades e m\u00e9todos.<\/li><li> Selecione a propriedade offset e especifique os argumentos (linha e coluna).<\/li><li> Ao final, selecione a propriedade a ser utilizada com o deslocamento. <\/li><\/ol><div class=\"wp-block-image\"><figure class=\"aligncenter size-large is-resized\"><img loading=\"lazy\" decoding=\"async\" class=\"wp-image-53833\" src=\"https:\/\/exceladvisor.org\/wp-content\/uploads\/2023\/08\/1-decalage-avec-lobjet-plage.png\" sizes=\"auto, \" srcset=\"\" alt=\"deslocamento com objeto de intervalo\" width=\"616\" height=\"261\"><\/figure><\/div><h2 class=\"wp-block-heading\"> Selecione um intervalo usando OFFSET<\/h2><p> Voc\u00ea tamb\u00e9m pode selecionar um intervalo que seja o n\u00famero de linhas e colunas de um intervalo. Pegue a linha de c\u00f3digo abaixo, que seleciona um intervalo de duas c\u00e9lulas que consiste em cinco linhas abaixo e 3 colunas \u00e0 direita. <\/p><pre class=\"wp-block-code\"> <code class=\"language-visual-basic\" lang=\"visual-basic\">Range(\"A1:A2\").Offset(3, 2).Select<\/code><\/pre><div class=\"wp-block-image\"><figure class=\"aligncenter size-large is-resized\"><img loading=\"lazy\" decoding=\"async\" class=\"wp-image-53834\" src=\"https:\/\/exceladvisor.org\/wp-content\/uploads\/2023\/08\/2-selectionner-la-plage-a-laide-du-decalage.png\" sizes=\"auto, \" srcset=\"\" alt=\"selecione o intervalo usando offset\" width=\"692\" height=\"335\"><\/figure><\/div><p> Al\u00e9m disso, voc\u00ea tamb\u00e9m pode escrever c\u00f3digo para selecionar o intervalo usando um tamanho personalizado. Considere um exemplo do c\u00f3digo a seguir. <\/p><pre class=\"wp-block-code\"> <code class=\"language-visual-basic\" lang=\"visual-basic\">Range(Range(\"A1\").Offset(1, 1), Range(\"A1\").Offset(5, 2)).Select<\/code><\/pre><div class=\"wp-block-image\"><figure class=\"aligncenter size-large is-resized\"><img loading=\"lazy\" decoding=\"async\" class=\"wp-image-53835\" src=\"https:\/\/exceladvisor.org\/wp-content\/uploads\/2023\/08\/3-selectionnez-la-plage-en-utilisant-la-taille-personnalisee.png\" sizes=\"auto, \" srcset=\"\" alt=\"selecione o intervalo usando tamanho personalizado\" width=\"708\" height=\"226\"><\/figure><\/div><p> Para entender esse c\u00f3digo, voc\u00ea precisa dividi-lo em tr\u00eas partes. <\/p><div class=\"wp-block-image\"><figure class=\"aligncenter size-large is-resized\"><img loading=\"lazy\" decoding=\"async\" class=\"wp-image-53836\" src=\"https:\/\/exceladvisor.org\/wp-content\/uploads\/2023\/08\/4-divise-en-trois-parties.png\" sizes=\"auto, \" srcset=\"\" alt=\"dividido em tr\u00eas partes\" width=\"684\" height=\"121\"><\/figure><\/div><p> Em primeiro lugar, neste objeto de intervalo voc\u00ea tem a op\u00e7\u00e3o de especificar a primeira e a \u00faltima c\u00e9lula do intervalo. <\/p><div class=\"wp-block-image\"><figure class=\"aligncenter size-large is-resized\"><img loading=\"lazy\" decoding=\"async\" class=\"wp-image-53837\" src=\"https:\/\/exceladvisor.org\/wp-content\/uploads\/2023\/08\/5-option-pour-specifier-la-premiere-cellule.png\" sizes=\"auto, \" srcset=\"\" alt=\"op\u00e7\u00e3o para especificar a primeira c\u00e9lula\" width=\"215\" height=\"71\"><\/figure><\/div><p> Agora vamos voltar ao exemplo:<\/p><ul><li> Na Parte UM, voc\u00ea usou o objeto range para se referir \u00e0 c\u00e9lula uma linha abaixo e uma coluna \u00e0 direita da c\u00e9lula A1.<\/li><li> Na Parte DOIS, voc\u00ea usou o objeto de intervalo para se referir \u00e0 c\u00e9lula cinco linhas abaixo e duas colunas \u00e0 direita da c\u00e9lula A1.<\/li><li> Na parte THRID, voc\u00ea usou as c\u00e9lulas da primeira e da segunda parte para referenciar e selecionar um intervalo.<\/li><\/ul><h2 class=\"wp-block-heading\"> Usando OFFSET com ActiveCell<\/h2><p> Voc\u00ea tamb\u00e9m pode usar a c\u00e9lula ativa em vez de usar um intervalo predefinido. Isso significa que voc\u00ea obter\u00e1 um deslocamento din\u00e2mico para selecionar uma c\u00e9lula navegando a partir da c\u00e9lula ativa.<\/p><pre class=\"wp-block-code\"> <code class=\"language-visual-basic\" lang=\"visual-basic\">ActiveCell.Offset(5, 2).Select<\/code><\/pre><p> A linha de c\u00f3digo acima selecionar\u00e1 a c\u00e9lula que est\u00e1 cinco linhas abaixo e duas colunas \u00e0 direita da c\u00e9lula ativa.<\/p><h2 class=\"wp-block-heading\"> Usando OFFSET com ActiveCell para selecionar um intervalo<\/h2><p> Use o c\u00f3digo a seguir para selecionar um intervalo na c\u00e9lula ativa.<\/p><pre class=\"wp-block-code\"> <code class=\"language-visual-basic\" lang=\"visual-basic\">Range(ActiveCell.Offset(1, 1), ActiveCell.Offset(5, 2)).Select<\/code><\/pre><p> Para entender como esse c\u00f3digo funciona, n\u00e3o deixe de conferir esta explica\u00e7\u00e3o.<\/p><h2 class=\"wp-block-heading\"> Copie um intervalo usando OFFSET<\/h2><pre class=\"wp-block-code\"> <code class=\"language-visual-basic\" lang=\"visual-basic\">Range(Range(\"A1\").Offset(1, 1), Range(\"A1\").Offset(5, 2)).Copy Range(ActiveCell.Offset(1, 1), ActiveCell.Offset(5, 2)).Copy<\/code><\/pre><h2 class=\"wp-block-heading\"> Usando a propriedade Cells com OFFSET<\/h2><p> Voc\u00ea tamb\u00e9m pode usar a propriedade OFFSET com a propriedade CELLS. Considere o seguinte c\u00f3digo. <\/p><pre class=\"wp-block-code\"> <code class=\"language-visual-basic\" lang=\"visual-basic\">Cells(1, 3).Offset(2, 3).Select<\/code><\/pre><div class=\"wp-block-image\"><figure class=\"aligncenter size-large is-resized\"><img loading=\"lazy\" decoding=\"async\" class=\"wp-image-53838\" src=\"https:\/\/exceladvisor.org\/wp-content\/uploads\/2023\/08\/Propriete-6-cellules-avec-decalage.png\" sizes=\"auto, \" srcset=\"\" alt=\"propriedade de c\u00e9lula com deslocamento\" width=\"656\" height=\"236\"><\/figure><\/div><p> O c\u00f3digo acima primeiro faz refer\u00eancia \u00e0 c\u00e9lula A1 (conforme voc\u00ea especificou) com a primeira linha e a primeira coluna usando a propriedade de c\u00e9lulas e, em seguida, usa a propriedade offset para selecionar a c\u00e9lula que est\u00e1 duas linhas abaixo e tem tr\u00eas colunas.<\/p><div class=\"gb-container gb-container-4db6181c gb-container-mt\"> <a class=\"gb-button gb-button-c5897111 gb-button-text gb-button-mt-button\" href=\"https:\/\/exceladvisor.org\/pt\/vba\/\">O que \u00e9 VBA<\/a><h2 class=\"gb-headline gb-headline-665e5f6b gb-headline-text gb-headline-mt-heading\"> Tutoriais relacionados <\/h2><div class=\"gb-grid-wrapper gb-grid-wrapper-a20baf7c gb-grid-wrapper-mt-grid\"><div class=\"gb-grid-column gb-grid-column-65ddf67e\"><div class=\"gb-container gb-container-65ddf67e\"><ul><li> <a href=\"https:\/\/exceladvisor.org\/pt\/numero-de-linhas\/\">Contar linhas usando VBA no Excel<\/a><\/li><li> <a href=\"https:\/\/exceladvisor.org\/pt\/fonte-de-caracteres\/\">Fonte Excel VBA (cor, tamanho, tipo e negrito)<\/a><\/li><li> <a href=\"https:\/\/exceladvisor.org\/pt\/ocultar-mostrar-linha-da-coluna\/\">Excel VBA Ocultar e mostrar uma coluna ou linha<\/a><\/li><li> <a href=\"https:\/\/exceladvisor.org\/pt\/intervalo-1\/\">Intervalo Excel VBA \u2013 Trabalhando com intervalo e c\u00e9lulas<\/a><\/li><li> <a href=\"https:\/\/exceladvisor.org\/pt\/fronteiras\/\">Aplicar bordas a uma c\u00e9lula usando VBA no Excel<\/a> <\/li><\/ul><\/div><\/div><div class=\"gb-grid-column gb-grid-column-50067b57\"><div class=\"gb-container gb-container-50067b57\"><\/div><\/div><\/div><\/div>","protected":false},"excerpt":{"rendered":"","protected":false},"author":1,"featured_media":0,"parent":0,"menu_order":0,"comment_status":"open","ping_status":"closed","template":"","meta":{"ub_ctt_via":"","footnotes":""},"class_list":["post-95","page","type-page","status-publish","hentry"],"featured_image_src":null,"yoast_head":"<!-- This site is optimized with the Yoast SEO plugin v25.4 - https:\/\/yoast.com\/wordpress\/plugins\/seo\/ -->\n<title>\u25b7 Como usar OFFSET com o objeto range no VBA?<\/title>\n<meta name=\"description\" content=\"Este tutorial mostra como usar VBA OFFSET com um intervalo, como selecionar um intervalo, mesmo usando a c\u00e9lula ativa.\" \/>\n<meta name=\"robots\" content=\"index, follow, max-snippet:-1, max-image-preview:large, max-video-preview:-1\" \/>\n<link rel=\"canonical\" href=\"https:\/\/exceladvisor.org\/pt\/mudanca-de-alcance\/\" \/>\n<meta property=\"og:locale\" content=\"pt_PT\" \/>\n<meta property=\"og:type\" content=\"article\" \/>\n<meta property=\"og:title\" content=\"\u25b7 Como usar OFFSET com o objeto range no VBA?\" \/>\n<meta property=\"og:description\" content=\"Este tutorial mostra como usar VBA OFFSET com um intervalo, como selecionar um intervalo, mesmo usando a c\u00e9lula ativa.\" \/>\n<meta property=\"og:url\" content=\"https:\/\/exceladvisor.org\/pt\/mudanca-de-alcance\/\" \/>\n<meta property=\"og:site_name\" content=\"Excel Advisor\" \/>\n<meta property=\"article:modified_time\" content=\"2023-12-06T11:50:15+00:00\" \/>\n<meta property=\"og:image\" content=\"https:\/\/exceladvisor.org\/wp-content\/uploads\/2023\/08\/1-decalage-avec-lobjet-plage.png\" \/>\n<meta name=\"twitter:card\" content=\"summary_large_image\" \/>\n<meta name=\"twitter:label1\" content=\"Tempo estimado de leitura\" \/>\n\t<meta name=\"twitter:data1\" content=\"3 minutos\" \/>\n<script type=\"application\/ld+json\" class=\"yoast-schema-graph\">{\"@context\":\"https:\/\/schema.org\",\"@graph\":[{\"@type\":\"WebPage\",\"@id\":\"https:\/\/exceladvisor.org\/pt\/mudanca-de-alcance\/\",\"url\":\"https:\/\/exceladvisor.org\/pt\/mudanca-de-alcance\/\",\"name\":\"\u25b7 Como usar OFFSET com o objeto range no VBA?\",\"isPartOf\":{\"@id\":\"https:\/\/exceladvisor.org\/pt\/#website\"},\"primaryImageOfPage\":{\"@id\":\"https:\/\/exceladvisor.org\/pt\/mudanca-de-alcance\/#primaryimage\"},\"image\":{\"@id\":\"https:\/\/exceladvisor.org\/pt\/mudanca-de-alcance\/#primaryimage\"},\"thumbnailUrl\":\"https:\/\/exceladvisor.org\/wp-content\/uploads\/2023\/08\/1-decalage-avec-lobjet-plage.png\",\"datePublished\":\"2023-11-16T15:11:28+00:00\",\"dateModified\":\"2023-12-06T11:50:15+00:00\",\"description\":\"Este tutorial mostra como usar VBA OFFSET com um intervalo, como selecionar um intervalo, mesmo usando a c\u00e9lula ativa.\",\"breadcrumb\":{\"@id\":\"https:\/\/exceladvisor.org\/pt\/mudanca-de-alcance\/#breadcrumb\"},\"inLanguage\":\"pt-PT\",\"potentialAction\":[{\"@type\":\"ReadAction\",\"target\":[\"https:\/\/exceladvisor.org\/pt\/mudanca-de-alcance\/\"]}]},{\"@type\":\"ImageObject\",\"inLanguage\":\"pt-PT\",\"@id\":\"https:\/\/exceladvisor.org\/pt\/mudanca-de-alcance\/#primaryimage\",\"url\":\"https:\/\/exceladvisor.org\/wp-content\/uploads\/2023\/08\/1-decalage-avec-lobjet-plage.png\",\"contentUrl\":\"https:\/\/exceladvisor.org\/wp-content\/uploads\/2023\/08\/1-decalage-avec-lobjet-plage.png\"},{\"@type\":\"BreadcrumbList\",\"@id\":\"https:\/\/exceladvisor.org\/pt\/mudanca-de-alcance\/#breadcrumb\",\"itemListElement\":[{\"@type\":\"ListItem\",\"position\":1,\"name\":\"Lar\",\"item\":\"https:\/\/exceladvisor.org\/pt\/\"},{\"@type\":\"ListItem\",\"position\":2,\"name\":\"Como usar offset com o objeto range no vba?\"}]},{\"@type\":\"WebSite\",\"@id\":\"https:\/\/exceladvisor.org\/pt\/#website\",\"url\":\"https:\/\/exceladvisor.org\/pt\/\",\"name\":\"Excel Advisor\",\"description\":\"O seu guia definitivo para dominar os dados!\",\"publisher\":{\"@id\":\"https:\/\/exceladvisor.org\/pt\/#organization\"},\"potentialAction\":[{\"@type\":\"SearchAction\",\"target\":{\"@type\":\"EntryPoint\",\"urlTemplate\":\"https:\/\/exceladvisor.org\/pt\/?s={search_term_string}\"},\"query-input\":{\"@type\":\"PropertyValueSpecification\",\"valueRequired\":true,\"valueName\":\"search_term_string\"}}],\"inLanguage\":\"pt-PT\"},{\"@type\":\"Organization\",\"@id\":\"https:\/\/exceladvisor.org\/pt\/#organization\",\"name\":\"Excel Advisor\",\"url\":\"https:\/\/exceladvisor.org\/pt\/\",\"logo\":{\"@type\":\"ImageObject\",\"inLanguage\":\"pt-PT\",\"@id\":\"https:\/\/exceladvisor.org\/pt\/#\/schema\/logo\/image\/\",\"url\":\"https:\/\/exceladvisor.org\/pt\/wp-content\/uploads\/2023\/12\/exceladvisor.org_.png\",\"contentUrl\":\"https:\/\/exceladvisor.org\/pt\/wp-content\/uploads\/2023\/12\/exceladvisor.org_.png\",\"width\":105,\"height\":36,\"caption\":\"Excel Advisor\"},\"image\":{\"@id\":\"https:\/\/exceladvisor.org\/pt\/#\/schema\/logo\/image\/\"}}]}<\/script>\n<!-- \/ Yoast SEO plugin. -->","yoast_head_json":{"title":"\u25b7 Como usar OFFSET com o objeto range no VBA?","description":"Este tutorial mostra como usar VBA OFFSET com um intervalo, como selecionar um intervalo, mesmo usando a c\u00e9lula ativa.","robots":{"index":"index","follow":"follow","max-snippet":"max-snippet:-1","max-image-preview":"max-image-preview:large","max-video-preview":"max-video-preview:-1"},"canonical":"https:\/\/exceladvisor.org\/pt\/mudanca-de-alcance\/","og_locale":"pt_PT","og_type":"article","og_title":"\u25b7 Como usar OFFSET com o objeto range no VBA?","og_description":"Este tutorial mostra como usar VBA OFFSET com um intervalo, como selecionar um intervalo, mesmo usando a c\u00e9lula ativa.","og_url":"https:\/\/exceladvisor.org\/pt\/mudanca-de-alcance\/","og_site_name":"Excel Advisor","article_modified_time":"2023-12-06T11:50:15+00:00","og_image":[{"url":"https:\/\/exceladvisor.org\/wp-content\/uploads\/2023\/08\/1-decalage-avec-lobjet-plage.png","type":"","width":"","height":""}],"twitter_card":"summary_large_image","twitter_misc":{"Tempo estimado de leitura":"3 minutos"},"schema":{"@context":"https:\/\/schema.org","@graph":[{"@type":"WebPage","@id":"https:\/\/exceladvisor.org\/pt\/mudanca-de-alcance\/","url":"https:\/\/exceladvisor.org\/pt\/mudanca-de-alcance\/","name":"\u25b7 Como usar OFFSET com o objeto range no VBA?","isPartOf":{"@id":"https:\/\/exceladvisor.org\/pt\/#website"},"primaryImageOfPage":{"@id":"https:\/\/exceladvisor.org\/pt\/mudanca-de-alcance\/#primaryimage"},"image":{"@id":"https:\/\/exceladvisor.org\/pt\/mudanca-de-alcance\/#primaryimage"},"thumbnailUrl":"https:\/\/exceladvisor.org\/wp-content\/uploads\/2023\/08\/1-decalage-avec-lobjet-plage.png","datePublished":"2023-11-16T15:11:28+00:00","dateModified":"2023-12-06T11:50:15+00:00","description":"Este tutorial mostra como usar VBA OFFSET com um intervalo, como selecionar um intervalo, mesmo usando a c\u00e9lula ativa.","breadcrumb":{"@id":"https:\/\/exceladvisor.org\/pt\/mudanca-de-alcance\/#breadcrumb"},"inLanguage":"pt-PT","potentialAction":[{"@type":"ReadAction","target":["https:\/\/exceladvisor.org\/pt\/mudanca-de-alcance\/"]}]},{"@type":"ImageObject","inLanguage":"pt-PT","@id":"https:\/\/exceladvisor.org\/pt\/mudanca-de-alcance\/#primaryimage","url":"https:\/\/exceladvisor.org\/wp-content\/uploads\/2023\/08\/1-decalage-avec-lobjet-plage.png","contentUrl":"https:\/\/exceladvisor.org\/wp-content\/uploads\/2023\/08\/1-decalage-avec-lobjet-plage.png"},{"@type":"BreadcrumbList","@id":"https:\/\/exceladvisor.org\/pt\/mudanca-de-alcance\/#breadcrumb","itemListElement":[{"@type":"ListItem","position":1,"name":"Lar","item":"https:\/\/exceladvisor.org\/pt\/"},{"@type":"ListItem","position":2,"name":"Como usar offset com o objeto range no vba?"}]},{"@type":"WebSite","@id":"https:\/\/exceladvisor.org\/pt\/#website","url":"https:\/\/exceladvisor.org\/pt\/","name":"Excel Advisor","description":"O seu guia definitivo para dominar os dados!","publisher":{"@id":"https:\/\/exceladvisor.org\/pt\/#organization"},"potentialAction":[{"@type":"SearchAction","target":{"@type":"EntryPoint","urlTemplate":"https:\/\/exceladvisor.org\/pt\/?s={search_term_string}"},"query-input":{"@type":"PropertyValueSpecification","valueRequired":true,"valueName":"search_term_string"}}],"inLanguage":"pt-PT"},{"@type":"Organization","@id":"https:\/\/exceladvisor.org\/pt\/#organization","name":"Excel Advisor","url":"https:\/\/exceladvisor.org\/pt\/","logo":{"@type":"ImageObject","inLanguage":"pt-PT","@id":"https:\/\/exceladvisor.org\/pt\/#\/schema\/logo\/image\/","url":"https:\/\/exceladvisor.org\/pt\/wp-content\/uploads\/2023\/12\/exceladvisor.org_.png","contentUrl":"https:\/\/exceladvisor.org\/pt\/wp-content\/uploads\/2023\/12\/exceladvisor.org_.png","width":105,"height":36,"caption":"Excel Advisor"},"image":{"@id":"https:\/\/exceladvisor.org\/pt\/#\/schema\/logo\/image\/"}}]}},"yoast_meta":{"yoast_wpseo_title":"","yoast_wpseo_metadesc":"","yoast_wpseo_canonical":""},"_links":{"self":[{"href":"https:\/\/exceladvisor.org\/pt\/wp-json\/wp\/v2\/pages\/95","targetHints":{"allow":["GET"]}}],"collection":[{"href":"https:\/\/exceladvisor.org\/pt\/wp-json\/wp\/v2\/pages"}],"about":[{"href":"https:\/\/exceladvisor.org\/pt\/wp-json\/wp\/v2\/types\/page"}],"author":[{"embeddable":true,"href":"https:\/\/exceladvisor.org\/pt\/wp-json\/wp\/v2\/users\/1"}],"replies":[{"embeddable":true,"href":"https:\/\/exceladvisor.org\/pt\/wp-json\/wp\/v2\/comments?post=95"}],"version-history":[{"count":1,"href":"https:\/\/exceladvisor.org\/pt\/wp-json\/wp\/v2\/pages\/95\/revisions"}],"predecessor-version":[{"id":1375,"href":"https:\/\/exceladvisor.org\/pt\/wp-json\/wp\/v2\/pages\/95\/revisions\/1375"}],"wp:attachment":[{"href":"https:\/\/exceladvisor.org\/pt\/wp-json\/wp\/v2\/media?parent=95"}],"curies":[{"name":"wp","href":"https:\/\/api.w.org\/{rel}","templated":true}]}}