{"id":96,"date":"2023-11-16T14:56:46","date_gmt":"2023-11-16T14:56:46","guid":{"rendered":"https:\/\/exceladvisor.org\/pt\/limpar-conteudo-1\/"},"modified":"2023-12-06T11:51:42","modified_gmt":"2023-12-06T11:51:42","slug":"limpar-conteudo-1","status":"publish","type":"page","link":"https:\/\/exceladvisor.org\/pt\/limpar-conteudo-1\/","title":{"rendered":"Vba clearcontents: como limpar o conte\u00fado de uma c\u00e9lula?"},"content":{"rendered":"<div class=\"excel-before-content-2\" id=\"excel-1240274122\"><script type=\"text\/javascript\">\r\n\tatOptions = {\r\n\t\t'key' : 'c1158f160081d6540a8409e6925dab94',\r\n\t\t'format' : 'iframe',\r\n\t\t'height' : 250,\r\n\t\t'width' : 300,\r\n\t\t'params' : {}\r\n\t};\r\n<\/script>\r\n<script type=\"text\/javascript\" src=\"\/\/www.highperformanceformat.com\/c1158f160081d6540a8409e6925dab94\/invoke.js\"><\/script><\/div><div class=\"excel-before-content\" id=\"excel-689600220\"><script type=\"text\/javascript\">\r\n\tatOptions = {\r\n\t\t'key' : 'c1158f160081d6540a8409e6925dab94',\r\n\t\t'format' : 'iframe',\r\n\t\t'height' : 250,\r\n\t\t'width' : 300,\r\n\t\t'params' : {}\r\n\t};\r\n<\/script>\r\n<script type=\"text\/javascript\" src=\"\/\/www.highperformanceformat.com\/c1158f160081d6540a8409e6925dab94\/invoke.js\"><\/script><\/div> <p class=\"wp-block-heading\"><strong>Pontos chave<\/strong><\/p><ul><li> Para limpar o conte\u00fado de uma c\u00e9lula, voc\u00ea deve usar o m\u00e9todo ClearContents.<\/li><li> Voc\u00ea pode us\u00e1-lo para uma \u00fanica c\u00e9lula, um intervalo ou uma planilha inteira.<\/li><\/ul><h2 class=\"wp-block-heading\"> M\u00e9todo ClearContents<\/h2><p> No VBA, existe um m\u00e9todo chamado ClearContents que voc\u00ea pode usar para limpar valores e f\u00f3rmulas de uma c\u00e9lula, um intervalo de c\u00e9lulas e de toda a planilha.<\/p><pre class=\"wp-block-code\"> <code class=\"language-visual-basic\" lang=\"visual-basic\">Expression.ClearContents<\/code><\/pre><p> Para usar este m\u00e9todo, voc\u00ea deve primeiro definir a express\u00e3o para um local onde deseja limpar o conte\u00fado e, em seguida, digitar &#8220;.ClearContents&#8221;.<\/p><h2 class=\"wp-block-heading\"> Limpe o conte\u00fado de uma \u00fanica c\u00e9lula<\/h2><p> Suponha que voc\u00ea queira limpar os valores da c\u00e9lula A1. Primeiro, voc\u00ea precisa definir a c\u00e9lula A1 usando o objeto range e depois o m\u00e9todo ClearContents.<\/p><p> Ent\u00e3o o c\u00f3digo seria: <\/p><pre class=\"wp-block-code\"> <code class=\"language-visual-basic\" lang=\"visual-basic\">Sub ClearContentExamples() Range(\"A1\").ClearContents End Sub<\/code><\/pre><div class=\"wp-block-image\"><figure class=\"aligncenter size-large is-resized\"><img loading=\"lazy\" decoding=\"async\" class=\"wp-image-50555\" src=\"https:\/\/exceladvisor.org\/wp-content\/uploads\/2023\/08\/1-effacer-le-contenu-dune-seule-cellule.png\" sizes=\"auto, \" srcset=\"\" alt=\"limpar o conte\u00fado de uma \u00fanica c\u00e9lula\" width=\"302\" height=\"148\"><\/figure><\/div><p> Voc\u00ea tamb\u00e9m pode usar a propriedade cell para definir uma c\u00e9lula e o c\u00f3digo seria: <\/p><pre class=\"wp-block-code\"> <code class=\"language-visual-basic\" lang=\"visual-basic\">Sub ClearContentExamples() Cells(1, 1).ClearContents End Sub<\/code><\/pre><div class=\"wp-block-image\"><figure class=\"aligncenter size-large is-resized\"><img loading=\"lazy\" decoding=\"async\" class=\"wp-image-50556\" src=\"https:\/\/exceladvisor.org\/wp-content\/uploads\/2023\/08\/2-contenus-clairs-a-partir-dun-exemple-de-cellule-unique.png\" sizes=\"auto, \" srcset=\"\" alt=\"limpar o conte\u00fado de um exemplo de c\u00e9lula \u00fanica\" width=\"326\" height=\"147\"><\/figure><\/div><h2 class=\"wp-block-heading\"> Limpar o conte\u00fado de uma faixa<\/h2><p> Da mesma forma, voc\u00ea pode definir um intervalo e usar o m\u00e9todo ClearContent para limpar valores e f\u00f3rmulas desse intervalo. Suponha que voc\u00ea queira limpar os valores do intervalo A1:A10, neste caso o c\u00f3digo seria algo como abaixo. <\/p><pre class=\"wp-block-code\"> <code class=\"language-visual-basic\" lang=\"visual-basic\">Sub ClearContentExamples() Range(\"A1:A10\").ClearContents End Sub<\/code><\/pre><div class=\"wp-block-image\"><figure class=\"aligncenter size-large is-resized\"><img loading=\"lazy\" decoding=\"async\" class=\"wp-image-50557\" src=\"https:\/\/exceladvisor.org\/wp-content\/uploads\/2023\/08\/3-contenus-clairs-de-la-gamme.png\" sizes=\"auto, \" srcset=\"\" alt=\"conte\u00fado de intervalo claro\" width=\"340\" height=\"159\"><\/figure><\/div><h2 class=\"wp-block-heading\"> Limpar o conte\u00fado de uma planilha inteira<\/h2><p> Para limpar o conte\u00fado de uma <a href=\"https:\/\/exceladvisor.org\/pt\/selecionar-tudo\/\">planilha inteira<\/a> , voc\u00ea pode usar o c\u00f3digo abaixo: <\/p><pre class=\"wp-block-code\"> <code class=\"language-visual-basic\" lang=\"visual-basic\">Sub ClearContentExamples() Cells.ClearContents End Sub<\/code><\/pre><div class=\"wp-block-image\"><figure class=\"aligncenter size-large is-resized\"><img loading=\"lazy\" decoding=\"async\" class=\"wp-image-50558\" src=\"https:\/\/exceladvisor.org\/wp-content\/uploads\/2023\/08\/4-contenus-clairs-dune-feuille-entiere.png\" sizes=\"auto, \" srcset=\"\" alt=\"apagar o conte\u00fado de uma folha inteira\" width=\"326\" height=\"165\"><\/figure><\/div><p> E para limpar em uma planilha espec\u00edfica:<\/p><pre class=\"wp-block-code\"> <code class=\"language-visual-basic\" lang=\"visual-basic\">Worksheets(\"Sheet1\").Cells.ClearContents<\/code><\/pre><h2 class=\"wp-block-heading\"> Limpar conte\u00fado da sele\u00e7\u00e3o<\/h2><p> Se quiser escrever um c\u00f3digo din\u00e2mico que possa limpar o conte\u00fado das c\u00e9lulas selecionadas, voc\u00ea pode usar o c\u00f3digo abaixo. <\/p><div class=\"wp-block-image\"><figure class=\"aligncenter size-large is-resized\"><img loading=\"lazy\" decoding=\"async\" class=\"wp-image-50559\" src=\"https:\/\/exceladvisor.org\/wp-content\/uploads\/2023\/08\/5-contenus-clairs-de-la-selection.png\" sizes=\"auto, \" srcset=\"\" alt=\"limpar o conte\u00fado da sele\u00e7\u00e3o\" width=\"320\" height=\"158\"><\/figure><\/div><pre class=\"wp-block-code\"> <code class=\"language-visual-basic\" lang=\"visual-basic\">Sub ClearContentExamples() Selection.ClearContents End Sub<\/code><\/pre><h2 class=\"wp-block-heading\"> Outros m\u00e9todos<\/h2><p> Aqui est\u00e3o alguns dos outros m\u00e9todos que voc\u00ea pode usar:<\/p><pre class=\"wp-block-code\"> <code class=\"language-visual-basic\" lang=\"visual-basic\">Sub ClearContentExamples() Range(\u201cA1\u201d).Clear 'Clears Everything Range(\u201cA1\u201d).ClearComments 'Clear Comments Range(\u201cA1\u201d).ClearFormats 'Clears Formatting Range(\u201cA1\u201d).ClearHyperlinks 'Clear Hyperlinks Range(\u201cA1\u201d).ClearNotes 'Clear Notes Range(\u201cA1\u201d).ClearOutline 'Clears Outline End Sub<\/code><\/pre><div class=\"gb-container gb-container-4db6181c gb-container-mt\"> <a class=\"gb-button gb-button-c5897111 gb-button-text gb-button-mt-button\" href=\"https:\/\/exceladvisor.org\/pt\/vba\/\">O que \u00e9 VBA<\/a><h2 class=\"gb-headline gb-headline-665e5f6b gb-headline-text gb-headline-mt-heading\"> Tutoriais relacionados <\/h2><div class=\"gb-grid-wrapper gb-grid-wrapper-a20baf7c gb-grid-wrapper-mt-grid\"><div class=\"gb-grid-column gb-grid-column-65ddf67e\"><div class=\"gb-container gb-container-65ddf67e\"><ul><li> <a href=\"https:\/\/exceladvisor.org\/pt\/numero-de-linhas\/\">Contar linhas usando VBA no Excel<\/a><\/li><li> <a href=\"https:\/\/exceladvisor.org\/pt\/fonte-de-caracteres\/\">Fonte Excel VBA (cor, tamanho, tipo e negrito)<\/a><\/li><li> <a href=\"https:\/\/exceladvisor.org\/pt\/ocultar-mostrar-linha-da-coluna\/\">Excel VBA Ocultar e mostrar uma coluna ou linha<\/a><\/li><li> <a href=\"https:\/\/exceladvisor.org\/pt\/intervalo-1\/\">Intervalo Excel VBA \u2013 Trabalhando com intervalo e c\u00e9lulas<\/a><\/li><li> <a href=\"https:\/\/exceladvisor.org\/pt\/fronteiras\/\">Aplicar bordas a uma c\u00e9lula usando VBA no Excel<\/a><\/li><\/ul><\/div><\/div><\/div><\/div>","protected":false},"excerpt":{"rendered":"","protected":false},"author":1,"featured_media":0,"parent":0,"menu_order":0,"comment_status":"open","ping_status":"closed","template":"","meta":{"ub_ctt_via":"","footnotes":""},"class_list":["post-96","page","type-page","status-publish","hentry"],"featured_image_src":null,"yoast_head":"<!-- This site is optimized with the Yoast SEO plugin v25.4 - https:\/\/yoast.com\/wordpress\/plugins\/seo\/ -->\n<title>VBA ClearContents: Como limpar o conte\u00fado de uma c\u00e9lula?<\/title>\n<meta name=\"description\" content=\"Com o m\u00e9todo VBA Clear Content, voc\u00ea pode limpar valores e f\u00f3rmulas de uma c\u00e9lula, um intervalo de c\u00e9lulas e uma planilha.\" \/>\n<meta name=\"robots\" content=\"index, follow, max-snippet:-1, max-image-preview:large, max-video-preview:-1\" \/>\n<link rel=\"canonical\" href=\"https:\/\/exceladvisor.org\/pt\/limpar-conteudo-1\/\" \/>\n<meta property=\"og:locale\" content=\"pt_PT\" \/>\n<meta property=\"og:type\" content=\"article\" \/>\n<meta property=\"og:title\" content=\"VBA ClearContents: Como limpar o conte\u00fado de uma c\u00e9lula?\" \/>\n<meta property=\"og:description\" content=\"Com o m\u00e9todo VBA Clear Content, voc\u00ea pode limpar valores e f\u00f3rmulas de uma c\u00e9lula, um intervalo de c\u00e9lulas e uma planilha.\" \/>\n<meta property=\"og:url\" content=\"https:\/\/exceladvisor.org\/pt\/limpar-conteudo-1\/\" \/>\n<meta property=\"og:site_name\" content=\"Excel Advisor\" \/>\n<meta property=\"article:modified_time\" content=\"2023-12-06T11:51:42+00:00\" \/>\n<meta property=\"og:image\" content=\"https:\/\/exceladvisor.org\/wp-content\/uploads\/2023\/08\/1-effacer-le-contenu-dune-seule-cellule.png\" \/>\n<meta name=\"twitter:card\" content=\"summary_large_image\" \/>\n<meta name=\"twitter:label1\" content=\"Tempo estimado de leitura\" \/>\n\t<meta name=\"twitter:data1\" content=\"2 minutos\" \/>\n<script type=\"application\/ld+json\" class=\"yoast-schema-graph\">{\"@context\":\"https:\/\/schema.org\",\"@graph\":[{\"@type\":\"WebPage\",\"@id\":\"https:\/\/exceladvisor.org\/pt\/limpar-conteudo-1\/\",\"url\":\"https:\/\/exceladvisor.org\/pt\/limpar-conteudo-1\/\",\"name\":\"VBA ClearContents: Como limpar o conte\u00fado de uma c\u00e9lula?\",\"isPartOf\":{\"@id\":\"https:\/\/exceladvisor.org\/pt\/#website\"},\"primaryImageOfPage\":{\"@id\":\"https:\/\/exceladvisor.org\/pt\/limpar-conteudo-1\/#primaryimage\"},\"image\":{\"@id\":\"https:\/\/exceladvisor.org\/pt\/limpar-conteudo-1\/#primaryimage\"},\"thumbnailUrl\":\"https:\/\/exceladvisor.org\/wp-content\/uploads\/2023\/08\/1-effacer-le-contenu-dune-seule-cellule.png\",\"datePublished\":\"2023-11-16T14:56:46+00:00\",\"dateModified\":\"2023-12-06T11:51:42+00:00\",\"description\":\"Com o m\u00e9todo VBA Clear Content, voc\u00ea pode limpar valores e f\u00f3rmulas de uma c\u00e9lula, um intervalo de c\u00e9lulas e uma planilha.\",\"breadcrumb\":{\"@id\":\"https:\/\/exceladvisor.org\/pt\/limpar-conteudo-1\/#breadcrumb\"},\"inLanguage\":\"pt-PT\",\"potentialAction\":[{\"@type\":\"ReadAction\",\"target\":[\"https:\/\/exceladvisor.org\/pt\/limpar-conteudo-1\/\"]}]},{\"@type\":\"ImageObject\",\"inLanguage\":\"pt-PT\",\"@id\":\"https:\/\/exceladvisor.org\/pt\/limpar-conteudo-1\/#primaryimage\",\"url\":\"https:\/\/exceladvisor.org\/wp-content\/uploads\/2023\/08\/1-effacer-le-contenu-dune-seule-cellule.png\",\"contentUrl\":\"https:\/\/exceladvisor.org\/wp-content\/uploads\/2023\/08\/1-effacer-le-contenu-dune-seule-cellule.png\"},{\"@type\":\"BreadcrumbList\",\"@id\":\"https:\/\/exceladvisor.org\/pt\/limpar-conteudo-1\/#breadcrumb\",\"itemListElement\":[{\"@type\":\"ListItem\",\"position\":1,\"name\":\"Lar\",\"item\":\"https:\/\/exceladvisor.org\/pt\/\"},{\"@type\":\"ListItem\",\"position\":2,\"name\":\"Vba clearcontents: como limpar o conte\u00fado de uma c\u00e9lula?\"}]},{\"@type\":\"WebSite\",\"@id\":\"https:\/\/exceladvisor.org\/pt\/#website\",\"url\":\"https:\/\/exceladvisor.org\/pt\/\",\"name\":\"Excel Advisor\",\"description\":\"O seu guia definitivo para dominar os dados!\",\"publisher\":{\"@id\":\"https:\/\/exceladvisor.org\/pt\/#organization\"},\"potentialAction\":[{\"@type\":\"SearchAction\",\"target\":{\"@type\":\"EntryPoint\",\"urlTemplate\":\"https:\/\/exceladvisor.org\/pt\/?s={search_term_string}\"},\"query-input\":{\"@type\":\"PropertyValueSpecification\",\"valueRequired\":true,\"valueName\":\"search_term_string\"}}],\"inLanguage\":\"pt-PT\"},{\"@type\":\"Organization\",\"@id\":\"https:\/\/exceladvisor.org\/pt\/#organization\",\"name\":\"Excel Advisor\",\"url\":\"https:\/\/exceladvisor.org\/pt\/\",\"logo\":{\"@type\":\"ImageObject\",\"inLanguage\":\"pt-PT\",\"@id\":\"https:\/\/exceladvisor.org\/pt\/#\/schema\/logo\/image\/\",\"url\":\"https:\/\/exceladvisor.org\/pt\/wp-content\/uploads\/2023\/12\/exceladvisor.org_.png\",\"contentUrl\":\"https:\/\/exceladvisor.org\/pt\/wp-content\/uploads\/2023\/12\/exceladvisor.org_.png\",\"width\":105,\"height\":36,\"caption\":\"Excel Advisor\"},\"image\":{\"@id\":\"https:\/\/exceladvisor.org\/pt\/#\/schema\/logo\/image\/\"}}]}<\/script>\n<!-- \/ Yoast SEO plugin. -->","yoast_head_json":{"title":"VBA ClearContents: Como limpar o conte\u00fado de uma c\u00e9lula?","description":"Com o m\u00e9todo VBA Clear Content, voc\u00ea pode limpar valores e f\u00f3rmulas de uma c\u00e9lula, um intervalo de c\u00e9lulas e uma planilha.","robots":{"index":"index","follow":"follow","max-snippet":"max-snippet:-1","max-image-preview":"max-image-preview:large","max-video-preview":"max-video-preview:-1"},"canonical":"https:\/\/exceladvisor.org\/pt\/limpar-conteudo-1\/","og_locale":"pt_PT","og_type":"article","og_title":"VBA ClearContents: Como limpar o conte\u00fado de uma c\u00e9lula?","og_description":"Com o m\u00e9todo VBA Clear Content, voc\u00ea pode limpar valores e f\u00f3rmulas de uma c\u00e9lula, um intervalo de c\u00e9lulas e uma planilha.","og_url":"https:\/\/exceladvisor.org\/pt\/limpar-conteudo-1\/","og_site_name":"Excel Advisor","article_modified_time":"2023-12-06T11:51:42+00:00","og_image":[{"url":"https:\/\/exceladvisor.org\/wp-content\/uploads\/2023\/08\/1-effacer-le-contenu-dune-seule-cellule.png","type":"","width":"","height":""}],"twitter_card":"summary_large_image","twitter_misc":{"Tempo estimado de leitura":"2 minutos"},"schema":{"@context":"https:\/\/schema.org","@graph":[{"@type":"WebPage","@id":"https:\/\/exceladvisor.org\/pt\/limpar-conteudo-1\/","url":"https:\/\/exceladvisor.org\/pt\/limpar-conteudo-1\/","name":"VBA ClearContents: Como limpar o conte\u00fado de uma c\u00e9lula?","isPartOf":{"@id":"https:\/\/exceladvisor.org\/pt\/#website"},"primaryImageOfPage":{"@id":"https:\/\/exceladvisor.org\/pt\/limpar-conteudo-1\/#primaryimage"},"image":{"@id":"https:\/\/exceladvisor.org\/pt\/limpar-conteudo-1\/#primaryimage"},"thumbnailUrl":"https:\/\/exceladvisor.org\/wp-content\/uploads\/2023\/08\/1-effacer-le-contenu-dune-seule-cellule.png","datePublished":"2023-11-16T14:56:46+00:00","dateModified":"2023-12-06T11:51:42+00:00","description":"Com o m\u00e9todo VBA Clear Content, voc\u00ea pode limpar valores e f\u00f3rmulas de uma c\u00e9lula, um intervalo de c\u00e9lulas e uma planilha.","breadcrumb":{"@id":"https:\/\/exceladvisor.org\/pt\/limpar-conteudo-1\/#breadcrumb"},"inLanguage":"pt-PT","potentialAction":[{"@type":"ReadAction","target":["https:\/\/exceladvisor.org\/pt\/limpar-conteudo-1\/"]}]},{"@type":"ImageObject","inLanguage":"pt-PT","@id":"https:\/\/exceladvisor.org\/pt\/limpar-conteudo-1\/#primaryimage","url":"https:\/\/exceladvisor.org\/wp-content\/uploads\/2023\/08\/1-effacer-le-contenu-dune-seule-cellule.png","contentUrl":"https:\/\/exceladvisor.org\/wp-content\/uploads\/2023\/08\/1-effacer-le-contenu-dune-seule-cellule.png"},{"@type":"BreadcrumbList","@id":"https:\/\/exceladvisor.org\/pt\/limpar-conteudo-1\/#breadcrumb","itemListElement":[{"@type":"ListItem","position":1,"name":"Lar","item":"https:\/\/exceladvisor.org\/pt\/"},{"@type":"ListItem","position":2,"name":"Vba clearcontents: como limpar o conte\u00fado de uma c\u00e9lula?"}]},{"@type":"WebSite","@id":"https:\/\/exceladvisor.org\/pt\/#website","url":"https:\/\/exceladvisor.org\/pt\/","name":"Excel Advisor","description":"O seu guia definitivo para dominar os dados!","publisher":{"@id":"https:\/\/exceladvisor.org\/pt\/#organization"},"potentialAction":[{"@type":"SearchAction","target":{"@type":"EntryPoint","urlTemplate":"https:\/\/exceladvisor.org\/pt\/?s={search_term_string}"},"query-input":{"@type":"PropertyValueSpecification","valueRequired":true,"valueName":"search_term_string"}}],"inLanguage":"pt-PT"},{"@type":"Organization","@id":"https:\/\/exceladvisor.org\/pt\/#organization","name":"Excel Advisor","url":"https:\/\/exceladvisor.org\/pt\/","logo":{"@type":"ImageObject","inLanguage":"pt-PT","@id":"https:\/\/exceladvisor.org\/pt\/#\/schema\/logo\/image\/","url":"https:\/\/exceladvisor.org\/pt\/wp-content\/uploads\/2023\/12\/exceladvisor.org_.png","contentUrl":"https:\/\/exceladvisor.org\/pt\/wp-content\/uploads\/2023\/12\/exceladvisor.org_.png","width":105,"height":36,"caption":"Excel Advisor"},"image":{"@id":"https:\/\/exceladvisor.org\/pt\/#\/schema\/logo\/image\/"}}]}},"yoast_meta":{"yoast_wpseo_title":"","yoast_wpseo_metadesc":"","yoast_wpseo_canonical":""},"_links":{"self":[{"href":"https:\/\/exceladvisor.org\/pt\/wp-json\/wp\/v2\/pages\/96","targetHints":{"allow":["GET"]}}],"collection":[{"href":"https:\/\/exceladvisor.org\/pt\/wp-json\/wp\/v2\/pages"}],"about":[{"href":"https:\/\/exceladvisor.org\/pt\/wp-json\/wp\/v2\/types\/page"}],"author":[{"embeddable":true,"href":"https:\/\/exceladvisor.org\/pt\/wp-json\/wp\/v2\/users\/1"}],"replies":[{"embeddable":true,"href":"https:\/\/exceladvisor.org\/pt\/wp-json\/wp\/v2\/comments?post=96"}],"version-history":[{"count":1,"href":"https:\/\/exceladvisor.org\/pt\/wp-json\/wp\/v2\/pages\/96\/revisions"}],"predecessor-version":[{"id":1497,"href":"https:\/\/exceladvisor.org\/pt\/wp-json\/wp\/v2\/pages\/96\/revisions\/1497"}],"wp:attachment":[{"href":"https:\/\/exceladvisor.org\/pt\/wp-json\/wp\/v2\/media?parent=96"}],"curies":[{"name":"wp","href":"https:\/\/api.w.org\/{rel}","templated":true}]}}