{"id":97,"date":"2023-11-16T14:13:33","date_gmt":"2023-11-16T14:13:33","guid":{"rendered":"https:\/\/exceladvisor.org\/pt\/variavel-global\/"},"modified":"2023-12-06T11:37:11","modified_gmt":"2023-12-06T11:37:11","slug":"variavel-global","status":"publish","type":"page","link":"https:\/\/exceladvisor.org\/pt\/variavel-global\/","title":{"rendered":"Como declarar uma vari\u00e1vel global em vba?"},"content":{"rendered":"<div class=\"excel-before-content-2\" id=\"excel-1226259569\"><script type=\"text\/javascript\">\r\n\tatOptions = {\r\n\t\t'key' : 'c1158f160081d6540a8409e6925dab94',\r\n\t\t'format' : 'iframe',\r\n\t\t'height' : 250,\r\n\t\t'width' : 300,\r\n\t\t'params' : {}\r\n\t};\r\n<\/script>\r\n<script type=\"text\/javascript\" src=\"\/\/www.highperformanceformat.com\/c1158f160081d6540a8409e6925dab94\/invoke.js\"><\/script><\/div><div class=\"excel-before-content\" id=\"excel-711465115\"><script type=\"text\/javascript\">\r\n\tatOptions = {\r\n\t\t'key' : 'c1158f160081d6540a8409e6925dab94',\r\n\t\t'format' : 'iframe',\r\n\t\t'height' : 250,\r\n\t\t'width' : 300,\r\n\t\t'params' : {}\r\n\t};\r\n<\/script>\r\n<script type=\"text\/javascript\" src=\"\/\/www.highperformanceformat.com\/c1158f160081d6540a8409e6925dab94\/invoke.js\"><\/script><\/div> <p>No VBA, ao declarar uma vari\u00e1vel como vari\u00e1vel global, voc\u00ea pode us\u00e1-la em qualquer procedimento em qualquer m\u00f3dulo. Como o nome sugere, voc\u00ea pode us\u00e1-lo em todo o mundo, o que significa que sua disponibilidade est\u00e1 em todo lugar.<\/p><p> Ent\u00e3o, se voc\u00ea tem uma vari\u00e1vel global em \u201cm\u00f3dulo1\u201d e agora deseja us\u00e1-la no m\u00f3dulo2, voc\u00ea pode us\u00e1-la.<\/p><h2 class=\"wp-block-heading\"> Declarar uma vari\u00e1vel global em VBA<\/h2><ol type=\"1\"><li> Primeiro, voc\u00ea precisa usar a palavra-chave \u201cGlobal\u201d<\/li><li> Depois disso, declare o nome da vari\u00e1vel.<\/li><li> A seguir, digite \u201cas\u201d para obter a lista de tipos de dados.<\/li><li> Ao final, selecione o tipo de dados que deseja declarar para a vari\u00e1vel. <\/li><\/ol><div class=\"wp-block-image\"><figure class=\"aligncenter size-large is-resized\"><img loading=\"lazy\" decoding=\"async\" class=\"wp-image-60216\" src=\"https:\/\/exceladvisor.org\/wp-content\/uploads\/2023\/08\/1-variable-globale-dans-vba.png\" sizes=\"auto, \" srcset=\"\" alt=\"vari\u00e1vel global em vba\" width=\"387\" height=\"526\"><\/figure><\/div><p> <strong>Coment\u00e1rios<\/strong><\/p><ol type=\"1\"><li> Ao declarar uma vari\u00e1vel global, voc\u00ea deve declar\u00e1-la antes de escrever um procedimento no m\u00f3dulo, como pode ver no exemplo acima.<\/li><li> Voc\u00ea tamb\u00e9m pode usar a palavra-chave \u201cPublic\u201d para declarar uma vari\u00e1vel como global.<\/li><\/ol><h2 class=\"wp-block-heading\"> Compreendendo o escopo das vari\u00e1veis<\/h2><p> Mas para ter uma compreens\u00e3o clara de uma vari\u00e1vel global, voc\u00ea precisa entender o escopo das vari\u00e1veis. Existem tr\u00eas maneiras de definir escopos de vari\u00e1veis:<\/p><ol type=\"1\"><li> <strong>N\u00edvel de procedimento<\/strong> : voc\u00ea s\u00f3 pode usar uma vari\u00e1vel no mesmo procedimento em que a declara.<\/li><li> <strong>N\u00edvel do m\u00f3dulo (Privado)<\/strong> : Torna uma vari\u00e1vel acess\u00edvel a partir de todos os procedimentos em um m\u00f3dulo.<\/li><li> <strong>N\u00edvel Global (P\u00fablico)<\/strong> : Torna uma vari\u00e1vel acess\u00edvel a partir de todos os procedimentos em todos os m\u00f3dulos.<\/li><\/ol><p> Deixe-me compartilhar algo do mundo real com voc\u00ea para deixar isso claro para voc\u00ea. Trabalho em um espa\u00e7o de coworking e no local onde me sento, no primeiro andar do pr\u00e9dio de tr\u00eas andares, sento-me principalmente no mesmo lugar todos os dias.<\/p><p> <strong>Ao declarar uma vari\u00e1vel com escopo em n\u00edvel de procedimento, voc\u00ea s\u00f3 pode us\u00e1-la dentro do mesmo procedimento.<\/strong><\/p><p> Assim como eu sento no mesmo lugar, no mesmo ch\u00e3o, todos os dias. Mas deixe-me contar mais: embora eu me sente no primeiro andar, tamb\u00e9m posso usar qualquer assento nos outros andares.<\/p><p> E no instant\u00e2neo abaixo, declaramos a vari\u00e1vel \u201ciCon\u201d no topo do m\u00f3dulo usando a palavra-chave Private antes de iniciar qualquer procedimento e usei-a em todos os tr\u00eas c\u00f3digos. <\/p><div class=\"wp-block-image\"><figure class=\"aligncenter size-large is-resized\"><img loading=\"lazy\" decoding=\"async\" class=\"wp-image-60217\" src=\"https:\/\/exceladvisor.org\/wp-content\/uploads\/2023\/08\/2-a-declare-licone-variable.png\" sizes=\"auto, \" srcset=\"\" alt=\"declarou-o-\u00edcone-da-vari\u00e1vel\" width=\"339\" height=\"546\"><\/figure><\/div><p> Pense neste m\u00f3dulo como um edif\u00edcio onde voc\u00ea possui diferentes andares (Procedimentos) e como voc\u00ea j\u00e1 declarou a vari\u00e1vel no in\u00edcio do m\u00f3dulo, voc\u00ea pode utilizar qualquer um dos procedimentos deste m\u00f3dulo. Isso \u00e9 chamado de escopo privado em n\u00edvel de m\u00f3dulo.<\/p><p> <strong>Agora, aqui est\u00e1 a \u00faltima coisa:<\/strong> meu escrit\u00f3rio tem filiais em diferentes cidades do pa\u00eds e, se eu for para l\u00e1, posso ir a esses escrit\u00f3rios e usar qualquer um dos assentos, se quiser. Portanto, se voc\u00ea tiver m\u00f3dulos diferentes em sua pasta de trabalho, poder\u00e1 usar uma vari\u00e1vel em todos esses m\u00f3dulos, declarando-a como P\u00fablica\/Global.<\/p><div class=\"gb-container gb-container-4db6181c gb-container-mt\"> <a class=\"gb-button gb-button-c5897111 gb-button-text gb-button-mt-button\" href=\"https:\/\/exceladvisor.org\/pt\/vba\/\">O que \u00e9 VBA<\/a><h2 class=\"gb-headline gb-headline-665e5f6b gb-headline-text gb-headline-mt-heading\"> Tutoriais relacionados <\/h2><div class=\"gb-grid-wrapper gb-grid-wrapper-a20baf7c gb-grid-wrapper-mt-grid\"><div class=\"gb-grid-column gb-grid-column-65ddf67e\"><div class=\"gb-container gb-container-65ddf67e\"><ul><li> <a href=\"https:\/\/exceladvisor.org\/pt\/faixa-variavel\/\">Use um intervalo ou c\u00e9lula como vari\u00e1vel no VBA<\/a><\/li><li> <a href=\"https:\/\/exceladvisor.org\/pt\/opcao-explicita-2\/\">Declara\u00e7\u00e3o de op\u00e7\u00e3o expl\u00edcita em VBA<\/a><\/li><li> <a href=\"https:\/\/exceladvisor.org\/pt\/caixa-de-mensagem-variavel\/\">Vari\u00e1vel em uma caixa de mensagem<\/a><\/li><li> <a href=\"https:\/\/exceladvisor.org\/pt\/constantes\/\">VBA constante<\/a><\/li><li> <a href=\"https:\/\/exceladvisor.org\/pt\/fraco\/\">Declara\u00e7\u00e3o Dim VBA<\/a> <\/li><\/ul><\/div><\/div><div class=\"gb-grid-column gb-grid-column-50067b57\"><div class=\"gb-container gb-container-50067b57\"><\/div><\/div><\/div><\/div>","protected":false},"excerpt":{"rendered":"","protected":false},"author":1,"featured_media":0,"parent":0,"menu_order":0,"comment_status":"open","ping_status":"closed","template":"","meta":{"ub_ctt_via":"","footnotes":""},"class_list":["post-97","page","type-page","status-publish","hentry"],"featured_image_src":null,"yoast_head":"<!-- This site is optimized with the Yoast SEO plugin v25.4 - https:\/\/yoast.com\/wordpress\/plugins\/seo\/ -->\n<title>\u25b7 Como declarar uma vari\u00e1vel global (p\u00fablica) em VBA?<\/title>\n<meta name=\"description\" content=\"Neste tutorial voc\u00ea aprender\u00e1 como declarar uma vari\u00e1vel global em VBA que pode ser utilizada em todos os procedimentos de um m\u00f3dulo ou em\" \/>\n<meta name=\"robots\" content=\"index, follow, max-snippet:-1, max-image-preview:large, max-video-preview:-1\" \/>\n<link rel=\"canonical\" href=\"https:\/\/exceladvisor.org\/pt\/variavel-global\/\" \/>\n<meta property=\"og:locale\" content=\"pt_PT\" \/>\n<meta property=\"og:type\" content=\"article\" \/>\n<meta property=\"og:title\" content=\"\u25b7 Como declarar uma vari\u00e1vel global (p\u00fablica) em VBA?\" \/>\n<meta property=\"og:description\" content=\"Neste tutorial voc\u00ea aprender\u00e1 como declarar uma vari\u00e1vel global em VBA que pode ser utilizada em todos os procedimentos de um m\u00f3dulo ou em\" \/>\n<meta property=\"og:url\" content=\"https:\/\/exceladvisor.org\/pt\/variavel-global\/\" \/>\n<meta property=\"og:site_name\" content=\"Excel Advisor\" \/>\n<meta property=\"article:modified_time\" content=\"2023-12-06T11:37:11+00:00\" \/>\n<meta property=\"og:image\" content=\"https:\/\/exceladvisor.org\/wp-content\/uploads\/2023\/08\/1-variable-globale-dans-vba.png\" \/>\n<meta name=\"twitter:card\" content=\"summary_large_image\" \/>\n<meta name=\"twitter:label1\" content=\"Tempo estimado de leitura\" \/>\n\t<meta name=\"twitter:data1\" content=\"3 minutos\" \/>\n<script type=\"application\/ld+json\" class=\"yoast-schema-graph\">{\"@context\":\"https:\/\/schema.org\",\"@graph\":[{\"@type\":\"WebPage\",\"@id\":\"https:\/\/exceladvisor.org\/pt\/variavel-global\/\",\"url\":\"https:\/\/exceladvisor.org\/pt\/variavel-global\/\",\"name\":\"\u25b7 Como declarar uma vari\u00e1vel global (p\u00fablica) em VBA?\",\"isPartOf\":{\"@id\":\"https:\/\/exceladvisor.org\/pt\/#website\"},\"primaryImageOfPage\":{\"@id\":\"https:\/\/exceladvisor.org\/pt\/variavel-global\/#primaryimage\"},\"image\":{\"@id\":\"https:\/\/exceladvisor.org\/pt\/variavel-global\/#primaryimage\"},\"thumbnailUrl\":\"https:\/\/exceladvisor.org\/wp-content\/uploads\/2023\/08\/1-variable-globale-dans-vba.png\",\"datePublished\":\"2023-11-16T14:13:33+00:00\",\"dateModified\":\"2023-12-06T11:37:11+00:00\",\"description\":\"Neste tutorial voc\u00ea aprender\u00e1 como declarar uma vari\u00e1vel global em VBA que pode ser utilizada em todos os procedimentos de um m\u00f3dulo ou em\",\"breadcrumb\":{\"@id\":\"https:\/\/exceladvisor.org\/pt\/variavel-global\/#breadcrumb\"},\"inLanguage\":\"pt-PT\",\"potentialAction\":[{\"@type\":\"ReadAction\",\"target\":[\"https:\/\/exceladvisor.org\/pt\/variavel-global\/\"]}]},{\"@type\":\"ImageObject\",\"inLanguage\":\"pt-PT\",\"@id\":\"https:\/\/exceladvisor.org\/pt\/variavel-global\/#primaryimage\",\"url\":\"https:\/\/exceladvisor.org\/wp-content\/uploads\/2023\/08\/1-variable-globale-dans-vba.png\",\"contentUrl\":\"https:\/\/exceladvisor.org\/wp-content\/uploads\/2023\/08\/1-variable-globale-dans-vba.png\"},{\"@type\":\"BreadcrumbList\",\"@id\":\"https:\/\/exceladvisor.org\/pt\/variavel-global\/#breadcrumb\",\"itemListElement\":[{\"@type\":\"ListItem\",\"position\":1,\"name\":\"Lar\",\"item\":\"https:\/\/exceladvisor.org\/pt\/\"},{\"@type\":\"ListItem\",\"position\":2,\"name\":\"Como declarar uma vari\u00e1vel global em vba?\"}]},{\"@type\":\"WebSite\",\"@id\":\"https:\/\/exceladvisor.org\/pt\/#website\",\"url\":\"https:\/\/exceladvisor.org\/pt\/\",\"name\":\"Excel Advisor\",\"description\":\"O seu guia definitivo para dominar os dados!\",\"publisher\":{\"@id\":\"https:\/\/exceladvisor.org\/pt\/#organization\"},\"potentialAction\":[{\"@type\":\"SearchAction\",\"target\":{\"@type\":\"EntryPoint\",\"urlTemplate\":\"https:\/\/exceladvisor.org\/pt\/?s={search_term_string}\"},\"query-input\":{\"@type\":\"PropertyValueSpecification\",\"valueRequired\":true,\"valueName\":\"search_term_string\"}}],\"inLanguage\":\"pt-PT\"},{\"@type\":\"Organization\",\"@id\":\"https:\/\/exceladvisor.org\/pt\/#organization\",\"name\":\"Excel Advisor\",\"url\":\"https:\/\/exceladvisor.org\/pt\/\",\"logo\":{\"@type\":\"ImageObject\",\"inLanguage\":\"pt-PT\",\"@id\":\"https:\/\/exceladvisor.org\/pt\/#\/schema\/logo\/image\/\",\"url\":\"https:\/\/exceladvisor.org\/pt\/wp-content\/uploads\/2023\/12\/exceladvisor.org_.png\",\"contentUrl\":\"https:\/\/exceladvisor.org\/pt\/wp-content\/uploads\/2023\/12\/exceladvisor.org_.png\",\"width\":105,\"height\":36,\"caption\":\"Excel Advisor\"},\"image\":{\"@id\":\"https:\/\/exceladvisor.org\/pt\/#\/schema\/logo\/image\/\"}}]}<\/script>\n<!-- \/ Yoast SEO plugin. -->","yoast_head_json":{"title":"\u25b7 Como declarar uma vari\u00e1vel global (p\u00fablica) em VBA?","description":"Neste tutorial voc\u00ea aprender\u00e1 como declarar uma vari\u00e1vel global em VBA que pode ser utilizada em todos os procedimentos de um m\u00f3dulo ou em","robots":{"index":"index","follow":"follow","max-snippet":"max-snippet:-1","max-image-preview":"max-image-preview:large","max-video-preview":"max-video-preview:-1"},"canonical":"https:\/\/exceladvisor.org\/pt\/variavel-global\/","og_locale":"pt_PT","og_type":"article","og_title":"\u25b7 Como declarar uma vari\u00e1vel global (p\u00fablica) em VBA?","og_description":"Neste tutorial voc\u00ea aprender\u00e1 como declarar uma vari\u00e1vel global em VBA que pode ser utilizada em todos os procedimentos de um m\u00f3dulo ou em","og_url":"https:\/\/exceladvisor.org\/pt\/variavel-global\/","og_site_name":"Excel Advisor","article_modified_time":"2023-12-06T11:37:11+00:00","og_image":[{"url":"https:\/\/exceladvisor.org\/wp-content\/uploads\/2023\/08\/1-variable-globale-dans-vba.png","type":"","width":"","height":""}],"twitter_card":"summary_large_image","twitter_misc":{"Tempo estimado de leitura":"3 minutos"},"schema":{"@context":"https:\/\/schema.org","@graph":[{"@type":"WebPage","@id":"https:\/\/exceladvisor.org\/pt\/variavel-global\/","url":"https:\/\/exceladvisor.org\/pt\/variavel-global\/","name":"\u25b7 Como declarar uma vari\u00e1vel global (p\u00fablica) em VBA?","isPartOf":{"@id":"https:\/\/exceladvisor.org\/pt\/#website"},"primaryImageOfPage":{"@id":"https:\/\/exceladvisor.org\/pt\/variavel-global\/#primaryimage"},"image":{"@id":"https:\/\/exceladvisor.org\/pt\/variavel-global\/#primaryimage"},"thumbnailUrl":"https:\/\/exceladvisor.org\/wp-content\/uploads\/2023\/08\/1-variable-globale-dans-vba.png","datePublished":"2023-11-16T14:13:33+00:00","dateModified":"2023-12-06T11:37:11+00:00","description":"Neste tutorial voc\u00ea aprender\u00e1 como declarar uma vari\u00e1vel global em VBA que pode ser utilizada em todos os procedimentos de um m\u00f3dulo ou em","breadcrumb":{"@id":"https:\/\/exceladvisor.org\/pt\/variavel-global\/#breadcrumb"},"inLanguage":"pt-PT","potentialAction":[{"@type":"ReadAction","target":["https:\/\/exceladvisor.org\/pt\/variavel-global\/"]}]},{"@type":"ImageObject","inLanguage":"pt-PT","@id":"https:\/\/exceladvisor.org\/pt\/variavel-global\/#primaryimage","url":"https:\/\/exceladvisor.org\/wp-content\/uploads\/2023\/08\/1-variable-globale-dans-vba.png","contentUrl":"https:\/\/exceladvisor.org\/wp-content\/uploads\/2023\/08\/1-variable-globale-dans-vba.png"},{"@type":"BreadcrumbList","@id":"https:\/\/exceladvisor.org\/pt\/variavel-global\/#breadcrumb","itemListElement":[{"@type":"ListItem","position":1,"name":"Lar","item":"https:\/\/exceladvisor.org\/pt\/"},{"@type":"ListItem","position":2,"name":"Como declarar uma vari\u00e1vel global em vba?"}]},{"@type":"WebSite","@id":"https:\/\/exceladvisor.org\/pt\/#website","url":"https:\/\/exceladvisor.org\/pt\/","name":"Excel Advisor","description":"O seu guia definitivo para dominar os dados!","publisher":{"@id":"https:\/\/exceladvisor.org\/pt\/#organization"},"potentialAction":[{"@type":"SearchAction","target":{"@type":"EntryPoint","urlTemplate":"https:\/\/exceladvisor.org\/pt\/?s={search_term_string}"},"query-input":{"@type":"PropertyValueSpecification","valueRequired":true,"valueName":"search_term_string"}}],"inLanguage":"pt-PT"},{"@type":"Organization","@id":"https:\/\/exceladvisor.org\/pt\/#organization","name":"Excel Advisor","url":"https:\/\/exceladvisor.org\/pt\/","logo":{"@type":"ImageObject","inLanguage":"pt-PT","@id":"https:\/\/exceladvisor.org\/pt\/#\/schema\/logo\/image\/","url":"https:\/\/exceladvisor.org\/pt\/wp-content\/uploads\/2023\/12\/exceladvisor.org_.png","contentUrl":"https:\/\/exceladvisor.org\/pt\/wp-content\/uploads\/2023\/12\/exceladvisor.org_.png","width":105,"height":36,"caption":"Excel Advisor"},"image":{"@id":"https:\/\/exceladvisor.org\/pt\/#\/schema\/logo\/image\/"}}]}},"yoast_meta":{"yoast_wpseo_title":"","yoast_wpseo_metadesc":"","yoast_wpseo_canonical":""},"_links":{"self":[{"href":"https:\/\/exceladvisor.org\/pt\/wp-json\/wp\/v2\/pages\/97","targetHints":{"allow":["GET"]}}],"collection":[{"href":"https:\/\/exceladvisor.org\/pt\/wp-json\/wp\/v2\/pages"}],"about":[{"href":"https:\/\/exceladvisor.org\/pt\/wp-json\/wp\/v2\/types\/page"}],"author":[{"embeddable":true,"href":"https:\/\/exceladvisor.org\/pt\/wp-json\/wp\/v2\/users\/1"}],"replies":[{"embeddable":true,"href":"https:\/\/exceladvisor.org\/pt\/wp-json\/wp\/v2\/comments?post=97"}],"version-history":[{"count":1,"href":"https:\/\/exceladvisor.org\/pt\/wp-json\/wp\/v2\/pages\/97\/revisions"}],"predecessor-version":[{"id":1018,"href":"https:\/\/exceladvisor.org\/pt\/wp-json\/wp\/v2\/pages\/97\/revisions\/1018"}],"wp:attachment":[{"href":"https:\/\/exceladvisor.org\/pt\/wp-json\/wp\/v2\/media?parent=97"}],"curies":[{"name":"wp","href":"https:\/\/api.w.org\/{rel}","templated":true}]}}