{"id":98,"date":"2023-11-16T13:22:32","date_gmt":"2023-11-16T13:22:32","guid":{"rendered":"https:\/\/exceladvisor.org\/pt\/proteger-a-pasta-de-trabalho\/"},"modified":"2023-12-06T11:41:48","modified_gmt":"2023-12-06T11:41:48","slug":"proteger-a-pasta-de-trabalho","status":"publish","type":"page","link":"https:\/\/exceladvisor.org\/pt\/proteger-a-pasta-de-trabalho\/","title":{"rendered":"Como proteger uma pasta de trabalho com vba?"},"content":{"rendered":"<div class=\"excel-before-content-2\" id=\"excel-723949550\"><script type=\"text\/javascript\">\r\n\tatOptions = {\r\n\t\t'key' : 'c1158f160081d6540a8409e6925dab94',\r\n\t\t'format' : 'iframe',\r\n\t\t'height' : 250,\r\n\t\t'width' : 300,\r\n\t\t'params' : {}\r\n\t};\r\n<\/script>\r\n<script type=\"text\/javascript\" src=\"\/\/www.highperformanceformat.com\/c1158f160081d6540a8409e6925dab94\/invoke.js\"><\/script><\/div><div class=\"excel-before-content\" id=\"excel-1731124961\"><script type=\"text\/javascript\">\r\n\tatOptions = {\r\n\t\t'key' : 'c1158f160081d6540a8409e6925dab94',\r\n\t\t'format' : 'iframe',\r\n\t\t'height' : 250,\r\n\t\t'width' : 300,\r\n\t\t'params' : {}\r\n\t};\r\n<\/script>\r\n<script type=\"text\/javascript\" src=\"\/\/www.highperformanceformat.com\/c1158f160081d6540a8409e6925dab94\/invoke.js\"><\/script><\/div> <p>Para proteger uma pasta de trabalho, voc\u00ea deve usar o m\u00e9todo PROTECT do VBA. Usando esse m\u00e9todo, voc\u00ea pode usar uma senha ou at\u00e9 mesmo ativar a prote\u00e7\u00e3o da pasta de trabalho sem senha. Mas h\u00e1 uma coisa que voc\u00ea precisa considerar para a senha que voc\u00ea usa: CASE SENSITIVE.<\/p><pre class=\"wp-block-code\"> <code class=\"language-visual-basic\" lang=\"visual-basic\">Workbook.Protect \"Password\"<\/code><\/pre><ol type=\"1\"><li> Especifique a pasta de trabalho que voc\u00ea deseja proteger.<\/li><li> Toque e aponte e selecione o m\u00e9todo de prote\u00e7\u00e3o na lista ou voc\u00ea pode tocar em \u201cProteger\u201d.<\/li><li> Digite a senha que deseja definir.<\/li><li> Execute o c\u00f3digo para proteger a pasta de trabalho.<\/li><\/ol><p> Neste tutorial, aprenderemos esse m\u00e9todo de diferentes maneiras e tamb\u00e9m como desproteger uma pasta de trabalho.<\/p><p class=\"content-box-grey\"> <em>Links \u00fateis: <a href=\"https:\/\/exceladvisor.org\/pt\/executar-uma-macro-2\/\">Executar uma macro<\/a> \u2013 <a href=\"https:\/\/exceladvisor.org\/pt\/gravar-uma-macro\/\">Gravador de macro<\/a> \u2013 <a href=\"https:\/\/exceladvisor.org\/pt\/editor-visual-basico\/\">Editor Visual Basic<\/a> \u2013 <a href=\"https:\/\/exceladvisor.org\/pt\/caderno-macro-pessoal\/\">Manual pessoal de macros<\/a><\/em><\/p><h2 class=\"wp-block-heading\"> Proteja uma pasta de trabalho com uma senha<\/h2><p> Abaixo est\u00e1 o c\u00f3digo que voc\u00ea precisa usar para proteger uma pasta de trabalho com senha. Neste c\u00f3digo, primeiro voc\u00ea tem o nome da pasta de trabalho e o m\u00e9todo de prote\u00e7\u00e3o por senha.<\/p><pre class=\"wp-block-code\"> <code class=\"language-visual-basic\" lang=\"visual-basic\">Workbooks(\"Book1\").Protect \"test123\"<\/code><\/pre><p> E quando executo esse c\u00f3digo, ele bloqueia a pasta de trabalho &#8220;Livro1&#8221;. <\/p><div class=\"wp-block-image\"><figure class=\"aligncenter size-large is-resized\"><img loading=\"lazy\" decoding=\"async\" class=\"wp-image-53290\" src=\"https:\/\/exceladvisor.org\/wp-content\/uploads\/2023\/08\/1-il-verrouille-le-classeur-book1.png\" sizes=\"auto, \" srcset=\"\" alt=\"ele bloqueia a pasta book1\" width=\"703\" height=\"282\"><\/figure><\/div><h3 class=\"wp-block-heading\"> Proteja uma pasta de trabalho sem senha<\/h3><p> E se quiser proteger uma pasta de trabalho sem senha, voc\u00ea deve ignorar o argumento \u201cSenha\u201d, assim como o c\u00f3digo a seguir.<\/p><pre class=\"wp-block-code\"> <code class=\"language-visual-basic\" lang=\"visual-basic\">Workbooks(\"Book1\").Protect<\/code><\/pre><p> Se voc\u00ea tentar proteger uma pasta de trabalho sem senha que j\u00e1 esteja protegida por senha, o Excel exibir\u00e1 uma caixa de di\u00e1logo para inserir essa senha.<\/p><h2 class=\"wp-block-heading\"> Desproteger uma pasta de trabalho com uma senha<\/h2><p> Da mesma forma, voc\u00ea pode usar o m\u00e9todo unprotect para desproteger a pasta de trabalho e o c\u00f3digo seria semelhante ao abaixo.<\/p><pre class=\"wp-block-code\"> <code class=\"language-visual-basic\" lang=\"visual-basic\">Workbooks(\"Book1\").Unprotect \"test123\"<\/code><\/pre><p> H\u00e1 uma coisa que voc\u00ea precisa cuidar se estiver tentando desproteger uma pasta de trabalho que est\u00e1<\/p><h3 class=\"wp-block-heading\"> Desproteger uma pasta de trabalho sem senha<\/h3><p> E se uma pasta de trabalho estiver protegida sem senha, voc\u00ea poder\u00e1 usar o mesmo m\u00e9todo sem especificar o argumento de senha.<\/p><h2 class=\"wp-block-heading\"> Proteja todas as pastas de trabalho abertas<\/h2><p> No c\u00f3digo abaixo, temos <a href=\"https:\/\/exceladvisor.org\/pt\/para-o-circuito\/\">um loop FOR EACH<\/a> para percorrer todas as pastas de trabalho abertas e proteger cada pasta de trabalho, uma por uma, usando o mesmo m\u00e9todo de prote\u00e7\u00e3o.<\/p><pre class=\"wp-block-code\"> <code class=\"language-visual-basic\" lang=\"visual-basic\">'variable to use as a workbook Dim wb As Workbook 'loop through all the open workbooks For Each wb In Application.Workbooks 'condition to check workbook name If wb.Name &lt;&gt; \"PERSONAL.XLSB\" Then 'protect every workbook with a password wb.Protect \"test123\" End If Next wb End Sub<\/code><\/pre><p> Como estou usando a pasta de trabalho de macro pessoal, usei uma <a href=\"https:\/\/exceladvisor.org\/pt\/se-2\/\">instru\u00e7\u00e3o IF THEN ELSE<\/a> para ignorar se o nome da pasta de trabalho for &#8221; <a href=\"https:\/\/exceladvisor.org\/pt\/caderno-macro-pessoal\/\">personal.xlsb<\/a> &#8220;. Certifique-se tamb\u00e9m de cuidar disso.<\/p><h2 class=\"wp-block-heading\"> Proteja uma pasta de trabalho fechada<\/h2><p> Voc\u00ea tamb\u00e9m pode proteger e desproteger uma pasta de trabalho fechada salva em um local. Veja o c\u00f3digo a seguir, onde usei o local da minha \u00e1rea de trabalho para usar o arquivo \u201ctest.xlsx\u201d.<\/p><pre class=\"wp-block-code\"> <code class=\"language-visual-basic\" lang=\"visual-basic\">Sub vba_protect_workbook() 'declare varibale to use for the workbook Dim wb As Workbook 'open the workbook that you want to protect Set wb = Workbooks.Open(\"C:UsersDellDesktoptest.xlsx\") 'turn off the screen-updating to _ done everything in the backend Application.ScreenUpdating = False 'protect the workbook wb.Protect 'close the workbook after protecting wb.Close SaveChanges = True 'turn off the screen-updating Application.ScreenUpdating = True End Sub<\/code><\/pre><p> O c\u00f3digo acima usou o m\u00e9todo Workbook.Open para abrir a pasta de trabalho que voc\u00ea deseja proteger e, em seguida, desabilitou a atualiza\u00e7\u00e3o da tela para funcionar no back-end.<\/p><h2 class=\"wp-block-heading\"> Proteja todas as pastas de trabalho fechadas em uma pasta<\/h2><p> O c\u00f3digo a seguir percorre todas as pastas de trabalho que est\u00e3o na pasta especificada como caminho. E ent\u00e3o abra cada fich\u00e1rio, proteja-o e feche um por um.<\/p><pre class=\"wp-block-code\"> <code class=\"language-visual-basic\" lang=\"visual-basic\">Sub vba_protect_all_the_workbooks() 'declare variables Dim wb As Workbook Dim myPath As String Dim myFile As String Dim myExtension As String Dim FldrPicker As FileDialog 'optimize macro Application.ScreenUpdating = False Application.EnableEvents = False Application.Calculation = xlCalculationManual 'specify the folder where workbooks are saved myPath = \"C:UsersDellDesktopfolder\" 'jump to reset setting if there's an error On Error GoTo ResetSettings 'target file fxtension (must include wildcard \"*\") myExtension = \"*.xls*\" 'target path myFile = Dir(myPath &amp; myExtension) 'Loop through each Excel file in folder Do While myFile &lt;&gt; \"\" 'Set variable equal to opened workbook Set wb = Workbooks.Open(Filename:=myPath &amp; myFile) 'protect workbook wb.Protect 'Save and Close Workbook wb.Close SaveChanges:=True 'Get next file name myFile = Dir Loop 'Message Box when task is completed MsgBox \"Done!\" 'reset setting that were change for optimization ResetSettings: Application.EnableEvents = True Application.Calculation = xlCalculationAutomatic Application.ScreenUpdating = True End Sub<\/code><\/pre><div class=\"gb-container gb-container-4db6181c gb-container-mt\"> <a class=\"gb-button gb-button-c5897111 gb-button-text gb-button-mt-button\" href=\"https:\/\/exceladvisor.org\/pt\/vba\/\">O que \u00e9 VBA<\/a><h2 class=\"gb-headline gb-headline-665e5f6b gb-headline-text gb-headline-mt-heading\"> Tutoriais relacionados <\/h2><div class=\"gb-grid-wrapper gb-grid-wrapper-a20baf7c gb-grid-wrapper-mt-grid\"><div class=\"gb-grid-column gb-grid-column-65ddf67e\"><div class=\"gb-container gb-container-65ddf67e\"><ul><li> <a href=\"https:\/\/exceladvisor.org\/pt\/copiar-arquivo-excel\/\">Copie um arquivo Excel (pasta de trabalho) usando VBA<\/a><\/li><li> <a href=\"https:\/\/exceladvisor.org\/pt\/ativar-pasta-de-trabalho\/\">Pasta de trabalho de ativa\u00e7\u00e3o do VBA (arquivo Excel)<\/a><\/li><li> <a href=\"https:\/\/exceladvisor.org\/pt\/feche-a-pasta-de-trabalho\/\">Fechar pasta de trabalho do VBA (arquivo Excel)<\/a><\/li><li> <a href=\"https:\/\/exceladvisor.org\/pt\/combinar-pastas-de-trabalho\/\">Combinar pastas de trabalho VBA (arquivos Excel)<\/a><\/li><li> <a href=\"https:\/\/exceladvisor.org\/pt\/criar-uma-pasta-de-trabalho\/\">VBA Crie uma nova pasta de trabalho (arquivo Excel)<\/a><\/li><\/ul><\/div><\/div><\/div><\/div>","protected":false},"excerpt":{"rendered":"","protected":false},"author":1,"featured_media":0,"parent":0,"menu_order":0,"comment_status":"open","ping_status":"closed","template":"","meta":{"ub_ctt_via":"","footnotes":""},"class_list":["post-98","page","type-page","status-publish","hentry"],"featured_image_src":null,"yoast_head":"<!-- This site is optimized with the Yoast SEO plugin v25.4 - https:\/\/yoast.com\/wordpress\/plugins\/seo\/ -->\n<title>\u25b7 Como proteger uma pasta de trabalho usando VBA no Excel?<\/title>\n<meta name=\"description\" content=\"Este tutorial explica como proteger e desproteger uma pasta de trabalho usando uma senha. Tamb\u00e9m para proteger um arquivo ou...\" \/>\n<meta name=\"robots\" content=\"index, follow, max-snippet:-1, max-image-preview:large, max-video-preview:-1\" \/>\n<link rel=\"canonical\" href=\"https:\/\/exceladvisor.org\/pt\/proteger-a-pasta-de-trabalho\/\" \/>\n<meta property=\"og:locale\" content=\"pt_PT\" \/>\n<meta property=\"og:type\" content=\"article\" \/>\n<meta property=\"og:title\" content=\"\u25b7 Como proteger uma pasta de trabalho usando VBA no Excel?\" \/>\n<meta property=\"og:description\" content=\"Este tutorial explica como proteger e desproteger uma pasta de trabalho usando uma senha. Tamb\u00e9m para proteger um arquivo ou...\" \/>\n<meta property=\"og:url\" content=\"https:\/\/exceladvisor.org\/pt\/proteger-a-pasta-de-trabalho\/\" \/>\n<meta property=\"og:site_name\" content=\"Excel Advisor\" \/>\n<meta property=\"article:modified_time\" content=\"2023-12-06T11:41:48+00:00\" \/>\n<meta property=\"og:image\" content=\"https:\/\/exceladvisor.org\/wp-content\/uploads\/2023\/08\/1-il-verrouille-le-classeur-book1.png\" \/>\n<meta name=\"twitter:card\" content=\"summary_large_image\" \/>\n<meta name=\"twitter:label1\" content=\"Tempo estimado de leitura\" \/>\n\t<meta name=\"twitter:data1\" content=\"4 minutos\" \/>\n<script type=\"application\/ld+json\" class=\"yoast-schema-graph\">{\"@context\":\"https:\/\/schema.org\",\"@graph\":[{\"@type\":\"WebPage\",\"@id\":\"https:\/\/exceladvisor.org\/pt\/proteger-a-pasta-de-trabalho\/\",\"url\":\"https:\/\/exceladvisor.org\/pt\/proteger-a-pasta-de-trabalho\/\",\"name\":\"\u25b7 Como proteger uma pasta de trabalho usando VBA no Excel?\",\"isPartOf\":{\"@id\":\"https:\/\/exceladvisor.org\/pt\/#website\"},\"primaryImageOfPage\":{\"@id\":\"https:\/\/exceladvisor.org\/pt\/proteger-a-pasta-de-trabalho\/#primaryimage\"},\"image\":{\"@id\":\"https:\/\/exceladvisor.org\/pt\/proteger-a-pasta-de-trabalho\/#primaryimage\"},\"thumbnailUrl\":\"https:\/\/exceladvisor.org\/wp-content\/uploads\/2023\/08\/1-il-verrouille-le-classeur-book1.png\",\"datePublished\":\"2023-11-16T13:22:32+00:00\",\"dateModified\":\"2023-12-06T11:41:48+00:00\",\"description\":\"Este tutorial explica como proteger e desproteger uma pasta de trabalho usando uma senha. Tamb\u00e9m para proteger um arquivo ou...\",\"breadcrumb\":{\"@id\":\"https:\/\/exceladvisor.org\/pt\/proteger-a-pasta-de-trabalho\/#breadcrumb\"},\"inLanguage\":\"pt-PT\",\"potentialAction\":[{\"@type\":\"ReadAction\",\"target\":[\"https:\/\/exceladvisor.org\/pt\/proteger-a-pasta-de-trabalho\/\"]}]},{\"@type\":\"ImageObject\",\"inLanguage\":\"pt-PT\",\"@id\":\"https:\/\/exceladvisor.org\/pt\/proteger-a-pasta-de-trabalho\/#primaryimage\",\"url\":\"https:\/\/exceladvisor.org\/wp-content\/uploads\/2023\/08\/1-il-verrouille-le-classeur-book1.png\",\"contentUrl\":\"https:\/\/exceladvisor.org\/wp-content\/uploads\/2023\/08\/1-il-verrouille-le-classeur-book1.png\"},{\"@type\":\"BreadcrumbList\",\"@id\":\"https:\/\/exceladvisor.org\/pt\/proteger-a-pasta-de-trabalho\/#breadcrumb\",\"itemListElement\":[{\"@type\":\"ListItem\",\"position\":1,\"name\":\"Lar\",\"item\":\"https:\/\/exceladvisor.org\/pt\/\"},{\"@type\":\"ListItem\",\"position\":2,\"name\":\"Como proteger uma pasta de trabalho com vba?\"}]},{\"@type\":\"WebSite\",\"@id\":\"https:\/\/exceladvisor.org\/pt\/#website\",\"url\":\"https:\/\/exceladvisor.org\/pt\/\",\"name\":\"Excel Advisor\",\"description\":\"O seu guia definitivo para dominar os dados!\",\"publisher\":{\"@id\":\"https:\/\/exceladvisor.org\/pt\/#organization\"},\"potentialAction\":[{\"@type\":\"SearchAction\",\"target\":{\"@type\":\"EntryPoint\",\"urlTemplate\":\"https:\/\/exceladvisor.org\/pt\/?s={search_term_string}\"},\"query-input\":{\"@type\":\"PropertyValueSpecification\",\"valueRequired\":true,\"valueName\":\"search_term_string\"}}],\"inLanguage\":\"pt-PT\"},{\"@type\":\"Organization\",\"@id\":\"https:\/\/exceladvisor.org\/pt\/#organization\",\"name\":\"Excel Advisor\",\"url\":\"https:\/\/exceladvisor.org\/pt\/\",\"logo\":{\"@type\":\"ImageObject\",\"inLanguage\":\"pt-PT\",\"@id\":\"https:\/\/exceladvisor.org\/pt\/#\/schema\/logo\/image\/\",\"url\":\"https:\/\/exceladvisor.org\/pt\/wp-content\/uploads\/2023\/12\/exceladvisor.org_.png\",\"contentUrl\":\"https:\/\/exceladvisor.org\/pt\/wp-content\/uploads\/2023\/12\/exceladvisor.org_.png\",\"width\":105,\"height\":36,\"caption\":\"Excel Advisor\"},\"image\":{\"@id\":\"https:\/\/exceladvisor.org\/pt\/#\/schema\/logo\/image\/\"}}]}<\/script>\n<!-- \/ Yoast SEO plugin. -->","yoast_head_json":{"title":"\u25b7 Como proteger uma pasta de trabalho usando VBA no Excel?","description":"Este tutorial explica como proteger e desproteger uma pasta de trabalho usando uma senha. Tamb\u00e9m para proteger um arquivo ou...","robots":{"index":"index","follow":"follow","max-snippet":"max-snippet:-1","max-image-preview":"max-image-preview:large","max-video-preview":"max-video-preview:-1"},"canonical":"https:\/\/exceladvisor.org\/pt\/proteger-a-pasta-de-trabalho\/","og_locale":"pt_PT","og_type":"article","og_title":"\u25b7 Como proteger uma pasta de trabalho usando VBA no Excel?","og_description":"Este tutorial explica como proteger e desproteger uma pasta de trabalho usando uma senha. Tamb\u00e9m para proteger um arquivo ou...","og_url":"https:\/\/exceladvisor.org\/pt\/proteger-a-pasta-de-trabalho\/","og_site_name":"Excel Advisor","article_modified_time":"2023-12-06T11:41:48+00:00","og_image":[{"url":"https:\/\/exceladvisor.org\/wp-content\/uploads\/2023\/08\/1-il-verrouille-le-classeur-book1.png","type":"","width":"","height":""}],"twitter_card":"summary_large_image","twitter_misc":{"Tempo estimado de leitura":"4 minutos"},"schema":{"@context":"https:\/\/schema.org","@graph":[{"@type":"WebPage","@id":"https:\/\/exceladvisor.org\/pt\/proteger-a-pasta-de-trabalho\/","url":"https:\/\/exceladvisor.org\/pt\/proteger-a-pasta-de-trabalho\/","name":"\u25b7 Como proteger uma pasta de trabalho usando VBA no Excel?","isPartOf":{"@id":"https:\/\/exceladvisor.org\/pt\/#website"},"primaryImageOfPage":{"@id":"https:\/\/exceladvisor.org\/pt\/proteger-a-pasta-de-trabalho\/#primaryimage"},"image":{"@id":"https:\/\/exceladvisor.org\/pt\/proteger-a-pasta-de-trabalho\/#primaryimage"},"thumbnailUrl":"https:\/\/exceladvisor.org\/wp-content\/uploads\/2023\/08\/1-il-verrouille-le-classeur-book1.png","datePublished":"2023-11-16T13:22:32+00:00","dateModified":"2023-12-06T11:41:48+00:00","description":"Este tutorial explica como proteger e desproteger uma pasta de trabalho usando uma senha. Tamb\u00e9m para proteger um arquivo ou...","breadcrumb":{"@id":"https:\/\/exceladvisor.org\/pt\/proteger-a-pasta-de-trabalho\/#breadcrumb"},"inLanguage":"pt-PT","potentialAction":[{"@type":"ReadAction","target":["https:\/\/exceladvisor.org\/pt\/proteger-a-pasta-de-trabalho\/"]}]},{"@type":"ImageObject","inLanguage":"pt-PT","@id":"https:\/\/exceladvisor.org\/pt\/proteger-a-pasta-de-trabalho\/#primaryimage","url":"https:\/\/exceladvisor.org\/wp-content\/uploads\/2023\/08\/1-il-verrouille-le-classeur-book1.png","contentUrl":"https:\/\/exceladvisor.org\/wp-content\/uploads\/2023\/08\/1-il-verrouille-le-classeur-book1.png"},{"@type":"BreadcrumbList","@id":"https:\/\/exceladvisor.org\/pt\/proteger-a-pasta-de-trabalho\/#breadcrumb","itemListElement":[{"@type":"ListItem","position":1,"name":"Lar","item":"https:\/\/exceladvisor.org\/pt\/"},{"@type":"ListItem","position":2,"name":"Como proteger uma pasta de trabalho com vba?"}]},{"@type":"WebSite","@id":"https:\/\/exceladvisor.org\/pt\/#website","url":"https:\/\/exceladvisor.org\/pt\/","name":"Excel Advisor","description":"O seu guia definitivo para dominar os dados!","publisher":{"@id":"https:\/\/exceladvisor.org\/pt\/#organization"},"potentialAction":[{"@type":"SearchAction","target":{"@type":"EntryPoint","urlTemplate":"https:\/\/exceladvisor.org\/pt\/?s={search_term_string}"},"query-input":{"@type":"PropertyValueSpecification","valueRequired":true,"valueName":"search_term_string"}}],"inLanguage":"pt-PT"},{"@type":"Organization","@id":"https:\/\/exceladvisor.org\/pt\/#organization","name":"Excel Advisor","url":"https:\/\/exceladvisor.org\/pt\/","logo":{"@type":"ImageObject","inLanguage":"pt-PT","@id":"https:\/\/exceladvisor.org\/pt\/#\/schema\/logo\/image\/","url":"https:\/\/exceladvisor.org\/pt\/wp-content\/uploads\/2023\/12\/exceladvisor.org_.png","contentUrl":"https:\/\/exceladvisor.org\/pt\/wp-content\/uploads\/2023\/12\/exceladvisor.org_.png","width":105,"height":36,"caption":"Excel Advisor"},"image":{"@id":"https:\/\/exceladvisor.org\/pt\/#\/schema\/logo\/image\/"}}]}},"yoast_meta":{"yoast_wpseo_title":"","yoast_wpseo_metadesc":"","yoast_wpseo_canonical":""},"_links":{"self":[{"href":"https:\/\/exceladvisor.org\/pt\/wp-json\/wp\/v2\/pages\/98","targetHints":{"allow":["GET"]}}],"collection":[{"href":"https:\/\/exceladvisor.org\/pt\/wp-json\/wp\/v2\/pages"}],"about":[{"href":"https:\/\/exceladvisor.org\/pt\/wp-json\/wp\/v2\/types\/page"}],"author":[{"embeddable":true,"href":"https:\/\/exceladvisor.org\/pt\/wp-json\/wp\/v2\/users\/1"}],"replies":[{"embeddable":true,"href":"https:\/\/exceladvisor.org\/pt\/wp-json\/wp\/v2\/comments?post=98"}],"version-history":[{"count":1,"href":"https:\/\/exceladvisor.org\/pt\/wp-json\/wp\/v2\/pages\/98\/revisions"}],"predecessor-version":[{"id":1159,"href":"https:\/\/exceladvisor.org\/pt\/wp-json\/wp\/v2\/pages\/98\/revisions\/1159"}],"wp:attachment":[{"href":"https:\/\/exceladvisor.org\/pt\/wp-json\/wp\/v2\/media?parent=98"}],"curies":[{"name":"wp","href":"https:\/\/api.w.org\/{rel}","templated":true}]}}