{"id":99,"date":"2023-11-16T13:19:07","date_gmt":"2023-11-16T13:19:07","guid":{"rendered":"https:\/\/exceladvisor.org\/pt\/ocultar-planilha\/"},"modified":"2023-12-06T11:38:45","modified_gmt":"2023-12-06T11:38:45","slug":"ocultar-planilha","status":"publish","type":"page","link":"https:\/\/exceladvisor.org\/pt\/ocultar-planilha\/","title":{"rendered":"Como ocultar\/mostrar uma planilha usando vba?"},"content":{"rendered":"<div class=\"excel-before-content-2\" id=\"excel-81515340\"><script type=\"text\/javascript\">\r\n\tatOptions = {\r\n\t\t'key' : 'c1158f160081d6540a8409e6925dab94',\r\n\t\t'format' : 'iframe',\r\n\t\t'height' : 250,\r\n\t\t'width' : 300,\r\n\t\t'params' : {}\r\n\t};\r\n<\/script>\r\n<script type=\"text\/javascript\" src=\"\/\/www.highperformanceformat.com\/c1158f160081d6540a8409e6925dab94\/invoke.js\"><\/script><\/div><div class=\"excel-before-content\" id=\"excel-3723342573\"><script type=\"text\/javascript\">\r\n\tatOptions = {\r\n\t\t'key' : 'c1158f160081d6540a8409e6925dab94',\r\n\t\t'format' : 'iframe',\r\n\t\t'height' : 250,\r\n\t\t'width' : 300,\r\n\t\t'params' : {}\r\n\t};\r\n<\/script>\r\n<script type=\"text\/javascript\" src=\"\/\/www.highperformanceformat.com\/c1158f160081d6540a8409e6925dab94\/invoke.js\"><\/script><\/div> <p>Voc\u00ea pode usar o c\u00f3digo VBA para ocultar ou mostrar uma planilha no Excel. Ao clicar com o bot\u00e3o direito na guia da planilha, voc\u00ea ver\u00e1 a op\u00e7\u00e3o de ocult\u00e1-la ou mostr\u00e1-la, e o mesmo pode ser feito com um c\u00f3digo VBA.<\/p><p> Neste artigo, veremos algumas das formas e m\u00e9todos que podemos usar.<\/p><h2 class=\"wp-block-heading\"> C\u00f3digo VBA para ocultar uma planilha<\/h2><p> Digamos que voc\u00ea queira ocultar a \u201cPlanilha1\u201d da pasta de trabalho ativa. Neste caso voc\u00ea deve usar um c\u00f3digo como este.<\/p><pre class=\"wp-block-code\"> <code class=\"language-visual-basic\" lang=\"visual-basic\">Sheets(\"Sheet1\").Visible = False<\/code><\/pre><p> No c\u00f3digo acima, voc\u00ea referenciou Sheet1, usou a propriedade vis\u00edvel e alterou para false.<\/p><h2 class=\"wp-block-heading\"> Fa\u00e7a uma folha bem escondida<\/h2><p> Existe outra op\u00e7\u00e3o que voc\u00ea pode usar para criar uma planilha muito oculta que n\u00e3o pode ser facilmente ocultada pelo usu\u00e1rio.<\/p><h2 class=\"wp-block-heading\"> Ocultar uma planilha com base no valor de uma c\u00e9lula<\/h2><p> Ok, se quiser usar um valor de c\u00e9lula em vez de usar diretamente o nome da planilha no c\u00f3digo, voc\u00ea pode consultar esta c\u00e9lula.<\/p><pre class=\"wp-block-code\"> <code class=\"language-visual-basic\" lang=\"visual-basic\">Sheets(Range(\"A1\").Value).Visible = True<\/code><\/pre><p> Este c\u00f3digo faz refer\u00eancia \u00e0 c\u00e9lula A1 e usa o valor ali para se referir \u00e0 planilha que voc\u00ea deseja ocultar.<\/p><p class=\"content-box-grey\"> <em>Links \u00fateis: <a href=\"https:\/\/exceladvisor.org\/pt\/executar-uma-macro-2\/\">Executar uma macro<\/a> \u2013 <a href=\"https:\/\/exceladvisor.org\/pt\/gravar-uma-macro\/\">Gravador de macro<\/a> \u2013 <a href=\"https:\/\/exceladvisor.org\/pt\/editor-visual-basico\/\">Editor Visual Basic<\/a> \u2013 <a href=\"https:\/\/exceladvisor.org\/pt\/caderno-macro-pessoal\/\">Manual pessoal de macros<\/a><\/em><\/p><h2 class=\"wp-block-heading\"> Verifique a folha antes de escond\u00ea-la<\/h2><p> Voc\u00ea tamb\u00e9m pode usar um pequeno c\u00f3digo como este para verificar a planilha cujas sa\u00eddas voc\u00ea deseja ocultar ou n\u00e3o.<\/p><pre class=\"wp-block-code\"> <code class=\"language-visual-basic\" lang=\"visual-basic\">Sub vba_hide_sheet() Dim sht As Worksheet For Each sht In ThisWorkbook.Worksheets If sht.Name = \"Sheet1\" Then sht.Visible = False Exit Sub End If Next sht MsgBox \"Sheet not found\", vbCritical, \"Error\" End Sub<\/code><\/pre><p> O c\u00f3digo acima usa <a href=\"https:\/\/exceladvisor.org\/pt\/para-o-circuito\/\">FOR EACH LOOP<\/a> + <a href=\"https:\/\/exceladvisor.org\/pt\/se-2\/\">IF STATEMENT<\/a> para percorrer cada planilha da pasta de trabalho. E verifique a planilha que deseja ocultar.<\/p><h2 class=\"wp-block-heading\"> Ocultar todas as planilhas (exceto ActiveSheet)<\/h2><p> Agora h\u00e1 uma coisa que voc\u00ea precisa entender: voc\u00ea n\u00e3o pode esconder todas as folhas. Deve haver uma folha vis\u00edvel o tempo todo.<\/p><pre class=\"wp-block-code\"> <code class=\"language-visual-basic\" lang=\"visual-basic\">Sub vba_hide_sheet() Dim ws As Worksheet For Each ws In ThisWorkbook.Sheets If ActiveSheet.Name &lt;&gt; ws.Name Then ws.Visible = False End If Next ws End Sub<\/code><\/pre><p> O c\u00f3digo acima percorre todas as planilhas da pasta de trabalho e, em seguida, corresponde o nome de cada planilha ao nome da planilha ativa e oculta-a se n\u00e3o corresponder.<\/p><h2 class=\"wp-block-heading\"> C\u00f3digo VBA para exibir uma planilha<\/h2><p> Para exibir uma planilha, voc\u00ea deve alterar a propriedade vis\u00edvel para TRUE.<\/p><pre class=\"wp-block-code\"> <code class=\"language-visual-basic\" lang=\"visual-basic\">Sheets(\"Sheet1\").Visible = False<\/code><\/pre><p> Se a planilha que voc\u00ea deseja exibir j\u00e1 estiver vis\u00edvel, este c\u00f3digo n\u00e3o apresentar\u00e1 nenhum erro. Mas se esta planilha n\u00e3o existir, voc\u00ea receber\u00e1 um erro de tempo de execu\u00e7\u00e3o &#8216;9&#8217;. <\/p><div class=\"wp-block-image\"><figure class=\"aligncenter size-large is-resized\"><img loading=\"lazy\" decoding=\"async\" class=\"wp-image-52343\" src=\"https:\/\/exceladvisor.org\/wp-content\/uploads\/2023\/08\/1-code-vba-pour-afficher-une-feuille.png\" sizes=\"auto, \" srcset=\"\" alt=\"c\u00f3digo vba para exibir uma planilha\" width=\"380\" height=\"214\"><\/figure><\/div><h2 class=\"wp-block-heading\"> Use VBA para mostrar todas as planilhas ocultas<\/h2><p> Imagine que voc\u00ea tem v\u00e1rias planilhas ocultas em uma pasta de trabalho e se quiser ocult\u00e1-las manualmente, ter\u00e1 que fazer isso uma por uma.<\/p><p> Mas aqui est\u00e1 o c\u00f3digo que faz isso de uma s\u00f3 vez.<\/p><pre class=\"wp-block-code\"> <code class=\"language-visual-basic\" lang=\"visual-basic\">Sub vba_unhide_sheet() Dim ws As Worksheet For Each ws In ThisWorkbook.Sheets If ws.Visible = False Then ws.Visible = True End If Next ws End Sub<\/code><\/pre><p> Ele passa por cada folha e a desmascara.<\/p><div class=\"gb-container gb-container-4db6181c gb-container-mt\"> <a class=\"gb-button gb-button-c5897111 gb-button-text gb-button-mt-button\" href=\"https:\/\/exceladvisor.org\/pt\/vba\/\">O que \u00e9 VBA<\/a><h2 class=\"gb-headline gb-headline-665e5f6b gb-headline-text gb-headline-mt-heading\"> Tutoriais relacionados <\/h2><div class=\"gb-grid-wrapper gb-grid-wrapper-a20baf7c gb-grid-wrapper-mt-grid\"><div class=\"gb-grid-column gb-grid-column-65ddf67e\"><div class=\"gb-container gb-container-65ddf67e\"><ul><li> <a href=\"https:\/\/exceladvisor.org\/pt\/limpar-folha\/\">LIMPAR uma planilha inteira usando VBA no Excel<\/a><\/li><li> <a href=\"https:\/\/exceladvisor.org\/pt\/folha-de-copia\/\">Copie e mova uma planilha no Excel usando VBA<\/a><\/li><li> <a href=\"https:\/\/exceladvisor.org\/pt\/conte-as-folhas\/\">COUNT planilhas usando VBA no Excel<\/a><\/li><li> <a href=\"https:\/\/exceladvisor.org\/pt\/excluir-uma-planilha-1\/\">EXCLUIR uma FOLHA usando VBA no Excel<\/a><\/li><li> <a href=\"https:\/\/exceladvisor.org\/pt\/proteja-a-folha\/\">PROTEGER e DESPROTEGER uma planilha usando VBA no Excel<\/a> <\/li><\/ul><\/div><\/div><div class=\"gb-grid-column gb-grid-column-50067b57\"><div class=\"gb-container gb-container-50067b57\"><\/div><\/div><\/div><\/div>","protected":false},"excerpt":{"rendered":"","protected":false},"author":1,"featured_media":0,"parent":0,"menu_order":0,"comment_status":"open","ping_status":"closed","template":"","meta":{"ub_ctt_via":"","footnotes":""},"class_list":["post-99","page","type-page","status-publish","hentry"],"featured_image_src":null,"yoast_head":"<!-- This site is optimized with the Yoast SEO plugin v25.4 - https:\/\/yoast.com\/wordpress\/plugins\/seo\/ -->\n<title>\u25b7 Como ocultar\/mostrar uma planilha usando VBA?<\/title>\n<meta name=\"description\" content=\"Este tutorial mostra como ocultar e mostrar uma planilha usando c\u00f3digo VBA. Tamb\u00e9m mostra diferentes\" \/>\n<meta name=\"robots\" content=\"index, follow, max-snippet:-1, max-image-preview:large, max-video-preview:-1\" \/>\n<link rel=\"canonical\" href=\"https:\/\/exceladvisor.org\/pt\/ocultar-planilha\/\" \/>\n<meta property=\"og:locale\" content=\"pt_PT\" \/>\n<meta property=\"og:type\" content=\"article\" \/>\n<meta property=\"og:title\" content=\"\u25b7 Como ocultar\/mostrar uma planilha usando VBA?\" \/>\n<meta property=\"og:description\" content=\"Este tutorial mostra como ocultar e mostrar uma planilha usando c\u00f3digo VBA. Tamb\u00e9m mostra diferentes\" \/>\n<meta property=\"og:url\" content=\"https:\/\/exceladvisor.org\/pt\/ocultar-planilha\/\" \/>\n<meta property=\"og:site_name\" content=\"Excel Advisor\" \/>\n<meta property=\"article:modified_time\" content=\"2023-12-06T11:38:45+00:00\" \/>\n<meta property=\"og:image\" content=\"https:\/\/exceladvisor.org\/wp-content\/uploads\/2023\/08\/1-code-vba-pour-afficher-une-feuille.png\" \/>\n<meta name=\"twitter:card\" content=\"summary_large_image\" \/>\n<meta name=\"twitter:label1\" content=\"Tempo estimado de leitura\" \/>\n\t<meta name=\"twitter:data1\" content=\"3 minutos\" \/>\n<script type=\"application\/ld+json\" class=\"yoast-schema-graph\">{\"@context\":\"https:\/\/schema.org\",\"@graph\":[{\"@type\":\"WebPage\",\"@id\":\"https:\/\/exceladvisor.org\/pt\/ocultar-planilha\/\",\"url\":\"https:\/\/exceladvisor.org\/pt\/ocultar-planilha\/\",\"name\":\"\u25b7 Como ocultar\/mostrar uma planilha usando VBA?\",\"isPartOf\":{\"@id\":\"https:\/\/exceladvisor.org\/pt\/#website\"},\"primaryImageOfPage\":{\"@id\":\"https:\/\/exceladvisor.org\/pt\/ocultar-planilha\/#primaryimage\"},\"image\":{\"@id\":\"https:\/\/exceladvisor.org\/pt\/ocultar-planilha\/#primaryimage\"},\"thumbnailUrl\":\"https:\/\/exceladvisor.org\/wp-content\/uploads\/2023\/08\/1-code-vba-pour-afficher-une-feuille.png\",\"datePublished\":\"2023-11-16T13:19:07+00:00\",\"dateModified\":\"2023-12-06T11:38:45+00:00\",\"description\":\"Este tutorial mostra como ocultar e mostrar uma planilha usando c\u00f3digo VBA. Tamb\u00e9m mostra diferentes\",\"breadcrumb\":{\"@id\":\"https:\/\/exceladvisor.org\/pt\/ocultar-planilha\/#breadcrumb\"},\"inLanguage\":\"pt-PT\",\"potentialAction\":[{\"@type\":\"ReadAction\",\"target\":[\"https:\/\/exceladvisor.org\/pt\/ocultar-planilha\/\"]}]},{\"@type\":\"ImageObject\",\"inLanguage\":\"pt-PT\",\"@id\":\"https:\/\/exceladvisor.org\/pt\/ocultar-planilha\/#primaryimage\",\"url\":\"https:\/\/exceladvisor.org\/wp-content\/uploads\/2023\/08\/1-code-vba-pour-afficher-une-feuille.png\",\"contentUrl\":\"https:\/\/exceladvisor.org\/wp-content\/uploads\/2023\/08\/1-code-vba-pour-afficher-une-feuille.png\"},{\"@type\":\"BreadcrumbList\",\"@id\":\"https:\/\/exceladvisor.org\/pt\/ocultar-planilha\/#breadcrumb\",\"itemListElement\":[{\"@type\":\"ListItem\",\"position\":1,\"name\":\"Lar\",\"item\":\"https:\/\/exceladvisor.org\/pt\/\"},{\"@type\":\"ListItem\",\"position\":2,\"name\":\"Como ocultar\/mostrar uma planilha usando vba?\"}]},{\"@type\":\"WebSite\",\"@id\":\"https:\/\/exceladvisor.org\/pt\/#website\",\"url\":\"https:\/\/exceladvisor.org\/pt\/\",\"name\":\"Excel Advisor\",\"description\":\"O seu guia definitivo para dominar os dados!\",\"publisher\":{\"@id\":\"https:\/\/exceladvisor.org\/pt\/#organization\"},\"potentialAction\":[{\"@type\":\"SearchAction\",\"target\":{\"@type\":\"EntryPoint\",\"urlTemplate\":\"https:\/\/exceladvisor.org\/pt\/?s={search_term_string}\"},\"query-input\":{\"@type\":\"PropertyValueSpecification\",\"valueRequired\":true,\"valueName\":\"search_term_string\"}}],\"inLanguage\":\"pt-PT\"},{\"@type\":\"Organization\",\"@id\":\"https:\/\/exceladvisor.org\/pt\/#organization\",\"name\":\"Excel Advisor\",\"url\":\"https:\/\/exceladvisor.org\/pt\/\",\"logo\":{\"@type\":\"ImageObject\",\"inLanguage\":\"pt-PT\",\"@id\":\"https:\/\/exceladvisor.org\/pt\/#\/schema\/logo\/image\/\",\"url\":\"https:\/\/exceladvisor.org\/pt\/wp-content\/uploads\/2023\/12\/exceladvisor.org_.png\",\"contentUrl\":\"https:\/\/exceladvisor.org\/pt\/wp-content\/uploads\/2023\/12\/exceladvisor.org_.png\",\"width\":105,\"height\":36,\"caption\":\"Excel Advisor\"},\"image\":{\"@id\":\"https:\/\/exceladvisor.org\/pt\/#\/schema\/logo\/image\/\"}}]}<\/script>\n<!-- \/ Yoast SEO plugin. -->","yoast_head_json":{"title":"\u25b7 Como ocultar\/mostrar uma planilha usando VBA?","description":"Este tutorial mostra como ocultar e mostrar uma planilha usando c\u00f3digo VBA. Tamb\u00e9m mostra diferentes","robots":{"index":"index","follow":"follow","max-snippet":"max-snippet:-1","max-image-preview":"max-image-preview:large","max-video-preview":"max-video-preview:-1"},"canonical":"https:\/\/exceladvisor.org\/pt\/ocultar-planilha\/","og_locale":"pt_PT","og_type":"article","og_title":"\u25b7 Como ocultar\/mostrar uma planilha usando VBA?","og_description":"Este tutorial mostra como ocultar e mostrar uma planilha usando c\u00f3digo VBA. Tamb\u00e9m mostra diferentes","og_url":"https:\/\/exceladvisor.org\/pt\/ocultar-planilha\/","og_site_name":"Excel Advisor","article_modified_time":"2023-12-06T11:38:45+00:00","og_image":[{"url":"https:\/\/exceladvisor.org\/wp-content\/uploads\/2023\/08\/1-code-vba-pour-afficher-une-feuille.png","type":"","width":"","height":""}],"twitter_card":"summary_large_image","twitter_misc":{"Tempo estimado de leitura":"3 minutos"},"schema":{"@context":"https:\/\/schema.org","@graph":[{"@type":"WebPage","@id":"https:\/\/exceladvisor.org\/pt\/ocultar-planilha\/","url":"https:\/\/exceladvisor.org\/pt\/ocultar-planilha\/","name":"\u25b7 Como ocultar\/mostrar uma planilha usando VBA?","isPartOf":{"@id":"https:\/\/exceladvisor.org\/pt\/#website"},"primaryImageOfPage":{"@id":"https:\/\/exceladvisor.org\/pt\/ocultar-planilha\/#primaryimage"},"image":{"@id":"https:\/\/exceladvisor.org\/pt\/ocultar-planilha\/#primaryimage"},"thumbnailUrl":"https:\/\/exceladvisor.org\/wp-content\/uploads\/2023\/08\/1-code-vba-pour-afficher-une-feuille.png","datePublished":"2023-11-16T13:19:07+00:00","dateModified":"2023-12-06T11:38:45+00:00","description":"Este tutorial mostra como ocultar e mostrar uma planilha usando c\u00f3digo VBA. Tamb\u00e9m mostra diferentes","breadcrumb":{"@id":"https:\/\/exceladvisor.org\/pt\/ocultar-planilha\/#breadcrumb"},"inLanguage":"pt-PT","potentialAction":[{"@type":"ReadAction","target":["https:\/\/exceladvisor.org\/pt\/ocultar-planilha\/"]}]},{"@type":"ImageObject","inLanguage":"pt-PT","@id":"https:\/\/exceladvisor.org\/pt\/ocultar-planilha\/#primaryimage","url":"https:\/\/exceladvisor.org\/wp-content\/uploads\/2023\/08\/1-code-vba-pour-afficher-une-feuille.png","contentUrl":"https:\/\/exceladvisor.org\/wp-content\/uploads\/2023\/08\/1-code-vba-pour-afficher-une-feuille.png"},{"@type":"BreadcrumbList","@id":"https:\/\/exceladvisor.org\/pt\/ocultar-planilha\/#breadcrumb","itemListElement":[{"@type":"ListItem","position":1,"name":"Lar","item":"https:\/\/exceladvisor.org\/pt\/"},{"@type":"ListItem","position":2,"name":"Como ocultar\/mostrar uma planilha usando vba?"}]},{"@type":"WebSite","@id":"https:\/\/exceladvisor.org\/pt\/#website","url":"https:\/\/exceladvisor.org\/pt\/","name":"Excel Advisor","description":"O seu guia definitivo para dominar os dados!","publisher":{"@id":"https:\/\/exceladvisor.org\/pt\/#organization"},"potentialAction":[{"@type":"SearchAction","target":{"@type":"EntryPoint","urlTemplate":"https:\/\/exceladvisor.org\/pt\/?s={search_term_string}"},"query-input":{"@type":"PropertyValueSpecification","valueRequired":true,"valueName":"search_term_string"}}],"inLanguage":"pt-PT"},{"@type":"Organization","@id":"https:\/\/exceladvisor.org\/pt\/#organization","name":"Excel Advisor","url":"https:\/\/exceladvisor.org\/pt\/","logo":{"@type":"ImageObject","inLanguage":"pt-PT","@id":"https:\/\/exceladvisor.org\/pt\/#\/schema\/logo\/image\/","url":"https:\/\/exceladvisor.org\/pt\/wp-content\/uploads\/2023\/12\/exceladvisor.org_.png","contentUrl":"https:\/\/exceladvisor.org\/pt\/wp-content\/uploads\/2023\/12\/exceladvisor.org_.png","width":105,"height":36,"caption":"Excel Advisor"},"image":{"@id":"https:\/\/exceladvisor.org\/pt\/#\/schema\/logo\/image\/"}}]}},"yoast_meta":{"yoast_wpseo_title":"","yoast_wpseo_metadesc":"","yoast_wpseo_canonical":""},"_links":{"self":[{"href":"https:\/\/exceladvisor.org\/pt\/wp-json\/wp\/v2\/pages\/99","targetHints":{"allow":["GET"]}}],"collection":[{"href":"https:\/\/exceladvisor.org\/pt\/wp-json\/wp\/v2\/pages"}],"about":[{"href":"https:\/\/exceladvisor.org\/pt\/wp-json\/wp\/v2\/types\/page"}],"author":[{"embeddable":true,"href":"https:\/\/exceladvisor.org\/pt\/wp-json\/wp\/v2\/users\/1"}],"replies":[{"embeddable":true,"href":"https:\/\/exceladvisor.org\/pt\/wp-json\/wp\/v2\/comments?post=99"}],"version-history":[{"count":1,"href":"https:\/\/exceladvisor.org\/pt\/wp-json\/wp\/v2\/pages\/99\/revisions"}],"predecessor-version":[{"id":1150,"href":"https:\/\/exceladvisor.org\/pt\/wp-json\/wp\/v2\/pages\/99\/revisions\/1150"}],"wp:attachment":[{"href":"https:\/\/exceladvisor.org\/pt\/wp-json\/wp\/v2\/media?parent=99"}],"curies":[{"name":"wp","href":"https:\/\/api.w.org\/{rel}","templated":true}]}}