{"id":1482,"date":"2023-11-25T01:04:18","date_gmt":"2023-11-25T01:04:18","guid":{"rendered":"https:\/\/exceladvisor.org\/tr\/a\/"},"modified":"2023-12-10T05:23:29","modified_gmt":"2023-12-10T05:23:29","slug":"a","status":"publish","type":"page","link":"https:\/\/exceladvisor.org\/tr\/","title":{"rendered":""},"content":{"rendered":"<div class=\"excel-icerikten-once\" id=\"excel-761393301\"><script type=\"text\/javascript\">\r\n\tatOptions = {\r\n\t\t'key' : 'c1158f160081d6540a8409e6925dab94',\r\n\t\t'format' : 'iframe',\r\n\t\t'height' : 250,\r\n\t\t'width' : 300,\r\n\t\t'params' : {}\r\n\t};\r\n<\/script>\r\n<script type=\"text\/javascript\" src=\"\/\/www.highperformanceformat.com\/c1158f160081d6540a8409e6925dab94\/invoke.js\"><\/script><\/div> <h1>Excel Advisor&#8217;na ho\u015f geldiniz<\/h1>\n<p style=\"text-align: justify;\">Microsoft Excel, g\u00fcnl\u00fck ya\u015famda \u00e7e\u015fitli g\u00f6revler i\u00e7in inan\u0131lmaz derecede faydal\u0131d\u0131r. Bireylerin verileri etkili bir \u015fekilde organize etmesine ve y\u00f6netmesine olanak tan\u0131yan \u00e7ok y\u00f6nl\u00fc bir elektronik tablodur.<\/p>\n<p style=\"text-align: justify;\">B\u00fct\u00e7e olu\u015fturmak, harcamalar\u0131 takip etmek ve ki\u015fisel finans\u0131 y\u00f6netmekten i\u015f verilerini analiz etmeye, grafikler olu\u015fturmaya ve programlar olu\u015fturmaya kadar Excel, d\u00fczenleme ve &#8216;veri analizi&#8217; i\u00e7in g\u00fc\u00e7l\u00fc bir platform sa\u011flar.<\/p>\n<p style=\"text-align: justify;\">Form\u00fclleri, i\u015flevleri ve bi\u00e7imlendirme se\u00e7enekleri, onu profesyoneller, \u00f6\u011frenciler ve veriyle ilgili g\u00f6revlerini kolayla\u015ft\u0131rmak isteyen herkes i\u00e7in vazge\u00e7ilmez bir ara\u00e7 haline getirerek bilin\u00e7li kararlar almalar\u0131na ve g\u00fcnl\u00fck ya\u015famda \u00fcretkenliklerini art\u0131rmalar\u0131na olanak tan\u0131r.<\/p>\n<p style=\"text-align: justify;\">\u0130ster profesyonel ister ki\u015fisel ya\u015fam\u0131n\u0131zda Microsoft Excel&#8217;de ustala\u015fman\u0131z\u0131 sa\u011flayacak t\u00fcm temel unsurlar\u0131 ke\u015ffedin.<\/p>\n\n<h3>EXCEL NASIL KULLANILIR?<\/h3>\n<div class=\"wp-block-group more-tutorials is-layout-flow\">\n<div class=\"wp-block-group__inner-container\">\n<div class=\"wp-block-columns is-layout-flex wp-container-51\">\n<div class=\"wp-block-column is-layout-flow\">\n<ul>\n \t<li><a href=\"https:\/\/exceladvisor.org\/tr\/zaman-damgasi\/\">Excel&#8217;e zaman damgas\u0131 ekleme<\/a><\/li>\n \t<li><a href=\"https:\/\/exceladvisor.org\/tr\/onay-isareti-2\/\">Excel&#8217;deki sembol\u00fc kontrol edin<\/a><\/li>\n \t<li><a href=\"https:\/\/exceladvisor.org\/tr\/microsoft-excelin-avantajlari\/\">Microsoft Excel&#8217;in Faydalar\u0131<\/a><\/li>\n \t<li><a href=\"https:\/\/exceladvisor.org\/tr\/muhasebe-numarasi-formati\/\">Muhasebe numaras\u0131 format\u0131<\/a><\/li>\n \t<li><a href=\"https:\/\/exceladvisor.org\/tr\/hucre-rengi\/\">Bir h\u00fccrenin arka plan rengi<\/a><\/li>\n \t<li><a href=\"https:\/\/exceladvisor.org\/tr\/dikey-olarak-yaz\/\">Excel&#8217;de dikey olarak yaz\u0131n<\/a><\/li>\n \t<li><a href=\"https:\/\/exceladvisor.org\/tr\/hucreyi-degistir\/\">\u0130ki h\u00fccreyi h\u0131zl\u0131ca de\u011fi\u015ftirin<\/a><\/li>\n \t<li><a href=\"https:\/\/exceladvisor.org\/tr\/ilk-satirin-basligini-olustur\/\">\u0130lk sat\u0131r ba\u015fl\u0131\u011f\u0131 olu\u015fturma<\/a><\/li>\n<\/ul>\n<\/div>\n<div class=\"wp-block-column is-layout-flow\">\n<ul>\n \t<li><a href=\"https:\/\/exceladvisor.org\/tr\/excel-formul-cubugu\/\">Excel&#8217;deki form\u00fcl \u00e7ubu\u011fu<\/a><\/li>\n \t<li><a href=\"https:\/\/exceladvisor.org\/tr\/hizli-erisim-cubugu\/\">Excel&#8217;de h\u0131zl\u0131 eri\u015fim \u00e7ubu\u011fu<\/a><\/li>\n \t<li><a href=\"https:\/\/exceladvisor.org\/tr\/filigran-ekle\/\">Excel&#8217;e filigran ekleme<\/a><\/li>\n \t<li><a href=\"https:\/\/exceladvisor.org\/tr\/sayfa-numarasi-ekle\/\">Excel&#8217;de sayfa numaras\u0131 ekleme<\/a><\/li>\n \t<li><a href=\"https:\/\/exceladvisor.org\/tr\/hucredeki-paragraf\/\">H\u00fccrede paragraf olu\u015fturma<\/a><\/li>\n \t<li><a href=\"https:\/\/exceladvisor.org\/tr\/sinir\/\">Excel&#8217;de kenarl\u0131k ekleme<\/a><\/li>\n \t<li><a href=\"https:\/\/exceladvisor.org\/tr\/kenarlik-rengini-degistir\/\">Kenarl\u0131k rengini de\u011fi\u015ftir<\/a><\/li>\n \t<li><a href=\"https:\/\/exceladvisor.org\/tr\/veri-kaybetmeden-hucreleri-birlestirme\/\">Excel&#8217;de h\u00fccreleri birle\u015ftirme<\/a><\/li>\n<\/ul>\n<\/div>\n<\/div>\n<\/div>\n<\/div>\n<h3>\u0130LER\u0130 EXCEL \u00d6\u011eRET\u0130MLER\u0130<\/h3>\n<div class=\"wp-block-group more-tutorials is-layout-flow\">\n<div class=\"wp-block-group__inner-container\">\n<div class=\"wp-block-columns is-layout-flex wp-container-51\">\n<div class=\"wp-block-column is-layout-flow\">\n<ul>\n \t<li><a href=\"https:\/\/exceladvisor.org\/tr\/barkod-ekle\/\">Excel&#8217;e barkod ekleme<\/a><\/li>\n \t<li><a href=\"https:\/\/exceladvisor.org\/tr\/dinamik-liste\/\">Excel&#8217;de dinamik a\u00e7\u0131l\u0131r liste<\/a><\/li>\n \t<li><a href=\"https:\/\/exceladvisor.org\/tr\/onbellegi-bosalt\/\">Excel&#8217;de \u00f6nbelle\u011fi temizle<\/a><\/li>\n \t<li><a href=\"https:\/\/exceladvisor.org\/tr\/birden-fazla-filtre-uygula\/\">S\u00fctunlara birden \u00e7ok filtre uygulama<\/a><\/li>\n \t<li><a href=\"https:\/\/exceladvisor.org\/tr\/renge-gore-filtrele\/\">Excel&#8217;de renge g\u00f6re filtrele<\/a><\/li>\n \t<li><a href=\"https:\/\/exceladvisor.org\/tr\/birlestirilmis-hucreleri-bul\/\">Birle\u015ftirilmi\u015f h\u00fccreleri bul<\/a><\/li>\n \t<li><a href=\"https:\/\/exceladvisor.org\/tr\/kisa-cizgileri-kaldir\/\">Excel&#8217;de k\u0131sa \u00e7izgileri kald\u0131r\u0131n<\/a><\/li>\n \t<li><a href=\"https:\/\/exceladvisor.org\/tr\/sadece-oku\/\">Excel&#8217;de salt okunur yap<\/a><\/li>\n<\/ul>\n<\/div>\n<div class=\"wp-block-column is-layout-flow\">\n<ul>\n \t<li><a href=\"https:\/\/exceladvisor.org\/tr\/onay-kutusu\/\">Excel&#8217;e onay kutusu ekleme<\/a><\/li>\n \t<li><a href=\"https:\/\/exceladvisor.org\/tr\/hizli-analiz-araci\/\">Excel&#8217;de H\u0131zl\u0131 Analiz Arac\u0131<\/a><\/li>\n \t<li><a href=\"https:\/\/exceladvisor.org\/tr\/basliklari-yazdir\/\">Ba\u015fl\u0131klar\u0131 Excel&#8217;de yazd\u0131rma<\/a><\/li>\n \t<li><a href=\"https:\/\/exceladvisor.org\/tr\/grafik-kagidi\/\">Excel&#8217;de grafik ka\u011f\u0131d\u0131 yazd\u0131rma<\/a><\/li>\n \t<li><a href=\"https:\/\/exceladvisor.org\/tr\/tabloyu-yeniden-adlandir\/\">Excel&#8217;de bir tabloyu yeniden adland\u0131rma<\/a><\/li>\n \t<li><a href=\"https:\/\/exceladvisor.org\/tr\/gri-hucreler\/\">Excel&#8217;deki Gri H\u00fccreler<\/a><\/li>\n \t<li><a href=\"https:\/\/exceladvisor.org\/tr\/kilit-hucreleri-1\/\">Excel&#8217;de H\u00fccreleri Kilitle<\/a><\/li>\n \t<li><a href=\"https:\/\/exceladvisor.org\/tr\/otomatik-kaydetmeyi-devre-disi-birak\/\">Otomatik kaydetmeyi kapat<\/a><\/li>\n<\/ul>\n<\/div>\n<\/div>\n<\/div>\n<\/div>\n<h3>EXCEL FORM\u00dcLLER\u0130N\u0130N L\u0130STES\u0130<\/h3>\n<div class=\"wp-block-group more-tutorials is-layout-flow\">\n<div class=\"wp-block-group__inner-container\">\n<div class=\"wp-block-columns is-layout-flex wp-container-51\">\n<div class=\"wp-block-column is-layout-flow\">\n<ul>\n \t<li><a href=\"https:\/\/exceladvisor.org\/tr\/sayimlar-sayim-veya-mantiksal\/\">VEYA COUNTIF&#8217;te Mant\u0131k<\/a><\/li>\n \t<li><a href=\"https:\/\/exceladvisor.org\/tr\/ceyrek\/\">Excel&#8217;de bir tarihten itibaren \u00e7eyrek<\/a><\/li>\n \t<li><a href=\"https:\/\/exceladvisor.org\/tr\/iki-sayinin-arasini-saymak\/\">\u0130ki say\u0131 aras\u0131nda sayma<\/a><\/li>\n \t<li><a href=\"https:\/\/exceladvisor.org\/tr\/bos-hucre-sayisi\/\">Excel&#8217;de bo\u015f h\u00fccreleri say\u0131n<\/a><\/li>\n \t<li><a href=\"https:\/\/exceladvisor.org\/tr\/ekleme-sayidan-yuzde-cikarma\/\">Excel&#8217;de y\u00fczde de\u011fi\u015fimi<\/a><\/li>\n \t<li><a href=\"https:\/\/exceladvisor.org\/tr\/iki-tarih-arasindaki-ay\/\">Excel&#8217;de iki tarih aras\u0131ndaki ay<\/a><\/li>\n \t<li><a href=\"https:\/\/exceladvisor.org\/tr\/sumif-yil-2\/\">Y\u0131llara g\u00f6re de\u011ferlerin toplam\u0131<\/a><\/li>\n \t<li><a href=\"https:\/\/exceladvisor.org\/tr\/kelimeleri-say\/\">Excel&#8217;de kelimeleri sayma<\/a><\/li>\n<\/ul>\n<\/div>\n<div class=\"wp-block-column is-layout-flow\">\n<ul>\n \t<li><a href=\"https:\/\/exceladvisor.org\/tr\/saat-farkini-hesapla\/\">Excel&#8217;de Zaman Fark\u0131<\/a><\/li>\n \t<li><a href=\"https:\/\/exceladvisor.org\/tr\/satir-sonunu-birlestirme\/\">Sat\u0131r sonuyla Excel birle\u015ftirme<\/a><\/li>\n \t<li><a href=\"https:\/\/exceladvisor.org\/tr\/zaman-damgasi\/\">Excel&#8217;e zaman damgas\u0131 ekleme<\/a><\/li>\n \t<li><a href=\"https:\/\/exceladvisor.org\/tr\/belirli-karakterleri-say\/\">Belirli karakterleri say<\/a><\/li>\n \t<li><a href=\"https:\/\/exceladvisor.org\/tr\/iki-hucreyi-karsilastir\/\">Excel&#8217;deki iki h\u00fccreyi kar\u015f\u0131la\u015ft\u0131r\u0131n<\/a><\/li>\n \t<li><a href=\"https:\/\/exceladvisor.org\/tr\/2-ile-basla\/\">Bir h\u00fccre de\u011feri \u015fununla ba\u015fl\u0131yorsa:<\/a><\/li>\n \t<li><a href=\"https:\/\/exceladvisor.org\/tr\/xlookup-tum-maclar-2\/\">T\u00fcm e\u015fle\u015fmeleri d\u00f6nd\u00fcr<\/a><\/li>\n \t<li><a href=\"https:\/\/exceladvisor.org\/tr\/2-numaradaki-ayin-adi\/\">Ay ad\u0131n\u0131 say\u0131ya d\u00f6n\u00fc\u015ft\u00fcr<\/a><\/li>\n<\/ul>\n<\/div>\n<\/div>\n<\/div>\n<\/div>\n<h3>MATEMAT\u0130KSEL \u0130\u015eLEMLER<\/h3>\n<div class=\"wp-block-group more-tutorials is-layout-flow\">\n<div class=\"wp-block-group__inner-container\">\n<div class=\"wp-block-columns is-layout-flex wp-container-51\">\n<div class=\"wp-block-column is-layout-flow\">\n<ul>\n \t<li><a href=\"https:\/\/exceladvisor.org\/tr\/ninci-kok-2\/\">N&#8217;inci k\u00f6k\u00fc hesapla<\/a><\/li>\n \t<li><a href=\"https:\/\/exceladvisor.org\/tr\/yuvarlak-yuzde-2\/\">Yuvarlak de\u011ferlerin y\u00fczdesi<\/a><\/li>\n \t<li><a href=\"https:\/\/exceladvisor.org\/tr\/ortalama-sifirlari-haric-tutar-2\/\">Ortalama say\u0131 ancak s\u0131f\u0131rlar\u0131 hari\u00e7 tutun<\/a><\/li>\n \t<li><a href=\"https:\/\/exceladvisor.org\/tr\/agirlikli-ortalama\/\">A\u011f\u0131rl\u0131kl\u0131 ortalamay\u0131 hesaplay\u0131n<\/a><\/li>\n \t<li><a href=\"https:\/\/exceladvisor.org\/tr\/rapor\/\">Oran\u0131 h\u0131zl\u0131 bir \u015fekilde hesaplay\u0131n<\/a><\/li>\n \t<li><a href=\"https:\/\/exceladvisor.org\/tr\/kare-kok\/\">Excel&#8217;de karek\u00f6k hesaplama<\/a><\/li>\n \t<li><a href=\"https:\/\/exceladvisor.org\/tr\/kare-kok-2\/\">Excel&#8217;de k\u00fcp k\u00f6k\u00fcn\u00fc hesaplay\u0131n<\/a><\/li>\n<\/ul>\n<\/div>\n<div class=\"wp-block-column is-layout-flow\">\n<ul>\n \t<li><a href=\"https:\/\/exceladvisor.org\/tr\/varyasyon-katsayisi\/\">De\u011fi\u015fim katsay\u0131s\u0131n\u0131 hesaplay\u0131n<\/a><\/li>\n \t<li><a href=\"https:\/\/exceladvisor.org\/tr\/bos-olmayan-hucrelerin-ortalamasi-2\/\">Ortalama bo\u015f olmayan h\u00fccreler<\/a><\/li>\n \t<li><a href=\"https:\/\/exceladvisor.org\/tr\/ortalama-sure-2\/\">Ortalama zaman de\u011ferleri<\/a><\/li>\n \t<li><a href=\"https:\/\/exceladvisor.org\/tr\/en-kucuk-deger-2\/\">En k\u00fc\u00e7\u00fck de\u011feri bulun<\/a><\/li>\n \t<li><a href=\"https:\/\/exceladvisor.org\/tr\/en-sik-kullanilan-sayilar\/\">En s\u0131k kullan\u0131lan numaray\u0131 al<\/a><\/li>\n \t<li><a href=\"https:\/\/exceladvisor.org\/tr\/ortalama-sifirlari-haric-tutar-2\/\">Ortalama say\u0131 ancak s\u0131f\u0131rlar\u0131 hari\u00e7 tutun<\/a><\/li>\n \t<li><a href=\"https:\/\/exceladvisor.org\/tr\/yuzde-farki\/\">Y\u00fczde varyans\u0131 hesapla<\/a><\/li>\n<\/ul>\n<\/div>\n<\/div>\n<\/div>\n<\/div>\n<h3>OPERASYONLAR \u0130\u00c7\u0130N G\u00d6RSEL TEMEL (VBA)<\/h3>\n<div class=\"wp-block-group more-tutorials is-layout-flow\">\n<div class=\"wp-block-group__inner-container\">\n<div class=\"wp-block-columns is-layout-flex wp-container-51\">\n<div class=\"wp-block-column is-layout-flow\">\n<ul>\n \t<li><a href=\"https:\/\/exceladvisor.org\/tr\/degiskenler\/\">VBA de\u011fi\u015fkenleri<\/a><\/li>\n \t<li><a href=\"https:\/\/exceladvisor.org\/tr\/makro-2yi-calistir\/\">VBA arac\u0131l\u0131\u011f\u0131yla makro \u00e7al\u0131\u015ft\u0131rma<\/a><\/li>\n \t<li><a href=\"https:\/\/exceladvisor.org\/tr\/vba-mesaj-kutusu\/\">VBA Mesaj Kutusu (MsgBox)<\/a><\/li>\n \t<li><a href=\"https:\/\/exceladvisor.org\/tr\/yapraklari-say\/\">VBA kullanan COUNT sayfa<\/a><\/li>\n \t<li><a href=\"https:\/\/exceladvisor.org\/tr\/aktif-hucre-1\/\">VBA&#8217;da ActiveCell&#8217;i kullanma<\/a><\/li>\n \t<li><a href=\"https:\/\/exceladvisor.org\/tr\/sabitler\/\">Sabit VBA<\/a><\/li>\n \t<li><a href=\"https:\/\/exceladvisor.org\/tr\/1e-git\/\">GoTo VBA bildirimi<\/a><\/li>\n<\/ul>\n<\/div>\n<div class=\"wp-block-column is-layout-flow\">\n<ul>\n \t<li><a href=\"https:\/\/exceladvisor.org\/tr\/islevler\/\">Ana VBA i\u015flevleri<\/a><\/li>\n \t<li><a href=\"https:\/\/exceladvisor.org\/tr\/makro-kaydet\/\">VBA arac\u0131l\u0131\u011f\u0131yla makro kaydetme<\/a><\/li>\n \t<li><a href=\"https:\/\/exceladvisor.org\/tr\/hata-yonetimi\/\">VBA hata i\u015fleme<\/a><\/li>\n \t<li><a href=\"https:\/\/exceladvisor.org\/tr\/bir-sayfayi-sil-1\/\">VBA kullanarak sayfalar\u0131 S\u0130L<\/a><\/li>\n \t<li><a href=\"https:\/\/exceladvisor.org\/tr\/kullanilan-aralik\/\">VBA&#8217;da Kullan\u0131lanRange \u00f6zelli\u011fi<\/a><\/li>\n \t<li><a href=\"https:\/\/exceladvisor.org\/tr\/zayif\/\">Dim VBA bildirimi<\/a><\/li>\n \t<li><a href=\"https:\/\/exceladvisor.org\/tr\/donguler\/\">VBA d\u00f6ng\u00fcleri<\/a><\/li>\n<\/ul>\n<\/div>\n<\/div>\n<\/div>\n<\/div>\n<h3>\u00d6NEML\u0130 EXCEL MALZEMELER\u0130<\/h3>\n<div class=\"wp-block-group more-tutorials is-layout-flow\">\n<div class=\"wp-block-group__inner-container\">\n<div class=\"wp-block-columns is-layout-flex wp-container-51\">\n<div class=\"wp-block-column is-layout-flow\">\n<ul>\n \t<li><a href=\"https:\/\/exceladvisor.org\/tr\/klavye-kisayollari\/\">Excel&#8217;in klavye k\u0131sayollar\u0131<\/a><\/li>\n \t<li><a href=\"https:\/\/exceladvisor.org\/tr\/envanter-yonetimi-sablonu-excel-vba-kullanici-formlari\/\">Excel Envanter Y\u00f6netimi \u015eablonu<\/a><\/li>\n \t<li><a href=\"https:\/\/exceladvisor.org\/tr\/pivot-tablo\/\">Bir pivot tablo olu\u015fturun<\/a><\/li>\n \t<li><a href=\"https:\/\/exceladvisor.org\/tr\/excel-cizelgeleri\/\">Excel&#8217;deki Grafik T\u00fcrleri<\/a><\/li>\n \t<li><a href=\"https:\/\/exceladvisor.org\/tr\/muhasebeciler-icin-excel\/\">Muhasebeciler i\u00e7in Excel<\/a><\/li>\n \t<li><a href=\"https:\/\/exceladvisor.org\/tr\/tavsiye\/\">En Son Excel \u0130pu\u00e7lar\u0131 ve P\u00fcf Noktalar\u0131<\/a><\/li>\n<\/ul>\n<\/div>\n<div class=\"wp-block-column is-layout-flow\">\n<ul>\n \t<li><a href=\"https:\/\/exceladvisor.org\/tr\/satis-raporu\/\">Excel&#8217;de sat\u0131\u015f raporu<\/a><\/li>\n \t<li><a href=\"https:\/\/exceladvisor.org\/tr\/guc-talebi\/\">Excel G\u00dc\u00c7 SORGULAMA \u00d6\u011fretici<\/a><\/li>\n \t<li><a href=\"https:\/\/exceladvisor.org\/tr\/bir-dizi-hucreyi-birlestirmek\/\">Bir h\u00fccre aral\u0131\u011f\u0131n\u0131 birle\u015ftirme<\/a><\/li>\n \t<li><a href=\"https:\/\/exceladvisor.org\/tr\/kosullu-bicimlendirme\/\">Ko\u015fullu bi\u00e7imlendirme<\/a><\/li>\n \t<li><a href=\"https:\/\/exceladvisor.org\/tr\/cvnize-ekleyin\/\">Excel CV Uzmanl\u0131\u011f\u0131<\/a><\/li>\n \t<li><a href=\"https:\/\/exceladvisor.org\/tr\/excel-fonksiyonlari\/\">\u00c7e\u015fitli kullan\u0131\u015fl\u0131 Excel i\u015flevleri<\/a><\/li>\n<\/ul>\n<\/div>\n<\/div>\n<\/div>\n<\/div>","protected":false},"excerpt":{"rendered":"","protected":false},"author":1,"featured_media":0,"parent":0,"menu_order":0,"comment_status":"closed","ping_status":"closed","template":"","meta":{"ub_ctt_via":"","footnotes":""},"class_list":["post-1482","page","type-page","status-publish","hentry"],"featured_image_src":null,"yoast_head":"<!-- This site is optimized with the Yoast SEO plugin v25.4 - https:\/\/yoast.com\/wordpress\/plugins\/seo\/ -->\n<title>Excel Advisor - Veri hakimiyetine y\u00f6nelik nihai rehberiniz<\/title>\n<meta name=\"description\" content=\"Excel Dan\u0131\u015fman\u0131, en yararl\u0131 ipu\u00e7lar\u0131ndan ve p\u00fcf noktalar\u0131ndan baz\u0131lar\u0131n\u0131 kullanarak her ay binlerce kullan\u0131c\u0131n\u0131n Excel&#039;i \u00f6\u011frenmesine yard\u0131mc\u0131\" \/>\n<meta name=\"robots\" content=\"index, follow, max-snippet:-1, max-image-preview:large, max-video-preview:-1\" \/>\n<link rel=\"canonical\" href=\"https:\/\/exceladvisor.org\/tr\/\" \/>\n<meta property=\"og:locale\" content=\"tr_TR\" \/>\n<meta property=\"og:type\" content=\"article\" \/>\n<meta property=\"og:title\" content=\"Excel Advisor - Veri hakimiyetine y\u00f6nelik nihai rehberiniz\" \/>\n<meta property=\"og:description\" content=\"Excel Dan\u0131\u015fman\u0131, en yararl\u0131 ipu\u00e7lar\u0131ndan ve p\u00fcf noktalar\u0131ndan baz\u0131lar\u0131n\u0131 kullanarak her ay binlerce kullan\u0131c\u0131n\u0131n Excel&#039;i \u00f6\u011frenmesine yard\u0131mc\u0131\" \/>\n<meta property=\"og:url\" content=\"https:\/\/exceladvisor.org\/tr\/\" \/>\n<meta property=\"og:site_name\" content=\"Excel Advisor\" \/>\n<meta property=\"article:modified_time\" content=\"2023-12-10T05:23:29+00:00\" \/>\n<meta name=\"twitter:card\" content=\"summary_large_image\" \/>\n<meta name=\"twitter:label1\" content=\"Tahmini okuma s\u00fcresi\" \/>\n\t<meta name=\"twitter:data1\" content=\"2 dakika\" \/>\n<script type=\"application\/ld+json\" class=\"yoast-schema-graph\">{\"@context\":\"https:\/\/schema.org\",\"@graph\":[{\"@type\":\"WebPage\",\"@id\":\"https:\/\/exceladvisor.org\/tr\/\",\"url\":\"https:\/\/exceladvisor.org\/tr\/\",\"name\":\"Excel Advisor - Veri hakimiyetine y\u00f6nelik nihai rehberiniz\",\"isPartOf\":{\"@id\":\"https:\/\/exceladvisor.org\/tr\/#website\"},\"datePublished\":\"2023-11-25T01:04:18+00:00\",\"dateModified\":\"2023-12-10T05:23:29+00:00\",\"description\":\"Excel Dan\u0131\u015fman\u0131, en yararl\u0131 ipu\u00e7lar\u0131ndan ve p\u00fcf noktalar\u0131ndan baz\u0131lar\u0131n\u0131 kullanarak her ay binlerce kullan\u0131c\u0131n\u0131n Excel'i \u00f6\u011frenmesine yard\u0131mc\u0131\",\"inLanguage\":\"tr\",\"potentialAction\":[{\"@type\":\"ReadAction\",\"target\":[\"https:\/\/exceladvisor.org\/tr\/\"]}]},{\"@type\":\"WebSite\",\"@id\":\"https:\/\/exceladvisor.org\/tr\/#website\",\"url\":\"https:\/\/exceladvisor.org\/tr\/\",\"name\":\"Excel Advisor\",\"description\":\"Veri hakimiyetine y\u00f6nelik nihai rehberiniz!\",\"publisher\":{\"@id\":\"https:\/\/exceladvisor.org\/tr\/#organization\"},\"potentialAction\":[{\"@type\":\"SearchAction\",\"target\":{\"@type\":\"EntryPoint\",\"urlTemplate\":\"https:\/\/exceladvisor.org\/tr\/?s={search_term_string}\"},\"query-input\":{\"@type\":\"PropertyValueSpecification\",\"valueRequired\":true,\"valueName\":\"search_term_string\"}}],\"inLanguage\":\"tr\"},{\"@type\":\"Organization\",\"@id\":\"https:\/\/exceladvisor.org\/tr\/#organization\",\"name\":\"Excel Advisor\",\"url\":\"https:\/\/exceladvisor.org\/tr\/\",\"logo\":{\"@type\":\"ImageObject\",\"inLanguage\":\"tr\",\"@id\":\"https:\/\/exceladvisor.org\/tr\/#\/schema\/logo\/image\/\",\"url\":\"https:\/\/exceladvisor.org\/tr\/wp-content\/uploads\/2023\/12\/exceladvisor.org_.png\",\"contentUrl\":\"https:\/\/exceladvisor.org\/tr\/wp-content\/uploads\/2023\/12\/exceladvisor.org_.png\",\"width\":105,\"height\":36,\"caption\":\"Excel Advisor\"},\"image\":{\"@id\":\"https:\/\/exceladvisor.org\/tr\/#\/schema\/logo\/image\/\"}}]}<\/script>\n<!-- \/ Yoast SEO plugin. -->","yoast_head_json":{"title":"Excel Advisor - Veri hakimiyetine y\u00f6nelik nihai rehberiniz","description":"Excel Dan\u0131\u015fman\u0131, en yararl\u0131 ipu\u00e7lar\u0131ndan ve p\u00fcf noktalar\u0131ndan baz\u0131lar\u0131n\u0131 kullanarak her ay binlerce kullan\u0131c\u0131n\u0131n Excel'i \u00f6\u011frenmesine yard\u0131mc\u0131","robots":{"index":"index","follow":"follow","max-snippet":"max-snippet:-1","max-image-preview":"max-image-preview:large","max-video-preview":"max-video-preview:-1"},"canonical":"https:\/\/exceladvisor.org\/tr\/","og_locale":"tr_TR","og_type":"article","og_title":"Excel Advisor - Veri hakimiyetine y\u00f6nelik nihai rehberiniz","og_description":"Excel Dan\u0131\u015fman\u0131, en yararl\u0131 ipu\u00e7lar\u0131ndan ve p\u00fcf noktalar\u0131ndan baz\u0131lar\u0131n\u0131 kullanarak her ay binlerce kullan\u0131c\u0131n\u0131n Excel'i \u00f6\u011frenmesine yard\u0131mc\u0131","og_url":"https:\/\/exceladvisor.org\/tr\/","og_site_name":"Excel Advisor","article_modified_time":"2023-12-10T05:23:29+00:00","twitter_card":"summary_large_image","twitter_misc":{"Tahmini okuma s\u00fcresi":"2 dakika"},"schema":{"@context":"https:\/\/schema.org","@graph":[{"@type":"WebPage","@id":"https:\/\/exceladvisor.org\/tr\/","url":"https:\/\/exceladvisor.org\/tr\/","name":"Excel Advisor - Veri hakimiyetine y\u00f6nelik nihai rehberiniz","isPartOf":{"@id":"https:\/\/exceladvisor.org\/tr\/#website"},"datePublished":"2023-11-25T01:04:18+00:00","dateModified":"2023-12-10T05:23:29+00:00","description":"Excel Dan\u0131\u015fman\u0131, en yararl\u0131 ipu\u00e7lar\u0131ndan ve p\u00fcf noktalar\u0131ndan baz\u0131lar\u0131n\u0131 kullanarak her ay binlerce kullan\u0131c\u0131n\u0131n Excel'i \u00f6\u011frenmesine yard\u0131mc\u0131","inLanguage":"tr","potentialAction":[{"@type":"ReadAction","target":["https:\/\/exceladvisor.org\/tr\/"]}]},{"@type":"WebSite","@id":"https:\/\/exceladvisor.org\/tr\/#website","url":"https:\/\/exceladvisor.org\/tr\/","name":"Excel Advisor","description":"Veri hakimiyetine y\u00f6nelik nihai rehberiniz!","publisher":{"@id":"https:\/\/exceladvisor.org\/tr\/#organization"},"potentialAction":[{"@type":"SearchAction","target":{"@type":"EntryPoint","urlTemplate":"https:\/\/exceladvisor.org\/tr\/?s={search_term_string}"},"query-input":{"@type":"PropertyValueSpecification","valueRequired":true,"valueName":"search_term_string"}}],"inLanguage":"tr"},{"@type":"Organization","@id":"https:\/\/exceladvisor.org\/tr\/#organization","name":"Excel Advisor","url":"https:\/\/exceladvisor.org\/tr\/","logo":{"@type":"ImageObject","inLanguage":"tr","@id":"https:\/\/exceladvisor.org\/tr\/#\/schema\/logo\/image\/","url":"https:\/\/exceladvisor.org\/tr\/wp-content\/uploads\/2023\/12\/exceladvisor.org_.png","contentUrl":"https:\/\/exceladvisor.org\/tr\/wp-content\/uploads\/2023\/12\/exceladvisor.org_.png","width":105,"height":36,"caption":"Excel Advisor"},"image":{"@id":"https:\/\/exceladvisor.org\/tr\/#\/schema\/logo\/image\/"}}]}},"yoast_meta":{"yoast_wpseo_title":"","yoast_wpseo_metadesc":"","yoast_wpseo_canonical":""},"_links":{"self":[{"href":"https:\/\/exceladvisor.org\/tr\/wp-json\/wp\/v2\/pages\/1482","targetHints":{"allow":["GET"]}}],"collection":[{"href":"https:\/\/exceladvisor.org\/tr\/wp-json\/wp\/v2\/pages"}],"about":[{"href":"https:\/\/exceladvisor.org\/tr\/wp-json\/wp\/v2\/types\/page"}],"author":[{"embeddable":true,"href":"https:\/\/exceladvisor.org\/tr\/wp-json\/wp\/v2\/users\/1"}],"replies":[{"embeddable":true,"href":"https:\/\/exceladvisor.org\/tr\/wp-json\/wp\/v2\/comments?post=1482"}],"version-history":[{"count":2,"href":"https:\/\/exceladvisor.org\/tr\/wp-json\/wp\/v2\/pages\/1482\/revisions"}],"predecessor-version":[{"id":2224,"href":"https:\/\/exceladvisor.org\/tr\/wp-json\/wp\/v2\/pages\/1482\/revisions\/2224"}],"wp:attachment":[{"href":"https:\/\/exceladvisor.org\/tr\/wp-json\/wp\/v2\/media?parent=1482"}],"curies":[{"name":"wp","href":"https:\/\/api.w.org\/{rel}","templated":true}]}}