{"id":1485,"date":"2023-11-22T08:15:52","date_gmt":"2023-11-22T08:15:52","guid":{"rendered":"https:\/\/exceladvisor.org\/tr\/excel-cizelgeleri\/"},"modified":"2023-12-10T06:03:33","modified_gmt":"2023-12-10T06:03:33","slug":"excel-cizelgeleri","status":"publish","type":"page","link":"https:\/\/exceladvisor.org\/tr\/excel-cizelgeleri\/","title":{"rendered":"Excel&#39;deki grafik t\u00fcrleri"},"content":{"rendered":"<div class=\"excel-icerikten-once\" id=\"excel-1436509732\"><script type=\"text\/javascript\">\r\n\tatOptions = {\r\n\t\t'key' : 'c1158f160081d6540a8409e6925dab94',\r\n\t\t'format' : 'iframe',\r\n\t\t'height' : 250,\r\n\t\t'width' : 300,\r\n\t\t'params' : {}\r\n\t};\r\n<\/script>\r\n<script type=\"text\/javascript\" src=\"\/\/www.highperformanceformat.com\/c1158f160081d6540a8409e6925dab94\/invoke.js\"><\/script><\/div> <p>Microsoft Excel, verilerinizi g\u00f6rsel olarak temsil etmek i\u00e7in kullanabilece\u011finiz \u00e7e\u015fitli grafik t\u00fcrleri sunar. Excel&#8217;de bulunan yayg\u0131n grafik t\u00fcrlerinden baz\u0131lar\u0131 \u015funlard\u0131r:<\/p><h2> Excel grafiklerinin t\u00fcr\u00fc <\/h2><p><img loading=\"lazy\" decoding=\"async\" class=\"alignnone size-full wp-image-13432\" src=\"https:\/\/exceladvisor.org\/wp-content\/uploads\/2023\/11\/Type-de-graphiques-Excel.jpg\" alt=\"Excel grafiklerinin t\u00fcr\u00fc\" width=\"2050\" height=\"1177\" srcset=\"https:\/\/exceladvisor.org\/wp-content\/uploads\/2023\/11\/Type-de-graphiques-Excel.jpg 2050w, https:\/\/exceladvisor.org\/wp-content\/uploads\/2023\/11\/Type-de-graphiques-Excel-300x172.jpg 300w, https:\/\/exceladvisor.org\/wp-content\/uploads\/2023\/11\/Type-de-graphiques-Excel-1024x588.jpg 1024w, https:\/\/exceladvisor.org\/wp-content\/uploads\/2023\/11\/Type-de-graphiques-Excel-768x441.jpg 768w, https:\/\/exceladvisor.org\/wp-content\/uploads\/2023\/11\/Type-de-graphiques-Excel-1536x882.jpg 1536w, https:\/\/exceladvisor.org\/wp-content\/uploads\/2023\/11\/Type-de-graphiques-Excel-2048x1176.jpg 2048w\" sizes=\"auto, (max-width: 2050px) 100vw, 2050px\"><\/p><h3> S\u00fctun grafi\u011fi:<\/h3><ul><li> Verileri dikey s\u00fctunlarda g\u00f6r\u00fcnt\u00fcler. Farkl\u0131 kategorilerdeki de\u011ferleri kar\u015f\u0131la\u015ft\u0131rmak i\u00e7in uygundur.<\/li><\/ul><h3> Grafik \u00e7ubu\u011fu:<\/h3><ul><li> Histograma benzer ancak verileri yatay \u00e7ubuklar halinde g\u00f6r\u00fcnt\u00fcler.<\/li><li> Farkl\u0131 kategorilerdeki de\u011ferleri kar\u015f\u0131la\u015ft\u0131rmak i\u00e7in kullan\u0131\u015fl\u0131d\u0131r.<\/li><\/ul><h3> \u00c7evrimi\u00e7i grafik:<\/h3><ul><li> Veri noktalar\u0131n\u0131 \u00e7izgilerle temsil eder; belirli bir s\u00fcre i\u00e7indeki e\u011filimleri g\u00f6stermek a\u00e7\u0131s\u0131ndan faydal\u0131d\u0131r.<\/li><li> Genellikle zaman serisi verileri i\u00e7in kullan\u0131l\u0131r.<\/li><\/ul><h3> Dairesel diyagram:<\/h3><ul><li> Verileri pasta grafi\u011finin dilimleri olarak g\u00f6r\u00fcnt\u00fcler.<\/li><li> Par\u00e7alar\u0131n bir b\u00fct\u00fcne oran\u0131n\u0131 g\u00f6stermek i\u00e7in uygundur.<\/li><\/ul><h3> \u00c7\u00f6rek masas\u0131:<\/h3><ul><li> Pasta grafi\u011fine benzer ancak ortas\u0131nda bir delik vard\u0131r.<\/li><li> \u00c7oklu veri serilerindeki oranlar\u0131 kar\u015f\u0131la\u015ft\u0131rmak i\u00e7in kullan\u0131\u015fl\u0131d\u0131r.<\/li><\/ul><h3> Alan \u015femas\u0131:<\/h3><ul><li> \u00c7izgi grafi\u011fine benzer ancak \u00e7izginin alt\u0131ndaki alan\u0131 doldurur.<\/li><li> Bir miktar\u0131n zaman i\u00e7indeki toplam\u0131n\u0131 g\u00f6r\u00fcnt\u00fclemek i\u00e7in kullan\u0131\u015fl\u0131d\u0131r.<\/li><\/ul><h3> Bir nokta bulutu:<\/h3><ul><li> Tek tek veri noktalar\u0131n\u0131 iki boyutlu bir grafikte g\u00f6r\u00fcnt\u00fcler.<\/li><li> \u0130ki de\u011fi\u015fken aras\u0131ndaki ili\u015fkileri g\u00f6stermek i\u00e7in kullan\u0131\u015fl\u0131d\u0131r.<\/li><\/ul><h3> Kabarc\u0131k grafi\u011fi:<\/h3><ul><li> Da\u011f\u0131l\u0131m grafi\u011fine benzer ancak kabarc\u0131klar\u0131n boyutuyla temsil edilen \u00fc\u00e7\u00fcnc\u00fc bir boyut i\u00e7erir.<\/li><li> \u00dc\u00e7 veri k\u00fcmesini g\u00f6rselle\u015ftirmek i\u00e7in kullan\u0131\u015fl\u0131d\u0131r.<\/li><\/ul><h3> Radar haritas\u0131:<\/h3><ul><li> Veri noktalar\u0131n\u0131 dairesel bir \u0131zgarada g\u00f6r\u00fcnt\u00fcler.<\/li><li> Farkl\u0131 kategorilerdeki birden fazla veri k\u00fcmesini kar\u015f\u0131la\u015ft\u0131rmak i\u00e7in kullan\u0131\u015fl\u0131d\u0131r.<\/li><\/ul><h3> Hisse senedi grafi\u011fi:<\/h3><ul><li> Zaman i\u00e7indeki en y\u00fcksek, en d\u00fc\u015f\u00fck, a\u00e7\u0131l\u0131\u015f ve kapan\u0131\u015f fiyatlar\u0131n\u0131 g\u00f6steren borsa verilerini g\u00f6r\u00fcnt\u00fclemek i\u00e7in \u00f6zel olarak tasarlanm\u0131\u015ft\u0131r.<\/li><\/ul><h3> Alan grafi\u011fi:<\/h3><ul><li> Verileri \u00fc\u00e7 boyutlu bi\u00e7imde temsil eder; \u00fc\u00e7 veri k\u00fcmesi aras\u0131ndaki ili\u015fkileri g\u00f6rselle\u015ftirmek i\u00e7in kullan\u0131\u015fl\u0131d\u0131r.<\/li><\/ul><h3> Birle\u015fik grafik:<\/h3><ul><li> Farkl\u0131 grafik t\u00fcrlerini ayn\u0131 grafikte birle\u015ftirmenize olanak tan\u0131r.<\/li><\/ul><h3> Histogram:<\/h3><ul><li> Bir k\u00fcmedeki verilerin da\u011f\u0131l\u0131m\u0131n\u0131 temsil eder.<\/li><li> \u00d6nceden tan\u0131mlanm\u0131\u015f aral\u0131klardaki verilerin s\u0131kl\u0131\u011f\u0131n\u0131 g\u00f6r\u00fcnt\u00fclemek i\u00e7in kullan\u0131\u015fl\u0131d\u0131r.<\/li><\/ul><h3> Gantt \u015femas\u0131:<\/h3><ul><li> G\u00f6revleri ve bunlar\u0131n zaman i\u00e7indeki ba\u011f\u0131ml\u0131l\u0131klar\u0131n\u0131 g\u00f6steren bir proje zaman \u00e7izelgesi g\u00f6r\u00fcnt\u00fcler.<\/li><\/ul><h3> \u015eelale haritas\u0131:<\/h3><ul><li> Bir ba\u015flang\u0131\u00e7 de\u011ferinin bir dizi pozitif veya negatif ara de\u011ferden nas\u0131l etkilendi\u011fini g\u00f6sterir.<\/li><\/ul><p> Excel&#8217;de grafik olu\u015fturmak i\u00e7in verilerinizi se\u00e7in, &#8220;Ekle&#8221; sekmesine gidin ve ihtiya\u00e7lar\u0131n\u0131za en uygun grafik t\u00fcr\u00fcn\u00fc se\u00e7in. Excel daha sonra verilerinize dayal\u0131 bir grafik olu\u015fturacakt\u0131r.<\/p><h2> A\u00e7\u0131klay\u0131c\u0131 Excel Grafik K\u0131lavuzlar\u0131<\/h2><ul><li> <a style=\"outline: none;\" href=\"https:\/\/exceladvisor.org\/tr\/gozleme-grafigi\/\">Excel&#8217;de bir WAFFLE GRAF\u0130\u011e\u0130 olu\u015fturun<\/a><\/li><li> <a style=\"outline: none;\" href=\"https:\/\/exceladvisor.org\/tr\/grafik-formatini-kopyala\/\">Grafik format\u0131n\u0131 kopyala<\/a><\/li><li> <a style=\"outline: none;\" href=\"https:\/\/exceladvisor.org\/tr\/huni-grafigi\/\">Excel&#8217;deki huni grafi\u011fi<\/a><\/li><li> <a style=\"outline: none;\" href=\"https:\/\/exceladvisor.org\/tr\/gantt-semasi\/\">Excel&#8217;deki Gantt grafi\u011fi<\/a><\/li><li> <a style=\"outline: none;\" href=\"https:\/\/exceladvisor.org\/tr\/yatay-bir-cizgi-ekle\/\">Excel&#8217;deki bir grafikte yatay \u00e7izgi<\/a><\/li><li> <a style=\"outline: none;\" href=\"https:\/\/exceladvisor.org\/tr\/dikey-bir-cizgi-ekle\/\">Excel&#8217;deki bir grafikte dikey \u00e7izgi<\/a><\/li><li> <a style=\"outline: none;\" href=\"https:\/\/exceladvisor.org\/tr\/kursun-tahtasi\/\">Excel&#8217;de Madde \u0130\u015fareti Grafi\u011fi<\/a><\/li><li> <a style=\"outline: none;\" href=\"https:\/\/exceladvisor.org\/tr\/dinamik-grafik-araligi\/\">Excel&#8217;de dinamik grafik aral\u0131\u011f\u0131<\/a><\/li><li> <a style=\"outline: none;\" href=\"https:\/\/exceladvisor.org\/tr\/dinamik-grafik-basligi\/\">Excel&#8217;de dinamik grafik ba\u015fl\u0131\u011f\u0131<\/a><\/li><li> <a style=\"outline: none;\" href=\"https:\/\/exceladvisor.org\/tr\/sicaklik-haritasi\/\">Excel&#8217;de \u0131s\u0131 haritas\u0131<\/a><\/li><li> <a style=\"outline: none;\" href=\"https:\/\/exceladvisor.org\/tr\/kilometre-tasi-grafigi\/\">Excel&#8217;deki ad\u0131mlar tablosu<\/a><\/li><li> <a style=\"outline: none;\" href=\"https:\/\/exceladvisor.org\/tr\/piramit-diyagrami\/\">Excel&#8217;deki n\u00fcfus piramidi grafi\u011fi<\/a><\/li><li> <a style=\"outline: none;\" href=\"https:\/\/exceladvisor.org\/tr\/adim-tablosu\/\">Excel&#8217;deki ad\u0131mlar tablosu<\/a><\/li><\/ul><ul><li> <a style=\"outline: none;\" href=\"https:\/\/exceladvisor.org\/tr\/kasirga-tablosu\/\">Excel&#8217;de Kas\u0131rga Grafi\u011fi<\/a><\/li><li> <a style=\"outline: none;\" href=\"https:\/\/exceladvisor.org\/tr\/etkilesimli-grafikler\/\">Excel&#8217;de etkile\u015fimli grafikler<\/a><\/li><li> <a style=\"outline: none;\" href=\"https:\/\/exceladvisor.org\/tr\/kisi-tablosu\/\">Excel&#8217;de Ki\u015fi Grafi\u011fi<\/a><\/li><li> <a style=\"outline: none;\" href=\"https:\/\/exceladvisor.org\/tr\/gelismis-grafikler\/\">Geli\u015fmi\u015f Excel Grafikleri<\/a><\/li><li> <a style=\"outline: none;\" href=\"https:\/\/exceladvisor.org\/tr\/ikincil-eksen\/\" data-wpil=\"url\">Excel&#8217;deki bir grafi\u011fe ikincil eksen ekleme<\/a><\/li><li> <a style=\"outline: none;\" href=\"https:\/\/exceladvisor.org\/tr\/histogram\/\">Excel&#8217;de Histogram<\/a><\/li><li> <a style=\"outline: none;\" href=\"https:\/\/exceladvisor.org\/tr\/piktogram\/\">Excel&#8217;de Piktogram<\/a><\/li><li> <a style=\"outline: none;\" href=\"https:\/\/exceladvisor.org\/tr\/hiz-gostergesi\/\" data-wpil=\"url\">Excel&#8217;de HIZMETRE grafi\u011fi<\/a><\/li><li> <a style=\"outline: none;\" href=\"https:\/\/exceladvisor.org\/tr\/termometre-masasi\/\">Excel&#8217;deki termometre tablosu<\/a><\/li><li> <a href=\"https:\/\/exceladvisor.org\/tr\/pivot-tablo-2\/\">Excel&#8217;de Pivot Tablo<\/a><\/li><\/ul>","protected":false},"excerpt":{"rendered":"","protected":false},"author":1,"featured_media":0,"parent":0,"menu_order":0,"comment_status":"open","ping_status":"closed","template":"","meta":{"ub_ctt_via":"","footnotes":""},"class_list":["post-1485","page","type-page","status-publish","hentry"],"featured_image_src":null,"yoast_head":"<!-- This site is optimized with the Yoast SEO plugin v25.4 - https:\/\/yoast.com\/wordpress\/plugins\/seo\/ -->\n<title>\u25b7 Excel&#039;deki Grafik T\u00fcrleri (Tam K\u0131lavuz 2023)<\/title>\n<meta name=\"description\" content=\"Microsoft Excel, verilerinizi g\u00f6rsel olarak temsil etmek i\u00e7in kullanabilece\u011finiz \u00e7e\u015fitli grafik t\u00fcrleri sunar.\" \/>\n<meta name=\"robots\" content=\"index, follow, max-snippet:-1, max-image-preview:large, max-video-preview:-1\" \/>\n<link rel=\"canonical\" href=\"https:\/\/exceladvisor.org\/tr\/excel-cizelgeleri\/\" \/>\n<meta property=\"og:locale\" content=\"tr_TR\" \/>\n<meta property=\"og:type\" content=\"article\" \/>\n<meta property=\"og:title\" content=\"\u25b7 Excel&#039;deki Grafik T\u00fcrleri (Tam K\u0131lavuz 2023)\" \/>\n<meta property=\"og:description\" content=\"Microsoft Excel, verilerinizi g\u00f6rsel olarak temsil etmek i\u00e7in kullanabilece\u011finiz \u00e7e\u015fitli grafik t\u00fcrleri sunar.\" \/>\n<meta property=\"og:url\" content=\"https:\/\/exceladvisor.org\/tr\/excel-cizelgeleri\/\" \/>\n<meta property=\"og:site_name\" content=\"Excel Advisor\" \/>\n<meta property=\"article:modified_time\" content=\"2023-12-10T06:03:33+00:00\" \/>\n<meta property=\"og:image\" content=\"https:\/\/exceladvisor.org\/wp-content\/uploads\/2023\/11\/Type-de-graphiques-Excel.jpg\" \/>\n<meta name=\"twitter:card\" content=\"summary_large_image\" \/>\n<meta name=\"twitter:label1\" content=\"Tahmini okuma s\u00fcresi\" \/>\n\t<meta name=\"twitter:data1\" content=\"3 dakika\" \/>\n<script type=\"application\/ld+json\" class=\"yoast-schema-graph\">{\"@context\":\"https:\/\/schema.org\",\"@graph\":[{\"@type\":\"WebPage\",\"@id\":\"https:\/\/exceladvisor.org\/tr\/excel-cizelgeleri\/\",\"url\":\"https:\/\/exceladvisor.org\/tr\/excel-cizelgeleri\/\",\"name\":\"\u25b7 Excel&#39;deki Grafik T\u00fcrleri (Tam K\u0131lavuz 2023)\",\"isPartOf\":{\"@id\":\"https:\/\/exceladvisor.org\/tr\/#website\"},\"primaryImageOfPage\":{\"@id\":\"https:\/\/exceladvisor.org\/tr\/excel-cizelgeleri\/#primaryimage\"},\"image\":{\"@id\":\"https:\/\/exceladvisor.org\/tr\/excel-cizelgeleri\/#primaryimage\"},\"thumbnailUrl\":\"https:\/\/exceladvisor.org\/wp-content\/uploads\/2023\/11\/Type-de-graphiques-Excel.jpg\",\"datePublished\":\"2023-11-22T08:15:52+00:00\",\"dateModified\":\"2023-12-10T06:03:33+00:00\",\"description\":\"Microsoft Excel, verilerinizi g\u00f6rsel olarak temsil etmek i\u00e7in kullanabilece\u011finiz \u00e7e\u015fitli grafik t\u00fcrleri sunar.\",\"breadcrumb\":{\"@id\":\"https:\/\/exceladvisor.org\/tr\/excel-cizelgeleri\/#breadcrumb\"},\"inLanguage\":\"tr\",\"potentialAction\":[{\"@type\":\"ReadAction\",\"target\":[\"https:\/\/exceladvisor.org\/tr\/excel-cizelgeleri\/\"]}]},{\"@type\":\"ImageObject\",\"inLanguage\":\"tr\",\"@id\":\"https:\/\/exceladvisor.org\/tr\/excel-cizelgeleri\/#primaryimage\",\"url\":\"https:\/\/exceladvisor.org\/wp-content\/uploads\/2023\/11\/Type-de-graphiques-Excel.jpg\",\"contentUrl\":\"https:\/\/exceladvisor.org\/wp-content\/uploads\/2023\/11\/Type-de-graphiques-Excel.jpg\"},{\"@type\":\"BreadcrumbList\",\"@id\":\"https:\/\/exceladvisor.org\/tr\/excel-cizelgeleri\/#breadcrumb\",\"itemListElement\":[{\"@type\":\"ListItem\",\"position\":1,\"name\":\"Ev\",\"item\":\"https:\/\/exceladvisor.org\/tr\/\"},{\"@type\":\"ListItem\",\"position\":2,\"name\":\"Excel&#39;deki grafik t\u00fcrleri\"}]},{\"@type\":\"WebSite\",\"@id\":\"https:\/\/exceladvisor.org\/tr\/#website\",\"url\":\"https:\/\/exceladvisor.org\/tr\/\",\"name\":\"Excel Advisor\",\"description\":\"Veri hakimiyetine y\u00f6nelik nihai rehberiniz!\",\"publisher\":{\"@id\":\"https:\/\/exceladvisor.org\/tr\/#organization\"},\"potentialAction\":[{\"@type\":\"SearchAction\",\"target\":{\"@type\":\"EntryPoint\",\"urlTemplate\":\"https:\/\/exceladvisor.org\/tr\/?s={search_term_string}\"},\"query-input\":{\"@type\":\"PropertyValueSpecification\",\"valueRequired\":true,\"valueName\":\"search_term_string\"}}],\"inLanguage\":\"tr\"},{\"@type\":\"Organization\",\"@id\":\"https:\/\/exceladvisor.org\/tr\/#organization\",\"name\":\"Excel Advisor\",\"url\":\"https:\/\/exceladvisor.org\/tr\/\",\"logo\":{\"@type\":\"ImageObject\",\"inLanguage\":\"tr\",\"@id\":\"https:\/\/exceladvisor.org\/tr\/#\/schema\/logo\/image\/\",\"url\":\"https:\/\/exceladvisor.org\/tr\/wp-content\/uploads\/2023\/12\/exceladvisor.org_.png\",\"contentUrl\":\"https:\/\/exceladvisor.org\/tr\/wp-content\/uploads\/2023\/12\/exceladvisor.org_.png\",\"width\":105,\"height\":36,\"caption\":\"Excel Advisor\"},\"image\":{\"@id\":\"https:\/\/exceladvisor.org\/tr\/#\/schema\/logo\/image\/\"}}]}<\/script>\n<!-- \/ Yoast SEO plugin. -->","yoast_head_json":{"title":"\u25b7 Excel&#39;deki Grafik T\u00fcrleri (Tam K\u0131lavuz 2023)","description":"Microsoft Excel, verilerinizi g\u00f6rsel olarak temsil etmek i\u00e7in kullanabilece\u011finiz \u00e7e\u015fitli grafik t\u00fcrleri sunar.","robots":{"index":"index","follow":"follow","max-snippet":"max-snippet:-1","max-image-preview":"max-image-preview:large","max-video-preview":"max-video-preview:-1"},"canonical":"https:\/\/exceladvisor.org\/tr\/excel-cizelgeleri\/","og_locale":"tr_TR","og_type":"article","og_title":"\u25b7 Excel&#39;deki Grafik T\u00fcrleri (Tam K\u0131lavuz 2023)","og_description":"Microsoft Excel, verilerinizi g\u00f6rsel olarak temsil etmek i\u00e7in kullanabilece\u011finiz \u00e7e\u015fitli grafik t\u00fcrleri sunar.","og_url":"https:\/\/exceladvisor.org\/tr\/excel-cizelgeleri\/","og_site_name":"Excel Advisor","article_modified_time":"2023-12-10T06:03:33+00:00","og_image":[{"url":"https:\/\/exceladvisor.org\/wp-content\/uploads\/2023\/11\/Type-de-graphiques-Excel.jpg","type":"","width":"","height":""}],"twitter_card":"summary_large_image","twitter_misc":{"Tahmini okuma s\u00fcresi":"3 dakika"},"schema":{"@context":"https:\/\/schema.org","@graph":[{"@type":"WebPage","@id":"https:\/\/exceladvisor.org\/tr\/excel-cizelgeleri\/","url":"https:\/\/exceladvisor.org\/tr\/excel-cizelgeleri\/","name":"\u25b7 Excel&#39;deki Grafik T\u00fcrleri (Tam K\u0131lavuz 2023)","isPartOf":{"@id":"https:\/\/exceladvisor.org\/tr\/#website"},"primaryImageOfPage":{"@id":"https:\/\/exceladvisor.org\/tr\/excel-cizelgeleri\/#primaryimage"},"image":{"@id":"https:\/\/exceladvisor.org\/tr\/excel-cizelgeleri\/#primaryimage"},"thumbnailUrl":"https:\/\/exceladvisor.org\/wp-content\/uploads\/2023\/11\/Type-de-graphiques-Excel.jpg","datePublished":"2023-11-22T08:15:52+00:00","dateModified":"2023-12-10T06:03:33+00:00","description":"Microsoft Excel, verilerinizi g\u00f6rsel olarak temsil etmek i\u00e7in kullanabilece\u011finiz \u00e7e\u015fitli grafik t\u00fcrleri sunar.","breadcrumb":{"@id":"https:\/\/exceladvisor.org\/tr\/excel-cizelgeleri\/#breadcrumb"},"inLanguage":"tr","potentialAction":[{"@type":"ReadAction","target":["https:\/\/exceladvisor.org\/tr\/excel-cizelgeleri\/"]}]},{"@type":"ImageObject","inLanguage":"tr","@id":"https:\/\/exceladvisor.org\/tr\/excel-cizelgeleri\/#primaryimage","url":"https:\/\/exceladvisor.org\/wp-content\/uploads\/2023\/11\/Type-de-graphiques-Excel.jpg","contentUrl":"https:\/\/exceladvisor.org\/wp-content\/uploads\/2023\/11\/Type-de-graphiques-Excel.jpg"},{"@type":"BreadcrumbList","@id":"https:\/\/exceladvisor.org\/tr\/excel-cizelgeleri\/#breadcrumb","itemListElement":[{"@type":"ListItem","position":1,"name":"Ev","item":"https:\/\/exceladvisor.org\/tr\/"},{"@type":"ListItem","position":2,"name":"Excel&#39;deki grafik t\u00fcrleri"}]},{"@type":"WebSite","@id":"https:\/\/exceladvisor.org\/tr\/#website","url":"https:\/\/exceladvisor.org\/tr\/","name":"Excel Advisor","description":"Veri hakimiyetine y\u00f6nelik nihai rehberiniz!","publisher":{"@id":"https:\/\/exceladvisor.org\/tr\/#organization"},"potentialAction":[{"@type":"SearchAction","target":{"@type":"EntryPoint","urlTemplate":"https:\/\/exceladvisor.org\/tr\/?s={search_term_string}"},"query-input":{"@type":"PropertyValueSpecification","valueRequired":true,"valueName":"search_term_string"}}],"inLanguage":"tr"},{"@type":"Organization","@id":"https:\/\/exceladvisor.org\/tr\/#organization","name":"Excel Advisor","url":"https:\/\/exceladvisor.org\/tr\/","logo":{"@type":"ImageObject","inLanguage":"tr","@id":"https:\/\/exceladvisor.org\/tr\/#\/schema\/logo\/image\/","url":"https:\/\/exceladvisor.org\/tr\/wp-content\/uploads\/2023\/12\/exceladvisor.org_.png","contentUrl":"https:\/\/exceladvisor.org\/tr\/wp-content\/uploads\/2023\/12\/exceladvisor.org_.png","width":105,"height":36,"caption":"Excel Advisor"},"image":{"@id":"https:\/\/exceladvisor.org\/tr\/#\/schema\/logo\/image\/"}}]}},"yoast_meta":{"yoast_wpseo_title":"","yoast_wpseo_metadesc":"","yoast_wpseo_canonical":""},"_links":{"self":[{"href":"https:\/\/exceladvisor.org\/tr\/wp-json\/wp\/v2\/pages\/1485","targetHints":{"allow":["GET"]}}],"collection":[{"href":"https:\/\/exceladvisor.org\/tr\/wp-json\/wp\/v2\/pages"}],"about":[{"href":"https:\/\/exceladvisor.org\/tr\/wp-json\/wp\/v2\/types\/page"}],"author":[{"embeddable":true,"href":"https:\/\/exceladvisor.org\/tr\/wp-json\/wp\/v2\/users\/1"}],"replies":[{"embeddable":true,"href":"https:\/\/exceladvisor.org\/tr\/wp-json\/wp\/v2\/comments?post=1485"}],"version-history":[{"count":1,"href":"https:\/\/exceladvisor.org\/tr\/wp-json\/wp\/v2\/pages\/1485\/revisions"}],"predecessor-version":[{"id":2661,"href":"https:\/\/exceladvisor.org\/tr\/wp-json\/wp\/v2\/pages\/1485\/revisions\/2661"}],"wp:attachment":[{"href":"https:\/\/exceladvisor.org\/tr\/wp-json\/wp\/v2\/media?parent=1485"}],"curies":[{"name":"wp","href":"https:\/\/api.w.org\/{rel}","templated":true}]}}