{"id":1486,"date":"2023-11-22T03:33:36","date_gmt":"2023-11-22T03:33:36","guid":{"rendered":"https:\/\/exceladvisor.org\/tr\/microsoft-excelin-avantajlari\/"},"modified":"2023-12-10T06:04:39","modified_gmt":"2023-12-10T06:04:39","slug":"microsoft-excelin-avantajlari","status":"publish","type":"page","link":"https:\/\/exceladvisor.org\/tr\/microsoft-excelin-avantajlari\/","title":{"rendered":"Microsoft excel&#39;in en \u00f6nemli 10 faydas\u0131"},"content":{"rendered":"<div class=\"excel-icerikten-once\" id=\"excel-1543165129\"><script type=\"text\/javascript\">\r\n\tatOptions = {\r\n\t\t'key' : 'c1158f160081d6540a8409e6925dab94',\r\n\t\t'format' : 'iframe',\r\n\t\t'height' : 250,\r\n\t\t'width' : 300,\r\n\t\t'params' : {}\r\n\t};\r\n<\/script>\r\n<script type=\"text\/javascript\" src=\"\/\/www.highperformanceformat.com\/c1158f160081d6540a8409e6925dab94\/invoke.js\"><\/script><\/div> <p>Bu gezegendeki en \u00f6nemli elektronik tablo uygulamas\u0131 olan Microsoft Excel&#8217;in, onu nas\u0131l kullanaca\u011f\u0131n\u0131 bilen herkes i\u00e7in bir\u00e7ok avantaj\u0131 vard\u0131r.<\/p><p> Ve e\u011fer siz de <a href=\"https:\/\/exceladvisor.org\/tr\/excelin-temelleri\/\">onu \u00f6\u011frenmek isteyen<\/a> ve i\u015finizde size nas\u0131l yard\u0131mc\u0131 olabilece\u011fini merak eden ki\u015filerden biriyseniz, burada Microsoft Excel&#8217;in en \u00f6nemli on faydas\u0131n\u0131 s\u0131ralad\u0131m.<\/p><h2 class=\"wp-block-heading\"> Microsoft Excel&#8217;in 10 Faydas\u0131<\/h2><ol><li> Verileri saklaman\u0131n en iyi yolu<\/li><li> Hesaplamalar yapabilirsiniz<\/li><li> T\u00fcm veri analizi ara\u00e7lar\u0131<\/li><li> Grafiklerle kolay veri g\u00f6rselle\u015ftirmeleri<\/li><li> Raporlar\u0131 kolayca yazd\u0131rabilirsiniz<\/li><li> Kullanabilece\u011finiz pek \u00e7ok \u00fccretsiz \u015fablon<\/li><li> Otomati\u011fe kod yazabilirsiniz<\/li><li> Verileri d\u00f6n\u00fc\u015ft\u00fcr\u00fcn ve temizleyin<\/li><li> Milyonlarca sat\u0131ra sahip verileri depolay\u0131n<\/li><li> Excel online + mobil uygulama ile \u00e7al\u0131\u015fabilirsiniz<\/li><\/ol><h3 class=\"wp-block-heading\"> 1. Verileri saklaman\u0131n en iyi yolu<\/h3><p> Excel&#8217;in size sa\u011flad\u0131\u011f\u0131 se\u00e7eneklerden veya ara\u00e7lardan herhangi birini kullanmasan\u0131z bile, bu, verileri depolaman\u0131n en iyi yoludur. Bunu neden s\u00f6yl\u00fcyorum \u00e7\u00fcnk\u00fc Excel milyonlarca ki\u015finin kulland\u0131\u011f\u0131 bir uygulama t\u00fcr\u00fcd\u00fcr. <\/p><div class=\"wp-block-image\"><figure class=\"aligncenter size-large is-resized\"><img loading=\"lazy\" decoding=\"async\" class=\"wp-image-48570\" src=\"https:\/\/exceladvisor.org\/wp-content\/uploads\/2023\/08\/1-meilleure-facon-de-stocker-des-donnees.png\" sizes=\"auto, \" srcset=\"\" alt=\"Verileri saklaman\u0131n en iyi yolu\" width=\"579\" height=\"108\"><\/figure><\/div><p> Yani verileri Excel&#8217;de depolay\u0131p ba\u015fkalar\u0131yla payla\u015ft\u0131\u011f\u0131n\u0131zda, onlar da bu verilere kolayca eri\u015febilirler.<\/p><h3 class=\"wp-block-heading\"> 2.Hesaplamalar yapabilirsiniz<\/h3><p> Excel&#8217;i d\u00fcnyadaki en iyi elektronik tablo yapan \u015fey, hesaplama yapabilme yetene\u011fidir. Excel&#8217;de hesaplamalar i\u00e7in kullanabilece\u011finiz kapsaml\u0131 bir i\u015flevler listesi vard\u0131r. <\/p><div class=\"wp-block-image\"><figure class=\"aligncenter size-large is-resized\"><img loading=\"lazy\" decoding=\"async\" class=\"wp-image-48571\" src=\"https:\/\/exceladvisor.org\/wp-content\/uploads\/2023\/08\/2-effectuer-des-calculs.png\" sizes=\"auto, \" srcset=\"\" alt=\"hesaplamalar yapmak\" width=\"569\" height=\"141\"><\/figure><\/div><p> Temel olarak bir Excel i\u015flevi, belirtti\u011finiz de\u011ferlere g\u00f6re belirli bir sonu\u00e7 d\u00f6nd\u00fcren \u00f6nceden tan\u0131mlanm\u0131\u015f bir form\u00fcld\u00fcr.<\/p><p> Ancak bunun d\u0131\u015f\u0131nda iki veya daha fazla fonksiyonu birle\u015ftirerek veya sadece operat\u00f6rleri kullanarak hesaplamalar yaparak kendi form\u00fcllerinizi de olu\u015fturabilirsiniz.<\/p><ul><li> <a href=\"https:\/\/exceladvisor.org\/tr\/formuller\/\">100&#8217;den fazla Excel form\u00fcl\u00fcn\u00fcn listesi<\/a><\/li><li> <a href=\"https:\/\/exceladvisor.org\/tr\/excel-fonksiyonlari\/\">100&#8217;den fazla Excel i\u015flevinin listesi<\/a><\/li><\/ul><p> <em><strong>H\u0131zl\u0131 Form\u00fcller:<\/strong> <a href=\"https:\/\/exceladvisor.org\/tr\/saat-farkini-hesapla\/\">Zaman Fark\u0131n\u0131 Hesapla<\/a> \u2013 <a href=\"https:\/\/exceladvisor.org\/tr\/bilesik-faiz\/\">Bile\u015fik Faiz<\/a> \u2013 <a href=\"https:\/\/exceladvisor.org\/tr\/metin-iceren-hucreleri-say\/\">Metinle H\u00fccreleri<\/a> Say \u2013 <a href=\"https:\/\/exceladvisor.org\/tr\/benzersiz-degerleri-sayma-1\/\">Benzersiz De\u011ferleri Say<\/a> \u2013 <a href=\"https:\/\/exceladvisor.org\/tr\/ceyrek\/\">\u00c7eyrek Form\u00fcl<\/a><\/em><\/p><h3 class=\"wp-block-heading\"> 3. T\u00fcm veri analiz ara\u00e7lar\u0131<\/h3><p> Verilere sahip olman\u0131n temel nedeni onu analiz etmek ve ondan \u00f6\u011frenmektir. \u0130yi haber \u015fu ki Excel, verileri analiz etmek i\u00e7in en g\u00fc\u00e7l\u00fc ara\u00e7lardan baz\u0131lar\u0131na sahiptir.<\/p><p> Binlerce sat\u0131rdan olu\u015fan verileriniz oldu\u011funu hayal edin, bu verilerden bir pivot tablo ekleyip \u00f6zet tablo olu\u015fturabilirsiniz. <\/p><div class=\"wp-block-image\"><figure class=\"aligncenter size-large is-resized\"><img loading=\"lazy\" decoding=\"async\" class=\"wp-image-48572\" src=\"https:\/\/exceladvisor.org\/wp-content\/uploads\/2023\/08\/3-analyses-ata.png\" sizes=\"auto, \" srcset=\"\" alt=\"veri analizi\" width=\"497\" height=\"270\"><\/figure><\/div><p> <em>Verileri analiz etmek i\u00e7in pivot tablolarla yapabilece\u011finiz baz\u0131 \u015feyler: <a href=\"https:\/\/exceladvisor.org\/tr\/grup-tarihleri\/\">Pivot tablodaki tarihleri gruplama<\/a> \u2013 <a href=\"https:\/\/exceladvisor.org\/tr\/kosullu-bicimlendirmeyi-uygula\/\">Pivot tablodaki ko\u015fullu bi\u00e7imlendirme<\/a> \u2013 <a href=\"https:\/\/exceladvisor.org\/tr\/rutbe-sutunu\/\">Pivot tablodaki s\u00fctunu s\u0131ralama<\/a> \u2013 <a href=\"https:\/\/exceladvisor.org\/tr\/zaman-cizelgesi-filtresi\/\">Pivot tablo pivot tablosuna tarih zaman \u00e7izelgesi ekleme<\/a> \u2013 <a href=\"https:\/\/exceladvisor.org\/tr\/birikimli-toplam\/\">Toplam s\u00fctunu \u00e7al\u0131\u015ft\u0131rma bir pivot tablo Tablosu<\/a><\/em><\/p><h3 class=\"wp-block-heading\"> 4. Grafiklerle veri g\u00f6rselle\u015ftirmeleri olu\u015fturmak kolayd\u0131r<\/h3><p> Excel&#8217;de grafikler olu\u015fturmak ve verilerinizi g\u00f6rsel olarak sunmak i\u00e7in t\u00fcm bu se\u00e7eneklere sahipsiniz. Verilerinizi sunmak i\u00e7in kullanman\u0131z gereken bu ana grafik t\u00fcrlerinin t\u00fcm\u00fc zaten mevcuttur ve bunlar\u0131 tek t\u0131klamayla ekleyebilirsiniz.<\/p><p> Ekle sekmesine giderseniz Grafikler grubunda ekleyebilece\u011finiz t\u00fcm grafikleri bulabilirsiniz. <\/p><div class=\"wp-block-image\"><figure class=\"aligncenter size-large is-resized\"><img loading=\"lazy\" decoding=\"async\" class=\"wp-image-48573\" src=\"https:\/\/exceladvisor.org\/wp-content\/uploads\/2023\/08\/4-graphiques-de-visualisation-de-donnees.png\" sizes=\"auto, \" srcset=\"\" alt=\"veri g\u00f6rselle\u015ftirme \u015femas\u0131\" width=\"531\" height=\"114\"><\/figure><\/div><p> Buna ek olarak, Microsoft Excel&#8217;in e-tablonuzdaki veriler i\u00e7in kullan\u0131lacak m\u00fcmk\u00fcn olan en iyi grafi\u011fi \u00f6nermesini sa\u011flamak i\u00e7in kullanabilece\u011finiz \u00d6nerilen Grafikler ad\u0131 verilen bir d\u00fc\u011fme de vard\u0131r. <\/p><div class=\"wp-block-image\"><figure class=\"aligncenter size-large is-resized\"><img loading=\"lazy\" decoding=\"async\" class=\"wp-image-48574\" src=\"https:\/\/exceladvisor.org\/wp-content\/uploads\/2023\/08\/5-insert-graphique.png\" sizes=\"auto, \" srcset=\"\" alt=\"grafik ekleme\" width=\"551\" height=\"424\"><\/figure><\/div><p> Varsay\u0131lan grafiklerden ba\u015fka bir \u015feye ihtiyac\u0131n\u0131z oldu\u011funu d\u00fc\u015f\u00fcn\u00fcyorsan\u0131z belirli y\u00f6ntemleri kullanarak geli\u015fmi\u015f grafikler olu\u015fturma se\u00e7ene\u011finiz vard\u0131r.<\/p><p> Burada, Excel&#8217;de kullanabilece\u011finiz<a href=\"https:\/\/exceladvisor.org\/tr\/gelismis-grafikler\/\" target=\"_blank\" rel=\"noreferrer noopener\">en iyi 10 geli\u015fmi\u015f Excel grafi\u011finin<\/a> bir listesi var. Ayr\u0131ca verilerinizin herkes taraf\u0131ndan kolayca anla\u015f\u0131lmas\u0131n\u0131 sa\u011flamak i\u00e7in h\u00fccrelerde grafikler de olu\u015fturabilirsiniz.<\/p><h3 class=\"wp-block-heading\"> 5. Raporlar\u0131 kolayca yazd\u0131rabilirsiniz<\/h3><p> A\u011fa\u00e7lar\u0131 kurtarmaktan ho\u015flanan biri olsan\u0131z bile, ba\u015fkalar\u0131yla payla\u015fmak veya birilerine g\u00f6stermek i\u00e7in raporlar\u0131n \u00e7\u0131kt\u0131s\u0131n\u0131 alman\u0131z gerekebilir.<\/p><p> Excel, kenar bo\u015flu\u011funu, ka\u011f\u0131t boyutunu, y\u00f6n\u00fcn\u00fc vb. de\u011fi\u015ftirebilece\u011finiz bir\u00e7ok \u00f6zelle\u015ftirmeyle yazd\u0131rman\u0131za olanak tan\u0131r. <\/p><div class=\"wp-block-image\"><figure class=\"aligncenter size-large is-resized\"><img loading=\"lazy\" decoding=\"async\" class=\"wp-image-48575\" src=\"https:\/\/exceladvisor.org\/wp-content\/uploads\/2023\/08\/6-impression-facile.png\" sizes=\"auto, \" srcset=\"\" alt=\"kolay bask\u0131\" width=\"368\" height=\"134\"><\/figure><\/div><p> Bir raporu yazd\u0131rmadan \u00f6nce d\u00fczen i\u00e7in kullanabilece\u011finiz \u00e7ok say\u0131da se\u00e7enek vard\u0131r.<\/p><h3 class=\"wp-block-heading\"> 6. Kullanabilece\u011finiz pek \u00e7ok \u00fccretsiz \u015fablon<\/h3><p> Excel&#8217;in en pop\u00fcler \u00f6zelliklerinden biri, kontrol panelleri ve \u015fablonlar olu\u015fturabilmenizdir. <\/p><div class=\"wp-block-image\"><figure class=\"aligncenter size-large is-resized\"><img loading=\"lazy\" decoding=\"async\" class=\"wp-image-48576\" src=\"https:\/\/exceladvisor.org\/wp-content\/uploads\/2023\/08\/7-utiliser-des-modeles.png\" sizes=\"auto, \" srcset=\"\" alt=\"\u015fablonlar\u0131 kullan\" width=\"654\" height=\"302\"><\/figure><\/div><p> \u0130ndirebilece\u011finiz ve kullanabilece\u011finiz \u00e7ok say\u0131da \u00fccretsiz \u015fablon var. Ba\u015flamak i\u00e7in \u00dccretsiz Excel \u015eablonlar\u0131<\/p><ul><li> <a href=\"https:\/\/exceladvisor.org\/tr\/envanter-yonetimi-sablonu-excel-vba-kullanici-formlari\/\">Form\u00fcllerle Excel Envanter \u015eablonu<\/a><\/li><li> <a href=\"https:\/\/exceladvisor.org\/tr\/satis-raporu\/\">Sat\u0131\u015f modeli<\/a><\/li><li> <a href=\"https:\/\/exceladvisor.org\/tr\/gantt-semasi\/\">Gider Takibi<\/a><\/li><\/ul><h3 class=\"wp-block-heading\"> 7. Otomati\u011fe kod yazabilirsiniz<\/h3><p> Microsoft Office&#8217;in VBA (uygulamalar i\u00e7in g\u00f6rsel temel) ad\u0131 verilen kendi kodlama dili vard\u0131r ve Excel&#8217;de manuel olarak yapt\u0131\u011f\u0131n\u0131z hemen hemen her etkinlik i\u00e7in kod yazman\u0131za olanak tan\u0131r. <\/p><div class=\"wp-block-image\"><figure class=\"aligncenter size-large is-resized\"><img loading=\"lazy\" decoding=\"async\" class=\"wp-image-48577\" src=\"https:\/\/exceladvisor.org\/wp-content\/uploads\/2023\/08\/8-codes-vba.png\" sizes=\"auto, \" srcset=\"\" alt=\"vba kodu\" width=\"661\" height=\"357\"><\/figure><\/div><p> VBA kodunu kullanarak en basitinden (kal\u0131n metin) en karma\u015f\u0131k\u0131na (pivot tablo ekleme) kadar her t\u00fcrl\u00fc etkinli\u011fi otomatikle\u015ftirebilirsiniz.<\/p><p> <strong>VBA&#8217;y\u0131 \u00f6\u011frenmeye ba\u015flay\u0131n<\/strong><\/p><ul><li> <a href=\"https:\/\/exceladvisor.org\/tr\/vba\/\">Excel VBA E\u011fitimi (B\u00f6l\u00fcm B\u00f6l\u00fcm K\u0131lavuzu)<\/a><\/li><li> <a href=\"https:\/\/exceladvisor.org\/tr\/eger-2\/\">VBA IF<\/a><\/li><li> <a href=\"https:\/\/exceladvisor.org\/tr\/vba-mesaj-kutusu\/\">VBA mesaj kutusu<\/a><\/li><li> <a href=\"https:\/\/exceladvisor.org\/tr\/kisisel-makro-not-defteri\/\">Ki\u015fisel Makrolar \u00c7al\u0131\u015fma Kitab\u0131<\/a><\/li><li> <a href=\"https:\/\/exceladvisor.org\/tr\/islevler\/\">VBA i\u015flevleri<\/a><\/li><\/ul><p> VBA&#8217;n\u0131n temellerini \u00f6\u011frendikten sonra kod yazarak <a href=\"https:\/\/exceladvisor.org\/tr\/kullanici-tanimli-fonksiyon-2\/\">\u00f6zel bir i\u015flev<\/a> de olu\u015fturabilirsiniz.<\/p><h3 class=\"wp-block-heading\"> 8. Verileri d\u00f6n\u00fc\u015ft\u00fcr\u00fcn ve temizleyin<\/h3><p> Verilerle \u00e7ok \u00e7al\u0131\u015fan ki\u015filerden biriyseniz veya bunu yapan birini tan\u0131yorsan\u0131z, kullanmadan \u00f6nce temizlemeniz gereken karma\u015f\u0131k verilerle u\u011fra\u015fman\u0131z gereken bir\u00e7ok durum vard\u0131r.<\/p><p> Verileri temizleme ve d\u00f6n\u00fc\u015ft\u00fcrme i\u015flemi \u00e7ok zaman\u0131n\u0131z\u0131 al\u0131r ve s\u0131k\u0131c\u0131 bir s\u00fcre\u00e7 olabilir.<\/p><p> Bunun i\u00e7in Microsoft, veri d\u00f6n\u00fc\u015ft\u00fcrme ve temizleme motoru olan Power Query&#8217;yi tan\u0131tt\u0131. Birden fazla kaynaktan veri y\u00fckleyebilir, d\u00f6n\u00fc\u015ft\u00fcrebilir ve ard\u0131ndan e-tabloya yeniden y\u00fckleyebilirsiniz. <\/p><div class=\"wp-block-image\"><figure class=\"aligncenter size-large is-resized\"><img loading=\"lazy\" decoding=\"async\" class=\"wp-image-48578\" src=\"https:\/\/exceladvisor.org\/wp-content\/uploads\/2023\/08\/9-transformer-des-donnees-propres.png\" sizes=\"auto, \" srcset=\"\" alt=\"temiz veri d\u00f6n\u00fc\u015f\u00fcm\u00fc\" width=\"650\" height=\"352\"><\/figure><\/div><p> G\u00fc\u00e7 sorgusunu bu kadar g\u00fc\u00e7l\u00fc bir ara\u00e7 yapan \u015fey nedir? Anlamak i\u00e7in bu <a href=\"https:\/\/exceladvisor.org\/tr\/guc-talebi\/\">eksiksiz G\u00dc\u00c7 SORGULAMA k\u0131lavuzuna<\/a> g\u00f6z at\u0131n.<\/p><h3 class=\"wp-block-heading\"> 9. Milyonlarca sat\u0131rl\u0131k verileri depolay\u0131n<\/h3><p> Yani veri s\u0131n\u0131r\u0131 yok ama Excel&#8217;in sat\u0131r ve s\u00fctun a\u00e7\u0131s\u0131ndan bir s\u0131n\u0131r\u0131 var. Bu nedenle Microsoft, milyonlarca sat\u0131ra sahip verileri depolayabilece\u011finiz ve ard\u0131ndan Power Pivot&#8217;ta hesaplamalar ger\u00e7ekle\u015ftirebilece\u011finiz Power Pivot&#8217;u geli\u015ftirdi. <\/p><div class=\"wp-block-image\"><figure class=\"aligncenter size-large is-resized\"><img loading=\"lazy\" decoding=\"async\" class=\"wp-image-48579\" src=\"https:\/\/exceladvisor.org\/wp-content\/uploads\/2023\/08\/10-stocker-des-donnees-avec-des-millions-de-lignes.png\" sizes=\"auto, \" srcset=\"\" alt=\"milyonlarca sat\u0131rla-verileri-depolay\u0131n\" width=\"541\" height=\"357\"><\/figure><\/div><h3 class=\"wp-block-heading\"> 10. Excel online + mobil uygulama ile \u00e7al\u0131\u015fabilirsiniz<\/h3><p> G\u00fcn\u00fcm\u00fczde \u00e7o\u011fu i\u015fletme buluta ge\u00e7iyor ve Microsoft Excel&#8217;in kendi web s\u00fcr\u00fcm\u00fc var. T\u0131pk\u0131 masa\u00fcst\u00fc uygulamas\u0131nda oldu\u011fu gibi i\u015flevler, pivot tablolar ve <a href=\"https:\/\/exceladvisor.org\/tr\/pivot-tablo-2\/\" data-wpil=\"url\">pivot grafikler<\/a> gibi bir\u00e7ok \u00f6zelli\u011fe sahiptir. <\/p><div class=\"wp-block-image\"><figure class=\"aligncenter size-large is-resized\"><img loading=\"lazy\" decoding=\"async\" class=\"wp-image-48580\" src=\"https:\/\/exceladvisor.org\/wp-content\/uploads\/2023\/08\/11-application-mobile-en-ligne-Excel.png\" sizes=\"auto, \" srcset=\"\" alt=\"mobil-uygulama-\u00e7evrimi\u00e7i-excel\" width=\"541\" height=\"310\"><\/figure><\/div><p> Ve yak\u0131n zamanda Microsoft, e-tablolar \u00fczerinde ve mobil cihazlarda \u00e7al\u0131\u015fmak i\u00e7in de kullanabilece\u011finiz hepsi bir arada masa\u00fcst\u00fc uygulamas\u0131n\u0131 ba\u015flatt\u0131. <\/p><div class=\"wp-block-image\"><figure class=\"aligncenter size-large is-resized\"><img loading=\"lazy\" decoding=\"async\" class=\"wp-image-48581\" src=\"https:\/\/exceladvisor.org\/wp-content\/uploads\/2023\/08\/12-applications-bureautiques-tout-en-un.png\" sizes=\"auto, \" srcset=\"\" alt=\"hepsi bir arada masa\u00fcst\u00fc uygulamas\u0131\" width=\"337\" height=\"257\"><\/figure><\/div><div class=\"gb-container gb-container-db066fb5\"><div class=\"gb-container gb-container-4db6181c gb-container-mt\"> <a class=\"gb-button gb-button-c5897111 gb-button-text gb-button-mt-button\" href=\"https:\/\/exceladvisor.org\/tr\/blog\/\">Excel Blogu<\/a><\/div><\/div>","protected":false},"excerpt":{"rendered":"","protected":false},"author":1,"featured_media":0,"parent":0,"menu_order":0,"comment_status":"open","ping_status":"closed","template":"","meta":{"ub_ctt_via":"","footnotes":""},"class_list":["post-1486","page","type-page","status-publish","hentry"],"featured_image_src":null,"yoast_head":"<!-- This site is optimized with the Yoast SEO plugin v25.4 - https:\/\/yoast.com\/wordpress\/plugins\/seo\/ -->\n<title>2023&#039;te Microsoft Excel&#039;in En \u00d6nemli 10 Avantaj\u0131<\/title>\n<meta name=\"description\" content=\"\u00d6\u011frenmek istedi\u011fimiz insanlardan biriyseniz ve bunun i\u015finizde size nas\u0131l yard\u0131mc\u0131 olabilece\u011fini merak ediyorsan\u0131z\" \/>\n<meta name=\"robots\" content=\"index, follow, max-snippet:-1, max-image-preview:large, max-video-preview:-1\" \/>\n<link rel=\"canonical\" href=\"https:\/\/exceladvisor.org\/tr\/microsoft-excelin-avantajlari\/\" \/>\n<meta property=\"og:locale\" content=\"tr_TR\" \/>\n<meta property=\"og:type\" content=\"article\" \/>\n<meta property=\"og:title\" content=\"2023&#039;te Microsoft Excel&#039;in En \u00d6nemli 10 Avantaj\u0131\" \/>\n<meta property=\"og:description\" content=\"\u00d6\u011frenmek istedi\u011fimiz insanlardan biriyseniz ve bunun i\u015finizde size nas\u0131l yard\u0131mc\u0131 olabilece\u011fini merak ediyorsan\u0131z\" \/>\n<meta property=\"og:url\" content=\"https:\/\/exceladvisor.org\/tr\/microsoft-excelin-avantajlari\/\" \/>\n<meta property=\"og:site_name\" content=\"Excel Advisor\" \/>\n<meta property=\"article:modified_time\" content=\"2023-12-10T06:04:39+00:00\" \/>\n<meta property=\"og:image\" content=\"https:\/\/exceladvisor.org\/wp-content\/uploads\/2023\/08\/1-meilleure-facon-de-stocker-des-donnees.png\" \/>\n<meta name=\"twitter:card\" content=\"summary_large_image\" \/>\n<meta name=\"twitter:label1\" content=\"Tahmini okuma s\u00fcresi\" \/>\n\t<meta name=\"twitter:data1\" content=\"5 dakika\" \/>\n<script type=\"application\/ld+json\" class=\"yoast-schema-graph\">{\"@context\":\"https:\/\/schema.org\",\"@graph\":[{\"@type\":\"WebPage\",\"@id\":\"https:\/\/exceladvisor.org\/tr\/microsoft-excelin-avantajlari\/\",\"url\":\"https:\/\/exceladvisor.org\/tr\/microsoft-excelin-avantajlari\/\",\"name\":\"2023&#39;te Microsoft Excel&#39;in En \u00d6nemli 10 Avantaj\u0131\",\"isPartOf\":{\"@id\":\"https:\/\/exceladvisor.org\/tr\/#website\"},\"primaryImageOfPage\":{\"@id\":\"https:\/\/exceladvisor.org\/tr\/microsoft-excelin-avantajlari\/#primaryimage\"},\"image\":{\"@id\":\"https:\/\/exceladvisor.org\/tr\/microsoft-excelin-avantajlari\/#primaryimage\"},\"thumbnailUrl\":\"https:\/\/exceladvisor.org\/wp-content\/uploads\/2023\/08\/1-meilleure-facon-de-stocker-des-donnees.png\",\"datePublished\":\"2023-11-22T03:33:36+00:00\",\"dateModified\":\"2023-12-10T06:04:39+00:00\",\"description\":\"\u00d6\u011frenmek istedi\u011fimiz insanlardan biriyseniz ve bunun i\u015finizde size nas\u0131l yard\u0131mc\u0131 olabilece\u011fini merak ediyorsan\u0131z\",\"breadcrumb\":{\"@id\":\"https:\/\/exceladvisor.org\/tr\/microsoft-excelin-avantajlari\/#breadcrumb\"},\"inLanguage\":\"tr\",\"potentialAction\":[{\"@type\":\"ReadAction\",\"target\":[\"https:\/\/exceladvisor.org\/tr\/microsoft-excelin-avantajlari\/\"]}]},{\"@type\":\"ImageObject\",\"inLanguage\":\"tr\",\"@id\":\"https:\/\/exceladvisor.org\/tr\/microsoft-excelin-avantajlari\/#primaryimage\",\"url\":\"https:\/\/exceladvisor.org\/wp-content\/uploads\/2023\/08\/1-meilleure-facon-de-stocker-des-donnees.png\",\"contentUrl\":\"https:\/\/exceladvisor.org\/wp-content\/uploads\/2023\/08\/1-meilleure-facon-de-stocker-des-donnees.png\"},{\"@type\":\"BreadcrumbList\",\"@id\":\"https:\/\/exceladvisor.org\/tr\/microsoft-excelin-avantajlari\/#breadcrumb\",\"itemListElement\":[{\"@type\":\"ListItem\",\"position\":1,\"name\":\"Ev\",\"item\":\"https:\/\/exceladvisor.org\/tr\/\"},{\"@type\":\"ListItem\",\"position\":2,\"name\":\"Microsoft excel&#39;in en \u00f6nemli 10 faydas\u0131\"}]},{\"@type\":\"WebSite\",\"@id\":\"https:\/\/exceladvisor.org\/tr\/#website\",\"url\":\"https:\/\/exceladvisor.org\/tr\/\",\"name\":\"Excel Advisor\",\"description\":\"Veri hakimiyetine y\u00f6nelik nihai rehberiniz!\",\"publisher\":{\"@id\":\"https:\/\/exceladvisor.org\/tr\/#organization\"},\"potentialAction\":[{\"@type\":\"SearchAction\",\"target\":{\"@type\":\"EntryPoint\",\"urlTemplate\":\"https:\/\/exceladvisor.org\/tr\/?s={search_term_string}\"},\"query-input\":{\"@type\":\"PropertyValueSpecification\",\"valueRequired\":true,\"valueName\":\"search_term_string\"}}],\"inLanguage\":\"tr\"},{\"@type\":\"Organization\",\"@id\":\"https:\/\/exceladvisor.org\/tr\/#organization\",\"name\":\"Excel Advisor\",\"url\":\"https:\/\/exceladvisor.org\/tr\/\",\"logo\":{\"@type\":\"ImageObject\",\"inLanguage\":\"tr\",\"@id\":\"https:\/\/exceladvisor.org\/tr\/#\/schema\/logo\/image\/\",\"url\":\"https:\/\/exceladvisor.org\/tr\/wp-content\/uploads\/2023\/12\/exceladvisor.org_.png\",\"contentUrl\":\"https:\/\/exceladvisor.org\/tr\/wp-content\/uploads\/2023\/12\/exceladvisor.org_.png\",\"width\":105,\"height\":36,\"caption\":\"Excel Advisor\"},\"image\":{\"@id\":\"https:\/\/exceladvisor.org\/tr\/#\/schema\/logo\/image\/\"}}]}<\/script>\n<!-- \/ Yoast SEO plugin. -->","yoast_head_json":{"title":"2023&#39;te Microsoft Excel&#39;in En \u00d6nemli 10 Avantaj\u0131","description":"\u00d6\u011frenmek istedi\u011fimiz insanlardan biriyseniz ve bunun i\u015finizde size nas\u0131l yard\u0131mc\u0131 olabilece\u011fini merak ediyorsan\u0131z","robots":{"index":"index","follow":"follow","max-snippet":"max-snippet:-1","max-image-preview":"max-image-preview:large","max-video-preview":"max-video-preview:-1"},"canonical":"https:\/\/exceladvisor.org\/tr\/microsoft-excelin-avantajlari\/","og_locale":"tr_TR","og_type":"article","og_title":"2023&#39;te Microsoft Excel&#39;in En \u00d6nemli 10 Avantaj\u0131","og_description":"\u00d6\u011frenmek istedi\u011fimiz insanlardan biriyseniz ve bunun i\u015finizde size nas\u0131l yard\u0131mc\u0131 olabilece\u011fini merak ediyorsan\u0131z","og_url":"https:\/\/exceladvisor.org\/tr\/microsoft-excelin-avantajlari\/","og_site_name":"Excel Advisor","article_modified_time":"2023-12-10T06:04:39+00:00","og_image":[{"url":"https:\/\/exceladvisor.org\/wp-content\/uploads\/2023\/08\/1-meilleure-facon-de-stocker-des-donnees.png","type":"","width":"","height":""}],"twitter_card":"summary_large_image","twitter_misc":{"Tahmini okuma s\u00fcresi":"5 dakika"},"schema":{"@context":"https:\/\/schema.org","@graph":[{"@type":"WebPage","@id":"https:\/\/exceladvisor.org\/tr\/microsoft-excelin-avantajlari\/","url":"https:\/\/exceladvisor.org\/tr\/microsoft-excelin-avantajlari\/","name":"2023&#39;te Microsoft Excel&#39;in En \u00d6nemli 10 Avantaj\u0131","isPartOf":{"@id":"https:\/\/exceladvisor.org\/tr\/#website"},"primaryImageOfPage":{"@id":"https:\/\/exceladvisor.org\/tr\/microsoft-excelin-avantajlari\/#primaryimage"},"image":{"@id":"https:\/\/exceladvisor.org\/tr\/microsoft-excelin-avantajlari\/#primaryimage"},"thumbnailUrl":"https:\/\/exceladvisor.org\/wp-content\/uploads\/2023\/08\/1-meilleure-facon-de-stocker-des-donnees.png","datePublished":"2023-11-22T03:33:36+00:00","dateModified":"2023-12-10T06:04:39+00:00","description":"\u00d6\u011frenmek istedi\u011fimiz insanlardan biriyseniz ve bunun i\u015finizde size nas\u0131l yard\u0131mc\u0131 olabilece\u011fini merak ediyorsan\u0131z","breadcrumb":{"@id":"https:\/\/exceladvisor.org\/tr\/microsoft-excelin-avantajlari\/#breadcrumb"},"inLanguage":"tr","potentialAction":[{"@type":"ReadAction","target":["https:\/\/exceladvisor.org\/tr\/microsoft-excelin-avantajlari\/"]}]},{"@type":"ImageObject","inLanguage":"tr","@id":"https:\/\/exceladvisor.org\/tr\/microsoft-excelin-avantajlari\/#primaryimage","url":"https:\/\/exceladvisor.org\/wp-content\/uploads\/2023\/08\/1-meilleure-facon-de-stocker-des-donnees.png","contentUrl":"https:\/\/exceladvisor.org\/wp-content\/uploads\/2023\/08\/1-meilleure-facon-de-stocker-des-donnees.png"},{"@type":"BreadcrumbList","@id":"https:\/\/exceladvisor.org\/tr\/microsoft-excelin-avantajlari\/#breadcrumb","itemListElement":[{"@type":"ListItem","position":1,"name":"Ev","item":"https:\/\/exceladvisor.org\/tr\/"},{"@type":"ListItem","position":2,"name":"Microsoft excel&#39;in en \u00f6nemli 10 faydas\u0131"}]},{"@type":"WebSite","@id":"https:\/\/exceladvisor.org\/tr\/#website","url":"https:\/\/exceladvisor.org\/tr\/","name":"Excel Advisor","description":"Veri hakimiyetine y\u00f6nelik nihai rehberiniz!","publisher":{"@id":"https:\/\/exceladvisor.org\/tr\/#organization"},"potentialAction":[{"@type":"SearchAction","target":{"@type":"EntryPoint","urlTemplate":"https:\/\/exceladvisor.org\/tr\/?s={search_term_string}"},"query-input":{"@type":"PropertyValueSpecification","valueRequired":true,"valueName":"search_term_string"}}],"inLanguage":"tr"},{"@type":"Organization","@id":"https:\/\/exceladvisor.org\/tr\/#organization","name":"Excel Advisor","url":"https:\/\/exceladvisor.org\/tr\/","logo":{"@type":"ImageObject","inLanguage":"tr","@id":"https:\/\/exceladvisor.org\/tr\/#\/schema\/logo\/image\/","url":"https:\/\/exceladvisor.org\/tr\/wp-content\/uploads\/2023\/12\/exceladvisor.org_.png","contentUrl":"https:\/\/exceladvisor.org\/tr\/wp-content\/uploads\/2023\/12\/exceladvisor.org_.png","width":105,"height":36,"caption":"Excel Advisor"},"image":{"@id":"https:\/\/exceladvisor.org\/tr\/#\/schema\/logo\/image\/"}}]}},"yoast_meta":{"yoast_wpseo_title":"","yoast_wpseo_metadesc":"","yoast_wpseo_canonical":""},"_links":{"self":[{"href":"https:\/\/exceladvisor.org\/tr\/wp-json\/wp\/v2\/pages\/1486","targetHints":{"allow":["GET"]}}],"collection":[{"href":"https:\/\/exceladvisor.org\/tr\/wp-json\/wp\/v2\/pages"}],"about":[{"href":"https:\/\/exceladvisor.org\/tr\/wp-json\/wp\/v2\/types\/page"}],"author":[{"embeddable":true,"href":"https:\/\/exceladvisor.org\/tr\/wp-json\/wp\/v2\/users\/1"}],"replies":[{"embeddable":true,"href":"https:\/\/exceladvisor.org\/tr\/wp-json\/wp\/v2\/comments?post=1486"}],"version-history":[{"count":1,"href":"https:\/\/exceladvisor.org\/tr\/wp-json\/wp\/v2\/pages\/1486\/revisions"}],"predecessor-version":[{"id":2750,"href":"https:\/\/exceladvisor.org\/tr\/wp-json\/wp\/v2\/pages\/1486\/revisions\/2750"}],"wp:attachment":[{"href":"https:\/\/exceladvisor.org\/tr\/wp-json\/wp\/v2\/media?parent=1486"}],"curies":[{"name":"wp","href":"https:\/\/api.w.org\/{rel}","templated":true}]}}