{"id":1488,"date":"2023-11-22T02:20:42","date_gmt":"2023-11-22T02:20:42","guid":{"rendered":"https:\/\/exceladvisor.org\/tr\/excel-ilerlemesi\/"},"modified":"2023-12-10T06:04:22","modified_gmt":"2023-12-10T06:04:22","slug":"excel-ilerlemesi","status":"publish","type":"page","link":"https:\/\/exceladvisor.org\/tr\/excel-ilerlemesi\/","title":{"rendered":"I\u0307leri excel dersleri"},"content":{"rendered":"<div class=\"excel-icerikten-once\" id=\"excel-99303475\"><script type=\"text\/javascript\">\r\n\tatOptions = {\r\n\t\t'key' : 'c1158f160081d6540a8409e6925dab94',\r\n\t\t'format' : 'iframe',\r\n\t\t'height' : 250,\r\n\t\t'width' : 300,\r\n\t\t'params' : {}\r\n\t};\r\n<\/script>\r\n<script type=\"text\/javascript\" src=\"\/\/www.highperformanceformat.com\/c1158f160081d6540a8409e6925dab94\/invoke.js\"><\/script><\/div> <p>Geli\u015fmi\u015f Excel e\u011fitimleri, Microsoft Excel&#8217;in daha geli\u015fmi\u015f \u00f6zelliklerini kapsar. Bu e\u011fitimler, halihaz\u0131rda temel Excel bilgisine sahip olan ve daha karma\u015f\u0131k g\u00f6revler ve veri analizi i\u00e7in becerilerini derinle\u015ftirmek isteyen ki\u015filer i\u00e7in tasarlanm\u0131\u015ft\u0131r.<\/p><p> \u0130leri d\u00fczey Excel e\u011fitimlerinde yayg\u0131n olarak ele al\u0131nan baz\u0131 konular \u015funlard\u0131r:<\/p><h2> Microsoft Excel&#8217;in ileri d\u00fczeyde kullan\u0131m\u0131<\/h2><p> <strong>Geli\u015fmi\u015f form\u00fcller ve i\u015flevler:<\/strong><\/p><ul><li> INDEX\/MATCH, SUMIFS, COUNTIFS ve dizi form\u00fclleri gibi karma\u015f\u0131k i\u015flevlerin derinlemesine kapsam\u0131.<\/li><li> Geli\u015fmi\u015f karar verme i\u00e7in E\u011eERHATA, E\u011eER VEYA VEYA gibi mant\u0131k i\u015flevlerini kullan\u0131n.<\/li><\/ul><p> <strong>Veri analizi ve pivot tablolar:<\/strong><\/p><ul><li> Pivot tablolar ve pivot grafiklerle \u00e7al\u0131\u015fmaya y\u00f6nelik geli\u015fmi\u015f teknikler.<\/li><li> Dilimleyiciler, zaman \u00e7izelgeleri ve hesaplanan alanlar gibi \u00f6zellikleri kullanarak verileri analiz edin.<\/li><\/ul><p> <strong>Power Query ve Power Pivot:<\/strong><\/p><ul><li> Verileri temizlemek, d\u00f6n\u00fc\u015ft\u00fcrmek ve y\u00fcklemek i\u00e7in Power Query&#8217;ye giri\u015f.<\/li><li> Geli\u015fmi\u015f veri modelleme ve analizi i\u00e7in Power Pivot&#8217;u kullanma.<\/li><\/ul><p> <strong>Veri do\u011frulama ve geli\u015fmi\u015f veri ara\u00e7lar\u0131:<\/strong><\/p><ul><li> Dinamik a\u00e7\u0131l\u0131r listeler ve ba\u011f\u0131ml\u0131 a\u00e7\u0131l\u0131r listeler olu\u015fturma.<\/li><li> Geli\u015fmi\u015f veri do\u011frulama teknikleri ve \u00f6zel do\u011frulama kurallar\u0131.<\/li><\/ul><p> <strong>Geli\u015fmi\u015f haritalama:<\/strong><\/p><ul><li> Birle\u015fik grafikler, \u015felale grafikleri ve radar grafikleri gibi karma\u015f\u0131k grafikler olu\u015fturma.<\/li><li> Grafik \u00f6\u011felerini ve bi\u00e7imlendirme se\u00e7eneklerini \u00f6zelle\u015ftirme.<\/li><\/ul><p> <strong><a href=\"https:\/\/exceladvisor.org\/tr\/vba\/\">Makrolar ve VBA<\/a> (Uygulamalar i\u00e7in Visual Basic):<\/strong><\/p><ul><li> Makrolar\u0131 kullanarak otomasyona giri\u015f.<\/li><li> Excel i\u015flevselli\u011fini \u00f6zelle\u015ftirmek i\u00e7in VBA kodunu yazma ve d\u00fczenleme.<\/li><\/ul><p> <strong>Geli\u015fmi\u015f veri fonksiyonlar\u0131:<\/strong><\/p><ul><li> Geli\u015fmi\u015f veri kurtarma i\u00e7in ARAMA, YATAYARA, D\u00dc\u015eEYARA gibi i\u015flevleri kullan\u0131n.<\/li><li> DSUM, DAVERAGE, DCOUNT gibi veritaban\u0131 i\u015flevlerini kullan\u0131n.<\/li><\/ul><p> <strong>Senaryo y\u00f6netimi ve sim\u00fclasyon analizi:<\/strong><\/p><ul><li> Geli\u015fmi\u015f senaryo analizi yap\u0131n ve senaryo \u00f6zetleri olu\u015fturun.<\/li><li> Optimizasyon problemleri i\u00e7in Hedef Arama ve \u00c7\u00f6z\u00fcc\u00fcy\u00fc kullanma.<\/li><\/ul><p> <strong>Dinamik tablolar:<\/strong><\/p><ul><li> SIRALAMA, F\u0130LTRE, BENZERS\u0130Z ve SIRALAMA gibi yeni dinamik dizi i\u015flevlerini ke\u015ffedin.<\/li><li> Verimli veri manip\u00fclasyonu i\u00e7in d\u00f6k\u00fclme aral\u0131klar\u0131ndan yararlan\u0131n.<\/li><\/ul><p> <strong>Finansal ve istatistiksel i\u015flevler:<\/strong><\/p><ul><li> Krediler, yat\u0131r\u0131mlar ve y\u0131ll\u0131k gelirlerle ilgili hesaplamalar i\u00e7in mali fonksiyonlar\u0131n uygulanmas\u0131.<\/li><li> Veri analizi ve hipotez testi i\u00e7in istatistiksel i\u015flevleri kullan\u0131n.<\/li><\/ul><p> <strong>\u0130\u015fbirli\u011fi ve payla\u015f\u0131m:<\/strong><\/p><ul><li> \u00c7al\u0131\u015fma kitaplar\u0131n\u0131 payla\u015fma, de\u011fi\u015fiklikleri birle\u015ftirme ve yorumlar\u0131 inceleme gibi geli\u015fmi\u015f payla\u015f\u0131m ve i\u015fbirli\u011fi \u00f6zellikleri.<\/li><\/ul><p> <strong>Kontrol panelinin tasar\u0131m\u0131 ve g\u00f6rselle\u015ftirilmesi:<\/strong><\/p><ul><li> Geli\u015fmi\u015f g\u00f6rselle\u015ftirme tekniklerini kullanarak etkile\u015fimli kontrol panelleri tasarlay\u0131n.<\/li><li> Form kontrollerinin ve etkile\u015fimli \u00f6\u011felerin entegrasyonu.<\/li><\/ul><h2> E-tablolar<\/h2><ul><li> <a style=\"outline: none;\" href=\"https:\/\/exceladvisor.org\/tr\/pekistirmek\/\" data-wpil=\"url\">Birden \u00e7ok \u00e7al\u0131\u015fma sayfas\u0131ndaki verileri Excel&#8217;de tek bir \u00e7al\u0131\u015fma sayfas\u0131nda birle\u015ftirin<\/a><\/li><li> <a style=\"outline: none;\" href=\"https:\/\/exceladvisor.org\/tr\/veri-giris-formu-3\/\">Excel&#8217;de veri giri\u015f formu olu\u015fturma<\/a><\/li><\/ul><h2> Bi\u00e7im<\/h2><ul><li> <a style=\"outline: none;\" href=\"https:\/\/exceladvisor.org\/tr\/formuller-1\/\" data-wpil=\"url\">Ko\u015fullu bi\u00e7imlendirmedeki form\u00fcller<\/a><\/li><li> <a style=\"outline: none;\" href=\"https:\/\/exceladvisor.org\/tr\/otomatik-format\/\">Excel&#8217;de OTOMAT\u0130K FORMAT se\u00e7ene\u011fi<\/a><\/li><li> <a style=\"outline: none;\" href=\"https:\/\/exceladvisor.org\/tr\/alternatif-cizgileri-vurgula\/\">Renk \u00f6rne\u011fiyle Excel&#8217;deki alternatif sat\u0131rlar\u0131 vurgulay\u0131n<\/a><\/li><li> <a style=\"outline: none;\" href=\"https:\/\/exceladvisor.org\/tr\/simge-oyunlari\/\" data-wpil=\"url\">Excel&#8217;de simge k\u00fcmelerini kullanma (ko\u015fullu bi\u00e7imlendirme)<\/a><\/li><li> <a style=\"outline: none;\" href=\"https:\/\/exceladvisor.org\/tr\/en-iyi-yazi-tipleri\/\">Microsoft Excel i\u00e7in En \u0130yi 5 Yaz\u0131 Tipi<\/a><\/li><li> <a style=\"outline: none;\" href=\"https:\/\/exceladvisor.org\/tr\/sifirlari-gizle\/\">Excel&#8217;de s\u0131f\u0131r de\u011ferleri nas\u0131l gizlenir<\/a><\/li><\/ul><h2> Veri do\u011frulama<\/h2><ul><li> <a style=\"outline: none;\" href=\"https:\/\/exceladvisor.org\/tr\/veri-dogrulama-tarih-araligi\/\">Tarih aral\u0131\u011f\u0131yla veri do\u011frulama<\/a><\/li><li> <a style=\"outline: none;\" href=\"https:\/\/exceladvisor.org\/tr\/bagimli-acilir-liste\/\">Excel&#8217;deki ba\u011f\u0131ml\u0131 a\u00e7\u0131l\u0131r liste<\/a><\/li><li> <a style=\"outline: none;\" href=\"https:\/\/exceladvisor.org\/tr\/dinamik-liste\/\">Excel&#8217;de dinamik a\u00e7\u0131l\u0131r liste<\/a><\/li><li> <a style=\"outline: none;\" href=\"https:\/\/exceladvisor.org\/tr\/evet-hayir-acilir-liste\/\">Excel&#8217;de Evet &#8211; Hay\u0131r A\u00e7\u0131l\u0131r Listesi Olu\u015fturma<\/a><\/li><li> <a style=\"outline: none;\" href=\"https:\/\/exceladvisor.org\/tr\/acilir-listeyi-kaldir\/\">Excel&#8217;de a\u00e7\u0131l\u0131r listeyi (veri do\u011frulama) kald\u0131r<\/a><\/li><\/ul><h2> Yazd\u0131rmak<\/h2><ul><li> <a style=\"outline: none;\" href=\"https:\/\/exceladvisor.org\/tr\/basliklari-yazdir\/\">Excel&#8217;de Yazd\u0131rma Ba\u015fl\u0131klar\u0131n\u0131 Uygula (sat\u0131r 1&#8217;i her sayfaya yazd\u0131racak \u015fekilde ayarlay\u0131n)<\/a><\/li><li> <a style=\"outline: none;\" href=\"https:\/\/exceladvisor.org\/tr\/grafik-kagidi\/\">Excel&#8217;de bir grafik ka\u011f\u0131d\u0131 yazd\u0131rma (kare \u0131zgara \u015fablonu)<\/a><\/li><li> <a style=\"outline: none;\" href=\"https:\/\/exceladvisor.org\/tr\/sayfa-yonunu-degistir\/\">Excel&#8217;de sayfa y\u00f6n\u00fcn\u00fc de\u011fi\u015ftirme<\/a><\/li><li> <a style=\"outline: none;\" href=\"https:\/\/exceladvisor.org\/tr\/sayfa-kenar-boslugu\/\">Excel&#8217;de Sayfa Kenar Bo\u015flu\u011fu (De\u011fi\u015ftir ve Ayarla)<\/a><\/li><\/ul><h2> Se\u00e7enek<\/h2><ul><li> <a style=\"outline: none;\" href=\"https:\/\/exceladvisor.org\/tr\/kamera-araci\/\">Excel Kamera Arac\u0131<\/a><\/li><li> <a style=\"outline: none;\" href=\"https:\/\/exceladvisor.org\/tr\/hedef-aramak\/\">Excel&#8217;de Hedef Bulucu<\/a><\/li><li> <a href=\"https:\/\/exceladvisor.org\/tr\/pencereyi-izle\/\">Excel&#8217;de pencereyi izle<\/a><\/li><li> <a href=\"https:\/\/exceladvisor.org\/tr\/excel-dilimleyici\/\">Excel Dilimleyici (Tam K\u0131lavuz)<\/a><\/li><li> <a href=\"https:\/\/exceladvisor.org\/tr\/macta-varsayilan-olarak-excel\/\">Mac&#8217;te Excel&#8217;i Varsay\u0131lan Yap\u0131n<\/a><\/li><li> <a style=\"outline: none;\" href=\"https:\/\/exceladvisor.org\/tr\/excel-guvenli-mod\/\">Excel&#8217;i G\u00fcvenli Modda a\u00e7\u0131n<\/a><\/li><li> <a style=\"outline: none;\" href=\"https:\/\/exceladvisor.org\/tr\/onbellegi-bosalt\/\">Excel&#8217;de \u00f6nbelle\u011fi temizle<\/a><\/li><li> <a style=\"outline: none;\" href=\"https:\/\/exceladvisor.org\/tr\/akilli-sanat\/\">Excel&#8217;de Ak\u0131ll\u0131 Sanat<\/a><\/li><li> <a style=\"outline: none;\" href=\"https:\/\/exceladvisor.org\/tr\/kisisellestirilmis-listeler\/\">Excel&#8217;de \u00f6zel bir liste olu\u015fturma<\/a><\/li><li> <a style=\"outline: none;\" href=\"https:\/\/exceladvisor.org\/tr\/excelde-pdf\/\">Excel&#8217;e PDF ekleme<\/a><\/li><li> <a style=\"outline: none;\" href=\"https:\/\/exceladvisor.org\/tr\/otomatik-duzeltme\/\">Excel&#8217;de Otomatik D\u00fczelt&#8217;i kullanma<\/a><\/li><li> <a style=\"outline: none;\" href=\"https:\/\/exceladvisor.org\/tr\/resim-ekle\/\">Excel&#8217;de bir h\u00fccreye resim ekleme<\/a><\/li><li> <a style=\"outline: none;\" href=\"https:\/\/exceladvisor.org\/tr\/dosya-yerlestirme\/\">Excel&#8217;e dosya g\u00f6mme<\/a><\/li><li> PDF&#8217;yi Excel&#8217;e d\u00f6n\u00fc\u015ft\u00fcr\u00fcn<\/li><\/ul><h2> Plaj ve h\u00fccreler<\/h2><ul><li> <a style=\"outline: none;\" href=\"https:\/\/exceladvisor.org\/tr\/hizli-analiz-araci\/\">Excel&#8217;de H\u0131zl\u0131 Analiz Arac\u0131<\/a><\/li><li> <a style=\"outline: none;\" href=\"https:\/\/exceladvisor.org\/tr\/birden-fazla-filtre-uygula\/\">S\u00fctunlara birden \u00e7ok filtre uygulama<\/a><\/li><li> <a href=\"https:\/\/exceladvisor.org\/tr\/ust-alt-degerleri-vurgula\/\">Excel&#8217;de \u00fcst ve alt N de\u011ferlerini vurgulay\u0131n<\/a><\/li><li> <a style=\"outline: none;\" href=\"https:\/\/exceladvisor.org\/tr\/onay-kutusu\/\">Excel&#8217;e onay kutusu ekleme<\/a><\/li><li> <a href=\"https:\/\/exceladvisor.org\/tr\/veri-kaybetmeden-hucreleri-birlestirme\/\">Excel&#8217;de veri kaybetmeden h\u00fccreleri birle\u015ftirme<\/a><\/li><li> <a href=\"https:\/\/exceladvisor.org\/tr\/ozel-carpim-yapistir\/\">\u00d6zel Yap\u0131\u015ft\u0131r&#8217;\u0131 kullanarak Excel&#8217;de \u00e7arpma<\/a><\/li><li> <a href=\"https:\/\/exceladvisor.org\/tr\/barkod-ekle\/\" data-wpil=\"url\">Excel&#8217;e barkod ekleme (yaz\u0131 tipini y\u00fckleme)<\/a><\/li><li> <a href=\"https:\/\/exceladvisor.org\/tr\/varsayilan-yazi-tipi\/\">Varsay\u0131lan yaz\u0131 tipi (stili, boyutu ve rengi de\u011fi\u015ftirin)<\/a><\/li><li> <a href=\"https:\/\/exceladvisor.org\/tr\/renge-gore-filtrele\/\">Excel&#8217;de renge g\u00f6re filtrele<\/a><\/li><li> <a href=\"https:\/\/exceladvisor.org\/tr\/tabloyu-yeniden-adlandir\/\">Excel&#8217;de bir tabloyu yeniden adland\u0131rma<\/a><\/li><li> <a href=\"https:\/\/exceladvisor.org\/tr\/sutun-numaralari\/\">Excel&#8217;deki s\u00fctun numaralar\u0131<\/a><\/li><li> <a href=\"https:\/\/exceladvisor.org\/tr\/gri-hucreler\/\">Excel&#8217;deki Gri H\u00fccreler<\/a><\/li><li> <a style=\"outline: none;\" href=\"https:\/\/exceladvisor.org\/tr\/hucreleri-buyutmek\/\">Excel&#8217;de h\u00fccreleri b\u00fcy\u00fctme<\/a><\/li><li> <a href=\"https:\/\/exceladvisor.org\/tr\/kisa-cizgileri-kaldir\/\">Excel&#8217;de k\u0131sa \u00e7izgileri kald\u0131r\u0131n<\/a><\/li><li> <a style=\"outline: none;\" href=\"https:\/\/exceladvisor.org\/tr\/birlestirilmis-hucreleri-bul\/\">Excel&#8217;de birle\u015ftirilmi\u015f h\u00fccreleri bulma<\/a><\/li><li> <a style=\"outline: none;\" href=\"https:\/\/exceladvisor.org\/tr\/kilit-hucreleri-1\/\">Excel&#8217;de H\u00fccreleri Kilitle<\/a><\/li><li> <a style=\"outline: none;\" href=\"https:\/\/exceladvisor.org\/tr\/ad-araligini-bul\/\">Excel&#8217;de bir dizi ad bulma<\/a><\/li><\/ul><h2> Defterler<\/h2><ul><li> <a style=\"outline: none;\" href=\"https:\/\/exceladvisor.org\/tr\/bozuk-excel-dosyasini-onar\/\">Bozuk Excel Dosyas\u0131n\u0131 Onar<\/a><\/li><li> <a style=\"outline: none;\" href=\"https:\/\/exceladvisor.org\/tr\/kaydedilmemis-dosyalari-kurtar\/\">Excel \u00e7\u00f6kt\u00fc\u011f\u00fcnde kaydedilmemi\u015f Excel dosyalar\u0131n\u0131 kurtar\u0131n<\/a><\/li><li> Excel dosyas\u0131n\u0131 (\u00e7al\u0131\u015fma kitab\u0131n\u0131) CSV format\u0131nda (XLSX TO CSV) kaydedin<\/li><li> <a style=\"outline: none;\" href=\"https:\/\/exceladvisor.org\/tr\/metin-dosyasini-ac\/\">Excel&#8217;de bir metin dosyas\u0131 nas\u0131l a\u00e7\u0131l\u0131r (.TXT)<\/a><\/li><\/ul><h2> Ko\u015fullu bi\u00e7imlendirme<\/h2><ul><li> <a style=\"outline: none;\" href=\"https:\/\/exceladvisor.org\/tr\/kosullu-bicimlendirme\/\">Excel&#8217;de Ko\u015fullu Bi\u00e7imlendirme \u0130\u00e7in Tam Bir K\u0131lavuz<\/a><\/li><li> <a style=\"outline: none;\" href=\"https:\/\/exceladvisor.org\/tr\/bos-hucreler\/\">Excel&#8217;de Bo\u015f H\u00fccrelere Ko\u015fullu Bi\u00e7imlendirme Uygulay\u0131n<\/a><\/li><li> <a style=\"outline: none;\" href=\"https:\/\/exceladvisor.org\/tr\/sutunlari-karsilastir\/\">Excel&#8217;de ko\u015fullu bi\u00e7imlendirmeyi kullanarak iki s\u00fctunu kar\u015f\u0131la\u015ft\u0131rma<\/a><\/li><li> <a style=\"outline: none;\" href=\"https:\/\/exceladvisor.org\/tr\/baska-bir-hucre\/\">Excel&#8217;deki ba\u015fka bir h\u00fccreye dayal\u0131 ko\u015fullu bi\u00e7imlendirme uygulama<\/a><\/li><li> <a style=\"outline: none;\" href=\"https:\/\/exceladvisor.org\/tr\/baska-bir-sutun\/\">Excel&#8217;deki ba\u015fka bir s\u00fctuna dayal\u0131 olarak ko\u015fullu bi\u00e7imlendirme uygulama<\/a><\/li><li> <a style=\"outline: none;\" href=\"https:\/\/exceladvisor.org\/tr\/kopyala\/\">Excel&#8217;de ko\u015fullu bi\u00e7imlendirmeyi bir aral\u0131ktan di\u011ferine kopyalama<\/a><\/li><li> <a href=\"https:\/\/exceladvisor.org\/tr\/tum-sutun\/\">Excel&#8217;de bir s\u00fctunun tamam\u0131na ko\u015fullu bi\u00e7imlendirme uygulama<\/a><\/li><li> <a href=\"https:\/\/exceladvisor.org\/tr\/cizgileri-vurgula\/\">Excel&#8217;de Ko\u015fullu Bi\u00e7imlendirme Kullanarak Sat\u0131rlar\u0131 Vurgulay\u0131n<\/a><\/li><li> <a style=\"outline: none;\" href=\"https:\/\/exceladvisor.org\/tr\/coklu-kosullar\/\">Excel&#8217;de ko\u015fullu bi\u00e7imlendirmede birden \u00e7ok ko\u015fulu uygulama<\/a><\/li><li> <a style=\"outline: none;\" href=\"https:\/\/exceladvisor.org\/tr\/ise-yaramiyor\/\">Ko\u015fullu bi\u00e7imlendirme Excel&#8217;de neden \u00e7al\u0131\u015fm\u0131yor?<\/a><\/li><li> <a style=\"outline: none;\" href=\"https:\/\/exceladvisor.org\/tr\/hucre-metin-iceriyor\/\">Bir h\u00fccrenin Excel&#8217;de ko\u015fullu bi\u00e7imlendirmeye sahip belirli bir metin i\u00e7erip i\u00e7ermedi\u011fini vurgulay\u0131n<\/a><\/li><li> <a style=\"outline: none;\" href=\"https:\/\/exceladvisor.org\/tr\/2.-tarihe-gore\/\">Tarihe g\u00f6re ko\u015fullu bi\u00e7imlendirme uygulama<\/a><\/li><li> <a style=\"outline: none;\" href=\"https:\/\/exceladvisor.org\/tr\/renk-olcekleri\/\">Ko\u015fullu bi\u00e7imlendirmeyi kullanarak renk \u00f6l\u00e7ekleri uygulama<\/a><\/li><li> <a style=\"outline: none;\" href=\"https:\/\/exceladvisor.org\/tr\/veri-cubuklari\/\">Ko\u015fullu Bi\u00e7imlendirmeyi Kullanan Excel&#8217;deki Veri \u00c7ubuklar\u0131<\/a><\/li><li> <a style=\"outline: none;\" href=\"https:\/\/exceladvisor.org\/tr\/eger-dogruysa-dur-2\/\">Ko\u015fullu Bi\u00e7imlendirmede Do\u011fruysa Durdur<\/a><\/li><li> <a style=\"outline: none;\" href=\"https:\/\/exceladvisor.org\/tr\/kopyalari-bulma-2\/\">Ko\u015fullu bi\u00e7imlendirmeyi kullanarak kopyalar\u0131 bulun ve vurgulay\u0131n<\/a><\/li><li> <a href=\"https:\/\/exceladvisor.org\/tr\/geri-cekilmek\/\">Excel&#8217;de ko\u015fullu bi\u00e7imlendirmeyi kald\u0131rma<\/a><\/li><\/ul><h2> Hecelemek<\/h2><ul><li> <a style=\"outline: none;\" href=\"https:\/\/exceladvisor.org\/tr\/yatay-olarak-sirala\/\">Excel&#8217;de yatay olarak s\u0131ralama<\/a><\/li><\/ul>","protected":false},"excerpt":{"rendered":"","protected":false},"author":1,"featured_media":0,"parent":0,"menu_order":0,"comment_status":"open","ping_status":"closed","template":"","meta":{"ub_ctt_via":"","footnotes":""},"class_list":["post-1488","page","type-page","status-publish","hentry"],"featured_image_src":null,"yoast_head":"<!-- This site is optimized with the Yoast SEO plugin v25.4 - https:\/\/yoast.com\/wordpress\/plugins\/seo\/ -->\n<title>Excel Geli\u015fmi\u015f: \u0130\u015flev, Form\u00fcller, \u0130pu\u00e7lar\u0131 ve \u00d6\u011freticiler 2023<\/title>\n<meta name=\"description\" content=\"Geli\u015fmi\u015f Excel e\u011fitimleri, Microsoft Excel&#039;in daha geli\u015fmi\u015f \u00f6zelliklerini kapsar. Bu e\u011fitimler \u015fu ama\u00e7larla tasarlanm\u0131\u015ft\u0131r:\" \/>\n<meta name=\"robots\" content=\"index, follow, max-snippet:-1, max-image-preview:large, max-video-preview:-1\" \/>\n<link rel=\"canonical\" href=\"https:\/\/exceladvisor.org\/tr\/excel-ilerlemesi\/\" \/>\n<meta property=\"og:locale\" content=\"tr_TR\" \/>\n<meta property=\"og:type\" content=\"article\" \/>\n<meta property=\"og:title\" content=\"Excel Geli\u015fmi\u015f: \u0130\u015flev, Form\u00fcller, \u0130pu\u00e7lar\u0131 ve \u00d6\u011freticiler 2023\" \/>\n<meta property=\"og:description\" content=\"Geli\u015fmi\u015f Excel e\u011fitimleri, Microsoft Excel&#039;in daha geli\u015fmi\u015f \u00f6zelliklerini kapsar. Bu e\u011fitimler \u015fu ama\u00e7larla tasarlanm\u0131\u015ft\u0131r:\" \/>\n<meta property=\"og:url\" content=\"https:\/\/exceladvisor.org\/tr\/excel-ilerlemesi\/\" \/>\n<meta property=\"og:site_name\" content=\"Excel Advisor\" \/>\n<meta property=\"article:modified_time\" content=\"2023-12-10T06:04:22+00:00\" \/>\n<meta name=\"twitter:card\" content=\"summary_large_image\" \/>\n<meta name=\"twitter:label1\" content=\"Tahmini okuma s\u00fcresi\" \/>\n\t<meta name=\"twitter:data1\" content=\"5 dakika\" \/>\n<script type=\"application\/ld+json\" class=\"yoast-schema-graph\">{\"@context\":\"https:\/\/schema.org\",\"@graph\":[{\"@type\":\"WebPage\",\"@id\":\"https:\/\/exceladvisor.org\/tr\/excel-ilerlemesi\/\",\"url\":\"https:\/\/exceladvisor.org\/tr\/excel-ilerlemesi\/\",\"name\":\"Excel Geli\u015fmi\u015f: \u0130\u015flev, Form\u00fcller, \u0130pu\u00e7lar\u0131 ve \u00d6\u011freticiler 2023\",\"isPartOf\":{\"@id\":\"https:\/\/exceladvisor.org\/tr\/#website\"},\"datePublished\":\"2023-11-22T02:20:42+00:00\",\"dateModified\":\"2023-12-10T06:04:22+00:00\",\"description\":\"Geli\u015fmi\u015f Excel e\u011fitimleri, Microsoft Excel&#39;in daha geli\u015fmi\u015f \u00f6zelliklerini kapsar. Bu e\u011fitimler \u015fu ama\u00e7larla tasarlanm\u0131\u015ft\u0131r:\",\"breadcrumb\":{\"@id\":\"https:\/\/exceladvisor.org\/tr\/excel-ilerlemesi\/#breadcrumb\"},\"inLanguage\":\"tr\",\"potentialAction\":[{\"@type\":\"ReadAction\",\"target\":[\"https:\/\/exceladvisor.org\/tr\/excel-ilerlemesi\/\"]}]},{\"@type\":\"BreadcrumbList\",\"@id\":\"https:\/\/exceladvisor.org\/tr\/excel-ilerlemesi\/#breadcrumb\",\"itemListElement\":[{\"@type\":\"ListItem\",\"position\":1,\"name\":\"Ev\",\"item\":\"https:\/\/exceladvisor.org\/tr\/\"},{\"@type\":\"ListItem\",\"position\":2,\"name\":\"I\u0307leri excel dersleri\"}]},{\"@type\":\"WebSite\",\"@id\":\"https:\/\/exceladvisor.org\/tr\/#website\",\"url\":\"https:\/\/exceladvisor.org\/tr\/\",\"name\":\"Excel Advisor\",\"description\":\"Veri hakimiyetine y\u00f6nelik nihai rehberiniz!\",\"publisher\":{\"@id\":\"https:\/\/exceladvisor.org\/tr\/#organization\"},\"potentialAction\":[{\"@type\":\"SearchAction\",\"target\":{\"@type\":\"EntryPoint\",\"urlTemplate\":\"https:\/\/exceladvisor.org\/tr\/?s={search_term_string}\"},\"query-input\":{\"@type\":\"PropertyValueSpecification\",\"valueRequired\":true,\"valueName\":\"search_term_string\"}}],\"inLanguage\":\"tr\"},{\"@type\":\"Organization\",\"@id\":\"https:\/\/exceladvisor.org\/tr\/#organization\",\"name\":\"Excel Advisor\",\"url\":\"https:\/\/exceladvisor.org\/tr\/\",\"logo\":{\"@type\":\"ImageObject\",\"inLanguage\":\"tr\",\"@id\":\"https:\/\/exceladvisor.org\/tr\/#\/schema\/logo\/image\/\",\"url\":\"https:\/\/exceladvisor.org\/tr\/wp-content\/uploads\/2023\/12\/exceladvisor.org_.png\",\"contentUrl\":\"https:\/\/exceladvisor.org\/tr\/wp-content\/uploads\/2023\/12\/exceladvisor.org_.png\",\"width\":105,\"height\":36,\"caption\":\"Excel Advisor\"},\"image\":{\"@id\":\"https:\/\/exceladvisor.org\/tr\/#\/schema\/logo\/image\/\"}}]}<\/script>\n<!-- \/ Yoast SEO plugin. -->","yoast_head_json":{"title":"Excel Geli\u015fmi\u015f: \u0130\u015flev, Form\u00fcller, \u0130pu\u00e7lar\u0131 ve \u00d6\u011freticiler 2023","description":"Geli\u015fmi\u015f Excel e\u011fitimleri, Microsoft Excel&#39;in daha geli\u015fmi\u015f \u00f6zelliklerini kapsar. Bu e\u011fitimler \u015fu ama\u00e7larla tasarlanm\u0131\u015ft\u0131r:","robots":{"index":"index","follow":"follow","max-snippet":"max-snippet:-1","max-image-preview":"max-image-preview:large","max-video-preview":"max-video-preview:-1"},"canonical":"https:\/\/exceladvisor.org\/tr\/excel-ilerlemesi\/","og_locale":"tr_TR","og_type":"article","og_title":"Excel Geli\u015fmi\u015f: \u0130\u015flev, Form\u00fcller, \u0130pu\u00e7lar\u0131 ve \u00d6\u011freticiler 2023","og_description":"Geli\u015fmi\u015f Excel e\u011fitimleri, Microsoft Excel&#39;in daha geli\u015fmi\u015f \u00f6zelliklerini kapsar. Bu e\u011fitimler \u015fu ama\u00e7larla tasarlanm\u0131\u015ft\u0131r:","og_url":"https:\/\/exceladvisor.org\/tr\/excel-ilerlemesi\/","og_site_name":"Excel Advisor","article_modified_time":"2023-12-10T06:04:22+00:00","twitter_card":"summary_large_image","twitter_misc":{"Tahmini okuma s\u00fcresi":"5 dakika"},"schema":{"@context":"https:\/\/schema.org","@graph":[{"@type":"WebPage","@id":"https:\/\/exceladvisor.org\/tr\/excel-ilerlemesi\/","url":"https:\/\/exceladvisor.org\/tr\/excel-ilerlemesi\/","name":"Excel Geli\u015fmi\u015f: \u0130\u015flev, Form\u00fcller, \u0130pu\u00e7lar\u0131 ve \u00d6\u011freticiler 2023","isPartOf":{"@id":"https:\/\/exceladvisor.org\/tr\/#website"},"datePublished":"2023-11-22T02:20:42+00:00","dateModified":"2023-12-10T06:04:22+00:00","description":"Geli\u015fmi\u015f Excel e\u011fitimleri, Microsoft Excel&#39;in daha geli\u015fmi\u015f \u00f6zelliklerini kapsar. Bu e\u011fitimler \u015fu ama\u00e7larla tasarlanm\u0131\u015ft\u0131r:","breadcrumb":{"@id":"https:\/\/exceladvisor.org\/tr\/excel-ilerlemesi\/#breadcrumb"},"inLanguage":"tr","potentialAction":[{"@type":"ReadAction","target":["https:\/\/exceladvisor.org\/tr\/excel-ilerlemesi\/"]}]},{"@type":"BreadcrumbList","@id":"https:\/\/exceladvisor.org\/tr\/excel-ilerlemesi\/#breadcrumb","itemListElement":[{"@type":"ListItem","position":1,"name":"Ev","item":"https:\/\/exceladvisor.org\/tr\/"},{"@type":"ListItem","position":2,"name":"I\u0307leri excel dersleri"}]},{"@type":"WebSite","@id":"https:\/\/exceladvisor.org\/tr\/#website","url":"https:\/\/exceladvisor.org\/tr\/","name":"Excel Advisor","description":"Veri hakimiyetine y\u00f6nelik nihai rehberiniz!","publisher":{"@id":"https:\/\/exceladvisor.org\/tr\/#organization"},"potentialAction":[{"@type":"SearchAction","target":{"@type":"EntryPoint","urlTemplate":"https:\/\/exceladvisor.org\/tr\/?s={search_term_string}"},"query-input":{"@type":"PropertyValueSpecification","valueRequired":true,"valueName":"search_term_string"}}],"inLanguage":"tr"},{"@type":"Organization","@id":"https:\/\/exceladvisor.org\/tr\/#organization","name":"Excel Advisor","url":"https:\/\/exceladvisor.org\/tr\/","logo":{"@type":"ImageObject","inLanguage":"tr","@id":"https:\/\/exceladvisor.org\/tr\/#\/schema\/logo\/image\/","url":"https:\/\/exceladvisor.org\/tr\/wp-content\/uploads\/2023\/12\/exceladvisor.org_.png","contentUrl":"https:\/\/exceladvisor.org\/tr\/wp-content\/uploads\/2023\/12\/exceladvisor.org_.png","width":105,"height":36,"caption":"Excel Advisor"},"image":{"@id":"https:\/\/exceladvisor.org\/tr\/#\/schema\/logo\/image\/"}}]}},"yoast_meta":{"yoast_wpseo_title":"","yoast_wpseo_metadesc":"","yoast_wpseo_canonical":""},"_links":{"self":[{"href":"https:\/\/exceladvisor.org\/tr\/wp-json\/wp\/v2\/pages\/1488","targetHints":{"allow":["GET"]}}],"collection":[{"href":"https:\/\/exceladvisor.org\/tr\/wp-json\/wp\/v2\/pages"}],"about":[{"href":"https:\/\/exceladvisor.org\/tr\/wp-json\/wp\/v2\/types\/page"}],"author":[{"embeddable":true,"href":"https:\/\/exceladvisor.org\/tr\/wp-json\/wp\/v2\/users\/1"}],"replies":[{"embeddable":true,"href":"https:\/\/exceladvisor.org\/tr\/wp-json\/wp\/v2\/comments?post=1488"}],"version-history":[{"count":1,"href":"https:\/\/exceladvisor.org\/tr\/wp-json\/wp\/v2\/pages\/1488\/revisions"}],"predecessor-version":[{"id":2717,"href":"https:\/\/exceladvisor.org\/tr\/wp-json\/wp\/v2\/pages\/1488\/revisions\/2717"}],"wp:attachment":[{"href":"https:\/\/exceladvisor.org\/tr\/wp-json\/wp\/v2\/media?parent=1488"}],"curies":[{"name":"wp","href":"https:\/\/api.w.org\/{rel}","templated":true}]}}