{"id":1493,"date":"2023-11-21T00:24:01","date_gmt":"2023-11-21T00:24:01","guid":{"rendered":"https:\/\/exceladvisor.org\/tr\/calisma-kagidi\/"},"modified":"2023-12-10T05:59:33","modified_gmt":"2023-12-10T05:59:33","slug":"calisma-kagidi","status":"publish","type":"page","link":"https:\/\/exceladvisor.org\/tr\/calisma-kagidi\/","title":{"rendered":"Excel elektronik tablosu nedir?"},"content":{"rendered":"<div class=\"excel-icerikten-once\" id=\"excel-4100402019\"><script type=\"text\/javascript\">\r\n\tatOptions = {\r\n\t\t'key' : 'c1158f160081d6540a8409e6925dab94',\r\n\t\t'format' : 'iframe',\r\n\t\t'height' : 250,\r\n\t\t'width' : 300,\r\n\t\t'params' : {}\r\n\t};\r\n<\/script>\r\n<script type=\"text\/javascript\" src=\"\/\/www.highperformanceformat.com\/c1158f160081d6540a8409e6925dab94\/invoke.js\"><\/script><\/div> <p>Excel&#8217;de \u00e7al\u0131\u015fma sayfas\u0131, verileri depolayabilece\u011finiz milyonlarca h\u00fccreden olu\u015fan bir koleksiyondur. Tek bir e-tabloyu, y\u00fczlerce sayfadan olu\u015fan bir not defterindeki sayfa olarak d\u00fc\u015f\u00fcn\u00fcn. Benzer \u015fekilde, bir \u00e7al\u0131\u015fma kitab\u0131nda (Excel dosyas\u0131) birden fazla \u00e7al\u0131\u015fma sayfan\u0131z olabilir. <\/p><div class=\"wp-block-image\"><figure class=\"aligncenter size-full is-resized\"><img loading=\"lazy\" decoding=\"async\" class=\"wp-image-92273\" src=\"https:\/\/exceladvisor.org\/wp-content\/uploads\/2023\/08\/1-feuille-excel-et-feuille-de-calcul.png\" sizes=\"auto, \" srcset=\"\" alt=\"Excel sayfas\u0131 ve elektronik tablosu\" width=\"547\" height=\"370\"><\/figure><\/div><h2 id=\"h-max-number-of-worksheets\" class=\"wp-block-heading\"> Maksimum \u00e7al\u0131\u015fma sayfas\u0131 say\u0131s\u0131<\/h2><p> Belle\u011finiz yetersiz olmad\u0131\u011f\u0131 s\u00fcrece \u00e7al\u0131\u015fma kitab\u0131na birden fazla sayfa ekleyebilirsiniz. Tek bir \u00e7al\u0131\u015fma kitab\u0131na 4000&#8217;den fazla sayfa ekleyerek test ettim. <\/p><div class=\"wp-block-image\"><figure class=\"aligncenter size-full is-resized\"><img loading=\"lazy\" decoding=\"async\" class=\"wp-image-92275\" src=\"https:\/\/exceladvisor.org\/wp-content\/uploads\/2023\/08\/2-nombre-maximum-de-feuilles-de-travail.png\" sizes=\"auto, \" srcset=\"\" alt=\"maksimum \u00e7al\u0131\u015fma sayfas\u0131 say\u0131s\u0131\" width=\"338\" height=\"101\"><\/figure><\/div><p> Tek seferde yaln\u0131zca 255 \u00e7al\u0131\u015fma sayfas\u0131 ekleyebilece\u011finizi bilmeniz yeterlidir. Yani birden fazla \u00e7al\u0131\u015fma sayfas\u0131 eklerken veya VBA kodunu kullan\u0131rken tek seferde yaln\u0131zca 255 \u00e7al\u0131\u015fma sayfas\u0131 ekleyebilirsiniz.<\/p><h2 id=\"h-is-there-any-difference-between-a-sheet-and-a-worksheet\" class=\"wp-block-heading\"> Bir sayfa ile e-tablo aras\u0131nda bir fark var m\u0131?<\/h2><p> Evet, k\u00fc\u00e7\u00fck bir fark var. Elektronik tablo bir t\u00fcr sayfad\u0131r. Excel&#8217;de, sayfa sekmesine sa\u011f t\u0131klay\u0131p Ekle&#8217;ye t\u0131klad\u0131\u011f\u0131n\u0131zda, eklemek istedi\u011finiz sayfay\u0131 se\u00e7menizi sa\u011flayan bir ileti\u015fim kutusu g\u00f6receksiniz. <\/p><div class=\"wp-block-image\"><figure class=\"aligncenter size-full is-resized\"><img loading=\"lazy\" decoding=\"async\" class=\"wp-image-92276\" src=\"https:\/\/exceladvisor.org\/wp-content\/uploads\/2023\/08\/3-feuille-vs-feuille-de-calcul.png\" sizes=\"auto, \" srcset=\"\" alt=\"sayfa vs elektronik tablo\" width=\"502\" height=\"384\"><\/figure><\/div><p> D\u00f6rt farkl\u0131 sayfa ekleyebilirsiniz.<\/p><ol type=\"1\"><li> \u00c7al\u0131\u015fma ka\u011f\u0131d\u0131<\/li><li> \u00c7izelge<\/li><li> MS Excel 4.0 Makro<\/li><li> MS Excel 5.0 ileti\u015fim kutusu<\/li><\/ol><h2> Excel Elektronik Tablolar\u0131 Hakk\u0131nda \u015eok Ger\u00e7ekler<\/h2><p> <strong>Elektronik tablolar\u0131 bu kadar \u00f6zel k\u0131lan ne?<\/strong><\/p><p> Elektronik tablo, verileri sat\u0131rlar ve s\u00fctunlar halinde g\u00f6r\u00fcnt\u00fclenen h\u00fccrelerde depolayan, tablo format\u0131 ad\u0131 verilen dijital bir defterdir. \u00d6z\u00fcnde elektronik tablo, verileri depolamak ve hesaplamak i\u00e7in tasarlanm\u0131\u015f iki boyutlu bir belgedir. Rakamlar\u0131 hesaplamak, listeleri saklamak ve b\u00fct\u00e7eyi takip etmek gibi g\u00f6revler i\u00e7in g\u00fc\u00e7l\u00fc bir ara\u00e7t\u0131r.<\/p><p> <strong>Elektronik tablo i\u00e7in ka\u00e7 i\u015flev var?<\/strong><\/p><p> 450&#8217;den fazla yerle\u015fik i\u015flev mevcuttur. \u00d6rne\u011fin, MMMCMXCIX Arap rakam\u0131n\u0131n ne oldu\u011funu biliyor musunuz? E\u011fer yaparsan ger\u00e7ekten harikas\u0131n! Ancak net bir cevap veremezseniz ahlak\u0131n\u0131z\u0131 kaybetmeyin: Excel basit ve \u015f\u0131k bir \u00e7\u00f6z\u00fcm sunar.<\/p><p> Bu fonksiyona ARAP\u00c7 ad\u0131 verilir ve tahmin edebilece\u011finiz gibi Romen rakamlar\u0131n\u0131 Arap rakamlar\u0131na d\u00f6n\u00fc\u015ft\u00fcr\u00fcr.<\/p><p> <strong>E-tablonuza &#8220;Ge\u00e7mi\u015f&#8221; ad\u0131n\u0131 veremezsiniz<\/strong><\/p><p> Her \u00e7al\u0131\u015fma kitab\u0131nda Excel, payla\u015f\u0131lan \u00e7al\u0131\u015fma kitaplar\u0131 aras\u0131ndaki de\u011fi\u015fiklikleri izlemek i\u00e7in &#8220;Ge\u00e7mi\u015f&#8221; adl\u0131 bir yard\u0131mc\u0131 \u00e7al\u0131\u015fma sayfas\u0131 olu\u015fturur.<\/p><p> Ancak \u00e7al\u0131\u015fma kitab\u0131n\u0131z\u0131 payla\u015fsan\u0131z da payla\u015fmasan\u0131z da &#8220;Ge\u00e7mi\u015f&#8221; isimli bir \u00e7al\u0131\u015fma sayfas\u0131 ayr\u0131lm\u0131\u015f bir isim oldu\u011fu i\u00e7in olu\u015fturman\u0131z m\u00fcmk\u00fcn de\u011fildir. Bunu yapmaya \u00e7al\u0131\u015f\u0131rsan\u0131z a\u015fa\u011f\u0131daki hata uyar\u0131s\u0131 g\u00f6r\u00fcnecektir. <\/p><p><img loading=\"lazy\" decoding=\"async\" class=\"alignnone size-full wp-image-13272\" src=\"https:\/\/exceladvisor.org\/wp-content\/uploads\/2023\/11\/history.png\" alt=\"tarih\" width=\"217\" height=\"115\"><\/p><p> <strong>Bir elektronik tablo ka\u00e7 tane k\u00f6pr\u00fc i\u00e7erebilir?<\/strong><\/p><p> Neden bu kadar \u00e7ok k\u00f6pr\u00fcye ihtiyac\u0131n\u0131z var? Hangi k\u00f6t\u00fc niyetli hedeflerin pe\u015finde olursan\u0131z olun, bunlar\u0131n say\u0131s\u0131n\u0131n 65.530 ile s\u0131n\u0131rl\u0131 oldu\u011funu unutmay\u0131n. Yapabilece\u011finiz tek \u015fey bunu kabul etmektir.<\/p><p> <strong>Bir sayfada ka\u00e7 tane biti\u015fik olmayan \u00f6\u011fe se\u00e7ebilirsiniz?<\/strong><\/p><p> 2.147.483.648 biti\u015fik olmayan h\u00fccreyi ayn\u0131 anda se\u00e7erek Excel&#8217;e meydan okuyun ve ne olaca\u011f\u0131n\u0131 g\u00f6r\u00fcn. Saniyede bir h\u00fccre se\u00e7erseniz, bu sizin yakla\u015f\u0131k 68 y\u0131ll\u0131k me\u015fakkatli bir \u00e7al\u0131\u015fman\u0131z\u0131 gerektirecektir. \u0130ddial\u0131 hedefinize ula\u015fm\u0131\u015f olsan\u0131z da, yar\u0131 yolda pes etmi\u015f olsan\u0131z da, art\u0131k sonsuz olas\u0131l\u0131klar\u0131n\u0131z\u0131n fark\u0131ndas\u0131n\u0131z.<\/p><p> <strong>Bir e-tabloda ka\u00e7 sat\u0131r ve s\u00fctun var?<\/strong><\/p><p> Her \u00e7al\u0131\u015fma sayfas\u0131 1.048.576 sat\u0131r ve 16.384 s\u00fctundan olu\u015fur; bu da 17.179.869.184 h\u00fccreye kar\u015f\u0131l\u0131k gelir.<\/p><p> <strong>Excel elektronik tablosu g\u00fczel sanatlar i\u00e7in kullan\u0131labilir<\/strong><\/p><p> Finans rolleri yarat\u0131c\u0131 tarafa daha az, i\u015fin ve rakamlar\u0131n basit taraf\u0131na daha fazla odaklanma e\u011filimindeyken, Excel tam anlam\u0131yla sanat yapabilir. Japon bir adam olan <a href=\"https:\/\/www.boredpanda.com\/80-year-old-excel-paintings-tatsuo-horiuchi\/\">Tatsuo Horiuchi<\/a> , tek bir ara\u00e7 olan Excel&#8217;i kullanarak inan\u0131lmaz derecede g\u00fczel manzaralar yaratmak i\u00e7in y\u0131llar\u0131n\u0131 harcad\u0131. <\/p><p><img loading=\"lazy\" decoding=\"async\" class=\"alignnone size-full wp-image-13273\" src=\"https:\/\/exceladvisor.org\/wp-content\/uploads\/2023\/11\/excel-art.jpg\" alt=\"excel sanat\u0131\" width=\"700\" height=\"364\" srcset=\"https:\/\/exceladvisor.org\/wp-content\/uploads\/2023\/11\/excel-art.jpg 700w, https:\/\/exceladvisor.org\/wp-content\/uploads\/2023\/11\/excel-art-300x156.jpg 300w\" sizes=\"auto, (max-width: 700px) 100vw, 700px\"><\/p><p> <strong>Excel 16 milyon rengi destekliyor<\/strong><\/p><p> Excel 2007&#8217;den itibaren yarat\u0131c\u0131l\u0131\u011f\u0131n\u0131z art\u0131k eskisi gibi 56 standart renkle s\u0131n\u0131rl\u0131 de\u011fil. Art\u0131k 24 bit renk spektrumunu tam olarak kullanmakta ve 16 milyon renk kullanarak kendinizi ifade etmekte \u00f6zg\u00fcrs\u00fcn\u00fcz! Elbette grafik sanat\u0131 yaz\u0131l\u0131m\u0131 yerine Excel&#8217;i kullanan ilk ki\u015fi siz olmayacaks\u0131n\u0131z, ancak bunu deneyebilir ve muhtemelen kendi dijital \u015faheserinizi yaratabilirsiniz.<\/p><p> A\u015fa\u011f\u0131da daha fazla bilgi edinmenize yard\u0131mc\u0131 olacak baz\u0131 e\u011fitimler verilmi\u015ftir: <\/p><div class=\"gb-grid-wrapper gb-grid-wrapper-7600a9f5\"><div class=\"gb-grid-column gb-grid-column-108ef88c\"><div class=\"gb-container gb-container-108ef88c\"><ul><li> <a href=\"https:\/\/exceladvisor.org\/tr\/eklemek\/\">Bir yaprak ekle<\/a><\/li><li> <a href=\"https:\/\/exceladvisor.org\/tr\/goruntulemek\/\">Bir Excel sayfas\u0131n\u0131 g\u00f6r\u00fcnt\u00fcleme<\/a><\/li><li> <a href=\"https:\/\/exceladvisor.org\/tr\/kilit\/\">Bir sayfay\u0131 kilitleme<\/a><\/li><li> <a href=\"https:\/\/exceladvisor.org\/tr\/acik\/\">Bir sayfan\u0131n kilidini a\u00e7ma<\/a><\/li><li> <a href=\"https:\/\/exceladvisor.org\/tr\/1i-kopyala\/\">Bir sayfay\u0131 kopyalama veya ta\u015f\u0131ma<\/a> <\/li><\/ul><\/div><\/div><div class=\"gb-grid-column gb-grid-column-3909e948\"><div class=\"gb-container gb-container-3909e948\"><\/div><\/div><\/div>","protected":false},"excerpt":{"rendered":"","protected":false},"author":1,"featured_media":0,"parent":0,"menu_order":0,"comment_status":"open","ping_status":"closed","template":"","meta":{"ub_ctt_via":"","footnotes":""},"class_list":["post-1493","page","type-page","status-publish","hentry"],"featured_image_src":null,"yoast_head":"<!-- This site is optimized with the Yoast SEO plugin v25.4 - https:\/\/yoast.com\/wordpress\/plugins\/seo\/ -->\n<title>Excel Elektronik Tablolar\u0131 2023 Hakk\u0131nda 10+ Gizli Ger\u00e7ek<\/title>\n<meta name=\"description\" content=\"Excel&#039;de \u00e7al\u0131\u015fma sayfas\u0131, verileri depolayabilece\u011finiz milyonlarca h\u00fccreden olu\u015fan bir koleksiyondur. Dikkate almak\" \/>\n<meta name=\"robots\" content=\"index, follow, max-snippet:-1, max-image-preview:large, max-video-preview:-1\" \/>\n<link rel=\"canonical\" href=\"https:\/\/exceladvisor.org\/tr\/calisma-kagidi\/\" \/>\n<meta property=\"og:locale\" content=\"tr_TR\" \/>\n<meta property=\"og:type\" content=\"article\" \/>\n<meta property=\"og:title\" content=\"Excel Elektronik Tablolar\u0131 2023 Hakk\u0131nda 10+ Gizli Ger\u00e7ek\" \/>\n<meta property=\"og:description\" content=\"Excel&#039;de \u00e7al\u0131\u015fma sayfas\u0131, verileri depolayabilece\u011finiz milyonlarca h\u00fccreden olu\u015fan bir koleksiyondur. Dikkate almak\" \/>\n<meta property=\"og:url\" content=\"https:\/\/exceladvisor.org\/tr\/calisma-kagidi\/\" \/>\n<meta property=\"og:site_name\" content=\"Excel Advisor\" \/>\n<meta property=\"article:modified_time\" content=\"2023-12-10T05:59:33+00:00\" \/>\n<meta property=\"og:image\" content=\"https:\/\/exceladvisor.org\/wp-content\/uploads\/2023\/08\/1-feuille-excel-et-feuille-de-calcul.png\" \/>\n<meta name=\"twitter:card\" content=\"summary_large_image\" \/>\n<meta name=\"twitter:label1\" content=\"Tahmini okuma s\u00fcresi\" \/>\n\t<meta name=\"twitter:data1\" content=\"4 dakika\" \/>\n<script type=\"application\/ld+json\" class=\"yoast-schema-graph\">{\"@context\":\"https:\/\/schema.org\",\"@graph\":[{\"@type\":\"WebPage\",\"@id\":\"https:\/\/exceladvisor.org\/tr\/calisma-kagidi\/\",\"url\":\"https:\/\/exceladvisor.org\/tr\/calisma-kagidi\/\",\"name\":\"Excel Elektronik Tablolar\u0131 2023 Hakk\u0131nda 10+ Gizli Ger\u00e7ek\",\"isPartOf\":{\"@id\":\"https:\/\/exceladvisor.org\/tr\/#website\"},\"primaryImageOfPage\":{\"@id\":\"https:\/\/exceladvisor.org\/tr\/calisma-kagidi\/#primaryimage\"},\"image\":{\"@id\":\"https:\/\/exceladvisor.org\/tr\/calisma-kagidi\/#primaryimage\"},\"thumbnailUrl\":\"https:\/\/exceladvisor.org\/wp-content\/uploads\/2023\/08\/1-feuille-excel-et-feuille-de-calcul.png\",\"datePublished\":\"2023-11-21T00:24:01+00:00\",\"dateModified\":\"2023-12-10T05:59:33+00:00\",\"description\":\"Excel&#39;de \u00e7al\u0131\u015fma sayfas\u0131, verileri depolayabilece\u011finiz milyonlarca h\u00fccreden olu\u015fan bir koleksiyondur. Dikkate almak\",\"breadcrumb\":{\"@id\":\"https:\/\/exceladvisor.org\/tr\/calisma-kagidi\/#breadcrumb\"},\"inLanguage\":\"tr\",\"potentialAction\":[{\"@type\":\"ReadAction\",\"target\":[\"https:\/\/exceladvisor.org\/tr\/calisma-kagidi\/\"]}]},{\"@type\":\"ImageObject\",\"inLanguage\":\"tr\",\"@id\":\"https:\/\/exceladvisor.org\/tr\/calisma-kagidi\/#primaryimage\",\"url\":\"https:\/\/exceladvisor.org\/wp-content\/uploads\/2023\/08\/1-feuille-excel-et-feuille-de-calcul.png\",\"contentUrl\":\"https:\/\/exceladvisor.org\/wp-content\/uploads\/2023\/08\/1-feuille-excel-et-feuille-de-calcul.png\"},{\"@type\":\"BreadcrumbList\",\"@id\":\"https:\/\/exceladvisor.org\/tr\/calisma-kagidi\/#breadcrumb\",\"itemListElement\":[{\"@type\":\"ListItem\",\"position\":1,\"name\":\"Ev\",\"item\":\"https:\/\/exceladvisor.org\/tr\/\"},{\"@type\":\"ListItem\",\"position\":2,\"name\":\"Excel elektronik tablosu nedir?\"}]},{\"@type\":\"WebSite\",\"@id\":\"https:\/\/exceladvisor.org\/tr\/#website\",\"url\":\"https:\/\/exceladvisor.org\/tr\/\",\"name\":\"Excel Advisor\",\"description\":\"Veri hakimiyetine y\u00f6nelik nihai rehberiniz!\",\"publisher\":{\"@id\":\"https:\/\/exceladvisor.org\/tr\/#organization\"},\"potentialAction\":[{\"@type\":\"SearchAction\",\"target\":{\"@type\":\"EntryPoint\",\"urlTemplate\":\"https:\/\/exceladvisor.org\/tr\/?s={search_term_string}\"},\"query-input\":{\"@type\":\"PropertyValueSpecification\",\"valueRequired\":true,\"valueName\":\"search_term_string\"}}],\"inLanguage\":\"tr\"},{\"@type\":\"Organization\",\"@id\":\"https:\/\/exceladvisor.org\/tr\/#organization\",\"name\":\"Excel Advisor\",\"url\":\"https:\/\/exceladvisor.org\/tr\/\",\"logo\":{\"@type\":\"ImageObject\",\"inLanguage\":\"tr\",\"@id\":\"https:\/\/exceladvisor.org\/tr\/#\/schema\/logo\/image\/\",\"url\":\"https:\/\/exceladvisor.org\/tr\/wp-content\/uploads\/2023\/12\/exceladvisor.org_.png\",\"contentUrl\":\"https:\/\/exceladvisor.org\/tr\/wp-content\/uploads\/2023\/12\/exceladvisor.org_.png\",\"width\":105,\"height\":36,\"caption\":\"Excel Advisor\"},\"image\":{\"@id\":\"https:\/\/exceladvisor.org\/tr\/#\/schema\/logo\/image\/\"}}]}<\/script>\n<!-- \/ Yoast SEO plugin. -->","yoast_head_json":{"title":"Excel Elektronik Tablolar\u0131 2023 Hakk\u0131nda 10+ Gizli Ger\u00e7ek","description":"Excel&#39;de \u00e7al\u0131\u015fma sayfas\u0131, verileri depolayabilece\u011finiz milyonlarca h\u00fccreden olu\u015fan bir koleksiyondur. Dikkate almak","robots":{"index":"index","follow":"follow","max-snippet":"max-snippet:-1","max-image-preview":"max-image-preview:large","max-video-preview":"max-video-preview:-1"},"canonical":"https:\/\/exceladvisor.org\/tr\/calisma-kagidi\/","og_locale":"tr_TR","og_type":"article","og_title":"Excel Elektronik Tablolar\u0131 2023 Hakk\u0131nda 10+ Gizli Ger\u00e7ek","og_description":"Excel&#39;de \u00e7al\u0131\u015fma sayfas\u0131, verileri depolayabilece\u011finiz milyonlarca h\u00fccreden olu\u015fan bir koleksiyondur. Dikkate almak","og_url":"https:\/\/exceladvisor.org\/tr\/calisma-kagidi\/","og_site_name":"Excel Advisor","article_modified_time":"2023-12-10T05:59:33+00:00","og_image":[{"url":"https:\/\/exceladvisor.org\/wp-content\/uploads\/2023\/08\/1-feuille-excel-et-feuille-de-calcul.png","type":"","width":"","height":""}],"twitter_card":"summary_large_image","twitter_misc":{"Tahmini okuma s\u00fcresi":"4 dakika"},"schema":{"@context":"https:\/\/schema.org","@graph":[{"@type":"WebPage","@id":"https:\/\/exceladvisor.org\/tr\/calisma-kagidi\/","url":"https:\/\/exceladvisor.org\/tr\/calisma-kagidi\/","name":"Excel Elektronik Tablolar\u0131 2023 Hakk\u0131nda 10+ Gizli Ger\u00e7ek","isPartOf":{"@id":"https:\/\/exceladvisor.org\/tr\/#website"},"primaryImageOfPage":{"@id":"https:\/\/exceladvisor.org\/tr\/calisma-kagidi\/#primaryimage"},"image":{"@id":"https:\/\/exceladvisor.org\/tr\/calisma-kagidi\/#primaryimage"},"thumbnailUrl":"https:\/\/exceladvisor.org\/wp-content\/uploads\/2023\/08\/1-feuille-excel-et-feuille-de-calcul.png","datePublished":"2023-11-21T00:24:01+00:00","dateModified":"2023-12-10T05:59:33+00:00","description":"Excel&#39;de \u00e7al\u0131\u015fma sayfas\u0131, verileri depolayabilece\u011finiz milyonlarca h\u00fccreden olu\u015fan bir koleksiyondur. Dikkate almak","breadcrumb":{"@id":"https:\/\/exceladvisor.org\/tr\/calisma-kagidi\/#breadcrumb"},"inLanguage":"tr","potentialAction":[{"@type":"ReadAction","target":["https:\/\/exceladvisor.org\/tr\/calisma-kagidi\/"]}]},{"@type":"ImageObject","inLanguage":"tr","@id":"https:\/\/exceladvisor.org\/tr\/calisma-kagidi\/#primaryimage","url":"https:\/\/exceladvisor.org\/wp-content\/uploads\/2023\/08\/1-feuille-excel-et-feuille-de-calcul.png","contentUrl":"https:\/\/exceladvisor.org\/wp-content\/uploads\/2023\/08\/1-feuille-excel-et-feuille-de-calcul.png"},{"@type":"BreadcrumbList","@id":"https:\/\/exceladvisor.org\/tr\/calisma-kagidi\/#breadcrumb","itemListElement":[{"@type":"ListItem","position":1,"name":"Ev","item":"https:\/\/exceladvisor.org\/tr\/"},{"@type":"ListItem","position":2,"name":"Excel elektronik tablosu nedir?"}]},{"@type":"WebSite","@id":"https:\/\/exceladvisor.org\/tr\/#website","url":"https:\/\/exceladvisor.org\/tr\/","name":"Excel Advisor","description":"Veri hakimiyetine y\u00f6nelik nihai rehberiniz!","publisher":{"@id":"https:\/\/exceladvisor.org\/tr\/#organization"},"potentialAction":[{"@type":"SearchAction","target":{"@type":"EntryPoint","urlTemplate":"https:\/\/exceladvisor.org\/tr\/?s={search_term_string}"},"query-input":{"@type":"PropertyValueSpecification","valueRequired":true,"valueName":"search_term_string"}}],"inLanguage":"tr"},{"@type":"Organization","@id":"https:\/\/exceladvisor.org\/tr\/#organization","name":"Excel Advisor","url":"https:\/\/exceladvisor.org\/tr\/","logo":{"@type":"ImageObject","inLanguage":"tr","@id":"https:\/\/exceladvisor.org\/tr\/#\/schema\/logo\/image\/","url":"https:\/\/exceladvisor.org\/tr\/wp-content\/uploads\/2023\/12\/exceladvisor.org_.png","contentUrl":"https:\/\/exceladvisor.org\/tr\/wp-content\/uploads\/2023\/12\/exceladvisor.org_.png","width":105,"height":36,"caption":"Excel Advisor"},"image":{"@id":"https:\/\/exceladvisor.org\/tr\/#\/schema\/logo\/image\/"}}]}},"yoast_meta":{"yoast_wpseo_title":"","yoast_wpseo_metadesc":"","yoast_wpseo_canonical":""},"_links":{"self":[{"href":"https:\/\/exceladvisor.org\/tr\/wp-json\/wp\/v2\/pages\/1493","targetHints":{"allow":["GET"]}}],"collection":[{"href":"https:\/\/exceladvisor.org\/tr\/wp-json\/wp\/v2\/pages"}],"about":[{"href":"https:\/\/exceladvisor.org\/tr\/wp-json\/wp\/v2\/types\/page"}],"author":[{"embeddable":true,"href":"https:\/\/exceladvisor.org\/tr\/wp-json\/wp\/v2\/users\/1"}],"replies":[{"embeddable":true,"href":"https:\/\/exceladvisor.org\/tr\/wp-json\/wp\/v2\/comments?post=1493"}],"version-history":[{"count":1,"href":"https:\/\/exceladvisor.org\/tr\/wp-json\/wp\/v2\/pages\/1493\/revisions"}],"predecessor-version":[{"id":2333,"href":"https:\/\/exceladvisor.org\/tr\/wp-json\/wp\/v2\/pages\/1493\/revisions\/2333"}],"wp:attachment":[{"href":"https:\/\/exceladvisor.org\/tr\/wp-json\/wp\/v2\/media?parent=1493"}],"curies":[{"name":"wp","href":"https:\/\/api.w.org\/{rel}","templated":true}]}}