{"id":1494,"date":"2023-11-20T20:49:18","date_gmt":"2023-11-20T20:49:18","guid":{"rendered":"https:\/\/exceladvisor.org\/tr\/filigran-ekle\/"},"modified":"2023-12-10T06:01:21","modified_gmt":"2023-12-10T06:01:21","slug":"filigran-ekle","status":"publish","type":"page","link":"https:\/\/exceladvisor.org\/tr\/filigran-ekle\/","title":{"rendered":"Excel&#39;de filigran nas\u0131l eklenir?"},"content":{"rendered":"<div class=\"excel-icerikten-once\" id=\"excel-132292871\"><script type=\"text\/javascript\">\r\n\tatOptions = {\r\n\t\t'key' : 'c1158f160081d6540a8409e6925dab94',\r\n\t\t'format' : 'iframe',\r\n\t\t'height' : 250,\r\n\t\t'width' : 300,\r\n\t\t'params' : {}\r\n\t};\r\n<\/script>\r\n<script type=\"text\/javascript\" src=\"\/\/www.highperformanceformat.com\/c1158f160081d6540a8409e6925dab94\/invoke.js\"><\/script><\/div> <p>Filigran, belgenin arka plan\u0131ndaki \u015feffaf bir resim veya metindir.<\/p><p> Belgenin kullan\u0131m veya da\u011f\u0131t\u0131m hakk\u0131na \u00f6nceden sahip oldu\u011funu belirten g\u00f6rsel veya metni arka plana ekleyerek veya belgeyi \u201cGizli\u201d, \u201cTaslak\u201d, \u201c\u00d6rnek\u201d olarak etiketleyerek, belgeyi izinsiz kullan\u0131mdan korumak i\u00e7in kullan\u0131labilir. \u201cS\u00fcr\u00fcmler.\u201d vb.<\/p><p> Kullan\u0131c\u0131lar ayr\u0131ca logo resmini ekleyerek i\u015fletmeyi markalamak i\u00e7in filigran\u0131 kullanabilirler. Excel&#8217;in yerle\u015fik bir filigran \u00f6zelli\u011fi yoktur, ancak kullan\u0131c\u0131lar filigran\u0131 bir \u00e7al\u0131\u015fma sayfas\u0131na resim ve metin olarak \u00e7e\u015fitli \u015fekillerde ekleyebilir, bi\u00e7imlendirebilir ve de\u011fi\u015ftirebilir.<\/p><p> A\u015fa\u011f\u0131da Excel&#8217;de filigran eklemek, bi\u00e7imlendirmek, de\u011fi\u015ftirmek ve kald\u0131rmak i\u00e7in baz\u0131 h\u0131zl\u0131 ve kolay ad\u0131mlar\u0131 yakalad\u0131k.<\/p><h2 class=\"wp-block-heading\"> \u00dcstbilgi ve Altbilgiyi Kullanarak Excel&#8217;de Resim Olarak Filigran Ekleme<\/h2><p> Filigran\u0131 resim veya resim olarak eklemek i\u00e7in kullan\u0131c\u0131lar \u201c\u00dcstbilgi ve Altbilgi\u201d se\u00e7ene\u011fini kullanarak filigran\u0131 ekleyebilir.<\/p><ol><li> \u00d6ncelikle \u201cEkle\u201d sekmesine gidin, ard\u0131ndan \u015feritteki \u201cMetin\u201d simgesine t\u0131klay\u0131n ve \u201c\u00dcstbilgi ve Altbilgi\u201d se\u00e7ene\u011fini se\u00e7in. <br><img loading=\"lazy\" decoding=\"async\" title=\"1-ekleme sekmesi\" src=\"https:\/\/exceladvisor.org\/wp-content\/uploads\/2023\/08\/1-inserer-longlet-2.png\" sizes=\"auto, \" srcset=\"\" alt=\"insert-tab\" width=\"933\" height=\"227\"><\/li><li> Bundan sonra \u015feritteki \u201c\u00dcstbilgi ve Altbilgi \u00d6\u011feleri\u201d grubunun alt\u0131ndaki \u201cResim\u201d simgesini t\u0131klay\u0131n. <br><img loading=\"lazy\" decoding=\"async\" title=\"2 \u00fcstbilgi ve altbilgi \u00f6\u011fesi\" src=\"https:\/\/exceladvisor.org\/wp-content\/uploads\/2023\/08\/2-element-den-tete-de-pied-de-page.png\" sizes=\"auto, \" srcset=\"\" alt=\"header-&amp;-footer-element\" width=\"749\" height=\"322\"><\/li><li> \u015eimdi \u201cG\u00f6r\u00fcnt\u00fc Ekle\u201d ileti\u015fim kutusunda filigran eklemek istedi\u011finiz g\u00f6r\u00fcnt\u00fcy\u00fc veya resmi se\u00e7in ve \u201cEkle\u201d d\u00fc\u011fmesini t\u0131klay\u0131n. <br><img loading=\"lazy\" decoding=\"async\" title=\"3-ekleme-foto\u011fraf\" src=\"https:\/\/exceladvisor.org\/wp-content\/uploads\/2023\/08\/3-photos-dinsertion.png\" sizes=\"auto, \" srcset=\"\" alt=\"insert-pictures\" width=\"611\" height=\"415\"><\/li><li> Bu noktada g\u00f6rseliniz filigran olarak eklenmi\u015ftir ancak e-tabloya hemen yans\u0131mayacak ve orta ba\u015fl\u0131k alan\u0131nda &amp;[Resim] olarak yans\u0131t\u0131lacakt\u0131r. <br><img loading=\"lazy\" decoding=\"async\" title=\"4-filigran kodu\" src=\"https:\/\/exceladvisor.org\/wp-content\/uploads\/2023\/08\/4-code-filigrane.png\" sizes=\"auto, \" srcset=\"\" alt=\"watermark-code\" width=\"756\" height=\"310\"><\/li><li> Filigran\u0131 sayfan\u0131n ortas\u0131na ta\u015f\u0131mak i\u00e7in imlecinizi &amp;[Resim] kodunun hemen \u00f6n\u00fcne getirin ve filigran\u0131 ta\u015f\u0131mak i\u00e7in birka\u00e7 kez Enter tu\u015funa bas\u0131n. <br><img loading=\"lazy\" decoding=\"async\" title=\"5 hareket filigran\u0131\" src=\"https:\/\/exceladvisor.org\/wp-content\/uploads\/2023\/08\/Filigrane-a-5-mouvements.png\" sizes=\"auto, \" srcset=\"\" alt=\"move-watermark\" width=\"540\" height=\"422\"><\/li><li> Sonunda, ba\u015fl\u0131\u011f\u0131n d\u0131\u015f\u0131ndaki h\u00fccrede herhangi bir yere t\u0131klay\u0131n; filigran olarak ekledi\u011finiz resminiz g\u00f6r\u00fcn\u00fcr olmal\u0131d\u0131r. <br><img loading=\"lazy\" decoding=\"async\" title=\"6-resim olarak filigran\" src=\"https:\/\/exceladvisor.org\/wp-content\/uploads\/2023\/08\/6-filigrane-comme-image.png\" sizes=\"auto, \" srcset=\"\" alt=\"watermark-as-image\" width=\"481\" height=\"331\"><br><br><\/li><\/ol><h2 class=\"wp-block-heading\"> Filigran g\u00f6r\u00fcnt\u00fcs\u00fcn\u00fc Excel&#8217;de bi\u00e7imlendirme<\/h2><ol><li> \u0130lk olarak filigran g\u00f6r\u00fcnt\u00fcs\u00fcn\u00fc bi\u00e7imlendirmek i\u00e7in \u00dcst Bilgi ve Alt Bilgi g\u00f6r\u00fcn\u00fcm\u00fcn\u00fc a\u00e7\u0131n. <br><img loading=\"lazy\" decoding=\"async\" title=\"7 \u00fcstbilgi ve altbilgi b\u00f6l\u00fcm\u00fc\" src=\"https:\/\/exceladvisor.org\/wp-content\/uploads\/2023\/08\/7-section-den-tete-de-pied-de-page.png\" sizes=\"auto, \" srcset=\"\" alt=\"header-footer-section\" width=\"740\" height=\"315\"><\/li><li> Filigran g\u00f6r\u00fcnt\u00fcs\u00fcn\u00fcn boyutunu ve rengini bi\u00e7imlendirmek i\u00e7in \u015feritteki &#8220;\u00dcstbilgi ve Altbilgi \u00d6\u011feleri&#8221; grubunun alt\u0131ndaki &#8220;G\u00f6r\u00fcnt\u00fcy\u00fc Bi\u00e7imlendir&#8221; simgesini t\u0131klay\u0131n.<\/li><li> \u201cResmi Bi\u00e7imlendir\u201d se\u00e7ene\u011fine t\u0131klad\u0131\u011f\u0131n\u0131zda, bir \u201cResmi Formatla\u201d penceresi a\u00e7\u0131l\u0131r ve \u201cBoyut\u201d sekmesi alt\u0131nda filigran g\u00f6r\u00fcnt\u00fcs\u00fcn\u00fcn boyutunu ayarlayabilirsiniz. <br><img loading=\"lazy\" decoding=\"async\" title=\"8 formatl\u0131 g\u00f6r\u00fcnt\u00fc boyutu\" src=\"https:\/\/exceladvisor.org\/wp-content\/uploads\/2023\/08\/Taille-dimage-au-format-8.png\" sizes=\"auto, \" srcset=\"\" alt=\"format-picture-size\" width=\"392\" height=\"484\"><\/li><li> Ayn\u0131 &#8220;Resmi Bi\u00e7imlendir&#8221; penceresinde, &#8220;Resim&#8221; sekmesini se\u00e7ip filigran g\u00f6r\u00fcnt\u00fcs\u00fcn\u00fcn parlakl\u0131\u011f\u0131n\u0131, kontrast\u0131n\u0131 ve rengini ayarlayabilirsiniz. <br><img loading=\"lazy\" decoding=\"async\" title=\"9-renkli g\u00f6r\u00fcnt\u00fc format\u0131\" src=\"https:\/\/exceladvisor.org\/wp-content\/uploads\/2023\/08\/Couleur-dimage-au-format-9.png\" sizes=\"auto, \" srcset=\"\" alt=\"9-format-picture-color\" width=\"386\" height=\"475\"><\/li><\/ol><h2 class=\"wp-block-heading\"> Excel&#8217;de filigran g\u00f6r\u00fcnt\u00fcs\u00fcn\u00fc d\u00f6nd\u00fcrme<\/h2><p> Excel&#8217;in filigran g\u00f6r\u00fcnt\u00fcs\u00fcn\u00fc d\u00f6nd\u00fcrmek i\u00e7in d\u00f6nd\u00fcrme se\u00e7ene\u011fi yoktur.<\/p><p> Kullan\u0131c\u0131lar filigran g\u00f6r\u00fcnt\u00fcs\u00fcn\u00fc d\u00f6nd\u00fcrmek isterse, \u00f6nce g\u00f6r\u00fcnt\u00fcy\u00fc d\u00f6nd\u00fcr\u00fclm\u00fc\u015f bir g\u00f6r\u00fcnt\u00fc olarak kaydetmeleri gerekir; bunun i\u00e7in, g\u00f6r\u00fcnt\u00fcy\u00fc nas\u0131l d\u00f6nd\u00fcrece\u011finiz ve kaydedece\u011finiz konusunda sizin i\u00e7in ad\u0131mlar\u0131m\u0131z var. filigran olarak \u201c\u00dcstbilgi ve Altbilgi\u201dye eklemeden \u00f6nce resmi se\u00e7in.<\/p><ol><li> \u00d6ncelikle \u201cEkle\u201d sekmesine gidin, ard\u0131ndan \u201c\u00c7izimler\u201d simgesine t\u0131klay\u0131n, ard\u0131ndan \u201cResimler\u201de t\u0131klay\u0131n ve g\u00f6rseli eklemek istedi\u011finiz se\u00e7ene\u011fi se\u00e7in. <br><img loading=\"lazy\" decoding=\"async\" title=\"simge 10-ill\u00fcstrasyonlar\" src=\"https:\/\/exceladvisor.org\/wp-content\/uploads\/2023\/08\/icone-10-illustrations.png\" sizes=\"auto, \" srcset=\"\" alt=\"illustrations-icon\" width=\"481\" height=\"300\"><\/li><li> Bundan sonra resmi se\u00e7in ve \u201cEkle\u201d ye t\u0131klay\u0131n.<\/li><li> \u015eimdi d\u00f6nd\u00fcrme okunu bas\u0131l\u0131 tutun ve g\u00f6r\u00fcnt\u00fcy\u00fc istedi\u011finiz gibi d\u00f6nd\u00fcr\u00fcn. <br><img loading=\"lazy\" decoding=\"async\" title=\"11-g\u00f6r\u00fcnt\u00fc d\u00f6nd\u00fcrme\" src=\"https:\/\/exceladvisor.org\/wp-content\/uploads\/2023\/08\/11-faire-pivoter-limage.png\" sizes=\"auto, \" srcset=\"\" alt=\"rotate-image\" width=\"558\" height=\"326\"><\/li><li> Resmi d\u00f6nd\u00fcrd\u00fckten sonra sa\u011f t\u0131klay\u0131n, i\u00e7erik men\u00fcs\u00fcnden &#8220;Resim Olarak Kaydet&#8221; se\u00e7ene\u011fini se\u00e7in ve kaydedin.<\/li><li> Resmi kaydettikten sonra resim kenarl\u0131\u011f\u0131na t\u0131klay\u0131n ve silin. <br><img loading=\"lazy\" decoding=\"async\" title=\"12-resim olarak kaydet\" src=\"https:\/\/exceladvisor.org\/wp-content\/uploads\/2023\/08\/12-enregistrer-en-tant-quimage.png\" sizes=\"auto, \" srcset=\"\" alt=\"save-as-picture\" width=\"573\" height=\"444\"><\/li><li> \u015eimdi \u201c\u00dcstbilgi ve Altbilgi\u201dyi a\u00e7\u0131n ve yukar\u0131da kaydedilen g\u00f6r\u00fcnt\u00fcy\u00fc filigran olarak ekleyin; d\u00f6nd\u00fcr\u00fclm\u00fc\u015f filigran g\u00f6r\u00fcnt\u00fcs\u00fcn\u00fc elde edeceksiniz. <br><img loading=\"lazy\" decoding=\"async\" title=\"13 adet d\u00f6nen filigran resmi\" src=\"https:\/\/exceladvisor.org\/wp-content\/uploads\/2023\/08\/13-image-filigrane-pivotee.png\" sizes=\"auto, \" srcset=\"\" alt=\"rotated-watermark-image\" width=\"540\" height=\"371\"><\/li><\/ol><h2 class=\"wp-block-heading\"> Word Art&#8217;\u0131 kullanarak metni filigran g\u00f6r\u00fcnt\u00fcs\u00fc olarak ekleme<\/h2><p> Bazen kullan\u0131c\u0131lar &#8220;Gizli&#8221;, &#8220;Taslak&#8221;, &#8220;\u00d6rnek&#8221;, &#8220;\u015eirket Alan Ad\u0131&#8221; vb. metinleri g\u00f6r\u00fcnt\u00fclemek isterler. filigran g\u00f6r\u00fcnt\u00fcs\u00fc olarak.<\/p><p> Bunun i\u00e7in kullan\u0131c\u0131lar \u201cWordArt\u201d se\u00e7ene\u011fini kullanarak metin girebilir ve bu metni filigran g\u00f6r\u00fcnt\u00fcs\u00fc olarak kullanabilirler.<\/p><ol><li> \u0130lk \u00f6nce \u201cEkle\u201d sekmesine gidin ve \u015feritteki \u201cMetin\u201d simgesine t\u0131klay\u0131n.<\/li><li> Bundan sonra \u201cWordArt\u201d se\u00e7ene\u011fini se\u00e7in ve filigran metni yazmak i\u00e7in kullanmak istedi\u011finiz \u201cWordArt\u201d stilini se\u00e7in. <br><img loading=\"lazy\" decoding=\"async\" title=\"14 kelime\" src=\"https:\/\/exceladvisor.org\/wp-content\/uploads\/2023\/08\/14-mots.png\" sizes=\"auto, \" srcset=\"\" alt=\"wordart\" width=\"632\" height=\"343\"><\/li><li> &#8220;WordArt&#8221; stilini se\u00e7tikten sonra, metni eklemek i\u00e7in se\u00e7ti\u011finiz stilde &#8220;Metniniz burada&#8221; gibi \u00f6rnek metinlerin yer ald\u0131\u011f\u0131 bir metin alan\u0131 elde edeceksiniz.<\/li><li> \u015eimdi metin alan\u0131na t\u0131klay\u0131n, \u201cMetniniz buraya\u201d \u00f6rnek metnini silin ve filigran olarak istedi\u011finiz metni girin. <br><img loading=\"lazy\" decoding=\"async\" title=\"15 kelimelik metin kutusu\" src=\"https:\/\/exceladvisor.org\/wp-content\/uploads\/2023\/08\/zone-de-texte-de-15-mots.png\" sizes=\"auto, \" srcset=\"\" alt=\"wordart-text-box\" width=\"696\" height=\"368\"><\/li><li> Bundan sonra metin kutusunun kenarl\u0131\u011f\u0131n\u0131 tutun ve metin kutusunu istedi\u011finiz yere ta\u015f\u0131y\u0131n.<\/li><li> \u015eimdi d\u00f6nd\u00fcrme okunu bas\u0131l\u0131 tutun ve metin alan\u0131n\u0131 istedi\u011finiz gibi d\u00f6nd\u00fcr\u00fcn.<\/li><li> Metin kutusunu yaz\u0131 tipi ve arka plan stili dahil olmak \u00fczere bi\u00e7imlendirmek istiyorsan\u0131z bunu \u201c\u015eekli Bi\u00e7imlendir\u201d sekmesinden yapabilirsiniz.<\/li><li> Bu metin kutusuyla i\u015finiz bitti\u011finde, metin kutusunun herhangi bir kenar dairesine sa\u011f t\u0131klay\u0131n ve &#8220;Resim Olarak Kaydet&#8221;i se\u00e7in.<\/li><li> Bu noktada metniniz art\u0131k resim olarak kaydedilmi\u015ftir ve bu metin resmini filigran resminiz olarak kullanabilirsiniz.<\/li><\/ol><h2 class=\"wp-block-heading\"> \u00dcstbilgi ve Altbilgiyi Kullanarak Excel&#8217;de D\u00fczenlenebilir Metin Olarak Filigran Ekleme<\/h2><ol><li> \u00d6ncelikle \u201c\u00dcstbilgi ve Altbilgi\u201d g\u00f6r\u00fcn\u00fcm\u00fcn\u00fc a\u00e7\u0131n ve filigran olarak kullanmak istedi\u011finiz metni girin. (\u00d6rne\u011fin metin olarak \u201cExcelchamaps.com\u201d diye girdik).<\/li><li> Bundan sonra, imlecinizi metnin (Excelchmaps.com) hemen \u00f6n\u00fcne getirin ve filigran\u0131 sayfan\u0131n ortas\u0131na ta\u015f\u0131mak i\u00e7in birka\u00e7 kez Enter tu\u015funa bas\u0131n.<\/li><li> \u015eimdi metni bi\u00e7imlendirmek i\u00e7in t\u00fcm metni se\u00e7in ve \u201cGiri\u015f\u201d sekmesine gidin.<\/li><li> \u015eeritteki \u201cYaz\u0131 Tipi\u201d grubunda filigran metniniz i\u00e7in istedi\u011finiz yaz\u0131 tipini, boyutunu ve rengini se\u00e7ebilirsiniz.<\/li><li> Bu noktada filigran\u0131n\u0131z eklenmi\u015ftir ve onu g\u00f6rmek i\u00e7in ba\u015fl\u0131\u011f\u0131n d\u0131\u015f\u0131ndaki h\u00fccrede herhangi bir yere t\u0131klay\u0131n; filigran olarak ekledi\u011finiz metninizin g\u00f6r\u00fcnmesi gerekir.<\/li><\/ol><h2 class=\"wp-block-heading\"> Mevcut filigran\u0131 kald\u0131r\u0131n veya de\u011fi\u015ftirin<\/h2><ol><li> \u00d6ncelikle \u201cEkle\u201d sekmesine gidin, ard\u0131ndan \u201cMetin\u201d simgesine t\u0131klay\u0131n ve \u201c\u00dcstbilgi ve Altbilgi\u201d b\u00f6l\u00fcm\u00fcn\u00fc se\u00e7in. <br><img loading=\"lazy\" decoding=\"async\" title=\"22-metin-simge-Kopyalama\" src=\"https:\/\/exceladvisor.org\/wp-content\/uploads\/2023\/08\/22-copie-dicone-de-texte.png\" sizes=\"auto, \" srcset=\"\" alt=\"text-icon-Copy\" width=\"858\" height=\"209\"><\/li><li> Bundan sonra &amp;[Resim] kodunu se\u00e7in ve filigran\u0131 kald\u0131rmak i\u00e7in Sil&#8217;e dokunun. <br><img loading=\"lazy\" decoding=\"async\" title=\"23-ba\u015fl\u0131k-resim-kodu\" src=\"https:\/\/exceladvisor.org\/wp-content\/uploads\/2023\/08\/23-code-dimage-den-tete.png\" sizes=\"auto, \" srcset=\"\" alt=\"header-picture-code\" width=\"517\" height=\"374\"><\/li><li> Filigran kodunu kald\u0131rd\u0131ktan sonra, h\u00fccrede ba\u015fl\u0131\u011f\u0131n d\u0131\u015f\u0131ndaki herhangi bir yeri t\u0131klad\u0131\u011f\u0131n\u0131zda filigran\u0131n\u0131z kald\u0131r\u0131l\u0131r.<\/li><li> \u015eimdi yeni filigran g\u00f6r\u00fcnt\u00fcs\u00fcn\u00fc de\u011fi\u015ftirmek veya eklemek i\u00e7in \u201c\u00dcstbilgi ve Altbilgi\u201dyi kullanarak Excel&#8217;de filigran g\u00f6r\u00fcnt\u00fcs\u00fc ekleme ad\u0131mlar\u0131n\u0131 tekrar izleyin.<\/li><\/ol><div class=\"gb-container gb-container-4db6181c gb-container-mt\"> <a class=\"gb-button gb-button-c5897111 gb-button-text gb-button-mt-button\" href=\"https:\/\/exceladvisor.org\/tr\/excelin-temelleri\/\">Microsoft Excel Temelleri (Bile\u015fenler, Par\u00e7alar ve Bilgi Notlar\u0131)<\/a><h2 class=\"gb-headline gb-headline-665e5f6b gb-headline-text gb-headline-mt-heading\"> \u0130lgili e\u011fitimler <\/h2><div class=\"gb-grid-wrapper gb-grid-wrapper-a20baf7c gb-grid-wrapper-mt-grid\"><div class=\"gb-grid-column gb-grid-column-65ddf67e\"><div class=\"gb-container gb-container-65ddf67e\"><ul><li> <a href=\"https:\/\/exceladvisor.org\/tr\/kopruleri-ekle-kaldir\/\">Excel&#8217;de k\u00f6pr\u00fc ekleme ve kald\u0131rma<\/a><\/li><li> <a href=\"https:\/\/exceladvisor.org\/tr\/gizli-satir-sutunlarini-kaldir\/\">Excel&#8217;deki gizli sat\u0131rlar\u0131 silin<\/a><\/li><li> <a href=\"https:\/\/exceladvisor.org\/tr\/hucrelerin-secimini-kaldir\/\">Excel&#8217;de h\u00fccrelerin se\u00e7imini kald\u0131r\u0131n<\/a><\/li><li> <a href=\"https:\/\/exceladvisor.org\/tr\/sutun-ekle\/\">Excel&#8217;de s\u00fctun ekleme<\/a> <\/li><\/ul><\/div><\/div><div class=\"gb-grid-column gb-grid-column-50067b57\"><div class=\"gb-container gb-container-50067b57\"><ul><li> <a href=\"https:\/\/exceladvisor.org\/tr\/satirlari-sil\/\">Excel&#8217;de bir sat\u0131r\u0131 veya birden \u00e7ok sat\u0131r\u0131 silme<\/a><\/li><li> <a href=\"https:\/\/exceladvisor.org\/tr\/sutunu-kopyala\/\">Excel&#8217;de bir s\u00fctunu kopyalay\u0131p yap\u0131\u015ft\u0131r\u0131n<\/a><\/li><li> <a href=\"https:\/\/exceladvisor.org\/tr\/satir-sutununu-tasi\/\">Excel&#8217;de bir sat\u0131r\u0131 ve s\u00fctunu ta\u015f\u0131ma<\/a><\/li><li> <a href=\"https:\/\/exceladvisor.org\/tr\/sutun-genisligi\/\">Excel&#8217;de s\u00fctun geni\u015flikleri nas\u0131l de\u011fi\u015ftirilir?<\/a><\/li><\/ul><\/div><\/div><\/div><\/div>","protected":false},"excerpt":{"rendered":"","protected":false},"author":1,"featured_media":0,"parent":0,"menu_order":0,"comment_status":"open","ping_status":"closed","template":"","meta":{"ub_ctt_via":"","footnotes":""},"class_list":["post-1494","page","type-page","status-publish","hentry"],"featured_image_src":null,"yoast_head":"<!-- This site is optimized with the Yoast SEO plugin v25.4 - https:\/\/yoast.com\/wordpress\/plugins\/seo\/ -->\n<title>\u25b7 Excel&#039;e filigran nas\u0131l eklenir? (E\u011fitim 2023)<\/title>\n<meta name=\"description\" content=\"Bu derste Excel&#039;de bir elektronik tabloya nas\u0131l filigran eklenece\u011fini \u00f6\u011frenece\u011fiz. (Mevcut t\u00fcm se\u00e7enekleri kullanarak).\" \/>\n<meta name=\"robots\" content=\"index, follow, max-snippet:-1, max-image-preview:large, max-video-preview:-1\" \/>\n<link rel=\"canonical\" href=\"https:\/\/exceladvisor.org\/tr\/filigran-ekle\/\" \/>\n<meta property=\"og:locale\" content=\"tr_TR\" \/>\n<meta property=\"og:type\" content=\"article\" \/>\n<meta property=\"og:title\" content=\"\u25b7 Excel&#039;e filigran nas\u0131l eklenir? (E\u011fitim 2023)\" \/>\n<meta property=\"og:description\" content=\"Bu derste Excel&#039;de bir elektronik tabloya nas\u0131l filigran eklenece\u011fini \u00f6\u011frenece\u011fiz. (Mevcut t\u00fcm se\u00e7enekleri kullanarak).\" \/>\n<meta property=\"og:url\" content=\"https:\/\/exceladvisor.org\/tr\/filigran-ekle\/\" \/>\n<meta property=\"og:site_name\" content=\"Excel Advisor\" \/>\n<meta property=\"article:modified_time\" content=\"2023-12-10T06:01:21+00:00\" \/>\n<meta property=\"og:image\" content=\"https:\/\/exceladvisor.org\/wp-content\/uploads\/2023\/08\/1-inserer-longlet-2.png\" \/>\n<meta name=\"twitter:card\" content=\"summary_large_image\" \/>\n<meta name=\"twitter:label1\" content=\"Tahmini okuma s\u00fcresi\" \/>\n\t<meta name=\"twitter:data1\" content=\"6 dakika\" \/>\n<script type=\"application\/ld+json\" class=\"yoast-schema-graph\">{\"@context\":\"https:\/\/schema.org\",\"@graph\":[{\"@type\":\"WebPage\",\"@id\":\"https:\/\/exceladvisor.org\/tr\/filigran-ekle\/\",\"url\":\"https:\/\/exceladvisor.org\/tr\/filigran-ekle\/\",\"name\":\"\u25b7 Excel&#39;e filigran nas\u0131l eklenir? (E\u011fitim 2023)\",\"isPartOf\":{\"@id\":\"https:\/\/exceladvisor.org\/tr\/#website\"},\"primaryImageOfPage\":{\"@id\":\"https:\/\/exceladvisor.org\/tr\/filigran-ekle\/#primaryimage\"},\"image\":{\"@id\":\"https:\/\/exceladvisor.org\/tr\/filigran-ekle\/#primaryimage\"},\"thumbnailUrl\":\"https:\/\/exceladvisor.org\/wp-content\/uploads\/2023\/08\/1-inserer-longlet-2.png\",\"datePublished\":\"2023-11-20T20:49:18+00:00\",\"dateModified\":\"2023-12-10T06:01:21+00:00\",\"description\":\"Bu derste Excel&#39;de bir elektronik tabloya nas\u0131l filigran eklenece\u011fini \u00f6\u011frenece\u011fiz. (Mevcut t\u00fcm se\u00e7enekleri kullanarak).\",\"breadcrumb\":{\"@id\":\"https:\/\/exceladvisor.org\/tr\/filigran-ekle\/#breadcrumb\"},\"inLanguage\":\"tr\",\"potentialAction\":[{\"@type\":\"ReadAction\",\"target\":[\"https:\/\/exceladvisor.org\/tr\/filigran-ekle\/\"]}]},{\"@type\":\"ImageObject\",\"inLanguage\":\"tr\",\"@id\":\"https:\/\/exceladvisor.org\/tr\/filigran-ekle\/#primaryimage\",\"url\":\"https:\/\/exceladvisor.org\/wp-content\/uploads\/2023\/08\/1-inserer-longlet-2.png\",\"contentUrl\":\"https:\/\/exceladvisor.org\/wp-content\/uploads\/2023\/08\/1-inserer-longlet-2.png\"},{\"@type\":\"BreadcrumbList\",\"@id\":\"https:\/\/exceladvisor.org\/tr\/filigran-ekle\/#breadcrumb\",\"itemListElement\":[{\"@type\":\"ListItem\",\"position\":1,\"name\":\"Ev\",\"item\":\"https:\/\/exceladvisor.org\/tr\/\"},{\"@type\":\"ListItem\",\"position\":2,\"name\":\"Excel&#39;de filigran nas\u0131l eklenir?\"}]},{\"@type\":\"WebSite\",\"@id\":\"https:\/\/exceladvisor.org\/tr\/#website\",\"url\":\"https:\/\/exceladvisor.org\/tr\/\",\"name\":\"Excel Advisor\",\"description\":\"Veri hakimiyetine y\u00f6nelik nihai rehberiniz!\",\"publisher\":{\"@id\":\"https:\/\/exceladvisor.org\/tr\/#organization\"},\"potentialAction\":[{\"@type\":\"SearchAction\",\"target\":{\"@type\":\"EntryPoint\",\"urlTemplate\":\"https:\/\/exceladvisor.org\/tr\/?s={search_term_string}\"},\"query-input\":{\"@type\":\"PropertyValueSpecification\",\"valueRequired\":true,\"valueName\":\"search_term_string\"}}],\"inLanguage\":\"tr\"},{\"@type\":\"Organization\",\"@id\":\"https:\/\/exceladvisor.org\/tr\/#organization\",\"name\":\"Excel Advisor\",\"url\":\"https:\/\/exceladvisor.org\/tr\/\",\"logo\":{\"@type\":\"ImageObject\",\"inLanguage\":\"tr\",\"@id\":\"https:\/\/exceladvisor.org\/tr\/#\/schema\/logo\/image\/\",\"url\":\"https:\/\/exceladvisor.org\/tr\/wp-content\/uploads\/2023\/12\/exceladvisor.org_.png\",\"contentUrl\":\"https:\/\/exceladvisor.org\/tr\/wp-content\/uploads\/2023\/12\/exceladvisor.org_.png\",\"width\":105,\"height\":36,\"caption\":\"Excel Advisor\"},\"image\":{\"@id\":\"https:\/\/exceladvisor.org\/tr\/#\/schema\/logo\/image\/\"}}]}<\/script>\n<!-- \/ Yoast SEO plugin. -->","yoast_head_json":{"title":"\u25b7 Excel&#39;e filigran nas\u0131l eklenir? (E\u011fitim 2023)","description":"Bu derste Excel&#39;de bir elektronik tabloya nas\u0131l filigran eklenece\u011fini \u00f6\u011frenece\u011fiz. (Mevcut t\u00fcm se\u00e7enekleri kullanarak).","robots":{"index":"index","follow":"follow","max-snippet":"max-snippet:-1","max-image-preview":"max-image-preview:large","max-video-preview":"max-video-preview:-1"},"canonical":"https:\/\/exceladvisor.org\/tr\/filigran-ekle\/","og_locale":"tr_TR","og_type":"article","og_title":"\u25b7 Excel&#39;e filigran nas\u0131l eklenir? (E\u011fitim 2023)","og_description":"Bu derste Excel&#39;de bir elektronik tabloya nas\u0131l filigran eklenece\u011fini \u00f6\u011frenece\u011fiz. (Mevcut t\u00fcm se\u00e7enekleri kullanarak).","og_url":"https:\/\/exceladvisor.org\/tr\/filigran-ekle\/","og_site_name":"Excel Advisor","article_modified_time":"2023-12-10T06:01:21+00:00","og_image":[{"url":"https:\/\/exceladvisor.org\/wp-content\/uploads\/2023\/08\/1-inserer-longlet-2.png","type":"","width":"","height":""}],"twitter_card":"summary_large_image","twitter_misc":{"Tahmini okuma s\u00fcresi":"6 dakika"},"schema":{"@context":"https:\/\/schema.org","@graph":[{"@type":"WebPage","@id":"https:\/\/exceladvisor.org\/tr\/filigran-ekle\/","url":"https:\/\/exceladvisor.org\/tr\/filigran-ekle\/","name":"\u25b7 Excel&#39;e filigran nas\u0131l eklenir? (E\u011fitim 2023)","isPartOf":{"@id":"https:\/\/exceladvisor.org\/tr\/#website"},"primaryImageOfPage":{"@id":"https:\/\/exceladvisor.org\/tr\/filigran-ekle\/#primaryimage"},"image":{"@id":"https:\/\/exceladvisor.org\/tr\/filigran-ekle\/#primaryimage"},"thumbnailUrl":"https:\/\/exceladvisor.org\/wp-content\/uploads\/2023\/08\/1-inserer-longlet-2.png","datePublished":"2023-11-20T20:49:18+00:00","dateModified":"2023-12-10T06:01:21+00:00","description":"Bu derste Excel&#39;de bir elektronik tabloya nas\u0131l filigran eklenece\u011fini \u00f6\u011frenece\u011fiz. (Mevcut t\u00fcm se\u00e7enekleri kullanarak).","breadcrumb":{"@id":"https:\/\/exceladvisor.org\/tr\/filigran-ekle\/#breadcrumb"},"inLanguage":"tr","potentialAction":[{"@type":"ReadAction","target":["https:\/\/exceladvisor.org\/tr\/filigran-ekle\/"]}]},{"@type":"ImageObject","inLanguage":"tr","@id":"https:\/\/exceladvisor.org\/tr\/filigran-ekle\/#primaryimage","url":"https:\/\/exceladvisor.org\/wp-content\/uploads\/2023\/08\/1-inserer-longlet-2.png","contentUrl":"https:\/\/exceladvisor.org\/wp-content\/uploads\/2023\/08\/1-inserer-longlet-2.png"},{"@type":"BreadcrumbList","@id":"https:\/\/exceladvisor.org\/tr\/filigran-ekle\/#breadcrumb","itemListElement":[{"@type":"ListItem","position":1,"name":"Ev","item":"https:\/\/exceladvisor.org\/tr\/"},{"@type":"ListItem","position":2,"name":"Excel&#39;de filigran nas\u0131l eklenir?"}]},{"@type":"WebSite","@id":"https:\/\/exceladvisor.org\/tr\/#website","url":"https:\/\/exceladvisor.org\/tr\/","name":"Excel Advisor","description":"Veri hakimiyetine y\u00f6nelik nihai rehberiniz!","publisher":{"@id":"https:\/\/exceladvisor.org\/tr\/#organization"},"potentialAction":[{"@type":"SearchAction","target":{"@type":"EntryPoint","urlTemplate":"https:\/\/exceladvisor.org\/tr\/?s={search_term_string}"},"query-input":{"@type":"PropertyValueSpecification","valueRequired":true,"valueName":"search_term_string"}}],"inLanguage":"tr"},{"@type":"Organization","@id":"https:\/\/exceladvisor.org\/tr\/#organization","name":"Excel Advisor","url":"https:\/\/exceladvisor.org\/tr\/","logo":{"@type":"ImageObject","inLanguage":"tr","@id":"https:\/\/exceladvisor.org\/tr\/#\/schema\/logo\/image\/","url":"https:\/\/exceladvisor.org\/tr\/wp-content\/uploads\/2023\/12\/exceladvisor.org_.png","contentUrl":"https:\/\/exceladvisor.org\/tr\/wp-content\/uploads\/2023\/12\/exceladvisor.org_.png","width":105,"height":36,"caption":"Excel Advisor"},"image":{"@id":"https:\/\/exceladvisor.org\/tr\/#\/schema\/logo\/image\/"}}]}},"yoast_meta":{"yoast_wpseo_title":"","yoast_wpseo_metadesc":"","yoast_wpseo_canonical":""},"_links":{"self":[{"href":"https:\/\/exceladvisor.org\/tr\/wp-json\/wp\/v2\/pages\/1494","targetHints":{"allow":["GET"]}}],"collection":[{"href":"https:\/\/exceladvisor.org\/tr\/wp-json\/wp\/v2\/pages"}],"about":[{"href":"https:\/\/exceladvisor.org\/tr\/wp-json\/wp\/v2\/types\/page"}],"author":[{"embeddable":true,"href":"https:\/\/exceladvisor.org\/tr\/wp-json\/wp\/v2\/users\/1"}],"replies":[{"embeddable":true,"href":"https:\/\/exceladvisor.org\/tr\/wp-json\/wp\/v2\/comments?post=1494"}],"version-history":[{"count":1,"href":"https:\/\/exceladvisor.org\/tr\/wp-json\/wp\/v2\/pages\/1494\/revisions"}],"predecessor-version":[{"id":2508,"href":"https:\/\/exceladvisor.org\/tr\/wp-json\/wp\/v2\/pages\/1494\/revisions\/2508"}],"wp:attachment":[{"href":"https:\/\/exceladvisor.org\/tr\/wp-json\/wp\/v2\/media?parent=1494"}],"curies":[{"name":"wp","href":"https:\/\/api.w.org\/{rel}","templated":true}]}}