{"id":1497,"date":"2023-11-20T06:11:24","date_gmt":"2023-11-20T06:11:24","guid":{"rendered":"https:\/\/exceladvisor.org\/tr\/kopruleri-ekle-kaldir\/"},"modified":"2023-12-10T06:01:29","modified_gmt":"2023-12-10T06:01:29","slug":"kopruleri-ekle-kaldir","status":"publish","type":"page","link":"https:\/\/exceladvisor.org\/tr\/kopruleri-ekle-kaldir\/","title":{"rendered":"Excel&#39;de k\u00f6pr\u00fcler nas\u0131l eklenir ve kald\u0131r\u0131l\u0131r?"},"content":{"rendered":"<div class=\"excel-icerikten-once\" id=\"excel-4283307652\"><script type=\"text\/javascript\">\r\n\tatOptions = {\r\n\t\t'key' : 'c1158f160081d6540a8409e6925dab94',\r\n\t\t'format' : 'iframe',\r\n\t\t'height' : 250,\r\n\t\t'width' : 300,\r\n\t\t'params' : {}\r\n\t};\r\n<\/script>\r\n<script type=\"text\/javascript\" src=\"\/\/www.highperformanceformat.com\/c1158f160081d6540a8409e6925dab94\/invoke.js\"><\/script><\/div> <p>Excel&#8217;deki k\u00f6pr\u00fc, belirli bir dosyaya, belgeye, konuma, web sitesine ve e-posta adresine ba\u011flant\u0131d\u0131r. K\u00f6pr\u00fcy\u00fc kullanarak kullan\u0131c\u0131lar belirli bir dosyaya, belgeye veya konuma gidebilir.<\/p><p> Kullan\u0131c\u0131lar, k\u00f6pr\u00fc ba\u011flant\u0131s\u0131na bir web veya e-posta adresi ekleyerek bir \u0130nternet web sayfas\u0131na gidebilir veya yaln\u0131zca bu ba\u011flant\u0131ya t\u0131klayarak belirli bir e-posta adresine e-posta g\u00f6nderebilir.<\/p><p> K\u00f6pr\u00fclerin tan\u0131nmas\u0131 kolayd\u0131r \u00e7\u00fcnk\u00fc altlar\u0131 mavi veya mor renkle \u00e7izilmi\u015ftir. Excel&#8217;de k\u00f6pr\u00fc eklemek ve kald\u0131rmak i\u00e7in baz\u0131 h\u0131zl\u0131 ve kolay ad\u0131mlardan bahsettik.<\/p><h2 class=\"wp-block-heading\"> Mevcut bir \u00e7al\u0131\u015fma kitab\u0131na k\u00f6pr\u00fc ekleme<\/h2><p> Excel&#8217;e k\u00f6pr\u00fc eklemek \u00e7ok h\u0131zl\u0131 ve kolayd\u0131r. Kullan\u0131c\u0131lar Excel&#8217;e manuel olarak k\u00f6pr\u00fc ekleyebilir. Excel ayr\u0131ca kullan\u0131c\u0131lar bir h\u00fccreye bir web adresi veya e-posta adresi girdi\u011finde otomatik olarak bir k\u00f6pr\u00fc olu\u015fturur.<\/p><ol><li> \u00d6ncelikle \u201cEkle\u201d sekmesine gidin ve ard\u0131ndan \u201cBa\u011flant\u0131\u201d grubunun alt\u0131ndaki \u201cBa\u011flant\u0131\u201d simgesine t\u0131klay\u0131n. <br><img loading=\"lazy\" decoding=\"async\" class=\"alignnone  wp-image-12836\" src=\"https:\/\/exceladvisor.org\/wp-content\/uploads\/2023\/11\/1-ajouter-des-liens.png\" alt=\"1 ba\u011flant\u0131 ekle\" width=\"682\" height=\"72\" srcset=\"https:\/\/exceladvisor.org\/wp-content\/uploads\/2023\/11\/1-ajouter-des-liens.png 1491w, https:\/\/exceladvisor.org\/wp-content\/uploads\/2023\/11\/1-ajouter-des-liens-300x32.png 300w, https:\/\/exceladvisor.org\/wp-content\/uploads\/2023\/11\/1-ajouter-des-liens-1024x108.png 1024w, https:\/\/exceladvisor.org\/wp-content\/uploads\/2023\/11\/1-ajouter-des-liens-768x81.png 768w\" sizes=\"auto, (max-width: 682px) 100vw, 682px\"><\/li><li> Veya k\u00f6pr\u00fcy\u00fc eklemek istedi\u011finiz h\u00fccreye sa\u011f t\u0131klay\u0131n, ard\u0131ndan i\u00e7erik men\u00fcs\u00fcndeki &#8220;Ba\u011flant\u0131&#8221; se\u00e7ene\u011fine t\u0131klay\u0131n. <br><img loading=\"lazy\" decoding=\"async\" class=\"alignnone  wp-image-12837\" src=\"https:\/\/exceladvisor.org\/wp-content\/uploads\/2023\/11\/2-option-de-lien.png\" alt=\"2 ba\u011flant\u0131 se\u00e7ene\u011fi\" width=\"190\" height=\"412\" srcset=\"https:\/\/exceladvisor.org\/wp-content\/uploads\/2023\/11\/2-option-de-lien.png 345w, https:\/\/exceladvisor.org\/wp-content\/uploads\/2023\/11\/2-option-de-lien-138x300.png 138w\" sizes=\"auto, (max-width: 190px) 100vw, 190px\"><\/li><li> Veya klavyeden CTRL + K k\u0131sayoluna bas\u0131n.<\/li><li> Yukar\u0131daki ad\u0131mlardan herhangi birini izledikten sonra \u201cK\u00f6pr\u00fc Ekle\u201d penceresi a\u00e7\u0131lacakt\u0131r.<\/li><li> Bundan sonra \u201cMevcut dosya veya web sayfas\u0131\u201d se\u00e7ene\u011fini se\u00e7in ve ard\u0131ndan bu dosya veya belgenin yerle\u015ftirilece\u011fi konumu se\u00e7in.<\/li><li> \u015eimdi dosyay\u0131 veya belgeyi se\u00e7in, ard\u0131ndan &#8220;G\u00f6r\u00fcnt\u00fclenecek Metin&#8221; s\u00fctununa k\u00f6pr\u00fc metni ad\u0131 olarak g\u00f6r\u00fcnt\u00fclemek istedi\u011finiz metni girin ve Tamam&#8217;\u0131 t\u0131klay\u0131n. <br><img loading=\"lazy\" decoding=\"async\" class=\"alignnone  wp-image-12838\" src=\"https:\/\/exceladvisor.org\/wp-content\/uploads\/2023\/11\/3-ajouter-des-pages.png\" alt=\"3 sayfa ekle\" width=\"648\" height=\"300\" srcset=\"https:\/\/exceladvisor.org\/wp-content\/uploads\/2023\/11\/3-ajouter-des-pages.png 909w, https:\/\/exceladvisor.org\/wp-content\/uploads\/2023\/11\/3-ajouter-des-pages-300x139.png 300w, https:\/\/exceladvisor.org\/wp-content\/uploads\/2023\/11\/3-ajouter-des-pages-768x356.png 768w\" sizes=\"auto, (max-width: 648px) 100vw, 648px\"><\/li><\/ol><h2 class=\"wp-block-heading\"> Mevcut bir \u00e7al\u0131\u015fma kitab\u0131n\u0131n belirli bir sayfas\u0131na k\u00f6pr\u00fc ekleme<\/h2><ol><li> \u00d6ncelikle \u201cMevcut dosya veya web sayfas\u0131\u201d se\u00e7ene\u011fini se\u00e7in, ard\u0131ndan bu dosya veya belgenin yerle\u015ftirildi\u011fi konumu se\u00e7in<\/li><li> Bundan sonra dosyay\u0131 veya belgeyi se\u00e7in ve ard\u0131ndan \u201cYer \u0130\u015fareti\u201d d\u00fc\u011fmesine t\u0131klay\u0131n.<\/li><li> \u015eimdi belirli sayfay\u0131 ve mevcut sayfan\u0131n hedeflenen h\u00fccresini se\u00e7in ve Tamam&#8217;\u0131 t\u0131klay\u0131n.<\/li><\/ol><h2 class=\"wp-block-heading\"> Ge\u00e7erli \u00e7al\u0131\u015fma kitab\u0131ndaki belirli bir sayfaya k\u00f6pr\u00fc ekleme<\/h2><ol><li> \u0130lk \u00f6nce \u201cBu belgeye yerle\u015ftir\u201d se\u00e7ene\u011fini se\u00e7in; mevcut \u00e7al\u0131\u015fma kitab\u0131ndaki t\u00fcm sayfalar\u0131 alacaks\u0131n\u0131z<\/li><li> Bundan sonra belirli sayfay\u0131 ve hedeflenen h\u00fccreyi se\u00e7in ve Tamam&#8217;a t\u0131klay\u0131n. <\/li><\/ol><div class=\"wp-block-image\"><figure class=\"aligncenter size-full is-resized\"><img loading=\"lazy\" decoding=\"async\" class=\"alignnone  wp-image-12833\" src=\"https:\/\/exceladvisor.org\/wp-content\/uploads\/2023\/11\/4-lien-hypertexte-de-la-feuille.png\" alt=\"\" width=\"683\" height=\"315\" srcset=\"https:\/\/exceladvisor.org\/wp-content\/uploads\/2023\/11\/4-lien-hypertexte-de-la-feuille.png 908w, https:\/\/exceladvisor.org\/wp-content\/uploads\/2023\/11\/4-lien-hypertexte-de-la-feuille-300x138.png 300w, https:\/\/exceladvisor.org\/wp-content\/uploads\/2023\/11\/4-lien-hypertexte-de-la-feuille-768x354.png 768w\" sizes=\"auto, (max-width: 683px) 100vw, 683px\"><\/figure><\/div><h2 class=\"wp-block-heading\"> Bir web adresine k\u00f6pr\u00fc ekleme<\/h2><ol><li> \u00d6ncelikle web sayfas\u0131n\u0131 taray\u0131c\u0131da a\u00e7\u0131n, web adresini kopyalay\u0131n ve \u201cK\u00f6pr\u00fc Ekle\u201d penceresinin \u201cAdres\u201d s\u00fctununa yap\u0131\u015ft\u0131r\u0131n.<\/li><li> Bundan sonra, k\u00f6pr\u00fc ad\u0131 olarak g\u00f6r\u00fcnt\u00fclemek istedi\u011finiz metni &#8220;G\u00f6r\u00fcnt\u00fclenecek Metin&#8221; s\u00fctununa girin ve Tamam&#8217;\u0131 t\u0131klay\u0131n. <\/li><\/ol><div class=\"wp-block-image\"><figure class=\"aligncenter size-full is-resized\"><img loading=\"lazy\" decoding=\"async\" class=\"alignnone  wp-image-12834\" src=\"https:\/\/exceladvisor.org\/wp-content\/uploads\/2023\/11\/5-lien-vers-ladresse-Web.png\" alt=\"5 web adresine ba\u011flant\u0131\" width=\"681\" height=\"316\" srcset=\"https:\/\/exceladvisor.org\/wp-content\/uploads\/2023\/11\/5-lien-vers-ladresse-Web.png 906w, https:\/\/exceladvisor.org\/wp-content\/uploads\/2023\/11\/5-lien-vers-ladresse-Web-300x139.png 300w, https:\/\/exceladvisor.org\/wp-content\/uploads\/2023\/11\/5-lien-vers-ladresse-Web-768x356.png 768w\" sizes=\"auto, (max-width: 681px) 100vw, 681px\"><\/figure><\/div><h2 class=\"wp-block-heading\"> Yeni bir \u00e7al\u0131\u015fma kitab\u0131 a\u00e7mak i\u00e7in k\u00f6pr\u00fc ekleme<\/h2><ol><li> \u00d6ncelikle \u201cYeni belge olu\u015ftur\u201d se\u00e7ene\u011fini se\u00e7in ve \u201cYeni belge ad\u0131\u201d s\u00fctununa yeni \u00e7al\u0131\u015fma kitab\u0131n\u0131n ad\u0131n\u0131 girin.<\/li><li> Bundan sonra, k\u00f6pr\u00fc ad\u0131 olarak g\u00f6r\u00fcnt\u00fclemek istedi\u011finiz metni &#8220;G\u00f6r\u00fcnt\u00fclenecek Metin&#8221; s\u00fctununa girin.<\/li><li> \u015eimdi yeni \u00e7al\u0131\u015fma kitab\u0131n\u0131n kaydetme konumunu de\u011fi\u015ftirmek istiyorsan\u0131z D\u00fczenle d\u00fc\u011fmesine t\u0131klay\u0131n ve Tamam&#8217;a t\u0131klay\u0131n.<\/li><\/ol><h2 class=\"wp-block-heading\"> E-posta adresine k\u00f6pr\u00fc ekleme<\/h2><ol><li> \u00d6ncelikle \u201cE-posta Adresi\u201d se\u00e7ene\u011fini se\u00e7in, ard\u0131ndan \u201cE-posta Adresi:\u201d s\u00fctununa e-posta kimli\u011fini girin ve \u201cKonu\u201d s\u00fctununa e-postan\u0131n konusunu girin.<\/li><li> Bundan sonra, k\u00f6pr\u00fc ad\u0131 olarak g\u00f6r\u00fcnt\u00fclemek istedi\u011finiz metni &#8220;G\u00f6r\u00fcnt\u00fclenecek Metin&#8221; alan\u0131na girin ve Tamam&#8217;\u0131 t\u0131klay\u0131n.<\/li><li> Hatta e-posta adresini do\u011frudan h\u00fccreye girebilirsiniz; Excel otomatik olarak bu e-postaya k\u00f6pr\u00fc olu\u015fturacakt\u0131r. <\/li><\/ol><div class=\"wp-block-image\"><figure class=\"aligncenter size-full is-resized\"><img loading=\"lazy\" decoding=\"async\" class=\"alignnone  wp-image-12835\" src=\"https:\/\/exceladvisor.org\/wp-content\/uploads\/2023\/11\/6-ajouter-un-e-mail.png\" alt=\"e-posta ekle\" width=\"681\" height=\"312\" srcset=\"https:\/\/exceladvisor.org\/wp-content\/uploads\/2023\/11\/6-ajouter-un-e-mail.png 912w, https:\/\/exceladvisor.org\/wp-content\/uploads\/2023\/11\/6-ajouter-un-e-mail-300x138.png 300w, https:\/\/exceladvisor.org\/wp-content\/uploads\/2023\/11\/6-ajouter-un-e-mail-768x352.png 768w\" sizes=\"auto, (max-width: 681px) 100vw, 681px\"><\/figure><\/div><h2 class=\"wp-block-heading\"> Excel&#8217;deki k\u00f6pr\u00fcleri kald\u0131rma<\/h2><p> K\u00f6pr\u00fcleri Excel&#8217;den kald\u0131rmak, k\u00f6pr\u00fc eklemek veya olu\u015fturmaktan \u00e7ok daha kolay ve h\u0131zl\u0131d\u0131r. Excel, a\u015fa\u011f\u0131da belirtildi\u011fi gibi kullan\u0131c\u0131lar\u0131n iki t\u0131klamayla k\u00f6pr\u00fcleri kald\u0131rmas\u0131na olanak tan\u0131r.<\/p><ol><li> Bir h\u00fccreden k\u00f6pr\u00fcy\u00fc kald\u0131rmak i\u00e7in, k\u00f6pr\u00fc i\u00e7eren h\u00fccreye sa\u011f t\u0131klay\u0131n ve ard\u0131ndan i\u00e7erik men\u00fcs\u00fcnde &#8220;K\u00f6pr\u00fcy\u00fc Kald\u0131r&#8221;a t\u0131klay\u0131n.<\/li><li> Birden \u00e7ok h\u00fccredeki k\u00f6pr\u00fcleri kald\u0131rmak i\u00e7in h\u00fccreleri birlikte se\u00e7in, sa\u011f t\u0131klay\u0131n ve i\u00e7erik men\u00fcs\u00fcnden &#8220;K\u00f6pr\u00fcleri Kald\u0131r&#8221;\u0131 se\u00e7in.<\/li><li> K\u00f6pr\u00fcleri kald\u0131rmak i\u00e7in ge\u00e7erli \u00e7al\u0131\u015fma sayfas\u0131n\u0131 olu\u015fturun, klavyeden CTRL+A tu\u015flar\u0131na basarak \u00e7al\u0131\u015fma sayfas\u0131n\u0131n tamam\u0131n\u0131 se\u00e7in.<\/li><li> \u015eimdi \u201cAna Sayfa\u201d sekmesine gidin ve \u201cTemizle\u201d simgesinin a\u00e7\u0131l\u0131r okuna t\u0131klay\u0131n, ard\u0131ndan \u201cK\u00f6pr\u00fc Ba\u011flant\u0131lar\u0131n\u0131 Kald\u0131r\u201d\u0131 se\u00e7in. <\/li><\/ol><div class=\"gb-container gb-container-4db6181c gb-container-mt\"><h2 class=\"gb-headline gb-headline-665e5f6b gb-headline-text gb-headline-mt-heading\"> \u0130lgili e\u011fitimler <\/h2><div class=\"gb-grid-wrapper gb-grid-wrapper-a20baf7c gb-grid-wrapper-mt-grid\"><div class=\"gb-grid-column gb-grid-column-65ddf67e\"><div class=\"gb-container gb-container-65ddf67e\"><ul><li> <a href=\"https:\/\/exceladvisor.org\/tr\/filigran-ekle\/\">Excel&#8217;e filigran ekleme<\/a><\/li><li> <a href=\"https:\/\/exceladvisor.org\/tr\/gizli-satir-sutunlarini-kaldir\/\">Excel&#8217;deki gizli sat\u0131rlar\u0131 silin<\/a><\/li><li> <a href=\"https:\/\/exceladvisor.org\/tr\/hucrelerin-secimini-kaldir\/\">Excel&#8217;de h\u00fccrelerin se\u00e7imini kald\u0131r\u0131n<\/a><\/li><li> <a href=\"https:\/\/exceladvisor.org\/tr\/sutun-ekle\/\">Excel&#8217;de s\u00fctun ekleme<\/a> <\/li><\/ul><\/div><\/div><div class=\"gb-grid-column gb-grid-column-50067b57\"><div class=\"gb-container gb-container-50067b57\"><ul><li> <a href=\"https:\/\/exceladvisor.org\/tr\/satirlari-sil\/\">Excel&#8217;de bir sat\u0131r\u0131 veya birden \u00e7ok sat\u0131r\u0131 silme<\/a><\/li><li> <a href=\"https:\/\/exceladvisor.org\/tr\/sutunu-kopyala\/\">Excel&#8217;de bir s\u00fctunu kopyalay\u0131p yap\u0131\u015ft\u0131r\u0131n<\/a><\/li><li> <a href=\"https:\/\/exceladvisor.org\/tr\/satir-sutununu-tasi\/\">Excel&#8217;de bir sat\u0131r\u0131 ve s\u00fctunu ta\u015f\u0131ma<\/a><\/li><li> <a href=\"https:\/\/exceladvisor.org\/tr\/sutun-genisligi\/\">Excel&#8217;de s\u00fctun geni\u015flikleri nas\u0131l de\u011fi\u015ftirilir?<\/a><\/li><\/ul><\/div><\/div><\/div><\/div>","protected":false},"excerpt":{"rendered":"","protected":false},"author":1,"featured_media":0,"parent":0,"menu_order":0,"comment_status":"open","ping_status":"closed","template":"","meta":{"ub_ctt_via":"","footnotes":""},"class_list":["post-1497","page","type-page","status-publish","hentry"],"featured_image_src":null,"yoast_head":"<!-- This site is optimized with the Yoast SEO plugin v25.4 - https:\/\/yoast.com\/wordpress\/plugins\/seo\/ -->\n<title>Excel&#039;de k\u00f6pr\u00fcler nas\u0131l eklenir ve kald\u0131r\u0131l\u0131r?<\/title>\n<meta name=\"description\" content=\"Bu derste Excel&#039;de k\u00f6pr\u00fcleri nas\u0131l ekleyip kald\u0131raca\u011f\u0131m\u0131z\u0131 \u00f6\u011frenece\u011fiz. K\u00f6pr\u00fclerin tan\u0131nmas\u0131 kolayd\u0131r\" \/>\n<meta name=\"robots\" content=\"index, follow, max-snippet:-1, max-image-preview:large, max-video-preview:-1\" \/>\n<link rel=\"canonical\" href=\"https:\/\/exceladvisor.org\/tr\/kopruleri-ekle-kaldir\/\" \/>\n<meta property=\"og:locale\" content=\"tr_TR\" \/>\n<meta property=\"og:type\" content=\"article\" \/>\n<meta property=\"og:title\" content=\"Excel&#039;de k\u00f6pr\u00fcler nas\u0131l eklenir ve kald\u0131r\u0131l\u0131r?\" \/>\n<meta property=\"og:description\" content=\"Bu derste Excel&#039;de k\u00f6pr\u00fcleri nas\u0131l ekleyip kald\u0131raca\u011f\u0131m\u0131z\u0131 \u00f6\u011frenece\u011fiz. K\u00f6pr\u00fclerin tan\u0131nmas\u0131 kolayd\u0131r\" \/>\n<meta property=\"og:url\" content=\"https:\/\/exceladvisor.org\/tr\/kopruleri-ekle-kaldir\/\" \/>\n<meta property=\"og:site_name\" content=\"Excel Advisor\" \/>\n<meta property=\"article:modified_time\" content=\"2023-12-10T06:01:29+00:00\" \/>\n<meta property=\"og:image\" content=\"https:\/\/exceladvisor.org\/wp-content\/uploads\/2023\/11\/1-ajouter-des-liens.png\" \/>\n<meta name=\"twitter:card\" content=\"summary_large_image\" \/>\n<meta name=\"twitter:label1\" content=\"Tahmini okuma s\u00fcresi\" \/>\n\t<meta name=\"twitter:data1\" content=\"4 dakika\" \/>\n<script type=\"application\/ld+json\" class=\"yoast-schema-graph\">{\"@context\":\"https:\/\/schema.org\",\"@graph\":[{\"@type\":\"WebPage\",\"@id\":\"https:\/\/exceladvisor.org\/tr\/kopruleri-ekle-kaldir\/\",\"url\":\"https:\/\/exceladvisor.org\/tr\/kopruleri-ekle-kaldir\/\",\"name\":\"Excel&#39;de k\u00f6pr\u00fcler nas\u0131l eklenir ve kald\u0131r\u0131l\u0131r?\",\"isPartOf\":{\"@id\":\"https:\/\/exceladvisor.org\/tr\/#website\"},\"primaryImageOfPage\":{\"@id\":\"https:\/\/exceladvisor.org\/tr\/kopruleri-ekle-kaldir\/#primaryimage\"},\"image\":{\"@id\":\"https:\/\/exceladvisor.org\/tr\/kopruleri-ekle-kaldir\/#primaryimage\"},\"thumbnailUrl\":\"https:\/\/exceladvisor.org\/wp-content\/uploads\/2023\/11\/1-ajouter-des-liens.png\",\"datePublished\":\"2023-11-20T06:11:24+00:00\",\"dateModified\":\"2023-12-10T06:01:29+00:00\",\"description\":\"Bu derste Excel&#39;de k\u00f6pr\u00fcleri nas\u0131l ekleyip kald\u0131raca\u011f\u0131m\u0131z\u0131 \u00f6\u011frenece\u011fiz. K\u00f6pr\u00fclerin tan\u0131nmas\u0131 kolayd\u0131r\",\"breadcrumb\":{\"@id\":\"https:\/\/exceladvisor.org\/tr\/kopruleri-ekle-kaldir\/#breadcrumb\"},\"inLanguage\":\"tr\",\"potentialAction\":[{\"@type\":\"ReadAction\",\"target\":[\"https:\/\/exceladvisor.org\/tr\/kopruleri-ekle-kaldir\/\"]}]},{\"@type\":\"ImageObject\",\"inLanguage\":\"tr\",\"@id\":\"https:\/\/exceladvisor.org\/tr\/kopruleri-ekle-kaldir\/#primaryimage\",\"url\":\"https:\/\/exceladvisor.org\/wp-content\/uploads\/2023\/11\/1-ajouter-des-liens.png\",\"contentUrl\":\"https:\/\/exceladvisor.org\/wp-content\/uploads\/2023\/11\/1-ajouter-des-liens.png\"},{\"@type\":\"BreadcrumbList\",\"@id\":\"https:\/\/exceladvisor.org\/tr\/kopruleri-ekle-kaldir\/#breadcrumb\",\"itemListElement\":[{\"@type\":\"ListItem\",\"position\":1,\"name\":\"Ev\",\"item\":\"https:\/\/exceladvisor.org\/tr\/\"},{\"@type\":\"ListItem\",\"position\":2,\"name\":\"Excel&#39;de k\u00f6pr\u00fcler nas\u0131l eklenir ve kald\u0131r\u0131l\u0131r?\"}]},{\"@type\":\"WebSite\",\"@id\":\"https:\/\/exceladvisor.org\/tr\/#website\",\"url\":\"https:\/\/exceladvisor.org\/tr\/\",\"name\":\"Excel Advisor\",\"description\":\"Veri hakimiyetine y\u00f6nelik nihai rehberiniz!\",\"publisher\":{\"@id\":\"https:\/\/exceladvisor.org\/tr\/#organization\"},\"potentialAction\":[{\"@type\":\"SearchAction\",\"target\":{\"@type\":\"EntryPoint\",\"urlTemplate\":\"https:\/\/exceladvisor.org\/tr\/?s={search_term_string}\"},\"query-input\":{\"@type\":\"PropertyValueSpecification\",\"valueRequired\":true,\"valueName\":\"search_term_string\"}}],\"inLanguage\":\"tr\"},{\"@type\":\"Organization\",\"@id\":\"https:\/\/exceladvisor.org\/tr\/#organization\",\"name\":\"Excel Advisor\",\"url\":\"https:\/\/exceladvisor.org\/tr\/\",\"logo\":{\"@type\":\"ImageObject\",\"inLanguage\":\"tr\",\"@id\":\"https:\/\/exceladvisor.org\/tr\/#\/schema\/logo\/image\/\",\"url\":\"https:\/\/exceladvisor.org\/tr\/wp-content\/uploads\/2023\/12\/exceladvisor.org_.png\",\"contentUrl\":\"https:\/\/exceladvisor.org\/tr\/wp-content\/uploads\/2023\/12\/exceladvisor.org_.png\",\"width\":105,\"height\":36,\"caption\":\"Excel Advisor\"},\"image\":{\"@id\":\"https:\/\/exceladvisor.org\/tr\/#\/schema\/logo\/image\/\"}}]}<\/script>\n<!-- \/ Yoast SEO plugin. -->","yoast_head_json":{"title":"Excel&#39;de k\u00f6pr\u00fcler nas\u0131l eklenir ve kald\u0131r\u0131l\u0131r?","description":"Bu derste Excel&#39;de k\u00f6pr\u00fcleri nas\u0131l ekleyip kald\u0131raca\u011f\u0131m\u0131z\u0131 \u00f6\u011frenece\u011fiz. K\u00f6pr\u00fclerin tan\u0131nmas\u0131 kolayd\u0131r","robots":{"index":"index","follow":"follow","max-snippet":"max-snippet:-1","max-image-preview":"max-image-preview:large","max-video-preview":"max-video-preview:-1"},"canonical":"https:\/\/exceladvisor.org\/tr\/kopruleri-ekle-kaldir\/","og_locale":"tr_TR","og_type":"article","og_title":"Excel&#39;de k\u00f6pr\u00fcler nas\u0131l eklenir ve kald\u0131r\u0131l\u0131r?","og_description":"Bu derste Excel&#39;de k\u00f6pr\u00fcleri nas\u0131l ekleyip kald\u0131raca\u011f\u0131m\u0131z\u0131 \u00f6\u011frenece\u011fiz. K\u00f6pr\u00fclerin tan\u0131nmas\u0131 kolayd\u0131r","og_url":"https:\/\/exceladvisor.org\/tr\/kopruleri-ekle-kaldir\/","og_site_name":"Excel Advisor","article_modified_time":"2023-12-10T06:01:29+00:00","og_image":[{"url":"https:\/\/exceladvisor.org\/wp-content\/uploads\/2023\/11\/1-ajouter-des-liens.png","type":"","width":"","height":""}],"twitter_card":"summary_large_image","twitter_misc":{"Tahmini okuma s\u00fcresi":"4 dakika"},"schema":{"@context":"https:\/\/schema.org","@graph":[{"@type":"WebPage","@id":"https:\/\/exceladvisor.org\/tr\/kopruleri-ekle-kaldir\/","url":"https:\/\/exceladvisor.org\/tr\/kopruleri-ekle-kaldir\/","name":"Excel&#39;de k\u00f6pr\u00fcler nas\u0131l eklenir ve kald\u0131r\u0131l\u0131r?","isPartOf":{"@id":"https:\/\/exceladvisor.org\/tr\/#website"},"primaryImageOfPage":{"@id":"https:\/\/exceladvisor.org\/tr\/kopruleri-ekle-kaldir\/#primaryimage"},"image":{"@id":"https:\/\/exceladvisor.org\/tr\/kopruleri-ekle-kaldir\/#primaryimage"},"thumbnailUrl":"https:\/\/exceladvisor.org\/wp-content\/uploads\/2023\/11\/1-ajouter-des-liens.png","datePublished":"2023-11-20T06:11:24+00:00","dateModified":"2023-12-10T06:01:29+00:00","description":"Bu derste Excel&#39;de k\u00f6pr\u00fcleri nas\u0131l ekleyip kald\u0131raca\u011f\u0131m\u0131z\u0131 \u00f6\u011frenece\u011fiz. K\u00f6pr\u00fclerin tan\u0131nmas\u0131 kolayd\u0131r","breadcrumb":{"@id":"https:\/\/exceladvisor.org\/tr\/kopruleri-ekle-kaldir\/#breadcrumb"},"inLanguage":"tr","potentialAction":[{"@type":"ReadAction","target":["https:\/\/exceladvisor.org\/tr\/kopruleri-ekle-kaldir\/"]}]},{"@type":"ImageObject","inLanguage":"tr","@id":"https:\/\/exceladvisor.org\/tr\/kopruleri-ekle-kaldir\/#primaryimage","url":"https:\/\/exceladvisor.org\/wp-content\/uploads\/2023\/11\/1-ajouter-des-liens.png","contentUrl":"https:\/\/exceladvisor.org\/wp-content\/uploads\/2023\/11\/1-ajouter-des-liens.png"},{"@type":"BreadcrumbList","@id":"https:\/\/exceladvisor.org\/tr\/kopruleri-ekle-kaldir\/#breadcrumb","itemListElement":[{"@type":"ListItem","position":1,"name":"Ev","item":"https:\/\/exceladvisor.org\/tr\/"},{"@type":"ListItem","position":2,"name":"Excel&#39;de k\u00f6pr\u00fcler nas\u0131l eklenir ve kald\u0131r\u0131l\u0131r?"}]},{"@type":"WebSite","@id":"https:\/\/exceladvisor.org\/tr\/#website","url":"https:\/\/exceladvisor.org\/tr\/","name":"Excel Advisor","description":"Veri hakimiyetine y\u00f6nelik nihai rehberiniz!","publisher":{"@id":"https:\/\/exceladvisor.org\/tr\/#organization"},"potentialAction":[{"@type":"SearchAction","target":{"@type":"EntryPoint","urlTemplate":"https:\/\/exceladvisor.org\/tr\/?s={search_term_string}"},"query-input":{"@type":"PropertyValueSpecification","valueRequired":true,"valueName":"search_term_string"}}],"inLanguage":"tr"},{"@type":"Organization","@id":"https:\/\/exceladvisor.org\/tr\/#organization","name":"Excel Advisor","url":"https:\/\/exceladvisor.org\/tr\/","logo":{"@type":"ImageObject","inLanguage":"tr","@id":"https:\/\/exceladvisor.org\/tr\/#\/schema\/logo\/image\/","url":"https:\/\/exceladvisor.org\/tr\/wp-content\/uploads\/2023\/12\/exceladvisor.org_.png","contentUrl":"https:\/\/exceladvisor.org\/tr\/wp-content\/uploads\/2023\/12\/exceladvisor.org_.png","width":105,"height":36,"caption":"Excel Advisor"},"image":{"@id":"https:\/\/exceladvisor.org\/tr\/#\/schema\/logo\/image\/"}}]}},"yoast_meta":{"yoast_wpseo_title":"","yoast_wpseo_metadesc":"","yoast_wpseo_canonical":""},"_links":{"self":[{"href":"https:\/\/exceladvisor.org\/tr\/wp-json\/wp\/v2\/pages\/1497","targetHints":{"allow":["GET"]}}],"collection":[{"href":"https:\/\/exceladvisor.org\/tr\/wp-json\/wp\/v2\/pages"}],"about":[{"href":"https:\/\/exceladvisor.org\/tr\/wp-json\/wp\/v2\/types\/page"}],"author":[{"embeddable":true,"href":"https:\/\/exceladvisor.org\/tr\/wp-json\/wp\/v2\/users\/1"}],"replies":[{"embeddable":true,"href":"https:\/\/exceladvisor.org\/tr\/wp-json\/wp\/v2\/comments?post=1497"}],"version-history":[{"count":1,"href":"https:\/\/exceladvisor.org\/tr\/wp-json\/wp\/v2\/pages\/1497\/revisions"}],"predecessor-version":[{"id":2529,"href":"https:\/\/exceladvisor.org\/tr\/wp-json\/wp\/v2\/pages\/1497\/revisions\/2529"}],"wp:attachment":[{"href":"https:\/\/exceladvisor.org\/tr\/wp-json\/wp\/v2\/media?parent=1497"}],"curies":[{"name":"wp","href":"https:\/\/api.w.org\/{rel}","templated":true}]}}