{"id":1498,"date":"2023-11-20T05:19:51","date_gmt":"2023-11-20T05:19:51","guid":{"rendered":"https:\/\/exceladvisor.org\/tr\/bosluk-ekle-2\/"},"modified":"2023-12-10T05:59:38","modified_gmt":"2023-12-10T05:59:38","slug":"bosluk-ekle-2","status":"publish","type":"page","link":"https:\/\/exceladvisor.org\/tr\/bosluk-ekle-2\/","title":{"rendered":"Excel h\u00fccresine bo\u015fluk nas\u0131l eklenir?"},"content":{"rendered":"<div class=\"excel-icerikten-once\" id=\"excel-3655515937\"><script type=\"text\/javascript\">\r\n\tatOptions = {\r\n\t\t'key' : 'c1158f160081d6540a8409e6925dab94',\r\n\t\t'format' : 'iframe',\r\n\t\t'height' : 250,\r\n\t\t'width' : 300,\r\n\t\t'params' : {}\r\n\t};\r\n<\/script>\r\n<script type=\"text\/javascript\" src=\"\/\/www.highperformanceformat.com\/c1158f160081d6540a8409e6925dab94\/invoke.js\"><\/script><\/div> <p>\u0130ki de\u011feri tek bir h\u00fccrede birle\u015ftirdi\u011finizde genellikle bu de\u011ferlerin aras\u0131na bo\u015fluk eklemek gerekir. Hatta bazen birden fazla bo\u015fluk eklemeniz gerekir. Bu e\u011fitim, Excel&#8217;de bo\u015fluk veya birden \u00e7ok bo\u015fluk eklemek i\u00e7in bir form\u00fcl yazman\u0131za yard\u0131mc\u0131 olacakt\u0131r.<\/p><h2 class=\"wp-block-heading\"> Tek bir bo\u015fluk ekleyin<\/h2><ol type=\"1\"><li> \u0130lk \u00f6nce bir h\u00fccreye (=) girin.<\/li><li> \u0130lk de\u011fere sahip h\u00fccreye bak\u0131n ve bir ve i\u015fareti (&amp;) yaz\u0131n.<\/li><li> Eklenecek alan\u0131 belirtmek i\u00e7in (\u201c\u201d) yaz\u0131n.<\/li><li> \u015eimdi ikinci de\u011fere sahip h\u00fccreye bak\u0131n ve bir ve i\u015fareti (&amp;) yaz\u0131n.<\/li><li> Sonunda sonucu almak i\u00e7in Enter tu\u015funa bas\u0131n. <\/li><\/ol><div class=\"wp-block-image\"><figure class=\"aligncenter size-full is-resized\"><img loading=\"lazy\" decoding=\"async\" class=\"alignnone wp-image-12824 \" src=\"https:\/\/exceladvisor.org\/wp-content\/uploads\/2023\/11\/1-ajouter-un-espace-unique.png\" alt=\"1 tek bir bo\u015fluk ekleyin\" width=\"535\" height=\"110\" srcset=\"https:\/\/exceladvisor.org\/wp-content\/uploads\/2023\/11\/1-ajouter-un-espace-unique.png 564w, https:\/\/exceladvisor.org\/wp-content\/uploads\/2023\/11\/1-ajouter-un-espace-unique-300x62.png 300w\" sizes=\"auto, (max-width: 535px) 100vw, 535px\"><\/figure><\/div><p> Enter tu\u015funa bast\u0131\u011f\u0131n\u0131z an, her iki de\u011feri de aralar\u0131nda bo\u015fluk bulunan tek bir h\u00fccrede elde edeceksiniz. <\/p><div class=\"wp-block-image\"><figure class=\"aligncenter size-full is-resized\"><img loading=\"lazy\" decoding=\"async\" class=\"alignnone wp-image-12825 \" src=\"https:\/\/exceladvisor.org\/wp-content\/uploads\/2023\/11\/2-Excel-a-espace-unique.png\" alt=\"2 Tek Alan Excel\" width=\"542\" height=\"107\" srcset=\"https:\/\/exceladvisor.org\/wp-content\/uploads\/2023\/11\/2-Excel-a-espace-unique.png 557w, https:\/\/exceladvisor.org\/wp-content\/uploads\/2023\/11\/2-Excel-a-espace-unique-300x59.png 300w\" sizes=\"auto, (max-width: 542px) 100vw, 542px\"><\/figure><\/div><pre class=\"wp-block-code\"> <code class=\"language-excel-formula\" lang=\"excel-formula\">=A1&amp;\" \"&amp;B1<\/code><\/pre><h2 class=\"wp-block-heading\"> Birden fazla bo\u015fluk ekleyin<\/h2><p> Art\u0131k iki de\u011fer aras\u0131na birden fazla bo\u015fluk eklemek istiyorsan\u0131z REPT fonksiyonunu kullanabilirsiniz. <\/p><div class=\"wp-block-image\"><figure class=\"aligncenter size-full is-resized\"><img loading=\"lazy\" decoding=\"async\" class=\"alignnone  wp-image-12827\" src=\"https:\/\/exceladvisor.org\/wp-content\/uploads\/2023\/11\/4-Excel-a-espaces-multiples.png\" alt=\"4 \u00c7ok Alanl\u0131 Excel\" width=\"608\" height=\"135\" srcset=\"https:\/\/exceladvisor.org\/wp-content\/uploads\/2023\/11\/4-Excel-a-espaces-multiples.png 693w, https:\/\/exceladvisor.org\/wp-content\/uploads\/2023\/11\/4-Excel-a-espaces-multiples-300x67.png 300w\" sizes=\"auto, (max-width: 608px) 100vw, 608px\"><\/figure><\/div><p> Bu form\u00fclde tek bo\u015fluk kullanmak yerine REPT&#8217;i kulland\u0131k. REPT&#8217;te de bo\u015flu\u011fu ve say\u0131y\u0131 belirttik. <\/p><div class=\"wp-block-image\"><figure class=\"aligncenter size-full is-resized\"><img loading=\"lazy\" decoding=\"async\" class=\"alignnone  wp-image-12826\" src=\"https:\/\/exceladvisor.org\/wp-content\/uploads\/2023\/11\/3-ajouter-plusieurs-espaces.png\" alt=\"3 \u00e7oklu bo\u015fluk ekleme\" width=\"605\" height=\"147\" srcset=\"https:\/\/exceladvisor.org\/wp-content\/uploads\/2023\/11\/3-ajouter-plusieurs-espaces.png 691w, https:\/\/exceladvisor.org\/wp-content\/uploads\/2023\/11\/3-ajouter-plusieurs-espaces-300x73.png 300w\" sizes=\"auto, (max-width: 605px) 100vw, 605px\"><\/figure><\/div><p> G\u00f6rd\u00fc\u011f\u00fcn\u00fcz gibi, fonksiyona iki kelime aras\u0131nda 20 bo\u015fluk d\u00f6nd\u00fcrmesini s\u00f6yleyen say\u0131_\u00e7arp\u0131m arg\u00fcman\u0131 i\u00e7in 20&#8217;miz var.<\/p><pre class=\"wp-block-code\"> <code class=\"language-excel-formula\" lang=\"excel-formula\">=A1&amp;REPT(\" \",20)&amp;B1<\/code><\/pre><h2 class=\"wp-block-heading\"> Birden \u00e7ok de\u011fer i\u00e7in birden \u00e7ok bo\u015fluk ekleyin<\/h2><p> Birden fazla de\u011feriniz varsa ve birle\u015ftirirken de\u011ferlerin her birinin aras\u0131na bo\u015fluk eklemek istiyorsan\u0131z TEXTJOIN fonksiyonunu kullanabilirsiniz. <\/p><div class=\"wp-block-image\"><figure class=\"aligncenter size-full is-resized\"><img loading=\"lazy\" decoding=\"async\" class=\"wp-image-83043\" src=\"https:\/\/exceladvisor.org\/wp-content\/uploads\/2023\/08\/5-ajouter-plusieurs-espaces-pour-plusieurs-valeurs.png\" sizes=\"auto, \" srcset=\"\" alt=\"birden fazla de\u011fer i\u00e7in birden fazla bo\u015fluk ekle\" width=\"441\" height=\"319\"><\/figure><\/div><p> TEXTJOIN&#8217;de her de\u011ferin aras\u0131na eklenecek s\u0131n\u0131rlay\u0131c\u0131y\u0131 belirtmeniz gerekiyor ve burada bir bo\u015fluk var. Bundan sonra, bo\u015f h\u00fccreyi yok saymak i\u00e7in TRUE&#8217;ya bas\u0131n ve sonunda de\u011ferleri almak i\u00e7in range&#8217;e bas\u0131n.<\/p><pre class=\"wp-block-code\"> <code class=\"language-excel-formula\" lang=\"excel-formula\">=TEXTJOIN(\" \",TRUE,A1:A5)<\/code><\/pre><div class=\"gb-container gb-container-52dfcee1 gb-container-sample-file\"><h2 class=\"gb-headline gb-headline-e289c143 gb-headline-text gb-headline-4f7959c2\"> Excel dosyas\u0131n\u0131 al\u0131n<\/h2> <a class=\"gb-button gb-button-e88d6bee gb-button-text gb-button-button1\" href=\"https:\/\/exceladvisor.org\/wp-content\/uploads\/2023\/11\/ajouter-de-lespace-dans-Excel.xlsx\" rel=\"nofollow\">\u0130ndirmek<\/a><\/div><div class=\"gb-container gb-container-0df56012 gb-container-mt\"> <a class=\"gb-button gb-button-f9f432f4 gb-button-text gb-button-mt-button\" href=\"https:\/\/exceladvisor.org\/tr\/formuller\/\">Excel form\u00fcllerinin listesi<\/a><h2 class=\"gb-headline gb-headline-233444e8 gb-headline-text gb-headline-mt-heading\"> \u0130lgili form\u00fcller <\/h2><div class=\"gb-grid-wrapper gb-grid-wrapper-a16fa65c gb-grid-wrapper-mt-grid\"><div class=\"gb-grid-column gb-grid-column-50d07e0d\"><div class=\"gb-container gb-container-50d07e0d\"><ul><li> <a href=\"https:\/\/exceladvisor.org\/tr\/hucrede-yeni-satir\/\">Excel&#8217;de bir h\u00fccreye yeni bir sat\u0131r ekleme (sat\u0131r sonu)<\/a><\/li><li> <a href=\"https:\/\/exceladvisor.org\/tr\/bastaki-sifirlar\/\">Excel&#8217;de ba\u015ftaki s\u0131f\u0131rlar\u0131 ekleme<\/a><\/li><li> <a href=\"https:\/\/exceladvisor.org\/tr\/hucreleri-virgulle-birlestir\/\">Excel&#8217;de h\u00fccreleri virg\u00fclle birle\u015ftirme (birle\u015ftirme)<\/a><\/li><li> <a href=\"https:\/\/exceladvisor.org\/tr\/bir-dizi-hucreyi-birlestirmek\/\">Excel&#8217;de bir dizi h\u00fccreyi birle\u015ftirme (birle\u015ftirme)<\/a><\/li><li> <a href=\"https:\/\/exceladvisor.org\/tr\/satir-sonunu-birlestirme\/\">Excel&#8217;de sat\u0131r sonuyla birle\u015ftirme<\/a> <\/li><\/ul><\/div><\/div><div class=\"gb-grid-column gb-grid-column-5b4a0cf9\"><div class=\"gb-container gb-container-5b4a0cf9\"><\/div><\/div><\/div><\/div>","protected":false},"excerpt":{"rendered":"","protected":false},"author":1,"featured_media":0,"parent":0,"menu_order":0,"comment_status":"open","ping_status":"closed","template":"","meta":{"ub_ctt_via":"","footnotes":""},"class_list":["post-1498","page","type-page","status-publish","hentry"],"featured_image_src":null,"yoast_head":"<!-- This site is optimized with the Yoast SEO plugin v25.4 - https:\/\/yoast.com\/wordpress\/plugins\/seo\/ -->\n<title>\u25b7 Excel h\u00fccresine bo\u015fluk nas\u0131l eklenir?<\/title>\n<meta name=\"description\" content=\"Bu e\u011fitimde size iki de\u011fer aras\u0131na bo\u015fluk eklemek i\u00e7in bir Excel form\u00fcl\u00fcn\u00fcn nas\u0131l yaz\u0131laca\u011f\u0131 \u00f6\u011fretilecektir. Bunu kontrol edelim\u2026\" \/>\n<meta name=\"robots\" content=\"index, follow, max-snippet:-1, max-image-preview:large, max-video-preview:-1\" \/>\n<link rel=\"canonical\" href=\"https:\/\/exceladvisor.org\/tr\/bosluk-ekle-2\/\" \/>\n<meta property=\"og:locale\" content=\"tr_TR\" \/>\n<meta property=\"og:type\" content=\"article\" \/>\n<meta property=\"og:title\" content=\"\u25b7 Excel h\u00fccresine bo\u015fluk nas\u0131l eklenir?\" \/>\n<meta property=\"og:description\" content=\"Bu e\u011fitimde size iki de\u011fer aras\u0131na bo\u015fluk eklemek i\u00e7in bir Excel form\u00fcl\u00fcn\u00fcn nas\u0131l yaz\u0131laca\u011f\u0131 \u00f6\u011fretilecektir. Bunu kontrol edelim\u2026\" \/>\n<meta property=\"og:url\" content=\"https:\/\/exceladvisor.org\/tr\/bosluk-ekle-2\/\" \/>\n<meta property=\"og:site_name\" content=\"Excel Advisor\" \/>\n<meta property=\"article:modified_time\" content=\"2023-12-10T05:59:38+00:00\" \/>\n<meta property=\"og:image\" content=\"https:\/\/exceladvisor.org\/wp-content\/uploads\/2023\/11\/1-ajouter-un-espace-unique.png\" \/>\n<meta name=\"twitter:card\" content=\"summary_large_image\" \/>\n<meta name=\"twitter:label1\" content=\"Tahmini okuma s\u00fcresi\" \/>\n\t<meta name=\"twitter:data1\" content=\"2 dakika\" \/>\n<script type=\"application\/ld+json\" class=\"yoast-schema-graph\">{\"@context\":\"https:\/\/schema.org\",\"@graph\":[{\"@type\":\"WebPage\",\"@id\":\"https:\/\/exceladvisor.org\/tr\/bosluk-ekle-2\/\",\"url\":\"https:\/\/exceladvisor.org\/tr\/bosluk-ekle-2\/\",\"name\":\"\u25b7 Excel h\u00fccresine bo\u015fluk nas\u0131l eklenir?\",\"isPartOf\":{\"@id\":\"https:\/\/exceladvisor.org\/tr\/#website\"},\"primaryImageOfPage\":{\"@id\":\"https:\/\/exceladvisor.org\/tr\/bosluk-ekle-2\/#primaryimage\"},\"image\":{\"@id\":\"https:\/\/exceladvisor.org\/tr\/bosluk-ekle-2\/#primaryimage\"},\"thumbnailUrl\":\"https:\/\/exceladvisor.org\/wp-content\/uploads\/2023\/11\/1-ajouter-un-espace-unique.png\",\"datePublished\":\"2023-11-20T05:19:51+00:00\",\"dateModified\":\"2023-12-10T05:59:38+00:00\",\"description\":\"Bu e\u011fitimde size iki de\u011fer aras\u0131na bo\u015fluk eklemek i\u00e7in bir Excel form\u00fcl\u00fcn\u00fcn nas\u0131l yaz\u0131laca\u011f\u0131 \u00f6\u011fretilecektir. Bunu kontrol edelim\u2026\",\"breadcrumb\":{\"@id\":\"https:\/\/exceladvisor.org\/tr\/bosluk-ekle-2\/#breadcrumb\"},\"inLanguage\":\"tr\",\"potentialAction\":[{\"@type\":\"ReadAction\",\"target\":[\"https:\/\/exceladvisor.org\/tr\/bosluk-ekle-2\/\"]}]},{\"@type\":\"ImageObject\",\"inLanguage\":\"tr\",\"@id\":\"https:\/\/exceladvisor.org\/tr\/bosluk-ekle-2\/#primaryimage\",\"url\":\"https:\/\/exceladvisor.org\/wp-content\/uploads\/2023\/11\/1-ajouter-un-espace-unique.png\",\"contentUrl\":\"https:\/\/exceladvisor.org\/wp-content\/uploads\/2023\/11\/1-ajouter-un-espace-unique.png\"},{\"@type\":\"BreadcrumbList\",\"@id\":\"https:\/\/exceladvisor.org\/tr\/bosluk-ekle-2\/#breadcrumb\",\"itemListElement\":[{\"@type\":\"ListItem\",\"position\":1,\"name\":\"Ev\",\"item\":\"https:\/\/exceladvisor.org\/tr\/\"},{\"@type\":\"ListItem\",\"position\":2,\"name\":\"Excel h\u00fccresine bo\u015fluk nas\u0131l eklenir?\"}]},{\"@type\":\"WebSite\",\"@id\":\"https:\/\/exceladvisor.org\/tr\/#website\",\"url\":\"https:\/\/exceladvisor.org\/tr\/\",\"name\":\"Excel Advisor\",\"description\":\"Veri hakimiyetine y\u00f6nelik nihai rehberiniz!\",\"publisher\":{\"@id\":\"https:\/\/exceladvisor.org\/tr\/#organization\"},\"potentialAction\":[{\"@type\":\"SearchAction\",\"target\":{\"@type\":\"EntryPoint\",\"urlTemplate\":\"https:\/\/exceladvisor.org\/tr\/?s={search_term_string}\"},\"query-input\":{\"@type\":\"PropertyValueSpecification\",\"valueRequired\":true,\"valueName\":\"search_term_string\"}}],\"inLanguage\":\"tr\"},{\"@type\":\"Organization\",\"@id\":\"https:\/\/exceladvisor.org\/tr\/#organization\",\"name\":\"Excel Advisor\",\"url\":\"https:\/\/exceladvisor.org\/tr\/\",\"logo\":{\"@type\":\"ImageObject\",\"inLanguage\":\"tr\",\"@id\":\"https:\/\/exceladvisor.org\/tr\/#\/schema\/logo\/image\/\",\"url\":\"https:\/\/exceladvisor.org\/tr\/wp-content\/uploads\/2023\/12\/exceladvisor.org_.png\",\"contentUrl\":\"https:\/\/exceladvisor.org\/tr\/wp-content\/uploads\/2023\/12\/exceladvisor.org_.png\",\"width\":105,\"height\":36,\"caption\":\"Excel Advisor\"},\"image\":{\"@id\":\"https:\/\/exceladvisor.org\/tr\/#\/schema\/logo\/image\/\"}}]}<\/script>\n<!-- \/ Yoast SEO plugin. -->","yoast_head_json":{"title":"\u25b7 Excel h\u00fccresine bo\u015fluk nas\u0131l eklenir?","description":"Bu e\u011fitimde size iki de\u011fer aras\u0131na bo\u015fluk eklemek i\u00e7in bir Excel form\u00fcl\u00fcn\u00fcn nas\u0131l yaz\u0131laca\u011f\u0131 \u00f6\u011fretilecektir. Bunu kontrol edelim\u2026","robots":{"index":"index","follow":"follow","max-snippet":"max-snippet:-1","max-image-preview":"max-image-preview:large","max-video-preview":"max-video-preview:-1"},"canonical":"https:\/\/exceladvisor.org\/tr\/bosluk-ekle-2\/","og_locale":"tr_TR","og_type":"article","og_title":"\u25b7 Excel h\u00fccresine bo\u015fluk nas\u0131l eklenir?","og_description":"Bu e\u011fitimde size iki de\u011fer aras\u0131na bo\u015fluk eklemek i\u00e7in bir Excel form\u00fcl\u00fcn\u00fcn nas\u0131l yaz\u0131laca\u011f\u0131 \u00f6\u011fretilecektir. Bunu kontrol edelim\u2026","og_url":"https:\/\/exceladvisor.org\/tr\/bosluk-ekle-2\/","og_site_name":"Excel Advisor","article_modified_time":"2023-12-10T05:59:38+00:00","og_image":[{"url":"https:\/\/exceladvisor.org\/wp-content\/uploads\/2023\/11\/1-ajouter-un-espace-unique.png","type":"","width":"","height":""}],"twitter_card":"summary_large_image","twitter_misc":{"Tahmini okuma s\u00fcresi":"2 dakika"},"schema":{"@context":"https:\/\/schema.org","@graph":[{"@type":"WebPage","@id":"https:\/\/exceladvisor.org\/tr\/bosluk-ekle-2\/","url":"https:\/\/exceladvisor.org\/tr\/bosluk-ekle-2\/","name":"\u25b7 Excel h\u00fccresine bo\u015fluk nas\u0131l eklenir?","isPartOf":{"@id":"https:\/\/exceladvisor.org\/tr\/#website"},"primaryImageOfPage":{"@id":"https:\/\/exceladvisor.org\/tr\/bosluk-ekle-2\/#primaryimage"},"image":{"@id":"https:\/\/exceladvisor.org\/tr\/bosluk-ekle-2\/#primaryimage"},"thumbnailUrl":"https:\/\/exceladvisor.org\/wp-content\/uploads\/2023\/11\/1-ajouter-un-espace-unique.png","datePublished":"2023-11-20T05:19:51+00:00","dateModified":"2023-12-10T05:59:38+00:00","description":"Bu e\u011fitimde size iki de\u011fer aras\u0131na bo\u015fluk eklemek i\u00e7in bir Excel form\u00fcl\u00fcn\u00fcn nas\u0131l yaz\u0131laca\u011f\u0131 \u00f6\u011fretilecektir. Bunu kontrol edelim\u2026","breadcrumb":{"@id":"https:\/\/exceladvisor.org\/tr\/bosluk-ekle-2\/#breadcrumb"},"inLanguage":"tr","potentialAction":[{"@type":"ReadAction","target":["https:\/\/exceladvisor.org\/tr\/bosluk-ekle-2\/"]}]},{"@type":"ImageObject","inLanguage":"tr","@id":"https:\/\/exceladvisor.org\/tr\/bosluk-ekle-2\/#primaryimage","url":"https:\/\/exceladvisor.org\/wp-content\/uploads\/2023\/11\/1-ajouter-un-espace-unique.png","contentUrl":"https:\/\/exceladvisor.org\/wp-content\/uploads\/2023\/11\/1-ajouter-un-espace-unique.png"},{"@type":"BreadcrumbList","@id":"https:\/\/exceladvisor.org\/tr\/bosluk-ekle-2\/#breadcrumb","itemListElement":[{"@type":"ListItem","position":1,"name":"Ev","item":"https:\/\/exceladvisor.org\/tr\/"},{"@type":"ListItem","position":2,"name":"Excel h\u00fccresine bo\u015fluk nas\u0131l eklenir?"}]},{"@type":"WebSite","@id":"https:\/\/exceladvisor.org\/tr\/#website","url":"https:\/\/exceladvisor.org\/tr\/","name":"Excel Advisor","description":"Veri hakimiyetine y\u00f6nelik nihai rehberiniz!","publisher":{"@id":"https:\/\/exceladvisor.org\/tr\/#organization"},"potentialAction":[{"@type":"SearchAction","target":{"@type":"EntryPoint","urlTemplate":"https:\/\/exceladvisor.org\/tr\/?s={search_term_string}"},"query-input":{"@type":"PropertyValueSpecification","valueRequired":true,"valueName":"search_term_string"}}],"inLanguage":"tr"},{"@type":"Organization","@id":"https:\/\/exceladvisor.org\/tr\/#organization","name":"Excel Advisor","url":"https:\/\/exceladvisor.org\/tr\/","logo":{"@type":"ImageObject","inLanguage":"tr","@id":"https:\/\/exceladvisor.org\/tr\/#\/schema\/logo\/image\/","url":"https:\/\/exceladvisor.org\/tr\/wp-content\/uploads\/2023\/12\/exceladvisor.org_.png","contentUrl":"https:\/\/exceladvisor.org\/tr\/wp-content\/uploads\/2023\/12\/exceladvisor.org_.png","width":105,"height":36,"caption":"Excel Advisor"},"image":{"@id":"https:\/\/exceladvisor.org\/tr\/#\/schema\/logo\/image\/"}}]}},"yoast_meta":{"yoast_wpseo_title":"","yoast_wpseo_metadesc":"","yoast_wpseo_canonical":""},"_links":{"self":[{"href":"https:\/\/exceladvisor.org\/tr\/wp-json\/wp\/v2\/pages\/1498","targetHints":{"allow":["GET"]}}],"collection":[{"href":"https:\/\/exceladvisor.org\/tr\/wp-json\/wp\/v2\/pages"}],"about":[{"href":"https:\/\/exceladvisor.org\/tr\/wp-json\/wp\/v2\/types\/page"}],"author":[{"embeddable":true,"href":"https:\/\/exceladvisor.org\/tr\/wp-json\/wp\/v2\/users\/1"}],"replies":[{"embeddable":true,"href":"https:\/\/exceladvisor.org\/tr\/wp-json\/wp\/v2\/comments?post=1498"}],"version-history":[{"count":1,"href":"https:\/\/exceladvisor.org\/tr\/wp-json\/wp\/v2\/pages\/1498\/revisions"}],"predecessor-version":[{"id":2340,"href":"https:\/\/exceladvisor.org\/tr\/wp-json\/wp\/v2\/pages\/1498\/revisions\/2340"}],"wp:attachment":[{"href":"https:\/\/exceladvisor.org\/tr\/wp-json\/wp\/v2\/media?parent=1498"}],"curies":[{"name":"wp","href":"https:\/\/api.w.org\/{rel}","templated":true}]}}