{"id":1499,"date":"2023-11-20T03:23:44","date_gmt":"2023-11-20T03:23:44","guid":{"rendered":"https:\/\/exceladvisor.org\/tr\/julyen-randevusu-2\/"},"modified":"2023-12-10T05:59:03","modified_gmt":"2023-12-10T05:59:03","slug":"julyen-randevusu-2","status":"publish","type":"page","link":"https:\/\/exceladvisor.org\/tr\/julyen-randevusu-2\/","title":{"rendered":"Bir tarihi j\u00fclyen tarihine nas\u0131l d\u00f6n\u00fc\u015ft\u00fcrebilirim?"},"content":{"rendered":"<div class=\"excel-icerikten-once\" id=\"excel-1129975280\"><script type=\"text\/javascript\">\r\n\tatOptions = {\r\n\t\t'key' : 'c1158f160081d6540a8409e6925dab94',\r\n\t\t'format' : 'iframe',\r\n\t\t'height' : 250,\r\n\t\t'width' : 300,\r\n\t\t'params' : {}\r\n\t};\r\n<\/script>\r\n<script type=\"text\/javascript\" src=\"\/\/www.highperformanceformat.com\/c1158f160081d6540a8409e6925dab94\/invoke.js\"><\/script><\/div> <p>Excel&#8217;de normal bir tarihi J\u00fclyen tarihine d\u00f6n\u00fc\u015ft\u00fcrmek istiyorsan\u0131z tarihten y\u0131l ve g\u00fcn numaras\u0131n\u0131 alman\u0131z gerekir. Daha sonra y\u0131l\u0131n ilk, g\u00fcn say\u0131s\u0131n\u0131n ikinci oldu\u011fu ikisini birle\u015ftirin. A\u015fa\u011f\u0131da J\u00fclyen tarihinin format\u0131 verilmi\u015ftir. <\/p><div class=\"wp-block-image\"><figure class=\"aligncenter size-full is-resized\"><img loading=\"lazy\" decoding=\"async\" class=\"wp-image-83047\" src=\"https:\/\/exceladvisor.org\/wp-content\/uploads\/2023\/08\/1-format-de-date-julien.png\" sizes=\"auto, \" srcset=\"\" alt=\"format-tarih-julien\" width=\"501\" height=\"174\"><\/figure><\/div><p> Bunun d\u0131\u015f\u0131nda a\u015fa\u011f\u0131daki format\u0131 da kullanabilirsiniz. Julian&#8217;\u0131n tarihi i\u00e7in kullanabilece\u011finiz \u00e7e\u015fitli formatlar vard\u0131r. <\/p><div class=\"wp-block-image\"><figure class=\"aligncenter size-full is-resized\"><img loading=\"lazy\" decoding=\"async\" class=\"wp-image-83048\" src=\"https:\/\/exceladvisor.org\/wp-content\/uploads\/2023\/08\/2-format-supplementaire-de-date-julienne.png\" sizes=\"auto, \" srcset=\"\" alt=\"J\u00fclyen-tarihi-ek-bi\u00e7imi\" width=\"498\" height=\"172\"><\/figure><\/div><h2 class=\"wp-block-heading\"> J\u00fclyen tarihi i\u00e7in Excel form\u00fcl\u00fc<\/h2><p> Bu form\u00fcl\u00fc yazma ad\u0131mlar\u0131 \u015funlard\u0131r:<\/p><ol type=\"1\"><li> \u0130lk olarak, TEXT(A1,&#8221;YYYY&#8221;) tarihinden itibaren y\u0131l\u0131 almak i\u00e7in bir h\u00fccreye TEXT i\u015flevini girin.<\/li><li> Bundan sonra, y\u0131l\u0131n g\u00fcn\u00fcn\u00fc almak \u00fczere ikinci form\u00fcle girmek i\u00e7in ve i\u015fareti (&amp;) girin.<\/li><li> \u015eimdi burada MET\u0130N&#8217;i TAR\u0130H ve YIL ile tekrar kullanman\u0131z gerekiyor.<\/li><li> Bu nedenle, <a href=\"https:\/\/exceladvisor.org\/tr\/yilin-gununun-numarasini-al\/\">y\u0131l\u0131n g\u00fcn\u00fcn\u00fc almak<\/a> i\u00e7in bu ve i\u015faretinden sonra TEXT(A1-DATE(YEAR(A1),1,0), \u00bb000\u2033) form\u00fcl\u00fcn\u00fc girin. <\/li><\/ol><div class=\"wp-block-image\"><figure class=\"aligncenter size-full is-resized\"><img loading=\"lazy\" decoding=\"async\" class=\"wp-image-83049\" src=\"https:\/\/exceladvisor.org\/wp-content\/uploads\/2023\/08\/3-formule-pour-la-date-julienne.png\" sizes=\"auto, \" srcset=\"\" alt=\"julian-tarihi form\u00fcl\u00fc\" width=\"628\" height=\"140\"><\/figure><\/div><p> Bunu almak i\u00e7in Enter tu\u015funa bast\u0131\u011f\u0131n\u0131z anda bir say\u0131, bir J\u00fclyen tarihi d\u00f6nd\u00fcr\u00fcl\u00fcr. Ve bu tarihte ilk d\u00f6rt hane y\u0131l\u0131, sonraki \u00fc\u00e7 hane ise y\u0131l\u0131n g\u00fcn say\u0131s\u0131n\u0131 g\u00f6stermektedir. <\/p><div class=\"wp-block-image\"><figure class=\"aligncenter size-full is-resized\"><img loading=\"lazy\" decoding=\"async\" class=\"wp-image-83050\" src=\"https:\/\/exceladvisor.org\/wp-content\/uploads\/2023\/08\/4-nombre-comme-date-julienne.png\" sizes=\"auto, \" srcset=\"\" alt=\"say\u0131ya benzeyen tarih julienne\" width=\"590\" height=\"162\"><\/figure><\/div><pre class=\"wp-block-code\"> <code class=\"language-excel-formula\" lang=\"excel-formula\">=TEXT(A1,\"YYYY\")&amp;TEXT(A1-DATE(YEAR(A1),1,0),\"000\")<\/code><\/pre><p> Bu form\u00fcl\u00fc anlamak i\u00e7in onu iki b\u00f6l\u00fcme ay\u0131rman\u0131z gerekir: <\/p><div class=\"wp-block-image\"><figure class=\"aligncenter size-full is-resized\"><img loading=\"lazy\" decoding=\"async\" class=\"wp-image-83051\" src=\"https:\/\/exceladvisor.org\/wp-content\/uploads\/2023\/08\/5-formule-divisee-en-deux-parties.png\" sizes=\"auto, \" srcset=\"\" alt=\"iki par\u00e7aya b\u00f6l\u00fcnm\u00fc\u015f form\u00fcl\" width=\"622\" height=\"94\"><\/figure><\/div><p> \u0130lk b\u00f6l\u00fcmde tarihten itibaren y\u0131l\u0131 \u201cYYYY\u201d format\u0131nda almak i\u00e7in TEXT fonksiyonunu kulland\u0131n\u0131z. <\/p><div class=\"wp-block-image\"><figure class=\"aligncenter size-full is-resized\"><img loading=\"lazy\" decoding=\"async\" class=\"wp-image-83052\" src=\"https:\/\/exceladvisor.org\/wp-content\/uploads\/2023\/08\/6-fonction-de-texte-pour-obtenir-lannee.png\" sizes=\"auto, \" srcset=\"\" alt=\"y\u0131l-al\u0131nacak metin i\u015flevi\" width=\"679\" height=\"141\"><\/figure><\/div><p> \u0130kinci b\u00f6l\u00fcmde ise TEXT, DATE ve YIL olmak \u00fczere \u00fc\u00e7 fonksiyonu birle\u015ftiriyoruz. YIL, orijinal tarihten itibaren y\u0131l\u0131 d\u00f6nd\u00fcr\u00fcr; bununla DATE y\u0131l\u0131n <sup>1.<\/sup> g\u00fcn\u00fcn\u00fc olu\u015fturur. <\/p><div class=\"wp-block-image\"><figure class=\"aligncenter size-full is-resized\"><img loading=\"lazy\" decoding=\"async\" class=\"wp-image-83053\" src=\"https:\/\/exceladvisor.org\/wp-content\/uploads\/2023\/08\/7-deuxieme-partie-a-des-fonctions-de-date-et-dannee-de-texte.png\" sizes=\"auto, \" srcset=\"\" alt=\"ikinci b\u00f6l\u00fcmde metin-tarih-ve-y\u0131l-i\u015flevleri vard\u0131r\" width=\"686\" height=\"73\"><\/figure><\/div><p> Bundan sonra TEXT bu tarihi kullan\u0131r ve orijinal tarihten \u00e7\u0131kar\u0131r. Ve sonunda, &#8220;000&#8221; bi\u00e7imini kullanmak onu \u00fc\u00e7 basamakl\u0131 bir say\u0131ya, yani y\u0131l\u0131n g\u00fcn\u00fcn\u00fcn say\u0131s\u0131na d\u00f6n\u00fc\u015ft\u00fcr\u00fcr. <\/p><div class=\"wp-block-image\"><figure class=\"aligncenter size-full is-resized\"><img loading=\"lazy\" decoding=\"async\" class=\"wp-image-83055\" src=\"https:\/\/exceladvisor.org\/wp-content\/uploads\/2023\/08\/8-texte-utilise-cette-date.png\" sizes=\"auto, \" srcset=\"\" alt=\"metin-bu-tarihi-kullan\" width=\"699\" height=\"161\"><\/figure><\/div><p> Ve genel olarak bu form\u00fcl, J\u00fclyen tarihi olarak tek bir h\u00fccrede y\u0131l ve g\u00fcn say\u0131s\u0131n\u0131 verir.<\/p><h2 class=\"wp-block-heading\"> J\u00fclyen tarihi di\u011fer formatlarda<\/h2><p> Ba\u015flang\u0131\u00e7ta da s\u00f6yledi\u011fim gibi J\u00fclyen tarihinin \u00e7e\u015fitli formatlar\u0131 vard\u0131r. Ve bunlardan herhangi birini kullanabilirsiniz. \u00d6rne\u011fin, a\u015fa\u011f\u0131daki form\u00fclle y\u0131l\u0131 iki basamakl\u0131 bir say\u0131 olarak ve ard\u0131ndan g\u00fcn\u00fc \u00fc\u00e7 basamakl\u0131 bir say\u0131 olarak i\u00e7eren bir J\u00fclyen tarihi olu\u015fturabilirsiniz. <\/p><div class=\"wp-block-image\"><figure class=\"aligncenter size-full is-resized\"><img loading=\"lazy\" decoding=\"async\" class=\"wp-image-83056\" src=\"https:\/\/exceladvisor.org\/wp-content\/uploads\/2023\/08\/Date-du-9-julien-dans-dautres-formats.png\" sizes=\"auto, \" srcset=\"\" alt=\"julienne-tarihi-di\u011fer-formatlarda\" width=\"683\" height=\"176\"><\/figure><\/div><pre class=\"wp-block-code\"> <code class=\"language-excel-formula\" lang=\"excel-formula\">=TEXT(A1,\"YY\")&amp;TEXT(A1-DATE(YEAR(A1),1,0),\"000\")<\/code><\/pre><h2 class=\"wp-block-heading\"> J\u00fclyen tarihinden itibaren d\u00f6n\u00fc\u015f\u00fcm<\/h2><p> Zaten bir J\u00fclyen tarihiniz varsa ve bunu normal bir tarihe d\u00f6n\u00fc\u015ft\u00fcrmek istiyorsan\u0131z a\u015fa\u011f\u0131daki form\u00fcl\u00fc kullanabilirsiniz: <\/p><div class=\"wp-block-image\"><figure class=\"aligncenter size-full is-resized\"><img loading=\"lazy\" decoding=\"async\" class=\"wp-image-83057\" src=\"https:\/\/exceladvisor.org\/wp-content\/uploads\/2023\/08\/10-reconvertir-a-la-date-normale.png\" sizes=\"auto, \" srcset=\"\" alt=\"normal tarihe yeniden d\u00f6n\u00fc\u015ft\u00fcr\" width=\"473\" height=\"274\"><\/figure><\/div><pre class=\"wp-block-code\"> <code class=\"language-excel-formula\" lang=\"excel-formula\">=DATE(LEFT(A2,4),1,RIGHT(A2,3))<\/code><\/pre><p> Bu form\u00fcl\u00fc anlamak i\u00e7in TARIH i\u015flevini anlaman\u0131z gerekir \u00e7\u00fcnk\u00fc ana i\u015flev DATE i\u015flevidir. <\/p><div class=\"wp-block-image\"><figure class=\"aligncenter size-full is-resized\"><img loading=\"lazy\" decoding=\"async\" class=\"wp-image-83058\" src=\"https:\/\/exceladvisor.org\/wp-content\/uploads\/2023\/08\/11-formule-pour-revenir-a-la-date-normale.png\" sizes=\"auto, \" srcset=\"\" alt=\"normal-tarihe-d\u00f6n\u00fc\u015ft\u00fcr\u00fclecek form\u00fcl\" width=\"570\" height=\"86\"><\/figure><\/div><p> SOL, soldan d\u00f6rt rakam\u0131 \u00e7\u0131kararak tarihten itibaren y\u0131l\u0131 d\u00f6nd\u00fcr\u00fcr. \u00d6rne\u011fin, ikinci arg\u00fcmanda (ay) 1 var, bu da ilk ay (Ocak) anlam\u0131na geliyor.<\/p><p> \u015eimdi \u00fc\u00e7\u00fcnc\u00fc arg\u00fcmanda, y\u0131l\u0131n g\u00fcn\u00fcn\u00fcn say\u0131s\u0131n\u0131 d\u00f6nd\u00fcren SA\u011e&#8217;a sahibiz. Buradaki g\u00fcn say\u0131s\u0131 324&#8217;t\u00fcr; bu, genellikle bir aydaki toplam g\u00fcn say\u0131s\u0131ndan (30\/31) fazlad\u0131r. Ve DATE i\u015flevi bu g\u00fcnleri aylara g\u00f6re ayarlay\u0131p do\u011fru tarihi verecek kadar ak\u0131ll\u0131d\u0131r. <\/p><div class=\"wp-block-image\"><figure class=\"aligncenter size-full is-resized\"><img loading=\"lazy\" decoding=\"async\" class=\"wp-image-83059\" src=\"https:\/\/exceladvisor.org\/wp-content\/uploads\/2023\/08\/Date-du-12-julien-convertie-en-date-normale.png\" sizes=\"auto, \" srcset=\"\" alt=\"julienne-tarihi-normal-tarihe-d\u00f6n\u00fc\u015ft\u00fcr\u00fcld\u00fc\" width=\"544\" height=\"276\"><\/figure><\/div><div class=\"gb-container gb-container-0df56012 gb-container-mt\"> <a class=\"gb-button gb-button-f9f432f4 gb-button-text gb-button-mt-button\" href=\"https:\/\/exceladvisor.org\/tr\/formuller\/\">Excel form\u00fcllerinin listesi<\/a><h2 class=\"gb-headline gb-headline-233444e8 gb-headline-text gb-headline-mt-heading\"> \u0130lgili form\u00fcller <\/h2><div class=\"gb-grid-wrapper gb-grid-wrapper-a16fa65c gb-grid-wrapper-mt-grid\"><div class=\"gb-grid-column gb-grid-column-50d07e0d\"><div class=\"gb-container gb-container-50d07e0d\"><ul><li> <a href=\"https:\/\/exceladvisor.org\/tr\/haftanin-tarihini-ekle\/\">Excel&#8217;deki bir tarihten hafta ekleme-\u00e7\u0131karma<\/a><\/li><li> <a href=\"https:\/\/exceladvisor.org\/tr\/gunun-adini-ogren\/\">Excel&#8217;deki bir tarihten g\u00fcn\u00fcn ad\u0131n\u0131 al\u0131n<\/a><\/li><li> <a href=\"https:\/\/exceladvisor.org\/tr\/ayin-gunleri\/\">Excel&#8217;de aylar\u0131n toplam g\u00fcn say\u0131s\u0131n\u0131 al\u0131n<\/a> <\/li><\/ul><\/div><\/div><div class=\"gb-grid-column gb-grid-column-5b4a0cf9\"><div class=\"gb-container gb-container-5b4a0cf9\"><ul><li> <a href=\"https:\/\/exceladvisor.org\/tr\/geri-sayim-gunleri\/\">Geri say\u0131m g\u00fcnleri<\/a><\/li><li> <a href=\"https:\/\/exceladvisor.org\/tr\/iki-tarih-arasindaki-gun-sayisi\/\">\u0130ki tarih aras\u0131ndaki g\u00fcnleri say\u0131n<\/a><\/li><li> <a href=\"https:\/\/exceladvisor.org\/tr\/onceki-pazar-2\/\">\u00d6nceki Pazar g\u00fcn\u00fcn\u00fc al<\/a><\/li><\/ul><\/div><\/div><\/div><\/div>","protected":false},"excerpt":{"rendered":"","protected":false},"author":1,"featured_media":0,"parent":0,"menu_order":0,"comment_status":"open","ping_status":"closed","template":"","meta":{"ub_ctt_via":"","footnotes":""},"class_list":["post-1499","page","type-page","status-publish","hentry"],"featured_image_src":null,"yoast_head":"<!-- This site is optimized with the Yoast SEO plugin v25.4 - https:\/\/yoast.com\/wordpress\/plugins\/seo\/ -->\n<title>Bir tarihi J\u00fclyen tarihine nas\u0131l d\u00f6n\u00fc\u015ft\u00fcrebilirim? (E\u011fitim 2023)<\/title>\n<meta name=\"description\" content=\"Bu e\u011fitim size normal bir tarihi J\u00fclyen Tarihine d\u00f6n\u00fc\u015ft\u00fcrmek i\u00e7in bir Excel form\u00fcl\u00fcn\u00fcn nas\u0131l yaz\u0131laca\u011f\u0131n\u0131 \u00f6\u011fretecektir. Bunu kontrol edelim\u2026\" \/>\n<meta name=\"robots\" content=\"index, follow, max-snippet:-1, max-image-preview:large, max-video-preview:-1\" \/>\n<link rel=\"canonical\" href=\"https:\/\/exceladvisor.org\/tr\/julyen-randevusu-2\/\" \/>\n<meta property=\"og:locale\" content=\"tr_TR\" \/>\n<meta property=\"og:type\" content=\"article\" \/>\n<meta property=\"og:title\" content=\"Bir tarihi J\u00fclyen tarihine nas\u0131l d\u00f6n\u00fc\u015ft\u00fcrebilirim? (E\u011fitim 2023)\" \/>\n<meta property=\"og:description\" content=\"Bu e\u011fitim size normal bir tarihi J\u00fclyen Tarihine d\u00f6n\u00fc\u015ft\u00fcrmek i\u00e7in bir Excel form\u00fcl\u00fcn\u00fcn nas\u0131l yaz\u0131laca\u011f\u0131n\u0131 \u00f6\u011fretecektir. Bunu kontrol edelim\u2026\" \/>\n<meta property=\"og:url\" content=\"https:\/\/exceladvisor.org\/tr\/julyen-randevusu-2\/\" \/>\n<meta property=\"og:site_name\" content=\"Excel Advisor\" \/>\n<meta property=\"article:modified_time\" content=\"2023-12-10T05:59:03+00:00\" \/>\n<meta property=\"og:image\" content=\"https:\/\/exceladvisor.org\/wp-content\/uploads\/2023\/08\/1-format-de-date-julien.png\" \/>\n<meta name=\"twitter:card\" content=\"summary_large_image\" \/>\n<meta name=\"twitter:label1\" content=\"Tahmini okuma s\u00fcresi\" \/>\n\t<meta name=\"twitter:data1\" content=\"3 dakika\" \/>\n<script type=\"application\/ld+json\" class=\"yoast-schema-graph\">{\"@context\":\"https:\/\/schema.org\",\"@graph\":[{\"@type\":\"WebPage\",\"@id\":\"https:\/\/exceladvisor.org\/tr\/julyen-randevusu-2\/\",\"url\":\"https:\/\/exceladvisor.org\/tr\/julyen-randevusu-2\/\",\"name\":\"Bir tarihi J\u00fclyen tarihine nas\u0131l d\u00f6n\u00fc\u015ft\u00fcrebilirim? (E\u011fitim 2023)\",\"isPartOf\":{\"@id\":\"https:\/\/exceladvisor.org\/tr\/#website\"},\"primaryImageOfPage\":{\"@id\":\"https:\/\/exceladvisor.org\/tr\/julyen-randevusu-2\/#primaryimage\"},\"image\":{\"@id\":\"https:\/\/exceladvisor.org\/tr\/julyen-randevusu-2\/#primaryimage\"},\"thumbnailUrl\":\"https:\/\/exceladvisor.org\/wp-content\/uploads\/2023\/08\/1-format-de-date-julien.png\",\"datePublished\":\"2023-11-20T03:23:44+00:00\",\"dateModified\":\"2023-12-10T05:59:03+00:00\",\"description\":\"Bu e\u011fitim size normal bir tarihi J\u00fclyen Tarihine d\u00f6n\u00fc\u015ft\u00fcrmek i\u00e7in bir Excel form\u00fcl\u00fcn\u00fcn nas\u0131l yaz\u0131laca\u011f\u0131n\u0131 \u00f6\u011fretecektir. Bunu kontrol edelim\u2026\",\"breadcrumb\":{\"@id\":\"https:\/\/exceladvisor.org\/tr\/julyen-randevusu-2\/#breadcrumb\"},\"inLanguage\":\"tr\",\"potentialAction\":[{\"@type\":\"ReadAction\",\"target\":[\"https:\/\/exceladvisor.org\/tr\/julyen-randevusu-2\/\"]}]},{\"@type\":\"ImageObject\",\"inLanguage\":\"tr\",\"@id\":\"https:\/\/exceladvisor.org\/tr\/julyen-randevusu-2\/#primaryimage\",\"url\":\"https:\/\/exceladvisor.org\/wp-content\/uploads\/2023\/08\/1-format-de-date-julien.png\",\"contentUrl\":\"https:\/\/exceladvisor.org\/wp-content\/uploads\/2023\/08\/1-format-de-date-julien.png\"},{\"@type\":\"BreadcrumbList\",\"@id\":\"https:\/\/exceladvisor.org\/tr\/julyen-randevusu-2\/#breadcrumb\",\"itemListElement\":[{\"@type\":\"ListItem\",\"position\":1,\"name\":\"Ev\",\"item\":\"https:\/\/exceladvisor.org\/tr\/\"},{\"@type\":\"ListItem\",\"position\":2,\"name\":\"Bir tarihi j\u00fclyen tarihine nas\u0131l d\u00f6n\u00fc\u015ft\u00fcrebilirim?\"}]},{\"@type\":\"WebSite\",\"@id\":\"https:\/\/exceladvisor.org\/tr\/#website\",\"url\":\"https:\/\/exceladvisor.org\/tr\/\",\"name\":\"Excel Advisor\",\"description\":\"Veri hakimiyetine y\u00f6nelik nihai rehberiniz!\",\"publisher\":{\"@id\":\"https:\/\/exceladvisor.org\/tr\/#organization\"},\"potentialAction\":[{\"@type\":\"SearchAction\",\"target\":{\"@type\":\"EntryPoint\",\"urlTemplate\":\"https:\/\/exceladvisor.org\/tr\/?s={search_term_string}\"},\"query-input\":{\"@type\":\"PropertyValueSpecification\",\"valueRequired\":true,\"valueName\":\"search_term_string\"}}],\"inLanguage\":\"tr\"},{\"@type\":\"Organization\",\"@id\":\"https:\/\/exceladvisor.org\/tr\/#organization\",\"name\":\"Excel Advisor\",\"url\":\"https:\/\/exceladvisor.org\/tr\/\",\"logo\":{\"@type\":\"ImageObject\",\"inLanguage\":\"tr\",\"@id\":\"https:\/\/exceladvisor.org\/tr\/#\/schema\/logo\/image\/\",\"url\":\"https:\/\/exceladvisor.org\/tr\/wp-content\/uploads\/2023\/12\/exceladvisor.org_.png\",\"contentUrl\":\"https:\/\/exceladvisor.org\/tr\/wp-content\/uploads\/2023\/12\/exceladvisor.org_.png\",\"width\":105,\"height\":36,\"caption\":\"Excel Advisor\"},\"image\":{\"@id\":\"https:\/\/exceladvisor.org\/tr\/#\/schema\/logo\/image\/\"}}]}<\/script>\n<!-- \/ Yoast SEO plugin. -->","yoast_head_json":{"title":"Bir tarihi J\u00fclyen tarihine nas\u0131l d\u00f6n\u00fc\u015ft\u00fcrebilirim? (E\u011fitim 2023)","description":"Bu e\u011fitim size normal bir tarihi J\u00fclyen Tarihine d\u00f6n\u00fc\u015ft\u00fcrmek i\u00e7in bir Excel form\u00fcl\u00fcn\u00fcn nas\u0131l yaz\u0131laca\u011f\u0131n\u0131 \u00f6\u011fretecektir. Bunu kontrol edelim\u2026","robots":{"index":"index","follow":"follow","max-snippet":"max-snippet:-1","max-image-preview":"max-image-preview:large","max-video-preview":"max-video-preview:-1"},"canonical":"https:\/\/exceladvisor.org\/tr\/julyen-randevusu-2\/","og_locale":"tr_TR","og_type":"article","og_title":"Bir tarihi J\u00fclyen tarihine nas\u0131l d\u00f6n\u00fc\u015ft\u00fcrebilirim? (E\u011fitim 2023)","og_description":"Bu e\u011fitim size normal bir tarihi J\u00fclyen Tarihine d\u00f6n\u00fc\u015ft\u00fcrmek i\u00e7in bir Excel form\u00fcl\u00fcn\u00fcn nas\u0131l yaz\u0131laca\u011f\u0131n\u0131 \u00f6\u011fretecektir. Bunu kontrol edelim\u2026","og_url":"https:\/\/exceladvisor.org\/tr\/julyen-randevusu-2\/","og_site_name":"Excel Advisor","article_modified_time":"2023-12-10T05:59:03+00:00","og_image":[{"url":"https:\/\/exceladvisor.org\/wp-content\/uploads\/2023\/08\/1-format-de-date-julien.png","type":"","width":"","height":""}],"twitter_card":"summary_large_image","twitter_misc":{"Tahmini okuma s\u00fcresi":"3 dakika"},"schema":{"@context":"https:\/\/schema.org","@graph":[{"@type":"WebPage","@id":"https:\/\/exceladvisor.org\/tr\/julyen-randevusu-2\/","url":"https:\/\/exceladvisor.org\/tr\/julyen-randevusu-2\/","name":"Bir tarihi J\u00fclyen tarihine nas\u0131l d\u00f6n\u00fc\u015ft\u00fcrebilirim? (E\u011fitim 2023)","isPartOf":{"@id":"https:\/\/exceladvisor.org\/tr\/#website"},"primaryImageOfPage":{"@id":"https:\/\/exceladvisor.org\/tr\/julyen-randevusu-2\/#primaryimage"},"image":{"@id":"https:\/\/exceladvisor.org\/tr\/julyen-randevusu-2\/#primaryimage"},"thumbnailUrl":"https:\/\/exceladvisor.org\/wp-content\/uploads\/2023\/08\/1-format-de-date-julien.png","datePublished":"2023-11-20T03:23:44+00:00","dateModified":"2023-12-10T05:59:03+00:00","description":"Bu e\u011fitim size normal bir tarihi J\u00fclyen Tarihine d\u00f6n\u00fc\u015ft\u00fcrmek i\u00e7in bir Excel form\u00fcl\u00fcn\u00fcn nas\u0131l yaz\u0131laca\u011f\u0131n\u0131 \u00f6\u011fretecektir. Bunu kontrol edelim\u2026","breadcrumb":{"@id":"https:\/\/exceladvisor.org\/tr\/julyen-randevusu-2\/#breadcrumb"},"inLanguage":"tr","potentialAction":[{"@type":"ReadAction","target":["https:\/\/exceladvisor.org\/tr\/julyen-randevusu-2\/"]}]},{"@type":"ImageObject","inLanguage":"tr","@id":"https:\/\/exceladvisor.org\/tr\/julyen-randevusu-2\/#primaryimage","url":"https:\/\/exceladvisor.org\/wp-content\/uploads\/2023\/08\/1-format-de-date-julien.png","contentUrl":"https:\/\/exceladvisor.org\/wp-content\/uploads\/2023\/08\/1-format-de-date-julien.png"},{"@type":"BreadcrumbList","@id":"https:\/\/exceladvisor.org\/tr\/julyen-randevusu-2\/#breadcrumb","itemListElement":[{"@type":"ListItem","position":1,"name":"Ev","item":"https:\/\/exceladvisor.org\/tr\/"},{"@type":"ListItem","position":2,"name":"Bir tarihi j\u00fclyen tarihine nas\u0131l d\u00f6n\u00fc\u015ft\u00fcrebilirim?"}]},{"@type":"WebSite","@id":"https:\/\/exceladvisor.org\/tr\/#website","url":"https:\/\/exceladvisor.org\/tr\/","name":"Excel Advisor","description":"Veri hakimiyetine y\u00f6nelik nihai rehberiniz!","publisher":{"@id":"https:\/\/exceladvisor.org\/tr\/#organization"},"potentialAction":[{"@type":"SearchAction","target":{"@type":"EntryPoint","urlTemplate":"https:\/\/exceladvisor.org\/tr\/?s={search_term_string}"},"query-input":{"@type":"PropertyValueSpecification","valueRequired":true,"valueName":"search_term_string"}}],"inLanguage":"tr"},{"@type":"Organization","@id":"https:\/\/exceladvisor.org\/tr\/#organization","name":"Excel Advisor","url":"https:\/\/exceladvisor.org\/tr\/","logo":{"@type":"ImageObject","inLanguage":"tr","@id":"https:\/\/exceladvisor.org\/tr\/#\/schema\/logo\/image\/","url":"https:\/\/exceladvisor.org\/tr\/wp-content\/uploads\/2023\/12\/exceladvisor.org_.png","contentUrl":"https:\/\/exceladvisor.org\/tr\/wp-content\/uploads\/2023\/12\/exceladvisor.org_.png","width":105,"height":36,"caption":"Excel Advisor"},"image":{"@id":"https:\/\/exceladvisor.org\/tr\/#\/schema\/logo\/image\/"}}]}},"yoast_meta":{"yoast_wpseo_title":"","yoast_wpseo_metadesc":"","yoast_wpseo_canonical":""},"_links":{"self":[{"href":"https:\/\/exceladvisor.org\/tr\/wp-json\/wp\/v2\/pages\/1499","targetHints":{"allow":["GET"]}}],"collection":[{"href":"https:\/\/exceladvisor.org\/tr\/wp-json\/wp\/v2\/pages"}],"about":[{"href":"https:\/\/exceladvisor.org\/tr\/wp-json\/wp\/v2\/types\/page"}],"author":[{"embeddable":true,"href":"https:\/\/exceladvisor.org\/tr\/wp-json\/wp\/v2\/users\/1"}],"replies":[{"embeddable":true,"href":"https:\/\/exceladvisor.org\/tr\/wp-json\/wp\/v2\/comments?post=1499"}],"version-history":[{"count":1,"href":"https:\/\/exceladvisor.org\/tr\/wp-json\/wp\/v2\/pages\/1499\/revisions"}],"predecessor-version":[{"id":2292,"href":"https:\/\/exceladvisor.org\/tr\/wp-json\/wp\/v2\/pages\/1499\/revisions\/2292"}],"wp:attachment":[{"href":"https:\/\/exceladvisor.org\/tr\/wp-json\/wp\/v2\/media?parent=1499"}],"curies":[{"name":"wp","href":"https:\/\/api.w.org\/{rel}","templated":true}]}}