{"id":1503,"date":"2023-11-20T01:48:26","date_gmt":"2023-11-20T01:48:26","guid":{"rendered":"https:\/\/exceladvisor.org\/tr\/2-ise-birlestir\/"},"modified":"2023-12-10T06:04:26","modified_gmt":"2023-12-10T06:04:26","slug":"2-ise-birlestir","status":"publish","type":"page","link":"https:\/\/exceladvisor.org\/tr\/2-ise-birlestir\/","title":{"rendered":"Kombi\u0307nasyon if ko\u015fuluyla nas\u0131l kullan\u0131l\u0131r?"},"content":{"rendered":"<div class=\"excel-icerikten-once\" id=\"excel-3797209514\"><script type=\"text\/javascript\">\r\n\tatOptions = {\r\n\t\t'key' : 'c1158f160081d6540a8409e6925dab94',\r\n\t\t'format' : 'iframe',\r\n\t\t'height' : 250,\r\n\t\t'width' : 300,\r\n\t\t'params' : {}\r\n\t};\r\n<\/script>\r\n<script type=\"text\/javascript\" src=\"\/\/www.highperformanceformat.com\/c1158f160081d6540a8409e6925dab94\/invoke.js\"><\/script><\/div> <p>Excel&#8217;de birle\u015ftirme if form\u00fcl\u00fcn\u00fc kullanman\u0131n iki y\u00f6ntemi vard\u0131r.<\/p><ul><li> S\u00fctuna g\u00f6re<\/li><li> Sat\u0131rlara g\u00f6re<\/li><\/ul><p> Ve bu form\u00fclleri yazmak i\u00e7in iki farkl\u0131 fonksiyonumuz var. Bu derste d\u00f6rt y\u00f6ntemi de \u00f6\u011frenece\u011fiz.<\/p><h2 class=\"wp-block-heading\"> CONCAT i\u015flevini kullanarak IF ile birle\u015ftirin<\/h2><h3 class=\"wp-block-heading\"> 1. S\u00fctuna g\u00f6re<\/h3><p> Bu form\u00fcl olduk\u00e7a basittir. Burada A s\u00fctununda \u201cA\u201d de\u011ferinin olup olmad\u0131\u011f\u0131n\u0131 test ediyoruz. E\u011fer varsa A ve B s\u00fctunlar\u0131ndaki de\u011ferleri birle\u015ftirin. <\/p><div class=\"wp-block-image\"><figure class=\"aligncenter size-full is-resized\"><img loading=\"lazy\" decoding=\"async\" class=\"wp-image-83621\" src=\"https:\/\/exceladvisor.org\/wp-content\/uploads\/2023\/08\/1-concatener-avec-if.png\" sizes=\"auto, \" srcset=\"\" alt=\"if ile birle\u015ftir\" width=\"506\" height=\"385\"><\/figure><\/div><p> CONCAT ve IF fonksiyonlar\u0131n\u0131 kulland\u0131k. IF fonksiyonunda A1 h\u00fccresinin de\u011ferinin &#8220;A&#8221; olup olmad\u0131\u011f\u0131n\u0131 test etmek i\u00e7in bir ko\u015ful belirledik. <\/p><div class=\"wp-block-image\"><figure class=\"aligncenter size-full is-resized\"><img loading=\"lazy\" decoding=\"async\" class=\"wp-image-83622\" src=\"https:\/\/exceladvisor.org\/wp-content\/uploads\/2023\/08\/2-concatener-et-si-combine.png\" sizes=\"auto, \" srcset=\"\" alt=\"birle\u015ftir-ve-e\u011fer-birle\u015ftir\" width=\"344\" height=\"75\"><\/figure><\/div><p> De\u011fer A ise A1:B1; aral\u0131\u011f\u0131n\u0131 d\u00f6nd\u00fcr\u00fcn. aksi takdirde bo\u015f bir de\u011fer. Sonu\u00e7ta CONCAT, IF taraf\u0131ndan d\u00f6nd\u00fcr\u00fclen aral\u0131\u011f\u0131 kullan\u0131r ve de\u011ferleri birle\u015ftirir.<\/p><pre class=\"wp-block-code\"> <code class=\"language-excel-formula\" lang=\"excel-formula\">=CONCAT(IF(A1=\"A\",A1:B1,\"\"))<\/code><\/pre><h3 class=\"wp-block-heading\"> 2. Sat\u0131rlara g\u00f6re (+ s\u00fctunlar)<\/h3><p> \u015eimdi bir ko\u015ful kullanarak t\u00fcm sat\u0131rlar\u0131n de\u011ferlerini birle\u015ftirmek istedi\u011finizi varsayal\u0131m. Bu durumda ayn\u0131 form\u00fcl\u00fc kullanabilirsiniz ancak t\u00fcm aral\u0131\u011fa ba\u015fvurman\u0131z gerekir. <\/p><div class=\"wp-block-image\"><figure class=\"aligncenter size-full is-resized\"><img loading=\"lazy\" decoding=\"async\" class=\"wp-image-83623\" src=\"https:\/\/exceladvisor.org\/wp-content\/uploads\/2023\/08\/3-valeurs-de-concatenation-a-laide-dune-condition.png\" sizes=\"auto, \" srcset=\"\" alt=\"bir-ko\u015ful kullanarak-de\u011ferleri-birle\u015ftirme\" width=\"542\" height=\"401\"><\/figure><\/div><pre class=\"wp-block-code\"> <code class=\"language-excel-formula\" lang=\"excel-formula\">=CONCAT(IF(A1:A4=\"A\",A1:B4,\"\"))<\/code><\/pre><p> Bu form\u00fclde IF, A1:A4 aral\u0131\u011f\u0131n\u0131n tamam\u0131ndaki A&#8217; de\u011ferini kontrol eder. De\u011ferin bulundu\u011fu h\u00fccre i\u00e7in TRUE, geri kalan\u0131 i\u00e7in FALSE. <\/p><div class=\"wp-block-image\"><figure class=\"aligncenter size-full is-resized\"><img loading=\"lazy\" decoding=\"async\" class=\"wp-image-83624\" src=\"https:\/\/exceladvisor.org\/wp-content\/uploads\/2023\/08\/4-concat-avec-if-pour-verifier-letat.png\" sizes=\"auto, \" srcset=\"\" alt=\"kontrol edilecekse-ko\u015fulu ile birle\u015ftir\" width=\"567\" height=\"116\"><\/figure><\/div><p> Daha sonra, A s\u00fctununda de\u011ferin &#8220;A&#8221; oldu\u011fu A1:B4 aral\u0131\u011f\u0131ndaki sat\u0131rlar\u0131 d\u00f6nd\u00fcr\u00fcr. <\/p><div class=\"wp-block-image\"><figure class=\"aligncenter size-full is-resized\"><img loading=\"lazy\" decoding=\"async\" class=\"wp-image-83625\" src=\"https:\/\/exceladvisor.org\/wp-content\/uploads\/2023\/08\/5-lignes-renvoyees-par-condition-appliquee.png\" sizes=\"auto, \" srcset=\"\" alt=\"uygulanan ko\u015fula g\u00f6re d\u00f6nd\u00fcr\u00fclen sat\u0131rlar\" width=\"455\" height=\"342\"><\/figure><\/div><h2 class=\"wp-block-heading\"> TEXTJOIN i\u015flevini kullanarak IF ile birle\u015ftirin<\/h2><h3 class=\"wp-block-heading\"> 1. S\u00fctunlara g\u00f6re<\/h3><p> TEXTJOIN i\u015flevini ekledikten sonra s\u0131n\u0131rlay\u0131c\u0131y\u0131 belirtmeniz gerekir. Ayr\u0131ca bo\u015f h\u00fccreleri yok saymak isteyip istemedi\u011finize de bak\u0131n. Bundan sonra IF fonksiyonunu \u00f6nceki y\u00f6ntemde kulland\u0131\u011f\u0131n\u0131z gibi kullanman\u0131z gerekir. <\/p><div class=\"wp-block-image\"><figure class=\"aligncenter size-full is-resized\"><img loading=\"lazy\" decoding=\"async\" class=\"wp-image-83626\" src=\"https:\/\/exceladvisor.org\/wp-content\/uploads\/2023\/08\/6-concatener-avec-si-vous-utilisez-textjoin.png\" sizes=\"auto, \" srcset=\"\" alt=\"e\u011fer-kullan\u0131l\u0131rsa-textjoin ile birle\u015ftirme\" width=\"508\" height=\"394\"><\/figure><\/div><pre class=\"wp-block-code\"> <code class=\"language-excel-formula\" lang=\"excel-formula\">=TEXTJOIN(\",\",TRUE,IF(A1=\"A\",A1:B1,\"\"))<\/code><\/pre><p> IF yaln\u0131zca A s\u00fctunundaki bir h\u00fccre &#8220;A&#8221; de\u011ferine sahipse aral\u0131k de\u011ferlerini d\u00f6nd\u00fcr\u00fcr.<\/p><h3 class=\"wp-block-heading\"> 2. Sat\u0131rlara g\u00f6re<\/h3><p> Benzer \u015fekilde, bir ko\u015fulu kullanarak birden \u00e7ok sat\u0131rdaki de\u011ferleri birle\u015ftirebilirsiniz.<\/p><p> \u00d6rne\u011fin a\u015fa\u011f\u0131daki form\u00fclde test edilecek durum i\u00e7in A1:A4 aral\u0131\u011f\u0131n\u0131n tamam\u0131na referans verdiniz. Ve de\u011ferin birle\u015ftirilmesi i\u00e7in A1:B4 aral\u0131\u011f\u0131na. <\/p><pre class=\"wp-block-code\"> <code class=\"language-excel-formula\" lang=\"excel-formula\">=TEXTJOIN(\",\",TRUE,IF(A1:A4=\"A\",A1:B4,\"\"))<\/code><\/pre><div class=\"wp-block-image\"><figure class=\"aligncenter size-full is-resized\"><img loading=\"lazy\" decoding=\"async\" class=\"wp-image-83627\" src=\"https:\/\/exceladvisor.org\/wp-content\/uploads\/2023\/08\/7-textjoin-avec-si-par-lignes.png\" sizes=\"auto, \" srcset=\"\" alt=\"sat\u0131rlarla-if-ile metin birle\u015ftirme\" width=\"550\" height=\"365\"><\/figure><\/div><p> Sonu\u00e7ta A1, B1, A3 ve B3 h\u00fccrelerinden A,1,A,3 de\u011ferlerini elde ediyoruz.<\/p><p> IF fonksiyonu ile A s\u00fctunundaki bir ko\u015fulu test ettik. A s\u00fctunundaki h\u00fccrenin de\u011ferinin &#8220;A&#8221; oldu\u011fu sat\u0131rlar\u0131n de\u011ferlerini d\u00f6nd\u00fcr\u00fcyor. <\/p><div class=\"wp-block-image\"><figure class=\"aligncenter size-full is-resized\"><img loading=\"lazy\" decoding=\"async\" class=\"wp-image-83628\" src=\"https:\/\/exceladvisor.org\/wp-content\/uploads\/2023\/08\/8-concatener-la-valeur-resultante.png\" sizes=\"auto, \" srcset=\"\" alt=\"birle\u015ftirme-sonu\u00e7-de\u011feri\" width=\"565\" height=\"158\"><\/figure><\/div><p> TEXTJOIN bo\u015f de\u011ferleri yok sayar ve s\u0131n\u0131rlay\u0131c\u0131y\u0131 kullanarak t\u00fcm de\u011ferleri tek bir de\u011ferde birle\u015ftirir. <\/p><div class=\"gb-container gb-container-52dfcee1 gb-container-sample-file\"><h2 class=\"gb-headline gb-headline-e289c143 gb-headline-text gb-headline-4f7959c2\"> <a class=\"gb-button gb-button-f9f432f4 gb-button-text gb-button-mt-button\" style=\"font-size: 16px;\" href=\"https:\/\/exceladvisor.org\/tr\/formuller\/\">Excel form\u00fcllerinin listesi<\/a> <\/h2><\/div><div class=\"gb-container gb-container-0df56012 gb-container-mt\"><h2 class=\"gb-headline gb-headline-233444e8 gb-headline-text gb-headline-mt-heading\"> \u0130lgili form\u00fcller <\/h2><div class=\"gb-grid-wrapper gb-grid-wrapper-a16fa65c gb-grid-wrapper-mt-grid\"><div class=\"gb-grid-column gb-grid-column-50d07e0d\"><div class=\"gb-container gb-container-50d07e0d\"><ul><li> <a href=\"https:\/\/exceladvisor.org\/tr\/sifirsa-o-zaman-bos\/\">IF 0 (s\u0131f\u0131r) de\u011ferini kontrol edin ve ard\u0131ndan Excel&#8217;de bo\u015f b\u0131rak\u0131n<\/a><\/li><li> <a href=\"https:\/\/exceladvisor.org\/tr\/bir-aralikta-bir-degerin-olup-olmadigini-kontrol-edin\/\">Excel&#8217;de bir aral\u0131kta bir de\u011ferin olup olmad\u0131\u011f\u0131n\u0131 kontrol edin<\/a><\/li><li> <a href=\"https:\/\/exceladvisor.org\/tr\/eger-ve-1\/\">Excel&#8217;de E\u011eER ve VE i\u015flevlerini birle\u015ftirme<\/a><\/li><li> <a href=\"https:\/\/exceladvisor.org\/tr\/eger-veya-1\/\">Excel&#8217;de IF ve OR i\u015flevlerini birle\u015ftirme<\/a><\/li><li> <a href=\"https:\/\/exceladvisor.org\/tr\/hucre-bossa\/\">IF H\u00fccresi Excel&#8217;de IF + ISBLANK kullan\u0131larak bo\u015f (bo\u015f)<\/a> <\/li><\/ul><\/div><\/div><div class=\"gb-grid-column gb-grid-column-5b4a0cf9\"><div class=\"gb-container gb-container-5b4a0cf9\"><\/div><\/div><\/div><\/div>","protected":false},"excerpt":{"rendered":"","protected":false},"author":1,"featured_media":0,"parent":0,"menu_order":0,"comment_status":"open","ping_status":"closed","template":"","meta":{"ub_ctt_via":"","footnotes":""},"class_list":["post-1503","page","type-page","status-publish","hentry"],"featured_image_src":null,"yoast_head":"<!-- This site is optimized with the Yoast SEO plugin v25.4 - https:\/\/yoast.com\/wordpress\/plugins\/seo\/ -->\n<title>\u25b7 KOMB\u0130NASYON IF ko\u015fuluyla nas\u0131l kullan\u0131l\u0131r?<\/title>\n<meta name=\"description\" content=\"Bu e\u011fitim size CONCATENATE IF&#039;yi kullanmak i\u00e7in bir Excel form\u00fcl\u00fcn\u00fcn nas\u0131l yaz\u0131laca\u011f\u0131n\u0131 \u00f6\u011fretecektir. Bu kombinasyon a\u015fa\u011f\u0131daki durumlar i\u00e7in yararl\u0131 olabilir:\" \/>\n<meta name=\"robots\" content=\"index, follow, max-snippet:-1, max-image-preview:large, max-video-preview:-1\" \/>\n<link rel=\"canonical\" href=\"https:\/\/exceladvisor.org\/tr\/2-ise-birlestir\/\" \/>\n<meta property=\"og:locale\" content=\"tr_TR\" \/>\n<meta property=\"og:type\" content=\"article\" \/>\n<meta property=\"og:title\" content=\"\u25b7 KOMB\u0130NASYON IF ko\u015fuluyla nas\u0131l kullan\u0131l\u0131r?\" \/>\n<meta property=\"og:description\" content=\"Bu e\u011fitim size CONCATENATE IF&#039;yi kullanmak i\u00e7in bir Excel form\u00fcl\u00fcn\u00fcn nas\u0131l yaz\u0131laca\u011f\u0131n\u0131 \u00f6\u011fretecektir. Bu kombinasyon a\u015fa\u011f\u0131daki durumlar i\u00e7in yararl\u0131 olabilir:\" \/>\n<meta property=\"og:url\" content=\"https:\/\/exceladvisor.org\/tr\/2-ise-birlestir\/\" \/>\n<meta property=\"og:site_name\" content=\"Excel Advisor\" \/>\n<meta property=\"article:modified_time\" content=\"2023-12-10T06:04:26+00:00\" \/>\n<meta property=\"og:image\" content=\"https:\/\/exceladvisor.org\/wp-content\/uploads\/2023\/08\/1-concatener-avec-if.png\" \/>\n<meta name=\"twitter:card\" content=\"summary_large_image\" \/>\n<meta name=\"twitter:label1\" content=\"Tahmini okuma s\u00fcresi\" \/>\n\t<meta name=\"twitter:data1\" content=\"3 dakika\" \/>\n<script type=\"application\/ld+json\" class=\"yoast-schema-graph\">{\"@context\":\"https:\/\/schema.org\",\"@graph\":[{\"@type\":\"WebPage\",\"@id\":\"https:\/\/exceladvisor.org\/tr\/2-ise-birlestir\/\",\"url\":\"https:\/\/exceladvisor.org\/tr\/2-ise-birlestir\/\",\"name\":\"\u25b7 KOMB\u0130NASYON IF ko\u015fuluyla nas\u0131l kullan\u0131l\u0131r?\",\"isPartOf\":{\"@id\":\"https:\/\/exceladvisor.org\/tr\/#website\"},\"primaryImageOfPage\":{\"@id\":\"https:\/\/exceladvisor.org\/tr\/2-ise-birlestir\/#primaryimage\"},\"image\":{\"@id\":\"https:\/\/exceladvisor.org\/tr\/2-ise-birlestir\/#primaryimage\"},\"thumbnailUrl\":\"https:\/\/exceladvisor.org\/wp-content\/uploads\/2023\/08\/1-concatener-avec-if.png\",\"datePublished\":\"2023-11-20T01:48:26+00:00\",\"dateModified\":\"2023-12-10T06:04:26+00:00\",\"description\":\"Bu e\u011fitim size CONCATENATE IF&#39;yi kullanmak i\u00e7in bir Excel form\u00fcl\u00fcn\u00fcn nas\u0131l yaz\u0131laca\u011f\u0131n\u0131 \u00f6\u011fretecektir. Bu kombinasyon a\u015fa\u011f\u0131daki durumlar i\u00e7in yararl\u0131 olabilir:\",\"breadcrumb\":{\"@id\":\"https:\/\/exceladvisor.org\/tr\/2-ise-birlestir\/#breadcrumb\"},\"inLanguage\":\"tr\",\"potentialAction\":[{\"@type\":\"ReadAction\",\"target\":[\"https:\/\/exceladvisor.org\/tr\/2-ise-birlestir\/\"]}]},{\"@type\":\"ImageObject\",\"inLanguage\":\"tr\",\"@id\":\"https:\/\/exceladvisor.org\/tr\/2-ise-birlestir\/#primaryimage\",\"url\":\"https:\/\/exceladvisor.org\/wp-content\/uploads\/2023\/08\/1-concatener-avec-if.png\",\"contentUrl\":\"https:\/\/exceladvisor.org\/wp-content\/uploads\/2023\/08\/1-concatener-avec-if.png\"},{\"@type\":\"BreadcrumbList\",\"@id\":\"https:\/\/exceladvisor.org\/tr\/2-ise-birlestir\/#breadcrumb\",\"itemListElement\":[{\"@type\":\"ListItem\",\"position\":1,\"name\":\"Ev\",\"item\":\"https:\/\/exceladvisor.org\/tr\/\"},{\"@type\":\"ListItem\",\"position\":2,\"name\":\"Kombi\u0307nasyon if ko\u015fuluyla nas\u0131l kullan\u0131l\u0131r?\"}]},{\"@type\":\"WebSite\",\"@id\":\"https:\/\/exceladvisor.org\/tr\/#website\",\"url\":\"https:\/\/exceladvisor.org\/tr\/\",\"name\":\"Excel Advisor\",\"description\":\"Veri hakimiyetine y\u00f6nelik nihai rehberiniz!\",\"publisher\":{\"@id\":\"https:\/\/exceladvisor.org\/tr\/#organization\"},\"potentialAction\":[{\"@type\":\"SearchAction\",\"target\":{\"@type\":\"EntryPoint\",\"urlTemplate\":\"https:\/\/exceladvisor.org\/tr\/?s={search_term_string}\"},\"query-input\":{\"@type\":\"PropertyValueSpecification\",\"valueRequired\":true,\"valueName\":\"search_term_string\"}}],\"inLanguage\":\"tr\"},{\"@type\":\"Organization\",\"@id\":\"https:\/\/exceladvisor.org\/tr\/#organization\",\"name\":\"Excel Advisor\",\"url\":\"https:\/\/exceladvisor.org\/tr\/\",\"logo\":{\"@type\":\"ImageObject\",\"inLanguage\":\"tr\",\"@id\":\"https:\/\/exceladvisor.org\/tr\/#\/schema\/logo\/image\/\",\"url\":\"https:\/\/exceladvisor.org\/tr\/wp-content\/uploads\/2023\/12\/exceladvisor.org_.png\",\"contentUrl\":\"https:\/\/exceladvisor.org\/tr\/wp-content\/uploads\/2023\/12\/exceladvisor.org_.png\",\"width\":105,\"height\":36,\"caption\":\"Excel Advisor\"},\"image\":{\"@id\":\"https:\/\/exceladvisor.org\/tr\/#\/schema\/logo\/image\/\"}}]}<\/script>\n<!-- \/ Yoast SEO plugin. -->","yoast_head_json":{"title":"\u25b7 KOMB\u0130NASYON IF ko\u015fuluyla nas\u0131l kullan\u0131l\u0131r?","description":"Bu e\u011fitim size CONCATENATE IF&#39;yi kullanmak i\u00e7in bir Excel form\u00fcl\u00fcn\u00fcn nas\u0131l yaz\u0131laca\u011f\u0131n\u0131 \u00f6\u011fretecektir. Bu kombinasyon a\u015fa\u011f\u0131daki durumlar i\u00e7in yararl\u0131 olabilir:","robots":{"index":"index","follow":"follow","max-snippet":"max-snippet:-1","max-image-preview":"max-image-preview:large","max-video-preview":"max-video-preview:-1"},"canonical":"https:\/\/exceladvisor.org\/tr\/2-ise-birlestir\/","og_locale":"tr_TR","og_type":"article","og_title":"\u25b7 KOMB\u0130NASYON IF ko\u015fuluyla nas\u0131l kullan\u0131l\u0131r?","og_description":"Bu e\u011fitim size CONCATENATE IF&#39;yi kullanmak i\u00e7in bir Excel form\u00fcl\u00fcn\u00fcn nas\u0131l yaz\u0131laca\u011f\u0131n\u0131 \u00f6\u011fretecektir. Bu kombinasyon a\u015fa\u011f\u0131daki durumlar i\u00e7in yararl\u0131 olabilir:","og_url":"https:\/\/exceladvisor.org\/tr\/2-ise-birlestir\/","og_site_name":"Excel Advisor","article_modified_time":"2023-12-10T06:04:26+00:00","og_image":[{"url":"https:\/\/exceladvisor.org\/wp-content\/uploads\/2023\/08\/1-concatener-avec-if.png","type":"","width":"","height":""}],"twitter_card":"summary_large_image","twitter_misc":{"Tahmini okuma s\u00fcresi":"3 dakika"},"schema":{"@context":"https:\/\/schema.org","@graph":[{"@type":"WebPage","@id":"https:\/\/exceladvisor.org\/tr\/2-ise-birlestir\/","url":"https:\/\/exceladvisor.org\/tr\/2-ise-birlestir\/","name":"\u25b7 KOMB\u0130NASYON IF ko\u015fuluyla nas\u0131l kullan\u0131l\u0131r?","isPartOf":{"@id":"https:\/\/exceladvisor.org\/tr\/#website"},"primaryImageOfPage":{"@id":"https:\/\/exceladvisor.org\/tr\/2-ise-birlestir\/#primaryimage"},"image":{"@id":"https:\/\/exceladvisor.org\/tr\/2-ise-birlestir\/#primaryimage"},"thumbnailUrl":"https:\/\/exceladvisor.org\/wp-content\/uploads\/2023\/08\/1-concatener-avec-if.png","datePublished":"2023-11-20T01:48:26+00:00","dateModified":"2023-12-10T06:04:26+00:00","description":"Bu e\u011fitim size CONCATENATE IF&#39;yi kullanmak i\u00e7in bir Excel form\u00fcl\u00fcn\u00fcn nas\u0131l yaz\u0131laca\u011f\u0131n\u0131 \u00f6\u011fretecektir. Bu kombinasyon a\u015fa\u011f\u0131daki durumlar i\u00e7in yararl\u0131 olabilir:","breadcrumb":{"@id":"https:\/\/exceladvisor.org\/tr\/2-ise-birlestir\/#breadcrumb"},"inLanguage":"tr","potentialAction":[{"@type":"ReadAction","target":["https:\/\/exceladvisor.org\/tr\/2-ise-birlestir\/"]}]},{"@type":"ImageObject","inLanguage":"tr","@id":"https:\/\/exceladvisor.org\/tr\/2-ise-birlestir\/#primaryimage","url":"https:\/\/exceladvisor.org\/wp-content\/uploads\/2023\/08\/1-concatener-avec-if.png","contentUrl":"https:\/\/exceladvisor.org\/wp-content\/uploads\/2023\/08\/1-concatener-avec-if.png"},{"@type":"BreadcrumbList","@id":"https:\/\/exceladvisor.org\/tr\/2-ise-birlestir\/#breadcrumb","itemListElement":[{"@type":"ListItem","position":1,"name":"Ev","item":"https:\/\/exceladvisor.org\/tr\/"},{"@type":"ListItem","position":2,"name":"Kombi\u0307nasyon if ko\u015fuluyla nas\u0131l kullan\u0131l\u0131r?"}]},{"@type":"WebSite","@id":"https:\/\/exceladvisor.org\/tr\/#website","url":"https:\/\/exceladvisor.org\/tr\/","name":"Excel Advisor","description":"Veri hakimiyetine y\u00f6nelik nihai rehberiniz!","publisher":{"@id":"https:\/\/exceladvisor.org\/tr\/#organization"},"potentialAction":[{"@type":"SearchAction","target":{"@type":"EntryPoint","urlTemplate":"https:\/\/exceladvisor.org\/tr\/?s={search_term_string}"},"query-input":{"@type":"PropertyValueSpecification","valueRequired":true,"valueName":"search_term_string"}}],"inLanguage":"tr"},{"@type":"Organization","@id":"https:\/\/exceladvisor.org\/tr\/#organization","name":"Excel Advisor","url":"https:\/\/exceladvisor.org\/tr\/","logo":{"@type":"ImageObject","inLanguage":"tr","@id":"https:\/\/exceladvisor.org\/tr\/#\/schema\/logo\/image\/","url":"https:\/\/exceladvisor.org\/tr\/wp-content\/uploads\/2023\/12\/exceladvisor.org_.png","contentUrl":"https:\/\/exceladvisor.org\/tr\/wp-content\/uploads\/2023\/12\/exceladvisor.org_.png","width":105,"height":36,"caption":"Excel Advisor"},"image":{"@id":"https:\/\/exceladvisor.org\/tr\/#\/schema\/logo\/image\/"}}]}},"yoast_meta":{"yoast_wpseo_title":"","yoast_wpseo_metadesc":"","yoast_wpseo_canonical":""},"_links":{"self":[{"href":"https:\/\/exceladvisor.org\/tr\/wp-json\/wp\/v2\/pages\/1503","targetHints":{"allow":["GET"]}}],"collection":[{"href":"https:\/\/exceladvisor.org\/tr\/wp-json\/wp\/v2\/pages"}],"about":[{"href":"https:\/\/exceladvisor.org\/tr\/wp-json\/wp\/v2\/types\/page"}],"author":[{"embeddable":true,"href":"https:\/\/exceladvisor.org\/tr\/wp-json\/wp\/v2\/users\/1"}],"replies":[{"embeddable":true,"href":"https:\/\/exceladvisor.org\/tr\/wp-json\/wp\/v2\/comments?post=1503"}],"version-history":[{"count":1,"href":"https:\/\/exceladvisor.org\/tr\/wp-json\/wp\/v2\/pages\/1503\/revisions"}],"predecessor-version":[{"id":2725,"href":"https:\/\/exceladvisor.org\/tr\/wp-json\/wp\/v2\/pages\/1503\/revisions\/2725"}],"wp:attachment":[{"href":"https:\/\/exceladvisor.org\/tr\/wp-json\/wp\/v2\/media?parent=1503"}],"curies":[{"name":"wp","href":"https:\/\/api.w.org\/{rel}","templated":true}]}}