{"id":1504,"date":"2023-11-20T01:22:18","date_gmt":"2023-11-20T01:22:18","guid":{"rendered":"https:\/\/exceladvisor.org\/tr\/hakkinda\/"},"modified":"2023-12-10T06:07:12","modified_gmt":"2023-12-10T06:07:12","slug":"hakkinda","status":"publish","type":"page","link":"https:\/\/exceladvisor.org\/tr\/hakkinda\/","title":{"rendered":"Hakk\u0131m\u0131zda"},"content":{"rendered":"<div class=\"excel-icerikten-once\" id=\"excel-766063429\"><script type=\"text\/javascript\">\r\n\tatOptions = {\r\n\t\t'key' : 'c1158f160081d6540a8409e6925dab94',\r\n\t\t'format' : 'iframe',\r\n\t\t'height' : 250,\r\n\t\t'width' : 300,\r\n\t\t'params' : {}\r\n\t};\r\n<\/script>\r\n<script type=\"text\/javascript\" src=\"\/\/www.highperformanceformat.com\/c1158f160081d6540a8409e6925dab94\/invoke.js\"><\/script><\/div> Microsoft Excel ve Google E-Tablolar&#8217;\u0131n t\u00fcm potansiyelini ortaya \u00e7\u0131karmak i\u00e7in ba\u015fvuraca\u011f\u0131n\u0131z adres olan Excel Dan\u0131\u015fman\u0131&#8217;na ho\u015f geldiniz. \u0130ster Excel d\u00fcnyas\u0131na dalmak isteyen yeni ba\u015flayan biri olun, ister becerilerinizi geli\u015ftirmek isteyen deneyimli bir profesyonel olun, yolun her ad\u0131m\u0131nda size rehberlik etmek i\u00e7in buraday\u0131z.\n<h2><strong>Biz Kimiz?<\/strong><\/h2>\nBiz, bu \u00e7ok y\u00f6nl\u00fc ara\u00e7lar\u0131n tam potansiyelini ger\u00e7ekle\u015ftirmenize yard\u0131mc\u0131 olmaya kendini adam\u0131\u015f Excel tutkunlar\u0131ndan olu\u015fan bir ekibiz. Veri analizi, finansal modelleme, proje y\u00f6netimi ve daha bir\u00e7ok alanda y\u0131llar\u0131n tecr\u00fcbesiyle; Her seviyedeki \u00f6\u011frenciler i\u00e7in karma\u015f\u0131k kavramlar\u0131 basitle\u015ftirmeye kararl\u0131y\u0131z.\n<h2><strong>Teklifimiz:<\/strong><\/h2>\n<strong>1.<\/strong> <strong>Uzman \u0130pu\u00e7lar\u0131 ve P\u00fcf Noktalar\u0131<\/strong> : Kendini i\u015fine adam\u0131\u015f ve deneyimli personelimiz, size en yeni ve en iyi ipu\u00e7lar\u0131n\u0131 sunmak i\u00e7in Excel ve Google E-Tablolar&#8217;\u0131n geni\u015f alan\u0131n\u0131 ara\u015ft\u0131r\u0131r. Zaman kazand\u0131ran k\u0131sayollardan geli\u015fmi\u015f sihirli form\u00fcllere kadar her konuda yan\u0131n\u0131zday\u0131z.\n\n<strong>2. Derinlemesine E\u011fitimler<\/strong> : Kapsaml\u0131 e\u011fitimlerimizle bu g\u00fc\u00e7l\u00fc ara\u00e7lar\u0131n \u00f6zelliklerini derinlemesine inceleyin. Verimlili\u011finizi art\u0131rmak i\u00e7in dinamik grafikler olu\u015fturmay\u0131, karma\u015f\u0131k hesaplamalar ger\u00e7ekle\u015ftirmeyi ve g\u00f6revleri otomatikle\u015ftirmeyi \u00f6\u011frenin.\n\n<strong>3. Pratik \u00f6rnekler<\/strong> : Kavramlar\u0131 anlamak \u00f6nemlidir, ancak ger\u00e7ek sihrin ger\u00e7ekle\u015fti\u011fi yer onlar\u0131 \u00e7al\u0131\u015f\u0131rken g\u00f6rmektir. \u00c7e\u015fitli ipu\u00e7lar\u0131n\u0131 ger\u00e7ek d\u00fcnya senaryolar\u0131na nas\u0131l uygulayabilece\u011finizi g\u00f6steren pratik \u00f6rnekler sunuyoruz.\n\n<strong>4. \u00dcr\u00fcn Kar\u015f\u0131la\u015ft\u0131rmalar\u0131<\/strong> : \u0130htiya\u00e7lar\u0131n\u0131z i\u00e7in Excel&#8217;in mi yoksa Google E-Tablolar&#8217;\u0131n m\u0131 en iyisi oldu\u011fundan emin de\u011fil misiniz? Bilin\u00e7li kararlar verebilmeniz i\u00e7in her platformun g\u00fc\u00e7l\u00fc y\u00f6nlerini vurgulayarak tarafs\u0131z kar\u015f\u0131la\u015ft\u0131rmalar sa\u011fl\u0131yoruz.\n\n<strong>5. End\u00fcstri Analizleri<\/strong> : Elektronik tablo teknolojisindeki en son trendler ve geli\u015fmelerden haberdar olun. Makalelerimiz, bir ad\u0131m \u00f6nde olman\u0131za yard\u0131mc\u0131 olacak yeni ortaya \u00e7\u0131kan \u00f6zellikleri, g\u00fcncellemeleri ve en iyi uygulamalar\u0131 kapsamaktad\u0131r.\n\nBir senaryo veya \u00f6zel geli\u015ftirme olu\u015fturmam\u0131z\u0131 istiyorsan\u0131z, l\u00fctfen <a href=\"https:\/\/exceladvisor.org\/tr\/bize-ulasin\/\">bizimle ileti\u015fime ge\u00e7mekten<\/a> \u00e7ekinmeyin. Her seferinde bir ipucu vererek e-tablo oyununuzu geli\u015ftirelim!","protected":false},"excerpt":{"rendered":"","protected":false},"author":1,"featured_media":0,"parent":0,"menu_order":0,"comment_status":"closed","ping_status":"closed","template":"","meta":{"ub_ctt_via":"","footnotes":""},"class_list":["post-1504","page","type-page","status-publish","hentry"],"featured_image_src":null,"yoast_head":"<!-- This site is optimized with the Yoast SEO plugin v25.4 - https:\/\/yoast.com\/wordpress\/plugins\/seo\/ -->\n<title>Hakk\u0131m\u0131zda - Excel Advisor<\/title>\n<meta name=\"description\" content=\"Veri analizi, finansal modelleme, proje y\u00f6netimi ve daha bir\u00e7ok alanda y\u0131llar\u0131n tecr\u00fcbesiyle; Excel Dan\u0131\u015fman\u0131 (\u015fimdiki de\u011feri)\" \/>\n<meta name=\"robots\" content=\"index, follow, max-snippet:-1, max-image-preview:large, max-video-preview:-1\" \/>\n<link rel=\"canonical\" href=\"https:\/\/exceladvisor.org\/tr\/hakkinda\/\" \/>\n<meta property=\"og:locale\" content=\"tr_TR\" \/>\n<meta property=\"og:type\" content=\"article\" \/>\n<meta property=\"og:title\" content=\"Hakk\u0131m\u0131zda - Excel Advisor\" \/>\n<meta property=\"og:description\" content=\"Veri analizi, finansal modelleme, proje y\u00f6netimi ve daha bir\u00e7ok alanda y\u0131llar\u0131n tecr\u00fcbesiyle; Excel Dan\u0131\u015fman\u0131 (\u015fimdiki de\u011feri)\" \/>\n<meta property=\"og:url\" content=\"https:\/\/exceladvisor.org\/tr\/hakkinda\/\" \/>\n<meta property=\"og:site_name\" content=\"Excel Advisor\" \/>\n<meta property=\"article:modified_time\" content=\"2023-12-10T06:07:12+00:00\" \/>\n<meta name=\"twitter:card\" content=\"summary_large_image\" \/>\n<meta name=\"twitter:label1\" content=\"Tahmini okuma s\u00fcresi\" \/>\n\t<meta name=\"twitter:data1\" content=\"2 dakika\" \/>\n<script type=\"application\/ld+json\" class=\"yoast-schema-graph\">{\"@context\":\"https:\/\/schema.org\",\"@graph\":[{\"@type\":\"WebPage\",\"@id\":\"https:\/\/exceladvisor.org\/tr\/hakkinda\/\",\"url\":\"https:\/\/exceladvisor.org\/tr\/hakkinda\/\",\"name\":\"Hakk\u0131m\u0131zda - Excel Advisor\",\"isPartOf\":{\"@id\":\"https:\/\/exceladvisor.org\/tr\/#website\"},\"datePublished\":\"2023-11-20T01:22:18+00:00\",\"dateModified\":\"2023-12-10T06:07:12+00:00\",\"description\":\"Veri analizi, finansal modelleme, proje y\u00f6netimi ve daha bir\u00e7ok alanda y\u0131llar\u0131n tecr\u00fcbesiyle; Excel Dan\u0131\u015fman\u0131 (\u015fimdiki de\u011feri)\",\"breadcrumb\":{\"@id\":\"https:\/\/exceladvisor.org\/tr\/hakkinda\/#breadcrumb\"},\"inLanguage\":\"tr\",\"potentialAction\":[{\"@type\":\"ReadAction\",\"target\":[\"https:\/\/exceladvisor.org\/tr\/hakkinda\/\"]}]},{\"@type\":\"BreadcrumbList\",\"@id\":\"https:\/\/exceladvisor.org\/tr\/hakkinda\/#breadcrumb\",\"itemListElement\":[{\"@type\":\"ListItem\",\"position\":1,\"name\":\"Ev\",\"item\":\"https:\/\/exceladvisor.org\/tr\/\"},{\"@type\":\"ListItem\",\"position\":2,\"name\":\"Hakk\u0131m\u0131zda\"}]},{\"@type\":\"WebSite\",\"@id\":\"https:\/\/exceladvisor.org\/tr\/#website\",\"url\":\"https:\/\/exceladvisor.org\/tr\/\",\"name\":\"Excel Advisor\",\"description\":\"Veri hakimiyetine y\u00f6nelik nihai rehberiniz!\",\"publisher\":{\"@id\":\"https:\/\/exceladvisor.org\/tr\/#organization\"},\"potentialAction\":[{\"@type\":\"SearchAction\",\"target\":{\"@type\":\"EntryPoint\",\"urlTemplate\":\"https:\/\/exceladvisor.org\/tr\/?s={search_term_string}\"},\"query-input\":{\"@type\":\"PropertyValueSpecification\",\"valueRequired\":true,\"valueName\":\"search_term_string\"}}],\"inLanguage\":\"tr\"},{\"@type\":\"Organization\",\"@id\":\"https:\/\/exceladvisor.org\/tr\/#organization\",\"name\":\"Excel Advisor\",\"url\":\"https:\/\/exceladvisor.org\/tr\/\",\"logo\":{\"@type\":\"ImageObject\",\"inLanguage\":\"tr\",\"@id\":\"https:\/\/exceladvisor.org\/tr\/#\/schema\/logo\/image\/\",\"url\":\"https:\/\/exceladvisor.org\/tr\/wp-content\/uploads\/2023\/12\/exceladvisor.org_.png\",\"contentUrl\":\"https:\/\/exceladvisor.org\/tr\/wp-content\/uploads\/2023\/12\/exceladvisor.org_.png\",\"width\":105,\"height\":36,\"caption\":\"Excel Advisor\"},\"image\":{\"@id\":\"https:\/\/exceladvisor.org\/tr\/#\/schema\/logo\/image\/\"}}]}<\/script>\n<!-- \/ Yoast SEO plugin. -->","yoast_head_json":{"title":"Hakk\u0131m\u0131zda - Excel Advisor","description":"Veri analizi, finansal modelleme, proje y\u00f6netimi ve daha bir\u00e7ok alanda y\u0131llar\u0131n tecr\u00fcbesiyle; Excel Dan\u0131\u015fman\u0131 (\u015fimdiki de\u011feri)","robots":{"index":"index","follow":"follow","max-snippet":"max-snippet:-1","max-image-preview":"max-image-preview:large","max-video-preview":"max-video-preview:-1"},"canonical":"https:\/\/exceladvisor.org\/tr\/hakkinda\/","og_locale":"tr_TR","og_type":"article","og_title":"Hakk\u0131m\u0131zda - Excel Advisor","og_description":"Veri analizi, finansal modelleme, proje y\u00f6netimi ve daha bir\u00e7ok alanda y\u0131llar\u0131n tecr\u00fcbesiyle; Excel Dan\u0131\u015fman\u0131 (\u015fimdiki de\u011feri)","og_url":"https:\/\/exceladvisor.org\/tr\/hakkinda\/","og_site_name":"Excel Advisor","article_modified_time":"2023-12-10T06:07:12+00:00","twitter_card":"summary_large_image","twitter_misc":{"Tahmini okuma s\u00fcresi":"2 dakika"},"schema":{"@context":"https:\/\/schema.org","@graph":[{"@type":"WebPage","@id":"https:\/\/exceladvisor.org\/tr\/hakkinda\/","url":"https:\/\/exceladvisor.org\/tr\/hakkinda\/","name":"Hakk\u0131m\u0131zda - Excel Advisor","isPartOf":{"@id":"https:\/\/exceladvisor.org\/tr\/#website"},"datePublished":"2023-11-20T01:22:18+00:00","dateModified":"2023-12-10T06:07:12+00:00","description":"Veri analizi, finansal modelleme, proje y\u00f6netimi ve daha bir\u00e7ok alanda y\u0131llar\u0131n tecr\u00fcbesiyle; Excel Dan\u0131\u015fman\u0131 (\u015fimdiki de\u011feri)","breadcrumb":{"@id":"https:\/\/exceladvisor.org\/tr\/hakkinda\/#breadcrumb"},"inLanguage":"tr","potentialAction":[{"@type":"ReadAction","target":["https:\/\/exceladvisor.org\/tr\/hakkinda\/"]}]},{"@type":"BreadcrumbList","@id":"https:\/\/exceladvisor.org\/tr\/hakkinda\/#breadcrumb","itemListElement":[{"@type":"ListItem","position":1,"name":"Ev","item":"https:\/\/exceladvisor.org\/tr\/"},{"@type":"ListItem","position":2,"name":"Hakk\u0131m\u0131zda"}]},{"@type":"WebSite","@id":"https:\/\/exceladvisor.org\/tr\/#website","url":"https:\/\/exceladvisor.org\/tr\/","name":"Excel Advisor","description":"Veri hakimiyetine y\u00f6nelik nihai rehberiniz!","publisher":{"@id":"https:\/\/exceladvisor.org\/tr\/#organization"},"potentialAction":[{"@type":"SearchAction","target":{"@type":"EntryPoint","urlTemplate":"https:\/\/exceladvisor.org\/tr\/?s={search_term_string}"},"query-input":{"@type":"PropertyValueSpecification","valueRequired":true,"valueName":"search_term_string"}}],"inLanguage":"tr"},{"@type":"Organization","@id":"https:\/\/exceladvisor.org\/tr\/#organization","name":"Excel Advisor","url":"https:\/\/exceladvisor.org\/tr\/","logo":{"@type":"ImageObject","inLanguage":"tr","@id":"https:\/\/exceladvisor.org\/tr\/#\/schema\/logo\/image\/","url":"https:\/\/exceladvisor.org\/tr\/wp-content\/uploads\/2023\/12\/exceladvisor.org_.png","contentUrl":"https:\/\/exceladvisor.org\/tr\/wp-content\/uploads\/2023\/12\/exceladvisor.org_.png","width":105,"height":36,"caption":"Excel Advisor"},"image":{"@id":"https:\/\/exceladvisor.org\/tr\/#\/schema\/logo\/image\/"}}]}},"yoast_meta":{"yoast_wpseo_title":"","yoast_wpseo_metadesc":"","yoast_wpseo_canonical":""},"_links":{"self":[{"href":"https:\/\/exceladvisor.org\/tr\/wp-json\/wp\/v2\/pages\/1504","targetHints":{"allow":["GET"]}}],"collection":[{"href":"https:\/\/exceladvisor.org\/tr\/wp-json\/wp\/v2\/pages"}],"about":[{"href":"https:\/\/exceladvisor.org\/tr\/wp-json\/wp\/v2\/types\/page"}],"author":[{"embeddable":true,"href":"https:\/\/exceladvisor.org\/tr\/wp-json\/wp\/v2\/users\/1"}],"replies":[{"embeddable":true,"href":"https:\/\/exceladvisor.org\/tr\/wp-json\/wp\/v2\/comments?post=1504"}],"version-history":[{"count":2,"href":"https:\/\/exceladvisor.org\/tr\/wp-json\/wp\/v2\/pages\/1504\/revisions"}],"predecessor-version":[{"id":2238,"href":"https:\/\/exceladvisor.org\/tr\/wp-json\/wp\/v2\/pages\/1504\/revisions\/2238"}],"wp:attachment":[{"href":"https:\/\/exceladvisor.org\/tr\/wp-json\/wp\/v2\/media?parent=1504"}],"curies":[{"name":"wp","href":"https:\/\/api.w.org\/{rel}","templated":true}]}}