{"id":1507,"date":"2023-11-19T17:43:07","date_gmt":"2023-11-19T17:43:07","guid":{"rendered":"https:\/\/exceladvisor.org\/tr\/sumif-sumifler-veya-mantik\/"},"modified":"2023-12-10T06:04:46","modified_gmt":"2023-12-10T06:04:46","slug":"sumif-sumifler-veya-mantik","status":"publish","type":"page","link":"https:\/\/exceladvisor.org\/tr\/sumif-sumifler-veya-mantik\/","title":{"rendered":"Or mant\u0131\u011f\u0131 ile sumif \/ sumifs nas\u0131l kullan\u0131l\u0131r?"},"content":{"rendered":"<div class=\"excel-icerikten-once\" id=\"excel-1163293658\"><script type=\"text\/javascript\">\r\n\tatOptions = {\r\n\t\t'key' : 'c1158f160081d6540a8409e6925dab94',\r\n\t\t'format' : 'iframe',\r\n\t\t'height' : 250,\r\n\t\t'width' : 300,\r\n\t\t'params' : {}\r\n\t};\r\n<\/script>\r\n<script type=\"text\/javascript\" src=\"\/\/www.highperformanceformat.com\/c1158f160081d6540a8409e6925dab94\/invoke.js\"><\/script><\/div> <p>Bazen form\u00fclleri etkili k\u0131lmak i\u00e7in k\u00fc\u00e7\u00fck de\u011fi\u015fiklikler yapmam\u0131z gerekir.<\/p><p> Aynen b\u00f6yle, TOPLAM VEYA. SUMIF&#8217;in esnekli\u011fini art\u0131rman\u0131za yard\u0131mc\u0131 olan geli\u015fmi\u015f bir form\u00fcld\u00fcr. Evet, SUMIFS de yapabilirsiniz. Ancak kullanmadan \u00f6nce size SUMIF ile ilgili bir \u015fey s\u00f6yleyeyim.<\/p><p> ETOPLA&#8217;da yaln\u0131zca bir kriter kullanabilirsiniz ve SUMIFS&#8217;te toplam elde etmek i\u00e7in birden fazla kriter kullanabilirsiniz.<\/p><p> Bunun gibi sadece bir \u015fey. Diyelim ki SUMIFS&#8217;de iki farkl\u0131 kriter belirtirseniz sadece her iki kriteri kar\u015f\u0131layan h\u00fccreler birbirine eklenecek.<\/p><p> AND mant\u0131\u011f\u0131yla \u00e7al\u0131\u015ft\u0131\u011f\u0131 i\u00e7in bir h\u00fccrenin dahil edilebilmesi i\u00e7in t\u00fcm kriterlerin sa\u011flanmas\u0131 gerekiyor. OR mant\u0131\u011f\u0131n\u0131 SUMIF\/SUMIFS ile birle\u015ftirdi\u011finizde iki farkl\u0131 kriteri ayn\u0131 anda kullanarak de\u011fer ekleyebilirsiniz.<\/p><p> Laf\u0131 fazla uzatmadan bu muhte\u015fem form\u00fcl\u00fc \u00f6\u011frenelim.<\/p><h2 class=\"wp-block-heading\"> Ger\u00e7ekten VEYA mant\u0131\u011f\u0131na ihtiyac\u0131m\u0131z var m\u0131? Bir \u00f6rnek?<\/h2><p> Size \u00c7OK ETOPLA veya ETOPLA&#8217;da VEYA mant\u0131\u011f\u0131n\u0131 eklememiz gereken bir \u00f6rnek g\u00f6stereyim.<\/p><p> Miktarlar\u0131 ve mevcut sevkiyat durumlar\u0131yla birlikte \u00fcr\u00fcnlerin bir listesinin bulundu\u011fu a\u015fa\u011f\u0131daki veri tablosuna bir g\u00f6z at\u0131n. <\/p><div class=\"wp-block-image\"><figure class=\"aligncenter\"><img decoding=\"async\" src=\"https:\/\/exceladvisor.org\/wp-content\/uploads\/2023\/08\/table-de-donnees-a-utiliser-ou-logique-a-utiliser-dans-sumifs-sumif-1.png\" sizes=\"\" srcset=\"\" alt=\"sumif'lerde kullan\u0131lacak veri tablosu veya kullan\u0131lacak mant\u0131k sumif\"><\/figure><\/div><p> Bu verilerde tedarik\u00e7imize iade etmeniz gereken iki t\u00fcr \u00fcr\u00fcn (kusurlu ve hasarl\u0131) bulunmaktad\u0131r.<\/p><p> Ancak bundan \u00f6nce her iki \u00fcr\u00fcn t\u00fcr\u00fcn\u00fcn toplam miktar\u0131n\u0131 hesaplamak istiyorsunuz. Normal y\u00f6ntemi se\u00e7erseniz bu toplam\u0131 elde etmek i\u00e7in SUMIF&#8217;i iki kez uygulaman\u0131z gerekir.<\/p><p> Ancak SUMIF&#8217;te VEYA ko\u015fulunu kullan\u0131rsan\u0131z her iki \u00fcr\u00fcn\u00fcn toplam\u0131n\u0131 tek form\u00fclle alabilirsiniz.<\/p><h2 class=\"wp-block-heading\"> Tamam, SUMIFS ile VEYA uygulayal\u0131m<\/h2><p> Ba\u015flamadan \u00f6nce l\u00fctfen <a href=\"https:\/\/exceladvisor.org\/wp-content\/uploads\/2023\/08\/somme-si-ou.zip\" rel=\"nofollow\"><span style=\"color: #0000ee;\">bu \u00f6rnek dosyay\u0131 buradan indirin.<\/span><\/a> <span style=\"color: #0000ee;\">&nbsp;<\/span> devam edecek.<\/p><p> E-tablonuzda toplam\u0131 hesaplamak istedi\u011finiz herhangi bir h\u00fccreye a\u015fa\u011f\u0131daki form\u00fcl\u00fc ekleyin ve Enter tu\u015funa bas\u0131n. <\/p><pre class=\"wp-block-code\"> <code class=\"language-excel-formula\" lang=\"excel-formula\">=SUM(SUMIFS(C2:C21,B2:B21,{\"Damage\",\"Faulty\"}))<\/code><\/pre><div class=\"wp-block-image\"><figure class=\"aligncenter\"><img decoding=\"async\" src=\"https:\/\/exceladvisor.org\/wp-content\/uploads\/2023\/08\/appliquer-la-formule-pour-obtenir-ou-la-logique-dans-les-sumifs-1.png\" sizes=\"\" srcset=\"\" alt=\"Sutifleri almak veya mant\u0131k y\u00fcr\u00fctmek i\u00e7in form\u00fcl\u00fc uygulay\u0131n\"><\/figure><\/div><p> Yukar\u0131daki form\u00fclde SUMIFS kulland\u0131n\u0131z ancak ETOPLA kullanmak istiyorsan\u0131z a\u015fa\u011f\u0131daki form\u00fcl\u00fc h\u00fccreye ekleyebilirsiniz.<\/p><pre class=\"wp-block-code\"> <code class=\"language-excel-formula\" lang=\"excel-formula\">=SUM(SUMIF(B2:B21,{\"Damage\",\"Faulty\"},C2:C21))<\/code><\/pre><p> Yukar\u0131daki iki form\u00fcl\u00fc kullanarak sonu\u00e7ta 540 elde edeceksiniz. Tekrar kontrol etmek i\u00e7in toplam\u0131 manuel olarak kontrol etmeniz yeterlidir. <\/p><div class=\"wp-block-image\"><figure class=\"aligncenter\"><img decoding=\"async\" src=\"https:\/\/exceladvisor.org\/wp-content\/uploads\/2023\/08\/verifier-le-total-des-dommages-et-defectueux-en-utilisant-sumif-ou.png\" sizes=\"\" srcset=\"\" alt=\"sumif veya kullanarak toplam hasar\u0131 ve kusurlu olup olmad\u0131\u011f\u0131n\u0131 kontrol edin\"><\/figure><\/div><h3 class=\"wp-block-heading\"> Bu form\u00fcl nas\u0131l \u00e7al\u0131\u015f\u0131yor?<\/h3><p> S\u00f6yledi\u011fim gibi SUMIFS fonksiyonu de\u011ferleri toplamak i\u00e7in AND mant\u0131\u011f\u0131n\u0131 kullan\u0131yor. Ancak yukar\u0131da kulland\u0131\u011f\u0131n\u0131z form\u00fcl VEYA mant\u0131\u011f\u0131n\u0131 i\u00e7eriyor.<\/p><p> Bu form\u00fcl\u00fc anlamak i\u00e7in onu \u00fc\u00e7 farkl\u0131 par\u00e7aya b\u00f6lmeniz gerekir. <\/p><div class=\"wp-block-image\"><figure class=\"aligncenter\"><img decoding=\"async\" src=\"https:\/\/exceladvisor.org\/wp-content\/uploads\/2023\/08\/trois-parties-de-formule-a-utiliser-ou-logique-dans-les-sumifs-sumif-1.png\" sizes=\"\" srcset=\"\" alt=\"sutiflerde kullan\u0131lacak veya mant\u0131kta kullan\u0131lacak form\u00fcl\u00fcn \u00fc\u00e7 b\u00f6l\u00fcm\u00fc sumif\"><\/figure><\/div><ol><li> <strong>\u00d6ncelikle<\/strong> dizi kavram\u0131n\u0131 kullanarak bu form\u00fclde iki farkl\u0131 kriter kulland\u0131\u011f\u0131n\u0131z\u0131 anlamal\u0131s\u0131n\u0131z. <a href=\"https:\/\/support.office.com\/en-us\/article\/Guidelines-and-examples-of-array-formulas-7D94A64E-3FF3-4686-9372-ECFD5CAA57C7?ui=en-US&amp;rs=en-US&amp;ad=US&amp;fromAR=1\" target=\"_blank\" rel=\"noreferrer noopener nofollow\">Buradan y\u00f6netim kurulu<\/a> hakk\u0131nda daha fazla bilgi edinin.<\/li><li> <strong>\u0130kincisi<\/strong> ise bir dizi kullanarak iki farkl\u0131 de\u011fer belirtti\u011finizde SUMIFS&#8217;in iki de\u011feri ayr\u0131 ayr\u0131 aramas\u0131 gerekir.<\/li><li> <strong>\u00dc\u00e7\u00fcnc\u00fcs\u00fc<\/strong> ise SUMIFS, dizi form\u00fcl\u00fcn\u00fc kulland\u0131ktan sonra bile tek h\u00fccrede iki de\u011ferin toplam\u0131n\u0131 d\u00f6nd\u00fcremiyor. Bu y\u00fczden SUM i\u015flevine kat\u0131lman\u0131z gerekiyor.<\/li><\/ol><p> Yukar\u0131daki konsept ile tek h\u00fccrede her iki \u00fcr\u00fcn tipi i\u00e7in toplam elde edebilirsiniz.<\/p><p> Bu, SUMIF ve SUMIFS ile ayn\u0131 \u015fekilde \u00e7al\u0131\u015facakt\u0131r.<\/p><p> Ayr\u0131ca tek bir \u00fcr\u00fcn\u00fcn toplam\u0131n\u0131 elde etmek i\u00e7in SUMIFS&#8217;deki ikinci kriterde \u00fcr\u00fcn ad\u0131n\u0131 belirterek form\u00fcl\u00fcn\u00fcz\u00fc geni\u015fletebilirsiniz. <\/p><div class=\"gb-container gb-container-52dfcee1 gb-container-sample-file\"><h2 class=\"gb-headline gb-headline-e289c143 gb-headline-text gb-headline-4f7959c2\"> Excel dosyas\u0131n\u0131 al\u0131n<\/h2> <a class=\"gb-button gb-button-e88d6bee gb-button-text gb-button-button1\" href=\"https:\/\/exceladvisor.org\/wp-content\/uploads\/2023\/08\/somme-si-ou.zip\" rel=\"nofollow\">\u0130ndirmek<\/a><\/div><h2 class=\"wp-block-heading\"> Dinamik \u00f6l\u00e7\u00fct aral\u0131\u011f\u0131n\u0131 kullanma<\/h2><p> Yorumlar b\u00f6l\u00fcm\u00fcnde birisi benden birden \u00e7ok kriteri do\u011frudan form\u00fcle eklemek yerine h\u00fccre referans\u0131 kullanmam\u0131 istedi.<\/p><p> Bu \u00e7ok ge\u00e7erli bir soru ve bunu temel de\u011ferler yerine dinamik bir adland\u0131r\u0131lm\u0131\u015f aral\u0131k kullanarak yapabilirsiniz.<\/p><p> Bunu yapmak i\u00e7in form\u00fcl\u00fcn\u00fczde yaln\u0131zca iki k\u00fc\u00e7\u00fck de\u011fi\u015fiklik yapman\u0131z yeterlidir.<\/p><ol><li> Birincisi, parantez kullanmak yerine de\u011ferinizin adland\u0131r\u0131lm\u0131\u015f bir aral\u0131\u011f\u0131n\u0131 (en iyi yol bir dizi kullanmakt\u0131r) kullanman\u0131z gerekti\u011fidir.<\/li><li> Daha sonra bu form\u00fcl\u00fc Ctrl+Shift+Enter kullanarak uygun dizi form\u00fcl\u00fc olarak girmeniz gerekiyor.<\/li><\/ol><p> Yani \u015fimdi form\u00fcl\u00fcn\u00fcz \u015f\u00f6yle olacak: <\/p><div class=\"wp-block-image\"><figure class=\"aligncenter\"><img decoding=\"async\" src=\"https:\/\/exceladvisor.org\/wp-content\/uploads\/2023\/08\/en-utilisant-la-plage-nommee-dans-sumif-ou.png\" sizes=\"\" srcset=\"\" alt=\"sumif'te adland\u0131r\u0131lm\u0131\u015f aral\u0131\u011f\u0131 kullanarak veya\"><\/figure><\/div><h2 class=\"wp-block-heading\"> Farkl\u0131 s\u00fctunlara sahip birden fazla kriter<\/h2><p> Sizi bu form\u00fcl\u00fcn bir sonraki a\u015famas\u0131na g\u00f6t\u00fcreyim. A\u015fa\u011f\u0131daki veri tablosuna bakman\u0131z yeterli. <\/p><div class=\"wp-block-image\"><figure class=\"aligncenter\"><img decoding=\"async\" src=\"https:\/\/exceladvisor.org\/wp-content\/uploads\/2023\/08\/sumifs-sumif-ou-avec-plusieurs-colonnes-de-donnees.png\" sizes=\"\" srcset=\"\" alt=\"sumifler sumif veya birden fazla veri s\u00fctunu i\u00e7eren\"><\/figure><\/div><p> Bu tabloda iki farkl\u0131 durum t\u00fcr\u00fcne sahip iki farkl\u0131 s\u00fctununuz var. Art\u0131k bu veri tablosundan \u00fcr\u00fcn\u00fcn hasarl\u0131 oldu\u011fu adedi toplaman\u0131z gerekiyor, iade durumu \u201cHay\u0131r\u201d.<\/p><p> Bu sadece hen\u00fcz iade edilmemi\u015f, hasarl\u0131 ve ay\u0131pl\u0131 \u00fcr\u00fcnler anlam\u0131na gelir. Ve bunun form\u00fcl\u00fc \u015fu olacak. <\/p><pre class=\"wp-block-code\"> <code class=\"language-excel-formula\" lang=\"excel-formula\">=SUM(SUMIFS(D2:D21,B2:B21,{\"Damage\",\"Faulty\"},C2:C21,\"No\"))<\/code><\/pre><div class=\"wp-block-image\"><figure class=\"aligncenter size-full\"><img loading=\"lazy\" decoding=\"async\" class=\"wp-image-14789\" src=\"https:\/\/exceladvisor.org\/wp-content\/uploads\/2023\/08\/sumifs-sumif-ou-avec-plusieurs-formules-de-criteres-de-colonne-differents.png\" sizes=\"auto, \" srcset=\"\" alt=\"sumifs sumif veya birka\u00e7 farkl\u0131 s\u00fctun \u00f6l\u00e7\u00fct\u00fc form\u00fcl\u00fcyle\" width=\"558\" height=\"178\"><\/figure><\/div><div class=\"gb-container gb-container-9631f970 gb-container-sample-file\"><h2 class=\"gb-headline gb-headline-c605ba20 gb-headline-text gb-headline-4f7959c2\"> Excel dosyas\u0131n\u0131 al\u0131n<\/h2> <a class=\"gb-button gb-button-fdc4a95a gb-button-text gb-button-button1\" href=\"https:\/\/exceladvisor.org\/wp-content\/uploads\/2023\/08\/somme-si-ou.zip\" rel=\"nofollow\">\u0130ndirmek<\/a><\/div><h2 id=\"tab-con-7\" class=\"wp-block-heading\"> \u00c7\u00f6z\u00fcm<\/h2><p> OR tekni\u011fini kullanman\u0131n en iyi yan\u0131, ona pek \u00e7ok kriter ekleyebilmenizdir. Yaln\u0131zca VEYA mant\u0131\u011f\u0131n\u0131 kullanmak istiyorsan\u0131z SUMIF kullanabilirsiniz. Tek bir form\u00fclde VEYA ko\u015fulu ve VE ko\u015fulu olu\u015fturmak istiyorsan\u0131z bunun i\u00e7in ETOPLA&#8217;y\u0131 kullanabilirsiniz.<\/p><p> Biliyor musun, bu benim en sevdi\u011fim form\u00fcl ipu\u00e7lar\u0131ndan biri ve umar\u0131m faydal\u0131 bulmu\u015fsundur.<\/p><p> \u015eimdi bana bir \u015fey s\u00f6yle. Daha \u00f6nce hi\u00e7 bu t\u00fcr bir form\u00fcl kulland\u0131n\u0131z m\u0131? D\u00fc\u015f\u00fcncelerinizi yorum b\u00f6l\u00fcm\u00fcnde benimle payla\u015f\u0131n, sizden haber almay\u0131 \u00e7ok isterim ve bu ipucunu arkada\u015flar\u0131n\u0131zla payla\u015fmay\u0131 unutmay\u0131n.<\/p><div class=\"gb-container gb-container-0df56012 gb-container-mt\"> <a class=\"gb-button gb-button-f9f432f4 gb-button-text gb-button-mt-button\" href=\"https:\/\/exceladvisor.org\/tr\/formuller\/\">Excel form\u00fcllerinin listesi<\/a><h2 class=\"gb-headline gb-headline-233444e8 gb-headline-text gb-headline-mt-heading\"> \u0130lgili form\u00fcller <\/h2><div class=\"gb-grid-wrapper gb-grid-wrapper-a16fa65c gb-grid-wrapper-mt-grid\"><div class=\"gb-grid-column gb-grid-column-50d07e0d\"><div class=\"gb-container gb-container-50d07e0d\"><ul><li> <a href=\"https:\/\/exceladvisor.org\/tr\/toplamindan-buyukse\/\">SUMIF kullanarak de\u011ferlerden daha b\u00fcy\u00fck toplam<\/a><\/li><li> <a href=\"https:\/\/exceladvisor.org\/tr\/toplamlar-esit-degil\/\">Excel&#8217;de e\u015fit olmayan de\u011ferlerin toplam\u0131 (SUMIFS)<\/a><\/li><li> <a href=\"https:\/\/exceladvisor.org\/tr\/joker-karakterli-sutif\/\">Excel&#8217;de joker karakterlerle ETOPLA<\/a><\/li><li> <a href=\"https:\/\/exceladvisor.org\/tr\/iki-tarih-arasindaki-degerlerin-toplami\/\">SUMIFS tarih aral\u0131\u011f\u0131 (iki tarih dizisi aras\u0131ndaki de\u011ferlerin toplam\u0131)<\/a><\/li><\/ul><\/div><\/div><\/div><\/div>","protected":false},"excerpt":{"rendered":"","protected":false},"author":1,"featured_media":0,"parent":0,"menu_order":0,"comment_status":"open","ping_status":"closed","template":"","meta":{"ub_ctt_via":"","footnotes":""},"class_list":["post-1507","page","type-page","status-publish","hentry"],"featured_image_src":null,"yoast_head":"<!-- This site is optimized with the Yoast SEO plugin v25.4 - https:\/\/yoast.com\/wordpress\/plugins\/seo\/ -->\n<title>OR mant\u0131\u011f\u0131 ile SUMIF \/ SUMIFS nas\u0131l kullan\u0131l\u0131r?<\/title>\n<meta name=\"description\" content=\"Bu makalede OR mant\u0131\u011f\u0131n\u0131 kullanarak ETOPLA ve ETOPLA&#039;n\u0131n g\u00fcc\u00fcn\u00fc art\u0131rmak i\u00e7in basit bir numara \u00f6\u011freneceksiniz. Yapabilirsiniz\" \/>\n<meta name=\"robots\" content=\"index, follow, max-snippet:-1, max-image-preview:large, max-video-preview:-1\" \/>\n<link rel=\"canonical\" href=\"https:\/\/exceladvisor.org\/tr\/sumif-sumifler-veya-mantik\/\" \/>\n<meta property=\"og:locale\" content=\"tr_TR\" \/>\n<meta property=\"og:type\" content=\"article\" \/>\n<meta property=\"og:title\" content=\"OR mant\u0131\u011f\u0131 ile SUMIF \/ SUMIFS nas\u0131l kullan\u0131l\u0131r?\" \/>\n<meta property=\"og:description\" content=\"Bu makalede OR mant\u0131\u011f\u0131n\u0131 kullanarak ETOPLA ve ETOPLA&#039;n\u0131n g\u00fcc\u00fcn\u00fc art\u0131rmak i\u00e7in basit bir numara \u00f6\u011freneceksiniz. Yapabilirsiniz\" \/>\n<meta property=\"og:url\" content=\"https:\/\/exceladvisor.org\/tr\/sumif-sumifler-veya-mantik\/\" \/>\n<meta property=\"og:site_name\" content=\"Excel Advisor\" \/>\n<meta property=\"article:modified_time\" content=\"2023-12-10T06:04:46+00:00\" \/>\n<meta property=\"og:image\" content=\"https:\/\/exceladvisor.org\/wp-content\/uploads\/2023\/08\/table-de-donnees-a-utiliser-ou-logique-a-utiliser-dans-sumifs-sumif-1.png\" \/>\n<meta name=\"twitter:card\" content=\"summary_large_image\" \/>\n<meta name=\"twitter:label1\" content=\"Tahmini okuma s\u00fcresi\" \/>\n\t<meta name=\"twitter:data1\" content=\"5 dakika\" \/>\n<script type=\"application\/ld+json\" class=\"yoast-schema-graph\">{\"@context\":\"https:\/\/schema.org\",\"@graph\":[{\"@type\":\"WebPage\",\"@id\":\"https:\/\/exceladvisor.org\/tr\/sumif-sumifler-veya-mantik\/\",\"url\":\"https:\/\/exceladvisor.org\/tr\/sumif-sumifler-veya-mantik\/\",\"name\":\"OR mant\u0131\u011f\u0131 ile SUMIF \/ SUMIFS nas\u0131l kullan\u0131l\u0131r?\",\"isPartOf\":{\"@id\":\"https:\/\/exceladvisor.org\/tr\/#website\"},\"primaryImageOfPage\":{\"@id\":\"https:\/\/exceladvisor.org\/tr\/sumif-sumifler-veya-mantik\/#primaryimage\"},\"image\":{\"@id\":\"https:\/\/exceladvisor.org\/tr\/sumif-sumifler-veya-mantik\/#primaryimage\"},\"thumbnailUrl\":\"https:\/\/exceladvisor.org\/wp-content\/uploads\/2023\/08\/table-de-donnees-a-utiliser-ou-logique-a-utiliser-dans-sumifs-sumif-1.png\",\"datePublished\":\"2023-11-19T17:43:07+00:00\",\"dateModified\":\"2023-12-10T06:04:46+00:00\",\"description\":\"Bu makalede OR mant\u0131\u011f\u0131n\u0131 kullanarak ETOPLA ve ETOPLA&#39;n\u0131n g\u00fcc\u00fcn\u00fc art\u0131rmak i\u00e7in basit bir numara \u00f6\u011freneceksiniz. Yapabilirsiniz\",\"breadcrumb\":{\"@id\":\"https:\/\/exceladvisor.org\/tr\/sumif-sumifler-veya-mantik\/#breadcrumb\"},\"inLanguage\":\"tr\",\"potentialAction\":[{\"@type\":\"ReadAction\",\"target\":[\"https:\/\/exceladvisor.org\/tr\/sumif-sumifler-veya-mantik\/\"]}]},{\"@type\":\"ImageObject\",\"inLanguage\":\"tr\",\"@id\":\"https:\/\/exceladvisor.org\/tr\/sumif-sumifler-veya-mantik\/#primaryimage\",\"url\":\"https:\/\/exceladvisor.org\/wp-content\/uploads\/2023\/08\/table-de-donnees-a-utiliser-ou-logique-a-utiliser-dans-sumifs-sumif-1.png\",\"contentUrl\":\"https:\/\/exceladvisor.org\/wp-content\/uploads\/2023\/08\/table-de-donnees-a-utiliser-ou-logique-a-utiliser-dans-sumifs-sumif-1.png\"},{\"@type\":\"BreadcrumbList\",\"@id\":\"https:\/\/exceladvisor.org\/tr\/sumif-sumifler-veya-mantik\/#breadcrumb\",\"itemListElement\":[{\"@type\":\"ListItem\",\"position\":1,\"name\":\"Ev\",\"item\":\"https:\/\/exceladvisor.org\/tr\/\"},{\"@type\":\"ListItem\",\"position\":2,\"name\":\"Or mant\u0131\u011f\u0131 ile sumif \/ sumifs nas\u0131l kullan\u0131l\u0131r?\"}]},{\"@type\":\"WebSite\",\"@id\":\"https:\/\/exceladvisor.org\/tr\/#website\",\"url\":\"https:\/\/exceladvisor.org\/tr\/\",\"name\":\"Excel Advisor\",\"description\":\"Veri hakimiyetine y\u00f6nelik nihai rehberiniz!\",\"publisher\":{\"@id\":\"https:\/\/exceladvisor.org\/tr\/#organization\"},\"potentialAction\":[{\"@type\":\"SearchAction\",\"target\":{\"@type\":\"EntryPoint\",\"urlTemplate\":\"https:\/\/exceladvisor.org\/tr\/?s={search_term_string}\"},\"query-input\":{\"@type\":\"PropertyValueSpecification\",\"valueRequired\":true,\"valueName\":\"search_term_string\"}}],\"inLanguage\":\"tr\"},{\"@type\":\"Organization\",\"@id\":\"https:\/\/exceladvisor.org\/tr\/#organization\",\"name\":\"Excel Advisor\",\"url\":\"https:\/\/exceladvisor.org\/tr\/\",\"logo\":{\"@type\":\"ImageObject\",\"inLanguage\":\"tr\",\"@id\":\"https:\/\/exceladvisor.org\/tr\/#\/schema\/logo\/image\/\",\"url\":\"https:\/\/exceladvisor.org\/tr\/wp-content\/uploads\/2023\/12\/exceladvisor.org_.png\",\"contentUrl\":\"https:\/\/exceladvisor.org\/tr\/wp-content\/uploads\/2023\/12\/exceladvisor.org_.png\",\"width\":105,\"height\":36,\"caption\":\"Excel Advisor\"},\"image\":{\"@id\":\"https:\/\/exceladvisor.org\/tr\/#\/schema\/logo\/image\/\"}}]}<\/script>\n<!-- \/ Yoast SEO plugin. -->","yoast_head_json":{"title":"OR mant\u0131\u011f\u0131 ile SUMIF \/ SUMIFS nas\u0131l kullan\u0131l\u0131r?","description":"Bu makalede OR mant\u0131\u011f\u0131n\u0131 kullanarak ETOPLA ve ETOPLA&#39;n\u0131n g\u00fcc\u00fcn\u00fc art\u0131rmak i\u00e7in basit bir numara \u00f6\u011freneceksiniz. Yapabilirsiniz","robots":{"index":"index","follow":"follow","max-snippet":"max-snippet:-1","max-image-preview":"max-image-preview:large","max-video-preview":"max-video-preview:-1"},"canonical":"https:\/\/exceladvisor.org\/tr\/sumif-sumifler-veya-mantik\/","og_locale":"tr_TR","og_type":"article","og_title":"OR mant\u0131\u011f\u0131 ile SUMIF \/ SUMIFS nas\u0131l kullan\u0131l\u0131r?","og_description":"Bu makalede OR mant\u0131\u011f\u0131n\u0131 kullanarak ETOPLA ve ETOPLA&#39;n\u0131n g\u00fcc\u00fcn\u00fc art\u0131rmak i\u00e7in basit bir numara \u00f6\u011freneceksiniz. Yapabilirsiniz","og_url":"https:\/\/exceladvisor.org\/tr\/sumif-sumifler-veya-mantik\/","og_site_name":"Excel Advisor","article_modified_time":"2023-12-10T06:04:46+00:00","og_image":[{"url":"https:\/\/exceladvisor.org\/wp-content\/uploads\/2023\/08\/table-de-donnees-a-utiliser-ou-logique-a-utiliser-dans-sumifs-sumif-1.png","type":"","width":"","height":""}],"twitter_card":"summary_large_image","twitter_misc":{"Tahmini okuma s\u00fcresi":"5 dakika"},"schema":{"@context":"https:\/\/schema.org","@graph":[{"@type":"WebPage","@id":"https:\/\/exceladvisor.org\/tr\/sumif-sumifler-veya-mantik\/","url":"https:\/\/exceladvisor.org\/tr\/sumif-sumifler-veya-mantik\/","name":"OR mant\u0131\u011f\u0131 ile SUMIF \/ SUMIFS nas\u0131l kullan\u0131l\u0131r?","isPartOf":{"@id":"https:\/\/exceladvisor.org\/tr\/#website"},"primaryImageOfPage":{"@id":"https:\/\/exceladvisor.org\/tr\/sumif-sumifler-veya-mantik\/#primaryimage"},"image":{"@id":"https:\/\/exceladvisor.org\/tr\/sumif-sumifler-veya-mantik\/#primaryimage"},"thumbnailUrl":"https:\/\/exceladvisor.org\/wp-content\/uploads\/2023\/08\/table-de-donnees-a-utiliser-ou-logique-a-utiliser-dans-sumifs-sumif-1.png","datePublished":"2023-11-19T17:43:07+00:00","dateModified":"2023-12-10T06:04:46+00:00","description":"Bu makalede OR mant\u0131\u011f\u0131n\u0131 kullanarak ETOPLA ve ETOPLA&#39;n\u0131n g\u00fcc\u00fcn\u00fc art\u0131rmak i\u00e7in basit bir numara \u00f6\u011freneceksiniz. Yapabilirsiniz","breadcrumb":{"@id":"https:\/\/exceladvisor.org\/tr\/sumif-sumifler-veya-mantik\/#breadcrumb"},"inLanguage":"tr","potentialAction":[{"@type":"ReadAction","target":["https:\/\/exceladvisor.org\/tr\/sumif-sumifler-veya-mantik\/"]}]},{"@type":"ImageObject","inLanguage":"tr","@id":"https:\/\/exceladvisor.org\/tr\/sumif-sumifler-veya-mantik\/#primaryimage","url":"https:\/\/exceladvisor.org\/wp-content\/uploads\/2023\/08\/table-de-donnees-a-utiliser-ou-logique-a-utiliser-dans-sumifs-sumif-1.png","contentUrl":"https:\/\/exceladvisor.org\/wp-content\/uploads\/2023\/08\/table-de-donnees-a-utiliser-ou-logique-a-utiliser-dans-sumifs-sumif-1.png"},{"@type":"BreadcrumbList","@id":"https:\/\/exceladvisor.org\/tr\/sumif-sumifler-veya-mantik\/#breadcrumb","itemListElement":[{"@type":"ListItem","position":1,"name":"Ev","item":"https:\/\/exceladvisor.org\/tr\/"},{"@type":"ListItem","position":2,"name":"Or mant\u0131\u011f\u0131 ile sumif \/ sumifs nas\u0131l kullan\u0131l\u0131r?"}]},{"@type":"WebSite","@id":"https:\/\/exceladvisor.org\/tr\/#website","url":"https:\/\/exceladvisor.org\/tr\/","name":"Excel Advisor","description":"Veri hakimiyetine y\u00f6nelik nihai rehberiniz!","publisher":{"@id":"https:\/\/exceladvisor.org\/tr\/#organization"},"potentialAction":[{"@type":"SearchAction","target":{"@type":"EntryPoint","urlTemplate":"https:\/\/exceladvisor.org\/tr\/?s={search_term_string}"},"query-input":{"@type":"PropertyValueSpecification","valueRequired":true,"valueName":"search_term_string"}}],"inLanguage":"tr"},{"@type":"Organization","@id":"https:\/\/exceladvisor.org\/tr\/#organization","name":"Excel Advisor","url":"https:\/\/exceladvisor.org\/tr\/","logo":{"@type":"ImageObject","inLanguage":"tr","@id":"https:\/\/exceladvisor.org\/tr\/#\/schema\/logo\/image\/","url":"https:\/\/exceladvisor.org\/tr\/wp-content\/uploads\/2023\/12\/exceladvisor.org_.png","contentUrl":"https:\/\/exceladvisor.org\/tr\/wp-content\/uploads\/2023\/12\/exceladvisor.org_.png","width":105,"height":36,"caption":"Excel Advisor"},"image":{"@id":"https:\/\/exceladvisor.org\/tr\/#\/schema\/logo\/image\/"}}]}},"yoast_meta":{"yoast_wpseo_title":"","yoast_wpseo_metadesc":"","yoast_wpseo_canonical":""},"_links":{"self":[{"href":"https:\/\/exceladvisor.org\/tr\/wp-json\/wp\/v2\/pages\/1507","targetHints":{"allow":["GET"]}}],"collection":[{"href":"https:\/\/exceladvisor.org\/tr\/wp-json\/wp\/v2\/pages"}],"about":[{"href":"https:\/\/exceladvisor.org\/tr\/wp-json\/wp\/v2\/types\/page"}],"author":[{"embeddable":true,"href":"https:\/\/exceladvisor.org\/tr\/wp-json\/wp\/v2\/users\/1"}],"replies":[{"embeddable":true,"href":"https:\/\/exceladvisor.org\/tr\/wp-json\/wp\/v2\/comments?post=1507"}],"version-history":[{"count":1,"href":"https:\/\/exceladvisor.org\/tr\/wp-json\/wp\/v2\/pages\/1507\/revisions"}],"predecessor-version":[{"id":2759,"href":"https:\/\/exceladvisor.org\/tr\/wp-json\/wp\/v2\/pages\/1507\/revisions\/2759"}],"wp:attachment":[{"href":"https:\/\/exceladvisor.org\/tr\/wp-json\/wp\/v2\/media?parent=1507"}],"curies":[{"name":"wp","href":"https:\/\/api.w.org\/{rel}","templated":true}]}}