{"id":1508,"date":"2023-11-19T15:15:07","date_gmt":"2023-11-19T15:15:07","guid":{"rendered":"https:\/\/exceladvisor.org\/tr\/joker-karakterli-sutif\/"},"modified":"2023-12-10T06:04:30","modified_gmt":"2023-12-10T06:04:30","slug":"joker-karakterli-sutif","status":"publish","type":"page","link":"https:\/\/exceladvisor.org\/tr\/joker-karakterli-sutif\/","title":{"rendered":"Sumif joker karakterlerle nas\u0131l kullan\u0131l\u0131r?"},"content":{"rendered":"<div class=\"excel-icerikten-once\" id=\"excel-1819946377\"><script type=\"text\/javascript\">\r\n\tatOptions = {\r\n\t\t'key' : 'c1158f160081d6540a8409e6925dab94',\r\n\t\t'format' : 'iframe',\r\n\t\t'height' : 250,\r\n\t\t'width' : 300,\r\n\t\t'params' : {}\r\n\t};\r\n<\/script>\r\n<script type=\"text\/javascript\" src=\"\/\/www.highperformanceformat.com\/c1158f160081d6540a8409e6925dab94\/invoke.js\"><\/script><\/div> <p>ETOPLA <a style=\"outline: none; display: inline-block;\" href=\"https:\/\/exceladvisor.org\/tr\/excel-fonksiyonlari\/\">benim en sevdi\u011fim Excel i\u015flevlerinden<\/a> biridir ve eminim sizinki de \u00f6yledir. Ancak beni her zaman endi\u015felendiren \u015fey, de\u011ferleri ancak kriterler de\u011ferlerle m\u00fckemmel \u015fekilde e\u015fle\u015fti\u011finde ekleyebilece\u011fimizdir.<\/p><p> Diyelim ki ad\u0131n\u0131z John Martin.<\/p><p> Bu durumda ad\u0131n\u0131z\u0131 kullanarak de\u011fer eklemek istiyorsak tam ad\u0131n\u0131z\u0131 almam\u0131z gerekir. Ve e\u011fer elimizde sadece ad\u0131n\u0131z varsa onu kullanamay\u0131z.<\/p><p> Evet, bu bir sorun. Ancak buna da bir \u00e7\u00f6z\u00fcm\u00fcm var. <a href=\"https:\/\/exceladvisor.org\/tr\/joker-karakterler-2\/\" data-wpil=\"url\">Excel joker karakterlerini<\/a> hat\u0131rl\u0131yor musunuz? Evet hakl\u0131s\u0131n.<\/p><p> <strong><span style=\"color: #ea493f;\">SUMIF ile joker karakter<\/span><\/strong> kullan\u0131rsak k\u0131smi kriterleri kullanarak de\u011ferleri toplayabiliriz. \u0130yi haber \u015fu ki, SUMIF\/SUMIFS ile \u00fc\u00e7 karakteri de (y\u0131ld\u0131z i\u015fareti [*], soru i\u015fareti [?], yakla\u015f\u0131k i\u015fareti [~]) kullanabiliriz.<\/p><p> Bug\u00fcn bu makalede, \u00fc\u00e7 karakterin de kullan\u0131m\u0131n\u0131 \u00f6rneklerle a\u00e7\u0131klayan, joker karakterlerle SUMIF kullanman\u0131n basit bir yolunu sizlerle payla\u015fmak istiyorum.<\/p><p> Joker karakterler hakk\u0131nda daha fazla bilgi edinmek istiyorsan\u0131z <a style=\"outline: none;\" href=\"https:\/\/exceladvisor.org\/tr\/joker-karakterler-2\/\" data-wpil=\"url\">bu k\u0131lavuzdan<\/a> \u00f6\u011freneceksiniz ve takip etmek i\u00e7in bu veri dosyas\u0131n\u0131 buradan indirdi\u011finizden emin olun.<\/p><p> Ve \u015fimdi ba\u015flayal\u0131m&#8230;<\/p><h2 id=\"tab-con-5\" class=\"wp-block-heading\"> 1. ETOPLA ile y\u0131ld\u0131z i\u015fareti [*]<\/h2><p> Y\u0131ld\u0131z i\u015fareti en pop\u00fcler joker karakterdir. Ve SUMIF ile m\u00fckemmel bir \u015fekilde kullan\u0131labilecek bir tanesidir.<\/p><h3 class=\"wp-block-heading\"> Y\u0131ld\u0131z i\u015fareti: h\u0131zl\u0131 bir giri\u015f<\/h3><p> \u00d6l\u00e7\u00fct\u00fcn sonunda veya ba\u015f\u0131nda bir veya daha fazla eksik karakteri g\u00f6stermek i\u00e7in <a href=\"https:\/\/exceladvisor.org\/tr\/joker-karakterler-2\/\" data-wpil=\"url\">y\u0131ld\u0131z i\u015fareti<\/a> kullanabilirsiniz.<\/p><p> Dedi\u011fim gibi, John&#8217;u kriter olarak al\u0131rsak ve John Martin ismine ait de\u011ferleri toplamam\u0131z gerekirse, metnin geri kalan\u0131n\u0131 sunmak i\u00e7in &#8220;John&#8221; metnini y\u0131ld\u0131z i\u015faretiyle birle\u015ftirebiliriz. Metnin geri kalan\u0131n\u0131 sunmak i\u00e7in y\u0131ld\u0131z i\u015faretiyle.<\/p><h3 class=\"wp-block-heading\"> \u00d6rnek: ETOPLA + y\u0131ld\u0131z i\u015fareti<\/h3><p> Burada y\u0131ld\u0131z i\u015faretinin SUMIF ile nas\u0131l \u00e7al\u0131\u015ft\u0131\u011f\u0131n\u0131 anlaman\u0131z i\u00e7in daha iyi bir \u00f6rne\u011fim var.<\/p><p> A\u015fa\u011f\u0131da \u00fcr\u00fcn ad\u0131 ve fatura numaras\u0131n\u0131n eklendi\u011fi veya \u00fcr\u00fcn ba\u015f\u0131na bir fatura numaras\u0131 diyebilece\u011finiz bir s\u00fctunun bulundu\u011fu tablo bulunmaktad\u0131r. <\/p><div class=\"wp-block-image\"><figure class=\"aligncenter\"><img decoding=\"async\" src=\"https:\/\/exceladvisor.org\/wp-content\/uploads\/2023\/08\/donnees-pour-obtenir-les-totaux-de-la-facture-en-utilisant-sumif-avec-des-caracteres-generiques.png\" sizes=\"\" srcset=\"\" alt=\"joker karakterlerle sumif kullanarak fatura toplamlar\u0131n\u0131 almak i\u00e7in veriler\"><\/figure><\/div><p> \u015eimdi bu tablodan \u00fcr\u00fcn ba\u015f\u0131na toplam olu\u015fturmam\u0131z gerekiyor. Ancak g\u00f6rd\u00fc\u011f\u00fcn\u00fcz gibi, her \u00fcr\u00fcn ad\u0131 benzersizdir \u00e7\u00fcnk\u00fc fatura numaram\u0131z da vard\u0131r.<\/p><p> Buradan <a href=\"https:\/\/exceladvisor.org\/tr\/pivot-tablo-1\/\" data-wpil=\"url\">pivot tablo olu\u015ftursak<\/a> bile \u00fcr\u00fcn ba\u015f\u0131na toplam alam\u0131yoruz. Yani y\u0131ld\u0131z i\u015fareti kullanman\u0131n zaman\u0131 geldi ve form\u00fcl \u015fu \u015fekilde olacakt\u0131r: <\/p><pre class=\"wp-block-code\"> <code class=\"language-excel-formula\" lang=\"excel-formula\">=SUMIF(invoice_column,product_name&amp;\"*\",amount_column)<\/code><\/pre><div class=\"wp-block-image\"><figure class=\"aligncenter\"><img decoding=\"async\" src=\"https:\/\/exceladvisor.org\/wp-content\/uploads\/2023\/08\/formule-utilisant-le-caractere-generique-asterisque-avec-sumif-pour-obtenir-le-total-de-la-facture.png\" sizes=\"\" srcset=\"\" alt=\"Fatura toplam\u0131n\u0131 almak i\u00e7in sumifli y\u0131ld\u0131z i\u015fareti joker karakterini kullanan form\u00fcl\"><\/figure><\/div><p> Yukar\u0131daki form\u00fclde \u00fcr\u00fcn ad\u0131n\u0131 her \u00fcr\u00fcn i\u00e7in y\u0131ld\u0131z joker karakter toplam de\u011ferleriyle birle\u015ftirdik.<\/p><p> Yani SUMIF, fatura s\u00fctunu kriterleriyle e\u015fle\u015fti\u011finde y\u0131ld\u0131z i\u015faretinden \u00f6nceki karakterleri al\u0131r ve geri kalan karakterlerin yerine ge\u00e7er.<\/p><p> Basit bir ifadeyle, bir h\u00fccrenin \u00fcr\u00fcn ad\u0131ndan sonraki t\u00fcm karakterleri yok sayar ve miktar s\u00fctununun toplam\u0131n\u0131 d\u00f6nd\u00fcr\u00fcr.<\/p><p> Bu \u015fekilde s\u00fctunda uygun bir \u00fcr\u00fcn ad\u0131 olmad\u0131\u011f\u0131nda bile \u00fcr\u00fcn ba\u015f\u0131na toplam\u0131 alabiliriz.<\/p><h2 id=\"tab-con-1\" class=\"wp-block-heading\"> 2. ETOPLA ile soru i\u015fareti [?]<\/h2><p> Y\u0131ld\u0131z i\u015faretinden sonraki \u00f6nemli karakter <a href=\"https:\/\/exceladvisor.org\/tr\/joker-karakterler-2\/\" data-wpil=\"url\">soru i\u015faretidir<\/a> . SUMIF\/SUMIFS, k\u0131smi metin \u00f6l\u00e7\u00fctleri olu\u015fturman\u0131za yard\u0131mc\u0131 olabilir.<\/p><h3 class=\"wp-block-heading\"> Soru \u0130\u015fareti: H\u0131zl\u0131 Bir Giri\u015f<\/h3><p> Bir metin dizesinde bilinmeyen tek bir karakteri g\u00f6stermek i\u00e7in soru i\u015faretini kullanabilirsiniz.<\/p><p> Benim ad\u0131m \u201cPUNEET\u201d. Peki birisi bunu PUNNET ve PUNIIT gibi yazarsa ne olur? Bu ikisiyle veya ba\u015fka herhangi biriyle ilgili bir de\u011feri TOPLAMIYORUM.<\/p><p> PUN??T (\u0130ki Soru \u0130\u015fareti) kullan\u0131rsam, her iki kriterin de\u011ferlerini TOPLAMda bana yard\u0131mc\u0131 olur.<\/p><h3 class=\"wp-block-heading\"> \u00d6rnek: ETOPLA + soru i\u015fareti<\/h3><p> Normalde soru i\u015faretinin kullan\u0131m\u0131 y\u0131ld\u0131z i\u015faretine k\u0131yasla o kadar yayg\u0131n de\u011fildir, ancak o zaman bile \u00f6\u011frenilmesi \u00f6nemlidir ve baz\u0131 \u00f6zel durumlarda kullan\u0131labilir.<\/p><p> A\u015fa\u011f\u0131daki verilere bir g\u00f6z at\u0131n (yine ad\u0131m\u0131 kullan\u0131yorum). Yak\u0131ndan bakarsan\u0131z ismimin listede birka\u00e7 kez ge\u00e7ti\u011fini g\u00f6receksiniz.<\/p><p> Ancak dikkat edilmesi gereken nokta, ad ve soyad aras\u0131nda bo\u015fluk yerine farkl\u0131 karakterlerin olmas\u0131d\u0131r.<\/p><p> Ve e\u011fer oradaki t\u00fcm bonuslar\u0131 \u00f6zetlemek isterseniz, sadece benim ad\u0131ma at\u0131fta bulunamazs\u0131n\u0131z.<\/p><p> \u0130sim birden fazla h\u00fccrede bulunsa bile her biri benzersiz olsa da bu sorunu \u00e7\u00f6zmek ve t\u00fcm bonuslar\u0131 toplamak i\u00e7in a\u015fa\u011f\u0131daki form\u00fcl\u00fc kullanabilirsiniz.<\/p><pre class=\"wp-block-code\"> <code class=\"language-excel-formula\" lang=\"excel-formula\">=SUMIF(name_column,\"Puneet?Gogia\",amount_column)<\/code><\/pre><p> \u015eimdi burada ad ve soyad\u0131 aras\u0131na soru i\u015fareti kulland\u0131n\u0131z. Mesele \u015fu ki, soru i\u015fareti kulland\u0131\u011f\u0131n\u0131zda, o karakteri yaln\u0131zca mevcut karakterlerden biriyle de\u011fi\u015ftirir.<\/p><p> ETOPLA, belirtti\u011finiz kriterleri kulland\u0131\u011f\u0131nda yaln\u0131zca ad ve soyad\u0131yla e\u015fle\u015fir ve soru i\u015fareti kulland\u0131\u011f\u0131n\u0131z ayn\u0131 konum i\u00e7in e\u015fle\u015fen de\u011ferlerdeki karakterleri yok sayar.<\/p><p> Yani can al\u0131c\u0131 nokta \u015fudur: soru i\u015fareti bir metin dizesindeki tek bir karakteri temsil eder.<\/p><h2 id=\"tab-con-3\" class=\"wp-block-heading\"> 3. ETOPLA ile yakla\u015f\u0131k i\u015fareti [~]<\/h2><p> <a href=\"https:\/\/exceladvisor.org\/tr\/joker-karakterler-2\/\" data-wpil=\"url\">Joker karakter olarak tilde<\/a> kullanman\u0131z gerekip gerekmeyece\u011fini bilmiyorum. Ancak i\u015finiz en kirli verileri i\u015flemeyi i\u00e7eriyorsa, bir g\u00fcn yakla\u015f\u0131k i\u015fareti kullan\u0131\u015fl\u0131 olabilir.<\/p><h3 class=\"wp-block-heading\"> Tilde: h\u0131zl\u0131 bir giri\u015f<\/h3><p> Basit\u00e7e s\u00f6ylemek gerekirse, yakla\u015f\u0131k i\u015fareti joker karakterlerin (y\u0131ld\u0131z i\u015fareti ve soru i\u015fareti) etkisini ge\u00e7ersiz k\u0131lar.<\/p><p> \u00d6rne\u011fin, y\u0131ld\u0131z i\u015fareti veya soru i\u015faretinin bulundu\u011fu metni ger\u00e7ek karakter olarak kullanarak de\u011fer eklemeye \u00e7al\u0131\u015f\u0131rsan\u0131z, ETOPLA bunlar\u0131 ger\u00e7ek karakter yerine joker karakter olarak de\u011ferlendirecektir.<\/p><h3 class=\"wp-block-heading\"> \u00d6rnek: ETOPLA + Tilde<\/h3><p> Burada yukar\u0131daki \u00f6rnekte oldu\u011fu gibi ayn\u0131 verileri kullan\u0131yoruz ve bu verilerde yine benim ad\u0131m yer al\u0131yor. Ancak zaman\u0131n bu ad\u0131 zaten genel bir karaktere sahiptir.<\/p><p> Bu verilerden bonus de\u011ferlerini soru i\u015faretinin bulundu\u011fu isimle toplaman\u0131z gerekir. Bonus de\u011ferlerini toplamak i\u00e7in kriterleri basit\u00e7e kulland\u0131\u011f\u0131m\u0131z a\u015fa\u011f\u0131daki \u00f6rne\u011fe bir g\u00f6z at\u0131n.<\/p><p> Ama\u00e7: Form\u00fcl sonucuna bakt\u0131\u011f\u0131n\u0131zda t\u00fcm bonus de\u011ferlerinin (ad ve soyad\u0131 i\u00e7in) toplam\u0131n\u0131 g\u00f6r\u00fcnt\u00fcler.<\/p><p> ETOPLA, kriterlerdeki bu soru i\u015faretini joker karakter olarak kabul eder ve kriterdeki metnin &#8220;Puneet&#8221; oldu\u011fu bonus de\u011ferlerinin toplam\u0131n\u0131 d\u00f6nd\u00fcr\u00fcr. Dedi\u011fim gibi de\u011ferlerin toplam\u0131n\u0131 alabilmek i\u00e7in y\u0131ld\u0131z i\u015faretli tilde kullanmam\u0131z gerekiyor. Yani form\u00fcl \u015f\u00f6yle olacakt\u0131r:<\/p><pre class=\"wp-block-code\"> <code class=\"language-excel-formula\" lang=\"excel-formula\">=SUMIF(name_column,\"Puneet*~\",amount_column)<\/code><\/pre><p> Yani y\u0131ld\u0131z i\u015faretinin yan\u0131nda yakla\u015f\u0131k i\u015fareti kulland\u0131\u011f\u0131n\u0131zda, ETOPLA bunu joker karakter yerine ger\u00e7ek bir karakter olarak al\u0131r.<\/p><p> Sorun \u00e7\u00f6z\u00fcld\u00fc. Do\u011fru de\u011fer toplam\u0131n\u0131 elde ettiniz.<\/p><h2 id=\"tab-con-4\" class=\"wp-block-heading\"> \u00c7\u00f6z\u00fcm<\/h2><p> SUMIF\/SUMIFS ile joker karakterleri kullanman\u0131n ho\u015fuma giden yan\u0131, zamandan tasarruf sa\u011flamas\u0131 ve orijinal de\u011ferlerde herhangi bir ba\u015flang\u0131\u00e7 de\u011fi\u015fikli\u011fi yapmadan de\u011fer ekleyebilmenizdir.<\/p><p> Sadece hat\u0131rl\u0131yorum:<\/p><ol><li> Tam metin dizesinden emin olmad\u0131\u011f\u0131n\u0131z verileriniz varsa y\u0131ld\u0131z i\u015fareti kullanabilirsiniz.<\/li><li> Ayr\u0131ca belirli say\u0131da karakteri de\u011fi\u015ftirmek istiyorsan\u0131z soru i\u015fareti kullan\u0131labilir.<\/li><li> Ancak dedi\u011fim gibi, i\u015finiz kirli verilerin \u00e7o\u011funun i\u015flenmesini i\u00e7eriyor, dolay\u0131s\u0131yla yakla\u015f\u0131k i\u015fareti kullan\u0131\u015fl\u0131 olabilir.<\/li><\/ol><p> Umar\u0131m bu ipucu form\u00fcllerde daha iyi olman\u0131za yard\u0131mc\u0131 olur. En \u015fa\u015f\u0131rt\u0131c\u0131 Excel form\u00fcllerinden baz\u0131lar\u0131n\u0131 buradan \u00f6\u011frenebilirsiniz.<\/p><p> \u015eimdi bana bir \u015fey s\u00f6yle.<\/p><p> Daha \u00f6nce hi\u00e7 SUMIF&#8217;i joker karakterlerle kulland\u0131n\u0131z m\u0131?<\/p><p> D\u00fc\u015f\u00fcncelerinizi yorum k\u0131sm\u0131nda benimle payla\u015f\u0131n, sizden haber almay\u0131 \u00e7ok isterim. Ve bu ipucunu arkada\u015flar\u0131n\u0131zla payla\u015fmay\u0131 unutmay\u0131n.<\/p><div class=\"gb-container gb-container-0df56012 gb-container-mt\"> <a class=\"gb-button gb-button-f9f432f4 gb-button-text gb-button-mt-button\" href=\"https:\/\/exceladvisor.org\/tr\/formuller\/\">Excel form\u00fcllerinin listesi<\/a><h2 class=\"gb-headline gb-headline-233444e8 gb-headline-text gb-headline-mt-heading\"> \u0130lgili form\u00fcller <\/h2><div class=\"gb-grid-wrapper gb-grid-wrapper-a16fa65c gb-grid-wrapper-mt-grid\"><div class=\"gb-grid-column gb-grid-column-50d07e0d\"><div class=\"gb-container gb-container-50d07e0d\"><ul><li> <a href=\"https:\/\/exceladvisor.org\/tr\/toplamindan-buyukse\/\">SUMIF kullanarak de\u011ferlerden daha b\u00fcy\u00fck toplam<\/a><\/li><li> <a href=\"https:\/\/exceladvisor.org\/tr\/toplamlar-esit-degil\/\">Excel&#8217;de e\u015fit olmayan de\u011ferlerin toplam\u0131 (SUMIFS)<\/a><\/li><li> <a href=\"https:\/\/exceladvisor.org\/tr\/sumif-sumifler-veya-mantik\/\">Excel&#8217;de VEYA mant\u0131\u011f\u0131yla ETOPLA\/TOPLA<\/a><\/li><li> <a href=\"https:\/\/exceladvisor.org\/tr\/iki-tarih-arasindaki-degerlerin-toplami\/\">SUMIFS tarih aral\u0131\u011f\u0131 (iki tarih dizisi aras\u0131ndaki de\u011ferlerin toplam\u0131)<\/a><\/li><li> <a href=\"https:\/\/exceladvisor.org\/tr\/toplam-gorunumu\/\">D\u00dc\u015eEYARA&#8217;y\u0131 ETOPLA ile birle\u015ftirme<\/a> <\/li><\/ul><\/div><\/div><div class=\"gb-grid-column gb-grid-column-5b4a0cf9\"><div class=\"gb-container gb-container-5b4a0cf9\"><\/div><\/div><\/div><\/div>","protected":false},"excerpt":{"rendered":"","protected":false},"author":1,"featured_media":0,"parent":0,"menu_order":0,"comment_status":"open","ping_status":"closed","template":"","meta":{"ub_ctt_via":"","footnotes":""},"class_list":["post-1508","page","type-page","status-publish","hentry"],"featured_image_src":null,"yoast_head":"<!-- This site is optimized with the Yoast SEO plugin v25.4 - https:\/\/yoast.com\/wordpress\/plugins\/seo\/ -->\n<title>Excel&#039;de SUMIF Joker Karakterlerle Nas\u0131l Kullan\u0131l\u0131r [Ultimate Formula Hack]<\/title>\n<meta name=\"description\" content=\"Excel joker karakterlerini hat\u0131rl\u0131yor musunuz? SUMIF ile joker karakterler kullan\u0131rsak k\u0131smi kriterleri kullanarak de\u011ferleri toplayabiliriz ve iyi haber \u015fu ki...\" \/>\n<meta name=\"robots\" content=\"index, follow, max-snippet:-1, max-image-preview:large, max-video-preview:-1\" \/>\n<link rel=\"canonical\" href=\"https:\/\/exceladvisor.org\/tr\/joker-karakterli-sutif\/\" \/>\n<meta property=\"og:locale\" content=\"tr_TR\" \/>\n<meta property=\"og:type\" content=\"article\" \/>\n<meta property=\"og:title\" content=\"Excel&#039;de SUMIF Joker Karakterlerle Nas\u0131l Kullan\u0131l\u0131r [Ultimate Formula Hack]\" \/>\n<meta property=\"og:description\" content=\"Excel joker karakterlerini hat\u0131rl\u0131yor musunuz? SUMIF ile joker karakterler kullan\u0131rsak k\u0131smi kriterleri kullanarak de\u011ferleri toplayabiliriz ve iyi haber \u015fu ki...\" \/>\n<meta property=\"og:url\" content=\"https:\/\/exceladvisor.org\/tr\/joker-karakterli-sutif\/\" \/>\n<meta property=\"og:site_name\" content=\"Excel Advisor\" \/>\n<meta property=\"article:modified_time\" content=\"2023-12-10T06:04:30+00:00\" \/>\n<meta property=\"og:image\" content=\"https:\/\/exceladvisor.org\/wp-content\/uploads\/2023\/08\/donnees-pour-obtenir-les-totaux-de-la-facture-en-utilisant-sumif-avec-des-caracteres-generiques.png\" \/>\n<meta name=\"twitter:card\" content=\"summary_large_image\" \/>\n<meta name=\"twitter:label1\" content=\"Tahmini okuma s\u00fcresi\" \/>\n\t<meta name=\"twitter:data1\" content=\"7 dakika\" \/>\n<script type=\"application\/ld+json\" class=\"yoast-schema-graph\">{\"@context\":\"https:\/\/schema.org\",\"@graph\":[{\"@type\":\"WebPage\",\"@id\":\"https:\/\/exceladvisor.org\/tr\/joker-karakterli-sutif\/\",\"url\":\"https:\/\/exceladvisor.org\/tr\/joker-karakterli-sutif\/\",\"name\":\"Excel&#39;de SUMIF Joker Karakterlerle Nas\u0131l Kullan\u0131l\u0131r [Ultimate Formula Hack]\",\"isPartOf\":{\"@id\":\"https:\/\/exceladvisor.org\/tr\/#website\"},\"primaryImageOfPage\":{\"@id\":\"https:\/\/exceladvisor.org\/tr\/joker-karakterli-sutif\/#primaryimage\"},\"image\":{\"@id\":\"https:\/\/exceladvisor.org\/tr\/joker-karakterli-sutif\/#primaryimage\"},\"thumbnailUrl\":\"https:\/\/exceladvisor.org\/wp-content\/uploads\/2023\/08\/donnees-pour-obtenir-les-totaux-de-la-facture-en-utilisant-sumif-avec-des-caracteres-generiques.png\",\"datePublished\":\"2023-11-19T15:15:07+00:00\",\"dateModified\":\"2023-12-10T06:04:30+00:00\",\"description\":\"Excel joker karakterlerini hat\u0131rl\u0131yor musunuz? SUMIF ile joker karakterler kullan\u0131rsak k\u0131smi kriterleri kullanarak de\u011ferleri toplayabiliriz ve iyi haber \u015fu ki...\",\"breadcrumb\":{\"@id\":\"https:\/\/exceladvisor.org\/tr\/joker-karakterli-sutif\/#breadcrumb\"},\"inLanguage\":\"tr\",\"potentialAction\":[{\"@type\":\"ReadAction\",\"target\":[\"https:\/\/exceladvisor.org\/tr\/joker-karakterli-sutif\/\"]}]},{\"@type\":\"ImageObject\",\"inLanguage\":\"tr\",\"@id\":\"https:\/\/exceladvisor.org\/tr\/joker-karakterli-sutif\/#primaryimage\",\"url\":\"https:\/\/exceladvisor.org\/wp-content\/uploads\/2023\/08\/donnees-pour-obtenir-les-totaux-de-la-facture-en-utilisant-sumif-avec-des-caracteres-generiques.png\",\"contentUrl\":\"https:\/\/exceladvisor.org\/wp-content\/uploads\/2023\/08\/donnees-pour-obtenir-les-totaux-de-la-facture-en-utilisant-sumif-avec-des-caracteres-generiques.png\"},{\"@type\":\"BreadcrumbList\",\"@id\":\"https:\/\/exceladvisor.org\/tr\/joker-karakterli-sutif\/#breadcrumb\",\"itemListElement\":[{\"@type\":\"ListItem\",\"position\":1,\"name\":\"Ev\",\"item\":\"https:\/\/exceladvisor.org\/tr\/\"},{\"@type\":\"ListItem\",\"position\":2,\"name\":\"Sumif joker karakterlerle nas\u0131l kullan\u0131l\u0131r?\"}]},{\"@type\":\"WebSite\",\"@id\":\"https:\/\/exceladvisor.org\/tr\/#website\",\"url\":\"https:\/\/exceladvisor.org\/tr\/\",\"name\":\"Excel Advisor\",\"description\":\"Veri hakimiyetine y\u00f6nelik nihai rehberiniz!\",\"publisher\":{\"@id\":\"https:\/\/exceladvisor.org\/tr\/#organization\"},\"potentialAction\":[{\"@type\":\"SearchAction\",\"target\":{\"@type\":\"EntryPoint\",\"urlTemplate\":\"https:\/\/exceladvisor.org\/tr\/?s={search_term_string}\"},\"query-input\":{\"@type\":\"PropertyValueSpecification\",\"valueRequired\":true,\"valueName\":\"search_term_string\"}}],\"inLanguage\":\"tr\"},{\"@type\":\"Organization\",\"@id\":\"https:\/\/exceladvisor.org\/tr\/#organization\",\"name\":\"Excel Advisor\",\"url\":\"https:\/\/exceladvisor.org\/tr\/\",\"logo\":{\"@type\":\"ImageObject\",\"inLanguage\":\"tr\",\"@id\":\"https:\/\/exceladvisor.org\/tr\/#\/schema\/logo\/image\/\",\"url\":\"https:\/\/exceladvisor.org\/tr\/wp-content\/uploads\/2023\/12\/exceladvisor.org_.png\",\"contentUrl\":\"https:\/\/exceladvisor.org\/tr\/wp-content\/uploads\/2023\/12\/exceladvisor.org_.png\",\"width\":105,\"height\":36,\"caption\":\"Excel Advisor\"},\"image\":{\"@id\":\"https:\/\/exceladvisor.org\/tr\/#\/schema\/logo\/image\/\"}}]}<\/script>\n<!-- \/ Yoast SEO plugin. -->","yoast_head_json":{"title":"Excel&#39;de SUMIF Joker Karakterlerle Nas\u0131l Kullan\u0131l\u0131r [Ultimate Formula Hack]","description":"Excel joker karakterlerini hat\u0131rl\u0131yor musunuz? SUMIF ile joker karakterler kullan\u0131rsak k\u0131smi kriterleri kullanarak de\u011ferleri toplayabiliriz ve iyi haber \u015fu ki...","robots":{"index":"index","follow":"follow","max-snippet":"max-snippet:-1","max-image-preview":"max-image-preview:large","max-video-preview":"max-video-preview:-1"},"canonical":"https:\/\/exceladvisor.org\/tr\/joker-karakterli-sutif\/","og_locale":"tr_TR","og_type":"article","og_title":"Excel&#39;de SUMIF Joker Karakterlerle Nas\u0131l Kullan\u0131l\u0131r [Ultimate Formula Hack]","og_description":"Excel joker karakterlerini hat\u0131rl\u0131yor musunuz? SUMIF ile joker karakterler kullan\u0131rsak k\u0131smi kriterleri kullanarak de\u011ferleri toplayabiliriz ve iyi haber \u015fu ki...","og_url":"https:\/\/exceladvisor.org\/tr\/joker-karakterli-sutif\/","og_site_name":"Excel Advisor","article_modified_time":"2023-12-10T06:04:30+00:00","og_image":[{"url":"https:\/\/exceladvisor.org\/wp-content\/uploads\/2023\/08\/donnees-pour-obtenir-les-totaux-de-la-facture-en-utilisant-sumif-avec-des-caracteres-generiques.png","type":"","width":"","height":""}],"twitter_card":"summary_large_image","twitter_misc":{"Tahmini okuma s\u00fcresi":"7 dakika"},"schema":{"@context":"https:\/\/schema.org","@graph":[{"@type":"WebPage","@id":"https:\/\/exceladvisor.org\/tr\/joker-karakterli-sutif\/","url":"https:\/\/exceladvisor.org\/tr\/joker-karakterli-sutif\/","name":"Excel&#39;de SUMIF Joker Karakterlerle Nas\u0131l Kullan\u0131l\u0131r [Ultimate Formula Hack]","isPartOf":{"@id":"https:\/\/exceladvisor.org\/tr\/#website"},"primaryImageOfPage":{"@id":"https:\/\/exceladvisor.org\/tr\/joker-karakterli-sutif\/#primaryimage"},"image":{"@id":"https:\/\/exceladvisor.org\/tr\/joker-karakterli-sutif\/#primaryimage"},"thumbnailUrl":"https:\/\/exceladvisor.org\/wp-content\/uploads\/2023\/08\/donnees-pour-obtenir-les-totaux-de-la-facture-en-utilisant-sumif-avec-des-caracteres-generiques.png","datePublished":"2023-11-19T15:15:07+00:00","dateModified":"2023-12-10T06:04:30+00:00","description":"Excel joker karakterlerini hat\u0131rl\u0131yor musunuz? SUMIF ile joker karakterler kullan\u0131rsak k\u0131smi kriterleri kullanarak de\u011ferleri toplayabiliriz ve iyi haber \u015fu ki...","breadcrumb":{"@id":"https:\/\/exceladvisor.org\/tr\/joker-karakterli-sutif\/#breadcrumb"},"inLanguage":"tr","potentialAction":[{"@type":"ReadAction","target":["https:\/\/exceladvisor.org\/tr\/joker-karakterli-sutif\/"]}]},{"@type":"ImageObject","inLanguage":"tr","@id":"https:\/\/exceladvisor.org\/tr\/joker-karakterli-sutif\/#primaryimage","url":"https:\/\/exceladvisor.org\/wp-content\/uploads\/2023\/08\/donnees-pour-obtenir-les-totaux-de-la-facture-en-utilisant-sumif-avec-des-caracteres-generiques.png","contentUrl":"https:\/\/exceladvisor.org\/wp-content\/uploads\/2023\/08\/donnees-pour-obtenir-les-totaux-de-la-facture-en-utilisant-sumif-avec-des-caracteres-generiques.png"},{"@type":"BreadcrumbList","@id":"https:\/\/exceladvisor.org\/tr\/joker-karakterli-sutif\/#breadcrumb","itemListElement":[{"@type":"ListItem","position":1,"name":"Ev","item":"https:\/\/exceladvisor.org\/tr\/"},{"@type":"ListItem","position":2,"name":"Sumif joker karakterlerle nas\u0131l kullan\u0131l\u0131r?"}]},{"@type":"WebSite","@id":"https:\/\/exceladvisor.org\/tr\/#website","url":"https:\/\/exceladvisor.org\/tr\/","name":"Excel Advisor","description":"Veri hakimiyetine y\u00f6nelik nihai rehberiniz!","publisher":{"@id":"https:\/\/exceladvisor.org\/tr\/#organization"},"potentialAction":[{"@type":"SearchAction","target":{"@type":"EntryPoint","urlTemplate":"https:\/\/exceladvisor.org\/tr\/?s={search_term_string}"},"query-input":{"@type":"PropertyValueSpecification","valueRequired":true,"valueName":"search_term_string"}}],"inLanguage":"tr"},{"@type":"Organization","@id":"https:\/\/exceladvisor.org\/tr\/#organization","name":"Excel Advisor","url":"https:\/\/exceladvisor.org\/tr\/","logo":{"@type":"ImageObject","inLanguage":"tr","@id":"https:\/\/exceladvisor.org\/tr\/#\/schema\/logo\/image\/","url":"https:\/\/exceladvisor.org\/tr\/wp-content\/uploads\/2023\/12\/exceladvisor.org_.png","contentUrl":"https:\/\/exceladvisor.org\/tr\/wp-content\/uploads\/2023\/12\/exceladvisor.org_.png","width":105,"height":36,"caption":"Excel Advisor"},"image":{"@id":"https:\/\/exceladvisor.org\/tr\/#\/schema\/logo\/image\/"}}]}},"yoast_meta":{"yoast_wpseo_title":"","yoast_wpseo_metadesc":"","yoast_wpseo_canonical":""},"_links":{"self":[{"href":"https:\/\/exceladvisor.org\/tr\/wp-json\/wp\/v2\/pages\/1508","targetHints":{"allow":["GET"]}}],"collection":[{"href":"https:\/\/exceladvisor.org\/tr\/wp-json\/wp\/v2\/pages"}],"about":[{"href":"https:\/\/exceladvisor.org\/tr\/wp-json\/wp\/v2\/types\/page"}],"author":[{"embeddable":true,"href":"https:\/\/exceladvisor.org\/tr\/wp-json\/wp\/v2\/users\/1"}],"replies":[{"embeddable":true,"href":"https:\/\/exceladvisor.org\/tr\/wp-json\/wp\/v2\/comments?post=1508"}],"version-history":[{"count":1,"href":"https:\/\/exceladvisor.org\/tr\/wp-json\/wp\/v2\/pages\/1508\/revisions"}],"predecessor-version":[{"id":2734,"href":"https:\/\/exceladvisor.org\/tr\/wp-json\/wp\/v2\/pages\/1508\/revisions\/2734"}],"wp:attachment":[{"href":"https:\/\/exceladvisor.org\/tr\/wp-json\/wp\/v2\/media?parent=1508"}],"curies":[{"name":"wp","href":"https:\/\/api.w.org\/{rel}","templated":true}]}}