{"id":1510,"date":"2023-11-19T01:20:47","date_gmt":"2023-11-19T01:20:47","guid":{"rendered":"https:\/\/exceladvisor.org\/tr\/ay-yil-icindeki-tarih\/"},"modified":"2023-12-10T06:04:38","modified_gmt":"2023-12-10T06:04:38","slug":"ay-yil-icindeki-tarih","status":"publish","type":"page","link":"https:\/\/exceladvisor.org\/tr\/ay-yil-icindeki-tarih\/","title":{"rendered":"Tarihi ay ve y\u0131la nas\u0131l d\u00f6n\u00fc\u015ft\u00fcrebilirim?"},"content":{"rendered":"<div class=\"excel-icerikten-once\" id=\"excel-2933851255\"><script type=\"text\/javascript\">\r\n\tatOptions = {\r\n\t\t'key' : 'c1158f160081d6540a8409e6925dab94',\r\n\t\t'format' : 'iframe',\r\n\t\t'height' : 250,\r\n\t\t'width' : 300,\r\n\t\t'params' : {}\r\n\t};\r\n<\/script>\r\n<script type=\"text\/javascript\" src=\"\/\/www.highperformanceformat.com\/c1158f160081d6540a8409e6925dab94\/invoke.js\"><\/script><\/div> <p>Excel&#8217;in bir tarihi ay ve y\u0131la d\u00f6n\u00fc\u015ft\u00fcrmenin iki yolu vard\u0131r. Ve bu derste her iki y\u00f6ntemi de ayr\u0131nt\u0131l\u0131 olarak \u00f6\u011frenece\u011fiz.<\/p><h2 class=\"wp-block-heading\"> Y\u00f6ntem 1: \u00d6zel bi\u00e7imlendirme<\/h2><p> Bunu yapmak i\u00e7in a\u015fa\u011f\u0131daki ad\u0131mlar\u0131 kullanabilirsiniz:<\/p><ol><li> \u0130lk \u00f6nce tarihin bulundu\u011fu h\u00fccreyi se\u00e7in. <br><img loading=\"lazy\" decoding=\"async\" title=\"1-tarihi-ay-y\u0131la-d\u00f6n\u00fc\u015ft\u00fcrme\" src=\"https:\/\/exceladvisor.org\/wp-content\/uploads\/2023\/08\/1-convertir-la-date-en-mois-et-annee.png\" sizes=\"auto, \" srcset=\"\" alt=\"convert-date-into-month-and-year\" width=\"507\" height=\"289\"><\/li><li> Bundan sonra H\u00fccreleri Bi\u00e7imlendir se\u00e7ene\u011fini a\u00e7mak i\u00e7in Ctrl + 1 k\u0131sayolunu kullan\u0131n. <br><img loading=\"lazy\" decoding=\"async\" title=\"2 h\u00fccreli a\u00e7\u0131k format se\u00e7ene\u011fi\" src=\"https:\/\/exceladvisor.org\/wp-content\/uploads\/2023\/08\/2-cellules-format-ouvert-option-2.png\" sizes=\"auto, \" srcset=\"\" alt=\"open-format-cells-option\" width=\"541\" height=\"351\"><\/li><li> Oradan \u201c\u00d6zel\u201d kategorisine t\u0131klay\u0131n. <br><img loading=\"lazy\" decoding=\"async\" title=\"3-\u00f6zel-kategoriyi se\u00e7in\" src=\"https:\/\/exceladvisor.org\/wp-content\/uploads\/2023\/08\/3-choisissez-la-categorie-personnalisee.png\" sizes=\"auto, \" srcset=\"\" alt=\"choose-custom-category\" width=\"540\" height=\"379\"><\/li><li> \u015eimdi, t\u00fcr giri\u015f \u00e7ubu\u011funda tarihe uygulanacak format\u0131 belirtmeniz gerekiyor. \u00d6rne\u011fin ay ve y\u0131l i\u00e7in &#8220;aa-yyyy&#8221; girebilirsiniz. <br><img loading=\"lazy\" decoding=\"async\" title=\"4-tarih-bi\u00e7imi-giri\u015f-aa-yyyy\" src=\"https:\/\/exceladvisor.org\/wp-content\/uploads\/2023\/08\/4-format-de-date-dentree-au-format-mmm-aaaa.png\" sizes=\"auto, \" srcset=\"\" alt=\"input-date-format-as-mmm-yyyy\" width=\"542\" height=\"358\"><\/li><li> Sonunda, format\u0131 h\u00fccreye uygulamak i\u00e7in Tamam&#8217;\u0131 t\u0131klay\u0131n. <br><img loading=\"lazy\" decoding=\"async\" title=\"5 ay ve y\u0131l\u0131 bi\u00e7imlendirin\" src=\"https:\/\/exceladvisor.org\/wp-content\/uploads\/2023\/08\/5-appliquer-le-format-mois-et-annee.png\" sizes=\"auto, \" srcset=\"\" alt=\"apply-month-and-year-format\" width=\"363\" height=\"139\"><\/li><\/ol><p> Tamam&#8217;\u0131 t\u0131klatt\u0131\u011f\u0131n\u0131zda, tarih yaln\u0131zca ay ve y\u0131la d\u00f6n\u00fc\u015ft\u00fcr\u00fclecektir. <\/p><div class=\"wp-block-image\"><figure class=\"aligncenter size-full is-resized\"><img loading=\"lazy\" decoding=\"async\" class=\"wp-image-83650\" src=\"https:\/\/exceladvisor.org\/wp-content\/uploads\/2023\/08\/6-date-comme-mois-et-annee-seulement.png\" sizes=\"auto, \" srcset=\"\" alt=\"yaln\u0131zca ay ve y\u0131l olarak tarih\" width=\"507\" height=\"330\"><\/figure><\/div><p> Ve form\u00fcl \u00e7ubu\u011funu g\u00f6r\u00fcrseniz, bu her zaman g\u00fcn, ay ve y\u0131l\u0131 i\u00e7eren bir tarihtir. Tek fark, h\u00fccreyi ay ve y\u0131la d\u00f6n\u00fc\u015ft\u00fcrmek i\u00e7in uygulad\u0131\u011f\u0131n\u0131z formatt\u0131r.<\/p><p> Kullanabilece\u011finiz birka\u00e7 format \u015funlard\u0131r:<\/p><ul><li> mmm \u2013 ay\u0131n k\u0131sa ad\u0131 i\u00e7in.<\/li><li> mm \u2013 ay numaras\u0131 i\u00e7in.<\/li><li> mmmm \u2013 ay\u0131n uzun ad\u0131 i\u00e7in.<\/li><li> yy- iki basamakl\u0131 y\u0131l i\u00e7in.<\/li><li> aaaa \u2013 d\u00f6rt basamakl\u0131 y\u0131l i\u00e7in.<\/li><\/ul><h2 class=\"wp-block-heading\"> Y\u00f6ntem 2: ayr\u0131 bir h\u00fccreye d\u00f6n\u00fc\u015ft\u00fcrme<\/h2><p> Diyelim ki sonucu ayr\u0131 bir h\u00fccrede tutman\u0131z gerekiyor; bu durumda MET\u0130N i\u015flevini kullanabilirsiniz. Bu i\u015flev, bir tarihin de\u011ferini \u00e7\u0131karman\u0131za ve ard\u0131ndan onu istedi\u011finiz gibi bi\u00e7imlendirmenize olanak tan\u0131r. <\/p><div class=\"wp-block-image\"><figure class=\"aligncenter size-full is-resized\"><img loading=\"lazy\" decoding=\"async\" class=\"wp-image-83651\" src=\"https:\/\/exceladvisor.org\/wp-content\/uploads\/2023\/08\/7-convertir-la-date-dans-une-cellule-separee.png\" sizes=\"auto, \" srcset=\"\" alt=\"tarihi-ayr\u0131 bir h\u00fccreye-d\u00f6n\u00fc\u015ft\u00fcr\" width=\"481\" height=\"304\"><\/figure><\/div><pre class=\"wp-block-code\"> <code class=\"language-excel-formula\" lang=\"excel-formula\">=TEXT(A1,\"mmm-yyyy\")<\/code><\/pre><p> Metin i\u015fleviyle ayarlaman\u0131z gereken iki arg\u00fcman\u0131n\u0131z vard\u0131r.<\/p><p> \u0130lk ba\u011f\u0131ms\u0131z de\u011fi\u015fkende (de\u011fer), ay ve y\u0131la veya ay ve y\u0131la d\u00f6n\u00fc\u015ft\u00fcrmek istedi\u011finiz tarihi ayr\u0131 ayr\u0131 belirtin. Ve ikinci arg\u00fcmanda (format_text) format\u0131 belirtmeniz gerekir.<\/p><p> \u0130lk y\u00f6ntemlerde kulland\u0131\u011f\u0131m\u0131z\u0131n ayn\u0131s\u0131 olan a\u015fa\u011f\u0131daki formatlar\u0131 kullanabilirsiniz.<\/p><ul><li> mmm<\/li><li> milimetre<\/li><li> mmmm<\/li><li> aa<\/li><li> aaaa<\/li><li> mmm-aaaa<\/li><li> aa-yy<\/li><\/ul><div class=\"gb-container gb-container-0df56012 gb-container-mt\"> <a class=\"gb-button gb-button-f9f432f4 gb-button-text gb-button-mt-button\" href=\"https:\/\/exceladvisor.org\/tr\/formuller\/\">Excel form\u00fcllerinin listesi<\/a><h2 class=\"gb-headline gb-headline-233444e8 gb-headline-text gb-headline-mt-heading\"> \u0130lgili form\u00fcller <\/h2><div class=\"gb-grid-wrapper gb-grid-wrapper-a16fa65c gb-grid-wrapper-mt-grid\"><div class=\"gb-grid-column gb-grid-column-50d07e0d\"><div class=\"gb-container gb-container-50d07e0d\"><ul><li> <a href=\"https:\/\/exceladvisor.org\/tr\/tarihe-bir-ay-eklemek-2\/\">Excel&#8217;de bir tarihe ay ekleme<\/a><\/li><li> <a href=\"https:\/\/exceladvisor.org\/tr\/ayin-sonu\/\">Excel&#8217;de ay\u0131n biti\u015f tarihini al\u0131n<\/a><\/li><li> <a href=\"https:\/\/exceladvisor.org\/tr\/2.-ayin-ilk-gunu\/\">Ay\u0131n ilk g\u00fcn\u00fcn\u00fc Excel&#8217;de al\u0131n (ay\u0131n ba\u015flang\u0131c\u0131)<\/a><\/li><li> <a href=\"https:\/\/exceladvisor.org\/tr\/ayin-adi\/\">Excel&#8217;de bir tarihten ay al\u0131n (al\u0131nt\u0131)<\/a><\/li><li> <a href=\"https:\/\/exceladvisor.org\/tr\/ceyrek\/\">Excel&#8217;de bir tarihten [Mali + Takvim] d\u00f6rtte birini al\u0131n<\/a> <\/li><\/ul><\/div><\/div><div class=\"gb-grid-column gb-grid-column-5b4a0cf9\"><div class=\"gb-container gb-container-5b4a0cf9\"><\/div><\/div><\/div><\/div>","protected":false},"excerpt":{"rendered":"","protected":false},"author":1,"featured_media":0,"parent":0,"menu_order":0,"comment_status":"open","ping_status":"closed","template":"","meta":{"ub_ctt_via":"","footnotes":""},"class_list":["post-1510","page","type-page","status-publish","hentry"],"featured_image_src":null,"yoast_head":"<!-- This site is optimized with the Yoast SEO plugin v25.4 - https:\/\/yoast.com\/wordpress\/plugins\/seo\/ -->\n<title>\u25b7 Tarihi ay ve y\u0131la nas\u0131l d\u00f6n\u00fc\u015ft\u00fcrebilirim? (E\u011fitim 2023)<\/title>\n<meta name=\"description\" content=\"Bu e\u011fitimde size bir tarihi ay ve y\u0131la d\u00f6n\u00fc\u015ft\u00fcrmek i\u00e7in bir Excel form\u00fcl\u00fcn\u00fcn nas\u0131l yaz\u0131laca\u011f\u0131 \u00f6\u011fretilecektir. Bunu kontrol edelim\u2026\" \/>\n<meta name=\"robots\" content=\"index, follow, max-snippet:-1, max-image-preview:large, max-video-preview:-1\" \/>\n<link rel=\"canonical\" href=\"https:\/\/exceladvisor.org\/tr\/ay-yil-icindeki-tarih\/\" \/>\n<meta property=\"og:locale\" content=\"tr_TR\" \/>\n<meta property=\"og:type\" content=\"article\" \/>\n<meta property=\"og:title\" content=\"\u25b7 Tarihi ay ve y\u0131la nas\u0131l d\u00f6n\u00fc\u015ft\u00fcrebilirim? (E\u011fitim 2023)\" \/>\n<meta property=\"og:description\" content=\"Bu e\u011fitimde size bir tarihi ay ve y\u0131la d\u00f6n\u00fc\u015ft\u00fcrmek i\u00e7in bir Excel form\u00fcl\u00fcn\u00fcn nas\u0131l yaz\u0131laca\u011f\u0131 \u00f6\u011fretilecektir. Bunu kontrol edelim\u2026\" \/>\n<meta property=\"og:url\" content=\"https:\/\/exceladvisor.org\/tr\/ay-yil-icindeki-tarih\/\" \/>\n<meta property=\"og:site_name\" content=\"Excel Advisor\" \/>\n<meta property=\"article:modified_time\" content=\"2023-12-10T06:04:38+00:00\" \/>\n<meta property=\"og:image\" content=\"https:\/\/exceladvisor.org\/wp-content\/uploads\/2023\/08\/1-convertir-la-date-en-mois-et-annee.png\" \/>\n<meta name=\"twitter:card\" content=\"summary_large_image\" \/>\n<meta name=\"twitter:label1\" content=\"Tahmini okuma s\u00fcresi\" \/>\n\t<meta name=\"twitter:data1\" content=\"2 dakika\" \/>\n<script type=\"application\/ld+json\" class=\"yoast-schema-graph\">{\"@context\":\"https:\/\/schema.org\",\"@graph\":[{\"@type\":\"WebPage\",\"@id\":\"https:\/\/exceladvisor.org\/tr\/ay-yil-icindeki-tarih\/\",\"url\":\"https:\/\/exceladvisor.org\/tr\/ay-yil-icindeki-tarih\/\",\"name\":\"\u25b7 Tarihi ay ve y\u0131la nas\u0131l d\u00f6n\u00fc\u015ft\u00fcrebilirim? (E\u011fitim 2023)\",\"isPartOf\":{\"@id\":\"https:\/\/exceladvisor.org\/tr\/#website\"},\"primaryImageOfPage\":{\"@id\":\"https:\/\/exceladvisor.org\/tr\/ay-yil-icindeki-tarih\/#primaryimage\"},\"image\":{\"@id\":\"https:\/\/exceladvisor.org\/tr\/ay-yil-icindeki-tarih\/#primaryimage\"},\"thumbnailUrl\":\"https:\/\/exceladvisor.org\/wp-content\/uploads\/2023\/08\/1-convertir-la-date-en-mois-et-annee.png\",\"datePublished\":\"2023-11-19T01:20:47+00:00\",\"dateModified\":\"2023-12-10T06:04:38+00:00\",\"description\":\"Bu e\u011fitimde size bir tarihi ay ve y\u0131la d\u00f6n\u00fc\u015ft\u00fcrmek i\u00e7in bir Excel form\u00fcl\u00fcn\u00fcn nas\u0131l yaz\u0131laca\u011f\u0131 \u00f6\u011fretilecektir. Bunu kontrol edelim\u2026\",\"breadcrumb\":{\"@id\":\"https:\/\/exceladvisor.org\/tr\/ay-yil-icindeki-tarih\/#breadcrumb\"},\"inLanguage\":\"tr\",\"potentialAction\":[{\"@type\":\"ReadAction\",\"target\":[\"https:\/\/exceladvisor.org\/tr\/ay-yil-icindeki-tarih\/\"]}]},{\"@type\":\"ImageObject\",\"inLanguage\":\"tr\",\"@id\":\"https:\/\/exceladvisor.org\/tr\/ay-yil-icindeki-tarih\/#primaryimage\",\"url\":\"https:\/\/exceladvisor.org\/wp-content\/uploads\/2023\/08\/1-convertir-la-date-en-mois-et-annee.png\",\"contentUrl\":\"https:\/\/exceladvisor.org\/wp-content\/uploads\/2023\/08\/1-convertir-la-date-en-mois-et-annee.png\"},{\"@type\":\"BreadcrumbList\",\"@id\":\"https:\/\/exceladvisor.org\/tr\/ay-yil-icindeki-tarih\/#breadcrumb\",\"itemListElement\":[{\"@type\":\"ListItem\",\"position\":1,\"name\":\"Ev\",\"item\":\"https:\/\/exceladvisor.org\/tr\/\"},{\"@type\":\"ListItem\",\"position\":2,\"name\":\"Tarihi ay ve y\u0131la nas\u0131l d\u00f6n\u00fc\u015ft\u00fcrebilirim?\"}]},{\"@type\":\"WebSite\",\"@id\":\"https:\/\/exceladvisor.org\/tr\/#website\",\"url\":\"https:\/\/exceladvisor.org\/tr\/\",\"name\":\"Excel Advisor\",\"description\":\"Veri hakimiyetine y\u00f6nelik nihai rehberiniz!\",\"publisher\":{\"@id\":\"https:\/\/exceladvisor.org\/tr\/#organization\"},\"potentialAction\":[{\"@type\":\"SearchAction\",\"target\":{\"@type\":\"EntryPoint\",\"urlTemplate\":\"https:\/\/exceladvisor.org\/tr\/?s={search_term_string}\"},\"query-input\":{\"@type\":\"PropertyValueSpecification\",\"valueRequired\":true,\"valueName\":\"search_term_string\"}}],\"inLanguage\":\"tr\"},{\"@type\":\"Organization\",\"@id\":\"https:\/\/exceladvisor.org\/tr\/#organization\",\"name\":\"Excel Advisor\",\"url\":\"https:\/\/exceladvisor.org\/tr\/\",\"logo\":{\"@type\":\"ImageObject\",\"inLanguage\":\"tr\",\"@id\":\"https:\/\/exceladvisor.org\/tr\/#\/schema\/logo\/image\/\",\"url\":\"https:\/\/exceladvisor.org\/tr\/wp-content\/uploads\/2023\/12\/exceladvisor.org_.png\",\"contentUrl\":\"https:\/\/exceladvisor.org\/tr\/wp-content\/uploads\/2023\/12\/exceladvisor.org_.png\",\"width\":105,\"height\":36,\"caption\":\"Excel Advisor\"},\"image\":{\"@id\":\"https:\/\/exceladvisor.org\/tr\/#\/schema\/logo\/image\/\"}}]}<\/script>\n<!-- \/ Yoast SEO plugin. -->","yoast_head_json":{"title":"\u25b7 Tarihi ay ve y\u0131la nas\u0131l d\u00f6n\u00fc\u015ft\u00fcrebilirim? (E\u011fitim 2023)","description":"Bu e\u011fitimde size bir tarihi ay ve y\u0131la d\u00f6n\u00fc\u015ft\u00fcrmek i\u00e7in bir Excel form\u00fcl\u00fcn\u00fcn nas\u0131l yaz\u0131laca\u011f\u0131 \u00f6\u011fretilecektir. Bunu kontrol edelim\u2026","robots":{"index":"index","follow":"follow","max-snippet":"max-snippet:-1","max-image-preview":"max-image-preview:large","max-video-preview":"max-video-preview:-1"},"canonical":"https:\/\/exceladvisor.org\/tr\/ay-yil-icindeki-tarih\/","og_locale":"tr_TR","og_type":"article","og_title":"\u25b7 Tarihi ay ve y\u0131la nas\u0131l d\u00f6n\u00fc\u015ft\u00fcrebilirim? (E\u011fitim 2023)","og_description":"Bu e\u011fitimde size bir tarihi ay ve y\u0131la d\u00f6n\u00fc\u015ft\u00fcrmek i\u00e7in bir Excel form\u00fcl\u00fcn\u00fcn nas\u0131l yaz\u0131laca\u011f\u0131 \u00f6\u011fretilecektir. Bunu kontrol edelim\u2026","og_url":"https:\/\/exceladvisor.org\/tr\/ay-yil-icindeki-tarih\/","og_site_name":"Excel Advisor","article_modified_time":"2023-12-10T06:04:38+00:00","og_image":[{"url":"https:\/\/exceladvisor.org\/wp-content\/uploads\/2023\/08\/1-convertir-la-date-en-mois-et-annee.png","type":"","width":"","height":""}],"twitter_card":"summary_large_image","twitter_misc":{"Tahmini okuma s\u00fcresi":"2 dakika"},"schema":{"@context":"https:\/\/schema.org","@graph":[{"@type":"WebPage","@id":"https:\/\/exceladvisor.org\/tr\/ay-yil-icindeki-tarih\/","url":"https:\/\/exceladvisor.org\/tr\/ay-yil-icindeki-tarih\/","name":"\u25b7 Tarihi ay ve y\u0131la nas\u0131l d\u00f6n\u00fc\u015ft\u00fcrebilirim? (E\u011fitim 2023)","isPartOf":{"@id":"https:\/\/exceladvisor.org\/tr\/#website"},"primaryImageOfPage":{"@id":"https:\/\/exceladvisor.org\/tr\/ay-yil-icindeki-tarih\/#primaryimage"},"image":{"@id":"https:\/\/exceladvisor.org\/tr\/ay-yil-icindeki-tarih\/#primaryimage"},"thumbnailUrl":"https:\/\/exceladvisor.org\/wp-content\/uploads\/2023\/08\/1-convertir-la-date-en-mois-et-annee.png","datePublished":"2023-11-19T01:20:47+00:00","dateModified":"2023-12-10T06:04:38+00:00","description":"Bu e\u011fitimde size bir tarihi ay ve y\u0131la d\u00f6n\u00fc\u015ft\u00fcrmek i\u00e7in bir Excel form\u00fcl\u00fcn\u00fcn nas\u0131l yaz\u0131laca\u011f\u0131 \u00f6\u011fretilecektir. Bunu kontrol edelim\u2026","breadcrumb":{"@id":"https:\/\/exceladvisor.org\/tr\/ay-yil-icindeki-tarih\/#breadcrumb"},"inLanguage":"tr","potentialAction":[{"@type":"ReadAction","target":["https:\/\/exceladvisor.org\/tr\/ay-yil-icindeki-tarih\/"]}]},{"@type":"ImageObject","inLanguage":"tr","@id":"https:\/\/exceladvisor.org\/tr\/ay-yil-icindeki-tarih\/#primaryimage","url":"https:\/\/exceladvisor.org\/wp-content\/uploads\/2023\/08\/1-convertir-la-date-en-mois-et-annee.png","contentUrl":"https:\/\/exceladvisor.org\/wp-content\/uploads\/2023\/08\/1-convertir-la-date-en-mois-et-annee.png"},{"@type":"BreadcrumbList","@id":"https:\/\/exceladvisor.org\/tr\/ay-yil-icindeki-tarih\/#breadcrumb","itemListElement":[{"@type":"ListItem","position":1,"name":"Ev","item":"https:\/\/exceladvisor.org\/tr\/"},{"@type":"ListItem","position":2,"name":"Tarihi ay ve y\u0131la nas\u0131l d\u00f6n\u00fc\u015ft\u00fcrebilirim?"}]},{"@type":"WebSite","@id":"https:\/\/exceladvisor.org\/tr\/#website","url":"https:\/\/exceladvisor.org\/tr\/","name":"Excel Advisor","description":"Veri hakimiyetine y\u00f6nelik nihai rehberiniz!","publisher":{"@id":"https:\/\/exceladvisor.org\/tr\/#organization"},"potentialAction":[{"@type":"SearchAction","target":{"@type":"EntryPoint","urlTemplate":"https:\/\/exceladvisor.org\/tr\/?s={search_term_string}"},"query-input":{"@type":"PropertyValueSpecification","valueRequired":true,"valueName":"search_term_string"}}],"inLanguage":"tr"},{"@type":"Organization","@id":"https:\/\/exceladvisor.org\/tr\/#organization","name":"Excel Advisor","url":"https:\/\/exceladvisor.org\/tr\/","logo":{"@type":"ImageObject","inLanguage":"tr","@id":"https:\/\/exceladvisor.org\/tr\/#\/schema\/logo\/image\/","url":"https:\/\/exceladvisor.org\/tr\/wp-content\/uploads\/2023\/12\/exceladvisor.org_.png","contentUrl":"https:\/\/exceladvisor.org\/tr\/wp-content\/uploads\/2023\/12\/exceladvisor.org_.png","width":105,"height":36,"caption":"Excel Advisor"},"image":{"@id":"https:\/\/exceladvisor.org\/tr\/#\/schema\/logo\/image\/"}}]}},"yoast_meta":{"yoast_wpseo_title":"","yoast_wpseo_metadesc":"","yoast_wpseo_canonical":""},"_links":{"self":[{"href":"https:\/\/exceladvisor.org\/tr\/wp-json\/wp\/v2\/pages\/1510","targetHints":{"allow":["GET"]}}],"collection":[{"href":"https:\/\/exceladvisor.org\/tr\/wp-json\/wp\/v2\/pages"}],"about":[{"href":"https:\/\/exceladvisor.org\/tr\/wp-json\/wp\/v2\/types\/page"}],"author":[{"embeddable":true,"href":"https:\/\/exceladvisor.org\/tr\/wp-json\/wp\/v2\/users\/1"}],"replies":[{"embeddable":true,"href":"https:\/\/exceladvisor.org\/tr\/wp-json\/wp\/v2\/comments?post=1510"}],"version-history":[{"count":1,"href":"https:\/\/exceladvisor.org\/tr\/wp-json\/wp\/v2\/pages\/1510\/revisions"}],"predecessor-version":[{"id":2747,"href":"https:\/\/exceladvisor.org\/tr\/wp-json\/wp\/v2\/pages\/1510\/revisions\/2747"}],"wp:attachment":[{"href":"https:\/\/exceladvisor.org\/tr\/wp-json\/wp\/v2\/media?parent=1510"}],"curies":[{"name":"wp","href":"https:\/\/api.w.org\/{rel}","templated":true}]}}