{"id":1512,"date":"2023-11-18T18:26:38","date_gmt":"2023-11-18T18:26:38","guid":{"rendered":"https:\/\/exceladvisor.org\/tr\/pi-sembolu\/"},"modified":"2023-12-10T06:04:51","modified_gmt":"2023-12-10T06:04:51","slug":"pi-sembolu","status":"publish","type":"page","link":"https:\/\/exceladvisor.org\/tr\/pi-sembolu\/","title":{"rendered":"Pi (\u03c0) sembol\u00fc excel&#39;e nas\u0131l eklenir?"},"content":{"rendered":"<div class=\"excel-icerikten-once\" id=\"excel-1160331226\"><script type=\"text\/javascript\">\r\n\tatOptions = {\r\n\t\t'key' : 'c1158f160081d6540a8409e6925dab94',\r\n\t\t'format' : 'iframe',\r\n\t\t'height' : 250,\r\n\t\t'width' : 300,\r\n\t\t'params' : {}\r\n\t};\r\n<\/script>\r\n<script type=\"text\/javascript\" src=\"\/\/www.highperformanceformat.com\/c1158f160081d6540a8409e6925dab94\/invoke.js\"><\/script><\/div> <p>PI <strong>\u03c0<\/strong> binalar, y\u00f6r\u00fcngeler, gezegenler vb. gibi yuvarlak veya k\u00fcresel nesnelerle ilgili denklemlerde kullan\u0131lan sabit bir matematiksel de\u011ferdir. bu \u015feylerin alan\u0131n\u0131 ve \u00e7evresini bulmak i\u00e7in.<\/p><p> Excel&#8217;de PI sembol\u00fcn\u00fc \u00e7al\u0131\u015fma sayfas\u0131na eklemenin birka\u00e7 yolu vard\u0131r ve burada size onu nas\u0131l ekleyece\u011finizi g\u00f6sterece\u011fiz.<\/p><h2 class=\"wp-block-heading\"> Sembol ileti\u015fim kutusundan bir PI sembol\u00fc ekleme<\/h2><ol><li> \u00d6ncelikle \u201cPi\u201d sembol\u00fcn\u00fc eklemek istedi\u011finiz h\u00fccreyi se\u00e7in, ard\u0131ndan \u201cEkle\u201d sekmesine gidin.<\/li><li> Bundan sonra, semboller ileti\u015fim kutusunu a\u00e7mak i\u00e7in \u015feritteki \u201cSemboller\u201d grubunun alt\u0131ndaki \u201cSembol\u201d simgesine t\u0131klay\u0131n. <br><img loading=\"lazy\" decoding=\"async\" title=\"1-sembol-pi ekle\" src=\"https:\/\/exceladvisor.org\/wp-content\/uploads\/2023\/08\/1-inserer-le-symbole-pi.png\" sizes=\"auto, \" srcset=\"\" alt=\"insert-pi-symbol\" width=\"635\" height=\"214\"><\/li><li> Sembol ileti\u015fim kutusunda &#8220;from&#8221; alan\u0131nda &#8220;Unicode (hex)&#8221; se\u00e7ene\u011fini se\u00e7in.<\/li><li> \u015eimdi sa\u011f kayd\u0131rma \u00e7ubu\u011fundan a\u015fa\u011f\u0131 do\u011fru kayd\u0131r\u0131n ve \u201cPi\u201d sembol\u00fcn\u00fc se\u00e7in, ard\u0131ndan eklemek i\u00e7in \u201cEkle\u201d d\u00fc\u011fmesine t\u0131klay\u0131n. <br><img loading=\"lazy\" decoding=\"async\" title=\"Pi sembol\u00fcn\u00fc se\u00e7mek i\u00e7in 2 semboll\u00fc ileti\u015fim kutusu\" src=\"https:\/\/exceladvisor.org\/wp-content\/uploads\/2023\/08\/Boite-de-dialogue-a-2-symboles-pour-choisir-le-symbole-pi.png\" sizes=\"auto, \" srcset=\"\" alt=\"symbol-dialog-box-to-choose-pi-symbol\" width=\"454\" height=\"347\"><\/li><li> Ekledikten sonra ileti\u015fim kutusunu kapatmak i\u00e7in \u201cKapat\u201d d\u00fc\u011fmesine t\u0131klay\u0131n. <br><img loading=\"lazy\" decoding=\"async\" title=\"3-kapat-ileti\u015fim kutusu-sembol\" src=\"https:\/\/exceladvisor.org\/wp-content\/uploads\/2023\/08\/3-fermer-la-boite-de-dialogue-du-symbole.png\" sizes=\"auto, \" srcset=\"\" alt=\"close-the-symbol-dialog-box\" width=\"454\" height=\"355\"><\/li><\/ol><h2 class=\"wp-block-heading\"> Alt tu\u015funu kullanarak bir PI sembol\u00fc ekleyin<\/h2><p> Bu sembol\u00fcn \u201cALT\u201d tu\u015fu kullan\u0131larak girildi\u011fi a\u015fa\u011f\u0131da yaz\u0131lan y\u00f6ntem, yaln\u0131zca klavyenizde say\u0131sal tu\u015f tak\u0131m\u0131 varsa i\u015fe yarar.<\/p><ol type=\"1\"><li> \u0130lk \u00f6nce bir h\u00fccre se\u00e7in.<\/li><li> Bundan sonra <kbd>Alt<\/kbd> tu\u015funu bas\u0131l\u0131 tutun.<\/li><li> Daha sonra sadece say\u0131sal tu\u015f tak\u0131m\u0131ndan \u201c <kbd>0<\/kbd> <kbd>2<\/kbd> <kbd>2<\/kbd> <kbd>7<\/kbd> \u201d rakam\u0131na bas\u0131n.<\/li><li> \u015eimdi \u201cAlt\u201d tu\u015funu b\u0131rak\u0131n, sembol h\u00fccreye eklenecektir. <\/li><\/ol><div class=\"wp-block-image\"><figure class=\"aligncenter size-full is-resized\"><img loading=\"lazy\" decoding=\"async\" class=\"wp-image-84782\" src=\"https:\/\/exceladvisor.org\/wp-content\/uploads\/2023\/08\/4-inserer-le-symbole-pi-a-laide-de-la-touche-alt.png\" sizes=\"auto, \" srcset=\"\" alt=\"alt tu\u015funu kullanarak pi sembol\u00fcn\u00fc ekleyin\" width=\"236\" height=\"104\"><\/figure><\/div><h2 class=\"wp-block-heading\"> Excel&#8217;de Otomatik D\u00fczelt&#8217;i kullanarak bir PI sembol\u00fc ekleme<\/h2><p> E\u011fer \u201cPi\u201d sembol\u00fcn\u00fc s\u0131k s\u0131k kullan\u0131yorsan\u0131z bu \u201c <a href=\"https:\/\/exceladvisor.org\/tr\/otomatik-duzeltme\/\">Otomatik D\u00fczelt<\/a> \u201d y\u00f6ntemi h\u0131zl\u0131 olabilir.<\/p><ol><li> \u00d6ncelikle \u015feritteki \u201cDosya\u201d sekmesine gidin, ard\u0131ndan \u201cSe\u00e7enekler\u201de t\u0131klay\u0131n, \u201cExcel Se\u00e7enekleri\u201d ileti\u015fim kutusu a\u00e7\u0131lacakt\u0131r.<\/li><li> Bundan sonra, sol paneldeki \u201cYaz\u0131m Denetimi\u201dne ve ard\u0131ndan \u201cOtomatik D\u00fczeltme Se\u00e7enekleri\u201dne t\u0131klay\u0131n. <br><img loading=\"lazy\" decoding=\"async\" title=\"5 otomatik d\u00fczeltme diyafram se\u00e7ene\u011fi\" src=\"https:\/\/exceladvisor.org\/wp-content\/uploads\/2023\/08\/5-options-de-correction-automatique-ouvertes.png\" sizes=\"auto, \" srcset=\"\" alt=\"open-autocorrect-options\" width=\"506\" height=\"384\"><\/li><li> \u015eimdi herhangi bir kelimeyi \u201cPi\u201d sembol\u00fcyle de\u011fi\u015ftirmek i\u00e7in \u201cDe\u011fi\u015ftir\u201d giri\u015f \u00e7ubu\u011funa o kelimeyi ve \u201cWith\u201d giri\u015f \u00e7ubu\u011fundaki \u201cAlt +227\u201d tu\u015flar\u0131n\u0131 kullanarak \u201cPi\u201d sembol\u00fcn\u00fc girin.<\/li><li> Bitirdikten sonra kaydetmek i\u00e7in Tamam&#8217;\u0131 t\u0131klay\u0131n. <br><img loading=\"lazy\" decoding=\"async\" title=\"6-metni-pi sembol\u00fcyle-de\u011fi\u015ftirin\" src=\"https:\/\/exceladvisor.org\/wp-content\/uploads\/2023\/08\/6-remplacer-le-texte-par-le-symbole-pi.png\" sizes=\"auto, \" srcset=\"\" alt=\"replace-text-with-pi-symbol\" width=\"330\" height=\"412\"><\/li><\/ol><p> Yukar\u0131daki g\u00f6rselde g\u00f6rd\u00fc\u011f\u00fcn\u00fcz gibi b\u00fcy\u00fck harflerle \u201cPI\u201d ifadesini \u201cPi\u201d sembol\u00fc ile de\u011fi\u015ftirdik, yani art\u0131k \u201cPI\u201d kelimesini girdi\u011fimizde yerini \u201cPi\u201d sembol\u00fc alacak.<\/p><h2 class=\"wp-block-heading\"> Yaz\u0131 tipi stilini kullanarak bir PI sembol\u00fc ekleme<\/h2><p> PI&#8217;nin k\u00fc\u00e7\u00fck ve b\u00fcy\u00fck harf olarak farkl\u0131 bir sembol\u00fc vard\u0131r.<\/p><ol><li> \u00d6ncelikle h\u00fccreye \u201cPi\u201d sembol\u00fcn\u00fcn k\u00fc\u00e7\u00fck olmas\u0131n\u0131 istiyorsan\u0131z \u201cP\u201d harfini, \u201cPi\u201d sembol\u00fcn\u00fcn b\u00fcy\u00fck harf olmas\u0131n\u0131 istiyorsan\u0131z \u201cP\u201d harfini girin.<\/li><li> Bundan sonra \u201cAna Sayfa\u201d sekmesine gidin, ard\u0131ndan \u201cYaz\u0131 Tipi\u201d stilini \u201cSembol\u201d olarak de\u011fi\u015ftirin; \u201cP\u201d alfabesi \u201cPi\u201d sembol\u00fcne d\u00f6n\u00fc\u015ft\u00fcr\u00fclecektir. <\/li><\/ol><div class=\"wp-block-image\"><figure class=\"aligncenter size-full is-resized\"><img loading=\"lazy\" decoding=\"async\" class=\"wp-image-84785\" src=\"https:\/\/exceladvisor.org\/wp-content\/uploads\/2023\/08\/7-inserer-le-symbole-pi-en-utilisant-le-style-de-police.png\" sizes=\"auto, \" srcset=\"\" alt=\"yaz\u0131 tipi stilini kullanarak pi sembol\u00fc ekleme\" width=\"342\" height=\"284\"><\/figure><\/div><p> Yukar\u0131daki ekran g\u00f6r\u00fcnt\u00fcs\u00fcnde \u201cPi\u201d sembol\u00fcn\u00fcn b\u00fcy\u00fck ve k\u00fc\u00e7\u00fck harf olarak nas\u0131l g\u00f6r\u00fcnd\u00fc\u011f\u00fcn\u00fc g\u00f6stermek i\u00e7in hem k\u00fc\u00e7\u00fck hem de b\u00fcy\u00fck harf olarak \u201cP\u201d girmi\u015ftik.<\/p><h2 class=\"wp-block-heading\"> Yorumlar<\/h2><ul><li> Mac kullan\u0131c\u0131lar\u0131 i\u00e7in, &#8220;Pi&#8221; sembol\u00fcn\u00fc elektronik tabloya eklemek i\u00e7in &#8220;Option + P&#8221; k\u0131sayol tu\u015flar\u0131na basman\u0131z yeterlidir.<\/li><li> Sembol\u00fc birden fazla h\u00fccreye eklemek i\u00e7in kopyala ve yap\u0131\u015ft\u0131r se\u00e7ene\u011fini kullan\u0131n veya &#8220;doldurma tutamac\u0131n\u0131&#8221; t\u0131klay\u0131p h\u00fccreyi s\u00fcr\u00fckleyip b\u0131rak\u0131n.<\/li><\/ul><div class=\"gb-container gb-container-4db6181c gb-container-mt\"> <a class=\"gb-button gb-button-c5897111 gb-button-text gb-button-mt-button\" href=\"https:\/\/exceladvisor.org\/tr\/excelin-temelleri\/\">Microsoft Excel Temelleri (Bile\u015fenler, Par\u00e7alar ve Bilgi Notlar\u0131)<\/a><h2 class=\"gb-headline gb-headline-665e5f6b gb-headline-text gb-headline-mt-heading\"> \u0130lgili e\u011fitimler <\/h2><div class=\"gb-grid-wrapper gb-grid-wrapper-a20baf7c gb-grid-wrapper-mt-grid\"><div class=\"gb-grid-column gb-grid-column-65ddf67e\"><div class=\"gb-container gb-container-65ddf67e\"><ul><li> <a href=\"https:\/\/exceladvisor.org\/tr\/muhasebe-numarasi-formati\/\">Excel&#8217;de muhasebe numaras\u0131 bi\u00e7imini uygulama<\/a><\/li><li> <a href=\"https:\/\/exceladvisor.org\/tr\/hucre-rengi\/\">Excel&#8217;de bir h\u00fccreye veya sayfan\u0131n tamam\u0131na arka plan rengi uygulama<\/a><\/li><li> <a href=\"https:\/\/exceladvisor.org\/tr\/izgara\/\">Excel k\u0131lavuz \u00e7izgilerini yazd\u0131r\u0131n (silin, k\u0131salt\u0131n ve rengi de\u011fi\u015ftirin)<\/a><\/li><li> <a href=\"https:\/\/exceladvisor.org\/tr\/sayfa-numarasi-ekle\/\">Excel&#8217;de sayfa numaras\u0131 ekleme<\/a><\/li><li> <a href=\"https:\/\/exceladvisor.org\/tr\/virgul-stilini-uygula\/\">Excel&#8217;de virg\u00fcl stilini uygulama<\/a> <\/li><\/ul><\/div><\/div><div class=\"gb-grid-column gb-grid-column-50067b57\"><div class=\"gb-container gb-container-50067b57\"><\/div><\/div><\/div><\/div>","protected":false},"excerpt":{"rendered":"","protected":false},"author":1,"featured_media":0,"parent":0,"menu_order":0,"comment_status":"open","ping_status":"closed","template":"","meta":{"ub_ctt_via":"","footnotes":""},"class_list":["post-1512","page","type-page","status-publish","hentry"],"featured_image_src":null,"yoast_head":"<!-- This site is optimized with the Yoast SEO plugin v25.4 - https:\/\/yoast.com\/wordpress\/plugins\/seo\/ -->\n<title>PI (\u03c0) sembol\u00fc Excel&#039;e nas\u0131l eklenir? (E\u011fitim 2023)<\/title>\n<meta name=\"description\" content=\"Bu h\u0131zl\u0131 k\u0131lavuz, Pi sembol\u00fcn\u00fc Excel&#039;deki bir h\u00fccreye girmenize yard\u0131mc\u0131 olacakt\u0131r. Ve bunu takip edilmesi kolay ad\u0131mlarla tart\u0131\u015faca\u011f\u0131z.\" \/>\n<meta name=\"robots\" content=\"index, follow, max-snippet:-1, max-image-preview:large, max-video-preview:-1\" \/>\n<link rel=\"canonical\" href=\"https:\/\/exceladvisor.org\/tr\/pi-sembolu\/\" \/>\n<meta property=\"og:locale\" content=\"tr_TR\" \/>\n<meta property=\"og:type\" content=\"article\" \/>\n<meta property=\"og:title\" content=\"PI (\u03c0) sembol\u00fc Excel&#039;e nas\u0131l eklenir? (E\u011fitim 2023)\" \/>\n<meta property=\"og:description\" content=\"Bu h\u0131zl\u0131 k\u0131lavuz, Pi sembol\u00fcn\u00fc Excel&#039;deki bir h\u00fccreye girmenize yard\u0131mc\u0131 olacakt\u0131r. Ve bunu takip edilmesi kolay ad\u0131mlarla tart\u0131\u015faca\u011f\u0131z.\" \/>\n<meta property=\"og:url\" content=\"https:\/\/exceladvisor.org\/tr\/pi-sembolu\/\" \/>\n<meta property=\"og:site_name\" content=\"Excel Advisor\" \/>\n<meta property=\"article:modified_time\" content=\"2023-12-10T06:04:51+00:00\" \/>\n<meta property=\"og:image\" content=\"https:\/\/exceladvisor.org\/wp-content\/uploads\/2023\/08\/1-inserer-le-symbole-pi.png\" \/>\n<meta name=\"twitter:card\" content=\"summary_large_image\" \/>\n<meta name=\"twitter:label1\" content=\"Tahmini okuma s\u00fcresi\" \/>\n\t<meta name=\"twitter:data1\" content=\"3 dakika\" \/>\n<script type=\"application\/ld+json\" class=\"yoast-schema-graph\">{\"@context\":\"https:\/\/schema.org\",\"@graph\":[{\"@type\":\"WebPage\",\"@id\":\"https:\/\/exceladvisor.org\/tr\/pi-sembolu\/\",\"url\":\"https:\/\/exceladvisor.org\/tr\/pi-sembolu\/\",\"name\":\"PI (\u03c0) sembol\u00fc Excel&#39;e nas\u0131l eklenir? (E\u011fitim 2023)\",\"isPartOf\":{\"@id\":\"https:\/\/exceladvisor.org\/tr\/#website\"},\"primaryImageOfPage\":{\"@id\":\"https:\/\/exceladvisor.org\/tr\/pi-sembolu\/#primaryimage\"},\"image\":{\"@id\":\"https:\/\/exceladvisor.org\/tr\/pi-sembolu\/#primaryimage\"},\"thumbnailUrl\":\"https:\/\/exceladvisor.org\/wp-content\/uploads\/2023\/08\/1-inserer-le-symbole-pi.png\",\"datePublished\":\"2023-11-18T18:26:38+00:00\",\"dateModified\":\"2023-12-10T06:04:51+00:00\",\"description\":\"Bu h\u0131zl\u0131 k\u0131lavuz, Pi sembol\u00fcn\u00fc Excel&#39;deki bir h\u00fccreye girmenize yard\u0131mc\u0131 olacakt\u0131r. Ve bunu takip edilmesi kolay ad\u0131mlarla tart\u0131\u015faca\u011f\u0131z.\",\"breadcrumb\":{\"@id\":\"https:\/\/exceladvisor.org\/tr\/pi-sembolu\/#breadcrumb\"},\"inLanguage\":\"tr\",\"potentialAction\":[{\"@type\":\"ReadAction\",\"target\":[\"https:\/\/exceladvisor.org\/tr\/pi-sembolu\/\"]}]},{\"@type\":\"ImageObject\",\"inLanguage\":\"tr\",\"@id\":\"https:\/\/exceladvisor.org\/tr\/pi-sembolu\/#primaryimage\",\"url\":\"https:\/\/exceladvisor.org\/wp-content\/uploads\/2023\/08\/1-inserer-le-symbole-pi.png\",\"contentUrl\":\"https:\/\/exceladvisor.org\/wp-content\/uploads\/2023\/08\/1-inserer-le-symbole-pi.png\"},{\"@type\":\"BreadcrumbList\",\"@id\":\"https:\/\/exceladvisor.org\/tr\/pi-sembolu\/#breadcrumb\",\"itemListElement\":[{\"@type\":\"ListItem\",\"position\":1,\"name\":\"Ev\",\"item\":\"https:\/\/exceladvisor.org\/tr\/\"},{\"@type\":\"ListItem\",\"position\":2,\"name\":\"Pi (\u03c0) sembol\u00fc excel&#39;e nas\u0131l eklenir?\"}]},{\"@type\":\"WebSite\",\"@id\":\"https:\/\/exceladvisor.org\/tr\/#website\",\"url\":\"https:\/\/exceladvisor.org\/tr\/\",\"name\":\"Excel Advisor\",\"description\":\"Veri hakimiyetine y\u00f6nelik nihai rehberiniz!\",\"publisher\":{\"@id\":\"https:\/\/exceladvisor.org\/tr\/#organization\"},\"potentialAction\":[{\"@type\":\"SearchAction\",\"target\":{\"@type\":\"EntryPoint\",\"urlTemplate\":\"https:\/\/exceladvisor.org\/tr\/?s={search_term_string}\"},\"query-input\":{\"@type\":\"PropertyValueSpecification\",\"valueRequired\":true,\"valueName\":\"search_term_string\"}}],\"inLanguage\":\"tr\"},{\"@type\":\"Organization\",\"@id\":\"https:\/\/exceladvisor.org\/tr\/#organization\",\"name\":\"Excel Advisor\",\"url\":\"https:\/\/exceladvisor.org\/tr\/\",\"logo\":{\"@type\":\"ImageObject\",\"inLanguage\":\"tr\",\"@id\":\"https:\/\/exceladvisor.org\/tr\/#\/schema\/logo\/image\/\",\"url\":\"https:\/\/exceladvisor.org\/tr\/wp-content\/uploads\/2023\/12\/exceladvisor.org_.png\",\"contentUrl\":\"https:\/\/exceladvisor.org\/tr\/wp-content\/uploads\/2023\/12\/exceladvisor.org_.png\",\"width\":105,\"height\":36,\"caption\":\"Excel Advisor\"},\"image\":{\"@id\":\"https:\/\/exceladvisor.org\/tr\/#\/schema\/logo\/image\/\"}}]}<\/script>\n<!-- \/ Yoast SEO plugin. -->","yoast_head_json":{"title":"PI (\u03c0) sembol\u00fc Excel&#39;e nas\u0131l eklenir? (E\u011fitim 2023)","description":"Bu h\u0131zl\u0131 k\u0131lavuz, Pi sembol\u00fcn\u00fc Excel&#39;deki bir h\u00fccreye girmenize yard\u0131mc\u0131 olacakt\u0131r. Ve bunu takip edilmesi kolay ad\u0131mlarla tart\u0131\u015faca\u011f\u0131z.","robots":{"index":"index","follow":"follow","max-snippet":"max-snippet:-1","max-image-preview":"max-image-preview:large","max-video-preview":"max-video-preview:-1"},"canonical":"https:\/\/exceladvisor.org\/tr\/pi-sembolu\/","og_locale":"tr_TR","og_type":"article","og_title":"PI (\u03c0) sembol\u00fc Excel&#39;e nas\u0131l eklenir? (E\u011fitim 2023)","og_description":"Bu h\u0131zl\u0131 k\u0131lavuz, Pi sembol\u00fcn\u00fc Excel&#39;deki bir h\u00fccreye girmenize yard\u0131mc\u0131 olacakt\u0131r. Ve bunu takip edilmesi kolay ad\u0131mlarla tart\u0131\u015faca\u011f\u0131z.","og_url":"https:\/\/exceladvisor.org\/tr\/pi-sembolu\/","og_site_name":"Excel Advisor","article_modified_time":"2023-12-10T06:04:51+00:00","og_image":[{"url":"https:\/\/exceladvisor.org\/wp-content\/uploads\/2023\/08\/1-inserer-le-symbole-pi.png","type":"","width":"","height":""}],"twitter_card":"summary_large_image","twitter_misc":{"Tahmini okuma s\u00fcresi":"3 dakika"},"schema":{"@context":"https:\/\/schema.org","@graph":[{"@type":"WebPage","@id":"https:\/\/exceladvisor.org\/tr\/pi-sembolu\/","url":"https:\/\/exceladvisor.org\/tr\/pi-sembolu\/","name":"PI (\u03c0) sembol\u00fc Excel&#39;e nas\u0131l eklenir? (E\u011fitim 2023)","isPartOf":{"@id":"https:\/\/exceladvisor.org\/tr\/#website"},"primaryImageOfPage":{"@id":"https:\/\/exceladvisor.org\/tr\/pi-sembolu\/#primaryimage"},"image":{"@id":"https:\/\/exceladvisor.org\/tr\/pi-sembolu\/#primaryimage"},"thumbnailUrl":"https:\/\/exceladvisor.org\/wp-content\/uploads\/2023\/08\/1-inserer-le-symbole-pi.png","datePublished":"2023-11-18T18:26:38+00:00","dateModified":"2023-12-10T06:04:51+00:00","description":"Bu h\u0131zl\u0131 k\u0131lavuz, Pi sembol\u00fcn\u00fc Excel&#39;deki bir h\u00fccreye girmenize yard\u0131mc\u0131 olacakt\u0131r. Ve bunu takip edilmesi kolay ad\u0131mlarla tart\u0131\u015faca\u011f\u0131z.","breadcrumb":{"@id":"https:\/\/exceladvisor.org\/tr\/pi-sembolu\/#breadcrumb"},"inLanguage":"tr","potentialAction":[{"@type":"ReadAction","target":["https:\/\/exceladvisor.org\/tr\/pi-sembolu\/"]}]},{"@type":"ImageObject","inLanguage":"tr","@id":"https:\/\/exceladvisor.org\/tr\/pi-sembolu\/#primaryimage","url":"https:\/\/exceladvisor.org\/wp-content\/uploads\/2023\/08\/1-inserer-le-symbole-pi.png","contentUrl":"https:\/\/exceladvisor.org\/wp-content\/uploads\/2023\/08\/1-inserer-le-symbole-pi.png"},{"@type":"BreadcrumbList","@id":"https:\/\/exceladvisor.org\/tr\/pi-sembolu\/#breadcrumb","itemListElement":[{"@type":"ListItem","position":1,"name":"Ev","item":"https:\/\/exceladvisor.org\/tr\/"},{"@type":"ListItem","position":2,"name":"Pi (\u03c0) sembol\u00fc excel&#39;e nas\u0131l eklenir?"}]},{"@type":"WebSite","@id":"https:\/\/exceladvisor.org\/tr\/#website","url":"https:\/\/exceladvisor.org\/tr\/","name":"Excel Advisor","description":"Veri hakimiyetine y\u00f6nelik nihai rehberiniz!","publisher":{"@id":"https:\/\/exceladvisor.org\/tr\/#organization"},"potentialAction":[{"@type":"SearchAction","target":{"@type":"EntryPoint","urlTemplate":"https:\/\/exceladvisor.org\/tr\/?s={search_term_string}"},"query-input":{"@type":"PropertyValueSpecification","valueRequired":true,"valueName":"search_term_string"}}],"inLanguage":"tr"},{"@type":"Organization","@id":"https:\/\/exceladvisor.org\/tr\/#organization","name":"Excel Advisor","url":"https:\/\/exceladvisor.org\/tr\/","logo":{"@type":"ImageObject","inLanguage":"tr","@id":"https:\/\/exceladvisor.org\/tr\/#\/schema\/logo\/image\/","url":"https:\/\/exceladvisor.org\/tr\/wp-content\/uploads\/2023\/12\/exceladvisor.org_.png","contentUrl":"https:\/\/exceladvisor.org\/tr\/wp-content\/uploads\/2023\/12\/exceladvisor.org_.png","width":105,"height":36,"caption":"Excel Advisor"},"image":{"@id":"https:\/\/exceladvisor.org\/tr\/#\/schema\/logo\/image\/"}}]}},"yoast_meta":{"yoast_wpseo_title":"","yoast_wpseo_metadesc":"","yoast_wpseo_canonical":""},"_links":{"self":[{"href":"https:\/\/exceladvisor.org\/tr\/wp-json\/wp\/v2\/pages\/1512","targetHints":{"allow":["GET"]}}],"collection":[{"href":"https:\/\/exceladvisor.org\/tr\/wp-json\/wp\/v2\/pages"}],"about":[{"href":"https:\/\/exceladvisor.org\/tr\/wp-json\/wp\/v2\/types\/page"}],"author":[{"embeddable":true,"href":"https:\/\/exceladvisor.org\/tr\/wp-json\/wp\/v2\/users\/1"}],"replies":[{"embeddable":true,"href":"https:\/\/exceladvisor.org\/tr\/wp-json\/wp\/v2\/comments?post=1512"}],"version-history":[{"count":1,"href":"https:\/\/exceladvisor.org\/tr\/wp-json\/wp\/v2\/pages\/1512\/revisions"}],"predecessor-version":[{"id":2769,"href":"https:\/\/exceladvisor.org\/tr\/wp-json\/wp\/v2\/pages\/1512\/revisions\/2769"}],"wp:attachment":[{"href":"https:\/\/exceladvisor.org\/tr\/wp-json\/wp\/v2\/media?parent=1512"}],"curies":[{"name":"wp","href":"https:\/\/api.w.org\/{rel}","templated":true}]}}