{"id":1516,"date":"2023-11-18T05:46:34","date_gmt":"2023-11-18T05:46:34","guid":{"rendered":"https:\/\/exceladvisor.org\/tr\/iki-tarih-arasini-vurgulama\/"},"modified":"2023-12-10T06:04:18","modified_gmt":"2023-12-10T06:04:18","slug":"iki-tarih-arasini-vurgulama","status":"publish","type":"page","link":"https:\/\/exceladvisor.org\/tr\/iki-tarih-arasini-vurgulama\/","title":{"rendered":"I\u0307ki tarih aras\u0131ndaki tarihleri nas\u0131l vurgular\u0131m?"},"content":{"rendered":"<div class=\"excel-icerikten-once\" id=\"excel-3545918475\"><script type=\"text\/javascript\">\r\n\tatOptions = {\r\n\t\t'key' : 'c1158f160081d6540a8409e6925dab94',\r\n\t\t'format' : 'iframe',\r\n\t\t'height' : 250,\r\n\t\t'width' : 300,\r\n\t\t'params' : {}\r\n\t};\r\n<\/script>\r\n<script type=\"text\/javascript\" src=\"\/\/www.highperformanceformat.com\/c1158f160081d6540a8409e6925dab94\/invoke.js\"><\/script><\/div> <p>S\u00fctunda tarihleriniz var ve iki tarih aral\u0131\u011f\u0131ndaki t\u00fcm tarihleri vurgulamak istiyorsunuz.<\/p><p> Diyelim ki ba\u015flang\u0131\u00e7 tarihiniz 17 Ocak 2025, biti\u015f tarihiniz ise 19 Mart 2025 ve tarihler s\u00fctunundan tarihin bu iki tarih aras\u0131nda oldu\u011fu t\u00fcm h\u00fccreleri vurgulamak istiyorsunuz.<\/p><p> Bunu yapman\u0131n en kolay yolu ko\u015fullu bi\u00e7imlendirmeyi kullanmakt\u0131r. AND ve DATE i\u015flevlerini temel alan bir form\u00fcl kullanabilirsiniz. Bu form\u00fclle yeni bir ko\u015fullu bi\u00e7imlendirme kural\u0131 olu\u015fturman\u0131z yeterlidir. Bu ad\u0131mlar\u0131 takip edelim.<\/p><h2 class=\"wp-block-heading\"> \u0130ki tarih aras\u0131ndaki tarihleri vurgulamak i\u00e7in CF kullanma ad\u0131mlar\u0131<\/h2><ul><li> \u00d6ncelikle tarihlerinizin oldu\u011fu aral\u0131\u011f\u0131 veya s\u00fctunu (A2:A20) se\u00e7in.<\/li><li> \u015eimdi Ana Sayfa sekmesine gidin \u21e2 Stiller \u21e2 Ko\u015fullu Bi\u00e7imlendirme \u21e2 Yeni Kural. <\/li><\/ul><div class=\"wp-block-image\"><figure class=\"aligncenter\"><img decoding=\"async\" src=\"https:\/\/exceladvisor.org\/wp-content\/uploads\/2023\/08\/cliquez-sur-la-regle-de-formule-pour-mettre-en-surbrillance-les-dates-entre-deux-dates.png\" sizes=\"\" srcset=\"\" alt=\"iki tarih aras\u0131ndaki tarihleri vurgulamak i\u00e7in form\u00fcl kural\u0131n\u0131 t\u0131klay\u0131n\"><\/figure><\/div><ul><li> Buradan, Yeni Kural penceresinde &#8220;Hangi h\u00fccrenin bi\u00e7imlendirilece\u011fini belirlemek i\u00e7in form\u00fcl kullan&#8221; se\u00e7ene\u011fini se\u00e7in.<\/li><li> Daha sonra form\u00fcl giri\u015f \u00e7ubu\u011funa a\u015fa\u011f\u0131daki form\u00fcl\u00fc girin.<\/li><li> Son olarak, h\u00fccrelere uygulamak i\u00e7in bi\u00e7imlendirme se\u00e7ene\u011finden bir renk se\u00e7in. <\/li><\/ul><div class=\"wp-block-image\"><figure class=\"aligncenter\"><img decoding=\"async\" src=\"https:\/\/exceladvisor.org\/wp-content\/uploads\/2023\/08\/ajouter-une-formule-pour-mettre-en-evidence-les-dates-entre-deux-dates.png\" sizes=\"\" srcset=\"\" alt=\"iki tarih aras\u0131ndaki tarihleri vurgulamak i\u00e7in bir form\u00fcl ekleyin.png\"><\/figure><\/div><ul><li> Sonunda Tamam&#8217;\u0131 t\u0131klay\u0131n.<\/li><\/ul><p> Tamam&#8217;a t\u0131klad\u0131\u011f\u0131n\u0131zda, belirtti\u011finiz aral\u0131ktaki tarihlere sahip t\u00fcm h\u00fccreler, belirtti\u011finiz renkle bi\u00e7imlendirilecektir. <\/p><div class=\"wp-block-image\"><figure class=\"aligncenter\"><img decoding=\"async\" src=\"https:\/\/exceladvisor.org\/wp-content\/uploads\/2023\/08\/surligner-les-dates-entre-deux-dates-dans-une-colonne.png\" sizes=\"\" srcset=\"\" alt=\"bir s\u00fctunda iki tarih aras\u0131ndaki tarihleri vurgulay\u0131n\"><\/figure><\/div><h2 class=\"wp-block-heading\"> Bu CF form\u00fcl\u00fc nas\u0131l \u00e7al\u0131\u015f\u0131r?<\/h2><p> AND i\u015flevi birden fazla ko\u015fulu alabilir ve t\u00fcm ko\u015fullar DO\u011eRU ise DO\u011eRU&#8217;yu, aksi halde YANLI\u015e&#8217;\u0131 d\u00f6nd\u00fcr\u00fcr.<\/p><p> Yani <a href=\"https:\/\/exceladvisor.org\/tr\/formuller-1\/\" data-wpil=\"url\">bu form\u00fcl\u00fc ko\u015fullu bi\u00e7imlendirmede kulland\u0131\u011f\u0131n\u0131zda<\/a> , h\u00fccredeki tarihi kontrol eder ve bu tarih tarih aral\u0131\u011f\u0131 i\u00e7indeyse TRUE de\u011ferini d\u00f6nd\u00fcr\u00fcr. Bu TRUE ile ko\u015fullu bi\u00e7imlendirme, tarih i\u00e7eren t\u00fcm h\u00fccrelere renk uygular.<\/p><div class=\"gb-container gb-container-0df56012 gb-container-mt\"> <a class=\"gb-button gb-button-f9f432f4 gb-button-text gb-button-mt-button\" href=\"https:\/\/exceladvisor.org\/tr\/formuller\/\">Excel form\u00fcllerinin listesi<\/a><h2 class=\"gb-headline gb-headline-233444e8 gb-headline-text gb-headline-mt-heading\"> \u0130lgili form\u00fcller <\/h2><div class=\"gb-grid-wrapper gb-grid-wrapper-a16fa65c gb-grid-wrapper-mt-grid\"><div class=\"gb-grid-column gb-grid-column-50d07e0d\"><div class=\"gb-container gb-container-50d07e0d\"><ul><li> <a href=\"https:\/\/exceladvisor.org\/tr\/iki-tarihi-karsilastir\/\">Excel&#8217;de iki tarihi kar\u015f\u0131la\u015ft\u0131r\u0131n<\/a><\/li><li> <a href=\"https:\/\/exceladvisor.org\/tr\/tarihi-sayiya-donustur\/\">Excel&#8217;de tarihi say\u0131ya d\u00f6n\u00fc\u015ft\u00fcr\u00fcn<\/a><\/li><li> <a href=\"https:\/\/exceladvisor.org\/tr\/bugune-kadarki-metin\/\">Excel&#8217;de metni tarihe d\u00f6n\u00fc\u015ft\u00fcrme<\/a> <\/li><\/ul><\/div><\/div><div class=\"gb-grid-column gb-grid-column-5b4a0cf9\"><div class=\"gb-container gb-container-5b4a0cf9\"><ul><li> <a href=\"https:\/\/exceladvisor.org\/tr\/iki-tarihi-birlestir\/\">Excel&#8217;de iki tarihi h\u0131zla birle\u015ftirme<\/a><\/li><li> <a href=\"https:\/\/exceladvisor.org\/tr\/rastgele-tarih-olusturucu\/\">Excel&#8217;de Rastgele Tarih Olu\u015fturucu (Excel Form\u00fcl\u00fc)<\/a><\/li><li> <a href=\"https:\/\/exceladvisor.org\/tr\/tarih-ve-saati-birlestir\/\">Excel&#8217;de tarih ve saati birle\u015ftirme<\/a><\/li><\/ul><\/div><\/div><\/div><\/div>","protected":false},"excerpt":{"rendered":"","protected":false},"author":1,"featured_media":0,"parent":0,"menu_order":0,"comment_status":"open","ping_status":"closed","template":"","meta":{"ub_ctt_via":"","footnotes":""},"class_list":["post-1516","page","type-page","status-publish","hentry"],"featured_image_src":null,"yoast_head":"<!-- This site is optimized with the Yoast SEO plugin v25.4 - https:\/\/yoast.com\/wordpress\/plugins\/seo\/ -->\n<title>\u0130ki tarih aras\u0131ndaki tarihleri nas\u0131l vurgular\u0131m?<\/title>\n<meta name=\"description\" content=\"Ba\u015flang\u0131\u00e7 tarihiniz 17 Ocak 2025 ve biti\u015f tarihiniz 19 Mart 2025 ise ve bir s\u00fctuna eklemek istiyorsan\u0131z\" \/>\n<meta name=\"robots\" content=\"index, follow, max-snippet:-1, max-image-preview:large, max-video-preview:-1\" \/>\n<link rel=\"canonical\" href=\"https:\/\/exceladvisor.org\/tr\/iki-tarih-arasini-vurgulama\/\" \/>\n<meta property=\"og:locale\" content=\"tr_TR\" \/>\n<meta property=\"og:type\" content=\"article\" \/>\n<meta property=\"og:title\" content=\"\u0130ki tarih aras\u0131ndaki tarihleri nas\u0131l vurgular\u0131m?\" \/>\n<meta property=\"og:description\" content=\"Ba\u015flang\u0131\u00e7 tarihiniz 17 Ocak 2025 ve biti\u015f tarihiniz 19 Mart 2025 ise ve bir s\u00fctuna eklemek istiyorsan\u0131z\" \/>\n<meta property=\"og:url\" content=\"https:\/\/exceladvisor.org\/tr\/iki-tarih-arasini-vurgulama\/\" \/>\n<meta property=\"og:site_name\" content=\"Excel Advisor\" \/>\n<meta property=\"article:modified_time\" content=\"2023-12-10T06:04:18+00:00\" \/>\n<meta property=\"og:image\" content=\"https:\/\/exceladvisor.org\/wp-content\/uploads\/2023\/08\/cliquez-sur-la-regle-de-formule-pour-mettre-en-surbrillance-les-dates-entre-deux-dates.png\" \/>\n<meta name=\"twitter:card\" content=\"summary_large_image\" \/>\n<meta name=\"twitter:label1\" content=\"Tahmini okuma s\u00fcresi\" \/>\n\t<meta name=\"twitter:data1\" content=\"2 dakika\" \/>\n<script type=\"application\/ld+json\" class=\"yoast-schema-graph\">{\"@context\":\"https:\/\/schema.org\",\"@graph\":[{\"@type\":\"WebPage\",\"@id\":\"https:\/\/exceladvisor.org\/tr\/iki-tarih-arasini-vurgulama\/\",\"url\":\"https:\/\/exceladvisor.org\/tr\/iki-tarih-arasini-vurgulama\/\",\"name\":\"\u0130ki tarih aras\u0131ndaki tarihleri nas\u0131l vurgular\u0131m?\",\"isPartOf\":{\"@id\":\"https:\/\/exceladvisor.org\/tr\/#website\"},\"primaryImageOfPage\":{\"@id\":\"https:\/\/exceladvisor.org\/tr\/iki-tarih-arasini-vurgulama\/#primaryimage\"},\"image\":{\"@id\":\"https:\/\/exceladvisor.org\/tr\/iki-tarih-arasini-vurgulama\/#primaryimage\"},\"thumbnailUrl\":\"https:\/\/exceladvisor.org\/wp-content\/uploads\/2023\/08\/cliquez-sur-la-regle-de-formule-pour-mettre-en-surbrillance-les-dates-entre-deux-dates.png\",\"datePublished\":\"2023-11-18T05:46:34+00:00\",\"dateModified\":\"2023-12-10T06:04:18+00:00\",\"description\":\"Ba\u015flang\u0131\u00e7 tarihiniz 17 Ocak 2025 ve biti\u015f tarihiniz 19 Mart 2025 ise ve bir s\u00fctuna eklemek istiyorsan\u0131z\",\"breadcrumb\":{\"@id\":\"https:\/\/exceladvisor.org\/tr\/iki-tarih-arasini-vurgulama\/#breadcrumb\"},\"inLanguage\":\"tr\",\"potentialAction\":[{\"@type\":\"ReadAction\",\"target\":[\"https:\/\/exceladvisor.org\/tr\/iki-tarih-arasini-vurgulama\/\"]}]},{\"@type\":\"ImageObject\",\"inLanguage\":\"tr\",\"@id\":\"https:\/\/exceladvisor.org\/tr\/iki-tarih-arasini-vurgulama\/#primaryimage\",\"url\":\"https:\/\/exceladvisor.org\/wp-content\/uploads\/2023\/08\/cliquez-sur-la-regle-de-formule-pour-mettre-en-surbrillance-les-dates-entre-deux-dates.png\",\"contentUrl\":\"https:\/\/exceladvisor.org\/wp-content\/uploads\/2023\/08\/cliquez-sur-la-regle-de-formule-pour-mettre-en-surbrillance-les-dates-entre-deux-dates.png\"},{\"@type\":\"BreadcrumbList\",\"@id\":\"https:\/\/exceladvisor.org\/tr\/iki-tarih-arasini-vurgulama\/#breadcrumb\",\"itemListElement\":[{\"@type\":\"ListItem\",\"position\":1,\"name\":\"Ev\",\"item\":\"https:\/\/exceladvisor.org\/tr\/\"},{\"@type\":\"ListItem\",\"position\":2,\"name\":\"I\u0307ki tarih aras\u0131ndaki tarihleri nas\u0131l vurgular\u0131m?\"}]},{\"@type\":\"WebSite\",\"@id\":\"https:\/\/exceladvisor.org\/tr\/#website\",\"url\":\"https:\/\/exceladvisor.org\/tr\/\",\"name\":\"Excel Advisor\",\"description\":\"Veri hakimiyetine y\u00f6nelik nihai rehberiniz!\",\"publisher\":{\"@id\":\"https:\/\/exceladvisor.org\/tr\/#organization\"},\"potentialAction\":[{\"@type\":\"SearchAction\",\"target\":{\"@type\":\"EntryPoint\",\"urlTemplate\":\"https:\/\/exceladvisor.org\/tr\/?s={search_term_string}\"},\"query-input\":{\"@type\":\"PropertyValueSpecification\",\"valueRequired\":true,\"valueName\":\"search_term_string\"}}],\"inLanguage\":\"tr\"},{\"@type\":\"Organization\",\"@id\":\"https:\/\/exceladvisor.org\/tr\/#organization\",\"name\":\"Excel Advisor\",\"url\":\"https:\/\/exceladvisor.org\/tr\/\",\"logo\":{\"@type\":\"ImageObject\",\"inLanguage\":\"tr\",\"@id\":\"https:\/\/exceladvisor.org\/tr\/#\/schema\/logo\/image\/\",\"url\":\"https:\/\/exceladvisor.org\/tr\/wp-content\/uploads\/2023\/12\/exceladvisor.org_.png\",\"contentUrl\":\"https:\/\/exceladvisor.org\/tr\/wp-content\/uploads\/2023\/12\/exceladvisor.org_.png\",\"width\":105,\"height\":36,\"caption\":\"Excel Advisor\"},\"image\":{\"@id\":\"https:\/\/exceladvisor.org\/tr\/#\/schema\/logo\/image\/\"}}]}<\/script>\n<!-- \/ Yoast SEO plugin. -->","yoast_head_json":{"title":"\u0130ki tarih aras\u0131ndaki tarihleri nas\u0131l vurgular\u0131m?","description":"Ba\u015flang\u0131\u00e7 tarihiniz 17 Ocak 2025 ve biti\u015f tarihiniz 19 Mart 2025 ise ve bir s\u00fctuna eklemek istiyorsan\u0131z","robots":{"index":"index","follow":"follow","max-snippet":"max-snippet:-1","max-image-preview":"max-image-preview:large","max-video-preview":"max-video-preview:-1"},"canonical":"https:\/\/exceladvisor.org\/tr\/iki-tarih-arasini-vurgulama\/","og_locale":"tr_TR","og_type":"article","og_title":"\u0130ki tarih aras\u0131ndaki tarihleri nas\u0131l vurgular\u0131m?","og_description":"Ba\u015flang\u0131\u00e7 tarihiniz 17 Ocak 2025 ve biti\u015f tarihiniz 19 Mart 2025 ise ve bir s\u00fctuna eklemek istiyorsan\u0131z","og_url":"https:\/\/exceladvisor.org\/tr\/iki-tarih-arasini-vurgulama\/","og_site_name":"Excel Advisor","article_modified_time":"2023-12-10T06:04:18+00:00","og_image":[{"url":"https:\/\/exceladvisor.org\/wp-content\/uploads\/2023\/08\/cliquez-sur-la-regle-de-formule-pour-mettre-en-surbrillance-les-dates-entre-deux-dates.png","type":"","width":"","height":""}],"twitter_card":"summary_large_image","twitter_misc":{"Tahmini okuma s\u00fcresi":"2 dakika"},"schema":{"@context":"https:\/\/schema.org","@graph":[{"@type":"WebPage","@id":"https:\/\/exceladvisor.org\/tr\/iki-tarih-arasini-vurgulama\/","url":"https:\/\/exceladvisor.org\/tr\/iki-tarih-arasini-vurgulama\/","name":"\u0130ki tarih aras\u0131ndaki tarihleri nas\u0131l vurgular\u0131m?","isPartOf":{"@id":"https:\/\/exceladvisor.org\/tr\/#website"},"primaryImageOfPage":{"@id":"https:\/\/exceladvisor.org\/tr\/iki-tarih-arasini-vurgulama\/#primaryimage"},"image":{"@id":"https:\/\/exceladvisor.org\/tr\/iki-tarih-arasini-vurgulama\/#primaryimage"},"thumbnailUrl":"https:\/\/exceladvisor.org\/wp-content\/uploads\/2023\/08\/cliquez-sur-la-regle-de-formule-pour-mettre-en-surbrillance-les-dates-entre-deux-dates.png","datePublished":"2023-11-18T05:46:34+00:00","dateModified":"2023-12-10T06:04:18+00:00","description":"Ba\u015flang\u0131\u00e7 tarihiniz 17 Ocak 2025 ve biti\u015f tarihiniz 19 Mart 2025 ise ve bir s\u00fctuna eklemek istiyorsan\u0131z","breadcrumb":{"@id":"https:\/\/exceladvisor.org\/tr\/iki-tarih-arasini-vurgulama\/#breadcrumb"},"inLanguage":"tr","potentialAction":[{"@type":"ReadAction","target":["https:\/\/exceladvisor.org\/tr\/iki-tarih-arasini-vurgulama\/"]}]},{"@type":"ImageObject","inLanguage":"tr","@id":"https:\/\/exceladvisor.org\/tr\/iki-tarih-arasini-vurgulama\/#primaryimage","url":"https:\/\/exceladvisor.org\/wp-content\/uploads\/2023\/08\/cliquez-sur-la-regle-de-formule-pour-mettre-en-surbrillance-les-dates-entre-deux-dates.png","contentUrl":"https:\/\/exceladvisor.org\/wp-content\/uploads\/2023\/08\/cliquez-sur-la-regle-de-formule-pour-mettre-en-surbrillance-les-dates-entre-deux-dates.png"},{"@type":"BreadcrumbList","@id":"https:\/\/exceladvisor.org\/tr\/iki-tarih-arasini-vurgulama\/#breadcrumb","itemListElement":[{"@type":"ListItem","position":1,"name":"Ev","item":"https:\/\/exceladvisor.org\/tr\/"},{"@type":"ListItem","position":2,"name":"I\u0307ki tarih aras\u0131ndaki tarihleri nas\u0131l vurgular\u0131m?"}]},{"@type":"WebSite","@id":"https:\/\/exceladvisor.org\/tr\/#website","url":"https:\/\/exceladvisor.org\/tr\/","name":"Excel Advisor","description":"Veri hakimiyetine y\u00f6nelik nihai rehberiniz!","publisher":{"@id":"https:\/\/exceladvisor.org\/tr\/#organization"},"potentialAction":[{"@type":"SearchAction","target":{"@type":"EntryPoint","urlTemplate":"https:\/\/exceladvisor.org\/tr\/?s={search_term_string}"},"query-input":{"@type":"PropertyValueSpecification","valueRequired":true,"valueName":"search_term_string"}}],"inLanguage":"tr"},{"@type":"Organization","@id":"https:\/\/exceladvisor.org\/tr\/#organization","name":"Excel Advisor","url":"https:\/\/exceladvisor.org\/tr\/","logo":{"@type":"ImageObject","inLanguage":"tr","@id":"https:\/\/exceladvisor.org\/tr\/#\/schema\/logo\/image\/","url":"https:\/\/exceladvisor.org\/tr\/wp-content\/uploads\/2023\/12\/exceladvisor.org_.png","contentUrl":"https:\/\/exceladvisor.org\/tr\/wp-content\/uploads\/2023\/12\/exceladvisor.org_.png","width":105,"height":36,"caption":"Excel Advisor"},"image":{"@id":"https:\/\/exceladvisor.org\/tr\/#\/schema\/logo\/image\/"}}]}},"yoast_meta":{"yoast_wpseo_title":"","yoast_wpseo_metadesc":"","yoast_wpseo_canonical":""},"_links":{"self":[{"href":"https:\/\/exceladvisor.org\/tr\/wp-json\/wp\/v2\/pages\/1516","targetHints":{"allow":["GET"]}}],"collection":[{"href":"https:\/\/exceladvisor.org\/tr\/wp-json\/wp\/v2\/pages"}],"about":[{"href":"https:\/\/exceladvisor.org\/tr\/wp-json\/wp\/v2\/types\/page"}],"author":[{"embeddable":true,"href":"https:\/\/exceladvisor.org\/tr\/wp-json\/wp\/v2\/users\/1"}],"replies":[{"embeddable":true,"href":"https:\/\/exceladvisor.org\/tr\/wp-json\/wp\/v2\/comments?post=1516"}],"version-history":[{"count":1,"href":"https:\/\/exceladvisor.org\/tr\/wp-json\/wp\/v2\/pages\/1516\/revisions"}],"predecessor-version":[{"id":2710,"href":"https:\/\/exceladvisor.org\/tr\/wp-json\/wp\/v2\/pages\/1516\/revisions\/2710"}],"wp:attachment":[{"href":"https:\/\/exceladvisor.org\/tr\/wp-json\/wp\/v2\/media?parent=1516"}],"curies":[{"name":"wp","href":"https:\/\/api.w.org\/{rel}","templated":true}]}}