{"id":1517,"date":"2023-11-18T05:28:14","date_gmt":"2023-11-18T05:28:14","guid":{"rendered":"https:\/\/exceladvisor.org\/tr\/resim-sergisi\/"},"modified":"2023-12-10T06:07:11","modified_gmt":"2023-12-10T06:07:11","slug":"resim-sergisi","status":"publish","type":"page","link":"https:\/\/exceladvisor.org\/tr\/resim-sergisi\/","title":{"rendered":"Vba tablosu: temelden i\u0307leri d\u00fczey k\u0131lavuza"},"content":{"rendered":"<div class=\"excel-icerikten-once\" id=\"excel-1152958619\"><script type=\"text\/javascript\">\r\n\tatOptions = {\r\n\t\t'key' : 'c1158f160081d6540a8409e6925dab94',\r\n\t\t'format' : 'iframe',\r\n\t\t'height' : 250,\r\n\t\t'width' : 300,\r\n\t\t'params' : {}\r\n\t};\r\n<\/script>\r\n<script type=\"text\/javascript\" src=\"\/\/www.highperformanceformat.com\/c1158f160081d6540a8409e6925dab94\/invoke.js\"><\/script><\/div> <p class=\"wp-block-heading\"><strong>Anahtar noktalar\u0131<\/strong><\/p><ul><li> VBA tablosu i\u00e7indeki bir tabloyu, verileri (\u00f6rne\u011fin: \u00f6\u011frenci ad\u0131, konu ve puanlar) depolamak ve d\u00fczenlemek i\u00e7in kullan\u0131lan mini bir veritaban\u0131 olarak d\u00fc\u015f\u00fcn\u00fcn.<\/li><li> Kullanmadan \u00f6nce bir dizi bildirmeniz gerekir; veri t\u00fcr\u00fc ve i\u00e7inde saklamak istedi\u011finiz de\u011fer say\u0131s\u0131yla birlikte.<\/li><\/ul><p> VBA kullanarak b\u00fcy\u00fck verilerle \u00e7al\u0131\u015fmak istiyorsan\u0131z tablolar\u0131 ve bunlar\u0131n VBA kodlar\u0131nda nas\u0131l kullan\u0131laca\u011f\u0131n\u0131 anlaman\u0131z gerekir. Bu k\u0131lavuzda tabloyu t\u00fcm y\u00f6nleriyle inceleyecek ve ayr\u0131ca kullan\u0131lacak baz\u0131 \u00f6rnekleri de g\u00f6rece\u011fiz. onlara.<\/p><h2 class=\"wp-block-heading\"> VBA&#8217;da tablo nedir?<\/h2><p> VBA&#8217;da dizi, <strong>birden fazla de\u011feri saklayabilen<\/strong> bir de\u011fi\u015fkendir. Bu dizideki t\u00fcm de\u011ferlere tek seferde ula\u015fabilece\u011finiz gibi tek bir de\u011fere o de\u011ferin dizideki konumu olan indeks numaras\u0131n\u0131 da belirterek eri\u015febilirsiniz. \u00d6\u011frencinin ad\u0131, konusu ve notlar\u0131yla randevunuz oldu\u011funu d\u00fc\u015f\u00fcn\u00fcn.<\/p><p> T\u00fcm bu bilgileri tek bir \u00f6\u011frenci i\u00e7in de\u011fil y\u00fczlerce \u00f6\u011frenci i\u00e7in bir tabloda saklayabilirsiniz. \u0130\u015fte bir tabloyu a\u00e7\u0131klamak i\u00e7in basit bir \u00f6rnek. <\/p><div class=\"wp-block-image\"><figure class=\"aligncenter size-large is-resized\"><img loading=\"lazy\" decoding=\"async\" class=\"wp-image-52233\" src=\"https:\/\/exceladvisor.org\/wp-content\/uploads\/2023\/08\/1-exemple-pour-expliquer-un-tableau.png\" sizes=\"auto, \" srcset=\"\" alt=\"bir tabloyu a\u00e7\u0131klamak i\u00e7in \u00f6rnek\" width=\"511\" height=\"303\"><\/figure><\/div><p> Yukar\u0131daki \u00f6rnekte, on \u00f6\u011feden olu\u015fan bir diziniz (dizi boyutu) var ve her \u00f6\u011fenin belirli bir konumu (Dizin) var.<\/p><p> Bu nedenle, sekizinci konumdaki bir \u00f6\u011feyi kullanmak istiyorsan\u0131z, o \u00f6\u011feye indeks numaras\u0131n\u0131 kullanarak ba\u015fvurmal\u0131s\u0131n\u0131z.<\/p><p> Yukar\u0131daki \u00f6rnekte kulland\u0131\u011f\u0131m\u0131z dizi tek boyutlu bir dizidir. Ancak bu k\u0131lavuzun ilerleyen k\u0131s\u0131mlar\u0131nda \u00e7ok boyutlu dizileri de \u00f6\u011frenece\u011fiz.<\/p><h2 class=\"wp-block-heading\"> VBA&#8217;da bir dizi nas\u0131l bildirilir<\/h2><p> Yukar\u0131da da belirtti\u011fim gibi dizi de\u011fi\u015fken t\u00fcr\u00fcd\u00fcr, dolay\u0131s\u0131yla onu (Dim, Private, Public ve Static) anahtar kelimelerini kullanarak bildirmeniz gerekir. Normal bir de\u011fi\u015fkenden farkl\u0131 olarak, bir dizi bildirirken dizi ad\u0131ndan sonra bir \u00e7ift parantez kullanman\u0131z gerekir.<\/p><p> Yukar\u0131daki \u00f6rnekte kulland\u0131\u011f\u0131m\u0131z bir diziyi bildirmek istedi\u011finizi varsayal\u0131m.<\/p><p> <strong>Bir dizi bildirme ad\u0131mlar\u0131.<\/strong><\/p><ul><li> \u00d6ncelikle \u201cDim\u201d anahtar kelimesini kullan\u0131n, tablo ad\u0131n\u0131 girin ve parantez yaz\u0131n. <br><img loading=\"lazy\" decoding=\"async\" title=\"2-anahtar kelimeyi-dim-kullan\u0131n\" src=\"https:\/\/exceladvisor.org\/wp-content\/uploads\/2023\/08\/2-utiliser-le-mot-cle-dim.png\" sizes=\"auto, \" srcset=\"\" alt=\"use-the-keyword-dim\" width=\"375\" height=\"215\"><\/li><li> Daha sonra dizinin veri t\u00fcr\u00fcn\u00fc belirtmeniz gerekir. Belirtilmi\u015f bir veri t\u00fcr\u00fcn\u00fcz yoksa VBA uygun veri t\u00fcr\u00fcn\u00fc atayacakt\u0131r. <br><img loading=\"lazy\" decoding=\"async\" title=\"3-bir dizinin veri t\u00fcr\u00fcn\u00fc belirtin\" src=\"https:\/\/exceladvisor.org\/wp-content\/uploads\/2023\/08\/3-specifier-le-type-de-donnees-dun-tableau.png\" sizes=\"auto, \" srcset=\"\" alt=\"specify-data-type-of-an-array\" width=\"377\" height=\"197\"><\/li><li> Bundan sonra dizide saklamak istedi\u011finiz \u00f6\u011fe say\u0131s\u0131n\u0131 tan\u0131mlaman\u0131z gerekir. <br><img loading=\"lazy\" decoding=\"async\" title=\"4'l\u00fc-\u00fcr\u00fcn-say\u0131l\u0131-set\" src=\"https:\/\/exceladvisor.org\/wp-content\/uploads\/2023\/08\/4-definir-le-nombre-darticles.png\" sizes=\"auto, \" srcset=\"\" alt=\"define-the-number-of-items\" width=\"381\" height=\"176\"><\/li><li> Sonu\u00e7ta, bir dizideki bir \u00f6\u011feye de\u011fer atamak i\u00e7in, \u00f6\u011feyi tan\u0131mlamak amac\u0131yla \u00f6\u011fenin dizin numaras\u0131n\u0131 kullanman\u0131z ve ard\u0131ndan ona bir de\u011fer ataman\u0131z gerekir. <br><img loading=\"lazy\" decoding=\"async\" title=\"5-bir \u00f6\u011feye-bir-de\u011fer atay\u0131n\" src=\"https:\/\/exceladvisor.org\/wp-content\/uploads\/2023\/08\/5-attribuer-une-valeur-a-un-element.png\" sizes=\"auto, \" srcset=\"\" alt=\"assign-a-vale-to-an-item\" width=\"336\" height=\"391\"><\/li><\/ul><p> <strong>Tam kod<\/strong><\/p><pre class=\"wp-block-code\"> <code class=\"language-visual-basic\" lang=\"visual-basic\">Sub vba_array_example() Dim StudentsNames(10) As String StudentsNames(0) = \"Waylon\" StudentsNames(1) = \"Morton\" StudentsNames(2) = \"Rudolph\" StudentsNames(3) = \"Georgene\" StudentsNames(4) = \"Billi\" StudentsNames(5) = \"Enid\" StudentsNames(6) = \"Genevieve\" StudentsNames(7) = \"Judi\" StudentsNames(8) = \"Madaline\" StudentsNames(9) = \"Elton\" End Sub<\/code><\/pre><h3 class=\"wp-block-heading\"> H\u0131zl\u0131 Notlar<\/h3><ul><li> Yukar\u0131daki kodda ilk olarak 10&#8217;a kadar \u00f6\u011fe depolayabilen ve string veri tipine sahip tek boyutlu diziyi tan\u0131mlayan Dim deyimine sahipsiniz.<\/li><li> Bundan sonra, bir dizinin elemanlar\u0131n\u0131 0&#8217;dan 9&#8217;a kadar tan\u0131mlayan 10 sat\u0131rl\u0131k kodunuz var.<\/li><\/ul><h3 class=\"wp-block-heading\"> De\u011fi\u015fken veri t\u00fcr\u00fcne sahip tablo<\/h3><p> Bir dizi bildirirken veri t\u00fcr\u00fcn\u00fc belirtmezseniz VBA otomatik olarak de\u011fi\u015fen veri t\u00fcr\u00fcn\u00fc kullan\u0131r, bu da bellek kullan\u0131m\u0131nda hafif bir art\u0131\u015fa neden olur ve bellek kullan\u0131m\u0131ndaki bu art\u0131\u015f kod performans\u0131n\u0131 yava\u015flatabilir.<\/p><p> Bu nedenle, de\u011fi\u015fken veri t\u00fcr\u00fcn\u00fc kullanmak gerekmedi\u011fi s\u00fcrece, bir dizi bildirirken belirli bir veri t\u00fcr\u00fcn\u00fc tan\u0131mlamak en iyisidir.<\/p><h2 class=\"wp-block-heading\"> Bir diziden bilgi d\u00f6nd\u00fcrme<\/h2><p> Daha \u00f6nce de belirtti\u011fim gibi bir diziden bilgi almak i\u00e7in eleman\u0131n indeks numaras\u0131n\u0131 kullanarak konumunu belirtebilirsiniz. \u00d6rne\u011fin bir \u00f6nceki \u00f6rnekte olu\u015fturdu\u011fumuz alan\u0131n 8. eleman\u0131n\u0131 d\u00f6nd\u00fcrmek isteseydik kod \u015fu \u015fekilde olurdu: <\/p><div class=\"wp-block-image\"><figure class=\"aligncenter size-large is-resized\"><img loading=\"lazy\" decoding=\"async\" class=\"wp-image-52238\" src=\"https:\/\/exceladvisor.org\/wp-content\/uploads\/2023\/08\/6-retour-dinformations-a-partir-dun-tableau.png\" sizes=\"auto, \" srcset=\"\" alt=\"bir tablodan-geri bildirim\" width=\"479\" height=\"451\"><\/figure><\/div><p> Yukar\u0131daki kodda, A1 h\u00fccresine de\u011feri 8 numaral\u0131 dizi \u00f6\u011fesini kullanarak girdiniz.<\/p><h2 class=\"wp-block-heading\"> Se\u00e7enek taban\u0131 1&#8217;i kullan\u0131n<\/h2><p> Eminim \u015fu anda akl\u0131n\u0131zda bu soru var, neden madde listemize bir yerine s\u0131f\u0131rdan ba\u015flad\u0131k?<\/p><p> Bu bir hata de\u011fil.<\/p><p> Programlama dilleri ilk kez olu\u015fturuldu\u011funda <a href=\"http:\/\/www.cs.utexas.edu\/users\/EWD\/transcriptions\/EWD08xx\/EWD831.html\" target=\"_blank\" rel=\"noreferrer noopener\">, baz\u0131 dikkatsizlikler bu yap\u0131y\u0131 bir dizideki \u00f6\u011felerin listesi haline getirdi<\/a> . \u00c7o\u011fu programlama dilinde liste \u00f6\u011felerinin ayn\u0131 yap\u0131s\u0131n\u0131 bulabilirsiniz.<\/p><p> Bununla birlikte, di\u011fer bir\u00e7ok bilgisayar dilinin aksine, VBA&#8217;da indeksin \u00e7al\u0131\u015fma \u015feklini normalle\u015ftirebilirsiniz, yani 1 ile ba\u015flamas\u0131n\u0131 sa\u011flayabilirsiniz. Yapman\u0131z gereken tek \u015fey, mod\u00fcl\u00fcn ba\u015f\u0131na bir ifade bildirmeden \u00f6nce se\u00e7eneklere dayal\u0131 bir ifade eklemektir. dizi.dizi.<\/p><p> \u015eimdi bu tablo a\u015fa\u011f\u0131daki gibi g\u00f6r\u00fcnecek: <\/p><div class=\"wp-block-image\"><figure class=\"aligncenter size-large is-resized\"><img loading=\"lazy\" decoding=\"async\" class=\"wp-image-52239\" src=\"https:\/\/exceladvisor.org\/wp-content\/uploads\/2023\/08\/7-utiliser-la-base-doptions-1.png\" sizes=\"auto, \" srcset=\"\" alt=\"kullan\u0131m se\u00e7ene\u011fi-taban-1\" width=\"344\" height=\"424\"><\/figure><\/div><h2 class=\"wp-block-heading\"> Tabloda ara<\/h2><p> De\u011ferleri bir dizide saklad\u0131\u011f\u0131n\u0131zda, dizi aramas\u0131 yapman\u0131z gereken zamanlar olabilir.<\/p><p> Bu durumda kullanabilece\u011finiz y\u00f6ntemleri bilmeniz gerekir. \u015eimdi bir dizide bir de\u011feri nas\u0131l arayaca\u011f\u0131n\u0131z\u0131 anlaman\u0131za yard\u0131mc\u0131 olabilecek a\u015fa\u011f\u0131daki koda bak\u0131n. <\/p><pre class=\"wp-block-code\"> <code class=\"language-visual-basic\" lang=\"visual-basic\">Sub vba_array_search() 'this section declares an array and variables _ that you need to search within the array. Dim myArray(10) As Integer Dim i As Integer Dim varUserNumber As Variant Dim strMsg As String 'This part of the code adds 10 random numbers to _ the array and shows the result in the _ immediate window as well. For i = 1 To 10 myArray(i) = Int(Rnd * 10) Debug.Print myArray(i) Next i 'it is an input box that asks you the number that you want to find. Loopback: varUserNumber = InputBox _ (\"Enter a number between 1 and 10 to search for:\", _ \"Linear Search Demonstrator\") 'it's an IF statement that checks for the value that you _ have entered in the input box. If varUserNumber = \"\" Then End If Not IsNumeric(varUserNumber) Then GoTo Loopback If varUserNumber &lt; 1 Or varUserNumber &gt; 10 Then GoTo Loopback 'message to show if the value doesn't found. strMsg = \"Your value, \" &amp; varUserNumber &amp; _ \", was not found in the array.\" 'loop through the array and match each value with the _ the value you have entered in the input box. For i = 1 To UBound(myArray) If myArray(i) = varUserNumber Then strMsg = \"Your value, \" &amp; varUserNumber &amp; _ \", was found at position \" &amp; i &amp; \" in the array.\" Exit For End If Next i 'message box in the end MsgBox strMsg, vbOKOnly + vbInformation, \"Linear Search Result\" End Sub<\/code> <\/pre><div class=\"wp-block-image\"><figure class=\"aligncenter size-large is-resized\"><img loading=\"lazy\" decoding=\"async\" class=\"wp-image-52240\" src=\"https:\/\/exceladvisor.org\/wp-content\/uploads\/2023\/08\/8-recherche-dans-un-tableau.png\" sizes=\"auto, \" srcset=\"\" alt=\"bir tabloda arama\" width=\"529\" height=\"1087\"><\/figure><\/div><ol><li> Kodun ilk b\u00f6l\u00fcm\u00fcnde, daha sonra kodda kullanman\u0131z gereken de\u011fi\u015fkenler bulunur.<\/li><li> Bundan sonraki k\u0131s\u0131m, dizi i\u00e7in 10 de\u011fer elde etmek i\u00e7in RND kullanarak rastgele say\u0131lar \u00fcretmektir.<\/li><li> Daha sonra, tabloda aramak istedi\u011finiz de\u011feri girebilece\u011finiz bir giri\u015f kutusu.<\/li><li> Bu b\u00f6l\u00fcmde, girdi\u011finiz de\u011ferin bulunamamas\u0131 durumunda mesaj kutusunda kullan\u0131lacak dizeye y\u00f6nelik bir kodunuz vard\u0131r.<\/li><li> Kodun bu k\u0131sm\u0131, dizinin her bir \u00f6\u011fesi aras\u0131nda d\u00f6ng\u00fc yapmak ve girdi\u011finiz de\u011ferin dizide olup olmad\u0131\u011f\u0131n\u0131 kontrol etmek i\u00e7in bir d\u00f6ng\u00fc kullan\u0131r.<\/li><li> Kodun son k\u0131sm\u0131nda bir de\u011ferin bulunup bulunmad\u0131\u011f\u0131n\u0131 belirten bir mesaj g\u00f6r\u00fcnt\u00fclenir.<\/li><\/ol><div class=\"gb-container gb-container-4db6181c gb-container-mt\"> <a class=\"gb-button gb-button-c5897111 gb-button-text gb-button-mt-button\" href=\"https:\/\/exceladvisor.org\/tr\/vba\/\">VBA nedir<\/a><h2 class=\"gb-headline gb-headline-665e5f6b gb-headline-text gb-headline-mt-heading\"> VBA tablolar\u0131 hakk\u0131nda daha fazla bilgi edinin <\/h2><div class=\"gb-grid-wrapper gb-grid-wrapper-a20baf7c gb-grid-wrapper-mt-grid\"><div class=\"gb-grid-column gb-grid-column-65ddf67e\"><div class=\"gb-container gb-container-65ddf67e\"><ul><li> <a href=\"https:\/\/exceladvisor.org\/tr\/dizi-boyutu\/\">VBA dizisi uzunlu\u011fu (boyut)<\/a><\/li><li> <a href=\"https:\/\/exceladvisor.org\/tr\/zincirli-masa\/\">Dizelerle VBA dizisi<\/a><\/li><li> <a href=\"https:\/\/exceladvisor.org\/tr\/tahtayi-sil\/\">VBA Diziyi Temizle<\/a><\/li><li> <a href=\"https:\/\/exceladvisor.org\/tr\/dinamik-tablo\/\">Dinamik tablo VBA&#8217;s\u0131<\/a> <\/li><\/ul><\/div><\/div><div class=\"gb-grid-column gb-grid-column-50067b57\"><div class=\"gb-container gb-container-50067b57\"><\/div><\/div><\/div><\/div>","protected":false},"excerpt":{"rendered":"","protected":false},"author":1,"featured_media":0,"parent":0,"menu_order":0,"comment_status":"open","ping_status":"closed","template":"","meta":{"ub_ctt_via":"","footnotes":""},"class_list":["post-1517","page","type-page","status-publish","hentry"],"featured_image_src":null,"yoast_head":"<!-- This site is optimized with the Yoast SEO plugin v25.4 - https:\/\/yoast.com\/wordpress\/plugins\/seo\/ -->\n<title>Yeni ba\u015flayanlar i\u00e7in VBA&#039;daki tablolar k\u0131lavuzu - Excel Dan\u0131\u015fman\u0131<\/title>\n<meta name=\"description\" content=\"VBA kullanarak b\u00fcy\u00fck verilerle \u00e7al\u0131\u015fmak istiyorsan\u0131z tablolar\u0131 ve bunlar\u0131n nas\u0131l kullan\u0131laca\u011f\u0131n\u0131 anlaman\u0131z gerekir.\" \/>\n<meta name=\"robots\" content=\"index, follow, max-snippet:-1, max-image-preview:large, max-video-preview:-1\" \/>\n<link rel=\"canonical\" href=\"https:\/\/exceladvisor.org\/tr\/resim-sergisi\/\" \/>\n<meta property=\"og:locale\" content=\"tr_TR\" \/>\n<meta property=\"og:type\" content=\"article\" \/>\n<meta property=\"og:title\" content=\"Yeni ba\u015flayanlar i\u00e7in VBA&#039;daki tablolar k\u0131lavuzu - Excel Dan\u0131\u015fman\u0131\" \/>\n<meta property=\"og:description\" content=\"VBA kullanarak b\u00fcy\u00fck verilerle \u00e7al\u0131\u015fmak istiyorsan\u0131z tablolar\u0131 ve bunlar\u0131n nas\u0131l kullan\u0131laca\u011f\u0131n\u0131 anlaman\u0131z gerekir.\" \/>\n<meta property=\"og:url\" content=\"https:\/\/exceladvisor.org\/tr\/resim-sergisi\/\" \/>\n<meta property=\"og:site_name\" content=\"Excel Advisor\" \/>\n<meta property=\"article:modified_time\" content=\"2023-12-10T06:07:11+00:00\" \/>\n<meta property=\"og:image\" content=\"https:\/\/exceladvisor.org\/wp-content\/uploads\/2023\/08\/1-exemple-pour-expliquer-un-tableau.png\" \/>\n<meta name=\"twitter:card\" content=\"summary_large_image\" \/>\n<meta name=\"twitter:label1\" content=\"Tahmini okuma s\u00fcresi\" \/>\n\t<meta name=\"twitter:data1\" content=\"6 dakika\" \/>\n<script type=\"application\/ld+json\" class=\"yoast-schema-graph\">{\"@context\":\"https:\/\/schema.org\",\"@graph\":[{\"@type\":\"WebPage\",\"@id\":\"https:\/\/exceladvisor.org\/tr\/resim-sergisi\/\",\"url\":\"https:\/\/exceladvisor.org\/tr\/resim-sergisi\/\",\"name\":\"Yeni ba\u015flayanlar i\u00e7in VBA&#39;daki tablolar k\u0131lavuzu - Excel Dan\u0131\u015fman\u0131\",\"isPartOf\":{\"@id\":\"https:\/\/exceladvisor.org\/tr\/#website\"},\"primaryImageOfPage\":{\"@id\":\"https:\/\/exceladvisor.org\/tr\/resim-sergisi\/#primaryimage\"},\"image\":{\"@id\":\"https:\/\/exceladvisor.org\/tr\/resim-sergisi\/#primaryimage\"},\"thumbnailUrl\":\"https:\/\/exceladvisor.org\/wp-content\/uploads\/2023\/08\/1-exemple-pour-expliquer-un-tableau.png\",\"datePublished\":\"2023-11-18T05:28:14+00:00\",\"dateModified\":\"2023-12-10T06:07:11+00:00\",\"description\":\"VBA kullanarak b\u00fcy\u00fck verilerle \u00e7al\u0131\u015fmak istiyorsan\u0131z tablolar\u0131 ve bunlar\u0131n nas\u0131l kullan\u0131laca\u011f\u0131n\u0131 anlaman\u0131z gerekir.\",\"breadcrumb\":{\"@id\":\"https:\/\/exceladvisor.org\/tr\/resim-sergisi\/#breadcrumb\"},\"inLanguage\":\"tr\",\"potentialAction\":[{\"@type\":\"ReadAction\",\"target\":[\"https:\/\/exceladvisor.org\/tr\/resim-sergisi\/\"]}]},{\"@type\":\"ImageObject\",\"inLanguage\":\"tr\",\"@id\":\"https:\/\/exceladvisor.org\/tr\/resim-sergisi\/#primaryimage\",\"url\":\"https:\/\/exceladvisor.org\/wp-content\/uploads\/2023\/08\/1-exemple-pour-expliquer-un-tableau.png\",\"contentUrl\":\"https:\/\/exceladvisor.org\/wp-content\/uploads\/2023\/08\/1-exemple-pour-expliquer-un-tableau.png\"},{\"@type\":\"BreadcrumbList\",\"@id\":\"https:\/\/exceladvisor.org\/tr\/resim-sergisi\/#breadcrumb\",\"itemListElement\":[{\"@type\":\"ListItem\",\"position\":1,\"name\":\"Ev\",\"item\":\"https:\/\/exceladvisor.org\/tr\/\"},{\"@type\":\"ListItem\",\"position\":2,\"name\":\"Vba tablosu: temelden i\u0307leri d\u00fczey k\u0131lavuza\"}]},{\"@type\":\"WebSite\",\"@id\":\"https:\/\/exceladvisor.org\/tr\/#website\",\"url\":\"https:\/\/exceladvisor.org\/tr\/\",\"name\":\"Excel Advisor\",\"description\":\"Veri hakimiyetine y\u00f6nelik nihai rehberiniz!\",\"publisher\":{\"@id\":\"https:\/\/exceladvisor.org\/tr\/#organization\"},\"potentialAction\":[{\"@type\":\"SearchAction\",\"target\":{\"@type\":\"EntryPoint\",\"urlTemplate\":\"https:\/\/exceladvisor.org\/tr\/?s={search_term_string}\"},\"query-input\":{\"@type\":\"PropertyValueSpecification\",\"valueRequired\":true,\"valueName\":\"search_term_string\"}}],\"inLanguage\":\"tr\"},{\"@type\":\"Organization\",\"@id\":\"https:\/\/exceladvisor.org\/tr\/#organization\",\"name\":\"Excel Advisor\",\"url\":\"https:\/\/exceladvisor.org\/tr\/\",\"logo\":{\"@type\":\"ImageObject\",\"inLanguage\":\"tr\",\"@id\":\"https:\/\/exceladvisor.org\/tr\/#\/schema\/logo\/image\/\",\"url\":\"https:\/\/exceladvisor.org\/tr\/wp-content\/uploads\/2023\/12\/exceladvisor.org_.png\",\"contentUrl\":\"https:\/\/exceladvisor.org\/tr\/wp-content\/uploads\/2023\/12\/exceladvisor.org_.png\",\"width\":105,\"height\":36,\"caption\":\"Excel Advisor\"},\"image\":{\"@id\":\"https:\/\/exceladvisor.org\/tr\/#\/schema\/logo\/image\/\"}}]}<\/script>\n<!-- \/ Yoast SEO plugin. -->","yoast_head_json":{"title":"Yeni ba\u015flayanlar i\u00e7in VBA&#39;daki tablolar k\u0131lavuzu - Excel Dan\u0131\u015fman\u0131","description":"VBA kullanarak b\u00fcy\u00fck verilerle \u00e7al\u0131\u015fmak istiyorsan\u0131z tablolar\u0131 ve bunlar\u0131n nas\u0131l kullan\u0131laca\u011f\u0131n\u0131 anlaman\u0131z gerekir.","robots":{"index":"index","follow":"follow","max-snippet":"max-snippet:-1","max-image-preview":"max-image-preview:large","max-video-preview":"max-video-preview:-1"},"canonical":"https:\/\/exceladvisor.org\/tr\/resim-sergisi\/","og_locale":"tr_TR","og_type":"article","og_title":"Yeni ba\u015flayanlar i\u00e7in VBA&#39;daki tablolar k\u0131lavuzu - Excel Dan\u0131\u015fman\u0131","og_description":"VBA kullanarak b\u00fcy\u00fck verilerle \u00e7al\u0131\u015fmak istiyorsan\u0131z tablolar\u0131 ve bunlar\u0131n nas\u0131l kullan\u0131laca\u011f\u0131n\u0131 anlaman\u0131z gerekir.","og_url":"https:\/\/exceladvisor.org\/tr\/resim-sergisi\/","og_site_name":"Excel Advisor","article_modified_time":"2023-12-10T06:07:11+00:00","og_image":[{"url":"https:\/\/exceladvisor.org\/wp-content\/uploads\/2023\/08\/1-exemple-pour-expliquer-un-tableau.png","type":"","width":"","height":""}],"twitter_card":"summary_large_image","twitter_misc":{"Tahmini okuma s\u00fcresi":"6 dakika"},"schema":{"@context":"https:\/\/schema.org","@graph":[{"@type":"WebPage","@id":"https:\/\/exceladvisor.org\/tr\/resim-sergisi\/","url":"https:\/\/exceladvisor.org\/tr\/resim-sergisi\/","name":"Yeni ba\u015flayanlar i\u00e7in VBA&#39;daki tablolar k\u0131lavuzu - Excel Dan\u0131\u015fman\u0131","isPartOf":{"@id":"https:\/\/exceladvisor.org\/tr\/#website"},"primaryImageOfPage":{"@id":"https:\/\/exceladvisor.org\/tr\/resim-sergisi\/#primaryimage"},"image":{"@id":"https:\/\/exceladvisor.org\/tr\/resim-sergisi\/#primaryimage"},"thumbnailUrl":"https:\/\/exceladvisor.org\/wp-content\/uploads\/2023\/08\/1-exemple-pour-expliquer-un-tableau.png","datePublished":"2023-11-18T05:28:14+00:00","dateModified":"2023-12-10T06:07:11+00:00","description":"VBA kullanarak b\u00fcy\u00fck verilerle \u00e7al\u0131\u015fmak istiyorsan\u0131z tablolar\u0131 ve bunlar\u0131n nas\u0131l kullan\u0131laca\u011f\u0131n\u0131 anlaman\u0131z gerekir.","breadcrumb":{"@id":"https:\/\/exceladvisor.org\/tr\/resim-sergisi\/#breadcrumb"},"inLanguage":"tr","potentialAction":[{"@type":"ReadAction","target":["https:\/\/exceladvisor.org\/tr\/resim-sergisi\/"]}]},{"@type":"ImageObject","inLanguage":"tr","@id":"https:\/\/exceladvisor.org\/tr\/resim-sergisi\/#primaryimage","url":"https:\/\/exceladvisor.org\/wp-content\/uploads\/2023\/08\/1-exemple-pour-expliquer-un-tableau.png","contentUrl":"https:\/\/exceladvisor.org\/wp-content\/uploads\/2023\/08\/1-exemple-pour-expliquer-un-tableau.png"},{"@type":"BreadcrumbList","@id":"https:\/\/exceladvisor.org\/tr\/resim-sergisi\/#breadcrumb","itemListElement":[{"@type":"ListItem","position":1,"name":"Ev","item":"https:\/\/exceladvisor.org\/tr\/"},{"@type":"ListItem","position":2,"name":"Vba tablosu: temelden i\u0307leri d\u00fczey k\u0131lavuza"}]},{"@type":"WebSite","@id":"https:\/\/exceladvisor.org\/tr\/#website","url":"https:\/\/exceladvisor.org\/tr\/","name":"Excel Advisor","description":"Veri hakimiyetine y\u00f6nelik nihai rehberiniz!","publisher":{"@id":"https:\/\/exceladvisor.org\/tr\/#organization"},"potentialAction":[{"@type":"SearchAction","target":{"@type":"EntryPoint","urlTemplate":"https:\/\/exceladvisor.org\/tr\/?s={search_term_string}"},"query-input":{"@type":"PropertyValueSpecification","valueRequired":true,"valueName":"search_term_string"}}],"inLanguage":"tr"},{"@type":"Organization","@id":"https:\/\/exceladvisor.org\/tr\/#organization","name":"Excel Advisor","url":"https:\/\/exceladvisor.org\/tr\/","logo":{"@type":"ImageObject","inLanguage":"tr","@id":"https:\/\/exceladvisor.org\/tr\/#\/schema\/logo\/image\/","url":"https:\/\/exceladvisor.org\/tr\/wp-content\/uploads\/2023\/12\/exceladvisor.org_.png","contentUrl":"https:\/\/exceladvisor.org\/tr\/wp-content\/uploads\/2023\/12\/exceladvisor.org_.png","width":105,"height":36,"caption":"Excel Advisor"},"image":{"@id":"https:\/\/exceladvisor.org\/tr\/#\/schema\/logo\/image\/"}}]}},"yoast_meta":{"yoast_wpseo_title":"","yoast_wpseo_metadesc":"","yoast_wpseo_canonical":""},"_links":{"self":[{"href":"https:\/\/exceladvisor.org\/tr\/wp-json\/wp\/v2\/pages\/1517","targetHints":{"allow":["GET"]}}],"collection":[{"href":"https:\/\/exceladvisor.org\/tr\/wp-json\/wp\/v2\/pages"}],"about":[{"href":"https:\/\/exceladvisor.org\/tr\/wp-json\/wp\/v2\/types\/page"}],"author":[{"embeddable":true,"href":"https:\/\/exceladvisor.org\/tr\/wp-json\/wp\/v2\/users\/1"}],"replies":[{"embeddable":true,"href":"https:\/\/exceladvisor.org\/tr\/wp-json\/wp\/v2\/comments?post=1517"}],"version-history":[{"count":1,"href":"https:\/\/exceladvisor.org\/tr\/wp-json\/wp\/v2\/pages\/1517\/revisions"}],"predecessor-version":[{"id":2915,"href":"https:\/\/exceladvisor.org\/tr\/wp-json\/wp\/v2\/pages\/1517\/revisions\/2915"}],"wp:attachment":[{"href":"https:\/\/exceladvisor.org\/tr\/wp-json\/wp\/v2\/media?parent=1517"}],"curies":[{"name":"wp","href":"https:\/\/api.w.org\/{rel}","templated":true}]}}