{"id":1519,"date":"2023-11-18T02:27:00","date_gmt":"2023-11-18T02:27:00","guid":{"rendered":"https:\/\/exceladvisor.org\/tr\/satirlari-say-2\/"},"modified":"2023-12-10T06:02:19","modified_gmt":"2023-12-10T06:02:19","slug":"satirlari-say-2","status":"publish","type":"page","link":"https:\/\/exceladvisor.org\/tr\/satirlari-say-2\/","title":{"rendered":"Excel&#39;de sat\u0131rlar nas\u0131l say\u0131l\u0131r?"},"content":{"rendered":"<div class=\"excel-icerikten-once\" id=\"excel-3440519779\"><script type=\"text\/javascript\">\r\n\tatOptions = {\r\n\t\t'key' : 'c1158f160081d6540a8409e6925dab94',\r\n\t\t'format' : 'iframe',\r\n\t\t'height' : 250,\r\n\t\t'width' : 300,\r\n\t\t'params' : {}\r\n\t};\r\n<\/script>\r\n<script type=\"text\/javascript\" src=\"\/\/www.highperformanceformat.com\/c1158f160081d6540a8409e6925dab94\/invoke.js\"><\/script><\/div> <p>Excel&#8217;de sat\u0131rlar\u0131 sayman\u0131n birka\u00e7 yolu vard\u0131r. Ancak verilerin h\u00fccrelerde olup olmad\u0131\u011f\u0131na bak\u0131lmaks\u0131z\u0131n sat\u0131rlar\u0131 saymak istiyorsan\u0131z SATIRLAR i\u015flevini kullanabilirsiniz. <\/p><div class=\"wp-block-image\"><figure class=\"aligncenter size-full is-resized\"><img loading=\"lazy\" decoding=\"async\" class=\"wp-image-83632\" src=\"https:\/\/exceladvisor.org\/wp-content\/uploads\/2023\/08\/1-nombre-de-rangees.png\" sizes=\"auto, \" srcset=\"\" alt=\"sat\u0131rlar\u0131 say\" width=\"431\" height=\"392\"><\/figure><\/div><ol type=\"1\"><li> Bir h\u00fccreye \u201cSATIRLAR\u201d i\u015flevini girin.<\/li><li> Ba\u015flang\u0131\u00e7 parantezlerini yaz\u0131n.<\/li><li> H\u00fccre aral\u0131\u011f\u0131na bak\u0131n.<\/li><li> Kapan\u0131\u015f parantezlerini yaz\u0131n.<\/li><li> Sonucu almak i\u00e7in Enter tu\u015funa bas\u0131n. <\/li><\/ol><div class=\"wp-block-image\"><figure class=\"aligncenter size-full is-resized\"><img loading=\"lazy\" decoding=\"async\" class=\"wp-image-83633\" src=\"https:\/\/exceladvisor.org\/wp-content\/uploads\/2023\/08\/Fonction-2-lignes-pour-compter-les-lignes.png\" sizes=\"auto, \" srcset=\"\" alt=\"sat\u0131rlar\u0131 saymak i\u00e7in sat\u0131r fonksiyonlar\u0131\" width=\"443\" height=\"423\"><\/figure><\/div><h2 class=\"wp-block-heading\"> Bo\u015f olmayan h\u00fccre i\u00e7eren sat\u0131rlar\u0131 say<\/h2><p> De\u011fer i\u00e7eren h\u00fccrelerin sat\u0131rlar\u0131n\u0131 saymak istiyorsan\u0131z sayma i\u015flevini kullanabilirsiniz. <\/p><div class=\"wp-block-image\"><figure class=\"aligncenter size-full is-resized\"><img loading=\"lazy\" decoding=\"async\" class=\"wp-image-83634\" src=\"https:\/\/exceladvisor.org\/wp-content\/uploads\/2023\/08\/3-lignes-de-comptage-avec-des-cellules-non-vides.png\" sizes=\"auto, \" srcset=\"\" alt=\"bo\u015f olmayan h\u00fccreli sat\u0131rlar\u0131 say\" width=\"459\" height=\"439\"><\/figure><\/div><pre class=\"wp-block-code\"> <code class=\"language-excel-formula\" lang=\"excel-formula\">=COUNTA(A1:A10)<\/code><\/pre><p> Aral\u0131\u011fa ba\u015fvurduktan sonra Enter tu\u015funa bast\u0131\u011f\u0131n\u0131zda, verilerdeki toplam sat\u0131r say\u0131s\u0131 olan 5 de\u011ferini d\u00f6nd\u00fcr\u00fcr. <\/p><div class=\"wp-block-image\"><figure class=\"aligncenter size-full is-resized\"><img loading=\"lazy\" decoding=\"async\" class=\"wp-image-83635\" src=\"https:\/\/exceladvisor.org\/wp-content\/uploads\/2023\/08\/4-counta-pour-compter-les-lignes-non-vides.png\" sizes=\"auto, \" srcset=\"\" alt=\"bo\u015f olmayan sat\u0131rlar\u0131 saymak i\u00e7in sayma\" width=\"465\" height=\"423\"><\/figure><\/div><h2 class=\"wp-block-heading\"> Bo\u015f h\u00fccreli sat\u0131rlar\u0131 say<\/h2><p> Ayn\u0131 \u015fekilde veri i\u00e7ermeyen yani bo\u015f h\u00fccrenin bulundu\u011fu sat\u0131rlar\u0131 da sayabilirsiniz. <\/p><div class=\"wp-block-image\"><figure class=\"aligncenter size-full is-resized\"><img loading=\"lazy\" decoding=\"async\" class=\"wp-image-83636\" src=\"https:\/\/exceladvisor.org\/wp-content\/uploads\/2023\/08\/5-lignes-de-comptage-avec-des-cellules-vides.png\" sizes=\"auto, \" srcset=\"\" alt=\"bo\u015f h\u00fccreli-sat\u0131rlar\u0131 say\" width=\"488\" height=\"445\"><\/figure><\/div><p> Enter tu\u015funa bast\u0131\u011f\u0131n\u0131zda, bo\u015f h\u00fccreli sat\u0131rlar\u0131n tam say\u0131s\u0131 olan 5 de\u011ferini d\u00f6nd\u00fcr\u00fcr. <\/p><div class=\"wp-block-image\"><figure class=\"aligncenter size-full is-resized\"><img loading=\"lazy\" decoding=\"async\" class=\"wp-image-83637\" src=\"https:\/\/exceladvisor.org\/wp-content\/uploads\/2023\/08\/6-lignes-avec-des-cellules-vides.png\" sizes=\"auto, \" srcset=\"\" alt=\"bo\u015f-h\u00fccreli-sat\u0131rlar\" width=\"496\" height=\"474\"><\/figure><\/div><h2 class=\"wp-block-heading\"> Say\u0131larla sat\u0131rlar\u0131 say\u0131n<\/h2><p> Say\u0131 i\u00e7eren sat\u0131rlar\u0131 saymak i\u00e7in COUNT i\u015flevi kullan\u0131lmal\u0131d\u0131r. <\/p><div class=\"wp-block-image\"><figure class=\"aligncenter size-full is-resized\"><img loading=\"lazy\" decoding=\"async\" class=\"wp-image-83638\" src=\"https:\/\/exceladvisor.org\/wp-content\/uploads\/2023\/08\/7-lignes-de-comptage-avec-des-chiffres.png\" sizes=\"auto, \" srcset=\"\" alt=\"say\u0131larla-sat\u0131rlar\u0131 sayma\" width=\"422\" height=\"474\"><\/figure><\/div><p> Enter tu\u015funa bast\u0131\u011f\u0131n\u0131z anda sonu\u00e7ta 3 de\u011feri d\u00f6ner. G\u00f6rd\u00fc\u011f\u00fcn\u00fcz gibi 5 bo\u015f h\u00fccremiz ve 5 bo\u015f olmayan sat\u0131r\u0131m\u0131z var. Ancak bo\u015f olmayan sat\u0131rlarda (de\u011ferli), say\u0131lar\u0131n bulundu\u011fu yaln\u0131zca \u00fc\u00e7 h\u00fccremiz var ve bu nedenle sonu\u00e7 3&#8217;t\u00fcr. <\/p><div class=\"wp-block-image\"><figure class=\"aligncenter size-full is-resized\"><img loading=\"lazy\" decoding=\"async\" class=\"wp-image-83639\" src=\"https:\/\/exceladvisor.org\/wp-content\/uploads\/2023\/08\/8-lignes-avec-des-chiffres-uniquement.png\" sizes=\"auto, \" srcset=\"\" alt=\"yaln\u0131zca-say\u0131larla-sat\u0131rlar\" width=\"447\" height=\"406\"><\/figure><\/div><div class=\"gb-container gb-container-52dfcee1 gb-container-sample-file\"><h2 class=\"gb-headline gb-headline-e289c143 gb-headline-text gb-headline-4f7959c2\"> Excel dosyas\u0131n\u0131 al\u0131n<\/h2> <a class=\"gb-button gb-button-e88d6bee gb-button-text gb-button-button1\" href=\"https:\/\/exceladvisor.org\/tr\/a\/\" rel=\"nofollow\">\u0130ndirmek<\/a><\/div><div class=\"gb-container gb-container-0df56012 gb-container-mt\"> <a class=\"gb-button gb-button-f9f432f4 gb-button-text gb-button-mt-button\" href=\"https:\/\/exceladvisor.org\/tr\/formuller\/\">Excel form\u00fcllerinin listesi<\/a><h2 class=\"gb-headline gb-headline-233444e8 gb-headline-text gb-headline-mt-heading\"> \u0130lgili form\u00fcller <\/h2><div class=\"gb-grid-wrapper gb-grid-wrapper-a16fa65c gb-grid-wrapper-mt-grid\"><div class=\"gb-grid-column gb-grid-column-50d07e0d\"><div class=\"gb-container gb-container-50d07e0d\"><ul><li> <a href=\"https:\/\/exceladvisor.org\/tr\/metin-iceren-hucreleri-say\/\">Excel&#8217;de metin i\u00e7eren h\u00fccreleri sayma<\/a><\/li><li> <a href=\"https:\/\/exceladvisor.org\/tr\/belirli-karakterleri-say\/\">Excel&#8217;de belirli karakterleri say\u0131n<\/a><\/li><li> <a href=\"https:\/\/exceladvisor.org\/tr\/toplam-hucre-sayisini-say\/\">Excel&#8217;de bir aral\u0131ktaki toplam h\u00fccre say\u0131s\u0131n\u0131 say\u0131n<\/a><\/li><li> <a href=\"https:\/\/exceladvisor.org\/tr\/benzersiz-degerleri-sayma-1\/\">Excel&#8217;de benzersiz de\u011ferleri say\u0131n<\/a><\/li><li> <a href=\"https:\/\/exceladvisor.org\/tr\/saymaya-karsi-saymak\/\">COUNT ve COUNTA<\/a> <\/li><\/ul><\/div><\/div><div class=\"gb-grid-column gb-grid-column-5b4a0cf9\"><div class=\"gb-container gb-container-5b4a0cf9\"><\/div><\/div><\/div><\/div>","protected":false},"excerpt":{"rendered":"","protected":false},"author":1,"featured_media":0,"parent":0,"menu_order":0,"comment_status":"open","ping_status":"closed","template":"","meta":{"ub_ctt_via":"","footnotes":""},"class_list":["post-1519","page","type-page","status-publish","hentry"],"featured_image_src":null,"yoast_head":"<!-- This site is optimized with the Yoast SEO plugin v25.4 - https:\/\/yoast.com\/wordpress\/plugins\/seo\/ -->\n<title>\u25b7 Excel&#039;de sat\u0131rlar nas\u0131l say\u0131l\u0131r? (E\u011fitim 2023)<\/title>\n<meta name=\"description\" content=\"Bu e\u011fitim size sat\u0131rlar\u0131 (t\u00fcm\u00fc, bo\u015f, bo\u015f olmayan ve say\u0131larla) saymak i\u00e7in bir Excel form\u00fcl\u00fcn\u00fcn nas\u0131l yaz\u0131laca\u011f\u0131n\u0131 \u00f6\u011fretecektir.\" \/>\n<meta name=\"robots\" content=\"index, follow, max-snippet:-1, max-image-preview:large, max-video-preview:-1\" \/>\n<link rel=\"canonical\" href=\"https:\/\/exceladvisor.org\/tr\/satirlari-say-2\/\" \/>\n<meta property=\"og:locale\" content=\"tr_TR\" \/>\n<meta property=\"og:type\" content=\"article\" \/>\n<meta property=\"og:title\" content=\"\u25b7 Excel&#039;de sat\u0131rlar nas\u0131l say\u0131l\u0131r? (E\u011fitim 2023)\" \/>\n<meta property=\"og:description\" content=\"Bu e\u011fitim size sat\u0131rlar\u0131 (t\u00fcm\u00fc, bo\u015f, bo\u015f olmayan ve say\u0131larla) saymak i\u00e7in bir Excel form\u00fcl\u00fcn\u00fcn nas\u0131l yaz\u0131laca\u011f\u0131n\u0131 \u00f6\u011fretecektir.\" \/>\n<meta property=\"og:url\" content=\"https:\/\/exceladvisor.org\/tr\/satirlari-say-2\/\" \/>\n<meta property=\"og:site_name\" content=\"Excel Advisor\" \/>\n<meta property=\"article:modified_time\" content=\"2023-12-10T06:02:19+00:00\" \/>\n<meta property=\"og:image\" content=\"https:\/\/exceladvisor.org\/wp-content\/uploads\/2023\/08\/1-nombre-de-rangees.png\" \/>\n<meta name=\"twitter:card\" content=\"summary_large_image\" \/>\n<meta name=\"twitter:label1\" content=\"Tahmini okuma s\u00fcresi\" \/>\n\t<meta name=\"twitter:data1\" content=\"1 dakika\" \/>\n<script type=\"application\/ld+json\" class=\"yoast-schema-graph\">{\"@context\":\"https:\/\/schema.org\",\"@graph\":[{\"@type\":\"WebPage\",\"@id\":\"https:\/\/exceladvisor.org\/tr\/satirlari-say-2\/\",\"url\":\"https:\/\/exceladvisor.org\/tr\/satirlari-say-2\/\",\"name\":\"\u25b7 Excel&#39;de sat\u0131rlar nas\u0131l say\u0131l\u0131r? (E\u011fitim 2023)\",\"isPartOf\":{\"@id\":\"https:\/\/exceladvisor.org\/tr\/#website\"},\"primaryImageOfPage\":{\"@id\":\"https:\/\/exceladvisor.org\/tr\/satirlari-say-2\/#primaryimage\"},\"image\":{\"@id\":\"https:\/\/exceladvisor.org\/tr\/satirlari-say-2\/#primaryimage\"},\"thumbnailUrl\":\"https:\/\/exceladvisor.org\/wp-content\/uploads\/2023\/08\/1-nombre-de-rangees.png\",\"datePublished\":\"2023-11-18T02:27:00+00:00\",\"dateModified\":\"2023-12-10T06:02:19+00:00\",\"description\":\"Bu e\u011fitim size sat\u0131rlar\u0131 (t\u00fcm\u00fc, bo\u015f, bo\u015f olmayan ve say\u0131larla) saymak i\u00e7in bir Excel form\u00fcl\u00fcn\u00fcn nas\u0131l yaz\u0131laca\u011f\u0131n\u0131 \u00f6\u011fretecektir.\",\"breadcrumb\":{\"@id\":\"https:\/\/exceladvisor.org\/tr\/satirlari-say-2\/#breadcrumb\"},\"inLanguage\":\"tr\",\"potentialAction\":[{\"@type\":\"ReadAction\",\"target\":[\"https:\/\/exceladvisor.org\/tr\/satirlari-say-2\/\"]}]},{\"@type\":\"ImageObject\",\"inLanguage\":\"tr\",\"@id\":\"https:\/\/exceladvisor.org\/tr\/satirlari-say-2\/#primaryimage\",\"url\":\"https:\/\/exceladvisor.org\/wp-content\/uploads\/2023\/08\/1-nombre-de-rangees.png\",\"contentUrl\":\"https:\/\/exceladvisor.org\/wp-content\/uploads\/2023\/08\/1-nombre-de-rangees.png\"},{\"@type\":\"BreadcrumbList\",\"@id\":\"https:\/\/exceladvisor.org\/tr\/satirlari-say-2\/#breadcrumb\",\"itemListElement\":[{\"@type\":\"ListItem\",\"position\":1,\"name\":\"Ev\",\"item\":\"https:\/\/exceladvisor.org\/tr\/\"},{\"@type\":\"ListItem\",\"position\":2,\"name\":\"Excel&#39;de sat\u0131rlar nas\u0131l say\u0131l\u0131r?\"}]},{\"@type\":\"WebSite\",\"@id\":\"https:\/\/exceladvisor.org\/tr\/#website\",\"url\":\"https:\/\/exceladvisor.org\/tr\/\",\"name\":\"Excel Advisor\",\"description\":\"Veri hakimiyetine y\u00f6nelik nihai rehberiniz!\",\"publisher\":{\"@id\":\"https:\/\/exceladvisor.org\/tr\/#organization\"},\"potentialAction\":[{\"@type\":\"SearchAction\",\"target\":{\"@type\":\"EntryPoint\",\"urlTemplate\":\"https:\/\/exceladvisor.org\/tr\/?s={search_term_string}\"},\"query-input\":{\"@type\":\"PropertyValueSpecification\",\"valueRequired\":true,\"valueName\":\"search_term_string\"}}],\"inLanguage\":\"tr\"},{\"@type\":\"Organization\",\"@id\":\"https:\/\/exceladvisor.org\/tr\/#organization\",\"name\":\"Excel Advisor\",\"url\":\"https:\/\/exceladvisor.org\/tr\/\",\"logo\":{\"@type\":\"ImageObject\",\"inLanguage\":\"tr\",\"@id\":\"https:\/\/exceladvisor.org\/tr\/#\/schema\/logo\/image\/\",\"url\":\"https:\/\/exceladvisor.org\/tr\/wp-content\/uploads\/2023\/12\/exceladvisor.org_.png\",\"contentUrl\":\"https:\/\/exceladvisor.org\/tr\/wp-content\/uploads\/2023\/12\/exceladvisor.org_.png\",\"width\":105,\"height\":36,\"caption\":\"Excel Advisor\"},\"image\":{\"@id\":\"https:\/\/exceladvisor.org\/tr\/#\/schema\/logo\/image\/\"}}]}<\/script>\n<!-- \/ Yoast SEO plugin. -->","yoast_head_json":{"title":"\u25b7 Excel&#39;de sat\u0131rlar nas\u0131l say\u0131l\u0131r? (E\u011fitim 2023)","description":"Bu e\u011fitim size sat\u0131rlar\u0131 (t\u00fcm\u00fc, bo\u015f, bo\u015f olmayan ve say\u0131larla) saymak i\u00e7in bir Excel form\u00fcl\u00fcn\u00fcn nas\u0131l yaz\u0131laca\u011f\u0131n\u0131 \u00f6\u011fretecektir.","robots":{"index":"index","follow":"follow","max-snippet":"max-snippet:-1","max-image-preview":"max-image-preview:large","max-video-preview":"max-video-preview:-1"},"canonical":"https:\/\/exceladvisor.org\/tr\/satirlari-say-2\/","og_locale":"tr_TR","og_type":"article","og_title":"\u25b7 Excel&#39;de sat\u0131rlar nas\u0131l say\u0131l\u0131r? (E\u011fitim 2023)","og_description":"Bu e\u011fitim size sat\u0131rlar\u0131 (t\u00fcm\u00fc, bo\u015f, bo\u015f olmayan ve say\u0131larla) saymak i\u00e7in bir Excel form\u00fcl\u00fcn\u00fcn nas\u0131l yaz\u0131laca\u011f\u0131n\u0131 \u00f6\u011fretecektir.","og_url":"https:\/\/exceladvisor.org\/tr\/satirlari-say-2\/","og_site_name":"Excel Advisor","article_modified_time":"2023-12-10T06:02:19+00:00","og_image":[{"url":"https:\/\/exceladvisor.org\/wp-content\/uploads\/2023\/08\/1-nombre-de-rangees.png","type":"","width":"","height":""}],"twitter_card":"summary_large_image","twitter_misc":{"Tahmini okuma s\u00fcresi":"1 dakika"},"schema":{"@context":"https:\/\/schema.org","@graph":[{"@type":"WebPage","@id":"https:\/\/exceladvisor.org\/tr\/satirlari-say-2\/","url":"https:\/\/exceladvisor.org\/tr\/satirlari-say-2\/","name":"\u25b7 Excel&#39;de sat\u0131rlar nas\u0131l say\u0131l\u0131r? (E\u011fitim 2023)","isPartOf":{"@id":"https:\/\/exceladvisor.org\/tr\/#website"},"primaryImageOfPage":{"@id":"https:\/\/exceladvisor.org\/tr\/satirlari-say-2\/#primaryimage"},"image":{"@id":"https:\/\/exceladvisor.org\/tr\/satirlari-say-2\/#primaryimage"},"thumbnailUrl":"https:\/\/exceladvisor.org\/wp-content\/uploads\/2023\/08\/1-nombre-de-rangees.png","datePublished":"2023-11-18T02:27:00+00:00","dateModified":"2023-12-10T06:02:19+00:00","description":"Bu e\u011fitim size sat\u0131rlar\u0131 (t\u00fcm\u00fc, bo\u015f, bo\u015f olmayan ve say\u0131larla) saymak i\u00e7in bir Excel form\u00fcl\u00fcn\u00fcn nas\u0131l yaz\u0131laca\u011f\u0131n\u0131 \u00f6\u011fretecektir.","breadcrumb":{"@id":"https:\/\/exceladvisor.org\/tr\/satirlari-say-2\/#breadcrumb"},"inLanguage":"tr","potentialAction":[{"@type":"ReadAction","target":["https:\/\/exceladvisor.org\/tr\/satirlari-say-2\/"]}]},{"@type":"ImageObject","inLanguage":"tr","@id":"https:\/\/exceladvisor.org\/tr\/satirlari-say-2\/#primaryimage","url":"https:\/\/exceladvisor.org\/wp-content\/uploads\/2023\/08\/1-nombre-de-rangees.png","contentUrl":"https:\/\/exceladvisor.org\/wp-content\/uploads\/2023\/08\/1-nombre-de-rangees.png"},{"@type":"BreadcrumbList","@id":"https:\/\/exceladvisor.org\/tr\/satirlari-say-2\/#breadcrumb","itemListElement":[{"@type":"ListItem","position":1,"name":"Ev","item":"https:\/\/exceladvisor.org\/tr\/"},{"@type":"ListItem","position":2,"name":"Excel&#39;de sat\u0131rlar nas\u0131l say\u0131l\u0131r?"}]},{"@type":"WebSite","@id":"https:\/\/exceladvisor.org\/tr\/#website","url":"https:\/\/exceladvisor.org\/tr\/","name":"Excel Advisor","description":"Veri hakimiyetine y\u00f6nelik nihai rehberiniz!","publisher":{"@id":"https:\/\/exceladvisor.org\/tr\/#organization"},"potentialAction":[{"@type":"SearchAction","target":{"@type":"EntryPoint","urlTemplate":"https:\/\/exceladvisor.org\/tr\/?s={search_term_string}"},"query-input":{"@type":"PropertyValueSpecification","valueRequired":true,"valueName":"search_term_string"}}],"inLanguage":"tr"},{"@type":"Organization","@id":"https:\/\/exceladvisor.org\/tr\/#organization","name":"Excel Advisor","url":"https:\/\/exceladvisor.org\/tr\/","logo":{"@type":"ImageObject","inLanguage":"tr","@id":"https:\/\/exceladvisor.org\/tr\/#\/schema\/logo\/image\/","url":"https:\/\/exceladvisor.org\/tr\/wp-content\/uploads\/2023\/12\/exceladvisor.org_.png","contentUrl":"https:\/\/exceladvisor.org\/tr\/wp-content\/uploads\/2023\/12\/exceladvisor.org_.png","width":105,"height":36,"caption":"Excel Advisor"},"image":{"@id":"https:\/\/exceladvisor.org\/tr\/#\/schema\/logo\/image\/"}}]}},"yoast_meta":{"yoast_wpseo_title":"","yoast_wpseo_metadesc":"","yoast_wpseo_canonical":""},"_links":{"self":[{"href":"https:\/\/exceladvisor.org\/tr\/wp-json\/wp\/v2\/pages\/1519","targetHints":{"allow":["GET"]}}],"collection":[{"href":"https:\/\/exceladvisor.org\/tr\/wp-json\/wp\/v2\/pages"}],"about":[{"href":"https:\/\/exceladvisor.org\/tr\/wp-json\/wp\/v2\/types\/page"}],"author":[{"embeddable":true,"href":"https:\/\/exceladvisor.org\/tr\/wp-json\/wp\/v2\/users\/1"}],"replies":[{"embeddable":true,"href":"https:\/\/exceladvisor.org\/tr\/wp-json\/wp\/v2\/comments?post=1519"}],"version-history":[{"count":1,"href":"https:\/\/exceladvisor.org\/tr\/wp-json\/wp\/v2\/pages\/1519\/revisions"}],"predecessor-version":[{"id":2590,"href":"https:\/\/exceladvisor.org\/tr\/wp-json\/wp\/v2\/pages\/1519\/revisions\/2590"}],"wp:attachment":[{"href":"https:\/\/exceladvisor.org\/tr\/wp-json\/wp\/v2\/media?parent=1519"}],"curies":[{"name":"wp","href":"https:\/\/api.w.org\/{rel}","templated":true}]}}