{"id":1522,"date":"2023-11-17T23:31:48","date_gmt":"2023-11-17T23:31:48","guid":{"rendered":"https:\/\/exceladvisor.org\/tr\/aritmetik-operatorler\/"},"modified":"2023-12-10T06:00:12","modified_gmt":"2023-12-10T06:00:12","slug":"aritmetik-operatorler","status":"publish","type":"page","link":"https:\/\/exceladvisor.org\/tr\/aritmetik-operatorler\/","title":{"rendered":"Excel&#39;de aritmetik operat\u00f6rler nas\u0131l kullan\u0131l\u0131r?"},"content":{"rendered":"<div class=\"excel-icerikten-once\" id=\"excel-656730112\"><script type=\"text\/javascript\">\r\n\tatOptions = {\r\n\t\t'key' : 'c1158f160081d6540a8409e6925dab94',\r\n\t\t'format' : 'iframe',\r\n\t\t'height' : 250,\r\n\t\t'width' : 300,\r\n\t\t'params' : {}\r\n\t};\r\n<\/script>\r\n<script type=\"text\/javascript\" src=\"\/\/www.highperformanceformat.com\/c1158f160081d6540a8409e6925dab94\/invoke.js\"><\/script><\/div> <p>Excel&#8217;de hesaplamalar\u0131 ger\u00e7ekle\u015ftirmek i\u00e7in kullanabilece\u011finiz alt\u0131 ana aritmetik i\u015fle\u00e7 vard\u0131r.<\/p><ol type=\"1\"><li> Toplama (+)<\/li><li> \u00c7\u0131karma (-)<\/li><li> \u00c7arpma i\u015flemi (*)<\/li><li> B\u00f6l\u00fcm (\/)<\/li><li> Y\u00fczde (%)<\/li><li> \u00dcs (^)<\/li><\/ol><p> Ad\u0131ndan da anla\u015f\u0131laca\u011f\u0131 gibi bu operat\u00f6rlerin her biri belirli bir hesaplama yapabilir. Bu derste bu operat\u00f6rlerin nas\u0131l kullan\u0131laca\u011f\u0131n\u0131 \u00f6\u011frenece\u011fiz. <\/p><div class=\"wp-block-image\"><figure class=\"aligncenter size-full is-resized\"><img loading=\"lazy\" decoding=\"async\" class=\"wp-image-84283\" src=\"https:\/\/exceladvisor.org\/wp-content\/uploads\/2023\/08\/1-operateurs-arithmetiques.png\" sizes=\"auto, \" srcset=\"\" alt=\"aritmetik operat\u00f6rler\" width=\"782\" height=\"198\"><\/figure><\/div><p class=\"tip-box\"> Excel&#8217;de bu i\u015fle\u00e7lerle hesaplama yapmak, form\u00fcl\u00fc ba\u015flatmak i\u00e7in (=) kullanman\u0131z\u0131 gerektirir. Ve bu operat\u00f6rleri yazmak i\u00e7in klavyenizdeki tu\u015flar\u0131 kullanman\u0131z gerekir.<\/p><h2 class=\"wp-block-heading\"> 1. Toplama (+)<\/h2><p> Toplama operat\u00f6r\u00fcyle iki veya daha fazla de\u011ferin toplam\u0131n\u0131 hesaplayabilirsiniz. <\/p><div class=\"wp-block-image\"><figure class=\"aligncenter size-full is-resized\"><img loading=\"lazy\" decoding=\"async\" class=\"wp-image-84284\" src=\"https:\/\/exceladvisor.org\/wp-content\/uploads\/2023\/08\/2-operateur-daddition.png\" sizes=\"auto, \" srcset=\"\" alt=\"ekleme operat\u00f6r\u00fc\" width=\"451\" height=\"284\"><\/figure><\/div><pre class=\"wp-block-code\"> <code class=\"language-excel-formula\" lang=\"excel-formula\">=value1 + value2 =100 + 200<\/code><\/pre><p> Yukar\u0131daki \u00f6rnekte aradaki (+) i\u015faretini kullanarak 100 ile 200&#8217;\u00fcn toplam\u0131n\u0131 hesaplad\u0131k. Ayn\u0131 \u015fekilde h\u00fccre referans\u0131n\u0131 da kullanabilirsiniz. <\/p><div class=\"wp-block-image\"><figure class=\"aligncenter size-full is-resized\"><img loading=\"lazy\" decoding=\"async\" class=\"wp-image-84285\" src=\"https:\/\/exceladvisor.org\/wp-content\/uploads\/2023\/08\/3-somme-utilisant-loperateur-daddition.png\" sizes=\"auto, \" srcset=\"\" alt=\"toplam-kullanan-toplama-operat\u00f6r\u00fc\" width=\"554\" height=\"298\"><\/figure><\/div><h2 class=\"wp-block-heading\"> 2. \u00c7\u0131karma (-)<\/h2><p> Bir de\u011feri di\u011ferinden \u00e7\u0131karmak i\u00e7in \u00e7\u0131karma operat\u00f6r\u00fcn\u00fc kullanabilirsiniz. <\/p><div class=\"wp-block-image\"><figure class=\"aligncenter size-full is-resized\"><img loading=\"lazy\" decoding=\"async\" class=\"wp-image-84286\" src=\"https:\/\/exceladvisor.org\/wp-content\/uploads\/2023\/08\/4-operateur-de-soustraction.png\" sizes=\"auto, \" srcset=\"\" alt=\"\u00e7\u0131karma operat\u00f6r\u00fc\" width=\"538\" height=\"290\"><\/figure><\/div><p> Yukar\u0131daki \u00f6rnekte, eksi A1 h\u00fccresinin de\u011ferinden A2 h\u00fccresinin de\u011ferine kadar form\u00fcl\u00fcn\u00fcz var. Ancak do\u011frudan giri\u015f de\u011ferlerini de kullanabilirsiniz. <\/p><div class=\"wp-block-image\"><figure class=\"aligncenter size-full is-resized\"><img loading=\"lazy\" decoding=\"async\" class=\"wp-image-84287\" src=\"https:\/\/exceladvisor.org\/wp-content\/uploads\/2023\/08\/5-soustraire-en-utilisant-loperateur-de-soustraction.png\" sizes=\"auto, \" srcset=\"\" alt=\"\u00e7\u0131karma operat\u00f6r\u00fcn\u00fc kullanarak \u00e7\u0131karma\" width=\"459\" height=\"292\"><\/figure><\/div><h2 class=\"wp-block-heading\"> 3. \u00c7arpma (*)<\/h2><p> Excel&#8217;de \u00e7arpma i\u015flemini ger\u00e7ekle\u015ftirmek i\u00e7in klavyenizdeki tu\u015fu kullanarak ekleyebilece\u011finiz y\u0131ld\u0131z i\u015fareti operat\u00f6r\u00fcn\u00fc kullanman\u0131z gerekir. <\/p><div class=\"wp-block-image\"><figure class=\"aligncenter size-full is-resized\"><img loading=\"lazy\" decoding=\"async\" class=\"wp-image-84288\" src=\"https:\/\/exceladvisor.org\/wp-content\/uploads\/2023\/08\/6-operateur-de-multiplication.png\" sizes=\"auto, \" srcset=\"\" alt=\"\u00e7arpma operat\u00f6r\u00fc\" width=\"524\" height=\"324\"><\/figure><\/div><p> Burada da de\u011ferleri do\u011frudan form\u00fcle girebilirsiniz. <\/p><div class=\"wp-block-image\"><figure class=\"aligncenter size-full is-resized\"><img loading=\"lazy\" decoding=\"async\" class=\"wp-image-84289\" src=\"https:\/\/exceladvisor.org\/wp-content\/uploads\/2023\/08\/7-multiplier-en-utilisant-loperateur-de-multiplication.png\" sizes=\"auto, \" srcset=\"\" alt=\"\u00e7arpma operat\u00f6r\u00fcn\u00fc kullanarak \u00e7arpma\" width=\"493\" height=\"315\"><\/figure><\/div><pre class=\"wp-block-code\"> <code class=\"language-excel-formula\" lang=\"excel-formula\">=100*20<\/code><\/pre><h2 class=\"wp-block-heading\"> 4. B\u00f6l\u00fcm (\/)<\/h2><p> B\u00f6lmek i\u00e7in e\u011fik \u00e7izgiyi (\/) kullanman\u0131z gerekir. <\/p><div class=\"wp-block-image\"><figure class=\"aligncenter size-full is-resized\"><img loading=\"lazy\" decoding=\"async\" class=\"wp-image-84290\" src=\"https:\/\/exceladvisor.org\/wp-content\/uploads\/2023\/08\/Operateur-8-divisions.png\" sizes=\"auto, \" srcset=\"\" alt=\"b\u00f6l\u00fcm operat\u00f6r\u00fc\" width=\"464\" height=\"299\"><\/figure><\/div><pre class=\"wp-block-code\"> <code class=\"language-excel-formula\" lang=\"excel-formula\">=Dividend\/Divisor<\/code><\/pre><p> Ve a\u015fa\u011f\u0131da de\u011ferleri do\u011frudan form\u00fcle girdi\u011finizde. <\/p><div class=\"wp-block-image\"><figure class=\"aligncenter size-full is-resized\"><img loading=\"lazy\" decoding=\"async\" class=\"wp-image-84291\" src=\"https:\/\/exceladvisor.org\/wp-content\/uploads\/2023\/08\/9-diviser-en-utilisant-loperateur-de-division.png\" sizes=\"auto, \" srcset=\"\" alt=\"b\u00f6lme operat\u00f6r\u00fcn\u00fc kullanarak b\u00f6lme\" width=\"482\" height=\"306\"><\/figure><\/div><h2 class=\"wp-block-heading\"> 5. Y\u00fczde (%)<\/h2><p> Y\u00fczde i\u015flecini kullanarak say\u0131sal bir de\u011feri y\u00fczdeye d\u00f6n\u00fc\u015ft\u00fcrebilirsiniz. Bir h\u00fccreye say\u0131 girdi\u011finizde klavyenizdeki tu\u015fu kullanarak y\u00fczde operat\u00f6r\u00fcn\u00fc girin. <\/p><div class=\"wp-block-image\"><figure class=\"aligncenter size-full is-resized\"><img loading=\"lazy\" decoding=\"async\" class=\"wp-image-84292\" src=\"https:\/\/exceladvisor.org\/wp-content\/uploads\/2023\/08\/Operateur-10-.png\" sizes=\"auto, \" srcset=\"\" alt=\"y\u00fczde operat\u00f6r\u00fc\" width=\"501\" height=\"318\"><\/figure><\/div><p> Ve bir de\u011ferin y\u00fczdesini hesaplamak istiyorsan\u0131z bunun i\u00e7in y\u0131ld\u0131z i\u015fareti (\u00e7arpma) operat\u00f6r\u00fcn\u00fc kullanman\u0131z gerekir. <\/p><div class=\"wp-block-image\"><figure class=\"aligncenter size-full is-resized\"><img loading=\"lazy\" decoding=\"async\" class=\"wp-image-84293\" src=\"https:\/\/exceladvisor.org\/wp-content\/uploads\/2023\/08\/11-pourcentage-a-laide-de-loperateur-de-pourcentage.png\" sizes=\"auto, \" srcset=\"\" alt=\"y\u00fczde-kullanan-y\u00fczde-operat\u00f6r\u00fc\" width=\"431\" height=\"326\"><\/figure><\/div><h2 class=\"wp-block-heading\"> 6. \u00dcs (^)<\/h2><p> Bununla birlikte bir say\u0131y\u0131 bir kuvvete y\u00fckseltebilirsiniz. \u00d6rne\u011fin, Excel&#8217;de do\u011frudan bir \u00fcs i\u015fleci girebilir ve g\u00fcc\u00fc art\u0131rmak i\u00e7in bir say\u0131 kullanabilirsiniz. <\/p><div class=\"wp-block-image\"><figure class=\"aligncenter size-full is-resized\"><img loading=\"lazy\" decoding=\"async\" class=\"wp-image-84294\" src=\"https:\/\/exceladvisor.org\/wp-content\/uploads\/2023\/08\/Operateur-a-12-exposants.png\" sizes=\"auto, \" srcset=\"\" alt=\"\u00fcs operat\u00f6r\u00fc\" width=\"459\" height=\"290\"><\/figure><\/div><p> Bunu <a href=\"https:\/\/exceladvisor.org\/tr\/kare-kok\/\">karek\u00f6k<\/a> , <a href=\"https:\/\/exceladvisor.org\/tr\/kare-numarasi\/\">kare<\/a> , k\u00fcp vb. hesaplamak i\u00e7in kullanabilirsiniz.<\/p>","protected":false},"excerpt":{"rendered":"","protected":false},"author":1,"featured_media":0,"parent":0,"menu_order":0,"comment_status":"open","ping_status":"closed","template":"","meta":{"ub_ctt_via":"","footnotes":""},"class_list":["post-1522","page","type-page","status-publish","hentry"],"featured_image_src":null,"yoast_head":"<!-- This site is optimized with the Yoast SEO plugin v25.4 - https:\/\/yoast.com\/wordpress\/plugins\/seo\/ -->\n<title>\u25b7 Excel&#039;de aritmetik operat\u00f6rler nas\u0131l kullan\u0131l\u0131r?<\/title>\n<meta name=\"description\" content=\"Bu e\u011fitim size Excel form\u00fcllerinde aritmetik operat\u00f6rlerin nas\u0131l kullan\u0131laca\u011f\u0131n\u0131 \u00f6\u011fretecektir. Bunu kontrol edelim...\" \/>\n<meta name=\"robots\" content=\"index, follow, max-snippet:-1, max-image-preview:large, max-video-preview:-1\" \/>\n<link rel=\"canonical\" href=\"https:\/\/exceladvisor.org\/tr\/aritmetik-operatorler\/\" \/>\n<meta property=\"og:locale\" content=\"tr_TR\" \/>\n<meta property=\"og:type\" content=\"article\" \/>\n<meta property=\"og:title\" content=\"\u25b7 Excel&#039;de aritmetik operat\u00f6rler nas\u0131l kullan\u0131l\u0131r?\" \/>\n<meta property=\"og:description\" content=\"Bu e\u011fitim size Excel form\u00fcllerinde aritmetik operat\u00f6rlerin nas\u0131l kullan\u0131laca\u011f\u0131n\u0131 \u00f6\u011fretecektir. Bunu kontrol edelim...\" \/>\n<meta property=\"og:url\" content=\"https:\/\/exceladvisor.org\/tr\/aritmetik-operatorler\/\" \/>\n<meta property=\"og:site_name\" content=\"Excel Advisor\" \/>\n<meta property=\"article:modified_time\" content=\"2023-12-10T06:00:12+00:00\" \/>\n<meta property=\"og:image\" content=\"https:\/\/exceladvisor.org\/wp-content\/uploads\/2023\/08\/1-operateurs-arithmetiques.png\" \/>\n<meta name=\"twitter:card\" content=\"summary_large_image\" \/>\n<meta name=\"twitter:label1\" content=\"Tahmini okuma s\u00fcresi\" \/>\n\t<meta name=\"twitter:data1\" content=\"2 dakika\" \/>\n<script type=\"application\/ld+json\" class=\"yoast-schema-graph\">{\"@context\":\"https:\/\/schema.org\",\"@graph\":[{\"@type\":\"WebPage\",\"@id\":\"https:\/\/exceladvisor.org\/tr\/aritmetik-operatorler\/\",\"url\":\"https:\/\/exceladvisor.org\/tr\/aritmetik-operatorler\/\",\"name\":\"\u25b7 Excel&#39;de aritmetik operat\u00f6rler nas\u0131l kullan\u0131l\u0131r?\",\"isPartOf\":{\"@id\":\"https:\/\/exceladvisor.org\/tr\/#website\"},\"primaryImageOfPage\":{\"@id\":\"https:\/\/exceladvisor.org\/tr\/aritmetik-operatorler\/#primaryimage\"},\"image\":{\"@id\":\"https:\/\/exceladvisor.org\/tr\/aritmetik-operatorler\/#primaryimage\"},\"thumbnailUrl\":\"https:\/\/exceladvisor.org\/wp-content\/uploads\/2023\/08\/1-operateurs-arithmetiques.png\",\"datePublished\":\"2023-11-17T23:31:48+00:00\",\"dateModified\":\"2023-12-10T06:00:12+00:00\",\"description\":\"Bu e\u011fitim size Excel form\u00fcllerinde aritmetik operat\u00f6rlerin nas\u0131l kullan\u0131laca\u011f\u0131n\u0131 \u00f6\u011fretecektir. Bunu kontrol edelim...\",\"breadcrumb\":{\"@id\":\"https:\/\/exceladvisor.org\/tr\/aritmetik-operatorler\/#breadcrumb\"},\"inLanguage\":\"tr\",\"potentialAction\":[{\"@type\":\"ReadAction\",\"target\":[\"https:\/\/exceladvisor.org\/tr\/aritmetik-operatorler\/\"]}]},{\"@type\":\"ImageObject\",\"inLanguage\":\"tr\",\"@id\":\"https:\/\/exceladvisor.org\/tr\/aritmetik-operatorler\/#primaryimage\",\"url\":\"https:\/\/exceladvisor.org\/wp-content\/uploads\/2023\/08\/1-operateurs-arithmetiques.png\",\"contentUrl\":\"https:\/\/exceladvisor.org\/wp-content\/uploads\/2023\/08\/1-operateurs-arithmetiques.png\"},{\"@type\":\"BreadcrumbList\",\"@id\":\"https:\/\/exceladvisor.org\/tr\/aritmetik-operatorler\/#breadcrumb\",\"itemListElement\":[{\"@type\":\"ListItem\",\"position\":1,\"name\":\"Ev\",\"item\":\"https:\/\/exceladvisor.org\/tr\/\"},{\"@type\":\"ListItem\",\"position\":2,\"name\":\"Excel&#39;de aritmetik operat\u00f6rler nas\u0131l kullan\u0131l\u0131r?\"}]},{\"@type\":\"WebSite\",\"@id\":\"https:\/\/exceladvisor.org\/tr\/#website\",\"url\":\"https:\/\/exceladvisor.org\/tr\/\",\"name\":\"Excel Advisor\",\"description\":\"Veri hakimiyetine y\u00f6nelik nihai rehberiniz!\",\"publisher\":{\"@id\":\"https:\/\/exceladvisor.org\/tr\/#organization\"},\"potentialAction\":[{\"@type\":\"SearchAction\",\"target\":{\"@type\":\"EntryPoint\",\"urlTemplate\":\"https:\/\/exceladvisor.org\/tr\/?s={search_term_string}\"},\"query-input\":{\"@type\":\"PropertyValueSpecification\",\"valueRequired\":true,\"valueName\":\"search_term_string\"}}],\"inLanguage\":\"tr\"},{\"@type\":\"Organization\",\"@id\":\"https:\/\/exceladvisor.org\/tr\/#organization\",\"name\":\"Excel Advisor\",\"url\":\"https:\/\/exceladvisor.org\/tr\/\",\"logo\":{\"@type\":\"ImageObject\",\"inLanguage\":\"tr\",\"@id\":\"https:\/\/exceladvisor.org\/tr\/#\/schema\/logo\/image\/\",\"url\":\"https:\/\/exceladvisor.org\/tr\/wp-content\/uploads\/2023\/12\/exceladvisor.org_.png\",\"contentUrl\":\"https:\/\/exceladvisor.org\/tr\/wp-content\/uploads\/2023\/12\/exceladvisor.org_.png\",\"width\":105,\"height\":36,\"caption\":\"Excel Advisor\"},\"image\":{\"@id\":\"https:\/\/exceladvisor.org\/tr\/#\/schema\/logo\/image\/\"}}]}<\/script>\n<!-- \/ Yoast SEO plugin. -->","yoast_head_json":{"title":"\u25b7 Excel&#39;de aritmetik operat\u00f6rler nas\u0131l kullan\u0131l\u0131r?","description":"Bu e\u011fitim size Excel form\u00fcllerinde aritmetik operat\u00f6rlerin nas\u0131l kullan\u0131laca\u011f\u0131n\u0131 \u00f6\u011fretecektir. Bunu kontrol edelim...","robots":{"index":"index","follow":"follow","max-snippet":"max-snippet:-1","max-image-preview":"max-image-preview:large","max-video-preview":"max-video-preview:-1"},"canonical":"https:\/\/exceladvisor.org\/tr\/aritmetik-operatorler\/","og_locale":"tr_TR","og_type":"article","og_title":"\u25b7 Excel&#39;de aritmetik operat\u00f6rler nas\u0131l kullan\u0131l\u0131r?","og_description":"Bu e\u011fitim size Excel form\u00fcllerinde aritmetik operat\u00f6rlerin nas\u0131l kullan\u0131laca\u011f\u0131n\u0131 \u00f6\u011fretecektir. Bunu kontrol edelim...","og_url":"https:\/\/exceladvisor.org\/tr\/aritmetik-operatorler\/","og_site_name":"Excel Advisor","article_modified_time":"2023-12-10T06:00:12+00:00","og_image":[{"url":"https:\/\/exceladvisor.org\/wp-content\/uploads\/2023\/08\/1-operateurs-arithmetiques.png","type":"","width":"","height":""}],"twitter_card":"summary_large_image","twitter_misc":{"Tahmini okuma s\u00fcresi":"2 dakika"},"schema":{"@context":"https:\/\/schema.org","@graph":[{"@type":"WebPage","@id":"https:\/\/exceladvisor.org\/tr\/aritmetik-operatorler\/","url":"https:\/\/exceladvisor.org\/tr\/aritmetik-operatorler\/","name":"\u25b7 Excel&#39;de aritmetik operat\u00f6rler nas\u0131l kullan\u0131l\u0131r?","isPartOf":{"@id":"https:\/\/exceladvisor.org\/tr\/#website"},"primaryImageOfPage":{"@id":"https:\/\/exceladvisor.org\/tr\/aritmetik-operatorler\/#primaryimage"},"image":{"@id":"https:\/\/exceladvisor.org\/tr\/aritmetik-operatorler\/#primaryimage"},"thumbnailUrl":"https:\/\/exceladvisor.org\/wp-content\/uploads\/2023\/08\/1-operateurs-arithmetiques.png","datePublished":"2023-11-17T23:31:48+00:00","dateModified":"2023-12-10T06:00:12+00:00","description":"Bu e\u011fitim size Excel form\u00fcllerinde aritmetik operat\u00f6rlerin nas\u0131l kullan\u0131laca\u011f\u0131n\u0131 \u00f6\u011fretecektir. Bunu kontrol edelim...","breadcrumb":{"@id":"https:\/\/exceladvisor.org\/tr\/aritmetik-operatorler\/#breadcrumb"},"inLanguage":"tr","potentialAction":[{"@type":"ReadAction","target":["https:\/\/exceladvisor.org\/tr\/aritmetik-operatorler\/"]}]},{"@type":"ImageObject","inLanguage":"tr","@id":"https:\/\/exceladvisor.org\/tr\/aritmetik-operatorler\/#primaryimage","url":"https:\/\/exceladvisor.org\/wp-content\/uploads\/2023\/08\/1-operateurs-arithmetiques.png","contentUrl":"https:\/\/exceladvisor.org\/wp-content\/uploads\/2023\/08\/1-operateurs-arithmetiques.png"},{"@type":"BreadcrumbList","@id":"https:\/\/exceladvisor.org\/tr\/aritmetik-operatorler\/#breadcrumb","itemListElement":[{"@type":"ListItem","position":1,"name":"Ev","item":"https:\/\/exceladvisor.org\/tr\/"},{"@type":"ListItem","position":2,"name":"Excel&#39;de aritmetik operat\u00f6rler nas\u0131l kullan\u0131l\u0131r?"}]},{"@type":"WebSite","@id":"https:\/\/exceladvisor.org\/tr\/#website","url":"https:\/\/exceladvisor.org\/tr\/","name":"Excel Advisor","description":"Veri hakimiyetine y\u00f6nelik nihai rehberiniz!","publisher":{"@id":"https:\/\/exceladvisor.org\/tr\/#organization"},"potentialAction":[{"@type":"SearchAction","target":{"@type":"EntryPoint","urlTemplate":"https:\/\/exceladvisor.org\/tr\/?s={search_term_string}"},"query-input":{"@type":"PropertyValueSpecification","valueRequired":true,"valueName":"search_term_string"}}],"inLanguage":"tr"},{"@type":"Organization","@id":"https:\/\/exceladvisor.org\/tr\/#organization","name":"Excel Advisor","url":"https:\/\/exceladvisor.org\/tr\/","logo":{"@type":"ImageObject","inLanguage":"tr","@id":"https:\/\/exceladvisor.org\/tr\/#\/schema\/logo\/image\/","url":"https:\/\/exceladvisor.org\/tr\/wp-content\/uploads\/2023\/12\/exceladvisor.org_.png","contentUrl":"https:\/\/exceladvisor.org\/tr\/wp-content\/uploads\/2023\/12\/exceladvisor.org_.png","width":105,"height":36,"caption":"Excel Advisor"},"image":{"@id":"https:\/\/exceladvisor.org\/tr\/#\/schema\/logo\/image\/"}}]}},"yoast_meta":{"yoast_wpseo_title":"","yoast_wpseo_metadesc":"","yoast_wpseo_canonical":""},"_links":{"self":[{"href":"https:\/\/exceladvisor.org\/tr\/wp-json\/wp\/v2\/pages\/1522","targetHints":{"allow":["GET"]}}],"collection":[{"href":"https:\/\/exceladvisor.org\/tr\/wp-json\/wp\/v2\/pages"}],"about":[{"href":"https:\/\/exceladvisor.org\/tr\/wp-json\/wp\/v2\/types\/page"}],"author":[{"embeddable":true,"href":"https:\/\/exceladvisor.org\/tr\/wp-json\/wp\/v2\/users\/1"}],"replies":[{"embeddable":true,"href":"https:\/\/exceladvisor.org\/tr\/wp-json\/wp\/v2\/comments?post=1522"}],"version-history":[{"count":1,"href":"https:\/\/exceladvisor.org\/tr\/wp-json\/wp\/v2\/pages\/1522\/revisions"}],"predecessor-version":[{"id":2387,"href":"https:\/\/exceladvisor.org\/tr\/wp-json\/wp\/v2\/pages\/1522\/revisions\/2387"}],"wp:attachment":[{"href":"https:\/\/exceladvisor.org\/tr\/wp-json\/wp\/v2\/media?parent=1522"}],"curies":[{"name":"wp","href":"https:\/\/api.w.org\/{rel}","templated":true}]}}