{"id":1523,"date":"2023-11-17T23:12:54","date_gmt":"2023-11-17T23:12:54","guid":{"rendered":"https:\/\/exceladvisor.org\/tr\/araligi-sec\/"},"modified":"2023-12-10T06:00:11","modified_gmt":"2023-12-10T06:00:11","slug":"araligi-sec","status":"publish","type":"page","link":"https:\/\/exceladvisor.org\/tr\/araligi-sec\/","title":{"rendered":"Excel&#39;de aral\u0131k nas\u0131l se\u00e7ilir?"},"content":{"rendered":"<div class=\"excel-icerikten-once\" id=\"excel-1913473197\"><script type=\"text\/javascript\">\r\n\tatOptions = {\r\n\t\t'key' : 'c1158f160081d6540a8409e6925dab94',\r\n\t\t'format' : 'iframe',\r\n\t\t'height' : 250,\r\n\t\t'width' : 300,\r\n\t\t'params' : {}\r\n\t};\r\n<\/script>\r\n<script type=\"text\/javascript\" src=\"\/\/www.highperformanceformat.com\/c1158f160081d6540a8409e6925dab94\/invoke.js\"><\/script><\/div> <p>Excel&#8217;i \u00f6\u011frenmeye ba\u015flad\u0131\u011f\u0131n\u0131zda, bir aral\u0131\u011f\u0131n nas\u0131l se\u00e7ilece\u011fini bilmek \u00f6nemlidir. Bu derste, fare ve klavyeyi kullanarak bir aral\u0131k (tek h\u00fccre, s\u00fcrekli ve s\u00fcrekli olmayan h\u00fccreler) se\u00e7menin farkl\u0131 y\u00f6ntemlerini \u00f6\u011frenece\u011fiz.<\/p><h2 class=\"wp-block-heading\"> Tek bir h\u00fccre se\u00e7in<\/h2><p> Tek bir h\u00fccreyi se\u00e7mek i\u00e7in se\u00e7mek istedi\u011finiz h\u00fccreye t\u0131klaman\u0131z gerekir. H\u00fccreyi se\u00e7ti\u011finiz anda ise Ad kutusunda ayn\u0131 h\u00fccrenin adresi beliriyor. A\u015fa\u011f\u0131daki anl\u0131k g\u00f6r\u00fcnt\u00fcde A2 h\u00fccresini se\u00e7iyoruz. <\/p><div class=\"wp-block-image\"><figure class=\"aligncenter size-full\"><img loading=\"lazy\" decoding=\"async\" class=\"wp-image-80034\" src=\"https:\/\/exceladvisor.org\/wp-content\/uploads\/2023\/08\/gif-selectionner-une-seule-cellule.gif\" sizes=\"auto, \" srcset=\"\" alt=\"tek bir h\u00fccre se\u00e7\" width=\"548\" height=\"386\"><\/figure><\/div><h2 class=\"wp-block-heading\"> Biti\u015fik h\u00fccrelerin aral\u0131\u011f\u0131n\u0131 se\u00e7in<\/h2><p> Excel&#8217;de tek h\u00fccreyi se\u00e7tikten sonra birden fazla h\u00fccreyi se\u00e7mek i\u00e7in h\u0131zl\u0131 ad\u0131mlar\u0131 izleyelim. A1:B5&#8217;i se\u00e7mek istedi\u011finizi varsayal\u0131m:<\/p><ul><li> \u0130lk \u00f6nce imlecinizi h\u00fccrenin (A1) \u00fczerine getirin.<\/li><li> Daha sonra farenin sol tu\u015funa basarak se\u00e7in.<\/li><li> Ve \u015fimdi fare d\u00fc\u011fmesini bas\u0131l\u0131 tutarken imleci A1&#8217;den B5&#8217;e s\u00fcr\u00fckleyin. <\/li><\/ul><div class=\"wp-block-image\"><figure class=\"aligncenter size-full\"><img loading=\"lazy\" decoding=\"async\" class=\"wp-image-80035\" src=\"https:\/\/exceladvisor.org\/wp-content\/uploads\/2023\/08\/gif-plage-de-cellules-adjacentes.gif\" sizes=\"auto, \" srcset=\"\" alt=\"biti\u015fik h\u00fccre aral\u0131\u011f\u0131\" width=\"600\" height=\"361\"><\/figure><\/div><h2 class=\"wp-block-heading\"> Biti\u015fik olmayan h\u00fccrelerin aral\u0131\u011f\u0131n\u0131 se\u00e7in<\/h2><p> Bazen \u00e7al\u0131\u015f\u0131rken, \u00e7al\u0131\u015fma sayfas\u0131nda birka\u00e7 s\u00fcrekli olmayan h\u00fccre se\u00e7meniz gerekir (\u00f6rne\u011fin, A4&#8217;ten A7&#8217;ye, B3&#8217;ten B8&#8217;e ve C2&#8217;den C5&#8217;e).<\/p><ul><li> \u0130lk h\u00fccreye (A4) t\u0131klay\u0131n ve imleci A7&#8217;ye s\u00fcr\u00fckleyin.<\/li><li> Bundan sonra, Kontrol tu\u015funu bas\u0131l\u0131 tutun ve bir sonraki biti\u015fik olmayan aral\u0131\u011f\u0131 tek tek se\u00e7in.<\/li><li> Sonunda, se\u00e7ilen h\u00fccre aral\u0131\u011f\u0131n\u0131n tamam\u0131 vurgulan\u0131r.<\/li><\/ul><p class=\"grey-note\"> S\u00fcrekli olmayan sat\u0131rlar\u0131 veya s\u00fctunlar\u0131 se\u00e7mek i\u00e7in <kbd>Ctrl tu\u015funu<\/kbd> bas\u0131l\u0131 tutabilirsiniz. <\/p><div class=\"wp-block-image\"><figure class=\"aligncenter size-full\"><img loading=\"lazy\" decoding=\"async\" class=\"wp-image-80036\" src=\"https:\/\/exceladvisor.org\/wp-content\/uploads\/2023\/08\/gif-plage-de-cellules-non-adjacentes.gif\" sizes=\"auto, \" srcset=\"\" alt=\"biti\u015fik olmayan h\u00fccre aral\u0131\u011f\u0131\" width=\"600\" height=\"358\"><\/figure><\/div><h2 class=\"wp-block-heading\"> Sat\u0131rdaki h\u00fccre aral\u0131\u011f\u0131n\u0131 se\u00e7in<\/h2><p> Tek bir sat\u0131rdaki h\u00fccre aral\u0131\u011f\u0131n\u0131 se\u00e7mek i\u00e7in a\u015fa\u011f\u0131daki ad\u0131mlar\u0131 izleyin:<\/p><ul><li> \u00d6ncelikle birden fazla h\u00fccre se\u00e7mek istedi\u011finiz sat\u0131r\u0131 se\u00e7in.<\/li><li> \u015eimdi bu sat\u0131rdaki h\u00fccrelerden birine t\u0131klay\u0131n.<\/li><li> Daha sonra imleci o h\u00fccrenin \u00fczerine getirin ve se\u00e7ilecek son h\u00fccreye s\u00fcr\u00fckleyin.<\/li><\/ul><p> A\u015fa\u011f\u0131daki \u00f6rnekte oldu\u011fu gibi 3. sat\u0131r\u0131n ilk d\u00f6rt h\u00fccresini se\u00e7tik. <\/p><div class=\"wp-block-image\"><figure class=\"aligncenter size-full\"><img loading=\"lazy\" decoding=\"async\" class=\"wp-image-80037\" src=\"https:\/\/exceladvisor.org\/wp-content\/uploads\/2023\/08\/gif-plage-de-cellules-daffilee.gif\" sizes=\"auto, \" srcset=\"\" alt=\"\u00fcst \u00fcste h\u00fccre aral\u0131\u011f\u0131\" width=\"568\" height=\"332\"><\/figure><\/div><h2 class=\"wp-block-heading\"> S\u00fctundaki h\u00fccre aral\u0131\u011f\u0131n\u0131 se\u00e7in<\/h2><p> A\u015fa\u011f\u0131dakileri yaparak herhangi bir i\u015flevi uygulamak i\u00e7in tek bir s\u00fctundaki h\u00fccre grubunu da se\u00e7ebilirsiniz:<\/p><ul><li> \u00d6ncelikle h\u00fccre aral\u0131\u011f\u0131n\u0131 se\u00e7mek istedi\u011finiz s\u00fctunu se\u00e7in.<\/li><li> Daha sonra herhangi bir h\u00fccreye t\u0131klay\u0131n ve imleci son h\u00fccreye s\u00fcr\u00fckleyin.<\/li><\/ul><p> C3 ila C10 h\u00fccrelerini se\u00e7ti\u011fimiz C s\u00fctununun bir \u00f6rne\u011fini ele alal\u0131m. <\/p><div class=\"wp-block-image\"><figure class=\"aligncenter size-full\"><img loading=\"lazy\" decoding=\"async\" class=\"wp-image-80038\" src=\"https:\/\/exceladvisor.org\/wp-content\/uploads\/2023\/08\/gif-plage-de-cellules-dans-une-colonne.gif\" sizes=\"auto, \" srcset=\"\" alt=\"bir s\u00fctundaki h\u00fccre aral\u0131\u011f\u0131\" width=\"568\" height=\"390\"><\/figure><\/div><h2 class=\"wp-block-heading\"> \u00c7al\u0131\u015fma sayfas\u0131ndaki t\u00fcm h\u00fccreleri se\u00e7<\/h2><p> Burada t\u00fcm Excel kullan\u0131c\u0131lar\u0131n\u0131n ortak g\u00f6revi \u00e7al\u0131\u015fma sayfas\u0131ndaki t\u00fcm h\u00fccreleri se\u00e7mektir. Sol \u00fcst k\u00f6\u015fedeki k\u00fc\u00e7\u00fck ters \u00fc\u00e7gene t\u0131klaman\u0131z gerekiyor ve t\u00fcm sayfan\u0131n se\u00e7ildi\u011fini g\u00f6receksiniz. <\/p><div class=\"wp-block-image\"><figure class=\"aligncenter size-full\"><img loading=\"lazy\" decoding=\"async\" class=\"wp-image-80039\" src=\"https:\/\/exceladvisor.org\/wp-content\/uploads\/2023\/08\/gif-selectionner-une-feuille-entiere-a-partir-du-triangle-superieur.gif\" sizes=\"auto, \" srcset=\"\" alt=\"\u00fcstteki \u00fc\u00e7genin-yapra\u011f\u0131n\u0131n tamam\u0131n\u0131 se\u00e7\" width=\"600\" height=\"308\"><\/figure><\/div><p> Daha sonra \u00e7al\u0131\u015fma sayfas\u0131ndaki h\u00fccreleri se\u00e7mek i\u00e7in k\u0131sayol tu\u015flar\u0131n\u0131 da kullanabilirsiniz.<\/p><ul><li> Sayfada veri i\u00e7ermeyen bo\u015f h\u00fccreyi se\u00e7tiyseniz Control + A tu\u015flar\u0131n\u0131 bas\u0131l\u0131 tutun. <\/li><\/ul><div class=\"wp-block-image\"><figure class=\"aligncenter size-full is-resized\"><img loading=\"lazy\" decoding=\"async\" class=\"wp-image-80040\" src=\"https:\/\/exceladvisor.org\/wp-content\/uploads\/2023\/08\/gif-selectionner-toutes-les-cellules-ayant-des-cellules-vides.gif\" sizes=\"auto, \" srcset=\"\" alt=\"bo\u015f h\u00fccreli t\u00fcm h\u00fccreleri se\u00e7\" width=\"582\" height=\"348\"><\/figure><\/div><ul><li> Veri veya de\u011fer i\u00e7eren h\u00fccreyi se\u00e7ti\u011finizde, t\u00fcm sayfay\u0131 se\u00e7mek i\u00e7in Control + A + A (iki kez A) tu\u015flar\u0131n\u0131 bas\u0131l\u0131 tutman\u0131z gerekir; aksi takdirde yaln\u0131zca veri i\u00e7eren h\u00fccreleri se\u00e7er. <\/li><\/ul><div class=\"wp-block-image\"><figure class=\"aligncenter size-full is-resized\"><img loading=\"lazy\" decoding=\"async\" class=\"wp-image-80041\" src=\"https:\/\/exceladvisor.org\/wp-content\/uploads\/2023\/08\/gif-selectionner-une-feuille-avec-des-donnees-dans-une-cellule.gif\" sizes=\"auto, \" srcset=\"\" alt=\"h\u00fccredeki-verileri i\u00e7eren-sayfay\u0131 se\u00e7\" width=\"453\" height=\"235\"><\/figure><\/div><div class=\"gb-container gb-container-4db6181c gb-container-mt\"> <a class=\"gb-button gb-button-c5897111 gb-button-text gb-button-mt-button\" href=\"https:\/\/exceladvisor.org\/tr\/excelin-temelleri\/\">Microsoft Excel Temelleri (Bile\u015fenler, Par\u00e7alar ve Bilgi Notlar\u0131)<\/a><h2 class=\"gb-headline gb-headline-665e5f6b gb-headline-text gb-headline-mt-heading\"> \u0130lgili e\u011fitimler <\/h2><div class=\"gb-grid-wrapper gb-grid-wrapper-a20baf7c gb-grid-wrapper-mt-grid\"><div class=\"gb-grid-column gb-grid-column-65ddf67e\"><div class=\"gb-container gb-container-65ddf67e\"><ul><li> <a href=\"https:\/\/exceladvisor.org\/tr\/kopruleri-ekle-kaldir\/\">Excel&#8217;de k\u00f6pr\u00fc ekleme ve kald\u0131rma<\/a><\/li><li> <a href=\"https:\/\/exceladvisor.org\/tr\/filigran-ekle\/\">Excel&#8217;e filigran ekleme<\/a><\/li><li> <a href=\"https:\/\/exceladvisor.org\/tr\/gizli-satir-sutunlarini-kaldir\/\">Excel&#8217;deki gizli sat\u0131rlar\u0131 silin<\/a><\/li><li> <a href=\"https:\/\/exceladvisor.org\/tr\/hucrelerin-secimini-kaldir\/\">Excel&#8217;de h\u00fccrelerin se\u00e7imini kald\u0131r\u0131n<\/a><\/li><li> <a href=\"https:\/\/exceladvisor.org\/tr\/sutun-ekle\/\">Excel&#8217;de s\u00fctun ekleme<\/a> <\/li><\/ul><\/div><\/div><div class=\"gb-grid-column gb-grid-column-50067b57\"><div class=\"gb-container gb-container-50067b57\"><\/div><\/div><\/div><\/div>","protected":false},"excerpt":{"rendered":"","protected":false},"author":1,"featured_media":0,"parent":0,"menu_order":0,"comment_status":"open","ping_status":"closed","template":"","meta":{"ub_ctt_via":"","footnotes":""},"class_list":["post-1523","page","type-page","status-publish","hentry"],"featured_image_src":null,"yoast_head":"<!-- This site is optimized with the Yoast SEO plugin v25.4 - https:\/\/yoast.com\/wordpress\/plugins\/seo\/ -->\n<title>\u25b7 Excel&#039;de aral\u0131k nas\u0131l se\u00e7ilir? (E\u011fitim 2023)<\/title>\n<meta name=\"description\" content=\"Bu e\u011fitim bir aral\u0131k se\u00e7meye odaklanmaktad\u0131r. Bu, yeni bir Excel kullan\u0131c\u0131s\u0131 i\u00e7in \u00f6\u011frenilmesi gereken \u00f6nemli bir \u015feydir.\" \/>\n<meta name=\"robots\" content=\"index, follow, max-snippet:-1, max-image-preview:large, max-video-preview:-1\" \/>\n<link rel=\"canonical\" href=\"https:\/\/exceladvisor.org\/tr\/araligi-sec\/\" \/>\n<meta property=\"og:locale\" content=\"tr_TR\" \/>\n<meta property=\"og:type\" content=\"article\" \/>\n<meta property=\"og:title\" content=\"\u25b7 Excel&#039;de aral\u0131k nas\u0131l se\u00e7ilir? (E\u011fitim 2023)\" \/>\n<meta property=\"og:description\" content=\"Bu e\u011fitim bir aral\u0131k se\u00e7meye odaklanmaktad\u0131r. Bu, yeni bir Excel kullan\u0131c\u0131s\u0131 i\u00e7in \u00f6\u011frenilmesi gereken \u00f6nemli bir \u015feydir.\" \/>\n<meta property=\"og:url\" content=\"https:\/\/exceladvisor.org\/tr\/araligi-sec\/\" \/>\n<meta property=\"og:site_name\" content=\"Excel Advisor\" \/>\n<meta property=\"article:modified_time\" content=\"2023-12-10T06:00:11+00:00\" \/>\n<meta property=\"og:image\" content=\"https:\/\/exceladvisor.org\/wp-content\/uploads\/2023\/08\/gif-selectionner-une-seule-cellule.gif\" \/>\n<meta name=\"twitter:card\" content=\"summary_large_image\" \/>\n<meta name=\"twitter:label1\" content=\"Tahmini okuma s\u00fcresi\" \/>\n\t<meta name=\"twitter:data1\" content=\"3 dakika\" \/>\n<script type=\"application\/ld+json\" class=\"yoast-schema-graph\">{\"@context\":\"https:\/\/schema.org\",\"@graph\":[{\"@type\":\"WebPage\",\"@id\":\"https:\/\/exceladvisor.org\/tr\/araligi-sec\/\",\"url\":\"https:\/\/exceladvisor.org\/tr\/araligi-sec\/\",\"name\":\"\u25b7 Excel&#39;de aral\u0131k nas\u0131l se\u00e7ilir? (E\u011fitim 2023)\",\"isPartOf\":{\"@id\":\"https:\/\/exceladvisor.org\/tr\/#website\"},\"primaryImageOfPage\":{\"@id\":\"https:\/\/exceladvisor.org\/tr\/araligi-sec\/#primaryimage\"},\"image\":{\"@id\":\"https:\/\/exceladvisor.org\/tr\/araligi-sec\/#primaryimage\"},\"thumbnailUrl\":\"https:\/\/exceladvisor.org\/wp-content\/uploads\/2023\/08\/gif-selectionner-une-seule-cellule.gif\",\"datePublished\":\"2023-11-17T23:12:54+00:00\",\"dateModified\":\"2023-12-10T06:00:11+00:00\",\"description\":\"Bu e\u011fitim bir aral\u0131k se\u00e7meye odaklanmaktad\u0131r. Bu, yeni bir Excel kullan\u0131c\u0131s\u0131 i\u00e7in \u00f6\u011frenilmesi gereken \u00f6nemli bir \u015feydir.\",\"breadcrumb\":{\"@id\":\"https:\/\/exceladvisor.org\/tr\/araligi-sec\/#breadcrumb\"},\"inLanguage\":\"tr\",\"potentialAction\":[{\"@type\":\"ReadAction\",\"target\":[\"https:\/\/exceladvisor.org\/tr\/araligi-sec\/\"]}]},{\"@type\":\"ImageObject\",\"inLanguage\":\"tr\",\"@id\":\"https:\/\/exceladvisor.org\/tr\/araligi-sec\/#primaryimage\",\"url\":\"https:\/\/exceladvisor.org\/wp-content\/uploads\/2023\/08\/gif-selectionner-une-seule-cellule.gif\",\"contentUrl\":\"https:\/\/exceladvisor.org\/wp-content\/uploads\/2023\/08\/gif-selectionner-une-seule-cellule.gif\"},{\"@type\":\"BreadcrumbList\",\"@id\":\"https:\/\/exceladvisor.org\/tr\/araligi-sec\/#breadcrumb\",\"itemListElement\":[{\"@type\":\"ListItem\",\"position\":1,\"name\":\"Ev\",\"item\":\"https:\/\/exceladvisor.org\/tr\/\"},{\"@type\":\"ListItem\",\"position\":2,\"name\":\"Excel&#39;de aral\u0131k nas\u0131l se\u00e7ilir?\"}]},{\"@type\":\"WebSite\",\"@id\":\"https:\/\/exceladvisor.org\/tr\/#website\",\"url\":\"https:\/\/exceladvisor.org\/tr\/\",\"name\":\"Excel Advisor\",\"description\":\"Veri hakimiyetine y\u00f6nelik nihai rehberiniz!\",\"publisher\":{\"@id\":\"https:\/\/exceladvisor.org\/tr\/#organization\"},\"potentialAction\":[{\"@type\":\"SearchAction\",\"target\":{\"@type\":\"EntryPoint\",\"urlTemplate\":\"https:\/\/exceladvisor.org\/tr\/?s={search_term_string}\"},\"query-input\":{\"@type\":\"PropertyValueSpecification\",\"valueRequired\":true,\"valueName\":\"search_term_string\"}}],\"inLanguage\":\"tr\"},{\"@type\":\"Organization\",\"@id\":\"https:\/\/exceladvisor.org\/tr\/#organization\",\"name\":\"Excel Advisor\",\"url\":\"https:\/\/exceladvisor.org\/tr\/\",\"logo\":{\"@type\":\"ImageObject\",\"inLanguage\":\"tr\",\"@id\":\"https:\/\/exceladvisor.org\/tr\/#\/schema\/logo\/image\/\",\"url\":\"https:\/\/exceladvisor.org\/tr\/wp-content\/uploads\/2023\/12\/exceladvisor.org_.png\",\"contentUrl\":\"https:\/\/exceladvisor.org\/tr\/wp-content\/uploads\/2023\/12\/exceladvisor.org_.png\",\"width\":105,\"height\":36,\"caption\":\"Excel Advisor\"},\"image\":{\"@id\":\"https:\/\/exceladvisor.org\/tr\/#\/schema\/logo\/image\/\"}}]}<\/script>\n<!-- \/ Yoast SEO plugin. -->","yoast_head_json":{"title":"\u25b7 Excel&#39;de aral\u0131k nas\u0131l se\u00e7ilir? (E\u011fitim 2023)","description":"Bu e\u011fitim bir aral\u0131k se\u00e7meye odaklanmaktad\u0131r. Bu, yeni bir Excel kullan\u0131c\u0131s\u0131 i\u00e7in \u00f6\u011frenilmesi gereken \u00f6nemli bir \u015feydir.","robots":{"index":"index","follow":"follow","max-snippet":"max-snippet:-1","max-image-preview":"max-image-preview:large","max-video-preview":"max-video-preview:-1"},"canonical":"https:\/\/exceladvisor.org\/tr\/araligi-sec\/","og_locale":"tr_TR","og_type":"article","og_title":"\u25b7 Excel&#39;de aral\u0131k nas\u0131l se\u00e7ilir? (E\u011fitim 2023)","og_description":"Bu e\u011fitim bir aral\u0131k se\u00e7meye odaklanmaktad\u0131r. Bu, yeni bir Excel kullan\u0131c\u0131s\u0131 i\u00e7in \u00f6\u011frenilmesi gereken \u00f6nemli bir \u015feydir.","og_url":"https:\/\/exceladvisor.org\/tr\/araligi-sec\/","og_site_name":"Excel Advisor","article_modified_time":"2023-12-10T06:00:11+00:00","og_image":[{"url":"https:\/\/exceladvisor.org\/wp-content\/uploads\/2023\/08\/gif-selectionner-une-seule-cellule.gif","type":"","width":"","height":""}],"twitter_card":"summary_large_image","twitter_misc":{"Tahmini okuma s\u00fcresi":"3 dakika"},"schema":{"@context":"https:\/\/schema.org","@graph":[{"@type":"WebPage","@id":"https:\/\/exceladvisor.org\/tr\/araligi-sec\/","url":"https:\/\/exceladvisor.org\/tr\/araligi-sec\/","name":"\u25b7 Excel&#39;de aral\u0131k nas\u0131l se\u00e7ilir? (E\u011fitim 2023)","isPartOf":{"@id":"https:\/\/exceladvisor.org\/tr\/#website"},"primaryImageOfPage":{"@id":"https:\/\/exceladvisor.org\/tr\/araligi-sec\/#primaryimage"},"image":{"@id":"https:\/\/exceladvisor.org\/tr\/araligi-sec\/#primaryimage"},"thumbnailUrl":"https:\/\/exceladvisor.org\/wp-content\/uploads\/2023\/08\/gif-selectionner-une-seule-cellule.gif","datePublished":"2023-11-17T23:12:54+00:00","dateModified":"2023-12-10T06:00:11+00:00","description":"Bu e\u011fitim bir aral\u0131k se\u00e7meye odaklanmaktad\u0131r. Bu, yeni bir Excel kullan\u0131c\u0131s\u0131 i\u00e7in \u00f6\u011frenilmesi gereken \u00f6nemli bir \u015feydir.","breadcrumb":{"@id":"https:\/\/exceladvisor.org\/tr\/araligi-sec\/#breadcrumb"},"inLanguage":"tr","potentialAction":[{"@type":"ReadAction","target":["https:\/\/exceladvisor.org\/tr\/araligi-sec\/"]}]},{"@type":"ImageObject","inLanguage":"tr","@id":"https:\/\/exceladvisor.org\/tr\/araligi-sec\/#primaryimage","url":"https:\/\/exceladvisor.org\/wp-content\/uploads\/2023\/08\/gif-selectionner-une-seule-cellule.gif","contentUrl":"https:\/\/exceladvisor.org\/wp-content\/uploads\/2023\/08\/gif-selectionner-une-seule-cellule.gif"},{"@type":"BreadcrumbList","@id":"https:\/\/exceladvisor.org\/tr\/araligi-sec\/#breadcrumb","itemListElement":[{"@type":"ListItem","position":1,"name":"Ev","item":"https:\/\/exceladvisor.org\/tr\/"},{"@type":"ListItem","position":2,"name":"Excel&#39;de aral\u0131k nas\u0131l se\u00e7ilir?"}]},{"@type":"WebSite","@id":"https:\/\/exceladvisor.org\/tr\/#website","url":"https:\/\/exceladvisor.org\/tr\/","name":"Excel Advisor","description":"Veri hakimiyetine y\u00f6nelik nihai rehberiniz!","publisher":{"@id":"https:\/\/exceladvisor.org\/tr\/#organization"},"potentialAction":[{"@type":"SearchAction","target":{"@type":"EntryPoint","urlTemplate":"https:\/\/exceladvisor.org\/tr\/?s={search_term_string}"},"query-input":{"@type":"PropertyValueSpecification","valueRequired":true,"valueName":"search_term_string"}}],"inLanguage":"tr"},{"@type":"Organization","@id":"https:\/\/exceladvisor.org\/tr\/#organization","name":"Excel Advisor","url":"https:\/\/exceladvisor.org\/tr\/","logo":{"@type":"ImageObject","inLanguage":"tr","@id":"https:\/\/exceladvisor.org\/tr\/#\/schema\/logo\/image\/","url":"https:\/\/exceladvisor.org\/tr\/wp-content\/uploads\/2023\/12\/exceladvisor.org_.png","contentUrl":"https:\/\/exceladvisor.org\/tr\/wp-content\/uploads\/2023\/12\/exceladvisor.org_.png","width":105,"height":36,"caption":"Excel Advisor"},"image":{"@id":"https:\/\/exceladvisor.org\/tr\/#\/schema\/logo\/image\/"}}]}},"yoast_meta":{"yoast_wpseo_title":"","yoast_wpseo_metadesc":"","yoast_wpseo_canonical":""},"_links":{"self":[{"href":"https:\/\/exceladvisor.org\/tr\/wp-json\/wp\/v2\/pages\/1523","targetHints":{"allow":["GET"]}}],"collection":[{"href":"https:\/\/exceladvisor.org\/tr\/wp-json\/wp\/v2\/pages"}],"about":[{"href":"https:\/\/exceladvisor.org\/tr\/wp-json\/wp\/v2\/types\/page"}],"author":[{"embeddable":true,"href":"https:\/\/exceladvisor.org\/tr\/wp-json\/wp\/v2\/users\/1"}],"replies":[{"embeddable":true,"href":"https:\/\/exceladvisor.org\/tr\/wp-json\/wp\/v2\/comments?post=1523"}],"version-history":[{"count":1,"href":"https:\/\/exceladvisor.org\/tr\/wp-json\/wp\/v2\/pages\/1523\/revisions"}],"predecessor-version":[{"id":2385,"href":"https:\/\/exceladvisor.org\/tr\/wp-json\/wp\/v2\/pages\/1523\/revisions\/2385"}],"wp:attachment":[{"href":"https:\/\/exceladvisor.org\/tr\/wp-json\/wp\/v2\/media?parent=1523"}],"curies":[{"name":"wp","href":"https:\/\/api.w.org\/{rel}","templated":true}]}}