{"id":1524,"date":"2023-11-17T21:36:05","date_gmt":"2023-11-17T21:36:05","guid":{"rendered":"https:\/\/exceladvisor.org\/tr\/dinamik-tablo\/"},"modified":"2023-12-10T06:07:36","modified_gmt":"2023-12-10T06:07:36","slug":"dinamik-tablo","status":"publish","type":"page","link":"https:\/\/exceladvisor.org\/tr\/dinamik-tablo\/","title":{"rendered":"Vba&#39;da dinamik tablo nas\u0131l olu\u015fturulur?"},"content":{"rendered":"<div class=\"excel-icerikten-once\" id=\"excel-128349176\"><script type=\"text\/javascript\">\r\n\tatOptions = {\r\n\t\t'key' : 'c1158f160081d6540a8409e6925dab94',\r\n\t\t'format' : 'iframe',\r\n\t\t'height' : 250,\r\n\t\t'width' : 300,\r\n\t\t'params' : {}\r\n\t};\r\n<\/script>\r\n<script type=\"text\/javascript\" src=\"\/\/www.highperformanceformat.com\/c1158f160081d6540a8409e6925dab94\/invoke.js\"><\/script><\/div> <p>Dinamik dizi, diziyi yeniden boyutland\u0131rabilece\u011finiz ve kodu \u00e7al\u0131\u015ft\u0131r\u0131rken ona daha fazla de\u011fer ekleyebilece\u011finiz bir \u015feydir. Bu e\u011fitimde, hem yeniden boyutland\u0131rabilece\u011finiz hem de daha fazla \u00f6\u011fe ekleyebilece\u011finiz kod yazman\u0131n yollar\u0131n\u0131 ke\u015ffedece\u011fiz.<\/p><h2 class=\"wp-block-heading\"> VBA&#8217;da dinamik bir tablo olu\u015fturma<\/h2><ol type=\"1\"><li> \u00d6ncelikle diziyi ismiyle birlikte tan\u0131mlayal\u0131m.<\/li><li> Bundan sonra eleman say\u0131s\u0131 parantezleri bo\u015f b\u0131rakt\u0131.<\/li><li> \u015eimdi ReDim komutunu kullan\u0131n.<\/li><li> Sonunda diziye eklemek istedi\u011finiz \u00f6\u011fe say\u0131s\u0131n\u0131 belirtin. <\/li><\/ol><pre class=\"wp-block-code\"> <code class=\"language-visual-basic\" lang=\"visual-basic\">Dim myArray() As String ReDim myArray(5)<\/code><\/pre><div class=\"wp-block-image\"><figure class=\"aligncenter size-large is-resized\"><img loading=\"lazy\" decoding=\"async\" class=\"wp-image-57185\" src=\"https:\/\/exceladvisor.org\/wp-content\/uploads\/2023\/08\/1-tableau-dynamique-en-vba-1.png\" sizes=\"auto, \" srcset=\"\" alt=\"vba'da dinamik dizi\" width=\"386\" height=\"292\"><\/figure><\/div><p> Joshua&#8217;n\u0131n sabit ve dinamik dizi performans\u0131 hakk\u0131ndaki <a href=\"https:\/\/bytecomb.com\/vba-internals-performance-of-fixed-vs-dynamic-arrays\/\" target=\"_blank\" rel=\"noreferrer noopener nofollow\">bu makalesini<\/a> okumay\u0131 unutmay\u0131n.<\/p><h2 class=\"wp-block-heading\"> Dinamik \u00e7ok boyutlu dizi<\/h2><p> Kulland\u0131\u011f\u0131m\u0131z \u00f6rnek tek boyutlu bir diziydi ve ayn\u0131 \u015fekilde dinamik \u00e7ok boyutlu diziler olu\u015fturmak i\u00e7in de ReDim ifadesini kullan\u0131yorsunuz. <\/p><pre class=\"wp-block-code\"> <code class=\"language-visual-basic\" lang=\"visual-basic\">Dim myArray() As String ReDim myArray(5, 8)<\/code><\/pre><div class=\"wp-block-image\"><figure class=\"aligncenter size-large is-resized\"><img loading=\"lazy\" decoding=\"async\" class=\"wp-image-57186\" src=\"https:\/\/exceladvisor.org\/wp-content\/uploads\/2023\/08\/2-reseau-dynamique-multidimensionnel-2.png\" sizes=\"auto, \" srcset=\"\" alt=\"\" width=\"428\" height=\"310\"><\/figure><\/div><h2 class=\"wp-block-heading\"> VBA&#8217;da dinamik bir diziye yeni bir \u00f6\u011fe ekleme<\/h2><p> E\u011fer ona yeni bir \u00f6\u011fe ekleyemiyorsan\u0131z dinamik bir dizi anlams\u0131z olacakt\u0131r. Gelecek \u00f6rnekte, bir dizideki \u00f6\u011fe say\u0131s\u0131n\u0131 yeniden tan\u0131mlad\u0131ktan sonra yeni \u00f6\u011felerin nas\u0131l eklenece\u011fini g\u00f6rece\u011fiz.<\/p><pre class=\"wp-block-code\"> <code class=\"language-visual-basic\" lang=\"visual-basic\">'declaring array with no element. '--------------------- Dim iNames() As String '--------------------- 'declaring variables to store counter _ 'and elements from the range. '---------------------- Dim iCount As Integer Dim iElement As Integer '---------------------- 'get the last row number to decide the _ 'number of elements for the array. '------------------------------------ iCount = Range(\"A1\").End(xlDown).Row '------------------------------------ 're-defining the elements for the array. '------------------- ReDim iNames(iCount) '------------------- 'using a for loop to add elements in the array 'from the range starting from cell A1 '-------------------------------------------------- For iElement = 1 To iCount iNames(iElement - 1) = Cells(iElement, 1).Value Next iElement '-------------------------------------------------- 'print all the elements from the 'to the immediate window '-------------------- Debug.Print iNames(0) Debug.Print iNames(1) Debug.Print iNames(2) '--------------------<\/code><\/pre><p> Bu kodu ad\u0131m ad\u0131m anlayal\u0131m.<\/p><ol type=\"1\"><li> \u0130lk ad\u0131mda &#8220;myArray&#8221; ad\u0131nda bir dizi bildirdiniz.<\/li><li> Bundan sonra, aral\u0131ktan de\u011ferler almak ve bu de\u011ferleri diziye \u00f6\u011fe olarak eklemek i\u00e7in daha sonra kodda kullanman\u0131z gereken d\u00f6ng\u00fcn\u00fcn saya\u00e7 de\u011ferlerini kaydetmek i\u00e7in iki de\u011fi\u015fkeniniz olur.<\/li><li> Daha sonra, diziye hangi \u00f6\u011feleri eklemeniz gerekti\u011fini bilmenize yard\u0131mc\u0131 olan aral\u0131\u011f\u0131n son sat\u0131r\u0131n\u0131 elde etmek i\u00e7in bir kod sat\u0131r\u0131n\u0131z olur.<\/li><li> D\u00f6rd\u00fcnc\u00fc ad\u0131mda, \u00f6nceki ad\u0131mda elde etti\u011finiz son sat\u0131r numaras\u0131n\u0131 kullanarak dizi elemanlar\u0131n\u0131 yeniden tan\u0131mlamak i\u00e7in ReDim ifadesini kulland\u0131n\u0131z.<\/li><li> Daha sonra A1 h\u00fccresinden ba\u015flayarak aral\u0131kta d\u00f6ng\u00fc yapan, oradan de\u011ferleri alan ve bunlar\u0131 birer birer diziye eleman olarak ekleyen FOR LOOP (For Next) elde edersiniz.<\/li><li> Sonunda, <a href=\"https:\/\/exceladvisor.org\/tr\/aninda-pencere-hata-ayiklama-baskisi\/\">do\u011frudan penceredeki<\/a> t\u00fcm \u00f6\u011feleri yazd\u0131rmak i\u00e7in Debug.Print deyimine sahipsiniz. <\/li><\/ol><div class=\"wp-block-image\"><figure class=\"aligncenter size-large is-resized\"><img loading=\"lazy\" decoding=\"async\" class=\"wp-image-57187\" src=\"https:\/\/exceladvisor.org\/wp-content\/uploads\/2023\/08\/3-ajouter-un-nouvel-element-au-tableau-dynamique-3.png\" sizes=\"auto, \" srcset=\"\" alt=\"\" width=\"623\" height=\"329\"><\/figure><\/div><p> Aral\u0131\u011fa yeni bir de\u011fer ekleyip kodu tekrar \u00e7al\u0131\u015ft\u0131rd\u0131\u011f\u0131mda, bu \u00f6\u011feyi otomatik olarak diziye ekler ve <a href=\"https:\/\/exceladvisor.org\/tr\/aninda-pencere-hata-ayiklama-baskisi\/\">hemen window&#8217;a<\/a> yazd\u0131r\u0131r. <\/p><div class=\"wp-block-image\"><figure class=\"aligncenter size-large is-resized\"><img loading=\"lazy\" decoding=\"async\" class=\"wp-image-57188\" src=\"https:\/\/exceladvisor.org\/wp-content\/uploads\/2023\/08\/4-ajouter-une-nouvelle-valeur-a-la-plage-4.png\" sizes=\"auto, \" srcset=\"\" alt=\"\" width=\"549\" height=\"397\"><\/figure><\/div><div class=\"gb-container gb-container-4db6181c gb-container-mt\"> <a class=\"gb-button gb-button-c5897111 gb-button-text gb-button-mt-button\" href=\"https:\/\/exceladvisor.org\/tr\/vba\/\">VBA nedir<\/a><h2 class=\"gb-headline gb-headline-665e5f6b gb-headline-text gb-headline-mt-heading\"> <a href=\"https:\/\/exceladvisor.org\/tr\/resim-sergisi\/\">VBA tablolar\u0131<\/a> hakk\u0131nda daha fazla bilgi edinin <\/h2><div class=\"gb-grid-wrapper gb-grid-wrapper-a20baf7c gb-grid-wrapper-mt-grid\"><div class=\"gb-grid-column gb-grid-column-65ddf67e\"><div class=\"gb-container gb-container-65ddf67e\"><ul><li> <a href=\"https:\/\/exceladvisor.org\/tr\/yeni-bir-deger-dizisi-ekle\/\">VBA diziye yeni de\u011fer ekle<\/a><\/li><li> <a href=\"https:\/\/exceladvisor.org\/tr\/dizi-boyutu\/\">VBA dizisi uzunlu\u011fu (boyut)<\/a><\/li><li> <a href=\"https:\/\/exceladvisor.org\/tr\/zincirli-masa\/\">Dizelerle VBA dizisi<\/a><\/li><li> <a href=\"https:\/\/exceladvisor.org\/tr\/tahtayi-sil\/\">VBA Diziyi Temizle<\/a> <\/li><\/ul><\/div><\/div><div class=\"gb-grid-column gb-grid-column-50067b57\"><div class=\"gb-container gb-container-50067b57\"><ul><li> <a href=\"https:\/\/exceladvisor.org\/tr\/vba-dongu-dizisi\/\">Bir dizideki VBA d\u00f6ng\u00fcs\u00fc<\/a><\/li><li> <a href=\"https:\/\/exceladvisor.org\/tr\/cok-boyutlu-dizi\/\">\u00c7ok boyutlu dizi VBA<\/a><\/li><li> <a href=\"https:\/\/exceladvisor.org\/tr\/plajin-bir-tablosu-var\/\">Bir diziye VBA aral\u0131\u011f\u0131<\/a><\/li><li> <a href=\"https:\/\/exceladvisor.org\/tr\/siralama-tablosu\/\">VBA \u00e7\u0131kt\u0131 tablosu<\/a><\/li><\/ul><\/div><\/div><\/div><\/div>","protected":false},"excerpt":{"rendered":"","protected":false},"author":1,"featured_media":0,"parent":0,"menu_order":0,"comment_status":"open","ping_status":"closed","template":"","meta":{"ub_ctt_via":"","footnotes":""},"class_list":["post-1524","page","type-page","status-publish","hentry"],"featured_image_src":null,"yoast_head":"<!-- This site is optimized with the Yoast SEO plugin v25.4 - https:\/\/yoast.com\/wordpress\/plugins\/seo\/ -->\n<title>\u25b7 VBA&#039;da (ReDim) dinamik tablo nas\u0131l olu\u015fturulur?<\/title>\n<meta name=\"description\" content=\"Bu e\u011fitimde, tablonun boyutunu de\u011fi\u015ftirebilece\u011finiz dinamik bir tablonun nas\u0131l olu\u015fturulaca\u011f\u0131n\u0131 \u00f6\u011freneceksiniz.\" \/>\n<meta name=\"robots\" content=\"index, follow, max-snippet:-1, max-image-preview:large, max-video-preview:-1\" \/>\n<link rel=\"canonical\" href=\"https:\/\/exceladvisor.org\/tr\/dinamik-tablo\/\" \/>\n<meta property=\"og:locale\" content=\"tr_TR\" \/>\n<meta property=\"og:type\" content=\"article\" \/>\n<meta property=\"og:title\" content=\"\u25b7 VBA&#039;da (ReDim) dinamik tablo nas\u0131l olu\u015fturulur?\" \/>\n<meta property=\"og:description\" content=\"Bu e\u011fitimde, tablonun boyutunu de\u011fi\u015ftirebilece\u011finiz dinamik bir tablonun nas\u0131l olu\u015fturulaca\u011f\u0131n\u0131 \u00f6\u011freneceksiniz.\" \/>\n<meta property=\"og:url\" content=\"https:\/\/exceladvisor.org\/tr\/dinamik-tablo\/\" \/>\n<meta property=\"og:site_name\" content=\"Excel Advisor\" \/>\n<meta property=\"article:modified_time\" content=\"2023-12-10T06:07:36+00:00\" \/>\n<meta property=\"og:image\" content=\"https:\/\/exceladvisor.org\/wp-content\/uploads\/2023\/08\/1-tableau-dynamique-en-vba-1.png\" \/>\n<meta name=\"twitter:card\" content=\"summary_large_image\" \/>\n<meta name=\"twitter:label1\" content=\"Tahmini okuma s\u00fcresi\" \/>\n\t<meta name=\"twitter:data1\" content=\"3 dakika\" \/>\n<script type=\"application\/ld+json\" class=\"yoast-schema-graph\">{\"@context\":\"https:\/\/schema.org\",\"@graph\":[{\"@type\":\"WebPage\",\"@id\":\"https:\/\/exceladvisor.org\/tr\/dinamik-tablo\/\",\"url\":\"https:\/\/exceladvisor.org\/tr\/dinamik-tablo\/\",\"name\":\"\u25b7 VBA&#39;da (ReDim) dinamik tablo nas\u0131l olu\u015fturulur?\",\"isPartOf\":{\"@id\":\"https:\/\/exceladvisor.org\/tr\/#website\"},\"primaryImageOfPage\":{\"@id\":\"https:\/\/exceladvisor.org\/tr\/dinamik-tablo\/#primaryimage\"},\"image\":{\"@id\":\"https:\/\/exceladvisor.org\/tr\/dinamik-tablo\/#primaryimage\"},\"thumbnailUrl\":\"https:\/\/exceladvisor.org\/wp-content\/uploads\/2023\/08\/1-tableau-dynamique-en-vba-1.png\",\"datePublished\":\"2023-11-17T21:36:05+00:00\",\"dateModified\":\"2023-12-10T06:07:36+00:00\",\"description\":\"Bu e\u011fitimde, tablonun boyutunu de\u011fi\u015ftirebilece\u011finiz dinamik bir tablonun nas\u0131l olu\u015fturulaca\u011f\u0131n\u0131 \u00f6\u011freneceksiniz.\",\"breadcrumb\":{\"@id\":\"https:\/\/exceladvisor.org\/tr\/dinamik-tablo\/#breadcrumb\"},\"inLanguage\":\"tr\",\"potentialAction\":[{\"@type\":\"ReadAction\",\"target\":[\"https:\/\/exceladvisor.org\/tr\/dinamik-tablo\/\"]}]},{\"@type\":\"ImageObject\",\"inLanguage\":\"tr\",\"@id\":\"https:\/\/exceladvisor.org\/tr\/dinamik-tablo\/#primaryimage\",\"url\":\"https:\/\/exceladvisor.org\/wp-content\/uploads\/2023\/08\/1-tableau-dynamique-en-vba-1.png\",\"contentUrl\":\"https:\/\/exceladvisor.org\/wp-content\/uploads\/2023\/08\/1-tableau-dynamique-en-vba-1.png\"},{\"@type\":\"BreadcrumbList\",\"@id\":\"https:\/\/exceladvisor.org\/tr\/dinamik-tablo\/#breadcrumb\",\"itemListElement\":[{\"@type\":\"ListItem\",\"position\":1,\"name\":\"Ev\",\"item\":\"https:\/\/exceladvisor.org\/tr\/\"},{\"@type\":\"ListItem\",\"position\":2,\"name\":\"Vba&#39;da dinamik tablo nas\u0131l olu\u015fturulur?\"}]},{\"@type\":\"WebSite\",\"@id\":\"https:\/\/exceladvisor.org\/tr\/#website\",\"url\":\"https:\/\/exceladvisor.org\/tr\/\",\"name\":\"Excel Advisor\",\"description\":\"Veri hakimiyetine y\u00f6nelik nihai rehberiniz!\",\"publisher\":{\"@id\":\"https:\/\/exceladvisor.org\/tr\/#organization\"},\"potentialAction\":[{\"@type\":\"SearchAction\",\"target\":{\"@type\":\"EntryPoint\",\"urlTemplate\":\"https:\/\/exceladvisor.org\/tr\/?s={search_term_string}\"},\"query-input\":{\"@type\":\"PropertyValueSpecification\",\"valueRequired\":true,\"valueName\":\"search_term_string\"}}],\"inLanguage\":\"tr\"},{\"@type\":\"Organization\",\"@id\":\"https:\/\/exceladvisor.org\/tr\/#organization\",\"name\":\"Excel Advisor\",\"url\":\"https:\/\/exceladvisor.org\/tr\/\",\"logo\":{\"@type\":\"ImageObject\",\"inLanguage\":\"tr\",\"@id\":\"https:\/\/exceladvisor.org\/tr\/#\/schema\/logo\/image\/\",\"url\":\"https:\/\/exceladvisor.org\/tr\/wp-content\/uploads\/2023\/12\/exceladvisor.org_.png\",\"contentUrl\":\"https:\/\/exceladvisor.org\/tr\/wp-content\/uploads\/2023\/12\/exceladvisor.org_.png\",\"width\":105,\"height\":36,\"caption\":\"Excel Advisor\"},\"image\":{\"@id\":\"https:\/\/exceladvisor.org\/tr\/#\/schema\/logo\/image\/\"}}]}<\/script>\n<!-- \/ Yoast SEO plugin. -->","yoast_head_json":{"title":"\u25b7 VBA&#39;da (ReDim) dinamik tablo nas\u0131l olu\u015fturulur?","description":"Bu e\u011fitimde, tablonun boyutunu de\u011fi\u015ftirebilece\u011finiz dinamik bir tablonun nas\u0131l olu\u015fturulaca\u011f\u0131n\u0131 \u00f6\u011freneceksiniz.","robots":{"index":"index","follow":"follow","max-snippet":"max-snippet:-1","max-image-preview":"max-image-preview:large","max-video-preview":"max-video-preview:-1"},"canonical":"https:\/\/exceladvisor.org\/tr\/dinamik-tablo\/","og_locale":"tr_TR","og_type":"article","og_title":"\u25b7 VBA&#39;da (ReDim) dinamik tablo nas\u0131l olu\u015fturulur?","og_description":"Bu e\u011fitimde, tablonun boyutunu de\u011fi\u015ftirebilece\u011finiz dinamik bir tablonun nas\u0131l olu\u015fturulaca\u011f\u0131n\u0131 \u00f6\u011freneceksiniz.","og_url":"https:\/\/exceladvisor.org\/tr\/dinamik-tablo\/","og_site_name":"Excel Advisor","article_modified_time":"2023-12-10T06:07:36+00:00","og_image":[{"url":"https:\/\/exceladvisor.org\/wp-content\/uploads\/2023\/08\/1-tableau-dynamique-en-vba-1.png","type":"","width":"","height":""}],"twitter_card":"summary_large_image","twitter_misc":{"Tahmini okuma s\u00fcresi":"3 dakika"},"schema":{"@context":"https:\/\/schema.org","@graph":[{"@type":"WebPage","@id":"https:\/\/exceladvisor.org\/tr\/dinamik-tablo\/","url":"https:\/\/exceladvisor.org\/tr\/dinamik-tablo\/","name":"\u25b7 VBA&#39;da (ReDim) dinamik tablo nas\u0131l olu\u015fturulur?","isPartOf":{"@id":"https:\/\/exceladvisor.org\/tr\/#website"},"primaryImageOfPage":{"@id":"https:\/\/exceladvisor.org\/tr\/dinamik-tablo\/#primaryimage"},"image":{"@id":"https:\/\/exceladvisor.org\/tr\/dinamik-tablo\/#primaryimage"},"thumbnailUrl":"https:\/\/exceladvisor.org\/wp-content\/uploads\/2023\/08\/1-tableau-dynamique-en-vba-1.png","datePublished":"2023-11-17T21:36:05+00:00","dateModified":"2023-12-10T06:07:36+00:00","description":"Bu e\u011fitimde, tablonun boyutunu de\u011fi\u015ftirebilece\u011finiz dinamik bir tablonun nas\u0131l olu\u015fturulaca\u011f\u0131n\u0131 \u00f6\u011freneceksiniz.","breadcrumb":{"@id":"https:\/\/exceladvisor.org\/tr\/dinamik-tablo\/#breadcrumb"},"inLanguage":"tr","potentialAction":[{"@type":"ReadAction","target":["https:\/\/exceladvisor.org\/tr\/dinamik-tablo\/"]}]},{"@type":"ImageObject","inLanguage":"tr","@id":"https:\/\/exceladvisor.org\/tr\/dinamik-tablo\/#primaryimage","url":"https:\/\/exceladvisor.org\/wp-content\/uploads\/2023\/08\/1-tableau-dynamique-en-vba-1.png","contentUrl":"https:\/\/exceladvisor.org\/wp-content\/uploads\/2023\/08\/1-tableau-dynamique-en-vba-1.png"},{"@type":"BreadcrumbList","@id":"https:\/\/exceladvisor.org\/tr\/dinamik-tablo\/#breadcrumb","itemListElement":[{"@type":"ListItem","position":1,"name":"Ev","item":"https:\/\/exceladvisor.org\/tr\/"},{"@type":"ListItem","position":2,"name":"Vba&#39;da dinamik tablo nas\u0131l olu\u015fturulur?"}]},{"@type":"WebSite","@id":"https:\/\/exceladvisor.org\/tr\/#website","url":"https:\/\/exceladvisor.org\/tr\/","name":"Excel Advisor","description":"Veri hakimiyetine y\u00f6nelik nihai rehberiniz!","publisher":{"@id":"https:\/\/exceladvisor.org\/tr\/#organization"},"potentialAction":[{"@type":"SearchAction","target":{"@type":"EntryPoint","urlTemplate":"https:\/\/exceladvisor.org\/tr\/?s={search_term_string}"},"query-input":{"@type":"PropertyValueSpecification","valueRequired":true,"valueName":"search_term_string"}}],"inLanguage":"tr"},{"@type":"Organization","@id":"https:\/\/exceladvisor.org\/tr\/#organization","name":"Excel Advisor","url":"https:\/\/exceladvisor.org\/tr\/","logo":{"@type":"ImageObject","inLanguage":"tr","@id":"https:\/\/exceladvisor.org\/tr\/#\/schema\/logo\/image\/","url":"https:\/\/exceladvisor.org\/tr\/wp-content\/uploads\/2023\/12\/exceladvisor.org_.png","contentUrl":"https:\/\/exceladvisor.org\/tr\/wp-content\/uploads\/2023\/12\/exceladvisor.org_.png","width":105,"height":36,"caption":"Excel Advisor"},"image":{"@id":"https:\/\/exceladvisor.org\/tr\/#\/schema\/logo\/image\/"}}]}},"yoast_meta":{"yoast_wpseo_title":"","yoast_wpseo_metadesc":"","yoast_wpseo_canonical":""},"_links":{"self":[{"href":"https:\/\/exceladvisor.org\/tr\/wp-json\/wp\/v2\/pages\/1524","targetHints":{"allow":["GET"]}}],"collection":[{"href":"https:\/\/exceladvisor.org\/tr\/wp-json\/wp\/v2\/pages"}],"about":[{"href":"https:\/\/exceladvisor.org\/tr\/wp-json\/wp\/v2\/types\/page"}],"author":[{"embeddable":true,"href":"https:\/\/exceladvisor.org\/tr\/wp-json\/wp\/v2\/users\/1"}],"replies":[{"embeddable":true,"href":"https:\/\/exceladvisor.org\/tr\/wp-json\/wp\/v2\/comments?post=1524"}],"version-history":[{"count":1,"href":"https:\/\/exceladvisor.org\/tr\/wp-json\/wp\/v2\/pages\/1524\/revisions"}],"predecessor-version":[{"id":2940,"href":"https:\/\/exceladvisor.org\/tr\/wp-json\/wp\/v2\/pages\/1524\/revisions\/2940"}],"wp:attachment":[{"href":"https:\/\/exceladvisor.org\/tr\/wp-json\/wp\/v2\/media?parent=1524"}],"curies":[{"name":"wp","href":"https:\/\/api.w.org\/{rel}","templated":true}]}}