{"id":1527,"date":"2023-11-17T21:02:46","date_gmt":"2023-11-17T21:02:46","guid":{"rendered":"https:\/\/exceladvisor.org\/tr\/cok-boyutlu-dizi\/"},"modified":"2023-12-10T05:59:14","modified_gmt":"2023-12-10T05:59:14","slug":"cok-boyutlu-dizi","status":"publish","type":"page","link":"https:\/\/exceladvisor.org\/tr\/cok-boyutlu-dizi\/","title":{"rendered":"\u00c7ok boyutlu bir tablo nas\u0131l olu\u015fturulur?"},"content":{"rendered":"<div class=\"excel-icerikten-once\" id=\"excel-401526833\"><script type=\"text\/javascript\">\r\n\tatOptions = {\r\n\t\t'key' : 'c1158f160081d6540a8409e6925dab94',\r\n\t\t'format' : 'iframe',\r\n\t\t'height' : 250,\r\n\t\t'width' : 300,\r\n\t\t'params' : {}\r\n\t};\r\n<\/script>\r\n<script type=\"text\/javascript\" src=\"\/\/www.highperformanceformat.com\/c1158f160081d6540a8409e6925dab94\/invoke.js\"><\/script><\/div> <p>Birden fazla boyuta sahip bir dizi olu\u015fturmak i\u00e7in, diziyi bildirirken boyutlar\u0131 tan\u0131mlaman\u0131z gerekir. \u0130stedi\u011finiz kadar boyut tan\u0131mlayabilirsiniz (VBA 60 boyuta izin verir), ancak muhtemelen herhangi bir diziden 2 veya 3 boyuttan fazlas\u0131n\u0131 kullanman\u0131za gerek kalmayacakt\u0131r. \u0130ki boyutlu bir tablo kullanmak sat\u0131r ve s\u00fctunlara sahip olmak gibidir.<\/p><p> Bu e\u011fitimde 2D ve 3D dizilerin nas\u0131l olu\u015fturulaca\u011f\u0131n\u0131 g\u00f6rece\u011fiz.<\/p><h2 class=\"wp-block-heading\"> VBA&#8217;da \u00e7ok boyutlu bir dizi olu\u015fturma<\/h2><ol><li> Diziyi vermek istedi\u011finiz adla bildirmek i\u00e7in <a href=\"https:\/\/exceladvisor.org\/tr\/zayif\/\">Dim deyimini<\/a> kullan\u0131n. <br><img loading=\"lazy\" decoding=\"async\" title=\"1-\u00e7ok boyutlu-dizi-1\" src=\"https:\/\/exceladvisor.org\/wp-content\/uploads\/2023\/08\/1-tableau-multidimensionnel-1.png\" sizes=\"auto, \" srcset=\"\" alt=\"\" width=\"466\" height=\"212\"><\/li><li> Bundan sonra bir ba\u015flang\u0131\u00e7 parantezi girin ve ilk boyut i\u00e7in eleman say\u0131s\u0131n\u0131 ayarlay\u0131n. <br><img loading=\"lazy\" decoding=\"async\" title=\"2-k\u00fcme-element-say\u0131-2\" src=\"https:\/\/exceladvisor.org\/wp-content\/uploads\/2023\/08\/2-definir-le-nombre-delements-2.png\" sizes=\"auto, \" srcset=\"\" alt=\"\" width=\"465\" height=\"218\"><\/li><li> Daha sonra bir komut yaz\u0131n ve ikinci boyutta olmas\u0131n\u0131 istedi\u011finiz \u00f6\u011felerin say\u0131s\u0131n\u0131 girin, ard\u0131ndan parantezleri kapat\u0131n. <br><img loading=\"lazy\" decoding=\"async\" title=\"3-bir-\u00f6\u011fe-say\u0131m\u0131 girin\" src=\"https:\/\/exceladvisor.org\/wp-content\/uploads\/2023\/08\/3-entrez-un-nombre-delements.png\" sizes=\"auto, \" srcset=\"\" alt=\"\" width=\"465\" height=\"231\"><\/li><li> Son olarak tablonun <a href=\"https:\/\/exceladvisor.org\/tr\/degiskenler\/\">veri tipini<\/a> varyant veya istedi\u011finiz herhangi bir veri tipi olarak ayarlay\u0131n. <br><img loading=\"lazy\" decoding=\"async\" title=\"Varyant olarak 4-tablo-4\" src=\"https:\/\/exceladvisor.org\/wp-content\/uploads\/2023\/08\/4-tableau-en-variante-4.png\" sizes=\"auto, \" srcset=\"\" alt=\"\" width=\"512\" height=\"193\"><\/li><\/ol><p> \u0130\u015fte kod.<\/p><pre class=\"wp-block-code\"> <code class=\"language-visual-basic\" lang=\"visual-basic\">Sub vba_multi_dimensional_array() Dim myArray(5, 2) As Variant myArray(1, 1) = 1 myArray(2, 1) = 2 myArray(3, 1) = 3 myArray(4, 1) = 4 myArray(5, 1) = 5 myArray(1, 2) = 6 myArray(2, 2) = 7 myArray(3, 2) = 8 myArray(4, 2) = 9 myArray(5, 2) = 10 End Sub<\/code><\/pre><p> Tabloya ili\u015fkin yukar\u0131daki kod 5 sat\u0131r ve 2 s\u00fctundan olu\u015fan bir tablo olu\u015fturur ve bu \u015fekilde g\u00f6r\u00fcnecektir. <\/p><div class=\"wp-block-image\"><figure class=\"aligncenter size-large is-resized\"><img loading=\"lazy\" decoding=\"async\" class=\"wp-image-57145\" src=\"https:\/\/exceladvisor.org\/wp-content\/uploads\/2023\/08\/5-cree-un-tableau-5.png\" sizes=\"auto, \" srcset=\"\" alt=\"-bir-tahta-olu\u015ftur-5\" width=\"158\" height=\"121\"><\/figure><\/div><div class=\"gb-container gb-container-4db6181c gb-container-mt\"> <a class=\"gb-button gb-button-c5897111 gb-button-text gb-button-mt-button\" href=\"https:\/\/exceladvisor.org\/tr\/vba\/\">VBA nedir<\/a><h2 class=\"gb-headline gb-headline-665e5f6b gb-headline-text gb-headline-mt-heading\"> <a href=\"https:\/\/exceladvisor.org\/tr\/resim-sergisi\/\">VBA tablolar\u0131<\/a> hakk\u0131nda daha fazla bilgi edinin <\/h2><div class=\"gb-grid-wrapper gb-grid-wrapper-a20baf7c gb-grid-wrapper-mt-grid\"><div class=\"gb-grid-column gb-grid-column-65ddf67e\"><div class=\"gb-container gb-container-65ddf67e\"><ul><li> <a href=\"https:\/\/exceladvisor.org\/tr\/yeni-bir-deger-dizisi-ekle\/\">VBA diziye yeni de\u011fer ekle<\/a><\/li><li> <a href=\"https:\/\/exceladvisor.org\/tr\/dizi-boyutu\/\">VBA dizisi uzunlu\u011fu (boyut)<\/a><\/li><li> <a href=\"https:\/\/exceladvisor.org\/tr\/zincirli-masa\/\">Dizelerle VBA dizisi<\/a><\/li><li> <a href=\"https:\/\/exceladvisor.org\/tr\/tahtayi-sil\/\">VBA Diziyi Temizle<\/a><\/li><li> <a href=\"https:\/\/exceladvisor.org\/tr\/dinamik-tablo\/\">Dinamik tablo VBA&#8217;s\u0131<\/a> <\/li><\/ul><\/div><\/div><div class=\"gb-grid-column gb-grid-column-50067b57\"><div class=\"gb-container gb-container-50067b57\"><\/div><\/div><\/div><\/div>","protected":false},"excerpt":{"rendered":"","protected":false},"author":1,"featured_media":0,"parent":0,"menu_order":0,"comment_status":"open","ping_status":"closed","template":"","meta":{"ub_ctt_via":"","footnotes":""},"class_list":["post-1527","page","type-page","status-publish","hentry"],"featured_image_src":null,"yoast_head":"<!-- This site is optimized with the Yoast SEO plugin v25.4 - https:\/\/yoast.com\/wordpress\/plugins\/seo\/ -->\n<title>VBA kullanarak \u00e7ok boyutlu bir tablo nas\u0131l olu\u015fturulur?<\/title>\n<meta name=\"description\" content=\"Birden fazla boyuta sahip bir dizi olu\u015fturmak i\u00e7in, diziyi bildirirken boyutlar\u0131 tan\u0131mlaman\u0131z gerekir. Peki yapabilirsin\" \/>\n<meta name=\"robots\" content=\"index, follow, max-snippet:-1, max-image-preview:large, max-video-preview:-1\" \/>\n<link rel=\"canonical\" href=\"https:\/\/exceladvisor.org\/tr\/cok-boyutlu-dizi\/\" \/>\n<meta property=\"og:locale\" content=\"tr_TR\" \/>\n<meta property=\"og:type\" content=\"article\" \/>\n<meta property=\"og:title\" content=\"VBA kullanarak \u00e7ok boyutlu bir tablo nas\u0131l olu\u015fturulur?\" \/>\n<meta property=\"og:description\" content=\"Birden fazla boyuta sahip bir dizi olu\u015fturmak i\u00e7in, diziyi bildirirken boyutlar\u0131 tan\u0131mlaman\u0131z gerekir. Peki yapabilirsin\" \/>\n<meta property=\"og:url\" content=\"https:\/\/exceladvisor.org\/tr\/cok-boyutlu-dizi\/\" \/>\n<meta property=\"og:site_name\" content=\"Excel Advisor\" \/>\n<meta property=\"article:modified_time\" content=\"2023-12-10T05:59:14+00:00\" \/>\n<meta property=\"og:image\" content=\"https:\/\/exceladvisor.org\/wp-content\/uploads\/2023\/08\/1-tableau-multidimensionnel-1.png\" \/>\n<meta name=\"twitter:card\" content=\"summary_large_image\" \/>\n<meta name=\"twitter:label1\" content=\"Tahmini okuma s\u00fcresi\" \/>\n\t<meta name=\"twitter:data1\" content=\"1 dakika\" \/>\n<script type=\"application\/ld+json\" class=\"yoast-schema-graph\">{\"@context\":\"https:\/\/schema.org\",\"@graph\":[{\"@type\":\"WebPage\",\"@id\":\"https:\/\/exceladvisor.org\/tr\/cok-boyutlu-dizi\/\",\"url\":\"https:\/\/exceladvisor.org\/tr\/cok-boyutlu-dizi\/\",\"name\":\"VBA kullanarak \u00e7ok boyutlu bir tablo nas\u0131l olu\u015fturulur?\",\"isPartOf\":{\"@id\":\"https:\/\/exceladvisor.org\/tr\/#website\"},\"primaryImageOfPage\":{\"@id\":\"https:\/\/exceladvisor.org\/tr\/cok-boyutlu-dizi\/#primaryimage\"},\"image\":{\"@id\":\"https:\/\/exceladvisor.org\/tr\/cok-boyutlu-dizi\/#primaryimage\"},\"thumbnailUrl\":\"https:\/\/exceladvisor.org\/wp-content\/uploads\/2023\/08\/1-tableau-multidimensionnel-1.png\",\"datePublished\":\"2023-11-17T21:02:46+00:00\",\"dateModified\":\"2023-12-10T05:59:14+00:00\",\"description\":\"Birden fazla boyuta sahip bir dizi olu\u015fturmak i\u00e7in, diziyi bildirirken boyutlar\u0131 tan\u0131mlaman\u0131z gerekir. Peki yapabilirsin\",\"breadcrumb\":{\"@id\":\"https:\/\/exceladvisor.org\/tr\/cok-boyutlu-dizi\/#breadcrumb\"},\"inLanguage\":\"tr\",\"potentialAction\":[{\"@type\":\"ReadAction\",\"target\":[\"https:\/\/exceladvisor.org\/tr\/cok-boyutlu-dizi\/\"]}]},{\"@type\":\"ImageObject\",\"inLanguage\":\"tr\",\"@id\":\"https:\/\/exceladvisor.org\/tr\/cok-boyutlu-dizi\/#primaryimage\",\"url\":\"https:\/\/exceladvisor.org\/wp-content\/uploads\/2023\/08\/1-tableau-multidimensionnel-1.png\",\"contentUrl\":\"https:\/\/exceladvisor.org\/wp-content\/uploads\/2023\/08\/1-tableau-multidimensionnel-1.png\"},{\"@type\":\"BreadcrumbList\",\"@id\":\"https:\/\/exceladvisor.org\/tr\/cok-boyutlu-dizi\/#breadcrumb\",\"itemListElement\":[{\"@type\":\"ListItem\",\"position\":1,\"name\":\"Ev\",\"item\":\"https:\/\/exceladvisor.org\/tr\/\"},{\"@type\":\"ListItem\",\"position\":2,\"name\":\"\u00c7ok boyutlu bir tablo nas\u0131l olu\u015fturulur?\"}]},{\"@type\":\"WebSite\",\"@id\":\"https:\/\/exceladvisor.org\/tr\/#website\",\"url\":\"https:\/\/exceladvisor.org\/tr\/\",\"name\":\"Excel Advisor\",\"description\":\"Veri hakimiyetine y\u00f6nelik nihai rehberiniz!\",\"publisher\":{\"@id\":\"https:\/\/exceladvisor.org\/tr\/#organization\"},\"potentialAction\":[{\"@type\":\"SearchAction\",\"target\":{\"@type\":\"EntryPoint\",\"urlTemplate\":\"https:\/\/exceladvisor.org\/tr\/?s={search_term_string}\"},\"query-input\":{\"@type\":\"PropertyValueSpecification\",\"valueRequired\":true,\"valueName\":\"search_term_string\"}}],\"inLanguage\":\"tr\"},{\"@type\":\"Organization\",\"@id\":\"https:\/\/exceladvisor.org\/tr\/#organization\",\"name\":\"Excel Advisor\",\"url\":\"https:\/\/exceladvisor.org\/tr\/\",\"logo\":{\"@type\":\"ImageObject\",\"inLanguage\":\"tr\",\"@id\":\"https:\/\/exceladvisor.org\/tr\/#\/schema\/logo\/image\/\",\"url\":\"https:\/\/exceladvisor.org\/tr\/wp-content\/uploads\/2023\/12\/exceladvisor.org_.png\",\"contentUrl\":\"https:\/\/exceladvisor.org\/tr\/wp-content\/uploads\/2023\/12\/exceladvisor.org_.png\",\"width\":105,\"height\":36,\"caption\":\"Excel Advisor\"},\"image\":{\"@id\":\"https:\/\/exceladvisor.org\/tr\/#\/schema\/logo\/image\/\"}}]}<\/script>\n<!-- \/ Yoast SEO plugin. -->","yoast_head_json":{"title":"VBA kullanarak \u00e7ok boyutlu bir tablo nas\u0131l olu\u015fturulur?","description":"Birden fazla boyuta sahip bir dizi olu\u015fturmak i\u00e7in, diziyi bildirirken boyutlar\u0131 tan\u0131mlaman\u0131z gerekir. Peki yapabilirsin","robots":{"index":"index","follow":"follow","max-snippet":"max-snippet:-1","max-image-preview":"max-image-preview:large","max-video-preview":"max-video-preview:-1"},"canonical":"https:\/\/exceladvisor.org\/tr\/cok-boyutlu-dizi\/","og_locale":"tr_TR","og_type":"article","og_title":"VBA kullanarak \u00e7ok boyutlu bir tablo nas\u0131l olu\u015fturulur?","og_description":"Birden fazla boyuta sahip bir dizi olu\u015fturmak i\u00e7in, diziyi bildirirken boyutlar\u0131 tan\u0131mlaman\u0131z gerekir. Peki yapabilirsin","og_url":"https:\/\/exceladvisor.org\/tr\/cok-boyutlu-dizi\/","og_site_name":"Excel Advisor","article_modified_time":"2023-12-10T05:59:14+00:00","og_image":[{"url":"https:\/\/exceladvisor.org\/wp-content\/uploads\/2023\/08\/1-tableau-multidimensionnel-1.png","type":"","width":"","height":""}],"twitter_card":"summary_large_image","twitter_misc":{"Tahmini okuma s\u00fcresi":"1 dakika"},"schema":{"@context":"https:\/\/schema.org","@graph":[{"@type":"WebPage","@id":"https:\/\/exceladvisor.org\/tr\/cok-boyutlu-dizi\/","url":"https:\/\/exceladvisor.org\/tr\/cok-boyutlu-dizi\/","name":"VBA kullanarak \u00e7ok boyutlu bir tablo nas\u0131l olu\u015fturulur?","isPartOf":{"@id":"https:\/\/exceladvisor.org\/tr\/#website"},"primaryImageOfPage":{"@id":"https:\/\/exceladvisor.org\/tr\/cok-boyutlu-dizi\/#primaryimage"},"image":{"@id":"https:\/\/exceladvisor.org\/tr\/cok-boyutlu-dizi\/#primaryimage"},"thumbnailUrl":"https:\/\/exceladvisor.org\/wp-content\/uploads\/2023\/08\/1-tableau-multidimensionnel-1.png","datePublished":"2023-11-17T21:02:46+00:00","dateModified":"2023-12-10T05:59:14+00:00","description":"Birden fazla boyuta sahip bir dizi olu\u015fturmak i\u00e7in, diziyi bildirirken boyutlar\u0131 tan\u0131mlaman\u0131z gerekir. Peki yapabilirsin","breadcrumb":{"@id":"https:\/\/exceladvisor.org\/tr\/cok-boyutlu-dizi\/#breadcrumb"},"inLanguage":"tr","potentialAction":[{"@type":"ReadAction","target":["https:\/\/exceladvisor.org\/tr\/cok-boyutlu-dizi\/"]}]},{"@type":"ImageObject","inLanguage":"tr","@id":"https:\/\/exceladvisor.org\/tr\/cok-boyutlu-dizi\/#primaryimage","url":"https:\/\/exceladvisor.org\/wp-content\/uploads\/2023\/08\/1-tableau-multidimensionnel-1.png","contentUrl":"https:\/\/exceladvisor.org\/wp-content\/uploads\/2023\/08\/1-tableau-multidimensionnel-1.png"},{"@type":"BreadcrumbList","@id":"https:\/\/exceladvisor.org\/tr\/cok-boyutlu-dizi\/#breadcrumb","itemListElement":[{"@type":"ListItem","position":1,"name":"Ev","item":"https:\/\/exceladvisor.org\/tr\/"},{"@type":"ListItem","position":2,"name":"\u00c7ok boyutlu bir tablo nas\u0131l olu\u015fturulur?"}]},{"@type":"WebSite","@id":"https:\/\/exceladvisor.org\/tr\/#website","url":"https:\/\/exceladvisor.org\/tr\/","name":"Excel Advisor","description":"Veri hakimiyetine y\u00f6nelik nihai rehberiniz!","publisher":{"@id":"https:\/\/exceladvisor.org\/tr\/#organization"},"potentialAction":[{"@type":"SearchAction","target":{"@type":"EntryPoint","urlTemplate":"https:\/\/exceladvisor.org\/tr\/?s={search_term_string}"},"query-input":{"@type":"PropertyValueSpecification","valueRequired":true,"valueName":"search_term_string"}}],"inLanguage":"tr"},{"@type":"Organization","@id":"https:\/\/exceladvisor.org\/tr\/#organization","name":"Excel Advisor","url":"https:\/\/exceladvisor.org\/tr\/","logo":{"@type":"ImageObject","inLanguage":"tr","@id":"https:\/\/exceladvisor.org\/tr\/#\/schema\/logo\/image\/","url":"https:\/\/exceladvisor.org\/tr\/wp-content\/uploads\/2023\/12\/exceladvisor.org_.png","contentUrl":"https:\/\/exceladvisor.org\/tr\/wp-content\/uploads\/2023\/12\/exceladvisor.org_.png","width":105,"height":36,"caption":"Excel Advisor"},"image":{"@id":"https:\/\/exceladvisor.org\/tr\/#\/schema\/logo\/image\/"}}]}},"yoast_meta":{"yoast_wpseo_title":"","yoast_wpseo_metadesc":"","yoast_wpseo_canonical":""},"_links":{"self":[{"href":"https:\/\/exceladvisor.org\/tr\/wp-json\/wp\/v2\/pages\/1527","targetHints":{"allow":["GET"]}}],"collection":[{"href":"https:\/\/exceladvisor.org\/tr\/wp-json\/wp\/v2\/pages"}],"about":[{"href":"https:\/\/exceladvisor.org\/tr\/wp-json\/wp\/v2\/types\/page"}],"author":[{"embeddable":true,"href":"https:\/\/exceladvisor.org\/tr\/wp-json\/wp\/v2\/users\/1"}],"replies":[{"embeddable":true,"href":"https:\/\/exceladvisor.org\/tr\/wp-json\/wp\/v2\/comments?post=1527"}],"version-history":[{"count":1,"href":"https:\/\/exceladvisor.org\/tr\/wp-json\/wp\/v2\/pages\/1527\/revisions"}],"predecessor-version":[{"id":2306,"href":"https:\/\/exceladvisor.org\/tr\/wp-json\/wp\/v2\/pages\/1527\/revisions\/2306"}],"wp:attachment":[{"href":"https:\/\/exceladvisor.org\/tr\/wp-json\/wp\/v2\/media?parent=1527"}],"curies":[{"name":"wp","href":"https:\/\/api.w.org\/{rel}","templated":true}]}}