{"id":1528,"date":"2023-11-17T19:39:47","date_gmt":"2023-11-17T19:39:47","guid":{"rendered":"https:\/\/exceladvisor.org\/tr\/cap\/"},"modified":"2023-12-10T06:01:01","modified_gmt":"2023-12-10T06:01:01","slug":"cap","status":"publish","type":"page","link":"https:\/\/exceladvisor.org\/tr\/cap\/","title":{"rendered":"Excel&#39;de \u00e7ap sembol\u00fc nas\u0131l eklenir?"},"content":{"rendered":"<div class=\"excel-icerikten-once\" id=\"excel-3756626046\"><script type=\"text\/javascript\">\r\n\tatOptions = {\r\n\t\t'key' : 'c1158f160081d6540a8409e6925dab94',\r\n\t\t'format' : 'iframe',\r\n\t\t'height' : 250,\r\n\t\t'width' : 300,\r\n\t\t'params' : {}\r\n\t};\r\n<\/script>\r\n<script type=\"text\/javascript\" src=\"\/\/www.highperformanceformat.com\/c1158f160081d6540a8409e6925dab94\/invoke.js\"><\/script><\/div> <p>\u00c7ap sembol\u00fc <strong>[\u00d8]<\/strong> ayn\u0131 zamanda &#8220;Kesikli O&#8221; veya &#8220;\u00c7izgili O&#8221; olarak da bilinir \u00e7\u00fcnk\u00fc \u00fczerinde e\u011fik \u00e7izgi bulunur.<\/p><p> Klavyede do\u011frudan eklemek i\u00e7in bu sembol tu\u015fu yoktur, ancak Excel&#8217;de bu sembol\u00fc h\u00fccreye eklemenin bir\u00e7ok yolu vard\u0131r.<\/p><p> Ve bu derste ayn\u0131s\u0131n\u0131 h\u00fccrelere eklemenin yollar\u0131n\u0131 g\u00f6sterece\u011fiz.<\/p><h2 id=\"h-insert-diameter-symbol-from-symbol-dialog-box\" class=\"wp-block-heading\"> Sembol ileti\u015fim kutusundan \u00e7ap sembol\u00fcn\u00fc ekleme<\/h2><ol><li> \u00d6ncelikle \u201c\u00c7ap\u201d sembol\u00fcn\u00fc eklemek istedi\u011finiz h\u00fccreyi se\u00e7in, ard\u0131ndan \u201cEkle\u201d sekmesine gidin.<\/li><li> Bundan sonra, semboller ileti\u015fim kutusunu a\u00e7mak i\u00e7in \u015feritteki \u201cSemboller\u201d grubunun alt\u0131ndaki \u201cSembol\u201d simgesine t\u0131klay\u0131n. <br><img loading=\"lazy\" decoding=\"async\" title=\"1-insert-\u00e7ap-sembol\u00fc\" src=\"https:\/\/exceladvisor.org\/wp-content\/uploads\/2023\/08\/1-symbole-de-diametre-de-plaquette.png\" sizes=\"auto, \" srcset=\"\" alt=\"insert-diameter-symbol\" width=\"712\" height=\"207\"><\/li><li> Semboller ileti\u015fim kutusunda, &#8220;Yaz\u0131 Tipi&#8221; alan\u0131n\u0131 &#8220;Calibri&#8221; olarak se\u00e7in ve ard\u0131ndan &#8220;kimden&#8221; alan\u0131nda &#8220;ASCII (ondal\u0131k)&#8221; se\u00e7ene\u011fini se\u00e7in.<\/li><li> \u015eimdi sa\u011f kayd\u0131rma \u00e7ubu\u011fundan a\u015fa\u011f\u0131 do\u011fru kayd\u0131r\u0131n ve \u201c\u00c7ap\u201d sembol\u00fcn\u00fc se\u00e7in, ard\u0131ndan eklemek i\u00e7in \u201cEkle\u201d d\u00fc\u011fmesine t\u0131klay\u0131n. <br><img loading=\"lazy\" decoding=\"async\" title=\"2 semboll\u00fc ileti\u015fim kutusu\" src=\"https:\/\/exceladvisor.org\/wp-content\/uploads\/2023\/08\/Boite-de-dialogue-a-2-symboles.png\" sizes=\"auto, \" srcset=\"\" alt=\"symbol-dilaog-box\" width=\"440\" height=\"340\"><\/li><li> Ekledikten sonra ileti\u015fim kutusunu kapatmak i\u00e7in \u201cKapat\u201d d\u00fc\u011fmesine t\u0131klay\u0131n. <br><img loading=\"lazy\" decoding=\"async\" title=\"3 kapan\u0131\u015f sembol\u00fc i\u00e7eren ileti\u015fim kutusu\" src=\"https:\/\/exceladvisor.org\/wp-content\/uploads\/2023\/08\/3-fermer-la-boite-de-dialogue-du-symbole-1.png\" sizes=\"auto, \" srcset=\"\" alt=\"close-symbol-dialog-box\" width=\"443\" height=\"337\"><\/li><\/ol><p class=\"qt-tip\"> <strong>Not:<\/strong> \u201c\u00c7ap\u201d sembol\u00fcn\u00fc bir h\u00fccreye birden \u00e7ok kez eklemek istiyorsan\u0131z \u201cEkle\u201d d\u00fc\u011fmesine birden \u00e7ok kez t\u0131klaman\u0131z gerekir. <\/p><div class=\"wp-block-image\"><figure class=\"aligncenter size-full is-resized\"><img loading=\"lazy\" decoding=\"async\" class=\"wp-image-84764\" src=\"https:\/\/exceladvisor.org\/wp-content\/uploads\/2023\/08\/4-symboles-de-diametres-multiples-dans-une-cellule.png\" sizes=\"auto, \" srcset=\"\" alt=\"tek h\u00fccrede birden fazla \u00e7apl\u0131 semboller\" width=\"291\" height=\"100\"><\/figure><\/div><h2 id=\"h-insert-diameter-symbol-using-autocorrect-in-excel\" class=\"wp-block-heading\"> Excel&#8217;de Otomatik D\u00fczeltmeyi Kullanarak \u00c7ap Sembol\u00fc Ekleme<\/h2><p> \u201c\u00c7ap\u201d sembol\u00fcn\u00fc s\u0131k s\u0131k kullan\u0131yorsan\u0131z bu \u201c <a href=\"https:\/\/exceladvisor.org\/tr\/otomatik-duzeltme\/\">Otomatik D\u00fczelt<\/a> \u201d y\u00f6ntemi son derece h\u0131zl\u0131 olabilir.<\/p><ol><li> \u00d6ncelikle \u015feritteki \u201cDosya\u201d sekmesine gidin, ard\u0131ndan \u201cSe\u00e7enekler\u201de t\u0131klay\u0131n, \u201cExcel Se\u00e7enekleri\u201d ileti\u015fim kutusu a\u00e7\u0131lacakt\u0131r.<\/li><li> Bundan sonra, sol paneldeki \u201cYaz\u0131m Denetimi\u201dne ve ard\u0131ndan \u201cOtomatik D\u00fczeltme Se\u00e7enekleri\u201dne t\u0131klay\u0131n. <br><img loading=\"lazy\" decoding=\"async\" title=\"5-otomatik d\u00fczeltme se\u00e7ene\u011fi\" src=\"https:\/\/exceladvisor.org\/wp-content\/uploads\/2023\/08\/5-options-de-correction-automatique.png\" sizes=\"auto, \" srcset=\"\" alt=\"autocorrect-option\" width=\"542\" height=\"411\"><\/li><li> \u015eimdi herhangi bir kelimeyi &#8220;\u00c7ap&#8221; sembol\u00fcyle de\u011fi\u015ftirmek i\u00e7in, &#8220;De\u011fi\u015ftir&#8221; giri\u015f \u00e7ubu\u011fundaki &#8220;Alt +227&#8221; tu\u015flar\u0131n\u0131 kullanarak &#8220;De\u011fi\u015ftir&#8221; giri\u015f \u00e7ubu\u011funa ve &#8220;\u00c7ap&#8221; sembol\u00fcne o kelimeyi girin.<\/li><li> Bitirdikten sonra kaydetmek i\u00e7in Tamam&#8217;\u0131 t\u0131klay\u0131n. <br><img loading=\"lazy\" decoding=\"async\" title=\"6-otomatik d\u00fczeltme ileti\u015fim kutusu\" src=\"https:\/\/exceladvisor.org\/wp-content\/uploads\/2023\/08\/6-boite-de-dialogue-de-correction-automatique.png\" sizes=\"auto, \" srcset=\"\" alt=\"autocorrect-dialog-box\" width=\"349\" height=\"436\"><\/li><\/ol><p> \u201cDia\u201d kelimesini \u201c\u00c7ap\u201d sembol\u00fc ile de\u011fi\u015ftirdi\u011fimiz i\u00e7in art\u0131k h\u00fccreye \u201cDia\u201d kelimesini girdi\u011finizde \u201c\u00c7ap\u201d sembol\u00fcne d\u00f6n\u00fc\u015fecektir.<\/p><h2 id=\"h-insert-diameter-symbol-using-char-function\" class=\"wp-block-heading\"> CHAR i\u015flevini kullanarak \u00e7ap sembol\u00fcn\u00fc ekleyin<\/h2><p> Eklemek istedi\u011finiz h\u00fccreye gidip \u201cCHAR\u201d form\u00fcl\u00fcn\u00fc \u201c0216\u201d veya \u201c216\u201d koduyla yazman\u0131z gerekiyor. <\/p><div class=\"wp-block-image\"><figure class=\"aligncenter size-full is-resized\"><img loading=\"lazy\" decoding=\"async\" class=\"wp-image-84767\" src=\"https:\/\/exceladvisor.org\/wp-content\/uploads\/2023\/08\/7-caracteres-pour-inserer-le-symbole-de-diametre.png\" sizes=\"auto, \" srcset=\"\" alt=\"karakter-eklenecek-\u00e7ap-sembol\u00fc\" width=\"391\" height=\"143\"><\/figure><\/div><h2 id=\"h-insert-diameter-symbol-using-alt-key\" class=\"wp-block-heading\"> Alt tu\u015funu kullanarak \u00e7ap sembol\u00fcn\u00fc ekleyin<\/h2><p> Bu sembol\u00fcn \u201cALT\u201d tu\u015fu kullan\u0131larak girildi\u011fi a\u015fa\u011f\u0131da yaz\u0131lan y\u00f6ntem, yaln\u0131zca klavyenizde say\u0131sal tu\u015f tak\u0131m\u0131 varsa i\u015fe yarar.<\/p><ol type=\"1\"><li> \u0130lk \u00f6nce h\u00fccreye gidin.<\/li><li> Bundan sonra \u201cAlt\u201d tu\u015funu bas\u0131l\u0131 tutun ve ard\u0131ndan yaln\u0131zca say\u0131sal tu\u015f tak\u0131m\u0131ndan \u201c0216\u201d rakam\u0131na bas\u0131n.<\/li><li> \u015eimdi \u201cAlt\u201d tu\u015funu b\u0131rak\u0131n, sembol h\u00fccreye eklenecektir.<\/li><\/ol><h2 id=\"h-note\" class=\"wp-block-heading\"> Not<\/h2><ul><li> Mac kullan\u0131c\u0131lar\u0131 i\u00e7in, &#8220;\u00c7ap&#8221; sembol\u00fcn\u00fc \u00e7al\u0131\u015fma sayfas\u0131na eklemek i\u00e7in &#8220;Option + Shift + 0&#8221; k\u0131sayol tu\u015flar\u0131na basman\u0131z yeterlidir.<\/li><li> Sembol\u00fc birden fazla h\u00fccreye eklemek veya kopyalamak i\u00e7in kopyala ve yap\u0131\u015ft\u0131r se\u00e7ene\u011fini kullan\u0131n veya &#8220;doldurma tutamac\u0131n\u0131&#8221; t\u0131klay\u0131p h\u00fccreyi s\u00fcr\u00fckleyip b\u0131rak\u0131n.<\/li><\/ul><div class=\"gb-container gb-container-4db6181c gb-container-mt\"> <a class=\"gb-button gb-button-c5897111 gb-button-text gb-button-mt-button\" href=\"https:\/\/exceladvisor.org\/tr\/excelin-temelleri\/\">Microsoft Excel Temelleri (Bile\u015fenler, Par\u00e7alar ve Bilgi Notlar\u0131)<\/a><h2 class=\"gb-headline gb-headline-665e5f6b gb-headline-text gb-headline-mt-heading\"> \u0130lgili e\u011fitimler <\/h2><div class=\"gb-grid-wrapper gb-grid-wrapper-a20baf7c gb-grid-wrapper-mt-grid\"><div class=\"gb-grid-column gb-grid-column-65ddf67e\"><div class=\"gb-container gb-container-65ddf67e\"><ul><li> <a href=\"https:\/\/exceladvisor.org\/tr\/sayfa-numarasi-ekle\/\">Excel&#8217;de sayfa numaras\u0131 ekleme<\/a><\/li><li> <a href=\"https:\/\/exceladvisor.org\/tr\/virgul-stilini-uygula\/\">Excel&#8217;de virg\u00fcl stilini uygulama<\/a><\/li><li> <a href=\"https:\/\/exceladvisor.org\/tr\/kamis\/\">Excel&#8217;de \u00fcst\u00fc \u00e7izili uygulama<\/a><\/li><li> <a href=\"https:\/\/exceladvisor.org\/tr\/bos-hucreleri-vurgula\/\">Excel&#8217;de bo\u015f h\u00fccreleri vurgulay\u0131n<\/a><\/li><li> <a href=\"https:\/\/exceladvisor.org\/tr\/kirmizi-negatif-sayilar\/\">Excel&#8217;de negatif say\u0131lar\u0131 k\u0131rm\u0131z\u0131 yapma<\/a> <\/li><\/ul><\/div><\/div><div class=\"gb-grid-column gb-grid-column-50067b57\"><div class=\"gb-container gb-container-50067b57\"><\/div><\/div><\/div><\/div>","protected":false},"excerpt":{"rendered":"","protected":false},"author":1,"featured_media":0,"parent":0,"menu_order":0,"comment_status":"open","ping_status":"closed","template":"","meta":{"ub_ctt_via":"","footnotes":""},"class_list":["post-1528","page","type-page","status-publish","hentry"],"featured_image_src":null,"yoast_head":"<!-- This site is optimized with the Yoast SEO plugin v25.4 - https:\/\/yoast.com\/wordpress\/plugins\/seo\/ -->\n<title>\u25b7 Excel&#039;de \u00e7ap sembol\u00fc nas\u0131l eklenir?<\/title>\n<meta name=\"description\" content=\"Klavyede do\u011frudan eklemek i\u00e7in bu sembol tu\u015fu yoktur ancak Excel&#039;de bu sembol\u00fc eklemenin bir\u00e7ok yolu vard\u0131r\" \/>\n<meta name=\"robots\" content=\"index, follow, max-snippet:-1, max-image-preview:large, max-video-preview:-1\" \/>\n<link rel=\"canonical\" href=\"https:\/\/exceladvisor.org\/tr\/cap\/\" \/>\n<meta property=\"og:locale\" content=\"tr_TR\" \/>\n<meta property=\"og:type\" content=\"article\" \/>\n<meta property=\"og:title\" content=\"\u25b7 Excel&#039;de \u00e7ap sembol\u00fc nas\u0131l eklenir?\" \/>\n<meta property=\"og:description\" content=\"Klavyede do\u011frudan eklemek i\u00e7in bu sembol tu\u015fu yoktur ancak Excel&#039;de bu sembol\u00fc eklemenin bir\u00e7ok yolu vard\u0131r\" \/>\n<meta property=\"og:url\" content=\"https:\/\/exceladvisor.org\/tr\/cap\/\" \/>\n<meta property=\"og:site_name\" content=\"Excel Advisor\" \/>\n<meta property=\"article:modified_time\" content=\"2023-12-10T06:01:01+00:00\" \/>\n<meta property=\"og:image\" content=\"https:\/\/exceladvisor.org\/wp-content\/uploads\/2023\/08\/1-symbole-de-diametre-de-plaquette.png\" \/>\n<meta name=\"twitter:card\" content=\"summary_large_image\" \/>\n<meta name=\"twitter:label1\" content=\"Tahmini okuma s\u00fcresi\" \/>\n\t<meta name=\"twitter:data1\" content=\"3 dakika\" \/>\n<script type=\"application\/ld+json\" class=\"yoast-schema-graph\">{\"@context\":\"https:\/\/schema.org\",\"@graph\":[{\"@type\":\"WebPage\",\"@id\":\"https:\/\/exceladvisor.org\/tr\/cap\/\",\"url\":\"https:\/\/exceladvisor.org\/tr\/cap\/\",\"name\":\"\u25b7 Excel&#39;de \u00e7ap sembol\u00fc nas\u0131l eklenir?\",\"isPartOf\":{\"@id\":\"https:\/\/exceladvisor.org\/tr\/#website\"},\"primaryImageOfPage\":{\"@id\":\"https:\/\/exceladvisor.org\/tr\/cap\/#primaryimage\"},\"image\":{\"@id\":\"https:\/\/exceladvisor.org\/tr\/cap\/#primaryimage\"},\"thumbnailUrl\":\"https:\/\/exceladvisor.org\/wp-content\/uploads\/2023\/08\/1-symbole-de-diametre-de-plaquette.png\",\"datePublished\":\"2023-11-17T19:39:47+00:00\",\"dateModified\":\"2023-12-10T06:01:01+00:00\",\"description\":\"Klavyede do\u011frudan eklemek i\u00e7in bu sembol tu\u015fu yoktur ancak Excel&#39;de bu sembol\u00fc eklemenin bir\u00e7ok yolu vard\u0131r\",\"breadcrumb\":{\"@id\":\"https:\/\/exceladvisor.org\/tr\/cap\/#breadcrumb\"},\"inLanguage\":\"tr\",\"potentialAction\":[{\"@type\":\"ReadAction\",\"target\":[\"https:\/\/exceladvisor.org\/tr\/cap\/\"]}]},{\"@type\":\"ImageObject\",\"inLanguage\":\"tr\",\"@id\":\"https:\/\/exceladvisor.org\/tr\/cap\/#primaryimage\",\"url\":\"https:\/\/exceladvisor.org\/wp-content\/uploads\/2023\/08\/1-symbole-de-diametre-de-plaquette.png\",\"contentUrl\":\"https:\/\/exceladvisor.org\/wp-content\/uploads\/2023\/08\/1-symbole-de-diametre-de-plaquette.png\"},{\"@type\":\"BreadcrumbList\",\"@id\":\"https:\/\/exceladvisor.org\/tr\/cap\/#breadcrumb\",\"itemListElement\":[{\"@type\":\"ListItem\",\"position\":1,\"name\":\"Ev\",\"item\":\"https:\/\/exceladvisor.org\/tr\/\"},{\"@type\":\"ListItem\",\"position\":2,\"name\":\"Excel&#39;de \u00e7ap sembol\u00fc nas\u0131l eklenir?\"}]},{\"@type\":\"WebSite\",\"@id\":\"https:\/\/exceladvisor.org\/tr\/#website\",\"url\":\"https:\/\/exceladvisor.org\/tr\/\",\"name\":\"Excel Advisor\",\"description\":\"Veri hakimiyetine y\u00f6nelik nihai rehberiniz!\",\"publisher\":{\"@id\":\"https:\/\/exceladvisor.org\/tr\/#organization\"},\"potentialAction\":[{\"@type\":\"SearchAction\",\"target\":{\"@type\":\"EntryPoint\",\"urlTemplate\":\"https:\/\/exceladvisor.org\/tr\/?s={search_term_string}\"},\"query-input\":{\"@type\":\"PropertyValueSpecification\",\"valueRequired\":true,\"valueName\":\"search_term_string\"}}],\"inLanguage\":\"tr\"},{\"@type\":\"Organization\",\"@id\":\"https:\/\/exceladvisor.org\/tr\/#organization\",\"name\":\"Excel Advisor\",\"url\":\"https:\/\/exceladvisor.org\/tr\/\",\"logo\":{\"@type\":\"ImageObject\",\"inLanguage\":\"tr\",\"@id\":\"https:\/\/exceladvisor.org\/tr\/#\/schema\/logo\/image\/\",\"url\":\"https:\/\/exceladvisor.org\/tr\/wp-content\/uploads\/2023\/12\/exceladvisor.org_.png\",\"contentUrl\":\"https:\/\/exceladvisor.org\/tr\/wp-content\/uploads\/2023\/12\/exceladvisor.org_.png\",\"width\":105,\"height\":36,\"caption\":\"Excel Advisor\"},\"image\":{\"@id\":\"https:\/\/exceladvisor.org\/tr\/#\/schema\/logo\/image\/\"}}]}<\/script>\n<!-- \/ Yoast SEO plugin. -->","yoast_head_json":{"title":"\u25b7 Excel&#39;de \u00e7ap sembol\u00fc nas\u0131l eklenir?","description":"Klavyede do\u011frudan eklemek i\u00e7in bu sembol tu\u015fu yoktur ancak Excel&#39;de bu sembol\u00fc eklemenin bir\u00e7ok yolu vard\u0131r","robots":{"index":"index","follow":"follow","max-snippet":"max-snippet:-1","max-image-preview":"max-image-preview:large","max-video-preview":"max-video-preview:-1"},"canonical":"https:\/\/exceladvisor.org\/tr\/cap\/","og_locale":"tr_TR","og_type":"article","og_title":"\u25b7 Excel&#39;de \u00e7ap sembol\u00fc nas\u0131l eklenir?","og_description":"Klavyede do\u011frudan eklemek i\u00e7in bu sembol tu\u015fu yoktur ancak Excel&#39;de bu sembol\u00fc eklemenin bir\u00e7ok yolu vard\u0131r","og_url":"https:\/\/exceladvisor.org\/tr\/cap\/","og_site_name":"Excel Advisor","article_modified_time":"2023-12-10T06:01:01+00:00","og_image":[{"url":"https:\/\/exceladvisor.org\/wp-content\/uploads\/2023\/08\/1-symbole-de-diametre-de-plaquette.png","type":"","width":"","height":""}],"twitter_card":"summary_large_image","twitter_misc":{"Tahmini okuma s\u00fcresi":"3 dakika"},"schema":{"@context":"https:\/\/schema.org","@graph":[{"@type":"WebPage","@id":"https:\/\/exceladvisor.org\/tr\/cap\/","url":"https:\/\/exceladvisor.org\/tr\/cap\/","name":"\u25b7 Excel&#39;de \u00e7ap sembol\u00fc nas\u0131l eklenir?","isPartOf":{"@id":"https:\/\/exceladvisor.org\/tr\/#website"},"primaryImageOfPage":{"@id":"https:\/\/exceladvisor.org\/tr\/cap\/#primaryimage"},"image":{"@id":"https:\/\/exceladvisor.org\/tr\/cap\/#primaryimage"},"thumbnailUrl":"https:\/\/exceladvisor.org\/wp-content\/uploads\/2023\/08\/1-symbole-de-diametre-de-plaquette.png","datePublished":"2023-11-17T19:39:47+00:00","dateModified":"2023-12-10T06:01:01+00:00","description":"Klavyede do\u011frudan eklemek i\u00e7in bu sembol tu\u015fu yoktur ancak Excel&#39;de bu sembol\u00fc eklemenin bir\u00e7ok yolu vard\u0131r","breadcrumb":{"@id":"https:\/\/exceladvisor.org\/tr\/cap\/#breadcrumb"},"inLanguage":"tr","potentialAction":[{"@type":"ReadAction","target":["https:\/\/exceladvisor.org\/tr\/cap\/"]}]},{"@type":"ImageObject","inLanguage":"tr","@id":"https:\/\/exceladvisor.org\/tr\/cap\/#primaryimage","url":"https:\/\/exceladvisor.org\/wp-content\/uploads\/2023\/08\/1-symbole-de-diametre-de-plaquette.png","contentUrl":"https:\/\/exceladvisor.org\/wp-content\/uploads\/2023\/08\/1-symbole-de-diametre-de-plaquette.png"},{"@type":"BreadcrumbList","@id":"https:\/\/exceladvisor.org\/tr\/cap\/#breadcrumb","itemListElement":[{"@type":"ListItem","position":1,"name":"Ev","item":"https:\/\/exceladvisor.org\/tr\/"},{"@type":"ListItem","position":2,"name":"Excel&#39;de \u00e7ap sembol\u00fc nas\u0131l eklenir?"}]},{"@type":"WebSite","@id":"https:\/\/exceladvisor.org\/tr\/#website","url":"https:\/\/exceladvisor.org\/tr\/","name":"Excel Advisor","description":"Veri hakimiyetine y\u00f6nelik nihai rehberiniz!","publisher":{"@id":"https:\/\/exceladvisor.org\/tr\/#organization"},"potentialAction":[{"@type":"SearchAction","target":{"@type":"EntryPoint","urlTemplate":"https:\/\/exceladvisor.org\/tr\/?s={search_term_string}"},"query-input":{"@type":"PropertyValueSpecification","valueRequired":true,"valueName":"search_term_string"}}],"inLanguage":"tr"},{"@type":"Organization","@id":"https:\/\/exceladvisor.org\/tr\/#organization","name":"Excel Advisor","url":"https:\/\/exceladvisor.org\/tr\/","logo":{"@type":"ImageObject","inLanguage":"tr","@id":"https:\/\/exceladvisor.org\/tr\/#\/schema\/logo\/image\/","url":"https:\/\/exceladvisor.org\/tr\/wp-content\/uploads\/2023\/12\/exceladvisor.org_.png","contentUrl":"https:\/\/exceladvisor.org\/tr\/wp-content\/uploads\/2023\/12\/exceladvisor.org_.png","width":105,"height":36,"caption":"Excel Advisor"},"image":{"@id":"https:\/\/exceladvisor.org\/tr\/#\/schema\/logo\/image\/"}}]}},"yoast_meta":{"yoast_wpseo_title":"","yoast_wpseo_metadesc":"","yoast_wpseo_canonical":""},"_links":{"self":[{"href":"https:\/\/exceladvisor.org\/tr\/wp-json\/wp\/v2\/pages\/1528","targetHints":{"allow":["GET"]}}],"collection":[{"href":"https:\/\/exceladvisor.org\/tr\/wp-json\/wp\/v2\/pages"}],"about":[{"href":"https:\/\/exceladvisor.org\/tr\/wp-json\/wp\/v2\/types\/page"}],"author":[{"embeddable":true,"href":"https:\/\/exceladvisor.org\/tr\/wp-json\/wp\/v2\/users\/1"}],"replies":[{"embeddable":true,"href":"https:\/\/exceladvisor.org\/tr\/wp-json\/wp\/v2\/comments?post=1528"}],"version-history":[{"count":1,"href":"https:\/\/exceladvisor.org\/tr\/wp-json\/wp\/v2\/pages\/1528\/revisions"}],"predecessor-version":[{"id":2458,"href":"https:\/\/exceladvisor.org\/tr\/wp-json\/wp\/v2\/pages\/1528\/revisions\/2458"}],"wp:attachment":[{"href":"https:\/\/exceladvisor.org\/tr\/wp-json\/wp\/v2\/media?parent=1528"}],"curies":[{"name":"wp","href":"https:\/\/api.w.org\/{rel}","templated":true}]}}